{"id":25705,"date":"2021-08-03T11:17:00","date_gmt":"2021-08-03T09:17:00","guid":{"rendered":"https:\/\/www.versiegelung24.com\/%d1%87%d1%80%d0%b5%d0%b7-versiegelung24-com"},"modified":"2025-03-26T22:57:31","modified_gmt":"2025-03-26T21:57:31","slug":"%d1%87%d1%80%d0%b5%d0%b7-versiegelung24-com","status":"publish","type":"page","link":"https:\/\/www.versiegelung24.com\/bg\/%d1%87%d1%80%d0%b5%d0%b7-versiegelung24-com\/","title":{"rendered":"\u0427\u0440\u0435\u0437 versiegelung24.com"},"content":{"rendered":"\n<p>Gegr\u00fcndet wurde das Unternehmen bereits 1993 in Hennef vor den Toren von K\u00f6ln, seinerzeit noch im Bereich station\u00e4rer Einzelhandel. Im Laufe der Jahre kam der Bereich Gro\u00dfhandel, Betreuung von Dienstleistern und Onlinehandel hinzu.<\/p>\n\n<p>Seit nunmehr 5 Jahren haben wir uns auf den Bereich Fl\u00fcssigglas Technologie, Nanobeschichtung und Oberfl\u00e4chendesinfektion konzentriert und beliefern den gesamten Europ\u00e4ischen Markt mit hochwertigen Produkten \u201eMade in Germany\u201c.<\/p>\n\n<p>\u041d\u0438\u0435 \u043f\u043e\u0434\u0434\u044a\u0440\u0436\u0430\u043c\u0435 \u0442\u044f\u0441\u043d\u043e \u0441\u044a\u0442\u0440\u0443\u0434\u043d\u0438\u0447\u0435\u0441\u0442\u0432\u043e \u0441 \u0432\u043e\u0434\u0435\u0449\u0438 \u043f\u0440\u043e\u0438\u0437\u0432\u043e\u0434\u0438\u0442\u0435\u043b\u0438 \u0438 \u0438\u0437\u0441\u043b\u0435\u0434\u043e\u0432\u0430\u0442\u0435\u043b\u0441\u043a\u0438 \u043b\u0430\u0431\u043e\u0440\u0430\u0442\u043e\u0440\u0438\u0438 \u0438 \u043f\u0440\u0435\u0434\u043b\u0430\u0433\u0430\u043c\u0435 \u043f\u043e\u0434\u0445\u043e\u0434\u044f\u0449 \u0437\u0430 \u043f\u043e\u0447\u0442\u0438 \u0432\u0441\u044f\u043a\u0430 \u043f\u043e\u0432\u044a\u0440\u0445\u043d\u043e\u0441\u0442<br\/>\u0420\u0435\u0448\u0435\u043d\u0438\u0435.<\/p>\n\n<div class=\"wp-block-columns is-layout-flex wp-container-core-columns-is-layout-9d6595d7 wp-block-columns-is-layout-flex\">\n<div class=\"wp-block-column is-layout-flow wp-block-column-is-layout-flow\">\n<div class=\"wp-block-getwid-icon-box headline-center has-text-center\"><div class=\"wp-block-getwid-icon-box__icon-container is-position-top\"><a href=\"https:\/\/www.versiegelung24.com\/bg\/%D1%81%D1%8A%D0%B2%D0%B5%D1%82%D0%B8-%D0%BE%D1%82%D0%BD%D0%BE%D1%81%D0%BD%D0%BE-%D0%BF%D1%80%D0%BE%D0%B4%D1%83%D0%BA%D1%82%D0%B8%D1%82%D0%B5-%D0%BD%D0%B0-versiegelung24\/%D0%B7%D0%B0-%D1%82%D0%B5%D1%85%D0%BD%D0%BE%D0%BB%D0%BE%D0%B3%D0%B8%D1%8F%D1%82%D0%B0-%D0%BD%D0%B0-%D1%82%D0%B5%D1%87%D0%BD%D0%BE-%D1%81%D1%82%D1%8A%D0%BA%D0%BB%D0%BE\/\" class=\"wp-block-getwid-icon-box__icon-wrapper\"><i class=\"fas fa-spinner\"><\/i><\/a><\/div><div class=\"wp-block-getwid-icon-box__content\">\n<h3 class=\"has-text-align-center wp-block-heading\" id=\"h-flussigglas\"><a href=\"https:\/\/www.versiegelung24.com\/bg\/%D1%81%D1%8A%D0%B2%D0%B5%D1%82%D0%B8-%D0%BE%D1%82%D0%BD%D0%BE%D1%81%D0%BD%D0%BE-%D0%BF%D1%80%D0%BE%D0%B4%D1%83%D0%BA%D1%82%D0%B8%D1%82%D0%B5-%D0%BD%D0%B0-versiegelung24\/%D0%B7%D0%B0-%D1%82%D0%B5%D1%85%D0%BD%D0%BE%D0%BB%D0%BE%D0%B3%D0%B8%D1%8F%D1%82%D0%B0-%D0%BD%D0%B0-%D1%82%D0%B5%D1%87%D0%BD%D0%BE-%D1%81%D1%82%D1%8A%D0%BA%D0%BB%D0%BE\/\">\u0422\u0435\u0447\u043d\u043e \u0441\u0442\u044a\u043a\u043b\u043e<\/a><\/h3>\n\n\n\n<p>\u041d\u0430\u0443\u0447\u0435\u0442\u0435 \u043f\u043e\u0432\u0435\u0447\u0435!<\/p>\n<\/div><\/div>\n<\/div>\n\n\n\n<div class=\"wp-block-column is-layout-flow wp-block-column-is-layout-flow\">\n<div class=\"wp-block-getwid-icon-box headline-center has-text-center\"><div class=\"wp-block-getwid-icon-box__icon-container is-position-top\"><a href=\"https:\/\/www.versiegelung24.com\/bg\/%D1%81%D1%8A%D0%B2%D0%B5%D1%82%D0%B8-%D0%BE%D1%82%D0%BD%D0%BE%D1%81%D0%BD%D0%BE-%D0%BF%D1%80%D0%BE%D0%B4%D1%83%D0%BA%D1%82%D0%B8%D1%82%D0%B5-%D0%BD%D0%B0-versiegelung24\/%D0%BA%D0%BE%D0%B8-%D0%BF%D0%BE%D0%B2%D1%8A%D1%80%D1%85%D0%BD%D0%BE%D1%81%D1%82%D0%B8-%D1%81%D0%B0-%D0%BF%D0%BE%D0%B4%D1%85%D0%BE%D0%B4%D1%8F%D1%89%D0%B8\/\" class=\"wp-block-getwid-icon-box__icon-wrapper\"><i class=\"fas fa-water\"><\/i><\/a><\/div><div class=\"wp-block-getwid-icon-box__content\">\n<h3 class=\"has-text-align-center wp-block-heading\" id=\"h-oberfl-chen\"><a href=\"https:\/\/www.versiegelung24.com\/bg\/%D1%81%D1%8A%D0%B2%D0%B5%D1%82%D0%B8-%D0%BE%D1%82%D0%BD%D0%BE%D1%81%D0%BD%D0%BE-%D0%BF%D1%80%D0%BE%D0%B4%D1%83%D0%BA%D1%82%D0%B8%D1%82%D0%B5-%D0%BD%D0%B0-versiegelung24\/%D0%BA%D0%BE%D0%B8-%D0%BF%D0%BE%D0%B2%D1%8A%D1%80%D1%85%D0%BD%D0%BE%D1%81%D1%82%D0%B8-%D1%81%D0%B0-%D0%BF%D0%BE%D0%B4%D1%85%D0%BE%D0%B4%D1%8F%D1%89%D0%B8\/\">\u043f\u043e\u0432\u044a\u0440\u0445\u043d\u043e\u0441\u0442\u0438<\/a><\/h3>\n\n\n\n<p>\u041a\u0430\u043a\u0432\u043e \u043c\u043e\u0433\u0430 \u0434\u0430 \u0437\u0430\u043f\u0435\u0447\u0430\u0442\u0430\u043c?<\/p>\n<\/div><\/div>\n<\/div>\n\n\n\n<div class=\"wp-block-column is-layout-flow wp-block-column-is-layout-flow\">\n<div class=\"wp-block-getwid-icon-box headline-center has-text-center\"><div class=\"wp-block-getwid-icon-box__icon-container is-position-top\"><a href=\"https:\/\/www.versiegelung24.com\/bg\/%d1%81%d1%8a%d0%b2%d0%b5%d1%82%d0%b8-%d0%be%d1%82%d0%bd%d0%be%d1%81%d0%bd%d0%be-%d0%bf%d1%80%d0%be%d0%b4%d1%83%d0%ba%d1%82%d0%b8%d1%82%d0%b5-%d0%bd%d0%b0-versiegelung24\/%d0%bf%d1%80%d0%b8%d0%bb%d0%b0%d0%b3%d0%b0%d0%bd%d0%b5-%d0%bd%d0%b0-%d1%82%d0%b5%d1%87%d0%bd%d0%be-%d1%81%d1%82%d1%8a%d0%ba%d0%bb%d0%be\/\" class=\"wp-block-getwid-icon-box__icon-wrapper\"><i class=\"fas fa-swatchbook\"><\/i><\/a><\/div><div class=\"wp-block-getwid-icon-box__content\">\n<h3 class=\"has-text-align-center wp-block-heading\" id=\"h-anwendung\"><a href=\"https:\/\/www.versiegelung24.com\/bg\/%d1%81%d1%8a%d0%b2%d0%b5%d1%82%d0%b8-%d0%be%d1%82%d0%bd%d0%be%d1%81%d0%bd%d0%be-%d0%bf%d1%80%d0%be%d0%b4%d1%83%d0%ba%d1%82%d0%b8%d1%82%d0%b5-%d0%bd%d0%b0-versiegelung24\/%d0%bf%d1%80%d0%b8%d0%bb%d0%b0%d0%b3%d0%b0%d0%bd%d0%b5-%d0%bd%d0%b0-%d1%82%d0%b5%d1%87%d0%bd%d0%be-%d1%81%d1%82%d1%8a%d0%ba%d0%bb%d0%be\/\">\u0438\u0437\u043f\u043e\u043b\u0437\u0432\u0430\u0439\u0442\u0435<\/a><\/h3>\n\n\n\n<p>\u041d\u0430\u043f\u0440\u0430\u0432\u0438 \u0433\u043e \u0441\u0430\u043c<\/p>\n<\/div><\/div>\n<\/div>\n\n\n\n<div class=\"wp-block-column headline-center is-layout-flow wp-block-column-is-layout-flow\">\n<div class=\"wp-block-getwid-icon-box has-text-center\"><div class=\"wp-block-getwid-icon-box__icon-container is-position-top\"><a href=\"https:\/\/www.versiegelung24.com\/bg\/%D1%81%D1%8A%D0%B2%D0%B5%D1%82%D0%B8-%D0%BE%D1%82%D0%BD%D0%BE%D1%81%D0%BD%D0%BE-%D0%BF%D1%80%D0%BE%D0%B4%D1%83%D0%BA%D1%82%D0%B8%D1%82%D0%B5-%D0%BD%D0%B0-versiegelung24\/%D0%B8%D0%BD%D1%82%D0%B5%D1%80%D0%B5%D1%81%D0%BD%D0%B8-%D1%84%D0%B0%D0%BA%D1%82%D0%B8-%D0%BE%D1%82-%D0%BE%D0%B1%D0%BB%D0%B0%D1%81%D1%82%D1%82%D0%B0-%D0%BD%D0%B0-%D0%B7%D0%B0%D0%BF%D0%B5%D1%87%D0%B0\/\" class=\"wp-block-getwid-icon-box__icon-wrapper\"><i class=\"fas fa-check\"><\/i><\/a><\/div><div class=\"wp-block-getwid-icon-box__content\">\n<h3 class=\"has-text-align-center wp-block-heading\" id=\"h-ihr-ergebnis\"><a href=\"https:\/\/www.versiegelung24.com\/bg\/%D1%81%D1%8A%D0%B2%D0%B5%D1%82%D0%B8-%D0%BE%D1%82%D0%BD%D0%BE%D1%81%D0%BD%D0%BE-%D0%BF%D1%80%D0%BE%D0%B4%D1%83%D0%BA%D1%82%D0%B8%D1%82%D0%B5-%D0%BD%D0%B0-versiegelung24\/%D0%B8%D0%BD%D1%82%D0%B5%D1%80%D0%B5%D1%81%D0%BD%D0%B8-%D1%84%D0%B0%D0%BA%D1%82%D0%B8-%D0%BE%D1%82-%D0%BE%D0%B1%D0%BB%D0%B0%D1%81%D1%82%D1%82%D0%B0-%D0%BD%D0%B0-%D0%B7%D0%B0%D0%BF%D0%B5%D1%87%D0%B0\/\">\u0412\u0430\u0448\u0438\u044f\u0442 \u0440\u0435\u0437\u0443\u043b\u0442\u0430\u0442<\/a><\/h3>\n\n\n\n<p>\u0420\u0435\u0437\u0443\u043b\u0442\u0430\u0442\u0438\u0442\u0435<\/p>\n<\/div><\/div>\n<\/div>\n<\/div>\n\n<p><\/p>\n","protected":false},"excerpt":{"rendered":"<p>Gegr\u00fcndet wurde das Unternehmen bereits 1993 in Hennef vor den Toren von K\u00f6ln, seinerzeit noch im Bereich station\u00e4rer Einzelhandel. Im Laufe der Jahre kam der Bereich Gro\u00dfhandel, Betreuung von Dienstleistern und Onlinehandel hinzu. Seit nunmehr 5 Jahren haben wir uns auf den Bereich Fl\u00fcssigglas Technologie, Nanobeschichtung und Oberfl\u00e4chendesinfektion konzentriert und beliefern den gesamten Europ\u00e4ischen Markt&hellip;&nbsp;<a href=\"https:\/\/www.versiegelung24.com\/bg\/%d1%87%d1%80%d0%b5%d0%b7-versiegelung24-com\/\" rel=\"bookmark\">Read More &raquo;<span class=\"screen-reader-text\">\u0427\u0440\u0435\u0437 versiegelung24.com<\/span><\/a><\/p>\n","protected":false},"author":932,"featured_media":70924,"parent":0,"menu_order":8,"comment_status":"closed","ping_status":"closed","template":"","meta":{"_acf_changed":false,"neve_meta_sidebar":"","neve_meta_container":"","neve_meta_enable_content_width":"","neve_meta_content_width":0,"neve_meta_title_alignment":"","neve_meta_author_avatar":"","neve_post_elements_order":"","neve_meta_disable_header":"","neve_meta_disable_footer":"","neve_meta_disable_title":"","neve_meta_reading_time":"","footnotes":""},"categories":[],"seiten_kategorie":[],"class_list":["post-25705","page","type-page","status-publish","has-post-thumbnail","hentry"],"acf":[],"yoast_head":"<!-- This site is optimized with the Yoast SEO Premium plugin v22.8 (Yoast SEO v27.5) - https:\/\/yoast.com\/product\/yoast-seo-premium-wordpress\/ -->\n<title>\u0427\u0440\u0435\u0437 versiegelung24.com - versiegelung24.com<\/title>\n<meta name=\"robots\" content=\"index, follow, max-snippet:-1, max-image-preview:large, max-video-preview:-1\" \/>\n<link rel=\"canonical\" href=\"https:\/\/www.versiegelung24.com\/bg\/%d1%87%d1%80%d0%b5%d0%b7-versiegelung24-com\/\" \/>\n<meta property=\"og:locale\" content=\"bg_BG\" \/>\n<meta property=\"og:type\" content=\"article\" \/>\n<meta property=\"og:title\" content=\"\u0427\u0440\u0435\u0437 versiegelung24.com\" \/>\n<meta property=\"og:description\" content=\"Gegr\u00fcndet wurde das Unternehmen bereits 1993 in Hennef vor den Toren von K\u00f6ln, seinerzeit noch im Bereich station\u00e4rer Einzelhandel. Im Laufe der Jahre kam der Bereich Gro\u00dfhandel, Betreuung von Dienstleistern und Onlinehandel hinzu. Seit nunmehr 5 Jahren haben wir uns auf den Bereich Fl\u00fcssigglas Technologie, Nanobeschichtung und Oberfl\u00e4chendesinfektion konzentriert und beliefern den gesamten Europ\u00e4ischen Markt&hellip;&nbsp;Read More &raquo;\u0427\u0440\u0435\u0437 versiegelung24.com\" \/>\n<meta property=\"og:url\" content=\"https:\/\/www.versiegelung24.com\/bg\/%d1%87%d1%80%d0%b5%d0%b7-versiegelung24-com\/\" \/>\n<meta property=\"og:site_name\" content=\"versiegelung24.com\" \/>\n<meta property=\"article:modified_time\" content=\"2025-03-26T21:57:31+00:00\" \/>\n<meta property=\"og:image\" content=\"https:\/\/www.versiegelung24.com\/wp-content\/uploads\/2022\/02\/About-Us.png\" \/>\n\t<meta property=\"og:image:width\" content=\"2000\" \/>\n\t<meta property=\"og:image:height\" content=\"2000\" \/>\n\t<meta property=\"og:image:type\" content=\"image\/png\" \/>\n<meta name=\"twitter:card\" content=\"summary_large_image\" \/>\n<script type=\"application\/ld+json\" class=\"yoast-schema-graph\">{\"@context\":\"https:\\\/\\\/schema.org\",\"@graph\":[{\"@type\":\"WebPage\",\"@id\":\"https:\\\/\\\/www.versiegelung24.com\\\/bg\\\/%d1%87%d1%80%d0%b5%d0%b7-versiegelung24-com\\\/\",\"url\":\"https:\\\/\\\/www.versiegelung24.com\\\/bg\\\/%d1%87%d1%80%d0%b5%d0%b7-versiegelung24-com\\\/\",\"name\":\"\u0427\u0440\u0435\u0437 versiegelung24.com - versiegelung24.com\",\"isPartOf\":{\"@id\":\"https:\\\/\\\/www.versiegelung24.com\\\/bg\\\/#website\"},\"primaryImageOfPage\":{\"@id\":\"https:\\\/\\\/www.versiegelung24.com\\\/bg\\\/%d1%87%d1%80%d0%b5%d0%b7-versiegelung24-com\\\/#primaryimage\"},\"image\":{\"@id\":\"https:\\\/\\\/www.versiegelung24.com\\\/bg\\\/%d1%87%d1%80%d0%b5%d0%b7-versiegelung24-com\\\/#primaryimage\"},\"thumbnailUrl\":\"https:\\\/\\\/www.versiegelung24.com\\\/wp-content\\\/uploads\\\/2022\\\/02\\\/About-Us.png\",\"datePublished\":\"2021-08-03T09:17:00+00:00\",\"dateModified\":\"2025-03-26T21:57:31+00:00\",\"breadcrumb\":{\"@id\":\"https:\\\/\\\/www.versiegelung24.com\\\/bg\\\/%d1%87%d1%80%d0%b5%d0%b7-versiegelung24-com\\\/#breadcrumb\"},\"inLanguage\":\"bg-BG\",\"potentialAction\":[{\"@type\":\"ReadAction\",\"target\":[\"https:\\\/\\\/www.versiegelung24.com\\\/bg\\\/%d1%87%d1%80%d0%b5%d0%b7-versiegelung24-com\\\/\"]}]},{\"@type\":\"ImageObject\",\"inLanguage\":\"bg-BG\",\"@id\":\"https:\\\/\\\/www.versiegelung24.com\\\/bg\\\/%d1%87%d1%80%d0%b5%d0%b7-versiegelung24-com\\\/#primaryimage\",\"url\":\"https:\\\/\\\/www.versiegelung24.com\\\/wp-content\\\/uploads\\\/2022\\\/02\\\/About-Us.png\",\"contentUrl\":\"https:\\\/\\\/www.versiegelung24.com\\\/wp-content\\\/uploads\\\/2022\\\/02\\\/About-Us.png\",\"width\":2000,\"height\":2000},{\"@type\":\"BreadcrumbList\",\"@id\":\"https:\\\/\\\/www.versiegelung24.com\\\/bg\\\/%d1%87%d1%80%d0%b5%d0%b7-versiegelung24-com\\\/#breadcrumb\",\"itemListElement\":[{\"@type\":\"ListItem\",\"position\":1,\"name\":\"\u041d\u0430\u0447\u0430\u043b\u043d\u0430 \u0441\u0442\u0440\u0430\u043d\u0438\u0446\u0430\",\"item\":\"https:\\\/\\\/www.versiegelung24.com\\\/bg\\\/priedien\\\/\"},{\"@type\":\"ListItem\",\"position\":2,\"name\":\"\u0427\u0440\u0435\u0437 versiegelung24.com\"}]},{\"@type\":\"WebSite\",\"@id\":\"https:\\\/\\\/www.versiegelung24.com\\\/bg\\\/#website\",\"url\":\"https:\\\/\\\/www.versiegelung24.com\\\/bg\\\/\",\"name\":\"versiegelung24.com\",\"description\":\"Fl\u00fcssigglas-Versiegelung - Made in Germany\",\"publisher\":{\"@id\":\"https:\\\/\\\/www.versiegelung24.com\\\/bg\\\/#organization\"},\"potentialAction\":[{\"@type\":\"SearchAction\",\"target\":{\"@type\":\"EntryPoint\",\"urlTemplate\":\"https:\\\/\\\/www.versiegelung24.com\\\/bg\\\/?s={search_term_string}\"},\"query-input\":{\"@type\":\"PropertyValueSpecification\",\"valueRequired\":true,\"valueName\":\"search_term_string\"}}],\"inLanguage\":\"bg-BG\"},{\"@type\":\"Organization\",\"@id\":\"https:\\\/\\\/www.versiegelung24.com\\\/bg\\\/#organization\",\"name\":\"versiegelung24\",\"url\":\"https:\\\/\\\/www.versiegelung24.com\\\/bg\\\/\",\"logo\":{\"@type\":\"ImageObject\",\"inLanguage\":\"bg-BG\",\"@id\":\"https:\\\/\\\/www.versiegelung24.com\\\/bg\\\/#\\\/schema\\\/logo\\\/image\\\/\",\"url\":\"https:\\\/\\\/www.versiegelung24.com\\\/wp-content\\\/uploads\\\/2020\\\/04\\\/versiegelung24.png\",\"contentUrl\":\"https:\\\/\\\/www.versiegelung24.com\\\/wp-content\\\/uploads\\\/2020\\\/04\\\/versiegelung24.png\",\"width\":470,\"height\":102,\"caption\":\"versiegelung24\"},\"image\":{\"@id\":\"https:\\\/\\\/www.versiegelung24.com\\\/bg\\\/#\\\/schema\\\/logo\\\/image\\\/\"}}]}<\/script>\n<!-- \/ Yoast SEO Premium plugin. -->","yoast_head_json":{"title":"\u0427\u0440\u0435\u0437 versiegelung24.com - versiegelung24.com","robots":{"index":"index","follow":"follow","max-snippet":"max-snippet:-1","max-image-preview":"max-image-preview:large","max-video-preview":"max-video-preview:-1"},"canonical":"https:\/\/www.versiegelung24.com\/bg\/%d1%87%d1%80%d0%b5%d0%b7-versiegelung24-com\/","og_locale":"bg_BG","og_type":"article","og_title":"\u0427\u0440\u0435\u0437 versiegelung24.com","og_description":"Gegr\u00fcndet wurde das Unternehmen bereits 1993 in Hennef vor den Toren von K\u00f6ln, seinerzeit noch im Bereich station\u00e4rer Einzelhandel. Im Laufe der Jahre kam der Bereich Gro\u00dfhandel, Betreuung von Dienstleistern und Onlinehandel hinzu. Seit nunmehr 5 Jahren haben wir uns auf den Bereich Fl\u00fcssigglas Technologie, Nanobeschichtung und Oberfl\u00e4chendesinfektion konzentriert und beliefern den gesamten Europ\u00e4ischen Markt&hellip;&nbsp;Read More &raquo;\u0427\u0440\u0435\u0437 versiegelung24.com","og_url":"https:\/\/www.versiegelung24.com\/bg\/%d1%87%d1%80%d0%b5%d0%b7-versiegelung24-com\/","og_site_name":"versiegelung24.com","article_modified_time":"2025-03-26T21:57:31+00:00","og_image":[{"width":2000,"height":2000,"url":"https:\/\/www.versiegelung24.com\/wp-content\/uploads\/2022\/02\/About-Us.png","type":"image\/png"}],"twitter_card":"summary_large_image","schema":{"@context":"https:\/\/schema.org","@graph":[{"@type":"WebPage","@id":"https:\/\/www.versiegelung24.com\/bg\/%d1%87%d1%80%d0%b5%d0%b7-versiegelung24-com\/","url":"https:\/\/www.versiegelung24.com\/bg\/%d1%87%d1%80%d0%b5%d0%b7-versiegelung24-com\/","name":"\u0427\u0440\u0435\u0437 versiegelung24.com - versiegelung24.com","isPartOf":{"@id":"https:\/\/www.versiegelung24.com\/bg\/#website"},"primaryImageOfPage":{"@id":"https:\/\/www.versiegelung24.com\/bg\/%d1%87%d1%80%d0%b5%d0%b7-versiegelung24-com\/#primaryimage"},"image":{"@id":"https:\/\/www.versiegelung24.com\/bg\/%d1%87%d1%80%d0%b5%d0%b7-versiegelung24-com\/#primaryimage"},"thumbnailUrl":"https:\/\/www.versiegelung24.com\/wp-content\/uploads\/2022\/02\/About-Us.png","datePublished":"2021-08-03T09:17:00+00:00","dateModified":"2025-03-26T21:57:31+00:00","breadcrumb":{"@id":"https:\/\/www.versiegelung24.com\/bg\/%d1%87%d1%80%d0%b5%d0%b7-versiegelung24-com\/#breadcrumb"},"inLanguage":"bg-BG","potentialAction":[{"@type":"ReadAction","target":["https:\/\/www.versiegelung24.com\/bg\/%d1%87%d1%80%d0%b5%d0%b7-versiegelung24-com\/"]}]},{"@type":"ImageObject","inLanguage":"bg-BG","@id":"https:\/\/www.versiegelung24.com\/bg\/%d1%87%d1%80%d0%b5%d0%b7-versiegelung24-com\/#primaryimage","url":"https:\/\/www.versiegelung24.com\/wp-content\/uploads\/2022\/02\/About-Us.png","contentUrl":"https:\/\/www.versiegelung24.com\/wp-content\/uploads\/2022\/02\/About-Us.png","width":2000,"height":2000},{"@type":"BreadcrumbList","@id":"https:\/\/www.versiegelung24.com\/bg\/%d1%87%d1%80%d0%b5%d0%b7-versiegelung24-com\/#breadcrumb","itemListElement":[{"@type":"ListItem","position":1,"name":"\u041d\u0430\u0447\u0430\u043b\u043d\u0430 \u0441\u0442\u0440\u0430\u043d\u0438\u0446\u0430","item":"https:\/\/www.versiegelung24.com\/bg\/priedien\/"},{"@type":"ListItem","position":2,"name":"\u0427\u0440\u0435\u0437 versiegelung24.com"}]},{"@type":"WebSite","@id":"https:\/\/www.versiegelung24.com\/bg\/#website","url":"https:\/\/www.versiegelung24.com\/bg\/","name":"versiegelung24.com","description":"Fl\u00fcssigglas-Versiegelung - Made in Germany","publisher":{"@id":"https:\/\/www.versiegelung24.com\/bg\/#organization"},"potentialAction":[{"@type":"SearchAction","target":{"@type":"EntryPoint","urlTemplate":"https:\/\/www.versiegelung24.com\/bg\/?s={search_term_string}"},"query-input":{"@type":"PropertyValueSpecification","valueRequired":true,"valueName":"search_term_string"}}],"inLanguage":"bg-BG"},{"@type":"Organization","@id":"https:\/\/www.versiegelung24.com\/bg\/#organization","name":"versiegelung24","url":"https:\/\/www.versiegelung24.com\/bg\/","logo":{"@type":"ImageObject","inLanguage":"bg-BG","@id":"https:\/\/www.versiegelung24.com\/bg\/#\/schema\/logo\/image\/","url":"https:\/\/www.versiegelung24.com\/wp-content\/uploads\/2020\/04\/versiegelung24.png","contentUrl":"https:\/\/www.versiegelung24.com\/wp-content\/uploads\/2020\/04\/versiegelung24.png","width":470,"height":102,"caption":"versiegelung24"},"image":{"@id":"https:\/\/www.versiegelung24.com\/bg\/#\/schema\/logo\/image\/"}}]}},"_links":{"self":[{"href":"https:\/\/www.versiegelung24.com\/bg\/wp-json\/wp\/v2\/pages\/25705","targetHints":{"allow":["GET"]}}],"collection":[{"href":"https:\/\/www.versiegelung24.com\/bg\/wp-json\/wp\/v2\/pages"}],"about":[{"href":"https:\/\/www.versiegelung24.com\/bg\/wp-json\/wp\/v2\/types\/page"}],"author":[{"embeddable":true,"href":"https:\/\/www.versiegelung24.com\/bg\/wp-json\/wp\/v2\/users\/932"}],"replies":[{"embeddable":true,"href":"https:\/\/www.versiegelung24.com\/bg\/wp-json\/wp\/v2\/comments?post=25705"}],"version-history":[{"count":4,"href":"https:\/\/www.versiegelung24.com\/bg\/wp-json\/wp\/v2\/pages\/25705\/revisions"}],"predecessor-version":[{"id":70983,"href":"https:\/\/www.versiegelung24.com\/bg\/wp-json\/wp\/v2\/pages\/25705\/revisions\/70983"}],"wp:featuredmedia":[{"embeddable":true,"href":"https:\/\/www.versiegelung24.com\/bg\/wp-json\/wp\/v2\/media\/70924"}],"wp:attachment":[{"href":"https:\/\/www.versiegelung24.com\/bg\/wp-json\/wp\/v2\/media?parent=25705"}],"wp:term":[{"taxonomy":"category","embeddable":true,"href":"https:\/\/www.versiegelung24.com\/bg\/wp-json\/wp\/v2\/categories?post=25705"},{"taxonomy":"seiten_kategorie","embeddable":true,"href":"https:\/\/www.versiegelung24.com\/bg\/wp-json\/wp\/v2\/seiten_kategorie?post=25705"}],"curies":[{"name":"wp","href":"https:\/\/api.w.org\/{rel}","templated":true}]}}