{"id":25910,"date":"2021-08-03T12:03:31","date_gmt":"2021-08-03T10:03:31","guid":{"rendered":"https:\/\/www.versiegelung24.com\/storno-podminky-a-formular-pro-zruseni"},"modified":"2024-06-25T20:51:16","modified_gmt":"2024-06-25T18:51:16","slug":"storno-podminky","status":"publish","type":"page","link":"https:\/\/www.versiegelung24.com\/cs\/storno-podminky-a-formular-pro-zruseni\/","title":{"rendered":"Storno podm\u00ednky a formul\u00e1\u0159 pro zru\u0161en\u00ed"},"content":{"rendered":"<div class=\"main-container col1-layout\">\n<div class=\"main container\">\n<div class=\"inner-container\">\n<div class=\"col-main\">\n<div class=\"std\">\n<p>Spot\u0159ebitel\u00e9 maj\u00ed pr\u00e1vo na odstoupen\u00ed od smlouvy v souladu s n\u00e1sleduj\u00edc\u00edmi ustanoven\u00edmi, p\u0159i\u010dem\u017e spot\u0159ebitelem je jak\u00e1koli fyzick\u00e1 osoba, kter\u00e1 uzav\u00edr\u00e1 pr\u00e1vn\u00ed transakci za \u00fa\u010delem, kter\u00fd nen\u00ed p\u0159ev\u00e1\u017en\u011b komer\u010dn\u00ed ani samostatn\u011b v\u00fdd\u011ble\u010dn\u011b \u010dinn\u00fd:<\/p>\n<p><strong>A. Storno podm\u00ednky<\/strong><\/p>\n<p><strong>Pr\u00e1vo na odstoupen\u00ed<br \/>\n<\/strong> M\u00e1te pr\u00e1vo odstoupit od t\u00e9to smlouvy do 14 dn\u016f bez ud\u00e1n\u00ed d\u016fvodu.<\/p>\n<p>Lh\u016fta pro odstoupen\u00ed od smlouvy je 14 dn\u016f ode dne, kdy jste vy nebo v\u00e1mi jmenovan\u00e1 t\u0159et\u00ed osoba, kter\u00e1 nen\u00ed p\u0159epravcem, p\u0159evzali posledn\u00ed zbo\u017e\u00ed.<\/p>\n<p>Abyste mohli uplatnit sv\u00e9 pr\u00e1vo na odstoupen\u00ed od smlouvy, mus\u00edte n\u00e1s o sv\u00e9m rozhodnut\u00ed odstoupit od t\u00e9to smlouvy informovat (Holger K\u00e4ding, An den Ellmen 14, 53773 Hennef, tel.: 02242-9695650, e-mail: info@versiegelung24.com) prost\u0159ednictv\u00edm jasn\u00e9ho prohl\u00e1\u0161en\u00ed (nap\u0159. dopisem nebo e-mailem zaslan\u00fdm po\u0161tou). K tomuto \u00fa\u010delu m\u016f\u017eete pou\u017e\u00edt p\u0159ilo\u017een\u00fd vzorov\u00fd formul\u00e1\u0159 pro odstoupen\u00ed, ale nen\u00ed to povinn\u00e9.<\/p>\n<p>Aby byla dodr\u017eena lh\u016fta pro zru\u0161en\u00ed, sta\u010d\u00ed, kdy\u017e ode\u0161lete ozn\u00e1men\u00ed o uplatn\u011bn\u00ed sv\u00e9ho pr\u00e1va na zru\u0161en\u00ed p\u0159ed uplynut\u00edm lh\u016fty pro zru\u0161en\u00ed.<\/p>\n<p><strong><br \/>\nD\u016fsledky odstoupen\u00ed od<\/strong>smlouvy Pokud od t\u00e9to smlouvy odstoup\u00edte, vr\u00e1t\u00edme v\u00e1m v\u0161echny platby, kter\u00e9 jsme od v\u00e1s obdr\u017eeli, v\u010detn\u011b n\u00e1klad\u016f na doru\u010den\u00ed (s v\u00fdjimkou dodate\u010dn\u00fdch n\u00e1klad\u016f vypl\u00fdvaj\u00edc\u00edch z va\u0161\u00ed volby jin\u00e9ho typu doru\u010den\u00ed, ne\u017e je nejlevn\u011bj\u0161\u00ed typ standardn\u00edho doru\u010den\u00ed, kter\u00fd nab\u00edz\u00edme), a to bez zbyte\u010dn\u00e9ho odkladu a v ka\u017ed\u00e9m p\u0159\u00edpad\u011b nejpozd\u011bji do 14 dn\u016f ode dne, kdy jsme byli informov\u00e1ni o va\u0161em rozhodnut\u00ed odstoupit od t\u00e9to smlouvy.<strong><\/strong> Pro tuto spl\u00e1tku pou\u017eijeme stejn\u00fd platebn\u00ed prost\u0159edek, jak\u00fd jste pou\u017eili pro p\u016fvodn\u00ed transakci, pokud s v\u00e1mi nebylo v\u00fdslovn\u011b dohodnuto n\u011bco jin\u00e9ho; V \u017e\u00e1dn\u00e9m p\u0159\u00edpad\u011b v\u00e1m za tuto spl\u00e1tku nebudou \u00fa\u010dtov\u00e1ny \u017e\u00e1dn\u00e9 poplatky. M\u016f\u017eeme odm\u00edtnout vr\u00e1cen\u00ed pen\u011bz, dokud neobdr\u017e\u00edme zbo\u017e\u00ed zp\u011bt nebo dokud nep\u0159edlo\u017e\u00edte d\u016fkaz, \u017ee jste zbo\u017e\u00ed odeslali zp\u011bt, podle toho, co nastane d\u0159\u00edve.<\/p>\n<p>Zbo\u017e\u00ed n\u00e1m mus\u00edte vr\u00e1tit nebo p\u0159edat okam\u017eit\u011b a v ka\u017ed\u00e9m p\u0159\u00edpad\u011b nejpozd\u011bji do \u010dtrn\u00e1cti dn\u016f ode dne, kdy jste n\u00e1s informovali o zru\u0161en\u00ed t\u00e9to smlouvy. Lh\u016fta je dodr\u017eena, pokud ode\u0161lete zbo\u017e\u00ed p\u0159ed uplynut\u00edm \u010dtrn\u00e1cti dn\u016f.<\/p>\n<p>P\u0159\u00edm\u00e9 n\u00e1klady na vr\u00e1cen\u00ed zbo\u017e\u00ed nesete vy.<\/p>\n<p>Za jakoukoli ztr\u00e1tu hodnoty zbo\u017e\u00ed mus\u00edte zaplatit pouze tehdy, je -li tato ztr\u00e1ta hodnoty zp\u016fsobena zach\u00e1zen\u00edm se zbo\u017e\u00edm, kter\u00e9 nen\u00ed nutn\u00e9 ke kontrole povahy, vlastnost\u00ed a funk\u010dnosti zbo\u017e\u00ed.<\/p>\n<p>Vylou\u010den\u00ed nebo p\u0159ed\u010dasn\u00e9 z\u00e1nik pr\u00e1va na odstoupen\u00ed<\/p>\n<p>Pr\u00e1vo na odstoupen\u00ed zanik\u00e1 p\u0159ed\u010dasn\u011b v p\u0159\u00edpad\u011b smluv o dod\u00e1vce zvukov\u00fdch nebo obrazov\u00fdch z\u00e1znam\u016f nebo po\u010d\u00edta\u010dov\u00e9ho softwaru v zape\u010det\u011bn\u00e9m obalu, pokud byla pe\u010de\u0165 po dod\u00e1n\u00ed odstran\u011bna.<\/p>\n<p><strong>B. Formul\u00e1\u0159 pro v\u00fdb\u011br<\/strong><\/p>\n<p>Pokud chcete zru\u0161it smlouvu, vypl\u0148te pros\u00edm tento formul\u00e1\u0159 a ode\u0161lete jej zp\u011bt.<\/p>\n<p>Na<\/p>\n<p>samstore.de<\/p>\n<p>Holger K\u00e4ding<br \/>\nNa Ellmen 14<br \/>\n53773 Hennef<br \/>\nN\u011bmecko<br \/>\nE -mail: info@versiegelung24.com<\/p>\n<p>J\u00e1 \/ my (*) t\u00edmto ru\u0161\u00edme mnou \/ n\u00e1mi (*) uzav\u0159enou smlouvu na n\u00e1kup n\u00e1sleduj\u00edc\u00edho zbo\u017e\u00ed (*) \/ poskytnut\u00ed n\u00e1sleduj\u00edc\u00ed slu\u017eby (*)<\/p>\n<p>_______________________________________________________<\/p>\n<p>_______________________________________________________<\/p>\n<p>Objedn\u00e1no dne (*) ____________ \/ p\u0159ijato dne (*) __________________<\/p>\n<p>________________________________________________________<\/p>\n<p>Jm\u00e9no spot\u0159ebitele<\/p>\n<p>________________________________________________________<\/p>\n<p>Adresa spot\u0159ebitele<\/p>\n<p>________________________________________________________<\/p>\n<p>Podpis spot\u0159ebitele (spot\u0159ebitel\u016f) (pouze pokud je to sd\u011bleno na pap\u00ed\u0159e)<\/p>\n<p>_________________________<\/p>\n<p>datum<\/p>\n<p>(*) Smazat, pokud nen\u00ed pou\u017eiteln\u00e9<\/p>\n<\/div>\n<\/div>\n<div class=\"postscript\"><\/div>\n<\/div>\n<\/div>\n<div class=\"main-bottom-container\"><\/div>\n<\/div>\n<div class=\"footer-container\">\n<div class=\"footer-container2\">\n<div class=\"footer-container3\">\n<div class=\"footer-primary-container section-container\">\n<div class=\"footer-primary footer container\">\n<div class=\"inner-container\">\n<div class=\"clearer\">\n<div class=\"grid12-3\">\n<div class=\"std\">\n<div class=\"collapsible mobile-collapsible\"><\/div>\n<\/div>\n<\/div>\n<\/div>\n<\/div>\n<\/div>\n<\/div>\n<\/div>\n<\/div>\n<\/div>\n","protected":false},"excerpt":{"rendered":"<p>Spot\u0159ebitel\u00e9 maj\u00ed pr\u00e1vo na odstoupen\u00ed od smlouvy v souladu s n\u00e1sleduj\u00edc\u00edmi ustanoven\u00edmi, p\u0159i\u010dem\u017e spot\u0159ebitelem je jak\u00e1koli fyzick\u00e1 osoba, kter\u00e1 uzav\u00edr\u00e1 pr\u00e1vn\u00ed transakci za \u00fa\u010delem, kter\u00fd nen\u00ed p\u0159ev\u00e1\u017en\u011b komer\u010dn\u00ed ani samostatn\u011b v\u00fdd\u011ble\u010dn\u011b \u010dinn\u00fd: A. Storno podm\u00ednky Pr\u00e1vo na odstoupen\u00ed M\u00e1te pr\u00e1vo odstoupit od t\u00e9to smlouvy do 14 dn\u016f bez ud\u00e1n\u00ed d\u016fvodu. Lh\u016fta pro odstoupen\u00ed od smlouvy&hellip;&nbsp;<a href=\"https:\/\/www.versiegelung24.com\/cs\/storno-podminky-a-formular-pro-zruseni\/\" rel=\"bookmark\">Read More &raquo;<span class=\"screen-reader-text\">Storno podm\u00ednky a formul\u00e1\u0159 pro zru\u0161en\u00ed<\/span><\/a><\/p>\n","protected":false},"author":932,"featured_media":71017,"parent":0,"menu_order":0,"comment_status":"closed","ping_status":"closed","template":"","meta":{"_acf_changed":false,"neve_meta_sidebar":"","neve_meta_container":"","neve_meta_enable_content_width":"","neve_meta_content_width":0,"neve_meta_title_alignment":"","neve_meta_author_avatar":"","neve_post_elements_order":"","neve_meta_disable_header":"","neve_meta_disable_footer":"","neve_meta_disable_title":"","neve_meta_reading_time":"","footnotes":""},"categories":[],"seiten_kategorie":[],"class_list":["post-25910","page","type-page","status-publish","has-post-thumbnail","hentry"],"acf":[],"yoast_head":"<!-- This site is optimized with the Yoast SEO Premium plugin v22.8 (Yoast SEO v27.5) - https:\/\/yoast.com\/product\/yoast-seo-premium-wordpress\/ -->\n<title>Storno podm\u00ednky a formul\u00e1\u0159 pro zru\u0161en\u00ed - versiegelung24.com<\/title>\n<meta name=\"robots\" content=\"index, follow, max-snippet:-1, max-image-preview:large, max-video-preview:-1\" \/>\n<link rel=\"canonical\" href=\"https:\/\/www.versiegelung24.com\/cs\/storno-podminky-a-formular-pro-zruseni\/\" \/>\n<meta property=\"og:locale\" content=\"cs_CZ\" \/>\n<meta property=\"og:type\" content=\"article\" \/>\n<meta property=\"og:title\" content=\"Storno podm\u00ednky a formul\u00e1\u0159 pro zru\u0161en\u00ed\" \/>\n<meta property=\"og:description\" content=\"Spot\u0159ebitel\u00e9 maj\u00ed pr\u00e1vo na odstoupen\u00ed od smlouvy v souladu s n\u00e1sleduj\u00edc\u00edmi ustanoven\u00edmi, p\u0159i\u010dem\u017e spot\u0159ebitelem je jak\u00e1koli fyzick\u00e1 osoba, kter\u00e1 uzav\u00edr\u00e1 pr\u00e1vn\u00ed transakci za \u00fa\u010delem, kter\u00fd nen\u00ed p\u0159ev\u00e1\u017en\u011b komer\u010dn\u00ed ani samostatn\u011b v\u00fdd\u011ble\u010dn\u011b \u010dinn\u00fd: A. Storno podm\u00ednky Pr\u00e1vo na odstoupen\u00ed M\u00e1te pr\u00e1vo odstoupit od t\u00e9to smlouvy do 14 dn\u016f bez ud\u00e1n\u00ed d\u016fvodu. Lh\u016fta pro odstoupen\u00ed od smlouvy&hellip;&nbsp;Read More &raquo;Storno podm\u00ednky a formul\u00e1\u0159 pro zru\u0161en\u00ed\" \/>\n<meta property=\"og:url\" content=\"https:\/\/www.versiegelung24.com\/cs\/storno-podminky-a-formular-pro-zruseni\/\" \/>\n<meta property=\"og:site_name\" content=\"versiegelung24.com\" \/>\n<meta property=\"article:modified_time\" content=\"2024-06-25T18:51:16+00:00\" \/>\n<meta property=\"og:image\" content=\"https:\/\/www.versiegelung24.com\/wp-content\/uploads\/2022\/02\/Widerruf.png\" \/>\n\t<meta property=\"og:image:width\" content=\"2000\" \/>\n\t<meta property=\"og:image:height\" content=\"2000\" \/>\n\t<meta property=\"og:image:type\" content=\"image\/png\" \/>\n<meta name=\"twitter:card\" content=\"summary_large_image\" \/>\n<meta name=\"twitter:label1\" content=\"Odhadovan\u00e1 doba \u010dten\u00ed\" \/>\n\t<meta name=\"twitter:data1\" content=\"3 minuty\" \/>\n<script type=\"application\/ld+json\" class=\"yoast-schema-graph\">{\"@context\":\"https:\\\/\\\/schema.org\",\"@graph\":[{\"@type\":\"WebPage\",\"@id\":\"https:\\\/\\\/www.versiegelung24.com\\\/cs\\\/storno-podminky-a-formular-pro-zruseni\\\/\",\"url\":\"https:\\\/\\\/www.versiegelung24.com\\\/cs\\\/storno-podminky-a-formular-pro-zruseni\\\/\",\"name\":\"Storno podm\u00ednky a formul\u00e1\u0159 pro zru\u0161en\u00ed - versiegelung24.com\",\"isPartOf\":{\"@id\":\"https:\\\/\\\/www.versiegelung24.com\\\/cs\\\/#website\"},\"primaryImageOfPage\":{\"@id\":\"https:\\\/\\\/www.versiegelung24.com\\\/cs\\\/storno-podminky-a-formular-pro-zruseni\\\/#primaryimage\"},\"image\":{\"@id\":\"https:\\\/\\\/www.versiegelung24.com\\\/cs\\\/storno-podminky-a-formular-pro-zruseni\\\/#primaryimage\"},\"thumbnailUrl\":\"https:\\\/\\\/www.versiegelung24.com\\\/wp-content\\\/uploads\\\/2022\\\/02\\\/Widerruf.png\",\"datePublished\":\"2021-08-03T10:03:31+00:00\",\"dateModified\":\"2024-06-25T18:51:16+00:00\",\"breadcrumb\":{\"@id\":\"https:\\\/\\\/www.versiegelung24.com\\\/cs\\\/storno-podminky-a-formular-pro-zruseni\\\/#breadcrumb\"},\"inLanguage\":\"cs\",\"potentialAction\":[{\"@type\":\"ReadAction\",\"target\":[\"https:\\\/\\\/www.versiegelung24.com\\\/cs\\\/storno-podminky-a-formular-pro-zruseni\\\/\"]}]},{\"@type\":\"ImageObject\",\"inLanguage\":\"cs\",\"@id\":\"https:\\\/\\\/www.versiegelung24.com\\\/cs\\\/storno-podminky-a-formular-pro-zruseni\\\/#primaryimage\",\"url\":\"https:\\\/\\\/www.versiegelung24.com\\\/wp-content\\\/uploads\\\/2022\\\/02\\\/Widerruf.png\",\"contentUrl\":\"https:\\\/\\\/www.versiegelung24.com\\\/wp-content\\\/uploads\\\/2022\\\/02\\\/Widerruf.png\",\"width\":2000,\"height\":2000},{\"@type\":\"BreadcrumbList\",\"@id\":\"https:\\\/\\\/www.versiegelung24.com\\\/cs\\\/storno-podminky-a-formular-pro-zruseni\\\/#breadcrumb\",\"itemListElement\":[{\"@type\":\"ListItem\",\"position\":1,\"name\":\"Domovsk\u00e1 str\u00e1nka\",\"item\":\"https:\\\/\\\/www.versiegelung24.com\\\/cs\\\/predni\\\/\"},{\"@type\":\"ListItem\",\"position\":2,\"name\":\"Storno podm\u00ednky a formul\u00e1\u0159 pro zru\u0161en\u00ed\"}]},{\"@type\":\"WebSite\",\"@id\":\"https:\\\/\\\/www.versiegelung24.com\\\/cs\\\/#website\",\"url\":\"https:\\\/\\\/www.versiegelung24.com\\\/cs\\\/\",\"name\":\"versiegelung24.com\",\"description\":\"Fl\u00fcssigglas-Versiegelung - Made in Germany\",\"publisher\":{\"@id\":\"https:\\\/\\\/www.versiegelung24.com\\\/cs\\\/#organization\"},\"potentialAction\":[{\"@type\":\"SearchAction\",\"target\":{\"@type\":\"EntryPoint\",\"urlTemplate\":\"https:\\\/\\\/www.versiegelung24.com\\\/cs\\\/?s={search_term_string}\"},\"query-input\":{\"@type\":\"PropertyValueSpecification\",\"valueRequired\":true,\"valueName\":\"search_term_string\"}}],\"inLanguage\":\"cs\"},{\"@type\":\"Organization\",\"@id\":\"https:\\\/\\\/www.versiegelung24.com\\\/cs\\\/#organization\",\"name\":\"versiegelung24\",\"url\":\"https:\\\/\\\/www.versiegelung24.com\\\/cs\\\/\",\"logo\":{\"@type\":\"ImageObject\",\"inLanguage\":\"cs\",\"@id\":\"https:\\\/\\\/www.versiegelung24.com\\\/cs\\\/#\\\/schema\\\/logo\\\/image\\\/\",\"url\":\"https:\\\/\\\/www.versiegelung24.com\\\/wp-content\\\/uploads\\\/2020\\\/04\\\/versiegelung24.png\",\"contentUrl\":\"https:\\\/\\\/www.versiegelung24.com\\\/wp-content\\\/uploads\\\/2020\\\/04\\\/versiegelung24.png\",\"width\":470,\"height\":102,\"caption\":\"versiegelung24\"},\"image\":{\"@id\":\"https:\\\/\\\/www.versiegelung24.com\\\/cs\\\/#\\\/schema\\\/logo\\\/image\\\/\"}}]}<\/script>\n<!-- \/ Yoast SEO Premium plugin. -->","yoast_head_json":{"title":"Storno podm\u00ednky a formul\u00e1\u0159 pro zru\u0161en\u00ed - versiegelung24.com","robots":{"index":"index","follow":"follow","max-snippet":"max-snippet:-1","max-image-preview":"max-image-preview:large","max-video-preview":"max-video-preview:-1"},"canonical":"https:\/\/www.versiegelung24.com\/cs\/storno-podminky-a-formular-pro-zruseni\/","og_locale":"cs_CZ","og_type":"article","og_title":"Storno podm\u00ednky a formul\u00e1\u0159 pro zru\u0161en\u00ed","og_description":"Spot\u0159ebitel\u00e9 maj\u00ed pr\u00e1vo na odstoupen\u00ed od smlouvy v souladu s n\u00e1sleduj\u00edc\u00edmi ustanoven\u00edmi, p\u0159i\u010dem\u017e spot\u0159ebitelem je jak\u00e1koli fyzick\u00e1 osoba, kter\u00e1 uzav\u00edr\u00e1 pr\u00e1vn\u00ed transakci za \u00fa\u010delem, kter\u00fd nen\u00ed p\u0159ev\u00e1\u017en\u011b komer\u010dn\u00ed ani samostatn\u011b v\u00fdd\u011ble\u010dn\u011b \u010dinn\u00fd: A. Storno podm\u00ednky Pr\u00e1vo na odstoupen\u00ed M\u00e1te pr\u00e1vo odstoupit od t\u00e9to smlouvy do 14 dn\u016f bez ud\u00e1n\u00ed d\u016fvodu. Lh\u016fta pro odstoupen\u00ed od smlouvy&hellip;&nbsp;Read More &raquo;Storno podm\u00ednky a formul\u00e1\u0159 pro zru\u0161en\u00ed","og_url":"https:\/\/www.versiegelung24.com\/cs\/storno-podminky-a-formular-pro-zruseni\/","og_site_name":"versiegelung24.com","article_modified_time":"2024-06-25T18:51:16+00:00","og_image":[{"width":2000,"height":2000,"url":"https:\/\/www.versiegelung24.com\/wp-content\/uploads\/2022\/02\/Widerruf.png","type":"image\/png"}],"twitter_card":"summary_large_image","twitter_misc":{"Odhadovan\u00e1 doba \u010dten\u00ed":"3 minuty"},"schema":{"@context":"https:\/\/schema.org","@graph":[{"@type":"WebPage","@id":"https:\/\/www.versiegelung24.com\/cs\/storno-podminky-a-formular-pro-zruseni\/","url":"https:\/\/www.versiegelung24.com\/cs\/storno-podminky-a-formular-pro-zruseni\/","name":"Storno podm\u00ednky a formul\u00e1\u0159 pro zru\u0161en\u00ed - versiegelung24.com","isPartOf":{"@id":"https:\/\/www.versiegelung24.com\/cs\/#website"},"primaryImageOfPage":{"@id":"https:\/\/www.versiegelung24.com\/cs\/storno-podminky-a-formular-pro-zruseni\/#primaryimage"},"image":{"@id":"https:\/\/www.versiegelung24.com\/cs\/storno-podminky-a-formular-pro-zruseni\/#primaryimage"},"thumbnailUrl":"https:\/\/www.versiegelung24.com\/wp-content\/uploads\/2022\/02\/Widerruf.png","datePublished":"2021-08-03T10:03:31+00:00","dateModified":"2024-06-25T18:51:16+00:00","breadcrumb":{"@id":"https:\/\/www.versiegelung24.com\/cs\/storno-podminky-a-formular-pro-zruseni\/#breadcrumb"},"inLanguage":"cs","potentialAction":[{"@type":"ReadAction","target":["https:\/\/www.versiegelung24.com\/cs\/storno-podminky-a-formular-pro-zruseni\/"]}]},{"@type":"ImageObject","inLanguage":"cs","@id":"https:\/\/www.versiegelung24.com\/cs\/storno-podminky-a-formular-pro-zruseni\/#primaryimage","url":"https:\/\/www.versiegelung24.com\/wp-content\/uploads\/2022\/02\/Widerruf.png","contentUrl":"https:\/\/www.versiegelung24.com\/wp-content\/uploads\/2022\/02\/Widerruf.png","width":2000,"height":2000},{"@type":"BreadcrumbList","@id":"https:\/\/www.versiegelung24.com\/cs\/storno-podminky-a-formular-pro-zruseni\/#breadcrumb","itemListElement":[{"@type":"ListItem","position":1,"name":"Domovsk\u00e1 str\u00e1nka","item":"https:\/\/www.versiegelung24.com\/cs\/predni\/"},{"@type":"ListItem","position":2,"name":"Storno podm\u00ednky a formul\u00e1\u0159 pro zru\u0161en\u00ed"}]},{"@type":"WebSite","@id":"https:\/\/www.versiegelung24.com\/cs\/#website","url":"https:\/\/www.versiegelung24.com\/cs\/","name":"versiegelung24.com","description":"Fl\u00fcssigglas-Versiegelung - Made in Germany","publisher":{"@id":"https:\/\/www.versiegelung24.com\/cs\/#organization"},"potentialAction":[{"@type":"SearchAction","target":{"@type":"EntryPoint","urlTemplate":"https:\/\/www.versiegelung24.com\/cs\/?s={search_term_string}"},"query-input":{"@type":"PropertyValueSpecification","valueRequired":true,"valueName":"search_term_string"}}],"inLanguage":"cs"},{"@type":"Organization","@id":"https:\/\/www.versiegelung24.com\/cs\/#organization","name":"versiegelung24","url":"https:\/\/www.versiegelung24.com\/cs\/","logo":{"@type":"ImageObject","inLanguage":"cs","@id":"https:\/\/www.versiegelung24.com\/cs\/#\/schema\/logo\/image\/","url":"https:\/\/www.versiegelung24.com\/wp-content\/uploads\/2020\/04\/versiegelung24.png","contentUrl":"https:\/\/www.versiegelung24.com\/wp-content\/uploads\/2020\/04\/versiegelung24.png","width":470,"height":102,"caption":"versiegelung24"},"image":{"@id":"https:\/\/www.versiegelung24.com\/cs\/#\/schema\/logo\/image\/"}}]}},"_links":{"self":[{"href":"https:\/\/www.versiegelung24.com\/cs\/wp-json\/wp\/v2\/pages\/25910","targetHints":{"allow":["GET"]}}],"collection":[{"href":"https:\/\/www.versiegelung24.com\/cs\/wp-json\/wp\/v2\/pages"}],"about":[{"href":"https:\/\/www.versiegelung24.com\/cs\/wp-json\/wp\/v2\/types\/page"}],"author":[{"embeddable":true,"href":"https:\/\/www.versiegelung24.com\/cs\/wp-json\/wp\/v2\/users\/932"}],"replies":[{"embeddable":true,"href":"https:\/\/www.versiegelung24.com\/cs\/wp-json\/wp\/v2\/comments?post=25910"}],"version-history":[{"count":3,"href":"https:\/\/www.versiegelung24.com\/cs\/wp-json\/wp\/v2\/pages\/25910\/revisions"}],"predecessor-version":[{"id":167651,"href":"https:\/\/www.versiegelung24.com\/cs\/wp-json\/wp\/v2\/pages\/25910\/revisions\/167651"}],"wp:featuredmedia":[{"embeddable":true,"href":"https:\/\/www.versiegelung24.com\/cs\/wp-json\/wp\/v2\/media\/71017"}],"wp:attachment":[{"href":"https:\/\/www.versiegelung24.com\/cs\/wp-json\/wp\/v2\/media?parent=25910"}],"wp:term":[{"taxonomy":"category","embeddable":true,"href":"https:\/\/www.versiegelung24.com\/cs\/wp-json\/wp\/v2\/categories?post=25910"},{"taxonomy":"seiten_kategorie","embeddable":true,"href":"https:\/\/www.versiegelung24.com\/cs\/wp-json\/wp\/v2\/seiten_kategorie?post=25910"}],"curies":[{"name":"wp","href":"https:\/\/api.w.org\/{rel}","templated":true}]}}