{"id":25963,"date":"2021-08-03T12:05:43","date_gmt":"2021-08-03T10:05:43","guid":{"rendered":"https:\/\/www.versiegelung24.com\/platebni-metody"},"modified":"2024-07-09T09:38:12","modified_gmt":"2024-07-09T07:38:12","slug":"platebni-metody","status":"publish","type":"page","link":"https:\/\/www.versiegelung24.com\/cs\/platebni-metody\/","title":{"rendered":"platebn\u00ed metody"},"content":{"rendered":"\n<h1 class=\"wp-block-heading\" id=\"h-zahlungsarten\">platebn\u00ed metody<\/h1>\n<p>Pro va\u0161i objedn\u00e1vku na versiegelung24.com nab\u00edz\u00edme n\u00e1sleduj\u00edc\u00ed platebn\u00ed metody:<\/p>\n<p><img fetchpriority=\"high\" decoding=\"async\" class=\"alignnone wp-image-133349 \" src=\"https:\/\/www.versiegelung24.com\/wp-content\/uploads\/2023\/11\/v24-footer-zahlungsarten-1300x93.webp\" alt=\"\" width=\"780\" height=\"76\"><\/p>\n<h3>Paypal<\/h3>\n<p>Pokud je \u010d\u00e1stka platby uhrazena prost\u0159ednictv\u00edm syst\u00e9mu PayPal, bude va\u0161e objedn\u00e1vka okam\u017eit\u011b zpracov\u00e1na.<\/p>\n<h3>Platba p\u0159edem bankovn\u00edm p\u0159evodem<\/h3>\n<p>Po obdr\u017een\u00ed platby p\u0159edem p\u0159evodem na n\u00e1\u0161 bankovn\u00ed \u00fa\u010det bude va\u0161e z\u00e1silka odesl\u00e1na.<\/p>\n<p>P\u0159\u00edjemce: Holger K\u00e4ding<br \/>IBAN: DE30370502990011006269<br \/>BIC \/ SWIFT: COKSDE33<br \/>Kreissparkasse Kol\u00edn nad R\u00fdnem<\/p>\n<h3>N\u00e1kup na fakturu<\/h3>\n<p>Pro org\u00e1ny ve\u0159ejn\u00e9 moci a instituce nab\u00edz\u00edme na vy\u017e\u00e1d\u00e1n\u00ed i n\u00e1kup na \u00fa\u010det. <a href=\"https:\/\/www.versiegelung24.com\/cs\/kontakt\/\">Pro toto n\u00e1s pros\u00edm kontaktujte<\/a> .<\/p>\n","protected":false},"excerpt":{"rendered":"<p>platebn\u00ed metody Pro va\u0161i objedn\u00e1vku na versiegelung24.com nab\u00edz\u00edme n\u00e1sleduj\u00edc\u00ed platebn\u00ed metody: Paypal Pokud je \u010d\u00e1stka platby uhrazena prost\u0159ednictv\u00edm syst\u00e9mu PayPal, bude va\u0161e objedn\u00e1vka okam\u017eit\u011b zpracov\u00e1na. Platba p\u0159edem bankovn\u00edm p\u0159evodem Po obdr\u017een\u00ed platby p\u0159edem p\u0159evodem na n\u00e1\u0161 bankovn\u00ed \u00fa\u010det bude va\u0161e z\u00e1silka odesl\u00e1na. P\u0159\u00edjemce: Holger K\u00e4dingIBAN: DE30370502990011006269BIC \/ SWIFT: COKSDE33Kreissparkasse Kol\u00edn nad R\u00fdnem N\u00e1kup na fakturu&hellip;&nbsp;<a href=\"https:\/\/www.versiegelung24.com\/cs\/platebni-metody\/\" rel=\"bookmark\">Read More &raquo;<span class=\"screen-reader-text\">platebn\u00ed metody<\/span><\/a><\/p>\n","protected":false},"author":932,"featured_media":70647,"parent":0,"menu_order":0,"comment_status":"closed","ping_status":"closed","template":"","meta":{"_acf_changed":false,"neve_meta_sidebar":"","neve_meta_container":"","neve_meta_enable_content_width":"","neve_meta_content_width":0,"neve_meta_title_alignment":"","neve_meta_author_avatar":"","neve_post_elements_order":"","neve_meta_disable_header":"","neve_meta_disable_footer":"","neve_meta_disable_title":"","neve_meta_reading_time":"","footnotes":""},"categories":[],"seiten_kategorie":[],"class_list":["post-25963","page","type-page","status-publish","has-post-thumbnail","hentry"],"acf":[],"yoast_head":"<!-- This site is optimized with the Yoast SEO Premium plugin v22.8 (Yoast SEO v27.5) - https:\/\/yoast.com\/product\/yoast-seo-premium-wordpress\/ -->\n<title>platebn\u00ed metody - versiegelung24.com<\/title>\n<meta name=\"robots\" content=\"index, follow, max-snippet:-1, max-image-preview:large, max-video-preview:-1\" \/>\n<link rel=\"canonical\" href=\"https:\/\/www.versiegelung24.com\/cs\/platebni-metody\/\" \/>\n<meta property=\"og:locale\" content=\"cs_CZ\" \/>\n<meta property=\"og:type\" content=\"article\" \/>\n<meta property=\"og:title\" content=\"platebn\u00ed metody\" \/>\n<meta property=\"og:description\" content=\"platebn\u00ed metody Pro va\u0161i objedn\u00e1vku na versiegelung24.com nab\u00edz\u00edme n\u00e1sleduj\u00edc\u00ed platebn\u00ed metody: Paypal Pokud je \u010d\u00e1stka platby uhrazena prost\u0159ednictv\u00edm syst\u00e9mu PayPal, bude va\u0161e objedn\u00e1vka okam\u017eit\u011b zpracov\u00e1na. Platba p\u0159edem bankovn\u00edm p\u0159evodem Po obdr\u017een\u00ed platby p\u0159edem p\u0159evodem na n\u00e1\u0161 bankovn\u00ed \u00fa\u010det bude va\u0161e z\u00e1silka odesl\u00e1na. P\u0159\u00edjemce: Holger K\u00e4dingIBAN: DE30370502990011006269BIC \/ SWIFT: COKSDE33Kreissparkasse Kol\u00edn nad R\u00fdnem N\u00e1kup na fakturu&hellip;&nbsp;Read More &raquo;platebn\u00ed metody\" \/>\n<meta property=\"og:url\" content=\"https:\/\/www.versiegelung24.com\/cs\/platebni-metody\/\" \/>\n<meta property=\"og:site_name\" content=\"versiegelung24.com\" \/>\n<meta property=\"article:modified_time\" content=\"2024-07-09T07:38:12+00:00\" \/>\n<meta property=\"og:image\" content=\"https:\/\/www.versiegelung24.com\/wp-content\/uploads\/2022\/02\/Payment.png\" \/>\n\t<meta property=\"og:image:width\" content=\"2000\" \/>\n\t<meta property=\"og:image:height\" content=\"2000\" \/>\n\t<meta property=\"og:image:type\" content=\"image\/png\" \/>\n<meta name=\"twitter:card\" content=\"summary_large_image\" \/>\n<meta name=\"twitter:label1\" content=\"Odhadovan\u00e1 doba \u010dten\u00ed\" \/>\n\t<meta name=\"twitter:data1\" content=\"1 minuta\" \/>\n<script type=\"application\/ld+json\" class=\"yoast-schema-graph\">{\"@context\":\"https:\\\/\\\/schema.org\",\"@graph\":[{\"@type\":\"WebPage\",\"@id\":\"https:\\\/\\\/www.versiegelung24.com\\\/cs\\\/platebni-metody\\\/\",\"url\":\"https:\\\/\\\/www.versiegelung24.com\\\/cs\\\/platebni-metody\\\/\",\"name\":\"platebn\u00ed metody - versiegelung24.com\",\"isPartOf\":{\"@id\":\"https:\\\/\\\/www.versiegelung24.com\\\/cs\\\/#website\"},\"primaryImageOfPage\":{\"@id\":\"https:\\\/\\\/www.versiegelung24.com\\\/cs\\\/platebni-metody\\\/#primaryimage\"},\"image\":{\"@id\":\"https:\\\/\\\/www.versiegelung24.com\\\/cs\\\/platebni-metody\\\/#primaryimage\"},\"thumbnailUrl\":\"https:\\\/\\\/www.versiegelung24.com\\\/wp-content\\\/uploads\\\/2022\\\/02\\\/Payment.png\",\"datePublished\":\"2021-08-03T10:05:43+00:00\",\"dateModified\":\"2024-07-09T07:38:12+00:00\",\"breadcrumb\":{\"@id\":\"https:\\\/\\\/www.versiegelung24.com\\\/cs\\\/platebni-metody\\\/#breadcrumb\"},\"inLanguage\":\"cs\",\"potentialAction\":[{\"@type\":\"ReadAction\",\"target\":[\"https:\\\/\\\/www.versiegelung24.com\\\/cs\\\/platebni-metody\\\/\"]}]},{\"@type\":\"ImageObject\",\"inLanguage\":\"cs\",\"@id\":\"https:\\\/\\\/www.versiegelung24.com\\\/cs\\\/platebni-metody\\\/#primaryimage\",\"url\":\"https:\\\/\\\/www.versiegelung24.com\\\/wp-content\\\/uploads\\\/2022\\\/02\\\/Payment.png\",\"contentUrl\":\"https:\\\/\\\/www.versiegelung24.com\\\/wp-content\\\/uploads\\\/2022\\\/02\\\/Payment.png\",\"width\":2000,\"height\":2000},{\"@type\":\"BreadcrumbList\",\"@id\":\"https:\\\/\\\/www.versiegelung24.com\\\/cs\\\/platebni-metody\\\/#breadcrumb\",\"itemListElement\":[{\"@type\":\"ListItem\",\"position\":1,\"name\":\"Domovsk\u00e1 str\u00e1nka\",\"item\":\"https:\\\/\\\/www.versiegelung24.com\\\/cs\\\/predni\\\/\"},{\"@type\":\"ListItem\",\"position\":2,\"name\":\"platebn\u00ed metody\"}]},{\"@type\":\"WebSite\",\"@id\":\"https:\\\/\\\/www.versiegelung24.com\\\/cs\\\/#website\",\"url\":\"https:\\\/\\\/www.versiegelung24.com\\\/cs\\\/\",\"name\":\"versiegelung24.com\",\"description\":\"Fl\u00fcssigglas-Versiegelung - Made in Germany\",\"publisher\":{\"@id\":\"https:\\\/\\\/www.versiegelung24.com\\\/cs\\\/#organization\"},\"potentialAction\":[{\"@type\":\"SearchAction\",\"target\":{\"@type\":\"EntryPoint\",\"urlTemplate\":\"https:\\\/\\\/www.versiegelung24.com\\\/cs\\\/?s={search_term_string}\"},\"query-input\":{\"@type\":\"PropertyValueSpecification\",\"valueRequired\":true,\"valueName\":\"search_term_string\"}}],\"inLanguage\":\"cs\"},{\"@type\":\"Organization\",\"@id\":\"https:\\\/\\\/www.versiegelung24.com\\\/cs\\\/#organization\",\"name\":\"versiegelung24\",\"url\":\"https:\\\/\\\/www.versiegelung24.com\\\/cs\\\/\",\"logo\":{\"@type\":\"ImageObject\",\"inLanguage\":\"cs\",\"@id\":\"https:\\\/\\\/www.versiegelung24.com\\\/cs\\\/#\\\/schema\\\/logo\\\/image\\\/\",\"url\":\"https:\\\/\\\/www.versiegelung24.com\\\/wp-content\\\/uploads\\\/2020\\\/04\\\/versiegelung24.png\",\"contentUrl\":\"https:\\\/\\\/www.versiegelung24.com\\\/wp-content\\\/uploads\\\/2020\\\/04\\\/versiegelung24.png\",\"width\":470,\"height\":102,\"caption\":\"versiegelung24\"},\"image\":{\"@id\":\"https:\\\/\\\/www.versiegelung24.com\\\/cs\\\/#\\\/schema\\\/logo\\\/image\\\/\"}}]}<\/script>\n<!-- \/ Yoast SEO Premium plugin. -->","yoast_head_json":{"title":"platebn\u00ed metody - versiegelung24.com","robots":{"index":"index","follow":"follow","max-snippet":"max-snippet:-1","max-image-preview":"max-image-preview:large","max-video-preview":"max-video-preview:-1"},"canonical":"https:\/\/www.versiegelung24.com\/cs\/platebni-metody\/","og_locale":"cs_CZ","og_type":"article","og_title":"platebn\u00ed metody","og_description":"platebn\u00ed metody Pro va\u0161i objedn\u00e1vku na versiegelung24.com nab\u00edz\u00edme n\u00e1sleduj\u00edc\u00ed platebn\u00ed metody: Paypal Pokud je \u010d\u00e1stka platby uhrazena prost\u0159ednictv\u00edm syst\u00e9mu PayPal, bude va\u0161e objedn\u00e1vka okam\u017eit\u011b zpracov\u00e1na. Platba p\u0159edem bankovn\u00edm p\u0159evodem Po obdr\u017een\u00ed platby p\u0159edem p\u0159evodem na n\u00e1\u0161 bankovn\u00ed \u00fa\u010det bude va\u0161e z\u00e1silka odesl\u00e1na. P\u0159\u00edjemce: Holger K\u00e4dingIBAN: DE30370502990011006269BIC \/ SWIFT: COKSDE33Kreissparkasse Kol\u00edn nad R\u00fdnem N\u00e1kup na fakturu&hellip;&nbsp;Read More &raquo;platebn\u00ed metody","og_url":"https:\/\/www.versiegelung24.com\/cs\/platebni-metody\/","og_site_name":"versiegelung24.com","article_modified_time":"2024-07-09T07:38:12+00:00","og_image":[{"width":2000,"height":2000,"url":"https:\/\/www.versiegelung24.com\/wp-content\/uploads\/2022\/02\/Payment.png","type":"image\/png"}],"twitter_card":"summary_large_image","twitter_misc":{"Odhadovan\u00e1 doba \u010dten\u00ed":"1 minuta"},"schema":{"@context":"https:\/\/schema.org","@graph":[{"@type":"WebPage","@id":"https:\/\/www.versiegelung24.com\/cs\/platebni-metody\/","url":"https:\/\/www.versiegelung24.com\/cs\/platebni-metody\/","name":"platebn\u00ed metody - versiegelung24.com","isPartOf":{"@id":"https:\/\/www.versiegelung24.com\/cs\/#website"},"primaryImageOfPage":{"@id":"https:\/\/www.versiegelung24.com\/cs\/platebni-metody\/#primaryimage"},"image":{"@id":"https:\/\/www.versiegelung24.com\/cs\/platebni-metody\/#primaryimage"},"thumbnailUrl":"https:\/\/www.versiegelung24.com\/wp-content\/uploads\/2022\/02\/Payment.png","datePublished":"2021-08-03T10:05:43+00:00","dateModified":"2024-07-09T07:38:12+00:00","breadcrumb":{"@id":"https:\/\/www.versiegelung24.com\/cs\/platebni-metody\/#breadcrumb"},"inLanguage":"cs","potentialAction":[{"@type":"ReadAction","target":["https:\/\/www.versiegelung24.com\/cs\/platebni-metody\/"]}]},{"@type":"ImageObject","inLanguage":"cs","@id":"https:\/\/www.versiegelung24.com\/cs\/platebni-metody\/#primaryimage","url":"https:\/\/www.versiegelung24.com\/wp-content\/uploads\/2022\/02\/Payment.png","contentUrl":"https:\/\/www.versiegelung24.com\/wp-content\/uploads\/2022\/02\/Payment.png","width":2000,"height":2000},{"@type":"BreadcrumbList","@id":"https:\/\/www.versiegelung24.com\/cs\/platebni-metody\/#breadcrumb","itemListElement":[{"@type":"ListItem","position":1,"name":"Domovsk\u00e1 str\u00e1nka","item":"https:\/\/www.versiegelung24.com\/cs\/predni\/"},{"@type":"ListItem","position":2,"name":"platebn\u00ed metody"}]},{"@type":"WebSite","@id":"https:\/\/www.versiegelung24.com\/cs\/#website","url":"https:\/\/www.versiegelung24.com\/cs\/","name":"versiegelung24.com","description":"Fl\u00fcssigglas-Versiegelung - Made in Germany","publisher":{"@id":"https:\/\/www.versiegelung24.com\/cs\/#organization"},"potentialAction":[{"@type":"SearchAction","target":{"@type":"EntryPoint","urlTemplate":"https:\/\/www.versiegelung24.com\/cs\/?s={search_term_string}"},"query-input":{"@type":"PropertyValueSpecification","valueRequired":true,"valueName":"search_term_string"}}],"inLanguage":"cs"},{"@type":"Organization","@id":"https:\/\/www.versiegelung24.com\/cs\/#organization","name":"versiegelung24","url":"https:\/\/www.versiegelung24.com\/cs\/","logo":{"@type":"ImageObject","inLanguage":"cs","@id":"https:\/\/www.versiegelung24.com\/cs\/#\/schema\/logo\/image\/","url":"https:\/\/www.versiegelung24.com\/wp-content\/uploads\/2020\/04\/versiegelung24.png","contentUrl":"https:\/\/www.versiegelung24.com\/wp-content\/uploads\/2020\/04\/versiegelung24.png","width":470,"height":102,"caption":"versiegelung24"},"image":{"@id":"https:\/\/www.versiegelung24.com\/cs\/#\/schema\/logo\/image\/"}}]}},"_links":{"self":[{"href":"https:\/\/www.versiegelung24.com\/cs\/wp-json\/wp\/v2\/pages\/25963","targetHints":{"allow":["GET"]}}],"collection":[{"href":"https:\/\/www.versiegelung24.com\/cs\/wp-json\/wp\/v2\/pages"}],"about":[{"href":"https:\/\/www.versiegelung24.com\/cs\/wp-json\/wp\/v2\/types\/page"}],"author":[{"embeddable":true,"href":"https:\/\/www.versiegelung24.com\/cs\/wp-json\/wp\/v2\/users\/932"}],"replies":[{"embeddable":true,"href":"https:\/\/www.versiegelung24.com\/cs\/wp-json\/wp\/v2\/comments?post=25963"}],"version-history":[{"count":8,"href":"https:\/\/www.versiegelung24.com\/cs\/wp-json\/wp\/v2\/pages\/25963\/revisions"}],"predecessor-version":[{"id":169398,"href":"https:\/\/www.versiegelung24.com\/cs\/wp-json\/wp\/v2\/pages\/25963\/revisions\/169398"}],"wp:featuredmedia":[{"embeddable":true,"href":"https:\/\/www.versiegelung24.com\/cs\/wp-json\/wp\/v2\/media\/70647"}],"wp:attachment":[{"href":"https:\/\/www.versiegelung24.com\/cs\/wp-json\/wp\/v2\/media?parent=25963"}],"wp:term":[{"taxonomy":"category","embeddable":true,"href":"https:\/\/www.versiegelung24.com\/cs\/wp-json\/wp\/v2\/categories?post=25963"},{"taxonomy":"seiten_kategorie","embeddable":true,"href":"https:\/\/www.versiegelung24.com\/cs\/wp-json\/wp\/v2\/seiten_kategorie?post=25963"}],"curies":[{"name":"wp","href":"https:\/\/api.w.org\/{rel}","templated":true}]}}