{"id":41006,"date":"2021-12-14T14:15:17","date_gmt":"2021-12-14T13:15:17","guid":{"rendered":"https:\/\/www.versiegelung24.com\/rady-ohledne-produktu-versiegelung24\/know-how\/ochrana-proti-graffiti"},"modified":"2024-09-01T18:17:16","modified_gmt":"2024-09-01T16:17:16","slug":"ochrana-proti-graffiti-pomoci-tekuteho-skla","status":"publish","type":"page","link":"https:\/\/www.versiegelung24.com\/cs\/know-how\/ochrana-proti-graffiti\/","title":{"rendered":"Ochrana fas\u00e1dy proti graffiti"},"content":{"rendered":"\n<h1 class=\"wp-block-heading\" id=\"h-graffiti-schutz-mit-flussigglas\">Ochrana proti graffiti pomoc\u00ed tekut\u00e9ho skla<\/h1>\n\n<p>Toto video by m\u011blo b\u00fdt zaj\u00edmav\u00e9 zejm\u00e9na pro m\u011bsta a obce nebo pro majitele po\u0161kozen\u00fdch nemovitost\u00ed, kte\u0159\u00ed ji\u017e maj\u00ed zku\u0161enosti s kontaminac\u00ed post\u0159ikova\u010di graffiti. Barvy \u201eum\u011blc\u016f\u201c jsou trval\u00e9 a p\u0159i st\u0159\u00edk\u00e1n\u00ed pronikaj\u00ed do betonu nebo kamene. V d\u016fsledku toho je odstran\u011bn\u00ed graffiti velmi n\u00e1kladn\u00e9 a \u010dasov\u011b n\u00e1ro\u010dn\u00e9, co\u017e je obvykle nutn\u00e9 prov\u00e9st profesion\u00e1ln\u011b.<\/p>\n\n<figure class=\"wp-block-embed aligncenter is-type-video is-provider-youtube wp-block-embed-youtube wp-embed-aspect-16-9 wp-has-aspect-ratio\"><div class=\"wp-block-embed__wrapper\"> \n<div class=\"nv-iframe-embed\"><iframe title=\"Graffiti Protection Pro 626 - How does it work?\" width=\"1200\" height=\"675\" src=\"https:\/\/www.youtube.com\/embed\/dP9jGmUvoek?feature=oembed\" frameborder=\"0\" allow=\"accelerometer; autoplay; clipboard-write; encrypted-media; gyroscope; picture-in-picture\" allowfullscreen><\/iframe><\/div>\n <\/div><\/figure>\n\n<div class=\"wp-block-columns is-layout-flex wp-container-core-columns-is-layout-9d6595d7 wp-block-columns-is-layout-flex\">\n<div class=\"wp-block-column is-layout-flow wp-block-column-is-layout-flow\" style=\"flex-basis:66.66%\">\n<p>Video ukazuje srovn\u00e1n\u00ed se dv\u011bma betonov\u00fdmi cihlami:<\/p>\n\n\n\n<p><a href=\"https:\/\/www.versiegelung24.com\/cs\/antigraffiti-ochranny-nater-vysoce-ucinne-fasadni-tesneni.html\">Jeden k\u00e1men je zcela ut\u011bsn\u011bn tekut\u00fdm sklem<\/a> , druh\u00fd nikoliv. Nyn\u00ed, jako prot\u011bj\u0161ek barevn\u00e9ho spreje, je na p\u0159\u00edslu\u0161n\u00fd k\u00e1men namalov\u00e1n fixou k\u0159\u00ed\u017e. I zde m\u016f\u017eete okam\u017eit\u011b vid\u011bt &#8211; v p\u0159\u00edpad\u011b neo\u0161et\u0159en\u00e9ho kamene je \u010dern\u00e1 barva okam\u017eit\u011b vta\u017eena, k\u0159\u00ed\u017e je jasn\u011b viditeln\u00fd. Kdy\u017e je k\u00e1men ut\u011bsn\u011bn, barva nem\u016f\u017ee proniknout do <a href=\"https:\/\/www.versiegelung24.com\/cs\/antigraffiti-ochranny-nater-vysoce-ucinne-fasadni-tesneni.html\" target=\"_blank\" rel=\"noreferrer noopener\">tekut\u00e9ho<\/a> skla, co\u017e znamen\u00e1, \u017ee nedoch\u00e1z\u00ed k p\u0159ilnavosti. K\u0159\u00ed\u017e je proto jen slab\u011b viditeln\u00fd a lze jej odstranit pouze vodou, ani\u017e by zanechal zbytky. Marn\u011b se o to pokou\u0161\u00edte u neo\u0161et\u0159en\u00e9 cihly ve videu. V mnoha p\u0159\u00edpadech lze \u010di\u0161t\u011bn\u00ed prov\u00e9st pouze vodou, ale \u00fa\u010dinnost se m\u016f\u017ee li\u0161it v z\u00e1vislosti na typu graffiti.<\/p>\n\n\n\n<p>K ochran\u011b povrchu p\u0159ed graffiti lze pou\u017e\u00edt tekut\u00fd n\u00e1t\u011br skla.\nP\u0159i spr\u00e1vn\u00e9 aplikaci a za p\u0159\u00edzniv\u00fdch podm\u00ednek m\u016f\u017ee ochrann\u00fd \u00fa\u010dinek vydr\u017eet a\u017e 20 let. <\/p>\n\n\n\n<p>Pod\u00edvejte se na video a zjist\u011bte, jak snadno lze beton ut\u011bsnit: P\u0159ed nanesen\u00edm tekut\u00e9ho sklen\u011bn\u00e9ho n\u00e1t\u011bru je t\u0159eba povrch d\u016fkladn\u011b o\u010distit a vysu\u0161it, aby tmel optim\u00e1ln\u011b p\u0159ilnul a rovnom\u011brn\u011b se rozprost\u0159el.<\/p>\n<\/div>\n\n\n\n<div class=\"wp-block-column is-layout-flow wp-block-column-is-layout-flow\" style=\"flex-basis:33.33%\"><div class=\"wp-block-image\">\n<figure class=\"alignright size-full is-resized\"><img fetchpriority=\"high\" decoding=\"async\" width=\"1000\" height=\"1000\" src=\"https:\/\/www.versiegelung24.com\/wp-content\/uploads\/2021\/12\/graf-1.jpg\" alt=\"\" class=\"wp-image-40868\" style=\"width:313px;height:313px\" srcset=\"https:\/\/www.versiegelung24.com\/wp-content\/uploads\/2021\/12\/graf-1.jpg 1000w, https:\/\/www.versiegelung24.com\/wp-content\/uploads\/2021\/12\/graf-1-400x400.jpg 400w, https:\/\/www.versiegelung24.com\/wp-content\/uploads\/2021\/12\/graf-1-100x100.jpg 100w, https:\/\/www.versiegelung24.com\/wp-content\/uploads\/2021\/12\/graf-1-600x600.jpg 600w, https:\/\/www.versiegelung24.com\/wp-content\/uploads\/2021\/12\/graf-1-300x300.jpg 300w, https:\/\/www.versiegelung24.com\/wp-content\/uploads\/2021\/12\/graf-1-80x80.jpg 80w, https:\/\/www.versiegelung24.com\/wp-content\/uploads\/2021\/12\/graf-1-768x768.jpg 768w\" sizes=\"(max-width: 1000px) 100vw, 1000px\" \/><\/figure>\n<\/div><\/div>\n<\/div>\n<div class=\"woocommerce columns-4 \"><ul class=\"products columns-4\">\n<li class=\"product type-product post-23935 status-publish first instock product_cat-tesneni-kamene-a-betonu has-post-thumbnail taxable shipping-taxable purchasable product-type-variable has-default-attributes\">\n\t<div class=\"nv-card-content-wrapper\"><a href=\"https:\/\/www.versiegelung24.com\/cs\/antigraffiti-ochranny-nater-vysoce-ucinne-fasadni-tesneni.html\" class=\"woocommerce-LoopProduct-link woocommerce-loop-product__link\"><div class=\"sp-product-image \"><div class=\"img-wrap\"><img decoding=\"async\" width=\"400\" height=\"400\" src=\"https:\/\/www.versiegelung24.com\/wp-content\/uploads\/2020\/04\/7626-anti-graffiti-400x400.webp\" class=\"attachment-woocommerce_thumbnail size-woocommerce_thumbnail\" alt=\"Ochrann\u00fd n\u00e1t\u011br proti graffiti - Antigraffiti n\u00e1t\u011br\" srcset=\"https:\/\/www.versiegelung24.com\/wp-content\/uploads\/2020\/04\/7626-anti-graffiti-400x400.webp 400w, https:\/\/www.versiegelung24.com\/wp-content\/uploads\/2020\/04\/7626-anti-graffiti-300x300.webp 300w, https:\/\/www.versiegelung24.com\/wp-content\/uploads\/2020\/04\/7626-anti-graffiti-1300x1300.webp 1300w, https:\/\/www.versiegelung24.com\/wp-content\/uploads\/2020\/04\/7626-anti-graffiti-80x80.webp 80w, https:\/\/www.versiegelung24.com\/wp-content\/uploads\/2020\/04\/7626-anti-graffiti-768x768.webp 768w, https:\/\/www.versiegelung24.com\/wp-content\/uploads\/2020\/04\/7626-anti-graffiti-1536x1536.webp 1536w, https:\/\/www.versiegelung24.com\/wp-content\/uploads\/2020\/04\/7626-anti-graffiti-2048x2048.webp 2048w, https:\/\/www.versiegelung24.com\/wp-content\/uploads\/2020\/04\/7626-anti-graffiti-70x70.webp 70w, https:\/\/www.versiegelung24.com\/wp-content\/uploads\/2020\/04\/7626-anti-graffiti-600x600.webp 600w, https:\/\/www.versiegelung24.com\/wp-content\/uploads\/2020\/04\/7626-anti-graffiti-100x100.webp 100w\" sizes=\"(max-width: 400px) 100vw, 400px\" \/><\/div><\/div><h2 class=\"woocommerce-loop-product__title\">Ochrann\u00fd n\u00e1t\u011br proti graffiti &#8211; Antigraffiti n\u00e1t\u011br<\/h2>\n\t<span class=\"price\"><span class=\"woocommerce-Price-amount amount\"><bdi>359,00<span class=\"woocommerce-Price-currencySymbol\">&euro;<\/span><\/bdi><\/span><\/span>\n\n\n\t<p class=\"price price-unit smaller wc-gzd-additional-info wc-gzd-additional-info-loop\">(<span class=\"woocommerce-Price-amount amount\">71,80<span class=\"woocommerce-Price-currencySymbol\">&euro;<\/span><\/span> \/ <span class=\"unit\">l<\/span>)<\/p>\n\n<\/a>\t\t<p class=\"artikelnummer wc-gzd-additional-info\">\n\t\t\tSKU: 9201-7626-5000\t\t<\/p>\n\t\t\n\t<p class=\"wc-gzd-additional-info wc-gzd-additional-info-loop product-units-wrapper product-units\">Obsah: 5 <span class=\"unit\">l<\/span><\/p>\n\t\t<p class=\"lagerbestand wc-gzd-additional-info\">\n\t\t\t<strong>\n\t\t\t\tSklad\t\t\t\t:\n\t\t\t<\/strong>\n\t\t\tSkladem\t\t<\/p>\n\t\t\n\t<p class=\"wc-gzd-additional-info delivery-time-info wc-gzd-additional-info-loop\"><span class=\"delivery-time-inner delivery-time-7-pracovnch-dn\">Doba dod\u00e1n\u00ed:  <span class=\"delivery-time-data\">7 pracovn\u00edch dn\u016f<\/span><\/span><\/p>\n\n\t<p class=\"wc-gzd-additional-info wc-gzd-additional-info-loop tax-info\">incl. VAT<\/p>\n\n\t<p class=\"wc-gzd-additional-info wc-gzd-additional-info-loop shipping-costs-info\">plus  <a href=\"https:\/\/www.versiegelung24.com\/cs\/lodni-doprava\/\" target=\"_blank\">Lodn\u00ed doprava<\/a><\/p>\n<a href=\"https:\/\/www.versiegelung24.com\/cs\/antigraffiti-ochranny-nater-vysoce-ucinne-fasadni-tesneni.html\" aria-describedby=\"woocommerce_loop_add_to_cart_link_describedby_23935\" data-quantity=\"1\" class=\"button product_type_variable add_to_cart_button\" data-product_id=\"23935\" data-product_sku=\"9201-7626-5000\" aria-label=\"Vyberte nastaven\u00ed pro &bdquo;Ochrann\u00fd n\u00e1t\u011br proti graffiti - Antigraffiti n\u00e1t\u011br&ldquo;\" rel=\"nofollow\">V\u00fdb\u011br mo\u017enost\u00ed<\/a>\t<span id=\"woocommerce_loop_add_to_cart_link_describedby_23935\" class=\"screen-reader-text\">\n\t\tTento produkt m\u00e1 v\u00edce variant. Mo\u017enosti lze vybrat na str\u00e1nce produktu\t<\/span>\n<\/div><\/li>\n<\/ul>\n<\/div>\n\n","protected":false},"excerpt":{"rendered":"<p>Vyhlaste v\u00e1lku graffiti &#8211; \u00fa\u010dinn\u00e1 ochrana fas\u00e1dy pomoc\u00ed tekut\u00e9ho skla.<\/p>\n","protected":false},"author":932,"featured_media":40873,"parent":34633,"menu_order":0,"comment_status":"closed","ping_status":"closed","template":"","meta":{"_acf_changed":false,"neve_meta_sidebar":"full-width","neve_meta_container":"","neve_meta_enable_content_width":"on","neve_meta_content_width":100,"neve_meta_title_alignment":"","neve_meta_author_avatar":"","neve_post_elements_order":"","neve_meta_disable_header":"","neve_meta_disable_footer":"","neve_meta_disable_title":"","neve_meta_reading_time":"","footnotes":""},"categories":[3555,3497],"seiten_kategorie":[3831],"class_list":["post-41006","page","type-page","status-publish","has-post-thumbnail","hentry","category-dum-a-zahrada","category-poradensky-clanek-casopis"],"acf":[],"yoast_head":"<!-- This site is optimized with the Yoast SEO Premium plugin v22.8 (Yoast SEO v27.5) - https:\/\/yoast.com\/product\/yoast-seo-premium-wordpress\/ -->\n<title>Tekut\u00fd gals sealant - Ochrana fas\u00e1dy proti graffiti - versiegelung24.com<\/title>\n<meta name=\"description\" content=\"Tekut\u00fd gals sealer jako ochrana proti graffiti. Zjist\u011bte od n\u00e1s, jak m\u016f\u017eete ochr\u00e1nit sv\u00e9 v\u011bci.\" \/>\n<meta name=\"robots\" content=\"index, follow, max-snippet:-1, max-image-preview:large, max-video-preview:-1\" \/>\n<link rel=\"canonical\" href=\"https:\/\/www.versiegelung24.com\/cs\/know-how\/ochrana-proti-graffiti\/\" \/>\n<meta property=\"og:locale\" content=\"cs_CZ\" \/>\n<meta property=\"og:type\" content=\"article\" \/>\n<meta property=\"og:title\" content=\"Ochrana fas\u00e1dy proti graffiti\" \/>\n<meta property=\"og:description\" content=\"Tekut\u00fd gals sealer jako ochrana proti graffiti. Zjist\u011bte od n\u00e1s, jak m\u016f\u017eete ochr\u00e1nit sv\u00e9 v\u011bci.\" \/>\n<meta property=\"og:url\" content=\"https:\/\/www.versiegelung24.com\/cs\/know-how\/ochrana-proti-graffiti\/\" \/>\n<meta property=\"og:site_name\" content=\"versiegelung24.com\" \/>\n<meta property=\"article:modified_time\" content=\"2024-09-01T16:17:16+00:00\" \/>\n<meta property=\"og:image\" content=\"https:\/\/www.versiegelung24.com\/wp-content\/uploads\/2021\/12\/graf-1.jpg\" \/>\n\t<meta property=\"og:image:width\" content=\"1000\" \/>\n\t<meta property=\"og:image:height\" content=\"1000\" \/>\n\t<meta property=\"og:image:type\" content=\"image\/jpeg\" \/>\n<meta name=\"twitter:card\" content=\"summary_large_image\" \/>\n<meta name=\"twitter:label1\" content=\"Odhadovan\u00e1 doba \u010dten\u00ed\" \/>\n\t<meta name=\"twitter:data1\" content=\"2 minuty\" \/>\n<script type=\"application\/ld+json\" class=\"yoast-schema-graph\">{\"@context\":\"https:\\\/\\\/schema.org\",\"@graph\":[{\"@type\":\"WebPage\",\"@id\":\"https:\\\/\\\/www.versiegelung24.com\\\/cs\\\/know-how\\\/ochrana-proti-graffiti\\\/\",\"url\":\"https:\\\/\\\/www.versiegelung24.com\\\/cs\\\/know-how\\\/ochrana-proti-graffiti\\\/\",\"name\":\"Tekut\u00fd gals sealant - Ochrana fas\u00e1dy proti graffiti - versiegelung24.com\",\"isPartOf\":{\"@id\":\"https:\\\/\\\/www.versiegelung24.com\\\/cs\\\/#website\"},\"primaryImageOfPage\":{\"@id\":\"https:\\\/\\\/www.versiegelung24.com\\\/cs\\\/know-how\\\/ochrana-proti-graffiti\\\/#primaryimage\"},\"image\":{\"@id\":\"https:\\\/\\\/www.versiegelung24.com\\\/cs\\\/know-how\\\/ochrana-proti-graffiti\\\/#primaryimage\"},\"thumbnailUrl\":\"https:\\\/\\\/www.versiegelung24.com\\\/wp-content\\\/uploads\\\/2021\\\/12\\\/graf-1.jpg\",\"datePublished\":\"2021-12-14T13:15:17+00:00\",\"dateModified\":\"2024-09-01T16:17:16+00:00\",\"description\":\"Tekut\u00fd gals sealer jako ochrana proti graffiti. Zjist\u011bte od n\u00e1s, jak m\u016f\u017eete ochr\u00e1nit sv\u00e9 v\u011bci.\",\"breadcrumb\":{\"@id\":\"https:\\\/\\\/www.versiegelung24.com\\\/cs\\\/know-how\\\/ochrana-proti-graffiti\\\/#breadcrumb\"},\"inLanguage\":\"cs\",\"potentialAction\":[{\"@type\":\"ReadAction\",\"target\":[\"https:\\\/\\\/www.versiegelung24.com\\\/cs\\\/know-how\\\/ochrana-proti-graffiti\\\/\"]}]},{\"@type\":\"ImageObject\",\"inLanguage\":\"cs\",\"@id\":\"https:\\\/\\\/www.versiegelung24.com\\\/cs\\\/know-how\\\/ochrana-proti-graffiti\\\/#primaryimage\",\"url\":\"https:\\\/\\\/www.versiegelung24.com\\\/wp-content\\\/uploads\\\/2021\\\/12\\\/graf-1.jpg\",\"contentUrl\":\"https:\\\/\\\/www.versiegelung24.com\\\/wp-content\\\/uploads\\\/2021\\\/12\\\/graf-1.jpg\",\"width\":1000,\"height\":1000},{\"@type\":\"BreadcrumbList\",\"@id\":\"https:\\\/\\\/www.versiegelung24.com\\\/cs\\\/know-how\\\/ochrana-proti-graffiti\\\/#breadcrumb\",\"itemListElement\":[{\"@type\":\"ListItem\",\"position\":1,\"name\":\"Domovsk\u00e1 str\u00e1nka\",\"item\":\"https:\\\/\\\/www.versiegelung24.com\\\/cs\\\/predni\\\/\"},{\"@type\":\"ListItem\",\"position\":2,\"name\":\"Poradce\",\"item\":\"https:\\\/\\\/www.versiegelung24.com\\\/cs\\\/ratgeber\\\/\"},{\"@type\":\"ListItem\",\"position\":3,\"name\":\"\u010dasopis\",\"item\":\"https:\\\/\\\/www.versiegelung24.com\\\/cs\\\/ratgeber\\\/magazin\\\/\"},{\"@type\":\"ListItem\",\"position\":4,\"name\":\"Ochrana fas\u00e1dy proti graffiti\"}]},{\"@type\":\"WebSite\",\"@id\":\"https:\\\/\\\/www.versiegelung24.com\\\/cs\\\/#website\",\"url\":\"https:\\\/\\\/www.versiegelung24.com\\\/cs\\\/\",\"name\":\"versiegelung24.com\",\"description\":\"Fl\u00fcssigglas-Versiegelung - Made in Germany\",\"publisher\":{\"@id\":\"https:\\\/\\\/www.versiegelung24.com\\\/cs\\\/#organization\"},\"potentialAction\":[{\"@type\":\"SearchAction\",\"target\":{\"@type\":\"EntryPoint\",\"urlTemplate\":\"https:\\\/\\\/www.versiegelung24.com\\\/cs\\\/?s={search_term_string}\"},\"query-input\":{\"@type\":\"PropertyValueSpecification\",\"valueRequired\":true,\"valueName\":\"search_term_string\"}}],\"inLanguage\":\"cs\"},{\"@type\":\"Organization\",\"@id\":\"https:\\\/\\\/www.versiegelung24.com\\\/cs\\\/#organization\",\"name\":\"versiegelung24\",\"url\":\"https:\\\/\\\/www.versiegelung24.com\\\/cs\\\/\",\"logo\":{\"@type\":\"ImageObject\",\"inLanguage\":\"cs\",\"@id\":\"https:\\\/\\\/www.versiegelung24.com\\\/cs\\\/#\\\/schema\\\/logo\\\/image\\\/\",\"url\":\"https:\\\/\\\/www.versiegelung24.com\\\/wp-content\\\/uploads\\\/2020\\\/04\\\/versiegelung24.png\",\"contentUrl\":\"https:\\\/\\\/www.versiegelung24.com\\\/wp-content\\\/uploads\\\/2020\\\/04\\\/versiegelung24.png\",\"width\":470,\"height\":102,\"caption\":\"versiegelung24\"},\"image\":{\"@id\":\"https:\\\/\\\/www.versiegelung24.com\\\/cs\\\/#\\\/schema\\\/logo\\\/image\\\/\"}}]}<\/script>\n<!-- \/ Yoast SEO Premium plugin. -->","yoast_head_json":{"title":"Tekut\u00fd gals sealant - Ochrana fas\u00e1dy proti graffiti - versiegelung24.com","description":"Tekut\u00fd gals sealer jako ochrana proti graffiti. Zjist\u011bte od n\u00e1s, jak m\u016f\u017eete ochr\u00e1nit sv\u00e9 v\u011bci.","robots":{"index":"index","follow":"follow","max-snippet":"max-snippet:-1","max-image-preview":"max-image-preview:large","max-video-preview":"max-video-preview:-1"},"canonical":"https:\/\/www.versiegelung24.com\/cs\/know-how\/ochrana-proti-graffiti\/","og_locale":"cs_CZ","og_type":"article","og_title":"Ochrana fas\u00e1dy proti graffiti","og_description":"Tekut\u00fd gals sealer jako ochrana proti graffiti. Zjist\u011bte od n\u00e1s, jak m\u016f\u017eete ochr\u00e1nit sv\u00e9 v\u011bci.","og_url":"https:\/\/www.versiegelung24.com\/cs\/know-how\/ochrana-proti-graffiti\/","og_site_name":"versiegelung24.com","article_modified_time":"2024-09-01T16:17:16+00:00","og_image":[{"width":1000,"height":1000,"url":"https:\/\/www.versiegelung24.com\/wp-content\/uploads\/2021\/12\/graf-1.jpg","type":"image\/jpeg"}],"twitter_card":"summary_large_image","twitter_misc":{"Odhadovan\u00e1 doba \u010dten\u00ed":"2 minuty"},"schema":{"@context":"https:\/\/schema.org","@graph":[{"@type":"WebPage","@id":"https:\/\/www.versiegelung24.com\/cs\/know-how\/ochrana-proti-graffiti\/","url":"https:\/\/www.versiegelung24.com\/cs\/know-how\/ochrana-proti-graffiti\/","name":"Tekut\u00fd gals sealant - Ochrana fas\u00e1dy proti graffiti - versiegelung24.com","isPartOf":{"@id":"https:\/\/www.versiegelung24.com\/cs\/#website"},"primaryImageOfPage":{"@id":"https:\/\/www.versiegelung24.com\/cs\/know-how\/ochrana-proti-graffiti\/#primaryimage"},"image":{"@id":"https:\/\/www.versiegelung24.com\/cs\/know-how\/ochrana-proti-graffiti\/#primaryimage"},"thumbnailUrl":"https:\/\/www.versiegelung24.com\/wp-content\/uploads\/2021\/12\/graf-1.jpg","datePublished":"2021-12-14T13:15:17+00:00","dateModified":"2024-09-01T16:17:16+00:00","description":"Tekut\u00fd gals sealer jako ochrana proti graffiti. Zjist\u011bte od n\u00e1s, jak m\u016f\u017eete ochr\u00e1nit sv\u00e9 v\u011bci.","breadcrumb":{"@id":"https:\/\/www.versiegelung24.com\/cs\/know-how\/ochrana-proti-graffiti\/#breadcrumb"},"inLanguage":"cs","potentialAction":[{"@type":"ReadAction","target":["https:\/\/www.versiegelung24.com\/cs\/know-how\/ochrana-proti-graffiti\/"]}]},{"@type":"ImageObject","inLanguage":"cs","@id":"https:\/\/www.versiegelung24.com\/cs\/know-how\/ochrana-proti-graffiti\/#primaryimage","url":"https:\/\/www.versiegelung24.com\/wp-content\/uploads\/2021\/12\/graf-1.jpg","contentUrl":"https:\/\/www.versiegelung24.com\/wp-content\/uploads\/2021\/12\/graf-1.jpg","width":1000,"height":1000},{"@type":"BreadcrumbList","@id":"https:\/\/www.versiegelung24.com\/cs\/know-how\/ochrana-proti-graffiti\/#breadcrumb","itemListElement":[{"@type":"ListItem","position":1,"name":"Domovsk\u00e1 str\u00e1nka","item":"https:\/\/www.versiegelung24.com\/cs\/predni\/"},{"@type":"ListItem","position":2,"name":"Poradce","item":"https:\/\/www.versiegelung24.com\/cs\/ratgeber\/"},{"@type":"ListItem","position":3,"name":"\u010dasopis","item":"https:\/\/www.versiegelung24.com\/cs\/ratgeber\/magazin\/"},{"@type":"ListItem","position":4,"name":"Ochrana fas\u00e1dy proti graffiti"}]},{"@type":"WebSite","@id":"https:\/\/www.versiegelung24.com\/cs\/#website","url":"https:\/\/www.versiegelung24.com\/cs\/","name":"versiegelung24.com","description":"Fl\u00fcssigglas-Versiegelung - Made in Germany","publisher":{"@id":"https:\/\/www.versiegelung24.com\/cs\/#organization"},"potentialAction":[{"@type":"SearchAction","target":{"@type":"EntryPoint","urlTemplate":"https:\/\/www.versiegelung24.com\/cs\/?s={search_term_string}"},"query-input":{"@type":"PropertyValueSpecification","valueRequired":true,"valueName":"search_term_string"}}],"inLanguage":"cs"},{"@type":"Organization","@id":"https:\/\/www.versiegelung24.com\/cs\/#organization","name":"versiegelung24","url":"https:\/\/www.versiegelung24.com\/cs\/","logo":{"@type":"ImageObject","inLanguage":"cs","@id":"https:\/\/www.versiegelung24.com\/cs\/#\/schema\/logo\/image\/","url":"https:\/\/www.versiegelung24.com\/wp-content\/uploads\/2020\/04\/versiegelung24.png","contentUrl":"https:\/\/www.versiegelung24.com\/wp-content\/uploads\/2020\/04\/versiegelung24.png","width":470,"height":102,"caption":"versiegelung24"},"image":{"@id":"https:\/\/www.versiegelung24.com\/cs\/#\/schema\/logo\/image\/"}}]}},"_links":{"self":[{"href":"https:\/\/www.versiegelung24.com\/cs\/wp-json\/wp\/v2\/pages\/41006","targetHints":{"allow":["GET"]}}],"collection":[{"href":"https:\/\/www.versiegelung24.com\/cs\/wp-json\/wp\/v2\/pages"}],"about":[{"href":"https:\/\/www.versiegelung24.com\/cs\/wp-json\/wp\/v2\/types\/page"}],"author":[{"embeddable":true,"href":"https:\/\/www.versiegelung24.com\/cs\/wp-json\/wp\/v2\/users\/932"}],"replies":[{"embeddable":true,"href":"https:\/\/www.versiegelung24.com\/cs\/wp-json\/wp\/v2\/comments?post=41006"}],"version-history":[{"count":17,"href":"https:\/\/www.versiegelung24.com\/cs\/wp-json\/wp\/v2\/pages\/41006\/revisions"}],"predecessor-version":[{"id":172662,"href":"https:\/\/www.versiegelung24.com\/cs\/wp-json\/wp\/v2\/pages\/41006\/revisions\/172662"}],"up":[{"embeddable":true,"href":"https:\/\/www.versiegelung24.com\/cs\/wp-json\/wp\/v2\/pages\/34633"}],"wp:featuredmedia":[{"embeddable":true,"href":"https:\/\/www.versiegelung24.com\/cs\/wp-json\/wp\/v2\/media\/40873"}],"wp:attachment":[{"href":"https:\/\/www.versiegelung24.com\/cs\/wp-json\/wp\/v2\/media?parent=41006"}],"wp:term":[{"taxonomy":"category","embeddable":true,"href":"https:\/\/www.versiegelung24.com\/cs\/wp-json\/wp\/v2\/categories?post=41006"},{"taxonomy":"seiten_kategorie","embeddable":true,"href":"https:\/\/www.versiegelung24.com\/cs\/wp-json\/wp\/v2\/seiten_kategorie?post=41006"}],"curies":[{"name":"wp","href":"https:\/\/api.w.org\/{rel}","templated":true}]}}