{"id":41024,"date":"2021-12-14T14:15:26","date_gmt":"2021-12-14T13:15:26","guid":{"rendered":"https:\/\/www.versiegelung24.com\/rady-ohledne-produktu-versiegelung24\/know-how\/chytry-telefon"},"modified":"2024-09-01T22:43:17","modified_gmt":"2024-09-01T20:43:17","slug":"tesneni-chytrych-telefonu-tekutym-sklem","status":"publish","type":"page","link":"https:\/\/www.versiegelung24.com\/cs\/rady-ohledne-produktu-versiegelung24\/know-how\/chytry-telefon\/","title":{"rendered":"Tmel na tekut\u00e9 sklo chytr\u00fdch telefon\u016f a tablet\u016f &#8211; ochrana displej\u016f a prodlou\u017een\u00ed \u017eivotnosti"},"content":{"rendered":"\n<h1 class=\"wp-block-heading\" id=\"h-smartphone-flussigglas-versiegelung\">T\u011bsn\u011bn\u00ed z tekut\u00e9ho skla smartphonu<\/h1>\n\n<p>Smartphone dnes vlastn\u00ed t\u00e9m\u011b\u0159 ka\u017ed\u00fd. Bohu\u017eel jsou tyto mal\u00e9 z\u00e1zra\u010dn\u00e9 stroje velmi jemn\u00e9. P\u0159i ka\u017edodenn\u00edm pou\u017e\u00edv\u00e1n\u00ed se objevuj\u00ed stopy pou\u017e\u00edv\u00e1n\u00ed jako \u0161kr\u00e1bance nebo otisky prst\u016f, kter\u00e9 tvrdo\u0161\u00edjn\u011b z\u016fst\u00e1vaj\u00ed na displeji. N\u00e1sleduj\u00edc\u00ed video \u0159e\u0161\u00ed tento probl\u00e9m a ukazuje, jak m\u016f\u017eete t\u011bmto zn\u00e1mk\u00e1m pou\u017e\u00edv\u00e1n\u00ed p\u0159edej\u00edt. <\/p>\n\n<figure class=\"wp-block-embed aligncenter is-type-video is-provider-youtube wp-block-embed-youtube wp-embed-aspect-16-9 wp-has-aspect-ratio\"><div class=\"wp-block-embed__wrapper\"> \n<div class=\"nv-iframe-embed\"><iframe title=\"901 LiquiGlas Mobile Phone Coating   Preparation + application process\" width=\"1200\" height=\"675\" src=\"https:\/\/www.youtube.com\/embed\/8JLSZ1KA-yU?feature=oembed\" frameborder=\"0\" allow=\"accelerometer; autoplay; clipboard-write; encrypted-media; gyroscope; picture-in-picture\" allowfullscreen><\/iframe><\/div>\n <\/div><\/figure>\n\n<br\/>\n<br\/>\n\n<div class=\"wp-block-columns is-layout-flex wp-container-core-columns-is-layout-9d6595d7 wp-block-columns-is-layout-flex\">\n<div class=\"wp-block-column is-layout-flow wp-block-column-is-layout-flow\" style=\"flex-basis:33.33%\">\n<h2 class=\"wp-block-heading\" id=\"h-anleitung-smartphone-display-einfach-versiegeln\">Pokyny &#8211; Jednodu\u0161e ut\u011bsn\u011bte displej smartphonu<\/h2>\n\n\n\n<ul class=\"wp-block-list\">\n<li>Hned v \u00favodu videa je vid\u011bt, \u017ee v\u0161e, co k ut\u011bsn\u011bn\u00ed <a href=\"https:\/\/www.versiegelung24.com\/cs\/tesneni-mobilniho-telefonu-z-tekuteho-skla-tekuta-ochrana-displeje.html\" target=\"_blank\" rel=\"noreferrer noopener\">mobilu<\/a> pot\u0159ebujete, se poskl\u00e1dalo do praktick\u00e9 sady. To zahrnuje:<\/li>\n\n\n\n<li><strong>Rukavice<\/strong> , aby se zabr\u00e1nilo otisk\u016fm prst\u016f<\/li>\n\n\n\n<li><strong>\u010distic\u00ed had\u0159\u00edk<a href=\"https:\/\/www.versiegelung24.com\/reinigung\/bioethanol\/\">napu\u0161t\u011bn\u00fd etanolem<\/a><\/strong><\/li>\n\n\n\n<li><strong>Le\u0161tic\u00ed had\u0159\u00edk<\/strong><\/li>\n\n\n\n<li>A <strong><a href=\"https:\/\/www.versiegelung24.com\/cs\/uterka-z-mikrovlakna-10x10cm-pro-profesionalni-kapalne-sklenene-aplikace.html\" target=\"_blank\" rel=\"noreferrer noopener\">tekut\u00e1 sklen\u011bn\u00e1 tkanina<\/a><\/strong> k ut\u011bsn\u011bn\u00ed<\/li>\n<\/ul>\n\n\n\n<p><\/p>\n\n\n\n<p>B\u011bhem pou\u017e\u00edv\u00e1n\u00ed je smartphone dr\u017een pouze za ruku, na kter\u00e9 je rukavice um\u00edst\u011bna, aby se zabr\u00e1nilo vzniku nov\u00fdch otisk\u016f prst\u016f &#8211; ty jsou siln\u011bj\u0161\u00ed ne\u017e vrstva z tekut\u00e9ho skla a br\u00e1n\u00ed spr\u00e1vn\u00e9mu ut\u011bsn\u011bn\u00ed.<\/p>\n<\/div>\n\n\n\n<div class=\"wp-block-column is-layout-flow wp-block-column-is-layout-flow\" style=\"flex-basis:66.66%\">\n<figure class=\"wp-block-image size-large\"><img fetchpriority=\"high\" decoding=\"async\" width=\"1300\" height=\"867\" src=\"https:\/\/www.versiegelung24.com\/wp-content\/uploads\/2021\/12\/smart_liq-1300x867.jpg\" alt=\"\" class=\"wp-image-40898\" srcset=\"https:\/\/www.versiegelung24.com\/wp-content\/uploads\/2021\/12\/smart_liq-1300x867.jpg 1300w, https:\/\/www.versiegelung24.com\/wp-content\/uploads\/2021\/12\/smart_liq-scaled-600x400.jpg 600w, https:\/\/www.versiegelung24.com\/wp-content\/uploads\/2021\/12\/smart_liq-300x200.jpg 300w, https:\/\/www.versiegelung24.com\/wp-content\/uploads\/2021\/12\/smart_liq-768x512.jpg 768w, https:\/\/www.versiegelung24.com\/wp-content\/uploads\/2021\/12\/smart_liq-1536x1024.jpg 1536w, https:\/\/www.versiegelung24.com\/wp-content\/uploads\/2021\/12\/smart_liq-2048x1366.jpg 2048w, https:\/\/www.versiegelung24.com\/wp-content\/uploads\/2021\/12\/smart_liq-930x620.jpg 930w\" sizes=\"(max-width: 1300px) 100vw, 1300px\" \/><\/figure>\n<\/div>\n<\/div>\n\n<p>Po p\u0159ed\u010di\u0161t\u011bn\u00ed se displej ot\u0159e do sucha a odstran\u00ed se tak zbytky otisk\u016f nebo mastnoty. <strong>Zde by m\u011bla b\u00fdt pou\u017eita pouze jedna strana mikrovl\u00e1knov\u00e9 ut\u011brky<\/strong> &#8211; <strong>druh\u00e1 strana bude pozd\u011bji pot\u0159eba<\/strong> k vyle\u0161t\u011bn\u00ed t\u011bsn\u011bn\u00ed. V dal\u0161\u00edm kroku se had\u0159\u00edk namo\u010den\u00fd v tekut\u00e9m skle vybal\u00ed a \u2013 stejn\u011b jako u p\u0159ed\u010di\u0161t\u011bn\u00ed \u2013 se s n\u00edm pot\u0159e cel\u00fd smartphone. Lze jej v\u0161ude kolem ut\u011bsnit tekut\u00fdm sklem. Zadn\u00ed strany mobiln\u00edch telefon\u016f jsou dnes \u010dasto vyrobeny ze skla.<\/p>\n\n<p>Minim\u00e1ln\u011b po Povrch smartphonu se le\u0161t\u00ed 30 minut &#8211; t\u011bsn\u011bn\u00ed je hotov\u00e9. Ve videu m\u016f\u017eete vid\u011bt radu, \u017ee je v\u00fdhodn\u00e9 nechat tekut\u00e9 sklo ztuhnout p\u0159es noc &#8211; dodr\u017eujte toto doporu\u010den\u00ed, proto\u017ee \u010d\u00edm odoln\u011bj\u0161\u00ed je ochrann\u00e1 vrstva pot\u00e9. Pro zachov\u00e1n\u00ed ochrany se doporu\u010duje tmel v pravideln\u00fdch intervalech znovu nan\u00e1\u0161et.<\/p>\n\n","protected":false},"excerpt":{"rendered":"<p>Maxim\u00e1ln\u00ed ochrana smartphonu d\u00edky inovativn\u00edmu t\u011bsn\u011bn\u00ed z tekut\u00e9ho skla.<\/p>\n","protected":false},"author":932,"featured_media":41486,"parent":34633,"menu_order":0,"comment_status":"closed","ping_status":"closed","template":"","meta":{"_acf_changed":false,"neve_meta_sidebar":"full-width","neve_meta_container":"","neve_meta_enable_content_width":"on","neve_meta_content_width":100,"neve_meta_title_alignment":"","neve_meta_author_avatar":"","neve_post_elements_order":"","neve_meta_disable_header":"","neve_meta_disable_footer":"","neve_meta_disable_title":"","neve_meta_reading_time":"","footnotes":""},"categories":[3497,3591],"seiten_kategorie":[3831],"class_list":["post-41024","page","type-page","status-publish","has-post-thumbnail","hentry","category-poradensky-clanek-casopis","category-zivotni-styl"],"acf":[],"yoast_head":"<!-- This site is optimized with the Yoast SEO Premium plugin v22.8 (Yoast SEO v27.5) - https:\/\/yoast.com\/product\/yoast-seo-premium-wordpress\/ -->\n<title>Chra\u0148te sv\u016fj smartphone a tablet tekut\u00fdm tmelem na sklo!<\/title>\n<meta name=\"description\" content=\"Chra\u0148te sv\u016fj smartphone a tablet na\u0161\u00edm t\u011bsnic\u00edm prost\u0159edkem! Tmel na tekut\u00e9 sklo pro optim\u00e1ln\u00ed ochranu displeje smartphonu!\" \/>\n<meta name=\"robots\" content=\"index, follow, max-snippet:-1, max-image-preview:large, max-video-preview:-1\" \/>\n<link rel=\"canonical\" href=\"https:\/\/www.versiegelung24.com\/cs\/rady-ohledne-produktu-versiegelung24\/know-how\/chytry-telefon\/\" \/>\n<meta property=\"og:locale\" content=\"cs_CZ\" \/>\n<meta property=\"og:type\" content=\"article\" \/>\n<meta property=\"og:title\" content=\"Tmel na tekut\u00e9 sklo chytr\u00fdch telefon\u016f a tablet\u016f - ochrana displej\u016f a prodlou\u017een\u00ed \u017eivotnosti\" \/>\n<meta property=\"og:description\" content=\"Chra\u0148te sv\u016fj smartphone a tablet na\u0161\u00edm t\u011bsnic\u00edm prost\u0159edkem! Tmel na tekut\u00e9 sklo pro optim\u00e1ln\u00ed ochranu displeje smartphonu!\" \/>\n<meta property=\"og:url\" content=\"https:\/\/www.versiegelung24.com\/cs\/rady-ohledne-produktu-versiegelung24\/know-how\/chytry-telefon\/\" \/>\n<meta property=\"og:site_name\" content=\"versiegelung24.com\" \/>\n<meta property=\"article:modified_time\" content=\"2024-09-01T20:43:17+00:00\" \/>\n<meta property=\"og:image\" content=\"https:\/\/www.versiegelung24.com\/wp-content\/uploads\/2021\/12\/smart_liq-1-scaled.jpg\" \/>\n\t<meta property=\"og:image:width\" content=\"2560\" \/>\n\t<meta property=\"og:image:height\" content=\"2560\" \/>\n\t<meta property=\"og:image:type\" content=\"image\/jpeg\" \/>\n<meta name=\"twitter:card\" content=\"summary_large_image\" \/>\n<meta name=\"twitter:label1\" content=\"Odhadovan\u00e1 doba \u010dten\u00ed\" \/>\n\t<meta name=\"twitter:data1\" content=\"2 minuty\" \/>\n<script type=\"application\/ld+json\" class=\"yoast-schema-graph\">{\"@context\":\"https:\\\/\\\/schema.org\",\"@graph\":[{\"@type\":\"WebPage\",\"@id\":\"https:\\\/\\\/www.versiegelung24.com\\\/cs\\\/rady-ohledne-produktu-versiegelung24\\\/know-how\\\/chytry-telefon\\\/\",\"url\":\"https:\\\/\\\/www.versiegelung24.com\\\/cs\\\/rady-ohledne-produktu-versiegelung24\\\/know-how\\\/chytry-telefon\\\/\",\"name\":\"Chra\u0148te sv\u016fj smartphone a tablet tekut\u00fdm tmelem na sklo!\",\"isPartOf\":{\"@id\":\"https:\\\/\\\/www.versiegelung24.com\\\/cs\\\/#website\"},\"primaryImageOfPage\":{\"@id\":\"https:\\\/\\\/www.versiegelung24.com\\\/cs\\\/rady-ohledne-produktu-versiegelung24\\\/know-how\\\/chytry-telefon\\\/#primaryimage\"},\"image\":{\"@id\":\"https:\\\/\\\/www.versiegelung24.com\\\/cs\\\/rady-ohledne-produktu-versiegelung24\\\/know-how\\\/chytry-telefon\\\/#primaryimage\"},\"thumbnailUrl\":\"https:\\\/\\\/www.versiegelung24.com\\\/wp-content\\\/uploads\\\/2021\\\/12\\\/smart_liq-1-scaled.jpg\",\"datePublished\":\"2021-12-14T13:15:26+00:00\",\"dateModified\":\"2024-09-01T20:43:17+00:00\",\"description\":\"Chra\u0148te sv\u016fj smartphone a tablet na\u0161\u00edm t\u011bsnic\u00edm prost\u0159edkem! Tmel na tekut\u00e9 sklo pro optim\u00e1ln\u00ed ochranu displeje smartphonu!\",\"breadcrumb\":{\"@id\":\"https:\\\/\\\/www.versiegelung24.com\\\/cs\\\/rady-ohledne-produktu-versiegelung24\\\/know-how\\\/chytry-telefon\\\/#breadcrumb\"},\"inLanguage\":\"cs\",\"potentialAction\":[{\"@type\":\"ReadAction\",\"target\":[\"https:\\\/\\\/www.versiegelung24.com\\\/cs\\\/rady-ohledne-produktu-versiegelung24\\\/know-how\\\/chytry-telefon\\\/\"]}]},{\"@type\":\"ImageObject\",\"inLanguage\":\"cs\",\"@id\":\"https:\\\/\\\/www.versiegelung24.com\\\/cs\\\/rady-ohledne-produktu-versiegelung24\\\/know-how\\\/chytry-telefon\\\/#primaryimage\",\"url\":\"https:\\\/\\\/www.versiegelung24.com\\\/wp-content\\\/uploads\\\/2021\\\/12\\\/smart_liq-1-scaled.jpg\",\"contentUrl\":\"https:\\\/\\\/www.versiegelung24.com\\\/wp-content\\\/uploads\\\/2021\\\/12\\\/smart_liq-1-scaled.jpg\",\"width\":2560,\"height\":2560},{\"@type\":\"BreadcrumbList\",\"@id\":\"https:\\\/\\\/www.versiegelung24.com\\\/cs\\\/rady-ohledne-produktu-versiegelung24\\\/know-how\\\/chytry-telefon\\\/#breadcrumb\",\"itemListElement\":[{\"@type\":\"ListItem\",\"position\":1,\"name\":\"Domovsk\u00e1 str\u00e1nka\",\"item\":\"https:\\\/\\\/www.versiegelung24.com\\\/cs\\\/predni\\\/\"},{\"@type\":\"ListItem\",\"position\":2,\"name\":\"Poradce\",\"item\":\"https:\\\/\\\/www.versiegelung24.com\\\/cs\\\/ratgeber\\\/\"},{\"@type\":\"ListItem\",\"position\":3,\"name\":\"\u010dasopis\",\"item\":\"https:\\\/\\\/www.versiegelung24.com\\\/cs\\\/ratgeber\\\/magazin\\\/\"},{\"@type\":\"ListItem\",\"position\":4,\"name\":\"Tmel na tekut\u00e9 sklo chytr\u00fdch telefon\u016f a tablet\u016f &#8211; ochrana displej\u016f a prodlou\u017een\u00ed \u017eivotnosti\"}]},{\"@type\":\"WebSite\",\"@id\":\"https:\\\/\\\/www.versiegelung24.com\\\/cs\\\/#website\",\"url\":\"https:\\\/\\\/www.versiegelung24.com\\\/cs\\\/\",\"name\":\"versiegelung24.com\",\"description\":\"Fl\u00fcssigglas-Versiegelung - Made in Germany\",\"publisher\":{\"@id\":\"https:\\\/\\\/www.versiegelung24.com\\\/cs\\\/#organization\"},\"potentialAction\":[{\"@type\":\"SearchAction\",\"target\":{\"@type\":\"EntryPoint\",\"urlTemplate\":\"https:\\\/\\\/www.versiegelung24.com\\\/cs\\\/?s={search_term_string}\"},\"query-input\":{\"@type\":\"PropertyValueSpecification\",\"valueRequired\":true,\"valueName\":\"search_term_string\"}}],\"inLanguage\":\"cs\"},{\"@type\":\"Organization\",\"@id\":\"https:\\\/\\\/www.versiegelung24.com\\\/cs\\\/#organization\",\"name\":\"versiegelung24\",\"url\":\"https:\\\/\\\/www.versiegelung24.com\\\/cs\\\/\",\"logo\":{\"@type\":\"ImageObject\",\"inLanguage\":\"cs\",\"@id\":\"https:\\\/\\\/www.versiegelung24.com\\\/cs\\\/#\\\/schema\\\/logo\\\/image\\\/\",\"url\":\"https:\\\/\\\/www.versiegelung24.com\\\/wp-content\\\/uploads\\\/2020\\\/04\\\/versiegelung24.png\",\"contentUrl\":\"https:\\\/\\\/www.versiegelung24.com\\\/wp-content\\\/uploads\\\/2020\\\/04\\\/versiegelung24.png\",\"width\":470,\"height\":102,\"caption\":\"versiegelung24\"},\"image\":{\"@id\":\"https:\\\/\\\/www.versiegelung24.com\\\/cs\\\/#\\\/schema\\\/logo\\\/image\\\/\"}}]}<\/script>\n<!-- \/ Yoast SEO Premium plugin. -->","yoast_head_json":{"title":"Chra\u0148te sv\u016fj smartphone a tablet tekut\u00fdm tmelem na sklo!","description":"Chra\u0148te sv\u016fj smartphone a tablet na\u0161\u00edm t\u011bsnic\u00edm prost\u0159edkem! Tmel na tekut\u00e9 sklo pro optim\u00e1ln\u00ed ochranu displeje smartphonu!","robots":{"index":"index","follow":"follow","max-snippet":"max-snippet:-1","max-image-preview":"max-image-preview:large","max-video-preview":"max-video-preview:-1"},"canonical":"https:\/\/www.versiegelung24.com\/cs\/rady-ohledne-produktu-versiegelung24\/know-how\/chytry-telefon\/","og_locale":"cs_CZ","og_type":"article","og_title":"Tmel na tekut\u00e9 sklo chytr\u00fdch telefon\u016f a tablet\u016f - ochrana displej\u016f a prodlou\u017een\u00ed \u017eivotnosti","og_description":"Chra\u0148te sv\u016fj smartphone a tablet na\u0161\u00edm t\u011bsnic\u00edm prost\u0159edkem! Tmel na tekut\u00e9 sklo pro optim\u00e1ln\u00ed ochranu displeje smartphonu!","og_url":"https:\/\/www.versiegelung24.com\/cs\/rady-ohledne-produktu-versiegelung24\/know-how\/chytry-telefon\/","og_site_name":"versiegelung24.com","article_modified_time":"2024-09-01T20:43:17+00:00","og_image":[{"width":2560,"height":2560,"url":"https:\/\/www.versiegelung24.com\/wp-content\/uploads\/2021\/12\/smart_liq-1-scaled.jpg","type":"image\/jpeg"}],"twitter_card":"summary_large_image","twitter_misc":{"Odhadovan\u00e1 doba \u010dten\u00ed":"2 minuty"},"schema":{"@context":"https:\/\/schema.org","@graph":[{"@type":"WebPage","@id":"https:\/\/www.versiegelung24.com\/cs\/rady-ohledne-produktu-versiegelung24\/know-how\/chytry-telefon\/","url":"https:\/\/www.versiegelung24.com\/cs\/rady-ohledne-produktu-versiegelung24\/know-how\/chytry-telefon\/","name":"Chra\u0148te sv\u016fj smartphone a tablet tekut\u00fdm tmelem na sklo!","isPartOf":{"@id":"https:\/\/www.versiegelung24.com\/cs\/#website"},"primaryImageOfPage":{"@id":"https:\/\/www.versiegelung24.com\/cs\/rady-ohledne-produktu-versiegelung24\/know-how\/chytry-telefon\/#primaryimage"},"image":{"@id":"https:\/\/www.versiegelung24.com\/cs\/rady-ohledne-produktu-versiegelung24\/know-how\/chytry-telefon\/#primaryimage"},"thumbnailUrl":"https:\/\/www.versiegelung24.com\/wp-content\/uploads\/2021\/12\/smart_liq-1-scaled.jpg","datePublished":"2021-12-14T13:15:26+00:00","dateModified":"2024-09-01T20:43:17+00:00","description":"Chra\u0148te sv\u016fj smartphone a tablet na\u0161\u00edm t\u011bsnic\u00edm prost\u0159edkem! Tmel na tekut\u00e9 sklo pro optim\u00e1ln\u00ed ochranu displeje smartphonu!","breadcrumb":{"@id":"https:\/\/www.versiegelung24.com\/cs\/rady-ohledne-produktu-versiegelung24\/know-how\/chytry-telefon\/#breadcrumb"},"inLanguage":"cs","potentialAction":[{"@type":"ReadAction","target":["https:\/\/www.versiegelung24.com\/cs\/rady-ohledne-produktu-versiegelung24\/know-how\/chytry-telefon\/"]}]},{"@type":"ImageObject","inLanguage":"cs","@id":"https:\/\/www.versiegelung24.com\/cs\/rady-ohledne-produktu-versiegelung24\/know-how\/chytry-telefon\/#primaryimage","url":"https:\/\/www.versiegelung24.com\/wp-content\/uploads\/2021\/12\/smart_liq-1-scaled.jpg","contentUrl":"https:\/\/www.versiegelung24.com\/wp-content\/uploads\/2021\/12\/smart_liq-1-scaled.jpg","width":2560,"height":2560},{"@type":"BreadcrumbList","@id":"https:\/\/www.versiegelung24.com\/cs\/rady-ohledne-produktu-versiegelung24\/know-how\/chytry-telefon\/#breadcrumb","itemListElement":[{"@type":"ListItem","position":1,"name":"Domovsk\u00e1 str\u00e1nka","item":"https:\/\/www.versiegelung24.com\/cs\/predni\/"},{"@type":"ListItem","position":2,"name":"Poradce","item":"https:\/\/www.versiegelung24.com\/cs\/ratgeber\/"},{"@type":"ListItem","position":3,"name":"\u010dasopis","item":"https:\/\/www.versiegelung24.com\/cs\/ratgeber\/magazin\/"},{"@type":"ListItem","position":4,"name":"Tmel na tekut\u00e9 sklo chytr\u00fdch telefon\u016f a tablet\u016f &#8211; ochrana displej\u016f a prodlou\u017een\u00ed \u017eivotnosti"}]},{"@type":"WebSite","@id":"https:\/\/www.versiegelung24.com\/cs\/#website","url":"https:\/\/www.versiegelung24.com\/cs\/","name":"versiegelung24.com","description":"Fl\u00fcssigglas-Versiegelung - Made in Germany","publisher":{"@id":"https:\/\/www.versiegelung24.com\/cs\/#organization"},"potentialAction":[{"@type":"SearchAction","target":{"@type":"EntryPoint","urlTemplate":"https:\/\/www.versiegelung24.com\/cs\/?s={search_term_string}"},"query-input":{"@type":"PropertyValueSpecification","valueRequired":true,"valueName":"search_term_string"}}],"inLanguage":"cs"},{"@type":"Organization","@id":"https:\/\/www.versiegelung24.com\/cs\/#organization","name":"versiegelung24","url":"https:\/\/www.versiegelung24.com\/cs\/","logo":{"@type":"ImageObject","inLanguage":"cs","@id":"https:\/\/www.versiegelung24.com\/cs\/#\/schema\/logo\/image\/","url":"https:\/\/www.versiegelung24.com\/wp-content\/uploads\/2020\/04\/versiegelung24.png","contentUrl":"https:\/\/www.versiegelung24.com\/wp-content\/uploads\/2020\/04\/versiegelung24.png","width":470,"height":102,"caption":"versiegelung24"},"image":{"@id":"https:\/\/www.versiegelung24.com\/cs\/#\/schema\/logo\/image\/"}}]}},"_links":{"self":[{"href":"https:\/\/www.versiegelung24.com\/cs\/wp-json\/wp\/v2\/pages\/41024","targetHints":{"allow":["GET"]}}],"collection":[{"href":"https:\/\/www.versiegelung24.com\/cs\/wp-json\/wp\/v2\/pages"}],"about":[{"href":"https:\/\/www.versiegelung24.com\/cs\/wp-json\/wp\/v2\/types\/page"}],"author":[{"embeddable":true,"href":"https:\/\/www.versiegelung24.com\/cs\/wp-json\/wp\/v2\/users\/932"}],"replies":[{"embeddable":true,"href":"https:\/\/www.versiegelung24.com\/cs\/wp-json\/wp\/v2\/comments?post=41024"}],"version-history":[{"count":15,"href":"https:\/\/www.versiegelung24.com\/cs\/wp-json\/wp\/v2\/pages\/41024\/revisions"}],"predecessor-version":[{"id":173419,"href":"https:\/\/www.versiegelung24.com\/cs\/wp-json\/wp\/v2\/pages\/41024\/revisions\/173419"}],"up":[{"embeddable":true,"href":"https:\/\/www.versiegelung24.com\/cs\/wp-json\/wp\/v2\/pages\/34633"}],"wp:featuredmedia":[{"embeddable":true,"href":"https:\/\/www.versiegelung24.com\/cs\/wp-json\/wp\/v2\/media\/41486"}],"wp:attachment":[{"href":"https:\/\/www.versiegelung24.com\/cs\/wp-json\/wp\/v2\/media?parent=41024"}],"wp:term":[{"taxonomy":"category","embeddable":true,"href":"https:\/\/www.versiegelung24.com\/cs\/wp-json\/wp\/v2\/categories?post=41024"},{"taxonomy":"seiten_kategorie","embeddable":true,"href":"https:\/\/www.versiegelung24.com\/cs\/wp-json\/wp\/v2\/seiten_kategorie?post=41024"}],"curies":[{"name":"wp","href":"https:\/\/api.w.org\/{rel}","templated":true}]}}