{"id":126081,"date":"2023-09-01T15:04:03","date_gmt":"2023-09-01T13:04:41","guid":{"rendered":"https:\/\/www.versiegelung24.com\/product\/tmel-na-celni-sklo-406\/"},"modified":"2025-01-05T17:37:46","modified_gmt":"2025-01-05T16:37:46","slug":"tmel-na-celni-sklo-406","status":"publish","type":"product","link":"https:\/\/www.versiegelung24.com\/cs\/tmel-na-celni-sklo-406.html","title":{"rendered":"T\u011bsn\u011bn\u00ed \u010deln\u00edho skla"},"content":{"rendered":"\n<p>Vstupte <strong>do nov\u00e9 \u00e9ry bezpe\u010dnosti a pohodl\u00ed p\u0159i \u0159\u00edzen\u00ed s na\u0161\u00edm t\u011bsnic\u00edm materi\u00e1lem na \u010deln\u00ed sklo se schv\u00e1len\u00edm T\u00dcV<\/strong>. Na\u0161e pokro\u010dil\u00e9 slo\u017een\u00ed je nejen neuv\u011b\u0159iteln\u011b odoln\u00e9, ale tak\u00e9 univerz\u00e1ln\u00ed &#8211; od osobn\u00edch a n\u00e1kladn\u00edch automobil\u016f a\u017e po lod\u011b a karavany. Za\u017eijte rozd\u00edl a\u017e 20 000 km bezstarostn\u00e9 j\u00edzdy s jedinou aplikac\u00ed. Sta\u010d\u00ed je ka\u017ed\u00fdch \u0161est m\u011bs\u00edc\u016f znovu aplikovat a budete se t\u011b\u0161it z nep\u0159ekonateln\u00e9ho vid\u011bn\u00ed po cel\u00fd rok.<\/p>\n\n<p>To v\u0161ak nen\u00ed v\u0161e. Na\u0161e t\u011bsnic\u00ed hmota zaji\u0161\u0165uje, \u017ee voda p\u0159i rychlostech nad 60 km\/h jednodu\u0161e st\u00e9k\u00e1, tak\u017ee st\u011bra\u010de jsou u\u0161et\u0159eny a vy m\u00e1te i za \u0161patn\u00e9ho po\u010das\u00ed dobr\u00fd v\u00fdhled. \u0158\u00edd\u00edte \u010dasto v noci? N\u00e1\u0161 t\u011bsnic\u00ed materi\u00e1l sni\u017euje osln\u011bn\u00ed a zkreslen\u00ed sv\u011btla, tak\u017ee m\u016f\u017eete b\u00fdt na silnici v bezpe\u010d\u00ed a bez obav.<\/p>\n\n<h2 class=\"wp-block-heading\" id=\"video\">Video<\/h2>\n\n<figure class=\"wp-block-embed is-type-video is-provider-youtube wp-block-embed-youtube wp-embed-aspect-16-9 wp-has-aspect-ratio\"><div class=\"wp-block-embed__wrapper\">\n<div class=\"nv-iframe-embed\"><iframe title=\"Windschutzscheiben Versiegelung - Versiegelung24.com\" width=\"1200\" height=\"675\" src=\"https:\/\/www.youtube.com\/embed\/5cu8smLIMD0?feature=oembed\" frameborder=\"0\" allow=\"accelerometer; autoplay; clipboard-write; encrypted-media; gyroscope; picture-in-picture; web-share\" allowfullscreen><\/iframe><\/div>\n<\/div><\/figure>\n\n<hr class=\"wp-block-separator has-alpha-channel-opacity\"\/>\n\n<h2 class=\"wp-block-heading\" id=\"properties\">vlastnosti<\/h2>\n\n<p><\/p>\n\n<p>Obsah: 2 p\u0159ed\u010dist\u00edc\u00ed ut\u011brky, 2 t\u011bsnic\u00ed ut\u011brky (ka\u017ed\u00e1 na 2 m\u00b2), 1 ut\u011brka z mikrovl\u00e1kna, 2 jednor\u00e1zov\u00e9 rukavice.<\/p>\n\n<ul class=\"wp-block-list\">\n<li>Dlouh\u00e1 \u017eivotnost &#8211; a\u017e 20 000 km<\/li>\n\n\n\n<li>Sni\u017euje osln\u011bn\u00ed a zkreslen\u00ed sv\u011btla v noci<\/li>\n\n\n\n<li>Odt\u00e9kaj\u00edc\u00ed voda (60+ km\/h), tj. jasn\u00fd v\u00fdhled i bez st\u011bra\u010d\u016f.<\/li>\n\n\n\n<li>Chr\u00e1n\u00ed st\u011bra\u010de \u010deln\u00edho skla<\/li>\n\n\n\n<li>Jednoduch\u00e1 aplikace<\/li>\n\n\n\n<li>Siln\u00e9 antiadhezn\u00ed vlastnosti a men\u0161\u00ed p\u0159ilnavost hmyzu<\/li>\n\n\n\n<li>Sni\u017euje v\u00fdskyt mikro\u0161kr\u00e1banc\u016f<\/li>\n\n\n\n<li>Snadn\u011bj\u0161\u00ed \u010di\u0161t\u011bn\u00ed oken a snadn\u011bj\u0161\u00ed odstra\u0148ov\u00e1n\u00ed ledu<\/li>\n\n\n\n<li>Neviditeln\u00e1 ochrann\u00e1 vrstva &#8211; 500\u00d7 ten\u010d\u00ed ne\u017e lidsk\u00fd vlas<\/li>\n\n\n\n<li>UV stabiln\u00ed s vysokou odolnost\u00ed proti od\u011bru<\/li>\n\n\n\n<li>Odolnost v\u016f\u010di teplotn\u00edm v\u00fdkyv\u016fm<\/li>\n\n\n\n<li>Chemicky odoln\u00e9 (ph 2 a\u017e 13)<\/li>\n\n\n\n<li>Odolnost v\u016f\u010di pra\u010dce a vysokotlak\u00e9mu \u010disti\u010di<\/li>\n\n\n\n<li>Pro p\u0159edn\u00ed a bo\u010dn\u00ed okna osobn\u00edch automobil\u016f, dod\u00e1vek, n\u00e1kladn\u00edch automobil\u016f, lod\u00ed a karavan\u016f.<\/li>\n\n\n\n<li>Naneste na \u010deln\u00ed sklo a opakujte po 6 m\u011bs\u00edc\u00edch = vydr\u017e\u00ed a\u017e 1 rok.<\/li>\n\n\n\n<li>Testov\u00e1no T\u00dcV<\/li>\n<\/ul>\n","protected":false},"excerpt":{"rendered":"<p>\u2713 Dlouh\u00e1 \u017eivotnost &#8211; a\u017e 20 000 km<\/p>\n<p>\u2713 Odst\u0159ikov\u00e1n\u00ed vody (60+ km\/h), tj. jasn\u00fd v\u00fdhled i bez st\u011bra\u010d\u016f<\/p>\n<p>\u2713 Siln\u00e9 antiadhezn\u00ed vlastnosti a men\u0161\u00ed p\u0159ilnavost hmyzu<\/p>\n","protected":false},"featured_media":132064,"template":"","meta":{"_acf_changed":false,"neve_meta_sidebar":"","neve_meta_container":"","neve_meta_enable_content_width":"","neve_meta_content_width":0,"neve_meta_title_alignment":"","neve_meta_author_avatar":"","neve_post_elements_order":"","neve_meta_disable_header":"","neve_meta_disable_footer":"","neve_meta_disable_title":"","neve_meta_reading_time":"","_surfaces":[],"_ver_product_tabs":[],"footnotes":""},"product_brand":[],"product_cat":[2223,2257,2979],"product_tag":[],"class_list":{"0":"post-126081","1":"product","2":"type-product","3":"status-publish","4":"has-post-thumbnail","6":"product_cat-tesneni-auta","7":"product_cat-tesneni-na-sklo-a-keramiku","8":"product_cat-tesneni-z-tekuteho-skla","10":"first","11":"instock","12":"taxable","13":"shipping-taxable","14":"purchasable","15":"product-type-simple"},"acf":[],"yoast_head":"<!-- This site is optimized with the Yoast SEO Premium plugin v22.8 (Yoast SEO v27.5) - https:\/\/yoast.com\/product\/yoast-seo-premium-wordpress\/ -->\n<title>T\u011bsn\u011bn\u00ed \u010deln\u00edho skla - versiegelung24.com<\/title>\n<meta name=\"robots\" content=\"index, follow, max-snippet:-1, max-image-preview:large, max-video-preview:-1\" \/>\n<link rel=\"canonical\" href=\"https:\/\/www.versiegelung24.com\/cs\/tmel-na-celni-sklo-406.html\" \/>\n<meta property=\"og:locale\" content=\"cs_CZ\" \/>\n<meta property=\"og:type\" content=\"article\" \/>\n<meta property=\"og:title\" content=\"T\u011bsn\u011bn\u00ed \u010deln\u00edho skla\" \/>\n<meta property=\"og:description\" content=\"\u2713 Dlouh\u00e1 \u017eivotnost - a\u017e 20 000 km \u2713 Odst\u0159ikov\u00e1n\u00ed vody (60+ km\/h), tj. jasn\u00fd v\u00fdhled i bez st\u011bra\u010d\u016f \u2713 Siln\u00e9 antiadhezn\u00ed vlastnosti a men\u0161\u00ed p\u0159ilnavost hmyzu\" \/>\n<meta property=\"og:url\" content=\"https:\/\/www.versiegelung24.com\/cs\/tmel-na-celni-sklo-406.html\" \/>\n<meta property=\"og:site_name\" content=\"versiegelung24.com\" \/>\n<meta property=\"article:modified_time\" content=\"2025-01-05T16:37:46+00:00\" \/>\n<meta property=\"og:image\" content=\"https:\/\/www.versiegelung24.com\/wp-content\/uploads\/2023\/09\/windschutz-1-1.webp\" \/>\n\t<meta property=\"og:image:width\" content=\"2560\" \/>\n\t<meta property=\"og:image:height\" content=\"2560\" \/>\n\t<meta property=\"og:image:type\" content=\"image\/webp\" \/>\n<meta name=\"twitter:card\" content=\"summary_large_image\" \/>\n<meta name=\"twitter:label1\" content=\"Cena\" \/>\n\t<meta name=\"twitter:data1\" content=\"17,99&euro;\" \/>\n\t<meta name=\"twitter:label2\" content=\"Dostupnost\" \/>\n\t<meta name=\"twitter:data2\" content=\"Skladem\" \/>\n<script type=\"application\/ld+json\" class=\"yoast-schema-graph\">{\"@context\":\"https:\\\/\\\/schema.org\",\"@graph\":[{\"@type\":\"WebPage\",\"@id\":\"https:\\\/\\\/www.versiegelung24.com\\\/cs\\\/tmel-na-celni-sklo-406.html\",\"url\":\"https:\\\/\\\/www.versiegelung24.com\\\/cs\\\/tmel-na-celni-sklo-406.html\",\"name\":\"T\u011bsn\u011bn\u00ed \u010deln\u00edho skla - versiegelung24.com\",\"isPartOf\":{\"@id\":\"https:\\\/\\\/www.versiegelung24.com\\\/cs\\\/#website\"},\"primaryImageOfPage\":{\"@id\":\"https:\\\/\\\/www.versiegelung24.com\\\/cs\\\/tmel-na-celni-sklo-406.html#primaryimage\"},\"image\":{\"@id\":\"https:\\\/\\\/www.versiegelung24.com\\\/cs\\\/tmel-na-celni-sklo-406.html#primaryimage\"},\"thumbnailUrl\":\"https:\\\/\\\/www.versiegelung24.com\\\/wp-content\\\/uploads\\\/2023\\\/09\\\/windschutz-1-1.webp\",\"datePublished\":\"2023-09-01T13:04:41+00:00\",\"dateModified\":\"2025-01-05T16:37:46+00:00\",\"breadcrumb\":{\"@id\":\"https:\\\/\\\/www.versiegelung24.com\\\/cs\\\/tmel-na-celni-sklo-406.html#breadcrumb\"},\"inLanguage\":\"cs\",\"potentialAction\":[{\"@type\":\"ReadAction\",\"target\":[\"https:\\\/\\\/www.versiegelung24.com\\\/cs\\\/tmel-na-celni-sklo-406.html\"]}]},{\"@type\":\"ImageObject\",\"inLanguage\":\"cs\",\"@id\":\"https:\\\/\\\/www.versiegelung24.com\\\/cs\\\/tmel-na-celni-sklo-406.html#primaryimage\",\"url\":\"https:\\\/\\\/www.versiegelung24.com\\\/wp-content\\\/uploads\\\/2023\\\/09\\\/windschutz-1-1.webp\",\"contentUrl\":\"https:\\\/\\\/www.versiegelung24.com\\\/wp-content\\\/uploads\\\/2023\\\/09\\\/windschutz-1-1.webp\",\"width\":2560,\"height\":2560},{\"@type\":\"BreadcrumbList\",\"@id\":\"https:\\\/\\\/www.versiegelung24.com\\\/cs\\\/tmel-na-celni-sklo-406.html#breadcrumb\",\"itemListElement\":[{\"@type\":\"ListItem\",\"position\":1,\"name\":\"Domovsk\u00e1 str\u00e1nka\",\"item\":\"https:\\\/\\\/www.versiegelung24.com\\\/cs\\\/predni\\\/\"},{\"@type\":\"ListItem\",\"position\":2,\"name\":\"Prodejna\",\"item\":\"https:\\\/\\\/www.versiegelung24.com\\\/cs\\\/prodejna\\\/\"},{\"@type\":\"ListItem\",\"position\":3,\"name\":\"T\u011bsn\u011bn\u00ed \u010deln\u00edho skla\"}]},{\"@type\":\"WebSite\",\"@id\":\"https:\\\/\\\/www.versiegelung24.com\\\/cs\\\/#website\",\"url\":\"https:\\\/\\\/www.versiegelung24.com\\\/cs\\\/\",\"name\":\"versiegelung24.com\",\"description\":\"Fl\u00fcssigglas-Versiegelung - Made in Germany\",\"publisher\":{\"@id\":\"https:\\\/\\\/www.versiegelung24.com\\\/cs\\\/#organization\"},\"potentialAction\":[{\"@type\":\"SearchAction\",\"target\":{\"@type\":\"EntryPoint\",\"urlTemplate\":\"https:\\\/\\\/www.versiegelung24.com\\\/cs\\\/?s={search_term_string}\"},\"query-input\":{\"@type\":\"PropertyValueSpecification\",\"valueRequired\":true,\"valueName\":\"search_term_string\"}}],\"inLanguage\":\"cs\"},{\"@type\":\"Organization\",\"@id\":\"https:\\\/\\\/www.versiegelung24.com\\\/cs\\\/#organization\",\"name\":\"versiegelung24\",\"url\":\"https:\\\/\\\/www.versiegelung24.com\\\/cs\\\/\",\"logo\":{\"@type\":\"ImageObject\",\"inLanguage\":\"cs\",\"@id\":\"https:\\\/\\\/www.versiegelung24.com\\\/cs\\\/#\\\/schema\\\/logo\\\/image\\\/\",\"url\":\"https:\\\/\\\/www.versiegelung24.com\\\/wp-content\\\/uploads\\\/2020\\\/04\\\/versiegelung24.png\",\"contentUrl\":\"https:\\\/\\\/www.versiegelung24.com\\\/wp-content\\\/uploads\\\/2020\\\/04\\\/versiegelung24.png\",\"width\":470,\"height\":102,\"caption\":\"versiegelung24\"},\"image\":{\"@id\":\"https:\\\/\\\/www.versiegelung24.com\\\/cs\\\/#\\\/schema\\\/logo\\\/image\\\/\"}}]}<\/script>\n<meta property=\"product:price:amount\" content=\"17.99\" \/>\n<meta property=\"product:price:currency\" content=\"EUR\" \/>\n<meta property=\"og:availability\" content=\"instock\" \/>\n<meta property=\"product:availability\" content=\"instock\" \/>\n<meta property=\"product:retailer_item_id\" content=\"4040-406\" \/>\n<meta property=\"product:condition\" content=\"new\" \/>\n<!-- \/ Yoast SEO Premium plugin. -->","yoast_head_json":{"title":"T\u011bsn\u011bn\u00ed \u010deln\u00edho skla - versiegelung24.com","robots":{"index":"index","follow":"follow","max-snippet":"max-snippet:-1","max-image-preview":"max-image-preview:large","max-video-preview":"max-video-preview:-1"},"canonical":"https:\/\/www.versiegelung24.com\/cs\/tmel-na-celni-sklo-406.html","og_locale":"cs_CZ","og_type":"article","og_title":"T\u011bsn\u011bn\u00ed \u010deln\u00edho skla","og_description":"\u2713 Dlouh\u00e1 \u017eivotnost - a\u017e 20 000 km \u2713 Odst\u0159ikov\u00e1n\u00ed vody (60+ km\/h), tj. jasn\u00fd v\u00fdhled i bez st\u011bra\u010d\u016f \u2713 Siln\u00e9 antiadhezn\u00ed vlastnosti a men\u0161\u00ed p\u0159ilnavost hmyzu","og_url":"https:\/\/www.versiegelung24.com\/cs\/tmel-na-celni-sklo-406.html","og_site_name":"versiegelung24.com","article_modified_time":"2025-01-05T16:37:46+00:00","og_image":[{"width":2560,"height":2560,"url":"https:\/\/www.versiegelung24.com\/wp-content\/uploads\/2023\/09\/windschutz-1-1.webp","type":"image\/webp"}],"twitter_card":"summary_large_image","twitter_misc":{"Cena":"17,99&euro;","Dostupnost":"Skladem"},"schema":{"@context":"https:\/\/schema.org","@graph":[{"@type":"WebPage","@id":"https:\/\/www.versiegelung24.com\/cs\/tmel-na-celni-sklo-406.html","url":"https:\/\/www.versiegelung24.com\/cs\/tmel-na-celni-sklo-406.html","name":"T\u011bsn\u011bn\u00ed \u010deln\u00edho skla - versiegelung24.com","isPartOf":{"@id":"https:\/\/www.versiegelung24.com\/cs\/#website"},"primaryImageOfPage":{"@id":"https:\/\/www.versiegelung24.com\/cs\/tmel-na-celni-sklo-406.html#primaryimage"},"image":{"@id":"https:\/\/www.versiegelung24.com\/cs\/tmel-na-celni-sklo-406.html#primaryimage"},"thumbnailUrl":"https:\/\/www.versiegelung24.com\/wp-content\/uploads\/2023\/09\/windschutz-1-1.webp","datePublished":"2023-09-01T13:04:41+00:00","dateModified":"2025-01-05T16:37:46+00:00","breadcrumb":{"@id":"https:\/\/www.versiegelung24.com\/cs\/tmel-na-celni-sklo-406.html#breadcrumb"},"inLanguage":"cs","potentialAction":[{"@type":"ReadAction","target":["https:\/\/www.versiegelung24.com\/cs\/tmel-na-celni-sklo-406.html"]}]},{"@type":"ImageObject","inLanguage":"cs","@id":"https:\/\/www.versiegelung24.com\/cs\/tmel-na-celni-sklo-406.html#primaryimage","url":"https:\/\/www.versiegelung24.com\/wp-content\/uploads\/2023\/09\/windschutz-1-1.webp","contentUrl":"https:\/\/www.versiegelung24.com\/wp-content\/uploads\/2023\/09\/windschutz-1-1.webp","width":2560,"height":2560},{"@type":"BreadcrumbList","@id":"https:\/\/www.versiegelung24.com\/cs\/tmel-na-celni-sklo-406.html#breadcrumb","itemListElement":[{"@type":"ListItem","position":1,"name":"Domovsk\u00e1 str\u00e1nka","item":"https:\/\/www.versiegelung24.com\/cs\/predni\/"},{"@type":"ListItem","position":2,"name":"Prodejna","item":"https:\/\/www.versiegelung24.com\/cs\/prodejna\/"},{"@type":"ListItem","position":3,"name":"T\u011bsn\u011bn\u00ed \u010deln\u00edho skla"}]},{"@type":"WebSite","@id":"https:\/\/www.versiegelung24.com\/cs\/#website","url":"https:\/\/www.versiegelung24.com\/cs\/","name":"versiegelung24.com","description":"Fl\u00fcssigglas-Versiegelung - Made in Germany","publisher":{"@id":"https:\/\/www.versiegelung24.com\/cs\/#organization"},"potentialAction":[{"@type":"SearchAction","target":{"@type":"EntryPoint","urlTemplate":"https:\/\/www.versiegelung24.com\/cs\/?s={search_term_string}"},"query-input":{"@type":"PropertyValueSpecification","valueRequired":true,"valueName":"search_term_string"}}],"inLanguage":"cs"},{"@type":"Organization","@id":"https:\/\/www.versiegelung24.com\/cs\/#organization","name":"versiegelung24","url":"https:\/\/www.versiegelung24.com\/cs\/","logo":{"@type":"ImageObject","inLanguage":"cs","@id":"https:\/\/www.versiegelung24.com\/cs\/#\/schema\/logo\/image\/","url":"https:\/\/www.versiegelung24.com\/wp-content\/uploads\/2020\/04\/versiegelung24.png","contentUrl":"https:\/\/www.versiegelung24.com\/wp-content\/uploads\/2020\/04\/versiegelung24.png","width":470,"height":102,"caption":"versiegelung24"},"image":{"@id":"https:\/\/www.versiegelung24.com\/cs\/#\/schema\/logo\/image\/"}}]},"product_price_amount":"17.99","product_price_currency":"EUR","og_availability":"instock","product_availability":"instock","product_retailer_item_id":"4040-406","product_condition":"new"},"_links":{"self":[{"href":"https:\/\/www.versiegelung24.com\/cs\/wp-json\/wp\/v2\/product\/126081","targetHints":{"allow":["GET"]}}],"collection":[{"href":"https:\/\/www.versiegelung24.com\/cs\/wp-json\/wp\/v2\/product"}],"about":[{"href":"https:\/\/www.versiegelung24.com\/cs\/wp-json\/wp\/v2\/types\/product"}],"version-history":[{"count":8,"href":"https:\/\/www.versiegelung24.com\/cs\/wp-json\/wp\/v2\/product\/126081\/revisions"}],"predecessor-version":[{"id":178348,"href":"https:\/\/www.versiegelung24.com\/cs\/wp-json\/wp\/v2\/product\/126081\/revisions\/178348"}],"wp:featuredmedia":[{"embeddable":true,"href":"https:\/\/www.versiegelung24.com\/cs\/wp-json\/wp\/v2\/media\/132064"}],"wp:attachment":[{"href":"https:\/\/www.versiegelung24.com\/cs\/wp-json\/wp\/v2\/media?parent=126081"}],"wp:term":[{"taxonomy":"product_brand","embeddable":true,"href":"https:\/\/www.versiegelung24.com\/cs\/wp-json\/wp\/v2\/product_brand?post=126081"},{"taxonomy":"product_cat","embeddable":true,"href":"https:\/\/www.versiegelung24.com\/cs\/wp-json\/wp\/v2\/product_cat?post=126081"},{"taxonomy":"product_tag","embeddable":true,"href":"https:\/\/www.versiegelung24.com\/cs\/wp-json\/wp\/v2\/product_tag?post=126081"}],"curies":[{"name":"wp","href":"https:\/\/api.w.org\/{rel}","templated":true}]}}