{"id":181810,"date":"2025-07-31T12:51:03","date_gmt":"2025-07-31T10:51:05","guid":{"rendered":"https:\/\/www.versiegelung24.com\/?post_type=product&#038;p=181810"},"modified":"2025-09-05T13:25:08","modified_gmt":"2025-09-05T11:25:08","slug":"holzimpragnierung-silanbasis","status":"publish","type":"product","link":"https:\/\/www.versiegelung24.com\/cs\/holzimpragnierung-silanbasis.html","title":{"rendered":"Impregnace d\u0159eva &#8211; p\u0159\u00edrodn\u00ed ochrana d\u0159eva na b\u00e1zi silanu"},"content":{"rendered":"\n<h2 class=\"wp-block-heading\" id=\"h-holzschutz-naturimpragnierung-auf-silanbasis-wasserbasierend\"><strong>Ochrana d\u0159eva: p\u0159\u00edrodn\u00ed impregnace na b\u00e1zi silanu (na b\u00e1zi vody)<\/strong><\/h2>\n\n<p>Vysok\u00e1 kvalita Made in Germany.<\/p>\n\n<hr\/>\n\n<div class=\"wp-block-columns is-layout-flex wp-container-core-columns-is-layout-9d6595d7 wp-block-columns-is-layout-flex\">\n<div class=\"wp-block-column is-layout-flow wp-block-column-is-layout-flow\">\n<p>Na\u0161e impregnace na d\u0159evo je impregna\u010dn\u00ed syst\u00e9m na b\u00e1zi silanu p\u0159ipraven\u00fd k pou\u017eit\u00ed. Stabilizuje lignin a t\u00edm v\u00fdrazn\u011b chr\u00e1n\u00ed d\u0159evo p\u0159ed \u0161ednut\u00edm. Jej\u00ed hydrofobn\u00ed vlastnosti zabra\u0148uj\u00ed pronik\u00e1n\u00ed ne\u017e\u00e1douc\u00ed vlhkosti a ne\u010distot do d\u0159eva.  <\/p>\n\n\n\n<p><strong>Vhodn\u00e9 pro:<\/strong> D\u0159evo, chodn\u00edky, p\u0159\u00edst\u0159e\u0161ky pro auta, parapety, zahradn\u00ed p\u0159\u00edst\u0159e\u0161ky, zahradn\u00ed n\u00e1bytek, stavebn\u00ed d\u0159evo, fas\u00e1dy, kv\u011btin\u00e1\u010de, terasy, ploty a mnoho dal\u0161\u00edho.<\/p>\n<\/div>\n\n\n\n<div class=\"wp-block-column is-layout-flow wp-block-column-is-layout-flow\">\n<figure class=\"wp-block-image size-large\"><img fetchpriority=\"high\" decoding=\"async\" width=\"1300\" height=\"851\" src=\"https:\/\/www.versiegelung24.com\/wp-content\/uploads\/2025\/07\/image-1300x851.png\" alt=\"\" class=\"wp-image-181965\" srcset=\"https:\/\/www.versiegelung24.com\/wp-content\/uploads\/2025\/07\/image-1300x851.png 1300w, https:\/\/www.versiegelung24.com\/wp-content\/uploads\/2025\/07\/image-300x196.png 300w, https:\/\/www.versiegelung24.com\/wp-content\/uploads\/2025\/07\/image-768x503.png 768w, https:\/\/www.versiegelung24.com\/wp-content\/uploads\/2025\/07\/image-1536x1006.png 1536w, https:\/\/www.versiegelung24.com\/wp-content\/uploads\/2025\/07\/image-600x393.png 600w, https:\/\/www.versiegelung24.com\/wp-content\/uploads\/2025\/07\/image.png 1784w\" sizes=\"(max-width: 1300px) 100vw, 1300px\" \/><\/figure>\n<\/div>\n<\/div>\n\n<h4 class=\"wp-block-heading\" id=\"properties\">Vlastnosti produktu<\/h4>\n\n<div class=\"wp-block-columns is-layout-flex wp-container-core-columns-is-layout-9d6595d7 wp-block-columns-is-layout-flex\">\n<div class=\"wp-block-column is-layout-flow wp-block-column-is-layout-flow\">\n<ul class=\"wp-block-list\">\n<li><strong>St\u00e1lobarevnost<\/strong> &#8211; pr\u016fhledn\u00e1 ochrana pro zachov\u00e1n\u00ed barvy d\u0159eva  <\/li>\n\n\n\n<li><strong>Bez ropn\u00fdch produkt\u016f<\/strong> &#8211; slo\u017een\u00ed \u0161etrn\u00e9 k \u017eivotn\u00edmu prost\u0159ed\u00ed  <\/li>\n\n\n\n<li><strong>Z\u00e1kladn\u00ed n\u00e1t\u011br a ochrann\u00e1 funkce v jednom kroku<\/strong> &#8211; Snadn\u00e1 aplikace  <\/li>\n\n\n\n<li><strong>Velmi rychl\u00e9 su\u0161en\u00ed<\/strong> &#8211; \u010dasov\u011b \u00fasporn\u00e9 zpracov\u00e1n\u00ed  <\/li>\n\n\n\n<li><strong>\u017divotnost<\/strong> &#8211; 2-5 let (p\u0159i pou\u017eit\u00ed v interi\u00e9ru v\u00fdrazn\u011b d\u00e9le)<\/li>\n\n\n\n<li><strong>Ochrana ligninu<\/strong> v\u00fdrazn\u011b <strong>zpo\u017e\u010fuje<\/strong> <strong>proces \u0161ednut\u00ed<\/strong> o <strong>n\u011bkolik m\u011bs\u00edc\u016f<\/strong>.<\/li>\n<\/ul>\n<\/div>\n\n\n\n<div class=\"wp-block-column is-layout-flow wp-block-column-is-layout-flow\">\n<ul class=\"wp-block-list\">\n<li><strong>Bez PFAS, PFOA a PFOS<\/strong><\/li>\n\n\n\n<li><strong>Chr\u00e1n\u00ed p\u0159ed \u0161ediv\u011bn\u00edm vlivem slune\u010dn\u00edho z\u00e1\u0159en\u00ed<\/strong> &#8211; UV ochrana  <\/li>\n\n\n\n<li><strong>odpuzuje vodu a ne\u010distoty<\/strong> &#8211; hydrofobn\u00ed vlastnosti  <\/li>\n\n\n\n<li><strong>Zabra\u0148uje r\u016fstu \u0159as, mech\u016f a li\u0161ejn\u00edk\u016f<\/strong> &#8211; Dlouhodob\u00e1 ochrana  <\/li>\n\n\n\n<li><strong>Spot\u0159eba: 1 litr vysta\u010d\u00ed p\u0159ibli\u017en\u011b na 30-40 m\u00b2 (<\/strong> v z\u00e1vislosti na podkladu).<\/li>\n\n\n\n<li>Aplikace <strong>je vhodn\u00e1 pro svisl\u00e9<\/strong> d\u0159ev\u011bn\u00e9 plochy nad (d\u0159ev\u011bn\u00e9 ploty, &#8230; ) a pod tr\u00e1vn\u00edkem (d\u0159ev\u011bn\u00e9 sloupky).<\/li>\n<\/ul>\n<\/div>\n<\/div>\n\n<p>Rozsah dod\u00e1vky: 1 x litrov\u00e1 l\u00e1hev, 1 x rozpra\u0161ovac\u00ed hlavice s pumpi\u010dkou<br\/><\/p>\n\n<hr\/>\n\n<h4 class=\"wp-block-heading\" id=\"application\">Aplikace<\/h4>\n\n<div class=\"wp-block-columns is-layout-flex wp-container-core-columns-is-layout-9d6595d7 wp-block-columns-is-layout-flex\">\n<div class=\"wp-block-column is-layout-flow wp-block-column-is-layout-flow\">\n<p><strong>P\u0159\u00edprava:<\/strong><\/p>\n\n\n\n<ul class=\"wp-block-list\">\n<li>P\u0159ed pou\u017eit\u00edm jej 1 minutu intenzivn\u011b prot\u0159ep\u00e1vejte.<\/li>\n\n\n\n<li>O\u0161et\u0159ovan\u00e9 povrchy mus\u00ed b\u00fdt \u010dist\u00e9, zcela such\u00e9 a bez prachu a nesm\u00ed b\u00fdt p\u0159edem o\u0161et\u0159eny jin\u00fdmi n\u00e1t\u011bry.<\/li>\n\n\n\n<li>Zne\u010di\u0161t\u011bn\u00ed zp\u016fsoben\u00e9 barvou, tukem, olejem nebo organick\u00fdm porostem (\u0159asy, li\u0161ejn\u00edky, mechy) je t\u0159eba p\u0159edem odstranit.<\/li>\n<\/ul>\n\n\n\n<p><strong>Pou\u017eit\u00ed:<\/strong><\/p>\n\n\n\n<ul class=\"wp-block-list\">\n<li><strong>Doporu\u010den\u00e1 metoda:<\/strong> P\u0159\u00edpravek by m\u011bl b\u00fdt p\u0159ednostn\u011b nast\u0159\u00edk\u00e1n pomoc\u00ed post\u0159ikova\u010de \/ n\u00edzkotlak\u00e9ho \u010derpadlov\u00e9ho post\u0159ikova\u010de.<\/li>\n\n\n\n<li>Vzd\u00e1lenost od povrchu upravte podle s\u00edly post\u0159ikova\u010de.<\/li>\n\n\n\n<li>Povrch by m\u011bl p\u016fsobit rovnom\u011brn\u00fdm, vlhk\u00fdm dojmem.<\/li>\n\n\n\n<li><strong>Alternativa<\/strong>: Aplikace \u0161t\u011btcem\/v\u00e1le\u010dkem je mo\u017en\u00e1, ale m\u011bla by se p\u0159edem vyzkou\u0161et na mal\u00e9 plo\u0161e. Vyhn\u011bte se tvorb\u011b kalu\u017e\u00ed! <\/li>\n<\/ul>\n\n\n\n<p><strong>Zpracov\u00e1n\u00ed:<\/strong><\/p>\n\n\n\n<ul class=\"wp-block-list\">\n<li>Pro dosa\u017een\u00ed optim\u00e1ln\u00edho pokryt\u00ed nast\u0159\u00edkejte p\u0159\u00edpravek na o\u0161et\u0159ovan\u00fd povrch nejm\u00e9n\u011b dvakr\u00e1t.<\/li>\n\n\n\n<li>V z\u00e1vislosti na savosti podkladu a po\u017eadavc\u00edch lze tento postup po zaschnut\u00ed prvn\u00ed vrstvy opakovat.<\/li>\n\n\n\n<li>Pokud bylo na povrch naneseno p\u0159\u00edli\u0161 velk\u00e9 mno\u017estv\u00ed p\u0159\u00edpravku, lze jej odstranit vlhk\u00fdm had\u0159\u00edkem, dokud je je\u0161t\u011b mokr\u00fd.<\/li>\n\n\n\n<li>Pou\u017eit\u00e9 n\u00e1\u0159ad\u00ed je t\u0159eba po pou\u017eit\u00ed o\u010distit velk\u00fdm mno\u017estv\u00edm vody.<\/li>\n<\/ul>\n\n\n\n<p><strong>Doba schnut\u00ed:<\/strong><\/p>\n\n\n\n<ul class=\"wp-block-list\">\n<li>P\u0159\u00edpravek nechte p\u016fsobit alespo\u0148 30 minut.<\/li>\n\n\n\n<li>Celkov\u00e1 doba vytvrzov\u00e1n\u00ed je p\u0159ibli\u017en\u011b 6 a\u017e 12 hodin.<\/li>\n\n\n\n<li>B\u011bhem t\u00e9to doby by m\u011bl povrch z\u016fstat such\u00fd a nem\u011bl by b\u00fdt nam\u00e1h\u00e1n.<\/li>\n<\/ul>\n\n\n\n<p><strong>P\u00e9\u010de o impregnovan\u00fd povrch a jeho \u010di\u0161t\u011bn\u00ed:<\/strong><\/p>\n\n\n\n<ul class=\"wp-block-list\">\n<li>Povrchy \u010dist\u011bte pouze vodou nebo lehk\u00fdm organick\u00fdm \u010distic\u00edm prost\u0159edkem, nap\u0159. na\u0161\u00edm <a href=\"https:\/\/www.versiegelung24.com\/cs\/biosativa-biologicky-predcistic.html\">organick\u00fdm \u010distic\u00edm prost\u0159edkem BIOSATIVA\u00ae &#8211; 100% p\u0159\u00edrodn\u00ed &#8211; 100% organick\u00fd.<\/a> <\/li>\n\n\n\n<li>Agresivn\u00ed \u010distic\u00ed prost\u0159edky (chemick\u00e9 \u010distic\u00ed prost\u0159edky, dr\u00e1t\u011bnky apod.) nejsou nutn\u00e9 a naru\u0161ily by ochrannou funkci.<\/li>\n\n\n\n<li>Pravideln\u00e9 \u0161etrn\u00e9 \u010di\u0161t\u011bn\u00ed a p\u00e9\u010de vedou k del\u0161\u00ed \u017eivotnosti a dlouhotrvaj\u00edc\u00edmu kr\u00e1sn\u00e9mu vzhledu.<\/li>\n<\/ul>\n\n\n\n<p><strong>Skladov\u00e1n\u00ed:<\/strong><\/p>\n\n\n\n<ul class=\"wp-block-list\">\n<li>Skladujte na such\u00e9m a nezamrzaj\u00edc\u00edm m\u00edst\u011b p\u0159i teplot\u011b 5 &#8211; 25 \u00b0C.<\/li>\n\n\n\n<li>P\u0159i spr\u00e1vn\u00e9m skladov\u00e1n\u00ed vydr\u017e\u00ed v neotev\u0159en\u00e9m p\u016fvodn\u00edm obalu nejm\u00e9n\u011b 24 m\u011bs\u00edc\u016f.<\/li>\n<\/ul>\n<\/div>\n<\/div>\n\n<h2 class=\"wp-block-heading\" id=\"h-galerie\">Galerie<\/h2>\n\n<div class=\"wp-block-getwid-images-slider gallery-wood has-arrows-inside has-dots-inside has-images-center has-fitted-images has-fixed-height\"><div class=\"wp-block-getwid-images-slider__wrapper\" data-effect=\"slide\" data-slides-show=\"1\" data-slides-show-laptop=\"1\" data-slides-show-tablet=\"1\" data-slides-show-mobile=\"1\" data-slides-scroll=\"1\" data-autoplay=\"true\" data-pause-hover=\"true\" data-autoplay-speed=\"3000\" data-infinite=\"true\" data-animation-speed=\"800\" data-center-mode=\"false\" data-variable-width=\"false\" data-arrows=\"inside\" data-dots=\"inside\" data-spacing=\"none\"><div class=\"wp-block-getwid-images-slider__item\" style=\"height:500px\"><figure><img decoding=\"async\" width=\"1634\" height=\"1620\" src=\"https:\/\/www.versiegelung24.com\/wp-content\/uploads\/2025\/07\/Holzimpraegnierung-pfloecke.png\" data-id=\"181994\" data-link=\"https:\/\/www.versiegelung24.com\/holzversiegelung-in-profi-qualitaet-kopie.html\/attachment\/holzimpraegnierung-pfloecke\/\" data-original-link=\"https:\/\/www.versiegelung24.com\/wp-content\/uploads\/2025\/07\/Holzimpraegnierung-pfloecke.png\" class=\"wp-block-getwid-images-slider__image wp-image-181994\" srcset=\"https:\/\/www.versiegelung24.com\/wp-content\/uploads\/2025\/07\/Holzimpraegnierung-pfloecke.png 1634w, https:\/\/www.versiegelung24.com\/wp-content\/uploads\/2025\/07\/Holzimpraegnierung-pfloecke-300x297.png 300w, https:\/\/www.versiegelung24.com\/wp-content\/uploads\/2025\/07\/Holzimpraegnierung-pfloecke-1300x1289.png 1300w, https:\/\/www.versiegelung24.com\/wp-content\/uploads\/2025\/07\/Holzimpraegnierung-pfloecke-80x80.png 80w, https:\/\/www.versiegelung24.com\/wp-content\/uploads\/2025\/07\/Holzimpraegnierung-pfloecke-768x761.png 768w, https:\/\/www.versiegelung24.com\/wp-content\/uploads\/2025\/07\/Holzimpraegnierung-pfloecke-1536x1523.png 1536w, https:\/\/www.versiegelung24.com\/wp-content\/uploads\/2025\/07\/Holzimpraegnierung-pfloecke-70x70.png 70w, https:\/\/www.versiegelung24.com\/wp-content\/uploads\/2025\/07\/Holzimpraegnierung-pfloecke-600x595.png 600w, https:\/\/www.versiegelung24.com\/wp-content\/uploads\/2025\/07\/Holzimpraegnierung-pfloecke-100x100.png 100w\" sizes=\"(max-width: 1634px) 100vw, 1634px\" \/><\/figure><\/div><div class=\"wp-block-getwid-images-slider__item\" style=\"height:500px\"><figure><img decoding=\"async\" width=\"1726\" height=\"1252\" src=\"https:\/\/www.versiegelung24.com\/wp-content\/uploads\/2025\/07\/Holzimpraegnierung-bank.png\" data-id=\"182022\" data-link=\"https:\/\/www.versiegelung24.com\/holzversiegelung-in-profi-qualitaet-kopie.html\/attachment\/holzimpraegnierung-bank\/\" data-original-link=\"https:\/\/www.versiegelung24.com\/wp-content\/uploads\/2025\/07\/Holzimpraegnierung-bank.png\" class=\"wp-block-getwid-images-slider__image wp-image-182022\" srcset=\"https:\/\/www.versiegelung24.com\/wp-content\/uploads\/2025\/07\/Holzimpraegnierung-bank.png 1726w, https:\/\/www.versiegelung24.com\/wp-content\/uploads\/2025\/07\/Holzimpraegnierung-bank-300x218.png 300w, https:\/\/www.versiegelung24.com\/wp-content\/uploads\/2025\/07\/Holzimpraegnierung-bank-1300x943.png 1300w, https:\/\/www.versiegelung24.com\/wp-content\/uploads\/2025\/07\/Holzimpraegnierung-bank-768x557.png 768w, https:\/\/www.versiegelung24.com\/wp-content\/uploads\/2025\/07\/Holzimpraegnierung-bank-1536x1114.png 1536w, https:\/\/www.versiegelung24.com\/wp-content\/uploads\/2025\/07\/Holzimpraegnierung-bank-600x435.png 600w\" sizes=\"(max-width: 1726px) 100vw, 1726px\" \/><\/figure><\/div><div class=\"wp-block-getwid-images-slider__item\" style=\"height:500px\"><figure><img loading=\"lazy\" decoding=\"async\" width=\"1982\" height=\"1274\" src=\"https:\/\/www.versiegelung24.com\/wp-content\/uploads\/2025\/07\/Holzimpraegnierung-eigenschaften.png\" data-id=\"182050\" data-link=\"https:\/\/www.versiegelung24.com\/holzversiegelung-in-profi-qualitaet-kopie.html\/attachment\/holzimpraegnierung-eigenschaften\/\" data-original-link=\"https:\/\/www.versiegelung24.com\/wp-content\/uploads\/2025\/07\/Holzimpraegnierung-eigenschaften.png\" class=\"wp-block-getwid-images-slider__image wp-image-182050\" srcset=\"https:\/\/www.versiegelung24.com\/wp-content\/uploads\/2025\/07\/Holzimpraegnierung-eigenschaften.png 1982w, https:\/\/www.versiegelung24.com\/wp-content\/uploads\/2025\/07\/Holzimpraegnierung-eigenschaften-300x193.png 300w, https:\/\/www.versiegelung24.com\/wp-content\/uploads\/2025\/07\/Holzimpraegnierung-eigenschaften-1300x836.png 1300w, https:\/\/www.versiegelung24.com\/wp-content\/uploads\/2025\/07\/Holzimpraegnierung-eigenschaften-768x494.png 768w, https:\/\/www.versiegelung24.com\/wp-content\/uploads\/2025\/07\/Holzimpraegnierung-eigenschaften-1536x987.png 1536w, https:\/\/www.versiegelung24.com\/wp-content\/uploads\/2025\/07\/Holzimpraegnierung-eigenschaften-600x386.png 600w\" sizes=\"(max-width: 1982px) 100vw, 1982px\" \/><\/figure><\/div><\/div><\/div>\n\n<p><\/p>\n","protected":false},"excerpt":{"rendered":"<p><strong>Vysoce \u00fa\u010dinn\u00fd tmel pro d\u0159ev\u011bn\u00e9 povrchy v interi\u00e9ru i exteri\u00e9ru<\/strong><\/p>\n<p>\u2713 St\u00e1lobarevnost a ochrana proti \u0161ediv\u011bn\u00ed<\/p>\n<p>\u2713 Odpuzuje vodu a ne\u010distoty<\/p>\n<p>\u2713 Z\u00e1kladn\u00ed n\u00e1t\u011br a ochrana v jednom kroku<\/p>\n<p>\u2713 Bez PFAS, PFOA a PFOS<\/p>\n<p>&nbsp;<\/p>\n","protected":false},"featured_media":183259,"template":"","meta":{"_acf_changed":false,"neve_meta_sidebar":"","neve_meta_container":"","neve_meta_enable_content_width":"","neve_meta_content_width":0,"neve_meta_title_alignment":"","neve_meta_author_avatar":"","neve_post_elements_order":"","neve_meta_disable_header":"","neve_meta_disable_footer":"","neve_meta_disable_title":"","neve_meta_reading_time":"","_surfaces":[],"_ver_product_tabs":null,"footnotes":""},"product_brand":[],"product_cat":[2312],"product_tag":[],"class_list":{"0":"post-181810","1":"product","2":"type-product","3":"status-publish","4":"has-post-thumbnail","6":"product_cat-tesneni-dreva","7":"pa_gebinde-10l-kanystr","8":"pa_gebinde-akcni-sada-se-100ml-lahvickou","9":"pa_gebinde-50ml-lahev","10":"pa_gebinde-akcni-sada-s-50ml-lahvickou","11":"pa_gebinde-100ml-lahev","12":"pa_gebinde-150ml-lahev","13":"pa_gebinde-500ml-lahev","14":"pa_gebinde-200ml-lahev","15":"pa_gebinde-1000ml-lahev","16":"pa_gebinde-5l-kanystr","17":"pa_gebinde-10ml-lahvicka","18":"pa_gebinde-5ml-lahvicka","19":"pa_gebinde-125ml-lahvicka-s-rozprasovacem","20":"pa_gebinde-1000ml-doplnovaci-lahev","21":"pa_gebinde-20l-kanystr","23":"first","24":"instock","25":"taxable","26":"shipping-taxable","27":"purchasable","28":"product-type-variable","29":"has-default-attributes"},"acf":[],"yoast_head":"<!-- This site is optimized with the Yoast SEO Premium plugin v22.8 (Yoast SEO v27.5) - https:\/\/yoast.com\/product\/yoast-seo-premium-wordpress\/ -->\n<title>Impregnace d\u0159eva - p\u0159\u00edrodn\u00ed ochrana d\u0159eva na b\u00e1zi silanu - versiegelung24.com<\/title>\n<meta name=\"robots\" content=\"index, follow, max-snippet:-1, max-image-preview:large, max-video-preview:-1\" \/>\n<link rel=\"canonical\" href=\"https:\/\/www.versiegelung24.com\/cs\/holzimpragnierung-silanbasis.html\" \/>\n<meta property=\"og:locale\" content=\"cs_CZ\" \/>\n<meta property=\"og:type\" content=\"article\" \/>\n<meta property=\"og:title\" content=\"Impregnace d\u0159eva - p\u0159\u00edrodn\u00ed ochrana d\u0159eva na b\u00e1zi silanu\" \/>\n<meta property=\"og:description\" content=\"Vysoce \u00fa\u010dinn\u00fd tmel pro d\u0159ev\u011bn\u00e9 povrchy v interi\u00e9ru i exteri\u00e9ru \u2713 St\u00e1lobarevnost a ochrana proti \u0161ediv\u011bn\u00ed \u2713 Odpuzuje vodu a ne\u010distoty \u2713 Z\u00e1kladn\u00ed n\u00e1t\u011br a ochrana v jednom kroku \u2713 Bez PFAS, PFOA a PFOS &nbsp;\" \/>\n<meta property=\"og:url\" content=\"https:\/\/www.versiegelung24.com\/cs\/holzimpragnierung-silanbasis.html\" \/>\n<meta property=\"og:site_name\" content=\"versiegelung24.com\" \/>\n<meta property=\"article:modified_time\" content=\"2025-09-05T11:25:08+00:00\" \/>\n<meta property=\"og:image\" content=\"https:\/\/www.versiegelung24.com\/wp-content\/uploads\/2025\/07\/V24-Holzimpraegnierung-4008-693.jpg\" \/>\n\t<meta property=\"og:image:width\" content=\"2560\" \/>\n\t<meta property=\"og:image:height\" content=\"2560\" \/>\n\t<meta property=\"og:image:type\" content=\"image\/jpeg\" \/>\n<meta name=\"twitter:card\" content=\"summary_large_image\" \/>\n<meta name=\"twitter:label1\" content=\"Dostupnost\" \/>\n\t<meta name=\"twitter:data1\" content=\"Skladem\" \/>\n<script type=\"application\/ld+json\" class=\"yoast-schema-graph\">{\"@context\":\"https:\\\/\\\/schema.org\",\"@graph\":[{\"@type\":\"WebPage\",\"@id\":\"https:\\\/\\\/www.versiegelung24.com\\\/cs\\\/holzimpragnierung-silanbasis.html\",\"url\":\"https:\\\/\\\/www.versiegelung24.com\\\/cs\\\/holzimpragnierung-silanbasis.html\",\"name\":\"Impregnace d\u0159eva - p\u0159\u00edrodn\u00ed ochrana d\u0159eva na b\u00e1zi silanu - versiegelung24.com\",\"isPartOf\":{\"@id\":\"https:\\\/\\\/www.versiegelung24.com\\\/cs\\\/#website\"},\"primaryImageOfPage\":{\"@id\":\"https:\\\/\\\/www.versiegelung24.com\\\/cs\\\/holzimpragnierung-silanbasis.html#primaryimage\"},\"image\":{\"@id\":\"https:\\\/\\\/www.versiegelung24.com\\\/cs\\\/holzimpragnierung-silanbasis.html#primaryimage\"},\"thumbnailUrl\":\"https:\\\/\\\/www.versiegelung24.com\\\/wp-content\\\/uploads\\\/2025\\\/07\\\/V24-Holzimpraegnierung-4008-693.jpg\",\"datePublished\":\"2025-07-31T10:51:05+00:00\",\"dateModified\":\"2025-09-05T11:25:08+00:00\",\"breadcrumb\":{\"@id\":\"https:\\\/\\\/www.versiegelung24.com\\\/cs\\\/holzimpragnierung-silanbasis.html#breadcrumb\"},\"inLanguage\":\"cs\",\"potentialAction\":[{\"@type\":\"ReadAction\",\"target\":[\"https:\\\/\\\/www.versiegelung24.com\\\/cs\\\/holzimpragnierung-silanbasis.html\"]}]},{\"@type\":\"ImageObject\",\"inLanguage\":\"cs\",\"@id\":\"https:\\\/\\\/www.versiegelung24.com\\\/cs\\\/holzimpragnierung-silanbasis.html#primaryimage\",\"url\":\"https:\\\/\\\/www.versiegelung24.com\\\/wp-content\\\/uploads\\\/2025\\\/07\\\/V24-Holzimpraegnierung-4008-693.jpg\",\"contentUrl\":\"https:\\\/\\\/www.versiegelung24.com\\\/wp-content\\\/uploads\\\/2025\\\/07\\\/V24-Holzimpraegnierung-4008-693.jpg\",\"width\":2560,\"height\":2560},{\"@type\":\"BreadcrumbList\",\"@id\":\"https:\\\/\\\/www.versiegelung24.com\\\/cs\\\/holzimpragnierung-silanbasis.html#breadcrumb\",\"itemListElement\":[{\"@type\":\"ListItem\",\"position\":1,\"name\":\"Domovsk\u00e1 str\u00e1nka\",\"item\":\"https:\\\/\\\/www.versiegelung24.com\\\/cs\\\/predni\\\/\"},{\"@type\":\"ListItem\",\"position\":2,\"name\":\"Prodejna\",\"item\":\"https:\\\/\\\/www.versiegelung24.com\\\/cs\\\/prodejna\\\/\"},{\"@type\":\"ListItem\",\"position\":3,\"name\":\"Impregnace d\u0159eva &#8211; p\u0159\u00edrodn\u00ed ochrana d\u0159eva na b\u00e1zi silanu\"}]},{\"@type\":\"WebSite\",\"@id\":\"https:\\\/\\\/www.versiegelung24.com\\\/cs\\\/#website\",\"url\":\"https:\\\/\\\/www.versiegelung24.com\\\/cs\\\/\",\"name\":\"versiegelung24.com\",\"description\":\"Fl\u00fcssigglas-Versiegelung - Made in Germany\",\"publisher\":{\"@id\":\"https:\\\/\\\/www.versiegelung24.com\\\/cs\\\/#organization\"},\"potentialAction\":[{\"@type\":\"SearchAction\",\"target\":{\"@type\":\"EntryPoint\",\"urlTemplate\":\"https:\\\/\\\/www.versiegelung24.com\\\/cs\\\/?s={search_term_string}\"},\"query-input\":{\"@type\":\"PropertyValueSpecification\",\"valueRequired\":true,\"valueName\":\"search_term_string\"}}],\"inLanguage\":\"cs\"},{\"@type\":\"Organization\",\"@id\":\"https:\\\/\\\/www.versiegelung24.com\\\/cs\\\/#organization\",\"name\":\"versiegelung24\",\"url\":\"https:\\\/\\\/www.versiegelung24.com\\\/cs\\\/\",\"logo\":{\"@type\":\"ImageObject\",\"inLanguage\":\"cs\",\"@id\":\"https:\\\/\\\/www.versiegelung24.com\\\/cs\\\/#\\\/schema\\\/logo\\\/image\\\/\",\"url\":\"https:\\\/\\\/www.versiegelung24.com\\\/wp-content\\\/uploads\\\/2020\\\/04\\\/versiegelung24.png\",\"contentUrl\":\"https:\\\/\\\/www.versiegelung24.com\\\/wp-content\\\/uploads\\\/2020\\\/04\\\/versiegelung24.png\",\"width\":470,\"height\":102,\"caption\":\"versiegelung24\"},\"image\":{\"@id\":\"https:\\\/\\\/www.versiegelung24.com\\\/cs\\\/#\\\/schema\\\/logo\\\/image\\\/\"}}]}<\/script>\n<meta property=\"og:availability\" content=\"instock\" \/>\n<meta property=\"product:availability\" content=\"instock\" \/>\n<meta property=\"product:retailer_item_id\" content=\"4008-693\" \/>\n<meta property=\"product:condition\" content=\"new\" \/>\n<!-- \/ Yoast SEO Premium plugin. -->","yoast_head_json":{"title":"Impregnace d\u0159eva - p\u0159\u00edrodn\u00ed ochrana d\u0159eva na b\u00e1zi silanu - versiegelung24.com","robots":{"index":"index","follow":"follow","max-snippet":"max-snippet:-1","max-image-preview":"max-image-preview:large","max-video-preview":"max-video-preview:-1"},"canonical":"https:\/\/www.versiegelung24.com\/cs\/holzimpragnierung-silanbasis.html","og_locale":"cs_CZ","og_type":"article","og_title":"Impregnace d\u0159eva - p\u0159\u00edrodn\u00ed ochrana d\u0159eva na b\u00e1zi silanu","og_description":"Vysoce \u00fa\u010dinn\u00fd tmel pro d\u0159ev\u011bn\u00e9 povrchy v interi\u00e9ru i exteri\u00e9ru \u2713 St\u00e1lobarevnost a ochrana proti \u0161ediv\u011bn\u00ed \u2713 Odpuzuje vodu a ne\u010distoty \u2713 Z\u00e1kladn\u00ed n\u00e1t\u011br a ochrana v jednom kroku \u2713 Bez PFAS, PFOA a PFOS &nbsp;","og_url":"https:\/\/www.versiegelung24.com\/cs\/holzimpragnierung-silanbasis.html","og_site_name":"versiegelung24.com","article_modified_time":"2025-09-05T11:25:08+00:00","og_image":[{"width":2560,"height":2560,"url":"https:\/\/www.versiegelung24.com\/wp-content\/uploads\/2025\/07\/V24-Holzimpraegnierung-4008-693.jpg","type":"image\/jpeg"}],"twitter_card":"summary_large_image","twitter_misc":{"Dostupnost":"Skladem"},"schema":{"@context":"https:\/\/schema.org","@graph":[{"@type":"WebPage","@id":"https:\/\/www.versiegelung24.com\/cs\/holzimpragnierung-silanbasis.html","url":"https:\/\/www.versiegelung24.com\/cs\/holzimpragnierung-silanbasis.html","name":"Impregnace d\u0159eva - p\u0159\u00edrodn\u00ed ochrana d\u0159eva na b\u00e1zi silanu - versiegelung24.com","isPartOf":{"@id":"https:\/\/www.versiegelung24.com\/cs\/#website"},"primaryImageOfPage":{"@id":"https:\/\/www.versiegelung24.com\/cs\/holzimpragnierung-silanbasis.html#primaryimage"},"image":{"@id":"https:\/\/www.versiegelung24.com\/cs\/holzimpragnierung-silanbasis.html#primaryimage"},"thumbnailUrl":"https:\/\/www.versiegelung24.com\/wp-content\/uploads\/2025\/07\/V24-Holzimpraegnierung-4008-693.jpg","datePublished":"2025-07-31T10:51:05+00:00","dateModified":"2025-09-05T11:25:08+00:00","breadcrumb":{"@id":"https:\/\/www.versiegelung24.com\/cs\/holzimpragnierung-silanbasis.html#breadcrumb"},"inLanguage":"cs","potentialAction":[{"@type":"ReadAction","target":["https:\/\/www.versiegelung24.com\/cs\/holzimpragnierung-silanbasis.html"]}]},{"@type":"ImageObject","inLanguage":"cs","@id":"https:\/\/www.versiegelung24.com\/cs\/holzimpragnierung-silanbasis.html#primaryimage","url":"https:\/\/www.versiegelung24.com\/wp-content\/uploads\/2025\/07\/V24-Holzimpraegnierung-4008-693.jpg","contentUrl":"https:\/\/www.versiegelung24.com\/wp-content\/uploads\/2025\/07\/V24-Holzimpraegnierung-4008-693.jpg","width":2560,"height":2560},{"@type":"BreadcrumbList","@id":"https:\/\/www.versiegelung24.com\/cs\/holzimpragnierung-silanbasis.html#breadcrumb","itemListElement":[{"@type":"ListItem","position":1,"name":"Domovsk\u00e1 str\u00e1nka","item":"https:\/\/www.versiegelung24.com\/cs\/predni\/"},{"@type":"ListItem","position":2,"name":"Prodejna","item":"https:\/\/www.versiegelung24.com\/cs\/prodejna\/"},{"@type":"ListItem","position":3,"name":"Impregnace d\u0159eva &#8211; p\u0159\u00edrodn\u00ed ochrana d\u0159eva na b\u00e1zi silanu"}]},{"@type":"WebSite","@id":"https:\/\/www.versiegelung24.com\/cs\/#website","url":"https:\/\/www.versiegelung24.com\/cs\/","name":"versiegelung24.com","description":"Fl\u00fcssigglas-Versiegelung - Made in Germany","publisher":{"@id":"https:\/\/www.versiegelung24.com\/cs\/#organization"},"potentialAction":[{"@type":"SearchAction","target":{"@type":"EntryPoint","urlTemplate":"https:\/\/www.versiegelung24.com\/cs\/?s={search_term_string}"},"query-input":{"@type":"PropertyValueSpecification","valueRequired":true,"valueName":"search_term_string"}}],"inLanguage":"cs"},{"@type":"Organization","@id":"https:\/\/www.versiegelung24.com\/cs\/#organization","name":"versiegelung24","url":"https:\/\/www.versiegelung24.com\/cs\/","logo":{"@type":"ImageObject","inLanguage":"cs","@id":"https:\/\/www.versiegelung24.com\/cs\/#\/schema\/logo\/image\/","url":"https:\/\/www.versiegelung24.com\/wp-content\/uploads\/2020\/04\/versiegelung24.png","contentUrl":"https:\/\/www.versiegelung24.com\/wp-content\/uploads\/2020\/04\/versiegelung24.png","width":470,"height":102,"caption":"versiegelung24"},"image":{"@id":"https:\/\/www.versiegelung24.com\/cs\/#\/schema\/logo\/image\/"}}]},"og_availability":"instock","product_availability":"instock","product_retailer_item_id":"4008-693","product_condition":"new"},"_links":{"self":[{"href":"https:\/\/www.versiegelung24.com\/cs\/wp-json\/wp\/v2\/product\/181810","targetHints":{"allow":["GET"]}}],"collection":[{"href":"https:\/\/www.versiegelung24.com\/cs\/wp-json\/wp\/v2\/product"}],"about":[{"href":"https:\/\/www.versiegelung24.com\/cs\/wp-json\/wp\/v2\/types\/product"}],"version-history":[{"count":4,"href":"https:\/\/www.versiegelung24.com\/cs\/wp-json\/wp\/v2\/product\/181810\/revisions"}],"predecessor-version":[{"id":182846,"href":"https:\/\/www.versiegelung24.com\/cs\/wp-json\/wp\/v2\/product\/181810\/revisions\/182846"}],"wp:featuredmedia":[{"embeddable":true,"href":"https:\/\/www.versiegelung24.com\/cs\/wp-json\/wp\/v2\/media\/183259"}],"wp:attachment":[{"href":"https:\/\/www.versiegelung24.com\/cs\/wp-json\/wp\/v2\/media?parent=181810"}],"wp:term":[{"taxonomy":"product_brand","embeddable":true,"href":"https:\/\/www.versiegelung24.com\/cs\/wp-json\/wp\/v2\/product_brand?post=181810"},{"taxonomy":"product_cat","embeddable":true,"href":"https:\/\/www.versiegelung24.com\/cs\/wp-json\/wp\/v2\/product_cat?post=181810"},{"taxonomy":"product_tag","embeddable":true,"href":"https:\/\/www.versiegelung24.com\/cs\/wp-json\/wp\/v2\/product_tag?post=181810"}],"curies":[{"name":"wp","href":"https:\/\/api.w.org\/{rel}","templated":true}]}}