{"id":182923,"date":"2025-08-28T14:07:51","date_gmt":"2025-08-28T12:07:51","guid":{"rendered":"https:\/\/www.versiegelung24.com\/?post_type=product&#038;p=182923"},"modified":"2025-09-08T16:04:00","modified_gmt":"2025-09-08T14:04:00","slug":"permanent-protector-646","status":"publish","type":"product","link":"https:\/\/www.versiegelung24.com\/cs\/permanent-protector-646.html","title":{"rendered":"Permanentn\u00ed ochrana 646 5M"},"content":{"rendered":"\n<p>Permanent Protect 646 Ultra Thin je vysoce kvalitn\u00ed keramick\u00fd tmel pro trval\u00fd n\u00e1t\u011br hladk\u00fdch povrch\u016f, jako jsou kovy, sklo, plasty nebo lakovan\u00e9 materi\u00e1ly. Ultratenk\u00e1 transparentn\u00ed ochrann\u00e1 vrstva poskytuje v\u00fdjime\u010dnou odolnost v\u016f\u010di ne\u010distot\u00e1m, chemik\u00e1li\u00edm, UV z\u00e1\u0159en\u00ed a mechanick\u00fdm vliv\u016fm. D\u00edky sv\u00fdm hydrofobn\u00edm a oleofobn\u00edm vlastnostem nab\u00edz\u00ed tmel dlouhotrvaj\u00edc\u00ed snadno \u010distiteln\u00fd efekt.  <\/p>\n\n<p>Permanent Protect 646 Ultra Thin je ide\u00e1ln\u00ed pro pou\u017eit\u00ed v automobilov\u00e9m a lodn\u00edm pr\u016fmyslu, jako antigraffiti n\u00e1t\u011br nebo pro kone\u010dnou \u00fapravu vysoce kvalitn\u00edch lakovan\u00fdch povrch\u016f &#8211; nastavuje nov\u00e1 m\u011b\u0159\u00edtka, pokud jde o ochranu povrchu a trvanlivost.<\/p>\n\n<hr class=\"wp-block-separator has-text-color has-css-opacity has-background is-style-wide\" style=\"background-color:#e1e1e1;color:#e1e1e1\"\/>\n\n<h2 class=\"wp-block-heading\" id=\"properties\">Vlastnosti produktu<\/h2>\n\n<div class=\"wp-block-columns is-layout-flex wp-container-core-columns-is-layout-9d6595d7 wp-block-columns-is-layout-flex\">\n<div class=\"wp-block-column is-layout-flow wp-block-column-is-layout-flow\">\n<ul id=\"block-5ec6b591-a82a-45bd-aa1b-599082db3ae8\" class=\"wp-block-list\">\n<li><strong>V\u00fdrazn\u00fd hydrofobn\u00ed a oleofobn\u00ed \u00fa\u010dinek<\/strong> &#8211; odpuzuje vodu a olej<\/li>\n\n\n\n<li><strong>Snadno \u010distiteln\u00fd efekt<\/strong> &#8211; ne\u010distoty lze snadno odstranit<\/li>\n\n\n\n<li><strong>Vysok\u00e1 odolnost proti od\u011bru<\/strong> &#8211; trval\u00e9 chemick\u00e9 spojen\u00ed s podkladem<\/li>\n\n\n\n<li><strong>Odolnost v\u016f\u010di teplot\u00e1m a UV z\u00e1\u0159en\u00ed<\/strong> &#8211; vhodn\u00e9 pro venkovn\u00ed pou\u017eit\u00ed<\/li>\n\n\n\n<li><strong>Prody\u0161n\u00fd<\/strong> &#8211; otev\u0159en\u00fd dif\u00fazi<\/li>\n\n\n\n<li><strong>\u017divotnost <\/strong>&#8211; 2-5 let pro venkovn\u00ed pou\u017eit\u00ed, v\u00fdrazn\u011b d\u00e9le pro vnit\u0159n\u00ed pou\u017eit\u00ed  <\/li>\n\n\n\n<li><strong>Spot\u0159eba <\/strong>&#8211; 5-10 ml\/m\u00b2 (=&gt; a\u017e 200 m\u00b2 na litr)<\/li>\n\n\n\n<li><strong>Odolnost v\u016f\u010di mnoha b\u011b\u017en\u00fdm \u010distic\u00edm prost\u0159edk\u016fm pro dom\u00e1cnost<\/strong> (krom\u011b koncentrovan\u00fdch alkalick\u00fdch roztok\u016f).<\/li>\n\n\n\n<li><strong>Na b\u00e1zi rozpou\u0161t\u011bdel<\/strong> (p\u0159ibli\u017en\u011b 60 % obsahu \u00fa\u010dinn\u00e9 l\u00e1tky)<\/li>\n<\/ul>\n<\/div>\n\n\n\n<div class=\"wp-block-column is-layout-flow wp-block-column-is-layout-flow\">\n<ul id=\"block-6091e271-3752-4132-9f5b-206019bd2d6b\" class=\"wp-block-list\">\n<li><strong>Velmi dobr\u00e9 antigraffiti vlastnosti na<\/strong> nepor\u00e9zn\u00edch povr\u0161\u00edch<\/li>\n\n\n\n<li><strong>Keramick\u00e1 struktura vrstvy<\/strong> &#8211; tepeln\u00e1 odolnost a\u017e do 600 \u00b0C (celistvost vrstvy), 300 \u00b0C bez zm\u011bny barvy<\/li>\n\n\n\n<li><strong>Tlou\u0161\u0165ka tenk\u00e9 vrstvy<\/strong>: p\u0159ibli\u017en\u011b 0,5-2 \u03bcm<\/li>\n\n\n\n<li><strong>Obsahuje t\u011bkav\u00e9 organick\u00e9 l\u00e1tky<\/strong> (butylpropion\u00e1t)<\/li>\n\n\n\n<li><strong>Biostatick\u00fd \u00fa\u010dinek<\/strong> &#8211; extr\u00e9mn\u011b potla\u010duje r\u016fst mikroorganism\u016f  <\/li>\n\n\n\n<li><strong>Barva<\/strong> &#8211; bezbarv\u00e1 a\u017e m\u00edrn\u011b na\u017eloutl\u00e1<\/li>\n\n\n\n<li><strong>Pozn\u00e1mka k PFAS <\/strong>&#8211; bez PFOA a PFOS. Obsah fluoru je ni\u017e\u0161\u00ed ne\u017e z\u00e1konn\u00e9 limitn\u00ed hodnoty podle na\u0159\u00edzen\u00ed EU 2024\/2462. Pou\u017eit\u00e9 fluorovan\u00e9 p\u0159\u00edsady slou\u017e\u00ed v\u00fdhradn\u011b k optimalizaci odpuzov\u00e1n\u00ed ne\u010distot.  <\/li>\n<\/ul>\n<\/div>\n<\/div>\n\n<hr class=\"wp-block-separator has-text-color has-background is-style-wide\" style=\"background-color:#e1e1e1;color:#e1e1e1\"\/>\n\n<h2 class=\"wp-block-heading\" id=\"application\">Oblasti pou\u017eit\u00ed<\/h2>\n\n<div class=\"wp-block-columns is-layout-flex wp-container-core-columns-is-layout-9d6595d7 wp-block-columns-is-layout-flex\">\n<div class=\"wp-block-column is-layout-flow wp-block-column-is-layout-flow\">\n<ul id=\"block-6091e271-3752-4132-9f5b-206019bd2d6b\" class=\"wp-block-list\">\n<li>Povrchov\u00e1 \u00faprava vozidel (nap\u0159. karoserie, disky kol)<\/li>\n\n\n\n<li>Snadno \u010distiteln\u00e9 n\u00e1t\u011bry pro vnit\u0159n\u00ed i venkovn\u00ed prostory<\/li>\n\n\n\n<li>Odoln\u00e9 ochrann\u00e9 n\u00e1t\u011bry v n\u00e1mo\u0159n\u00edm sektoru<\/li>\n<\/ul>\n<\/div>\n\n\n\n<div class=\"wp-block-column is-layout-flow wp-block-column-is-layout-flow\">\n<ul class=\"wp-block-list\">\n<li>Zu\u0161lech\u0165ov\u00e1n\u00ed n\u00e1t\u011br\u016f jachet a lod\u00ed<\/li>\n\n\n\n<li>N\u00e1sledn\u00e1 \u00faprava pro automobily (keramick\u00e9 t\u011bsn\u011bn\u00ed)n<\/li>\n\n\n\n<li>Antigraffiti n\u00e1t\u011bry na nepor\u00e9zn\u00edch povr\u0161\u00edch<\/li>\n<\/ul>\n<\/div>\n<\/div>\n\n<h2 class=\"wp-block-heading\" id=\"h-anwendung\">Aplikace<\/h2>\n\n<p><strong>Obecn\u00e9  <\/strong><\/p>\n\n<ol class=\"wp-block-list\">\n<li>Povrch d\u016fkladn\u011b <a href=\"https:\/\/www.versiegelung24.com\/cs\/biosativa-biologicky-predcistic.html\">o\u010dist\u011bte<\/a> a odmast\u011bte (nap\u0159. <a href=\"https:\/\/www.versiegelung24.com\/cs\/100-vysoce-cisty-bioetanol-pro-profesionalni-predcisteni-kopie.html\">izopropanolem<\/a>, octanem ethylnat\u00fdm nebo lakov\u00fdm benz\u00ednem). <\/li>\n\n\n\n<li>Povrch mus\u00ed b\u00fdt zcela such\u00fd a zbaven\u00fd mastnoty.<\/li>\n\n\n\n<li>Teplota zpracov\u00e1n\u00ed: 15-30 \u00b0C, relativn\u00ed vlhkost: 50-80 %. <\/li>\n\n\n\n<li>Vyhn\u011bte se p\u0159\u00edm\u00e9mu slune\u010dn\u00edmu z\u00e1\u0159en\u00ed.<\/li>\n<\/ol>\n\n<p><strong>Aplikace p\u0159ejet\u00edm prstem  <\/strong><\/p>\n\n<ol class=\"wp-block-list\">\n<li>Naneste n\u011bkolik kapek (5-10\/ml m\u00b2) na ut\u011brku z mikrovl\u00e1kna.<\/li>\n\n\n\n<li>Nan\u00e1\u0161ejte rovnom\u011brn\u011b lehk\u00fdm tlakem line\u00e1rn\u00edmi pohyby.<\/li>\n\n\n\n<li>Po maxim\u00e1ln\u011b 30 minut\u00e1ch vyle\u0161t\u011bte m\u011bkk\u00fdm had\u0159\u00edkem. <\/li>\n\n\n\n<li>V p\u0159\u00edpad\u011b pot\u0159eby postup opakujte.<\/li>\n<\/ol>\n\n<p><strong>Aplikace post\u0159ikem  <\/strong><\/p>\n\n<ol class=\"wp-block-list\">\n<li>Velikost trysky: 0,8-1,0 mm \/ tlak: 0,6-1,0 bar \/ vzd\u00e1lenost: cca 20 cm<\/li>\n\n\n\n<li>Tlou\u0161\u0165ka vrstvy (such\u00e1): 2,5-25 \u03bcm (v z\u00e1vislosti na pr\u016fchodu)<\/li>\n\n\n\n<li>Alternativa: Rota\u010dn\u00ed zvon (30 000 ot\/min, 2 bary, 0,2-0,4 m\/s, 50-150 ml\/min)  <\/li>\n<\/ol>\n\n<h2 class=\"wp-block-heading\" id=\"h-reinigung-amp-pflege\">\u010ci\u0161t\u011bn\u00ed a p\u00e9\u010de<\/h2>\n\n<p>K \u010di\u0161t\u011bn\u00ed povrchu sta\u010d\u00ed pou\u017e\u00edt jemn\u00fd \u010distic\u00ed prost\u0159edek, nap\u0159\u00edklad n\u00e1\u0161 \u010distic\u00ed prost\u0159edek <a href=\"https:\/\/www.versiegelung24.com\/cs\/biosativa-biologicky-predcistic.html\">V24 Biosativa\u00ae<\/a>. Agresivn\u00ed \u010distic\u00ed prost\u0159edky nejsou nutn\u00e9 ani doporu\u010den\u00e9. <\/p>\n\n<hr class=\"wp-block-separator has-text-color has-css-opacity has-background is-style-wide\" style=\"background-color:#e1e1e1;color:#e1e1e1\"\/>\n\n<h2 class=\"wp-block-heading\" id=\"h-produktsicherheit-amp-lagerung\">Bezpe\u010dnost a skladov\u00e1n\u00ed v\u00fdrobk\u016f<\/h2>\n\n<p>Informace o klasifikaci v\u00fdrobku v r\u00e1mci vyhl\u00e1\u0161ky o nebezpe\u010dn\u00fdch l\u00e1tk\u00e1ch, bezpe\u010dnostn\u00ed \u00fadaje a \u00fadaje o toxikologii a skladov\u00e1n\u00ed naleznete <a href=\"https:\/\/www.versiegelung24.com\/cs\/kontakt\/\">na vy\u017e\u00e1d\u00e1n\u00ed<\/a> v na\u0161em bezpe\u010dnostn\u00edm listu.<\/p>\n\n<ul class=\"wp-block-list\">\n<li>Permanent Protect 646 nesm\u00ed p\u0159ij\u00edt do styku s vlhkost\u00ed.<\/li>\n\n\n\n<li>Teplota skladov\u00e1n\u00ed materi\u00e1lu: +5 \u00b0C a\u017e +20 \u00b0C.<\/li>\n\n\n\n<li>Osobn\u00ed ochrann\u00e9 prost\u0159edky: Rukavice, ochrann\u00e9 br\u00fdle, vhodn\u00fd ochrann\u00fd od\u011bv.<\/li>\n\n\n\n<li>Prvn\u00ed pomoc: P\u0159i zasa\u017een\u00ed o\u010d\u00ed nebo k\u016f\u017ee okam\u017eit\u011b vypl\u00e1chn\u011bte vodou a vyhledejte l\u00e9ka\u0159e.<\/li>\n\n\n\n<li>Skladov\u00e1n\u00ed: V chladu, suchu a na dob\u0159e v\u011btran\u00e9m m\u00edst\u011b. Jednou za m\u011bs\u00edc otev\u0159ete n\u00e1dobu a vyv\u011btrejte, aby se uvolnil tlak. <\/li>\n\n\n\n<li>P\u0159i dopl\u0148ov\u00e1n\u00ed se doporu\u010duje p\u0159edb\u011b\u017en\u00e9 pro\u010di\u0161t\u011bn\u00ed dus\u00edkem.<\/li>\n<\/ul>\n\n<p><strong>Permanent Protect 646 <\/strong>m\u00e1 trvanlivost 12 m\u011bs\u00edc\u016f, pokud je skladov\u00e1n neotev\u0159en\u00fd v p\u016fvodn\u00edch uzav\u0159en\u00fdch obalech.<\/p>\n\n<hr class=\"wp-block-separator has-text-color has-css-opacity has-background is-style-wide\" style=\"background-color:#e1e1e1;color:#e1e1e1\"\/>\n\n<h2 class=\"wp-block-heading\">Zkou\u0161ka pov\u011btrnostn\u00edch vliv\u016f<\/h2>\n\n<figure class=\"wp-block-table aligncenter\"><table class=\"has-fixed-layout\"><thead><tr><th class=\"has-text-align-left\" data-align=\"left\">\u00a0<\/th><th class=\"has-text-align-left\" data-align=\"left\">Zkou\u0161ka solnou mlhou NSS<\/th><th>Kondenza\u010dn\u00ed atmosf\u00e9ra,<br\/>konstantn\u00ed vlhkost vzduchu<\/th><th>Um\u011bl\u00e9 zv\u011btr\u00e1v\u00e1n\u00ed<br\/>s xenonov\u00fdm obloukem<\/th><\/tr><\/thead><tbody><tr><td class=\"has-text-align-left\" data-align=\"left\">DIN<\/td><td class=\"has-text-align-left\" data-align=\"left\">EN ISO 9227<\/td><td>EN ISO 6270-2<\/td><td>EN ISO 16474-2<\/td><\/tr><tr><td class=\"has-text-align-left\" data-align=\"left\">\u00a0<\/td><td class=\"has-text-align-left\" data-align=\"left\" colspan=\"3\"><strong>Zkou\u0161ka solnou mlhou nerezov\u00e1 ocel 2,5 \u03bcm, pokoven\u00e1<\/strong><\/td><\/tr><tr><td class=\"has-text-align-left\" data-align=\"left\">Doba trv\u00e1n\u00ed<\/td><td class=\"has-text-align-left\" data-align=\"left\">1.500 h<\/td><td>1.400 h<\/td><td>1.400 h<\/td><\/tr><tr><td class=\"has-text-align-left\" data-align=\"left\">V\u00fdsledek<\/td><td class=\"has-text-align-left\" data-align=\"left\">Puch\u00fd\u0159e: ne<br\/>Rez: ne<br\/>Koroze v p\u00edskovi\u0161ti &lt; 0,5 mm.<\/td><td>Puch\u00fd\u0159e: ne<br\/>Rez: ne<\/td><td>Ztr\u00e1ta lesku: 5 %<br\/>Prask\u00e1n\u00ed: ne<br\/>Barevn\u00fd rozd\u00edl \u0394E* = 0,40<\/td><\/tr><tr><td class=\"has-text-align-left\" data-align=\"left\">\u00a0<\/td><td class=\"has-text-align-left\" data-align=\"left\" colspan=\"3\"><strong>Zkou\u0161ka soln\u00fdm post\u0159ikem hlin\u00edk 2,5 \u03bcm, pokoven\u00fd<\/strong><\/td><\/tr><tr><td class=\"has-text-align-left\" data-align=\"left\">Doba trv\u00e1n\u00ed<\/td><td class=\"has-text-align-left\" data-align=\"left\">1.500 h<\/td><td>1.400 h<\/td><td>1.400 h<\/td><\/tr><tr><td class=\"has-text-align-left\" data-align=\"left\">V\u00fdsledek<\/td><td class=\"has-text-align-left\" data-align=\"left\">Puch\u00fd\u0159e: ne<br\/>Rez: ne<br\/>Koroze v p\u00edskovi\u0161ti &lt; 0,5 mm.<\/td><td>Puch\u00fd\u0159e: ne<br\/>Rez: ne<\/td><td>Ztr\u00e1ta lesku: 5 %<br\/>Prask\u00e1n\u00ed: ne<br\/>Barevn\u00fd rozd\u00edl \u0394E* = 0,17<\/td><\/tr><tr><td class=\"has-text-align-left\" data-align=\"left\">\u00a0<\/td><td class=\"has-text-align-left\" data-align=\"left\" colspan=\"3\"><strong>P\u00edskovan\u00e1 ocel 2,5 \u03bcm, s povlakem<\/strong><\/td><\/tr><tr><td class=\"has-text-align-left\" data-align=\"left\">Doba trv\u00e1n\u00ed<\/td><td class=\"has-text-align-left\" data-align=\"left\">1.000 h<\/td><td>1.000 h<\/td><td>1.400 h<\/td><\/tr><tr><td class=\"has-text-align-left\" data-align=\"left\">V\u00fdsledek<\/td><td class=\"has-text-align-left\" data-align=\"left\">Puch\u00fd\u0159e: ne<br\/>Rez: ne<br\/>Koroze v p\u00edskovi\u0161ti &lt; 0,5 mm.<\/td><td>Puch\u00fd\u0159e: ne<br\/>Rez: ne<\/td><td>Ztr\u00e1ta lesku: 12 %<br\/>Prask\u00e1n\u00ed: ne<br\/>Barevn\u00fd rozd\u00edl \u0394E* = 0,51<\/td><\/tr><\/tbody><\/table><\/figure>\n\n<hr class=\"wp-block-separator has-text-color has-css-opacity has-background is-style-wide\" style=\"background-color:#e1e1e1;color:#e1e1e1\"\/>\n","protected":false},"excerpt":{"rendered":"<p><strong>Vysoce kvalitn\u00ed odoln\u00fd keramick\u00fd povlak pro hladk\u00e9 povrchy<\/strong><\/p>\n<p>\u2713 Ultra tenk\u00e1 tlou\u0161\u0165ka vrstvy<\/p>\n<p>\u2713 Skladovatelnost 2-5 let<\/p>\n<p>\u2713 Vysok\u00e1 odolnost proti od\u011bru<\/p>\n<p>\u2713 Biostatick\u00fd \u00fa\u010dinek<\/p>\n","protected":false},"featured_media":183053,"template":"","meta":{"_acf_changed":false,"neve_meta_sidebar":"","neve_meta_container":"","neve_meta_enable_content_width":"","neve_meta_content_width":0,"neve_meta_title_alignment":"","neve_meta_author_avatar":"","neve_post_elements_order":"","neve_meta_disable_header":"","neve_meta_disable_footer":"","neve_meta_disable_title":"","neve_meta_reading_time":"","_surfaces":[],"_ver_product_tabs":[],"footnotes":""},"product_brand":[],"product_cat":[2223,2309,2476,2979],"product_tag":[],"class_list":{"0":"post-182923","1":"product","2":"type-product","3":"status-publish","4":"has-post-thumbnail","6":"product_cat-tesneni-auta","7":"product_cat-kovove-a-plastove-tesneni","8":"product_cat-univerzalni-tesneni","9":"product_cat-tesneni-z-tekuteho-skla","10":"pa_gebinde-100ml-lahev","11":"pa_gebinde-1000ml-lahev","13":"first","14":"instock","15":"taxable","16":"shipping-taxable","17":"purchasable","18":"product-type-variable","19":"has-default-attributes"},"acf":[],"yoast_head":"<!-- This site is optimized with the Yoast SEO Premium plugin v22.8 (Yoast SEO v27.5) - https:\/\/yoast.com\/product\/yoast-seo-premium-wordpress\/ -->\n<title>Permanent Protector 646 Ultra Thin - keramick\u00fd tmel 9H<\/title>\n<meta name=\"description\" content=\"Jednoduch\u00e9 pou\u017eit\u00ed, siln\u00e1 ochrana. Nov\u00fd keramick\u00fd tmel Permanent Protector 646 Ultra Thin - 9H poskytuje spolehlivou ochranu proti vn\u011bj\u0161\u00edm vliv\u016fm.\" \/>\n<meta name=\"robots\" content=\"index, follow, max-snippet:-1, max-image-preview:large, max-video-preview:-1\" \/>\n<link rel=\"canonical\" href=\"https:\/\/www.versiegelung24.com\/cs\/permanent-protector-646.html\" \/>\n<meta property=\"og:locale\" content=\"cs_CZ\" \/>\n<meta property=\"og:type\" content=\"article\" \/>\n<meta property=\"og:title\" content=\"Permanentn\u00ed ochrana 646 5M\" \/>\n<meta property=\"og:description\" content=\"Jednoduch\u00e9 pou\u017eit\u00ed, siln\u00e1 ochrana. Nov\u00fd keramick\u00fd tmel Permanent Protector 646 Ultra Thin - 9H poskytuje spolehlivou ochranu proti vn\u011bj\u0161\u00edm vliv\u016fm.\" \/>\n<meta property=\"og:url\" content=\"https:\/\/www.versiegelung24.com\/cs\/permanent-protector-646.html\" \/>\n<meta property=\"og:site_name\" content=\"versiegelung24.com\" \/>\n<meta property=\"article:modified_time\" content=\"2025-09-08T14:04:00+00:00\" \/>\n<meta property=\"og:image\" content=\"https:\/\/www.versiegelung24.com\/wp-content\/uploads\/2025\/08\/V24-Permanent-Protector-646-Keramikversiegelung-scaled-1.jpg\" \/>\n\t<meta property=\"og:image:width\" content=\"2560\" \/>\n\t<meta property=\"og:image:height\" content=\"2560\" \/>\n\t<meta property=\"og:image:type\" content=\"image\/jpeg\" \/>\n<meta name=\"twitter:card\" content=\"summary_large_image\" \/>\n<meta name=\"twitter:label1\" content=\"Dostupnost\" \/>\n\t<meta name=\"twitter:data1\" content=\"Skladem\" \/>\n<script type=\"application\/ld+json\" class=\"yoast-schema-graph\">{\"@context\":\"https:\\\/\\\/schema.org\",\"@graph\":[{\"@type\":\"WebPage\",\"@id\":\"https:\\\/\\\/www.versiegelung24.com\\\/cs\\\/permanent-protector-646.html\",\"url\":\"https:\\\/\\\/www.versiegelung24.com\\\/cs\\\/permanent-protector-646.html\",\"name\":\"Permanent Protector 646 Ultra Thin - keramick\u00fd tmel 9H\",\"isPartOf\":{\"@id\":\"https:\\\/\\\/www.versiegelung24.com\\\/cs\\\/#website\"},\"primaryImageOfPage\":{\"@id\":\"https:\\\/\\\/www.versiegelung24.com\\\/cs\\\/permanent-protector-646.html#primaryimage\"},\"image\":{\"@id\":\"https:\\\/\\\/www.versiegelung24.com\\\/cs\\\/permanent-protector-646.html#primaryimage\"},\"thumbnailUrl\":\"https:\\\/\\\/www.versiegelung24.com\\\/wp-content\\\/uploads\\\/2025\\\/08\\\/V24-Permanent-Protector-646-Keramikversiegelung-scaled-1.jpg\",\"datePublished\":\"2025-08-28T12:07:51+00:00\",\"dateModified\":\"2025-09-08T14:04:00+00:00\",\"description\":\"Jednoduch\u00e9 pou\u017eit\u00ed, siln\u00e1 ochrana. Nov\u00fd keramick\u00fd tmel Permanent Protector 646 Ultra Thin - 9H poskytuje spolehlivou ochranu proti vn\u011bj\u0161\u00edm vliv\u016fm.\",\"breadcrumb\":{\"@id\":\"https:\\\/\\\/www.versiegelung24.com\\\/cs\\\/permanent-protector-646.html#breadcrumb\"},\"inLanguage\":\"cs\",\"potentialAction\":[{\"@type\":\"ReadAction\",\"target\":[\"https:\\\/\\\/www.versiegelung24.com\\\/cs\\\/permanent-protector-646.html\"]}]},{\"@type\":\"ImageObject\",\"inLanguage\":\"cs\",\"@id\":\"https:\\\/\\\/www.versiegelung24.com\\\/cs\\\/permanent-protector-646.html#primaryimage\",\"url\":\"https:\\\/\\\/www.versiegelung24.com\\\/wp-content\\\/uploads\\\/2025\\\/08\\\/V24-Permanent-Protector-646-Keramikversiegelung-scaled-1.jpg\",\"contentUrl\":\"https:\\\/\\\/www.versiegelung24.com\\\/wp-content\\\/uploads\\\/2025\\\/08\\\/V24-Permanent-Protector-646-Keramikversiegelung-scaled-1.jpg\",\"width\":2560,\"height\":2560},{\"@type\":\"BreadcrumbList\",\"@id\":\"https:\\\/\\\/www.versiegelung24.com\\\/cs\\\/permanent-protector-646.html#breadcrumb\",\"itemListElement\":[{\"@type\":\"ListItem\",\"position\":1,\"name\":\"Domovsk\u00e1 str\u00e1nka\",\"item\":\"https:\\\/\\\/www.versiegelung24.com\\\/cs\\\/predni\\\/\"},{\"@type\":\"ListItem\",\"position\":2,\"name\":\"Prodejna\",\"item\":\"https:\\\/\\\/www.versiegelung24.com\\\/cs\\\/prodejna\\\/\"},{\"@type\":\"ListItem\",\"position\":3,\"name\":\"Permanentn\u00ed ochrana 646 5M\"}]},{\"@type\":\"WebSite\",\"@id\":\"https:\\\/\\\/www.versiegelung24.com\\\/cs\\\/#website\",\"url\":\"https:\\\/\\\/www.versiegelung24.com\\\/cs\\\/\",\"name\":\"versiegelung24.com\",\"description\":\"Fl\u00fcssigglas-Versiegelung - Made in Germany\",\"publisher\":{\"@id\":\"https:\\\/\\\/www.versiegelung24.com\\\/cs\\\/#organization\"},\"potentialAction\":[{\"@type\":\"SearchAction\",\"target\":{\"@type\":\"EntryPoint\",\"urlTemplate\":\"https:\\\/\\\/www.versiegelung24.com\\\/cs\\\/?s={search_term_string}\"},\"query-input\":{\"@type\":\"PropertyValueSpecification\",\"valueRequired\":true,\"valueName\":\"search_term_string\"}}],\"inLanguage\":\"cs\"},{\"@type\":\"Organization\",\"@id\":\"https:\\\/\\\/www.versiegelung24.com\\\/cs\\\/#organization\",\"name\":\"versiegelung24\",\"url\":\"https:\\\/\\\/www.versiegelung24.com\\\/cs\\\/\",\"logo\":{\"@type\":\"ImageObject\",\"inLanguage\":\"cs\",\"@id\":\"https:\\\/\\\/www.versiegelung24.com\\\/cs\\\/#\\\/schema\\\/logo\\\/image\\\/\",\"url\":\"https:\\\/\\\/www.versiegelung24.com\\\/wp-content\\\/uploads\\\/2020\\\/04\\\/versiegelung24.png\",\"contentUrl\":\"https:\\\/\\\/www.versiegelung24.com\\\/wp-content\\\/uploads\\\/2020\\\/04\\\/versiegelung24.png\",\"width\":470,\"height\":102,\"caption\":\"versiegelung24\"},\"image\":{\"@id\":\"https:\\\/\\\/www.versiegelung24.com\\\/cs\\\/#\\\/schema\\\/logo\\\/image\\\/\"}}]}<\/script>\n<meta property=\"og:availability\" content=\"instock\" \/>\n<meta property=\"product:availability\" content=\"instock\" \/>\n<meta property=\"product:retailer_item_id\" content=\"8056-646\" \/>\n<meta property=\"product:condition\" content=\"new\" \/>\n<!-- \/ Yoast SEO Premium plugin. -->","yoast_head_json":{"title":"Permanent Protector 646 Ultra Thin - keramick\u00fd tmel 9H","description":"Jednoduch\u00e9 pou\u017eit\u00ed, siln\u00e1 ochrana. Nov\u00fd keramick\u00fd tmel Permanent Protector 646 Ultra Thin - 9H poskytuje spolehlivou ochranu proti vn\u011bj\u0161\u00edm vliv\u016fm.","robots":{"index":"index","follow":"follow","max-snippet":"max-snippet:-1","max-image-preview":"max-image-preview:large","max-video-preview":"max-video-preview:-1"},"canonical":"https:\/\/www.versiegelung24.com\/cs\/permanent-protector-646.html","og_locale":"cs_CZ","og_type":"article","og_title":"Permanentn\u00ed ochrana 646 5M","og_description":"Jednoduch\u00e9 pou\u017eit\u00ed, siln\u00e1 ochrana. Nov\u00fd keramick\u00fd tmel Permanent Protector 646 Ultra Thin - 9H poskytuje spolehlivou ochranu proti vn\u011bj\u0161\u00edm vliv\u016fm.","og_url":"https:\/\/www.versiegelung24.com\/cs\/permanent-protector-646.html","og_site_name":"versiegelung24.com","article_modified_time":"2025-09-08T14:04:00+00:00","og_image":[{"width":2560,"height":2560,"url":"https:\/\/www.versiegelung24.com\/wp-content\/uploads\/2025\/08\/V24-Permanent-Protector-646-Keramikversiegelung-scaled-1.jpg","type":"image\/jpeg"}],"twitter_card":"summary_large_image","twitter_misc":{"Dostupnost":"Skladem"},"schema":{"@context":"https:\/\/schema.org","@graph":[{"@type":"WebPage","@id":"https:\/\/www.versiegelung24.com\/cs\/permanent-protector-646.html","url":"https:\/\/www.versiegelung24.com\/cs\/permanent-protector-646.html","name":"Permanent Protector 646 Ultra Thin - keramick\u00fd tmel 9H","isPartOf":{"@id":"https:\/\/www.versiegelung24.com\/cs\/#website"},"primaryImageOfPage":{"@id":"https:\/\/www.versiegelung24.com\/cs\/permanent-protector-646.html#primaryimage"},"image":{"@id":"https:\/\/www.versiegelung24.com\/cs\/permanent-protector-646.html#primaryimage"},"thumbnailUrl":"https:\/\/www.versiegelung24.com\/wp-content\/uploads\/2025\/08\/V24-Permanent-Protector-646-Keramikversiegelung-scaled-1.jpg","datePublished":"2025-08-28T12:07:51+00:00","dateModified":"2025-09-08T14:04:00+00:00","description":"Jednoduch\u00e9 pou\u017eit\u00ed, siln\u00e1 ochrana. Nov\u00fd keramick\u00fd tmel Permanent Protector 646 Ultra Thin - 9H poskytuje spolehlivou ochranu proti vn\u011bj\u0161\u00edm vliv\u016fm.","breadcrumb":{"@id":"https:\/\/www.versiegelung24.com\/cs\/permanent-protector-646.html#breadcrumb"},"inLanguage":"cs","potentialAction":[{"@type":"ReadAction","target":["https:\/\/www.versiegelung24.com\/cs\/permanent-protector-646.html"]}]},{"@type":"ImageObject","inLanguage":"cs","@id":"https:\/\/www.versiegelung24.com\/cs\/permanent-protector-646.html#primaryimage","url":"https:\/\/www.versiegelung24.com\/wp-content\/uploads\/2025\/08\/V24-Permanent-Protector-646-Keramikversiegelung-scaled-1.jpg","contentUrl":"https:\/\/www.versiegelung24.com\/wp-content\/uploads\/2025\/08\/V24-Permanent-Protector-646-Keramikversiegelung-scaled-1.jpg","width":2560,"height":2560},{"@type":"BreadcrumbList","@id":"https:\/\/www.versiegelung24.com\/cs\/permanent-protector-646.html#breadcrumb","itemListElement":[{"@type":"ListItem","position":1,"name":"Domovsk\u00e1 str\u00e1nka","item":"https:\/\/www.versiegelung24.com\/cs\/predni\/"},{"@type":"ListItem","position":2,"name":"Prodejna","item":"https:\/\/www.versiegelung24.com\/cs\/prodejna\/"},{"@type":"ListItem","position":3,"name":"Permanentn\u00ed ochrana 646 5M"}]},{"@type":"WebSite","@id":"https:\/\/www.versiegelung24.com\/cs\/#website","url":"https:\/\/www.versiegelung24.com\/cs\/","name":"versiegelung24.com","description":"Fl\u00fcssigglas-Versiegelung - Made in Germany","publisher":{"@id":"https:\/\/www.versiegelung24.com\/cs\/#organization"},"potentialAction":[{"@type":"SearchAction","target":{"@type":"EntryPoint","urlTemplate":"https:\/\/www.versiegelung24.com\/cs\/?s={search_term_string}"},"query-input":{"@type":"PropertyValueSpecification","valueRequired":true,"valueName":"search_term_string"}}],"inLanguage":"cs"},{"@type":"Organization","@id":"https:\/\/www.versiegelung24.com\/cs\/#organization","name":"versiegelung24","url":"https:\/\/www.versiegelung24.com\/cs\/","logo":{"@type":"ImageObject","inLanguage":"cs","@id":"https:\/\/www.versiegelung24.com\/cs\/#\/schema\/logo\/image\/","url":"https:\/\/www.versiegelung24.com\/wp-content\/uploads\/2020\/04\/versiegelung24.png","contentUrl":"https:\/\/www.versiegelung24.com\/wp-content\/uploads\/2020\/04\/versiegelung24.png","width":470,"height":102,"caption":"versiegelung24"},"image":{"@id":"https:\/\/www.versiegelung24.com\/cs\/#\/schema\/logo\/image\/"}}]},"og_availability":"instock","product_availability":"instock","product_retailer_item_id":"8056-646","product_condition":"new"},"_links":{"self":[{"href":"https:\/\/www.versiegelung24.com\/cs\/wp-json\/wp\/v2\/product\/182923","targetHints":{"allow":["GET"]}}],"collection":[{"href":"https:\/\/www.versiegelung24.com\/cs\/wp-json\/wp\/v2\/product"}],"about":[{"href":"https:\/\/www.versiegelung24.com\/cs\/wp-json\/wp\/v2\/types\/product"}],"version-history":[{"count":3,"href":"https:\/\/www.versiegelung24.com\/cs\/wp-json\/wp\/v2\/product\/182923\/revisions"}],"predecessor-version":[{"id":183589,"href":"https:\/\/www.versiegelung24.com\/cs\/wp-json\/wp\/v2\/product\/182923\/revisions\/183589"}],"wp:featuredmedia":[{"embeddable":true,"href":"https:\/\/www.versiegelung24.com\/cs\/wp-json\/wp\/v2\/media\/183053"}],"wp:attachment":[{"href":"https:\/\/www.versiegelung24.com\/cs\/wp-json\/wp\/v2\/media?parent=182923"}],"wp:term":[{"taxonomy":"product_brand","embeddable":true,"href":"https:\/\/www.versiegelung24.com\/cs\/wp-json\/wp\/v2\/product_brand?post=182923"},{"taxonomy":"product_cat","embeddable":true,"href":"https:\/\/www.versiegelung24.com\/cs\/wp-json\/wp\/v2\/product_cat?post=182923"},{"taxonomy":"product_tag","embeddable":true,"href":"https:\/\/www.versiegelung24.com\/cs\/wp-json\/wp\/v2\/product_tag?post=182923"}],"curies":[{"name":"wp","href":"https:\/\/api.w.org\/{rel}","templated":true}]}}