{"id":22795,"date":"2020-04-04T18:53:13","date_gmt":"2020-04-04T16:53:13","guid":{"rendered":"https:\/\/www.versiegelung24.com\/produkt\/tesneni-autoskel-v-profesionalni-kvalite"},"modified":"2025-01-03T23:40:54","modified_gmt":"2025-01-03T22:40:54","slug":"tesneni-automobiloveho-skla-v-profesionalni-kvalite","status":"publish","type":"product","link":"https:\/\/www.versiegelung24.com\/cs\/tesneni-autoskel-v-profesionalni-kvalite.html","title":{"rendered":"T\u011bsn\u011bn\u00ed autoskel v profesion\u00e1ln\u00ed kvalit\u011b"},"content":{"rendered":"\n<p><strong>Vysoce \u00fa\u010dinn\u00e9 t\u011bsn\u011bn\u00ed autoskel a karavan\u016f, profesion\u00e1ln\u00ed kvalita, NOVINKA, proj\u00ed\u017ed\u011bn\u00ed zimou t\u00e9m\u011b\u0159 bez \u0161kr\u00e1banc\u016f, v\u00fdrazn\u011b zlep\u0161en\u00e1 viditelnost za \u0161patn\u00e9ho po\u010das\u00ed<\/strong><\/p>\n\n<p>Vysok\u00e1 kvalita Made in Germany.<\/p>\n\n<hr\/>\n\n<h4 class=\"wp-block-heading\" id=\"properties\">Vlastnosti produktu<\/h4>\n\n<div class=\"wp-block-columns is-layout-flex wp-container-core-columns-is-layout-9d6595d7 wp-block-columns-is-layout-flex\">\n<div class=\"wp-block-column is-layout-flow wp-block-column-is-layout-flow\">\n<ul class=\"wp-block-list\">\n<li>\u010cir\u00e1, bezbarv\u00e1 kapalina, neviditeln\u00e1 a nepost\u0159ehnuteln\u00e1<\/li>\n\n\n\n<li>Vynikaj\u00edc\u00ed efekt snadn\u00e9ho \u010di\u0161t\u011bn\u00ed pro p\u0159ilnavost ne\u010distot<\/li>\n\n\n\n<li>Odpuzuje vodu, olej a \u0161p\u00ednu, d\u00e9\u0161\u0165 a sn\u00edh se val\u00ed z tabule, \u0161p\u00edna, pta\u010d\u00ed trus, hmyz a led ji\u017e nemohou pevn\u011b p\u0159ilnout<\/li>\n\n\n\n<li>V zim\u011b je \u0161kr\u00e1b\u00e1n\u00ed ledu mnohem snaz\u0161\u00ed<\/li>\n\n\n\n<li>P\u0159ibli\u017en\u011b od 70 km \/ h se za j\u00edzdy sr\u00e1\u017e\u00ed d\u00e9\u0161\u0165, a to i bez st\u011bra\u010d\u016f, a zaji\u0161\u0165uje jasn\u00fd v\u00fdhled<\/li>\n\n\n\n<li>\u017divotnost p\u0159ibli\u017en\u011b 25 000 km nebo a\u017e jeden rok<\/li>\n\n\n\n<li>Sni\u017euje r\u016fst mikroorganism\u016f a bakteri\u00ed, zlep\u0161uje hygienu<\/li>\n\n\n\n<li>Odoln\u00fd proti mrazu, extr\u00e9mn\u00edmu teplu, UV z\u00e1\u0159en\u00ed, slan\u00e9 vod\u011b a slan\u00e9mu vzduchu, miner\u00e1l\u016fm z tvrd\u00e9 vody a louh\u016f, odoln\u00fd silni\u010dn\u00ed soli<\/li>\n\n\n\n<li>Psychologicky nez\u00e1vadn\u00fd<\/li>\n<\/ul>\n<\/div>\n\n\n\n<div class=\"wp-block-column is-layout-flow wp-block-column-is-layout-flow\">\n<ul class=\"wp-block-list\" id=\"block-4d08488f-e4e2-46e9-af9b-8ca16197df33\">\n<li>Povrchy z\u016fstanou \u010dist\u00e9 mnohem d\u00e9le, co\u017e prodlu\u017euje \u010distic\u00ed cykly a v\u00fdrazn\u011b sni\u017euje n\u00e1klady, \u010das a energii na \u010di\u0161t\u011bn\u00ed a \u00fadr\u017ebu<\/li>\n\n\n\n<li>Chemick\u00e9 \u010distic\u00ed prost\u0159edky ji\u017e nejsou nutn\u00e9 (t\u011bsnic\u00ed, ale tak\u00e9 chemicky odoln\u00e9 v\u016f\u010di \u010distic\u00edm prost\u0159edk\u016fm, a\u017e do hodnoty pH 12)<\/li>\n\n\n\n<li>UV stabiln\u00ed \/ mrazuvzdorn\u00fd \/ odoln\u00fd proti slan\u00e9 vod\u011b \/ neviditeln\u00fd (tlou\u0161\u0165ka vrstvy: 100-150nm)<\/li>\n\n\n\n<li>Lze snadno znovu pou\u017e\u00edt, kdy\u017e efekt odezn\u00ed<\/li>\n<\/ul>\n\n\n\n<p><br\/><br\/>Rozsah dod\u00e1vky: 1 x litrov\u00e1 l\u00e1hev 1 x rozpra\u0161ovac\u00ed hlavice s pumpi\u010dkou<br\/><\/p>\n<\/div>\n<\/div>\n\n<hr\/>\n\n<h4 class=\"wp-block-heading\" id=\"application\">Aplikace<\/h4>\n\n<ul class=\"wp-block-list\">\n<li>V\u0161echna okna a zrc\u00e1tka na autech, karavanech, motocyklech atd.<\/li>\n<\/ul>\n\n<p>Spot\u0159eba z\u00e1vis\u00ed na struktu\u0159e povrchu cca 100-200 m\u00b2 \/ litr.<\/p>\n\n<p>Trvanlivost: Cca 12 m\u011bs\u00edc\u016f<\/p>\n","protected":false},"excerpt":{"rendered":"<p><strong>Vysoce \u00fa\u010dinn\u00e9 t\u011bsn\u011bn\u00ed pro autoskla a karavany:<\/strong><\/p>\n<p>\u2713 Profesion\u00e1ln\u00ed kvalita <\/p>\n<p>\u2713 P\u0159ekonejte zimu t\u00e9m\u011b\u0159 bez \u0161kr\u00e1banc\u016f<\/p>\n<p>\u2713 V\u00fdrazn\u011b zlep\u0161en\u00e1 viditelnost za \u0161patn\u00e9ho po\u010das\u00ed<\/p>\n<p>\u2713 Od rychlosti cca 70 km\/h se d\u00e9\u0161\u0165 za j\u00edzdy val\u00ed i bez st\u011bra\u010d\u016f a zaji\u0161\u0165uje jasn\u00fd v\u00fdhled<\/p>\n","protected":false},"featured_media":17594,"template":"","meta":{"_acf_changed":false,"neve_meta_sidebar":"","neve_meta_container":"","neve_meta_enable_content_width":"","neve_meta_content_width":0,"neve_meta_title_alignment":"","neve_meta_author_avatar":"","neve_post_elements_order":"","neve_meta_disable_header":"","neve_meta_disable_footer":"","neve_meta_disable_title":"","neve_meta_reading_time":"","_surfaces":[],"_ver_product_tabs":[],"footnotes":""},"product_brand":[],"product_cat":[2223],"product_tag":[],"class_list":{"0":"post-22795","1":"product","2":"type-product","3":"status-publish","4":"has-post-thumbnail","6":"product_cat-tesneni-auta","7":"pa_gebinde-1000ml-lahev","8":"pa_gebinde-20l-kanystr","10":"first","11":"instock","12":"taxable","13":"shipping-taxable","14":"purchasable","15":"product-type-variable","16":"has-default-attributes"},"acf":[],"yoast_head":"<!-- This site is optimized with the Yoast SEO Premium plugin v22.8 (Yoast SEO v27.5) - https:\/\/yoast.com\/product\/yoast-seo-premium-wordpress\/ -->\n<title>T\u011bsn\u011bn\u00ed autoskel v profesion\u00e1ln\u00ed kvalit\u011b - versiegelung24.com<\/title>\n<meta name=\"robots\" content=\"index, follow, max-snippet:-1, max-image-preview:large, max-video-preview:-1\" \/>\n<link rel=\"canonical\" href=\"https:\/\/www.versiegelung24.com\/cs\/tesneni-autoskel-v-profesionalni-kvalite.html\" \/>\n<meta property=\"og:locale\" content=\"cs_CZ\" \/>\n<meta property=\"og:type\" content=\"article\" \/>\n<meta property=\"og:title\" content=\"T\u011bsn\u011bn\u00ed autoskel v profesion\u00e1ln\u00ed kvalit\u011b\" \/>\n<meta property=\"og:description\" content=\"Vysoce \u00fa\u010dinn\u00e9 t\u011bsn\u011bn\u00ed pro autoskla a karavany: \u2713 Profesion\u00e1ln\u00ed kvalita \u2713 P\u0159ekonejte zimu t\u00e9m\u011b\u0159 bez \u0161kr\u00e1banc\u016f \u2713 V\u00fdrazn\u011b zlep\u0161en\u00e1 viditelnost za \u0161patn\u00e9ho po\u010das\u00ed \u2713 Od rychlosti cca 70 km\/h se d\u00e9\u0161\u0165 za j\u00edzdy val\u00ed i bez st\u011bra\u010d\u016f a zaji\u0161\u0165uje jasn\u00fd v\u00fdhled\" \/>\n<meta property=\"og:url\" content=\"https:\/\/www.versiegelung24.com\/cs\/tesneni-autoskel-v-profesionalni-kvalite.html\" \/>\n<meta property=\"og:site_name\" content=\"versiegelung24.com\" \/>\n<meta property=\"article:modified_time\" content=\"2025-01-03T22:40:54+00:00\" \/>\n<meta property=\"og:image\" content=\"https:\/\/www.versiegelung24.com\/wp-content\/uploads\/2020\/06\/produkt-1002-7601-1000-Autoglasversiegelung-scaled.jpg\" \/>\n\t<meta property=\"og:image:width\" content=\"2560\" \/>\n\t<meta property=\"og:image:height\" content=\"2560\" \/>\n\t<meta property=\"og:image:type\" content=\"image\/jpeg\" \/>\n<meta name=\"twitter:card\" content=\"summary_large_image\" \/>\n<meta name=\"twitter:label1\" content=\"Dostupnost\" \/>\n\t<meta name=\"twitter:data1\" content=\"Skladem\" \/>\n<script type=\"application\/ld+json\" class=\"yoast-schema-graph\">{\"@context\":\"https:\\\/\\\/schema.org\",\"@graph\":[{\"@type\":\"WebPage\",\"@id\":\"https:\\\/\\\/www.versiegelung24.com\\\/cs\\\/tesneni-autoskel-v-profesionalni-kvalite.html\",\"url\":\"https:\\\/\\\/www.versiegelung24.com\\\/cs\\\/tesneni-autoskel-v-profesionalni-kvalite.html\",\"name\":\"T\u011bsn\u011bn\u00ed autoskel v profesion\u00e1ln\u00ed kvalit\u011b - versiegelung24.com\",\"isPartOf\":{\"@id\":\"https:\\\/\\\/www.versiegelung24.com\\\/cs\\\/#website\"},\"primaryImageOfPage\":{\"@id\":\"https:\\\/\\\/www.versiegelung24.com\\\/cs\\\/tesneni-autoskel-v-profesionalni-kvalite.html#primaryimage\"},\"image\":{\"@id\":\"https:\\\/\\\/www.versiegelung24.com\\\/cs\\\/tesneni-autoskel-v-profesionalni-kvalite.html#primaryimage\"},\"thumbnailUrl\":\"https:\\\/\\\/www.versiegelung24.com\\\/wp-content\\\/uploads\\\/2020\\\/06\\\/produkt-1002-7601-1000-Autoglasversiegelung-scaled.jpg\",\"datePublished\":\"2020-04-04T16:53:13+00:00\",\"dateModified\":\"2025-01-03T22:40:54+00:00\",\"breadcrumb\":{\"@id\":\"https:\\\/\\\/www.versiegelung24.com\\\/cs\\\/tesneni-autoskel-v-profesionalni-kvalite.html#breadcrumb\"},\"inLanguage\":\"cs\",\"potentialAction\":[{\"@type\":\"ReadAction\",\"target\":[\"https:\\\/\\\/www.versiegelung24.com\\\/cs\\\/tesneni-autoskel-v-profesionalni-kvalite.html\"]}]},{\"@type\":\"ImageObject\",\"inLanguage\":\"cs\",\"@id\":\"https:\\\/\\\/www.versiegelung24.com\\\/cs\\\/tesneni-autoskel-v-profesionalni-kvalite.html#primaryimage\",\"url\":\"https:\\\/\\\/www.versiegelung24.com\\\/wp-content\\\/uploads\\\/2020\\\/06\\\/produkt-1002-7601-1000-Autoglasversiegelung-scaled.jpg\",\"contentUrl\":\"https:\\\/\\\/www.versiegelung24.com\\\/wp-content\\\/uploads\\\/2020\\\/06\\\/produkt-1002-7601-1000-Autoglasversiegelung-scaled.jpg\",\"width\":2560,\"height\":2560},{\"@type\":\"BreadcrumbList\",\"@id\":\"https:\\\/\\\/www.versiegelung24.com\\\/cs\\\/tesneni-autoskel-v-profesionalni-kvalite.html#breadcrumb\",\"itemListElement\":[{\"@type\":\"ListItem\",\"position\":1,\"name\":\"Domovsk\u00e1 str\u00e1nka\",\"item\":\"https:\\\/\\\/www.versiegelung24.com\\\/cs\\\/predni\\\/\"},{\"@type\":\"ListItem\",\"position\":2,\"name\":\"Prodejna\",\"item\":\"https:\\\/\\\/www.versiegelung24.com\\\/cs\\\/prodejna\\\/\"},{\"@type\":\"ListItem\",\"position\":3,\"name\":\"T\u011bsn\u011bn\u00ed autoskel v profesion\u00e1ln\u00ed kvalit\u011b\"}]},{\"@type\":\"WebSite\",\"@id\":\"https:\\\/\\\/www.versiegelung24.com\\\/cs\\\/#website\",\"url\":\"https:\\\/\\\/www.versiegelung24.com\\\/cs\\\/\",\"name\":\"versiegelung24.com\",\"description\":\"Fl\u00fcssigglas-Versiegelung - Made in Germany\",\"publisher\":{\"@id\":\"https:\\\/\\\/www.versiegelung24.com\\\/cs\\\/#organization\"},\"potentialAction\":[{\"@type\":\"SearchAction\",\"target\":{\"@type\":\"EntryPoint\",\"urlTemplate\":\"https:\\\/\\\/www.versiegelung24.com\\\/cs\\\/?s={search_term_string}\"},\"query-input\":{\"@type\":\"PropertyValueSpecification\",\"valueRequired\":true,\"valueName\":\"search_term_string\"}}],\"inLanguage\":\"cs\"},{\"@type\":\"Organization\",\"@id\":\"https:\\\/\\\/www.versiegelung24.com\\\/cs\\\/#organization\",\"name\":\"versiegelung24\",\"url\":\"https:\\\/\\\/www.versiegelung24.com\\\/cs\\\/\",\"logo\":{\"@type\":\"ImageObject\",\"inLanguage\":\"cs\",\"@id\":\"https:\\\/\\\/www.versiegelung24.com\\\/cs\\\/#\\\/schema\\\/logo\\\/image\\\/\",\"url\":\"https:\\\/\\\/www.versiegelung24.com\\\/wp-content\\\/uploads\\\/2020\\\/04\\\/versiegelung24.png\",\"contentUrl\":\"https:\\\/\\\/www.versiegelung24.com\\\/wp-content\\\/uploads\\\/2020\\\/04\\\/versiegelung24.png\",\"width\":470,\"height\":102,\"caption\":\"versiegelung24\"},\"image\":{\"@id\":\"https:\\\/\\\/www.versiegelung24.com\\\/cs\\\/#\\\/schema\\\/logo\\\/image\\\/\"}}]}<\/script>\n<meta property=\"og:availability\" content=\"instock\" \/>\n<meta property=\"product:availability\" content=\"instock\" \/>\n<meta property=\"product:retailer_item_id\" content=\"1002-7601\" \/>\n<meta property=\"product:condition\" content=\"new\" \/>\n<!-- \/ Yoast SEO Premium plugin. -->","yoast_head_json":{"title":"T\u011bsn\u011bn\u00ed autoskel v profesion\u00e1ln\u00ed kvalit\u011b - versiegelung24.com","robots":{"index":"index","follow":"follow","max-snippet":"max-snippet:-1","max-image-preview":"max-image-preview:large","max-video-preview":"max-video-preview:-1"},"canonical":"https:\/\/www.versiegelung24.com\/cs\/tesneni-autoskel-v-profesionalni-kvalite.html","og_locale":"cs_CZ","og_type":"article","og_title":"T\u011bsn\u011bn\u00ed autoskel v profesion\u00e1ln\u00ed kvalit\u011b","og_description":"Vysoce \u00fa\u010dinn\u00e9 t\u011bsn\u011bn\u00ed pro autoskla a karavany: \u2713 Profesion\u00e1ln\u00ed kvalita \u2713 P\u0159ekonejte zimu t\u00e9m\u011b\u0159 bez \u0161kr\u00e1banc\u016f \u2713 V\u00fdrazn\u011b zlep\u0161en\u00e1 viditelnost za \u0161patn\u00e9ho po\u010das\u00ed \u2713 Od rychlosti cca 70 km\/h se d\u00e9\u0161\u0165 za j\u00edzdy val\u00ed i bez st\u011bra\u010d\u016f a zaji\u0161\u0165uje jasn\u00fd v\u00fdhled","og_url":"https:\/\/www.versiegelung24.com\/cs\/tesneni-autoskel-v-profesionalni-kvalite.html","og_site_name":"versiegelung24.com","article_modified_time":"2025-01-03T22:40:54+00:00","og_image":[{"width":2560,"height":2560,"url":"https:\/\/www.versiegelung24.com\/wp-content\/uploads\/2020\/06\/produkt-1002-7601-1000-Autoglasversiegelung-scaled.jpg","type":"image\/jpeg"}],"twitter_card":"summary_large_image","twitter_misc":{"Dostupnost":"Skladem"},"schema":{"@context":"https:\/\/schema.org","@graph":[{"@type":"WebPage","@id":"https:\/\/www.versiegelung24.com\/cs\/tesneni-autoskel-v-profesionalni-kvalite.html","url":"https:\/\/www.versiegelung24.com\/cs\/tesneni-autoskel-v-profesionalni-kvalite.html","name":"T\u011bsn\u011bn\u00ed autoskel v profesion\u00e1ln\u00ed kvalit\u011b - versiegelung24.com","isPartOf":{"@id":"https:\/\/www.versiegelung24.com\/cs\/#website"},"primaryImageOfPage":{"@id":"https:\/\/www.versiegelung24.com\/cs\/tesneni-autoskel-v-profesionalni-kvalite.html#primaryimage"},"image":{"@id":"https:\/\/www.versiegelung24.com\/cs\/tesneni-autoskel-v-profesionalni-kvalite.html#primaryimage"},"thumbnailUrl":"https:\/\/www.versiegelung24.com\/wp-content\/uploads\/2020\/06\/produkt-1002-7601-1000-Autoglasversiegelung-scaled.jpg","datePublished":"2020-04-04T16:53:13+00:00","dateModified":"2025-01-03T22:40:54+00:00","breadcrumb":{"@id":"https:\/\/www.versiegelung24.com\/cs\/tesneni-autoskel-v-profesionalni-kvalite.html#breadcrumb"},"inLanguage":"cs","potentialAction":[{"@type":"ReadAction","target":["https:\/\/www.versiegelung24.com\/cs\/tesneni-autoskel-v-profesionalni-kvalite.html"]}]},{"@type":"ImageObject","inLanguage":"cs","@id":"https:\/\/www.versiegelung24.com\/cs\/tesneni-autoskel-v-profesionalni-kvalite.html#primaryimage","url":"https:\/\/www.versiegelung24.com\/wp-content\/uploads\/2020\/06\/produkt-1002-7601-1000-Autoglasversiegelung-scaled.jpg","contentUrl":"https:\/\/www.versiegelung24.com\/wp-content\/uploads\/2020\/06\/produkt-1002-7601-1000-Autoglasversiegelung-scaled.jpg","width":2560,"height":2560},{"@type":"BreadcrumbList","@id":"https:\/\/www.versiegelung24.com\/cs\/tesneni-autoskel-v-profesionalni-kvalite.html#breadcrumb","itemListElement":[{"@type":"ListItem","position":1,"name":"Domovsk\u00e1 str\u00e1nka","item":"https:\/\/www.versiegelung24.com\/cs\/predni\/"},{"@type":"ListItem","position":2,"name":"Prodejna","item":"https:\/\/www.versiegelung24.com\/cs\/prodejna\/"},{"@type":"ListItem","position":3,"name":"T\u011bsn\u011bn\u00ed autoskel v profesion\u00e1ln\u00ed kvalit\u011b"}]},{"@type":"WebSite","@id":"https:\/\/www.versiegelung24.com\/cs\/#website","url":"https:\/\/www.versiegelung24.com\/cs\/","name":"versiegelung24.com","description":"Fl\u00fcssigglas-Versiegelung - Made in Germany","publisher":{"@id":"https:\/\/www.versiegelung24.com\/cs\/#organization"},"potentialAction":[{"@type":"SearchAction","target":{"@type":"EntryPoint","urlTemplate":"https:\/\/www.versiegelung24.com\/cs\/?s={search_term_string}"},"query-input":{"@type":"PropertyValueSpecification","valueRequired":true,"valueName":"search_term_string"}}],"inLanguage":"cs"},{"@type":"Organization","@id":"https:\/\/www.versiegelung24.com\/cs\/#organization","name":"versiegelung24","url":"https:\/\/www.versiegelung24.com\/cs\/","logo":{"@type":"ImageObject","inLanguage":"cs","@id":"https:\/\/www.versiegelung24.com\/cs\/#\/schema\/logo\/image\/","url":"https:\/\/www.versiegelung24.com\/wp-content\/uploads\/2020\/04\/versiegelung24.png","contentUrl":"https:\/\/www.versiegelung24.com\/wp-content\/uploads\/2020\/04\/versiegelung24.png","width":470,"height":102,"caption":"versiegelung24"},"image":{"@id":"https:\/\/www.versiegelung24.com\/cs\/#\/schema\/logo\/image\/"}}]},"og_availability":"instock","product_availability":"instock","product_retailer_item_id":"1002-7601","product_condition":"new"},"_links":{"self":[{"href":"https:\/\/www.versiegelung24.com\/cs\/wp-json\/wp\/v2\/product\/22795","targetHints":{"allow":["GET"]}}],"collection":[{"href":"https:\/\/www.versiegelung24.com\/cs\/wp-json\/wp\/v2\/product"}],"about":[{"href":"https:\/\/www.versiegelung24.com\/cs\/wp-json\/wp\/v2\/types\/product"}],"version-history":[{"count":14,"href":"https:\/\/www.versiegelung24.com\/cs\/wp-json\/wp\/v2\/product\/22795\/revisions"}],"predecessor-version":[{"id":177556,"href":"https:\/\/www.versiegelung24.com\/cs\/wp-json\/wp\/v2\/product\/22795\/revisions\/177556"}],"wp:featuredmedia":[{"embeddable":true,"href":"https:\/\/www.versiegelung24.com\/cs\/wp-json\/wp\/v2\/media\/17594"}],"wp:attachment":[{"href":"https:\/\/www.versiegelung24.com\/cs\/wp-json\/wp\/v2\/media?parent=22795"}],"wp:term":[{"taxonomy":"product_brand","embeddable":true,"href":"https:\/\/www.versiegelung24.com\/cs\/wp-json\/wp\/v2\/product_brand?post=22795"},{"taxonomy":"product_cat","embeddable":true,"href":"https:\/\/www.versiegelung24.com\/cs\/wp-json\/wp\/v2\/product_cat?post=22795"},{"taxonomy":"product_tag","embeddable":true,"href":"https:\/\/www.versiegelung24.com\/cs\/wp-json\/wp\/v2\/product_tag?post=22795"}],"curies":[{"name":"wp","href":"https:\/\/api.w.org\/{rel}","templated":true}]}}