{"id":22806,"date":"2020-04-04T18:53:16","date_gmt":"2021-08-02T19:01:35","guid":{"rendered":"https:\/\/www.versiegelung24.com\/produkt\/1-litr-koncentratu-bacoban-pro-100-litru-dlouhodobe-dezinfekce-povrchu"},"modified":"2025-01-13T16:35:46","modified_gmt":"2025-01-13T15:35:46","slug":"bacoban-dlouhodoby-povrchovy-dezinfekcni-koncentrat","status":"publish","type":"product","link":"https:\/\/www.versiegelung24.com\/cs\/bacoban-dlouhodoby-povrchovy-dezinfekcni-koncentrat.html","title":{"rendered":"1 litr koncentr\u00e1tu BACOBAN\u00ae pro 100 litr\u016f dlouhodob\u00e9 dezinfekce povrchu"},"content":{"rendered":"\n<h2 class=\"wp-block-heading\" id=\"1-liter-flasche-bacoban-langzeit-flachendesinfektion-konzentrat\">1 litrov\u00e1 l\u00e1hev koncentr\u00e1tu BACOBAN\u00ae pro dlouhodobou povrchovou dezinfekci<\/h2>\n\n<p><strong>Posta\u010d\u00ed na 100 litr\u016f dezinfek\u010dn\u00edho prost\u0159edku (\u0159ed\u011bn\u00e9ho vodou v pom\u011bru 1: 100)<\/strong><\/p>\n\n<p><strong>Dezinfek\u010dn\u00ed prost\u0159edky pou\u017e\u00edvejte opatrn\u011b. P\u0159ed pou\u017eit\u00edm si v\u017edy p\u0159e\u010dt\u011bte etiketu a informace o produktu.<\/strong><\/p>\n\n<hr \/>\n\n<h4 class=\"wp-block-heading\" id=\"properties\">Vlastnosti produktu<\/h4>\n\n<ul class=\"wp-block-list\"><li><br \/>Trval\u00fd antimikrobi\u00e1ln\u00ed \u00fa\u010dinek (remanence) a\u017e 10 dn\u00ed<\/li><li>Uvedeno VAH<\/li><li>\u00fa\u010dinn\u00fd proti koronaviru<\/li><li>velmi dobr\u00e1 sn\u00e1\u0161enlivost s poko\u017ekou<\/li><li>vysok\u00fd \u010distic\u00ed \u00fa\u010dinek<\/li><li>Praktick\u00e1 aplikace testov\u00e1na v testu 4 pol\u00ed<\/li><\/ul>\n\n<p><strong>Bacoban<\/strong><sup> \u00ae<\/sup><strong> WB<\/strong> je koncentr\u00e1t na vodn\u00ed b\u00e1zi pro kombinovanou dezinfekci a \u010di\u0161t\u011bn\u00ed z\u00e1sob a podlah s trval\u00fdm, antimikrobi\u00e1ln\u00edm \u00fa\u010dinkem (remanentn\u00ed efekt).<\/p>\n\n<hr \/>\n\n<h4 class=\"wp-block-heading\" id=\"application\">Aplikace<\/h4>\n\n<h3 class=\"wp-block-heading\" id=\"gebrauch\">pou\u017eit\u00ed<\/h3>\n\n<p>Ven<strong> Bacoban<\/strong><sup> \u00ae<\/sup><strong> WB<\/strong> Podle mixovac\u00edho stolu p\u0159ipravte roztok p\u0159ipraven\u00fd k pou\u017eit\u00ed a povrchy dostate\u010dn\u011b navlh\u010dete. Neoplachujte ani neot\u00edrejte do sucha. Doba st\u00e1n\u00ed \u010derstv\u011b p\u0159ipraven\u00e9ho pracovn\u00edho roztoku: 8 hodin<\/p>\n\n<figure class=\"wp-block-table\"><table><tbody><tr><td>M\u00edchac\u00ed st\u016fl<\/td><\/tr><tr><td>Kone\u010dn\u00fd objem<\/td><td>0,5 %<\/td><td>1 %<\/td><td>2 %<\/td><td>3 %<\/td><\/tr><tr><td>1 litr<\/td><td>5 ml<\/td><td>10 ml<\/td><td>20 ml<\/td><td>30 ml<\/td><\/tr><tr><td>2 litry<\/td><td>10 ml<\/td><td>20 ml<\/td><td>40 ml<\/td><td>60 ml<\/td><\/tr><tr><td>4 litry<\/td><td>20 ml<\/td><td>40 ml<\/td><td>80 ml<\/td><td>120 ml<\/td><\/tr><tr><td>8 litr\u016f<\/td><td>40 ml<\/td><td>80 ml<\/td><td>160 ml<\/td><td>240 ml<\/td><\/tr><tr><td>10 litr\u016f<\/td><td>50 ml<\/td><td>100 ml<\/td><td>200 ml<\/td><td>300 ml<\/td><\/tr><\/tbody><\/table><\/figure>\n\n<p><br \/>Trval\u00fd antimikrobi\u00e1ln\u00ed \u00fa\u010dinek <strong>(remanen\u010dn\u00ed efekt)<\/strong> po <strong>dobu<\/strong> a\u017e <strong>10 dn\u016f<\/strong> (testov\u00e1no podle ASTM E 2180). Dermatologicky testov\u00e1no (*p\u0159i 1 %): velmi dobr\u00e1 sn\u00e1\u0161enlivost s poko\u017ekou.<\/p>\n\n<h3 class=\"wp-block-heading\" id=\"lagerung\">\u00falo\u017en\u00fd prostor<\/h3>\n\n<p><strong>Bacoban<\/strong><sup> \u00ae<\/sup><strong> WB<\/strong> skladujte p\u0159i +5 a\u017e + 25 \u00b0 C Chra\u0148te p\u0159ed mrazem a p\u0159\u00edm\u00fdm slune\u010dn\u00edm z\u00e1\u0159en\u00edm.<\/p>\n\n<hr \/>\n\n<h4 class=\"wp-block-heading\" id=\"advisor\">Poradce<\/h4>\n\n<h3 class=\"wp-block-heading\" id=\"gutachten\">Posouzen\u00ed<\/h3>\n\n<p>Na\u0161e v\u00fdrobky byly rozs\u00e1hle testov\u00e1ny. Na po\u017e\u00e1d\u00e1n\u00ed v\u00e1m r\u00e1di poskytneme na\u0161e mikrobiologick\u00e9 a dermatologick\u00e9 zpr\u00e1vy.<\/p>\n\n<h3 class=\"wp-block-heading\" id=\"sicherheitshinweis\">Bezpe\u010dnostn\u00ed upozorn\u011bn\u00ed<\/h3>\n\n<p>Bezpe\u010dnostn\u00ed list k dispozici na vy\u017e\u00e1d\u00e1n\u00ed.<\/p>\n\n<p><strong>D\u016fle\u017eit\u00e9<\/strong> ! Antimikrobi\u00e1ln\u00ed remanentn\u00ed \u00fa\u010dinek<strong> Bacoban<\/strong><sup> \u00ae<\/sup><strong> WB<\/strong> nesm\u00ed v p\u0159\u00edpad\u011b viditeln\u00e9 a \/ nebo diskutabiln\u00ed kontaminace v\u00e9st k vynech\u00e1n\u00ed nezbytn\u00fdch dezinfek\u010dn\u00edch opat\u0159en\u00ed!<\/p>\n\n<p>Sdru\u017een\u00ed pro poji\u0161t\u011bn\u00ed odpov\u011bdnosti zam\u011bstnavatel\u016f stanov\u00ed, \u017ee p\u0159i pr\u00e1ci s dezinfek\u010dn\u00edmi prost\u0159edky je nutn\u00e9 pou\u017e\u00edvat rukavice. P\u0159i po\u017eit\u00ed je \u0161kodliv\u00fd. Zp\u016fsobuje t\u011b\u017ek\u00e9 pop\u00e1leniny k\u016f\u017ee a po\u0161kozen\u00ed o\u010d\u00ed. Velmi toxick\u00fd pro vodn\u00ed organismy. Toxick\u00fd pro vodn\u00ed organismy, s dlouhodob\u00fdmi \u00fa\u010dinky. B\u011bhem pou\u017e\u00edv\u00e1n\u00ed nejezte, nepijte a neku\u0159te. P\u0158I PO\u017dIT\u00cd: Vypl\u00e1chn\u011bte \u00fasta. NEvyvol\u00e1vejte zvracen\u00ed. P\u0158I KONTAKTU S K\u016e\u017d\u00cd (nebo vlasy): Okam\u017eit\u011b odstra\u0148te ve\u0161ker\u00fd kontaminovan\u00fd od\u011bv. Opl\u00e1chn\u011bte poko\u017eku vodou\/sprchou. P\u0158I ZASA\u017dEN\u00cd O\u010c\u00cd: Opatrn\u011b n\u011bkolik minut vyplachujte vodou. Pokud je to mo\u017en\u00e9, vyjm\u011bte st\u00e1vaj\u00edc\u00ed kontaktn\u00ed \u010do\u010dky. Pokra\u010dujte v oplachov\u00e1n\u00ed. Okam\u017eit\u011b zavolejte TOXIKOLOGICK\u00c9 CENTRUM nebo l\u00e9ka\u0159e. Pokud je nutn\u00e1 l\u00e9ka\u0159sk\u00e1 pomoc, p\u0159ipravte si obal nebo \u0161t\u00edtek. <br \/>Uchov\u00e1vejte mimo dosah d\u011bt\u00ed. Pou\u017e\u00edvejte pouze s vodou a podle sm\u011b\u0161ovac\u00ed tabulky. Nepou\u017e\u00edvejte s jin\u00fdmi \u010distic\u00edmi nebo dezinfek\u010dn\u00edmi prost\u0159edky.<\/p>\n\n<p>Lze pou\u017e\u00edt na v\u0161echny povrchy. U sporn\u011b citliv\u00fdch povrch\u016f doporu\u010dujeme prov\u00e9st zkou\u0161ku odolnosti na nen\u00e1padn\u00e9m m\u00edst\u011b. Skladujte pouze v uzav\u0159en\u00e9m obalu. Skladujte na chladn\u00e9m a such\u00e9m m\u00edst\u011b.<\/p>\n\n<p>N\u00e1dobu lze recyklovat pouze tehdy, kdy\u017e je zcela pr\u00e1zdn\u00e1. Nepou\u017e\u00edvejte po uplynut\u00ed doby pou\u017eitelnosti. Likvidujte v souladu s m\u00edstn\u00edmi a \u00fa\u0159edn\u00edmi p\u0159edpisy.<\/p>\n\n<p>Reg. \u010d. biocidu: N-28795 (D). 263\/17\/L (Lu)<\/p>\n\n<p>Roztok <strong>p\u0159ipraven\u00fd<\/strong> k pou\u017eit\u00ed podle m\u00edchac\u00ed tabulky nevy\u017eaduje symbol nebezpe\u010d\u00ed.<\/p>\n\n<h3 class=\"wp-block-heading\" id=\"zusammensetzung\">slo\u017een\u00ed<\/h3>\n\n<p>100 g roztoku obsahuje: benzalkoniumchlorid 26 g, pyrithion sodn\u00fd 2,5 g, polykondenz\u00e1ty, vonn\u00e9 l\u00e1tky, \u010di\u0161t\u011bnou vodu. Slo\u017eky podle na\u0159\u00edzen\u00ed (ES) \u010d. 648\/2004: 15% a v\u00edce, ale m\u00e9n\u011b ne\u017e 30% kationtov\u00e9 povrchov\u011b aktivn\u00ed l\u00e1tky, dezinfek\u010dn\u00ed prost\u0159edky, vonn\u00e9 l\u00e1tky (linalool, limonen, citral, geraniol, citronellol).<br \/>Bez formaldehydu, bez fenolu.<\/p>\n\n<figure class=\"wp-block-table\"><table><tbody><tr><td>\u00fa\u010dinnost<\/td><\/tr><tr><td>Testov\u00e1n\u00ed podle sm\u011brnic DVV \/ RKI<\/td><td>\u0159ed\u011bn\u00ed<\/td><td>Doba vystaven\u00ed<\/td><\/tr><tr><td><br \/>Omezen\u00e1 virucidita (obalen\u00e9 viry v\u010detn\u011b <strong>koronaviru<\/strong>, HIV, HBV, HCV, ch\u0159ipky, herpesu, viru Ebola&#8230;.)<\/td><td>1,00 %<\/td><td>5 minut<\/td><\/tr><tr><td>Adenovirus<\/td><td>2,00 %<\/td><td>240 min<\/td><\/tr><tr><td>Virus lidsk\u00e9ho papilomu (HPV)<\/td><td>1,00 %<\/td><td>60 min<\/td><\/tr><tr><td>Norovirus<\/td><td>1,00 %<\/td><td>30 min<\/td><\/tr><tr><td>Testov\u00e1n\u00ed podle sm\u011brnice DGHM (s mechanikou, vysok\u00e9 zat\u00ed\u017een\u00ed)<\/td><\/tr><tr><td>baktericidn\u00ed a ysticidn\u00ed<\/td><td>1,00 %<\/td><td>5 minut<\/td><\/tr><tr><td>Normy EN<\/td><\/tr><tr><td>EN 1040 (baktericidn\u00ed)<\/td><td>0,25 %<\/td><td>5 minut<\/td><\/tr><tr><td>EN 1275 (kyselou)<\/td><td>0,25 %<\/td><td>5 minut<\/td><\/tr><tr><td>EN 1276 (baktericidn\u00ed)<\/td><td>0,75 %<\/td><td>5 minut<\/td><\/tr><tr><td>\u00a0<\/td><td>0,50 %<\/td><td>15 minut<\/td><\/tr><tr><td>EN 13727 (baktericidn\u00ed)<\/td><td>1,00 %<\/td><td>5 minut<\/td><\/tr><tr><td>EN 13624 (ysticidn\u00ed, fungicidn\u00ed)<\/td><td>1,00 %<\/td><td>5 minut<\/td><\/tr><tr><td>EN 1650 (ysticidn\u00ed)<\/td><td>0,50 %<\/td><td>5 minut<\/td><\/tr><tr><td>\u00a0<\/td><td>0,25 %<\/td><td>15 minut<\/td><\/tr><tr><td>EN 13697 (baktericidn\u00ed)<\/td><td>0,50 %<\/td><td>15 minut<\/td><\/tr><tr><td>EN 14561 (baktericidn\u00ed)<\/td><td>0,50 %<\/td><td>15 minut<\/td><\/tr><tr><td>\u00a0<\/td><td>0,50 %<\/td><td>60 min<\/td><\/tr><tr><td>EN 14562 (kysel\u00e9)<\/td><td>0,50 %<\/td><td>60 min<\/td><\/tr><tr><td>EN 16615 (baktericidn\u00ed, ysticidn\u00ed) (4-pole test)<\/td><td>1,00 %<\/td><td>5 minut<\/td><\/tr><\/tbody><\/table><\/figure>\n\n<p><strong>Dezinfek\u010dn\u00ed prost\u0159edky pou\u017e\u00edvejte opatrn\u011b. P\u0159ed pou\u017eit\u00edm si v\u017edy p\u0159e\u010dt\u011bte etiketu a informace o produktu.<\/strong><\/p>\n","protected":false},"excerpt":{"rendered":"<p style=\"color: #545454;font-family: Verdana, sans-serif;font-size: 11px;line-height: 15.666666984558105px\"><strong>Dezinfekce a \u010di\u0161t\u011bn\u00ed povrch\u016f bez alkoholu<\/strong><\/p>\n","protected":false},"featured_media":21948,"template":"","meta":{"_acf_changed":false,"neve_meta_sidebar":"","neve_meta_container":"","neve_meta_enable_content_width":"","neve_meta_content_width":0,"neve_meta_title_alignment":"","neve_meta_author_avatar":"","neve_post_elements_order":"","neve_meta_disable_header":"","neve_meta_disable_footer":"","neve_meta_disable_title":"","neve_meta_reading_time":"","_surfaces":[],"_ver_product_tabs":[],"footnotes":""},"product_brand":[],"product_cat":[2236,2237,2238],"product_tag":[],"class_list":{"0":"post-22806","1":"product","2":"type-product","3":"status-publish","4":"has-post-thumbnail","6":"product_cat-dezinfekcni-prostredky","7":"product_cat-povrchove-dezinfekcni-prostredky","8":"product_cat-dezinfekcni-koncentraty","10":"first","11":"instock","12":"taxable","13":"shipping-taxable","14":"purchasable","15":"product-type-simple"},"acf":[],"yoast_head":"<!-- This site is optimized with the Yoast SEO Premium plugin v22.8 (Yoast SEO v27.5) - https:\/\/yoast.com\/product\/yoast-seo-premium-wordpress\/ -->\n<title>1 litr koncentr\u00e1tu BACOBAN\u00ae pro 100 litr\u016f dlouhodob\u00e9 dezinfekce povrchu - versiegelung24.com<\/title>\n<meta name=\"robots\" content=\"index, follow, max-snippet:-1, max-image-preview:large, max-video-preview:-1\" \/>\n<link rel=\"canonical\" href=\"https:\/\/www.versiegelung24.com\/cs\/bacoban-dlouhodoby-povrchovy-dezinfekcni-koncentrat.html\" \/>\n<meta property=\"og:locale\" content=\"cs_CZ\" \/>\n<meta property=\"og:type\" content=\"article\" \/>\n<meta property=\"og:title\" content=\"1 litr koncentr\u00e1tu BACOBAN\u00ae pro 100 litr\u016f dlouhodob\u00e9 dezinfekce povrchu\" \/>\n<meta property=\"og:description\" content=\"Dezinfekce a \u010di\u0161t\u011bn\u00ed povrch\u016f bez alkoholu\" \/>\n<meta property=\"og:url\" content=\"https:\/\/www.versiegelung24.com\/cs\/bacoban-dlouhodoby-povrchovy-dezinfekcni-koncentrat.html\" \/>\n<meta property=\"og:site_name\" content=\"versiegelung24.com\" \/>\n<meta property=\"article:modified_time\" content=\"2025-01-13T15:35:46+00:00\" \/>\n<meta property=\"og:image\" content=\"https:\/\/www.versiegelung24.com\/wp-content\/uploads\/2020\/04\/bacwb1-bacoban-langzeitdesinfektion-konzentrat-1-liter.png\" \/>\n\t<meta property=\"og:image:width\" content=\"1000\" \/>\n\t<meta property=\"og:image:height\" content=\"1000\" \/>\n\t<meta property=\"og:image:type\" content=\"image\/png\" \/>\n<meta name=\"twitter:card\" content=\"summary_large_image\" \/>\n<meta name=\"twitter:label1\" content=\"Cena\" \/>\n\t<meta name=\"twitter:data1\" content=\"89,90&euro;\" \/>\n\t<meta name=\"twitter:label2\" content=\"Dostupnost\" \/>\n\t<meta name=\"twitter:data2\" content=\"Skladem\" \/>\n<script type=\"application\/ld+json\" class=\"yoast-schema-graph\">{\"@context\":\"https:\\\/\\\/schema.org\",\"@graph\":[{\"@type\":\"WebPage\",\"@id\":\"https:\\\/\\\/www.versiegelung24.com\\\/cs\\\/bacoban-dlouhodoby-povrchovy-dezinfekcni-koncentrat.html\",\"url\":\"https:\\\/\\\/www.versiegelung24.com\\\/cs\\\/bacoban-dlouhodoby-povrchovy-dezinfekcni-koncentrat.html\",\"name\":\"1 litr koncentr\u00e1tu BACOBAN\u00ae pro 100 litr\u016f dlouhodob\u00e9 dezinfekce povrchu - versiegelung24.com\",\"isPartOf\":{\"@id\":\"https:\\\/\\\/www.versiegelung24.com\\\/cs\\\/#website\"},\"primaryImageOfPage\":{\"@id\":\"https:\\\/\\\/www.versiegelung24.com\\\/cs\\\/bacoban-dlouhodoby-povrchovy-dezinfekcni-koncentrat.html#primaryimage\"},\"image\":{\"@id\":\"https:\\\/\\\/www.versiegelung24.com\\\/cs\\\/bacoban-dlouhodoby-povrchovy-dezinfekcni-koncentrat.html#primaryimage\"},\"thumbnailUrl\":\"https:\\\/\\\/www.versiegelung24.com\\\/wp-content\\\/uploads\\\/2020\\\/04\\\/bacwb1-bacoban-langzeitdesinfektion-konzentrat-1-liter.png\",\"datePublished\":\"2021-08-02T19:01:35+00:00\",\"dateModified\":\"2025-01-13T15:35:46+00:00\",\"breadcrumb\":{\"@id\":\"https:\\\/\\\/www.versiegelung24.com\\\/cs\\\/bacoban-dlouhodoby-povrchovy-dezinfekcni-koncentrat.html#breadcrumb\"},\"inLanguage\":\"cs\",\"potentialAction\":[{\"@type\":\"ReadAction\",\"target\":[\"https:\\\/\\\/www.versiegelung24.com\\\/cs\\\/bacoban-dlouhodoby-povrchovy-dezinfekcni-koncentrat.html\"]}]},{\"@type\":\"ImageObject\",\"inLanguage\":\"cs\",\"@id\":\"https:\\\/\\\/www.versiegelung24.com\\\/cs\\\/bacoban-dlouhodoby-povrchovy-dezinfekcni-koncentrat.html#primaryimage\",\"url\":\"https:\\\/\\\/www.versiegelung24.com\\\/wp-content\\\/uploads\\\/2020\\\/04\\\/bacwb1-bacoban-langzeitdesinfektion-konzentrat-1-liter.png\",\"contentUrl\":\"https:\\\/\\\/www.versiegelung24.com\\\/wp-content\\\/uploads\\\/2020\\\/04\\\/bacwb1-bacoban-langzeitdesinfektion-konzentrat-1-liter.png\",\"width\":1000,\"height\":1000},{\"@type\":\"BreadcrumbList\",\"@id\":\"https:\\\/\\\/www.versiegelung24.com\\\/cs\\\/bacoban-dlouhodoby-povrchovy-dezinfekcni-koncentrat.html#breadcrumb\",\"itemListElement\":[{\"@type\":\"ListItem\",\"position\":1,\"name\":\"Domovsk\u00e1 str\u00e1nka\",\"item\":\"https:\\\/\\\/www.versiegelung24.com\\\/cs\\\/predni\\\/\"},{\"@type\":\"ListItem\",\"position\":2,\"name\":\"Prodejna\",\"item\":\"https:\\\/\\\/www.versiegelung24.com\\\/cs\\\/prodejna\\\/\"},{\"@type\":\"ListItem\",\"position\":3,\"name\":\"1 litr koncentr\u00e1tu BACOBAN\u00ae pro 100 litr\u016f dlouhodob\u00e9 dezinfekce povrchu\"}]},{\"@type\":\"WebSite\",\"@id\":\"https:\\\/\\\/www.versiegelung24.com\\\/cs\\\/#website\",\"url\":\"https:\\\/\\\/www.versiegelung24.com\\\/cs\\\/\",\"name\":\"versiegelung24.com\",\"description\":\"Fl\u00fcssigglas-Versiegelung - Made in Germany\",\"publisher\":{\"@id\":\"https:\\\/\\\/www.versiegelung24.com\\\/cs\\\/#organization\"},\"potentialAction\":[{\"@type\":\"SearchAction\",\"target\":{\"@type\":\"EntryPoint\",\"urlTemplate\":\"https:\\\/\\\/www.versiegelung24.com\\\/cs\\\/?s={search_term_string}\"},\"query-input\":{\"@type\":\"PropertyValueSpecification\",\"valueRequired\":true,\"valueName\":\"search_term_string\"}}],\"inLanguage\":\"cs\"},{\"@type\":\"Organization\",\"@id\":\"https:\\\/\\\/www.versiegelung24.com\\\/cs\\\/#organization\",\"name\":\"versiegelung24\",\"url\":\"https:\\\/\\\/www.versiegelung24.com\\\/cs\\\/\",\"logo\":{\"@type\":\"ImageObject\",\"inLanguage\":\"cs\",\"@id\":\"https:\\\/\\\/www.versiegelung24.com\\\/cs\\\/#\\\/schema\\\/logo\\\/image\\\/\",\"url\":\"https:\\\/\\\/www.versiegelung24.com\\\/wp-content\\\/uploads\\\/2020\\\/04\\\/versiegelung24.png\",\"contentUrl\":\"https:\\\/\\\/www.versiegelung24.com\\\/wp-content\\\/uploads\\\/2020\\\/04\\\/versiegelung24.png\",\"width\":470,\"height\":102,\"caption\":\"versiegelung24\"},\"image\":{\"@id\":\"https:\\\/\\\/www.versiegelung24.com\\\/cs\\\/#\\\/schema\\\/logo\\\/image\\\/\"}}]}<\/script>\n<meta property=\"product:price:amount\" content=\"89.90\" \/>\n<meta property=\"product:price:currency\" content=\"EUR\" \/>\n<meta property=\"og:availability\" content=\"instock\" \/>\n<meta property=\"product:availability\" content=\"instock\" \/>\n<meta property=\"product:retailer_item_id\" content=\"BACWB1D\" \/>\n<meta property=\"product:condition\" content=\"new\" \/>\n<!-- \/ Yoast SEO Premium plugin. -->","yoast_head_json":{"title":"1 litr koncentr\u00e1tu BACOBAN\u00ae pro 100 litr\u016f dlouhodob\u00e9 dezinfekce povrchu - versiegelung24.com","robots":{"index":"index","follow":"follow","max-snippet":"max-snippet:-1","max-image-preview":"max-image-preview:large","max-video-preview":"max-video-preview:-1"},"canonical":"https:\/\/www.versiegelung24.com\/cs\/bacoban-dlouhodoby-povrchovy-dezinfekcni-koncentrat.html","og_locale":"cs_CZ","og_type":"article","og_title":"1 litr koncentr\u00e1tu BACOBAN\u00ae pro 100 litr\u016f dlouhodob\u00e9 dezinfekce povrchu","og_description":"Dezinfekce a \u010di\u0161t\u011bn\u00ed povrch\u016f bez alkoholu","og_url":"https:\/\/www.versiegelung24.com\/cs\/bacoban-dlouhodoby-povrchovy-dezinfekcni-koncentrat.html","og_site_name":"versiegelung24.com","article_modified_time":"2025-01-13T15:35:46+00:00","og_image":[{"width":1000,"height":1000,"url":"https:\/\/www.versiegelung24.com\/wp-content\/uploads\/2020\/04\/bacwb1-bacoban-langzeitdesinfektion-konzentrat-1-liter.png","type":"image\/png"}],"twitter_card":"summary_large_image","twitter_misc":{"Cena":"89,90&euro;","Dostupnost":"Skladem"},"schema":{"@context":"https:\/\/schema.org","@graph":[{"@type":"WebPage","@id":"https:\/\/www.versiegelung24.com\/cs\/bacoban-dlouhodoby-povrchovy-dezinfekcni-koncentrat.html","url":"https:\/\/www.versiegelung24.com\/cs\/bacoban-dlouhodoby-povrchovy-dezinfekcni-koncentrat.html","name":"1 litr koncentr\u00e1tu BACOBAN\u00ae pro 100 litr\u016f dlouhodob\u00e9 dezinfekce povrchu - versiegelung24.com","isPartOf":{"@id":"https:\/\/www.versiegelung24.com\/cs\/#website"},"primaryImageOfPage":{"@id":"https:\/\/www.versiegelung24.com\/cs\/bacoban-dlouhodoby-povrchovy-dezinfekcni-koncentrat.html#primaryimage"},"image":{"@id":"https:\/\/www.versiegelung24.com\/cs\/bacoban-dlouhodoby-povrchovy-dezinfekcni-koncentrat.html#primaryimage"},"thumbnailUrl":"https:\/\/www.versiegelung24.com\/wp-content\/uploads\/2020\/04\/bacwb1-bacoban-langzeitdesinfektion-konzentrat-1-liter.png","datePublished":"2021-08-02T19:01:35+00:00","dateModified":"2025-01-13T15:35:46+00:00","breadcrumb":{"@id":"https:\/\/www.versiegelung24.com\/cs\/bacoban-dlouhodoby-povrchovy-dezinfekcni-koncentrat.html#breadcrumb"},"inLanguage":"cs","potentialAction":[{"@type":"ReadAction","target":["https:\/\/www.versiegelung24.com\/cs\/bacoban-dlouhodoby-povrchovy-dezinfekcni-koncentrat.html"]}]},{"@type":"ImageObject","inLanguage":"cs","@id":"https:\/\/www.versiegelung24.com\/cs\/bacoban-dlouhodoby-povrchovy-dezinfekcni-koncentrat.html#primaryimage","url":"https:\/\/www.versiegelung24.com\/wp-content\/uploads\/2020\/04\/bacwb1-bacoban-langzeitdesinfektion-konzentrat-1-liter.png","contentUrl":"https:\/\/www.versiegelung24.com\/wp-content\/uploads\/2020\/04\/bacwb1-bacoban-langzeitdesinfektion-konzentrat-1-liter.png","width":1000,"height":1000},{"@type":"BreadcrumbList","@id":"https:\/\/www.versiegelung24.com\/cs\/bacoban-dlouhodoby-povrchovy-dezinfekcni-koncentrat.html#breadcrumb","itemListElement":[{"@type":"ListItem","position":1,"name":"Domovsk\u00e1 str\u00e1nka","item":"https:\/\/www.versiegelung24.com\/cs\/predni\/"},{"@type":"ListItem","position":2,"name":"Prodejna","item":"https:\/\/www.versiegelung24.com\/cs\/prodejna\/"},{"@type":"ListItem","position":3,"name":"1 litr koncentr\u00e1tu BACOBAN\u00ae pro 100 litr\u016f dlouhodob\u00e9 dezinfekce povrchu"}]},{"@type":"WebSite","@id":"https:\/\/www.versiegelung24.com\/cs\/#website","url":"https:\/\/www.versiegelung24.com\/cs\/","name":"versiegelung24.com","description":"Fl\u00fcssigglas-Versiegelung - Made in Germany","publisher":{"@id":"https:\/\/www.versiegelung24.com\/cs\/#organization"},"potentialAction":[{"@type":"SearchAction","target":{"@type":"EntryPoint","urlTemplate":"https:\/\/www.versiegelung24.com\/cs\/?s={search_term_string}"},"query-input":{"@type":"PropertyValueSpecification","valueRequired":true,"valueName":"search_term_string"}}],"inLanguage":"cs"},{"@type":"Organization","@id":"https:\/\/www.versiegelung24.com\/cs\/#organization","name":"versiegelung24","url":"https:\/\/www.versiegelung24.com\/cs\/","logo":{"@type":"ImageObject","inLanguage":"cs","@id":"https:\/\/www.versiegelung24.com\/cs\/#\/schema\/logo\/image\/","url":"https:\/\/www.versiegelung24.com\/wp-content\/uploads\/2020\/04\/versiegelung24.png","contentUrl":"https:\/\/www.versiegelung24.com\/wp-content\/uploads\/2020\/04\/versiegelung24.png","width":470,"height":102,"caption":"versiegelung24"},"image":{"@id":"https:\/\/www.versiegelung24.com\/cs\/#\/schema\/logo\/image\/"}}]},"product_price_amount":"89.90","product_price_currency":"EUR","og_availability":"instock","product_availability":"instock","product_retailer_item_id":"BACWB1D","product_condition":"new"},"_links":{"self":[{"href":"https:\/\/www.versiegelung24.com\/cs\/wp-json\/wp\/v2\/product\/22806","targetHints":{"allow":["GET"]}}],"collection":[{"href":"https:\/\/www.versiegelung24.com\/cs\/wp-json\/wp\/v2\/product"}],"about":[{"href":"https:\/\/www.versiegelung24.com\/cs\/wp-json\/wp\/v2\/types\/product"}],"version-history":[{"count":17,"href":"https:\/\/www.versiegelung24.com\/cs\/wp-json\/wp\/v2\/product\/22806\/revisions"}],"predecessor-version":[{"id":180471,"href":"https:\/\/www.versiegelung24.com\/cs\/wp-json\/wp\/v2\/product\/22806\/revisions\/180471"}],"wp:featuredmedia":[{"embeddable":true,"href":"https:\/\/www.versiegelung24.com\/cs\/wp-json\/wp\/v2\/media\/21948"}],"wp:attachment":[{"href":"https:\/\/www.versiegelung24.com\/cs\/wp-json\/wp\/v2\/media?parent=22806"}],"wp:term":[{"taxonomy":"product_brand","embeddable":true,"href":"https:\/\/www.versiegelung24.com\/cs\/wp-json\/wp\/v2\/product_brand?post=22806"},{"taxonomy":"product_cat","embeddable":true,"href":"https:\/\/www.versiegelung24.com\/cs\/wp-json\/wp\/v2\/product_cat?post=22806"},{"taxonomy":"product_tag","embeddable":true,"href":"https:\/\/www.versiegelung24.com\/cs\/wp-json\/wp\/v2\/product_tag?post=22806"}],"curies":[{"name":"wp","href":"https:\/\/api.w.org\/{rel}","templated":true}]}}