{"id":22900,"date":"2020-04-04T18:53:11","date_gmt":"2021-08-02T19:07:06","guid":{"rendered":"https:\/\/www.versiegelung24.com\/produkt\/textilni-tesneni-v-profesionalni-kvalite"},"modified":"2025-01-03T23:27:18","modified_gmt":"2025-01-03T22:27:18","slug":"utesneni-textilu-v-profesionalni-kvalite","status":"publish","type":"product","link":"https:\/\/www.versiegelung24.com\/cs\/utesneni-textilu-v-profesionalni-kvalite.html","title":{"rendered":"Rapid Tex &#8211; textiln\u00ed t\u011bsn\u011bn\u00ed v profesion\u00e1ln\u00ed kvalit\u011b"},"content":{"rendered":"\n<p><strong>Profesion\u00e1ln\u00ed textiln\u00ed t\u011bsn\u011bn\u00ed s lotosov\u00fdm efektem (vodoodpudivost) pro vnit\u0159n\u00ed i venkovn\u00ed pou\u017eit\u00ed<\/strong><\/p>\n\n<p>Vysok\u00e1 kvalita Made in Germany.<\/p>\n\n<hr\/>\n\n<h4 class=\"wp-block-heading\" id=\"properties\">Vlastnosti produktu<\/h4>\n\n<div class=\"wp-block-columns is-layout-flex wp-container-core-columns-is-layout-9d6595d7 wp-block-columns-is-layout-flex\">\n<div class=\"wp-block-column is-layout-flow wp-block-column-is-layout-flow\">\n<ul class=\"wp-block-list\">\n<li>Siln\u00fd hydrofobn\u00ed a oleofobn\u00ed \u00fa\u010dinek (odpuzuje vodu a olej)<\/li>\n\n\n\n<li>Vynikaj\u00edc\u00ed snadno \u010distiteln\u00fd efekt<\/li>\n\n\n\n<li>Ne\u010distoty lze snadno odstranit vlhk\u00fdm had\u0159\u00edkem<\/li>\n\n\n\n<li>Prody\u0161n\u00fd<\/li>\n\n\n\n<li>Neviditeln\u00fd (\u017e\u00e1dn\u00e1 zm\u011bna vzhledu a dojmu)<\/li>\n\n\n\n<li>Siln\u00e9 nep\u0159ilnav\u00e9 vlastnosti<\/li>\n\n\n\n<li>Ochrana proti skvrn\u00e1m<\/li>\n\n\n\n<li>Sni\u017euje pou\u017e\u00edv\u00e1n\u00ed chemick\u00fdch \u010distic\u00edch prost\u0159edk\u016f<\/li>\n<\/ul>\n<\/div>\n\n\n\n<div class=\"wp-block-column is-layout-flow wp-block-column-is-layout-flow\">\n<ul id=\"block-f0be9b0c-a029-4c3c-a6e1-740fba50b471\" class=\"wp-block-list\">\n<li>Zvy\u0161uje odolnost proti opot\u0159eben\u00ed<\/li>\n\n\n\n<li>\u017d\u00e1dn\u00e9 zhor\u0161en\u00ed vzhledu<\/li>\n\n\n\n<li>Nanotechnologie SiO\u00b2<\/li>\n\n\n\n<li>Ochrana vl\u00e1ken p\u0159ed pronik\u00e1n\u00edm \u010d\u00e1stic ne\u010distot<\/li>\n\n\n\n<li>Jednoduch\u00e1 aplikace<\/li>\n\n\n\n<li>Dlouh\u00e1 trvanlivost v z\u00e1vislosti na mechanick\u00e9m nam\u00e1h\u00e1n\u00ed<\/li>\n<\/ul>\n\n\n\n<p><br\/><br\/>Rozsah dod\u00e1vky: 1 x litrov\u00e1 l\u00e1hev 1 x rozpra\u0161ovac\u00ed hlavice s pumpi\u010dkou<br\/><\/p>\n<\/div>\n<\/div>\n\n<hr\/>\n\n<h4 class=\"wp-block-heading\" id=\"application\">Aplikace<\/h4>\n\n<div class=\"wp-block-columns is-layout-flex wp-container-core-columns-is-layout-9d6595d7 wp-block-columns-is-layout-flex\">\n<div class=\"wp-block-column is-layout-flow wp-block-column-is-layout-flow\">\n<ul class=\"wp-block-list\">\n<li>oble\u010den\u00ed<\/li>\n\n\n\n<li>Bytov\u00fd textil (\u010daloun\u011bn\u00ed, n\u00e1bytek, koberce)<\/li>\n\n\n\n<li>Semi\u0161ov\u00e9 k\u016f\u017ee<\/li>\n\n\n\n<li>Pap\u00edrov\u00fd karton<\/li>\n<\/ul>\n\n\n\n<p>Spot\u0159eba velmi z\u00e1vis\u00ed na struktu\u0159e, nas\u00e1kavosti a tlou\u0161\u0165ce potahovan\u00e9ho materi\u00e1lu, p\u0159ibli\u017en\u011b 10-50 m\u00b2 \/ litr (p\u0159ibli\u017en\u011b 10 ml \/ m\u00b2 na mm tlou\u0161\u0165ky v z\u00e1vislosti na savosti).<\/p>\n<\/div>\n\n\n\n<div class=\"wp-block-column is-layout-flow wp-block-column-is-layout-flow\">\n<p><em>Upozorn\u011bn\u00ed: T\u011bsn\u011bn\u00ed bylo vyvinuto pro textilie, kter\u00e9 se nikdy nebo jen z\u0159\u00eddka perou. Trvanlivost t\u011bsn\u011bn\u00ed u od\u011bv\u016f, kter\u00e9 se pravideln\u011b perou, je a\u017e 5 pran\u00ed, max. 30 \u00b0 C a pran\u00ed pouze vodou, bez prac\u00edho prost\u0159edku.<\/em><\/p>\n\n\n\n<p><br\/><br\/>Snadn\u00e1 aplikace: 1. Nast\u0159\u00edkejte na \u010dist\u00fd povrch. 3. Nechte zaschnout a p\u016fsobit po dobu 12 hodin &#8211; hotovo.<\/p>\n\n\n\n<p>\u017divotnost: a\u017e 1-5 let (v z\u00e1vislosti na textilu)<\/p>\n<\/div>\n<\/div>\n\n<p><strong>Vhodn\u00e9 pro:<\/strong><br\/>Na \u010daloun\u011bn\u00fd n\u00e1bytek, matrace, l\u00e1tkov\u00e9 potahy, autoseda\u010dky, stany, od\u011bvy pro voln\u00fd \u010das a pracovn\u00ed od\u011bvy, obleky, ko\u0161ile, kravaty, mark\u00fdzy, bytov\u00fd textil, bundy, semi\u0161 (pouze v p\u0159\u00edpad\u011b, \u017ee nebyl p\u0159edem nat\u0159en), dobrodru\u017en\u00e9 oble\u010den\u00ed, aktovky, anoraky, obleky, svr\u0161ky do auta, bavlna, z\u00e1clony, l\u00e1tkov\u00e9 rukavice, textiln\u00ed rolety, d\u011btsk\u00e9 seda\u010dky, ko\u010d\u00e1rky, pol\u0161t\u00e1\u0159e, l\u00e1tkov\u00e9 kost\u00fdmy, l\u00e1tkov\u00e9 lamely, nappa k\u016f\u017ee, kab\u00e1ty, klobouky, m\u011bkk\u00e9 hra\u010dky, batohy, bundy, hedv\u00e1b\u00ed, slune\u010dn\u00edky, l\u00e1tkov\u00e9 hra\u010dky, ubrusy a mnoho dal\u0161\u00edho.<\/p>\n","protected":false},"excerpt":{"rendered":"<p><strong>Profesion\u00e1ln\u00ed t\u011bsn\u011bn\u00ed textilu:<\/strong><\/p>\n<p>\u2713 S lotosov\u00fdm efektem (vodoodpudivost)<\/p>\n<p>\u2713 Pro vnit\u0159n\u00ed i venkovn\u00ed pou\u017eit\u00ed<\/p>\n","protected":false},"featured_media":125344,"template":"","meta":{"_acf_changed":false,"neve_meta_sidebar":"","neve_meta_container":"","neve_meta_enable_content_width":"","neve_meta_content_width":0,"neve_meta_title_alignment":"","neve_meta_author_avatar":"","neve_post_elements_order":"","neve_meta_disable_header":"","neve_meta_disable_footer":"","neve_meta_disable_title":"","neve_meta_reading_time":"","_surfaces":[],"_ver_product_tabs":[],"footnotes":""},"product_brand":[],"product_cat":[2307],"product_tag":[],"class_list":{"0":"post-22900","1":"product","2":"type-product","3":"status-publish","4":"has-post-thumbnail","6":"product_cat-tesneni-kuze-a-textilu","8":"first","9":"instock","10":"taxable","11":"shipping-taxable","12":"purchasable","13":"product-type-simple"},"acf":[],"yoast_head":"<!-- This site is optimized with the Yoast SEO Premium plugin v22.8 (Yoast SEO v27.5) - https:\/\/yoast.com\/product\/yoast-seo-premium-wordpress\/ -->\n<title>Rapid Tex - textiln\u00ed t\u011bsn\u011bn\u00ed v profesion\u00e1ln\u00ed kvalit\u011b - versiegelung24.com<\/title>\n<meta name=\"robots\" content=\"index, follow, max-snippet:-1, max-image-preview:large, max-video-preview:-1\" \/>\n<link rel=\"canonical\" href=\"https:\/\/www.versiegelung24.com\/cs\/utesneni-textilu-v-profesionalni-kvalite.html\" \/>\n<meta property=\"og:locale\" content=\"cs_CZ\" \/>\n<meta property=\"og:type\" content=\"article\" \/>\n<meta property=\"og:title\" content=\"Rapid Tex - textiln\u00ed t\u011bsn\u011bn\u00ed v profesion\u00e1ln\u00ed kvalit\u011b\" \/>\n<meta property=\"og:description\" content=\"Profesion\u00e1ln\u00ed t\u011bsn\u011bn\u00ed textilu: \u2713 S lotosov\u00fdm efektem (vodoodpudivost) \u2713 Pro vnit\u0159n\u00ed i venkovn\u00ed pou\u017eit\u00ed\" \/>\n<meta property=\"og:url\" content=\"https:\/\/www.versiegelung24.com\/cs\/utesneni-textilu-v-profesionalni-kvalite.html\" \/>\n<meta property=\"og:site_name\" content=\"versiegelung24.com\" \/>\n<meta property=\"article:modified_time\" content=\"2025-01-03T22:27:18+00:00\" \/>\n<meta property=\"og:image\" content=\"https:\/\/www.versiegelung24.com\/wp-content\/uploads\/2020\/04\/produkt-6000-689-1000-rapid-tex-Textilversiegelung-scaled.webp\" \/>\n\t<meta property=\"og:image:width\" content=\"2560\" \/>\n\t<meta property=\"og:image:height\" content=\"2560\" \/>\n\t<meta property=\"og:image:type\" content=\"image\/webp\" \/>\n<meta name=\"twitter:card\" content=\"summary_large_image\" \/>\n<meta name=\"twitter:label1\" content=\"Cena\" \/>\n\t<meta name=\"twitter:data1\" content=\"49,00&euro;\" \/>\n\t<meta name=\"twitter:label2\" content=\"Dostupnost\" \/>\n\t<meta name=\"twitter:data2\" content=\"Skladem\" \/>\n<script type=\"application\/ld+json\" class=\"yoast-schema-graph\">{\"@context\":\"https:\\\/\\\/schema.org\",\"@graph\":[{\"@type\":\"WebPage\",\"@id\":\"https:\\\/\\\/www.versiegelung24.com\\\/cs\\\/utesneni-textilu-v-profesionalni-kvalite.html\",\"url\":\"https:\\\/\\\/www.versiegelung24.com\\\/cs\\\/utesneni-textilu-v-profesionalni-kvalite.html\",\"name\":\"Rapid Tex - textiln\u00ed t\u011bsn\u011bn\u00ed v profesion\u00e1ln\u00ed kvalit\u011b - versiegelung24.com\",\"isPartOf\":{\"@id\":\"https:\\\/\\\/www.versiegelung24.com\\\/cs\\\/#website\"},\"primaryImageOfPage\":{\"@id\":\"https:\\\/\\\/www.versiegelung24.com\\\/cs\\\/utesneni-textilu-v-profesionalni-kvalite.html#primaryimage\"},\"image\":{\"@id\":\"https:\\\/\\\/www.versiegelung24.com\\\/cs\\\/utesneni-textilu-v-profesionalni-kvalite.html#primaryimage\"},\"thumbnailUrl\":\"https:\\\/\\\/www.versiegelung24.com\\\/wp-content\\\/uploads\\\/2020\\\/04\\\/produkt-6000-689-1000-rapid-tex-Textilversiegelung-scaled.webp\",\"datePublished\":\"2021-08-02T19:07:06+00:00\",\"dateModified\":\"2025-01-03T22:27:18+00:00\",\"breadcrumb\":{\"@id\":\"https:\\\/\\\/www.versiegelung24.com\\\/cs\\\/utesneni-textilu-v-profesionalni-kvalite.html#breadcrumb\"},\"inLanguage\":\"cs\",\"potentialAction\":[{\"@type\":\"ReadAction\",\"target\":[\"https:\\\/\\\/www.versiegelung24.com\\\/cs\\\/utesneni-textilu-v-profesionalni-kvalite.html\"]}]},{\"@type\":\"ImageObject\",\"inLanguage\":\"cs\",\"@id\":\"https:\\\/\\\/www.versiegelung24.com\\\/cs\\\/utesneni-textilu-v-profesionalni-kvalite.html#primaryimage\",\"url\":\"https:\\\/\\\/www.versiegelung24.com\\\/wp-content\\\/uploads\\\/2020\\\/04\\\/produkt-6000-689-1000-rapid-tex-Textilversiegelung-scaled.webp\",\"contentUrl\":\"https:\\\/\\\/www.versiegelung24.com\\\/wp-content\\\/uploads\\\/2020\\\/04\\\/produkt-6000-689-1000-rapid-tex-Textilversiegelung-scaled.webp\",\"width\":2560,\"height\":2560},{\"@type\":\"BreadcrumbList\",\"@id\":\"https:\\\/\\\/www.versiegelung24.com\\\/cs\\\/utesneni-textilu-v-profesionalni-kvalite.html#breadcrumb\",\"itemListElement\":[{\"@type\":\"ListItem\",\"position\":1,\"name\":\"Domovsk\u00e1 str\u00e1nka\",\"item\":\"https:\\\/\\\/www.versiegelung24.com\\\/cs\\\/predni\\\/\"},{\"@type\":\"ListItem\",\"position\":2,\"name\":\"Prodejna\",\"item\":\"https:\\\/\\\/www.versiegelung24.com\\\/cs\\\/prodejna\\\/\"},{\"@type\":\"ListItem\",\"position\":3,\"name\":\"Rapid Tex &#8211; textiln\u00ed t\u011bsn\u011bn\u00ed v profesion\u00e1ln\u00ed kvalit\u011b\"}]},{\"@type\":\"WebSite\",\"@id\":\"https:\\\/\\\/www.versiegelung24.com\\\/cs\\\/#website\",\"url\":\"https:\\\/\\\/www.versiegelung24.com\\\/cs\\\/\",\"name\":\"versiegelung24.com\",\"description\":\"Fl\u00fcssigglas-Versiegelung - Made in Germany\",\"publisher\":{\"@id\":\"https:\\\/\\\/www.versiegelung24.com\\\/cs\\\/#organization\"},\"potentialAction\":[{\"@type\":\"SearchAction\",\"target\":{\"@type\":\"EntryPoint\",\"urlTemplate\":\"https:\\\/\\\/www.versiegelung24.com\\\/cs\\\/?s={search_term_string}\"},\"query-input\":{\"@type\":\"PropertyValueSpecification\",\"valueRequired\":true,\"valueName\":\"search_term_string\"}}],\"inLanguage\":\"cs\"},{\"@type\":\"Organization\",\"@id\":\"https:\\\/\\\/www.versiegelung24.com\\\/cs\\\/#organization\",\"name\":\"versiegelung24\",\"url\":\"https:\\\/\\\/www.versiegelung24.com\\\/cs\\\/\",\"logo\":{\"@type\":\"ImageObject\",\"inLanguage\":\"cs\",\"@id\":\"https:\\\/\\\/www.versiegelung24.com\\\/cs\\\/#\\\/schema\\\/logo\\\/image\\\/\",\"url\":\"https:\\\/\\\/www.versiegelung24.com\\\/wp-content\\\/uploads\\\/2020\\\/04\\\/versiegelung24.png\",\"contentUrl\":\"https:\\\/\\\/www.versiegelung24.com\\\/wp-content\\\/uploads\\\/2020\\\/04\\\/versiegelung24.png\",\"width\":470,\"height\":102,\"caption\":\"versiegelung24\"},\"image\":{\"@id\":\"https:\\\/\\\/www.versiegelung24.com\\\/cs\\\/#\\\/schema\\\/logo\\\/image\\\/\"}}]}<\/script>\n<meta property=\"product:price:amount\" content=\"49.00\" \/>\n<meta property=\"product:price:currency\" content=\"EUR\" \/>\n<meta property=\"og:availability\" content=\"instock\" \/>\n<meta property=\"product:availability\" content=\"instock\" \/>\n<meta property=\"product:retailer_item_id\" content=\"6000-689-1000\" \/>\n<meta property=\"product:condition\" content=\"new\" \/>\n<!-- \/ Yoast SEO Premium plugin. -->","yoast_head_json":{"title":"Rapid Tex - textiln\u00ed t\u011bsn\u011bn\u00ed v profesion\u00e1ln\u00ed kvalit\u011b - versiegelung24.com","robots":{"index":"index","follow":"follow","max-snippet":"max-snippet:-1","max-image-preview":"max-image-preview:large","max-video-preview":"max-video-preview:-1"},"canonical":"https:\/\/www.versiegelung24.com\/cs\/utesneni-textilu-v-profesionalni-kvalite.html","og_locale":"cs_CZ","og_type":"article","og_title":"Rapid Tex - textiln\u00ed t\u011bsn\u011bn\u00ed v profesion\u00e1ln\u00ed kvalit\u011b","og_description":"Profesion\u00e1ln\u00ed t\u011bsn\u011bn\u00ed textilu: \u2713 S lotosov\u00fdm efektem (vodoodpudivost) \u2713 Pro vnit\u0159n\u00ed i venkovn\u00ed pou\u017eit\u00ed","og_url":"https:\/\/www.versiegelung24.com\/cs\/utesneni-textilu-v-profesionalni-kvalite.html","og_site_name":"versiegelung24.com","article_modified_time":"2025-01-03T22:27:18+00:00","og_image":[{"width":2560,"height":2560,"url":"https:\/\/www.versiegelung24.com\/wp-content\/uploads\/2020\/04\/produkt-6000-689-1000-rapid-tex-Textilversiegelung-scaled.webp","type":"image\/webp"}],"twitter_card":"summary_large_image","twitter_misc":{"Cena":"49,00&euro;","Dostupnost":"Skladem"},"schema":{"@context":"https:\/\/schema.org","@graph":[{"@type":"WebPage","@id":"https:\/\/www.versiegelung24.com\/cs\/utesneni-textilu-v-profesionalni-kvalite.html","url":"https:\/\/www.versiegelung24.com\/cs\/utesneni-textilu-v-profesionalni-kvalite.html","name":"Rapid Tex - textiln\u00ed t\u011bsn\u011bn\u00ed v profesion\u00e1ln\u00ed kvalit\u011b - versiegelung24.com","isPartOf":{"@id":"https:\/\/www.versiegelung24.com\/cs\/#website"},"primaryImageOfPage":{"@id":"https:\/\/www.versiegelung24.com\/cs\/utesneni-textilu-v-profesionalni-kvalite.html#primaryimage"},"image":{"@id":"https:\/\/www.versiegelung24.com\/cs\/utesneni-textilu-v-profesionalni-kvalite.html#primaryimage"},"thumbnailUrl":"https:\/\/www.versiegelung24.com\/wp-content\/uploads\/2020\/04\/produkt-6000-689-1000-rapid-tex-Textilversiegelung-scaled.webp","datePublished":"2021-08-02T19:07:06+00:00","dateModified":"2025-01-03T22:27:18+00:00","breadcrumb":{"@id":"https:\/\/www.versiegelung24.com\/cs\/utesneni-textilu-v-profesionalni-kvalite.html#breadcrumb"},"inLanguage":"cs","potentialAction":[{"@type":"ReadAction","target":["https:\/\/www.versiegelung24.com\/cs\/utesneni-textilu-v-profesionalni-kvalite.html"]}]},{"@type":"ImageObject","inLanguage":"cs","@id":"https:\/\/www.versiegelung24.com\/cs\/utesneni-textilu-v-profesionalni-kvalite.html#primaryimage","url":"https:\/\/www.versiegelung24.com\/wp-content\/uploads\/2020\/04\/produkt-6000-689-1000-rapid-tex-Textilversiegelung-scaled.webp","contentUrl":"https:\/\/www.versiegelung24.com\/wp-content\/uploads\/2020\/04\/produkt-6000-689-1000-rapid-tex-Textilversiegelung-scaled.webp","width":2560,"height":2560},{"@type":"BreadcrumbList","@id":"https:\/\/www.versiegelung24.com\/cs\/utesneni-textilu-v-profesionalni-kvalite.html#breadcrumb","itemListElement":[{"@type":"ListItem","position":1,"name":"Domovsk\u00e1 str\u00e1nka","item":"https:\/\/www.versiegelung24.com\/cs\/predni\/"},{"@type":"ListItem","position":2,"name":"Prodejna","item":"https:\/\/www.versiegelung24.com\/cs\/prodejna\/"},{"@type":"ListItem","position":3,"name":"Rapid Tex &#8211; textiln\u00ed t\u011bsn\u011bn\u00ed v profesion\u00e1ln\u00ed kvalit\u011b"}]},{"@type":"WebSite","@id":"https:\/\/www.versiegelung24.com\/cs\/#website","url":"https:\/\/www.versiegelung24.com\/cs\/","name":"versiegelung24.com","description":"Fl\u00fcssigglas-Versiegelung - Made in Germany","publisher":{"@id":"https:\/\/www.versiegelung24.com\/cs\/#organization"},"potentialAction":[{"@type":"SearchAction","target":{"@type":"EntryPoint","urlTemplate":"https:\/\/www.versiegelung24.com\/cs\/?s={search_term_string}"},"query-input":{"@type":"PropertyValueSpecification","valueRequired":true,"valueName":"search_term_string"}}],"inLanguage":"cs"},{"@type":"Organization","@id":"https:\/\/www.versiegelung24.com\/cs\/#organization","name":"versiegelung24","url":"https:\/\/www.versiegelung24.com\/cs\/","logo":{"@type":"ImageObject","inLanguage":"cs","@id":"https:\/\/www.versiegelung24.com\/cs\/#\/schema\/logo\/image\/","url":"https:\/\/www.versiegelung24.com\/wp-content\/uploads\/2020\/04\/versiegelung24.png","contentUrl":"https:\/\/www.versiegelung24.com\/wp-content\/uploads\/2020\/04\/versiegelung24.png","width":470,"height":102,"caption":"versiegelung24"},"image":{"@id":"https:\/\/www.versiegelung24.com\/cs\/#\/schema\/logo\/image\/"}}]},"product_price_amount":"49.00","product_price_currency":"EUR","og_availability":"instock","product_availability":"instock","product_retailer_item_id":"6000-689-1000","product_condition":"new"},"_links":{"self":[{"href":"https:\/\/www.versiegelung24.com\/cs\/wp-json\/wp\/v2\/product\/22900","targetHints":{"allow":["GET"]}}],"collection":[{"href":"https:\/\/www.versiegelung24.com\/cs\/wp-json\/wp\/v2\/product"}],"about":[{"href":"https:\/\/www.versiegelung24.com\/cs\/wp-json\/wp\/v2\/types\/product"}],"version-history":[{"count":13,"href":"https:\/\/www.versiegelung24.com\/cs\/wp-json\/wp\/v2\/product\/22900\/revisions"}],"predecessor-version":[{"id":174341,"href":"https:\/\/www.versiegelung24.com\/cs\/wp-json\/wp\/v2\/product\/22900\/revisions\/174341"}],"wp:featuredmedia":[{"embeddable":true,"href":"https:\/\/www.versiegelung24.com\/cs\/wp-json\/wp\/v2\/media\/125344"}],"wp:attachment":[{"href":"https:\/\/www.versiegelung24.com\/cs\/wp-json\/wp\/v2\/media?parent=22900"}],"wp:term":[{"taxonomy":"product_brand","embeddable":true,"href":"https:\/\/www.versiegelung24.com\/cs\/wp-json\/wp\/v2\/product_brand?post=22900"},{"taxonomy":"product_cat","embeddable":true,"href":"https:\/\/www.versiegelung24.com\/cs\/wp-json\/wp\/v2\/product_cat?post=22900"},{"taxonomy":"product_tag","embeddable":true,"href":"https:\/\/www.versiegelung24.com\/cs\/wp-json\/wp\/v2\/product_tag?post=22900"}],"curies":[{"name":"wp","href":"https:\/\/api.w.org\/{rel}","templated":true}]}}