{"id":23154,"date":"2020-04-04T18:53:14","date_gmt":"2021-08-02T19:24:29","guid":{"rendered":"https:\/\/www.versiegelung24.com\/produkt\/tesneni-dreva-v-profesionalni-kvalite"},"modified":"2025-01-03T23:39:22","modified_gmt":"2025-01-03T22:39:22","slug":"tesneni-dreva-v-profesionalni-kvalite","status":"publish","type":"product","link":"https:\/\/www.versiegelung24.com\/cs\/tesneni-dreva-v-profesionalni-kvalite.html","title":{"rendered":"T\u011bsn\u011bn\u00ed d\u0159eva v profesion\u00e1ln\u00ed kvalit\u011b"},"content":{"rendered":"\n<p><strong>Vysoce \u00fa\u010dinn\u00fd profesion\u00e1ln\u00ed tmel na d\u0159evo s hloubkov\u00fdm a lotosov\u00fdm efektem (odpuzuje vodu), pro vnit\u0159n\u00ed i vn\u011bj\u0161\u00ed pou\u017eit\u00ed, NOVINKA<\/strong><\/p>\n\n<p>Vysok\u00e1 kvalita Made in Germany.<\/p>\n\n<hr\/>\n\n<h4 class=\"wp-block-heading\" id=\"properties\">Vlastnosti produktu<\/h4>\n\n<div class=\"wp-block-columns is-layout-flex wp-container-core-columns-is-layout-9d6595d7 wp-block-columns-is-layout-flex\">\n<div class=\"wp-block-column is-layout-flow wp-block-column-is-layout-flow\">\n<ul class=\"wp-block-list\">\n<li>siln\u00fd hydrofobn\u00ed a oleofobn\u00ed \u00fa\u010dinek (odpuzuje vodu a olej)<\/li>\n\n\n\n<li>Hloubkov\u00fd efekt &#8211; pronik\u00e1 a\u017e 10 mm do d\u0159eva (v z\u00e1vislosti na struktu\u0159e)<\/li>\n\n\n\n<li>Chr\u00e1n\u00ed p\u0159ed pl\u00edsn\u011bmi, \u0159asami a pov\u011btrnostn\u00edmi vlivy<\/li>\n\n\n\n<li>\u00daspora n\u00e1klad\u016f, \u010dasu a energie d\u00edky prodlou\u017een\u00fdm \u010distic\u00edm cykl\u016fm<\/li>\n\n\n\n<li>Sn\u00ed\u017een\u00ed rychlosti pronik\u00e1n\u00ed vlhkosti p\u0159i p\u016fsoben\u00ed vody<\/li>\n\n\n\n<li>Snadno \u010distiteln\u00fd efekt<\/li>\n<\/ul>\n<\/div>\n\n\n\n<div class=\"wp-block-column is-layout-flow wp-block-column-is-layout-flow\">\n<ul class=\"wp-block-list\">\n<li>ut\u011bsn\u011bn\u00e9 povrchy z\u016fst\u00e1vaj\u00ed prody\u0161n\u00e9<\/li>\n\n\n\n<li>Sn\u00ed\u017een\u00ed zabarven\u00ed pov\u011btrnostn\u00edch vliv\u016f<\/li>\n\n\n\n<li>UV stabiln\u00ed, mrazuvzdorn\u00fd a t\u00e9m\u011b\u0159 neviditeln\u00fd<\/li>\n\n\n\n<li>Jednoduch\u00e1 aplikace (lze nast\u0159\u00edkat na velkou plochu)<\/li>\n\n\n\n<li>Trvanlivost: a\u017e 3\u201310 let<\/li>\n<\/ul>\n\n\n\n<p><br\/><br\/>Rozsah dod\u00e1vky: 1 x litrov\u00e1 l\u00e1hev 1 x rozpra\u0161ovac\u00ed hlavice s pumpi\u010dkou<br\/><\/p>\n<\/div>\n<\/div>\n\n<hr\/>\n\n<h4 class=\"wp-block-heading\" id=\"application\">Aplikace<\/h4>\n\n<div class=\"wp-block-columns is-layout-flex wp-container-core-columns-is-layout-9d6595d7 wp-block-columns-is-layout-flex\">\n<div class=\"wp-block-column is-layout-flow wp-block-column-is-layout-flow\">\n<ul class=\"wp-block-list\">\n<li>V\u0161echna tvrd\u00e1 a m\u011bkk\u00e1 d\u0159eva<\/li>\n\n\n\n<li>D\u0159ev\u011bn\u00fd obklad uvnit\u0159 i venku<\/li>\n\n\n\n<li>Stodoly<\/li>\n\n\n\n<li>D\u0159ev\u011bn\u00e9 stropy \/ d\u0159ev\u011bn\u00e9 podlahy<\/li>\n\n\n\n<li>Stavebn\u00ed d\u0159evo<\/li>\n\n\n\n<li>Okenn\u00ed a dve\u0159n\u00ed r\u00e1my ze d\u0159eva<\/li>\n<\/ul>\n<\/div>\n\n\n\n<div class=\"wp-block-column is-layout-flow wp-block-column-is-layout-flow\">\n<ul class=\"wp-block-list\" id=\"block-bd0826c4-8c3a-4f56-9878-ce5fe93599ff\">\n<li>Nosn\u00edky, vaznice a palubky<\/li>\n\n\n\n<li>Staro\u017eitn\u00e9 lesy<\/li>\n\n\n\n<li>D\u0159ev\u011bn\u00e9 oblo\u017een\u00ed v sanit\u00e1rn\u00ed oblasti<\/li>\n<\/ul>\n\n\n\n<p><strong>Spot\u0159eba z\u00e1vis\u00ed na savosti povrchu cca 10-40m\u00b2 \/ litr.<\/strong><\/p>\n<\/div>\n<\/div>\n","protected":false},"excerpt":{"rendered":"<p><strong>**NOVINKA** Vysoce \u00fa\u010dinn\u00e9 t\u011bsn\u011bn\u00ed pro sav\u00e9 d\u0159ev\u011bn\u00e9 povrchy:<\/strong><\/p>\n<p>\u2713 S hloubkov\u00fdm efektem<\/p>\n<p>\u2713 S lotosov\u00fdm efektem (vodoodpudivost)<\/p>\n<p>\u2713 Pro vnit\u0159n\u00ed i venkovn\u00ed pou\u017eit\u00ed<\/p>\n","protected":false},"featured_media":18166,"template":"","meta":{"_acf_changed":false,"neve_meta_sidebar":"","neve_meta_container":"","neve_meta_enable_content_width":"","neve_meta_content_width":0,"neve_meta_title_alignment":"","neve_meta_author_avatar":"","neve_post_elements_order":"","neve_meta_disable_header":"","neve_meta_disable_footer":"","neve_meta_disable_title":"","neve_meta_reading_time":"","_surfaces":[],"_ver_product_tabs":[],"footnotes":""},"product_brand":[],"product_cat":[2312],"product_tag":[],"class_list":{"0":"post-23154","1":"product","2":"type-product","3":"status-publish","4":"has-post-thumbnail","6":"product_cat-tesneni-dreva","7":"pa_gebinde-20l-kanystr","8":"pa_gebinde-10l-kanystr","9":"pa_gebinde-akcni-sada-se-100ml-lahvickou","10":"pa_gebinde-50ml-lahev","11":"pa_gebinde-akcni-sada-s-50ml-lahvickou","12":"pa_gebinde-100ml-lahev","13":"pa_gebinde-150ml-lahev","14":"pa_gebinde-500ml-lahev","15":"pa_gebinde-200ml-lahev","16":"pa_gebinde-1000ml-lahev","17":"pa_gebinde-10ml-lahvicka","18":"pa_gebinde-5ml-lahvicka","19":"pa_gebinde-125ml-lahvicka-s-rozprasovacem","20":"pa_gebinde-1000ml-doplnovaci-lahev","22":"first","23":"instock","24":"taxable","25":"shipping-taxable","26":"purchasable","27":"product-type-variable","28":"has-default-attributes"},"acf":[],"yoast_head":"<!-- This site is optimized with the Yoast SEO Premium plugin v22.8 (Yoast SEO v27.5) - https:\/\/yoast.com\/product\/yoast-seo-premium-wordpress\/ -->\n<title>T\u011bsn\u011bn\u00ed d\u0159eva v profesion\u00e1ln\u00ed kvalit\u011b - versiegelung24.com<\/title>\n<meta name=\"robots\" content=\"index, follow, max-snippet:-1, max-image-preview:large, max-video-preview:-1\" \/>\n<link rel=\"canonical\" href=\"https:\/\/www.versiegelung24.com\/cs\/tesneni-dreva-v-profesionalni-kvalite.html\" \/>\n<meta property=\"og:locale\" content=\"cs_CZ\" \/>\n<meta property=\"og:type\" content=\"article\" \/>\n<meta property=\"og:title\" content=\"T\u011bsn\u011bn\u00ed d\u0159eva v profesion\u00e1ln\u00ed kvalit\u011b\" \/>\n<meta property=\"og:description\" content=\"**NOVINKA** Vysoce \u00fa\u010dinn\u00e9 t\u011bsn\u011bn\u00ed pro sav\u00e9 d\u0159ev\u011bn\u00e9 povrchy: \u2713 S hloubkov\u00fdm efektem \u2713 S lotosov\u00fdm efektem (vodoodpudivost) \u2713 Pro vnit\u0159n\u00ed i venkovn\u00ed pou\u017eit\u00ed\" \/>\n<meta property=\"og:url\" content=\"https:\/\/www.versiegelung24.com\/cs\/tesneni-dreva-v-profesionalni-kvalite.html\" \/>\n<meta property=\"og:site_name\" content=\"versiegelung24.com\" \/>\n<meta property=\"article:modified_time\" content=\"2025-01-03T22:39:22+00:00\" \/>\n<meta property=\"og:image\" content=\"https:\/\/www.versiegelung24.com\/wp-content\/uploads\/2020\/06\/produkt-4000-695-1000-Holzversiegelung-scaled.jpg\" \/>\n\t<meta property=\"og:image:width\" content=\"2560\" \/>\n\t<meta property=\"og:image:height\" content=\"2560\" \/>\n\t<meta property=\"og:image:type\" content=\"image\/jpeg\" \/>\n<meta name=\"twitter:card\" content=\"summary_large_image\" \/>\n<meta name=\"twitter:label1\" content=\"Dostupnost\" \/>\n\t<meta name=\"twitter:data1\" content=\"Skladem\" \/>\n<script type=\"application\/ld+json\" class=\"yoast-schema-graph\">{\"@context\":\"https:\\\/\\\/schema.org\",\"@graph\":[{\"@type\":\"WebPage\",\"@id\":\"https:\\\/\\\/www.versiegelung24.com\\\/cs\\\/tesneni-dreva-v-profesionalni-kvalite.html\",\"url\":\"https:\\\/\\\/www.versiegelung24.com\\\/cs\\\/tesneni-dreva-v-profesionalni-kvalite.html\",\"name\":\"T\u011bsn\u011bn\u00ed d\u0159eva v profesion\u00e1ln\u00ed kvalit\u011b - versiegelung24.com\",\"isPartOf\":{\"@id\":\"https:\\\/\\\/www.versiegelung24.com\\\/cs\\\/#website\"},\"primaryImageOfPage\":{\"@id\":\"https:\\\/\\\/www.versiegelung24.com\\\/cs\\\/tesneni-dreva-v-profesionalni-kvalite.html#primaryimage\"},\"image\":{\"@id\":\"https:\\\/\\\/www.versiegelung24.com\\\/cs\\\/tesneni-dreva-v-profesionalni-kvalite.html#primaryimage\"},\"thumbnailUrl\":\"https:\\\/\\\/www.versiegelung24.com\\\/wp-content\\\/uploads\\\/2020\\\/06\\\/produkt-4000-695-1000-Holzversiegelung-scaled.jpg\",\"datePublished\":\"2021-08-02T19:24:29+00:00\",\"dateModified\":\"2025-01-03T22:39:22+00:00\",\"breadcrumb\":{\"@id\":\"https:\\\/\\\/www.versiegelung24.com\\\/cs\\\/tesneni-dreva-v-profesionalni-kvalite.html#breadcrumb\"},\"inLanguage\":\"cs\",\"potentialAction\":[{\"@type\":\"ReadAction\",\"target\":[\"https:\\\/\\\/www.versiegelung24.com\\\/cs\\\/tesneni-dreva-v-profesionalni-kvalite.html\"]}]},{\"@type\":\"ImageObject\",\"inLanguage\":\"cs\",\"@id\":\"https:\\\/\\\/www.versiegelung24.com\\\/cs\\\/tesneni-dreva-v-profesionalni-kvalite.html#primaryimage\",\"url\":\"https:\\\/\\\/www.versiegelung24.com\\\/wp-content\\\/uploads\\\/2020\\\/06\\\/produkt-4000-695-1000-Holzversiegelung-scaled.jpg\",\"contentUrl\":\"https:\\\/\\\/www.versiegelung24.com\\\/wp-content\\\/uploads\\\/2020\\\/06\\\/produkt-4000-695-1000-Holzversiegelung-scaled.jpg\",\"width\":2560,\"height\":2560},{\"@type\":\"BreadcrumbList\",\"@id\":\"https:\\\/\\\/www.versiegelung24.com\\\/cs\\\/tesneni-dreva-v-profesionalni-kvalite.html#breadcrumb\",\"itemListElement\":[{\"@type\":\"ListItem\",\"position\":1,\"name\":\"Domovsk\u00e1 str\u00e1nka\",\"item\":\"https:\\\/\\\/www.versiegelung24.com\\\/cs\\\/predni\\\/\"},{\"@type\":\"ListItem\",\"position\":2,\"name\":\"Prodejna\",\"item\":\"https:\\\/\\\/www.versiegelung24.com\\\/cs\\\/prodejna\\\/\"},{\"@type\":\"ListItem\",\"position\":3,\"name\":\"T\u011bsn\u011bn\u00ed d\u0159eva v profesion\u00e1ln\u00ed kvalit\u011b\"}]},{\"@type\":\"WebSite\",\"@id\":\"https:\\\/\\\/www.versiegelung24.com\\\/cs\\\/#website\",\"url\":\"https:\\\/\\\/www.versiegelung24.com\\\/cs\\\/\",\"name\":\"versiegelung24.com\",\"description\":\"Fl\u00fcssigglas-Versiegelung - Made in Germany\",\"publisher\":{\"@id\":\"https:\\\/\\\/www.versiegelung24.com\\\/cs\\\/#organization\"},\"potentialAction\":[{\"@type\":\"SearchAction\",\"target\":{\"@type\":\"EntryPoint\",\"urlTemplate\":\"https:\\\/\\\/www.versiegelung24.com\\\/cs\\\/?s={search_term_string}\"},\"query-input\":{\"@type\":\"PropertyValueSpecification\",\"valueRequired\":true,\"valueName\":\"search_term_string\"}}],\"inLanguage\":\"cs\"},{\"@type\":\"Organization\",\"@id\":\"https:\\\/\\\/www.versiegelung24.com\\\/cs\\\/#organization\",\"name\":\"versiegelung24\",\"url\":\"https:\\\/\\\/www.versiegelung24.com\\\/cs\\\/\",\"logo\":{\"@type\":\"ImageObject\",\"inLanguage\":\"cs\",\"@id\":\"https:\\\/\\\/www.versiegelung24.com\\\/cs\\\/#\\\/schema\\\/logo\\\/image\\\/\",\"url\":\"https:\\\/\\\/www.versiegelung24.com\\\/wp-content\\\/uploads\\\/2020\\\/04\\\/versiegelung24.png\",\"contentUrl\":\"https:\\\/\\\/www.versiegelung24.com\\\/wp-content\\\/uploads\\\/2020\\\/04\\\/versiegelung24.png\",\"width\":470,\"height\":102,\"caption\":\"versiegelung24\"},\"image\":{\"@id\":\"https:\\\/\\\/www.versiegelung24.com\\\/cs\\\/#\\\/schema\\\/logo\\\/image\\\/\"}}]}<\/script>\n<meta property=\"og:availability\" content=\"instock\" \/>\n<meta property=\"product:availability\" content=\"instock\" \/>\n<meta property=\"product:retailer_item_id\" content=\"4000-695\" \/>\n<meta property=\"product:condition\" content=\"new\" \/>\n<!-- \/ Yoast SEO Premium plugin. -->","yoast_head_json":{"title":"T\u011bsn\u011bn\u00ed d\u0159eva v profesion\u00e1ln\u00ed kvalit\u011b - versiegelung24.com","robots":{"index":"index","follow":"follow","max-snippet":"max-snippet:-1","max-image-preview":"max-image-preview:large","max-video-preview":"max-video-preview:-1"},"canonical":"https:\/\/www.versiegelung24.com\/cs\/tesneni-dreva-v-profesionalni-kvalite.html","og_locale":"cs_CZ","og_type":"article","og_title":"T\u011bsn\u011bn\u00ed d\u0159eva v profesion\u00e1ln\u00ed kvalit\u011b","og_description":"**NOVINKA** Vysoce \u00fa\u010dinn\u00e9 t\u011bsn\u011bn\u00ed pro sav\u00e9 d\u0159ev\u011bn\u00e9 povrchy: \u2713 S hloubkov\u00fdm efektem \u2713 S lotosov\u00fdm efektem (vodoodpudivost) \u2713 Pro vnit\u0159n\u00ed i venkovn\u00ed pou\u017eit\u00ed","og_url":"https:\/\/www.versiegelung24.com\/cs\/tesneni-dreva-v-profesionalni-kvalite.html","og_site_name":"versiegelung24.com","article_modified_time":"2025-01-03T22:39:22+00:00","og_image":[{"width":2560,"height":2560,"url":"https:\/\/www.versiegelung24.com\/wp-content\/uploads\/2020\/06\/produkt-4000-695-1000-Holzversiegelung-scaled.jpg","type":"image\/jpeg"}],"twitter_card":"summary_large_image","twitter_misc":{"Dostupnost":"Skladem"},"schema":{"@context":"https:\/\/schema.org","@graph":[{"@type":"WebPage","@id":"https:\/\/www.versiegelung24.com\/cs\/tesneni-dreva-v-profesionalni-kvalite.html","url":"https:\/\/www.versiegelung24.com\/cs\/tesneni-dreva-v-profesionalni-kvalite.html","name":"T\u011bsn\u011bn\u00ed d\u0159eva v profesion\u00e1ln\u00ed kvalit\u011b - versiegelung24.com","isPartOf":{"@id":"https:\/\/www.versiegelung24.com\/cs\/#website"},"primaryImageOfPage":{"@id":"https:\/\/www.versiegelung24.com\/cs\/tesneni-dreva-v-profesionalni-kvalite.html#primaryimage"},"image":{"@id":"https:\/\/www.versiegelung24.com\/cs\/tesneni-dreva-v-profesionalni-kvalite.html#primaryimage"},"thumbnailUrl":"https:\/\/www.versiegelung24.com\/wp-content\/uploads\/2020\/06\/produkt-4000-695-1000-Holzversiegelung-scaled.jpg","datePublished":"2021-08-02T19:24:29+00:00","dateModified":"2025-01-03T22:39:22+00:00","breadcrumb":{"@id":"https:\/\/www.versiegelung24.com\/cs\/tesneni-dreva-v-profesionalni-kvalite.html#breadcrumb"},"inLanguage":"cs","potentialAction":[{"@type":"ReadAction","target":["https:\/\/www.versiegelung24.com\/cs\/tesneni-dreva-v-profesionalni-kvalite.html"]}]},{"@type":"ImageObject","inLanguage":"cs","@id":"https:\/\/www.versiegelung24.com\/cs\/tesneni-dreva-v-profesionalni-kvalite.html#primaryimage","url":"https:\/\/www.versiegelung24.com\/wp-content\/uploads\/2020\/06\/produkt-4000-695-1000-Holzversiegelung-scaled.jpg","contentUrl":"https:\/\/www.versiegelung24.com\/wp-content\/uploads\/2020\/06\/produkt-4000-695-1000-Holzversiegelung-scaled.jpg","width":2560,"height":2560},{"@type":"BreadcrumbList","@id":"https:\/\/www.versiegelung24.com\/cs\/tesneni-dreva-v-profesionalni-kvalite.html#breadcrumb","itemListElement":[{"@type":"ListItem","position":1,"name":"Domovsk\u00e1 str\u00e1nka","item":"https:\/\/www.versiegelung24.com\/cs\/predni\/"},{"@type":"ListItem","position":2,"name":"Prodejna","item":"https:\/\/www.versiegelung24.com\/cs\/prodejna\/"},{"@type":"ListItem","position":3,"name":"T\u011bsn\u011bn\u00ed d\u0159eva v profesion\u00e1ln\u00ed kvalit\u011b"}]},{"@type":"WebSite","@id":"https:\/\/www.versiegelung24.com\/cs\/#website","url":"https:\/\/www.versiegelung24.com\/cs\/","name":"versiegelung24.com","description":"Fl\u00fcssigglas-Versiegelung - Made in Germany","publisher":{"@id":"https:\/\/www.versiegelung24.com\/cs\/#organization"},"potentialAction":[{"@type":"SearchAction","target":{"@type":"EntryPoint","urlTemplate":"https:\/\/www.versiegelung24.com\/cs\/?s={search_term_string}"},"query-input":{"@type":"PropertyValueSpecification","valueRequired":true,"valueName":"search_term_string"}}],"inLanguage":"cs"},{"@type":"Organization","@id":"https:\/\/www.versiegelung24.com\/cs\/#organization","name":"versiegelung24","url":"https:\/\/www.versiegelung24.com\/cs\/","logo":{"@type":"ImageObject","inLanguage":"cs","@id":"https:\/\/www.versiegelung24.com\/cs\/#\/schema\/logo\/image\/","url":"https:\/\/www.versiegelung24.com\/wp-content\/uploads\/2020\/04\/versiegelung24.png","contentUrl":"https:\/\/www.versiegelung24.com\/wp-content\/uploads\/2020\/04\/versiegelung24.png","width":470,"height":102,"caption":"versiegelung24"},"image":{"@id":"https:\/\/www.versiegelung24.com\/cs\/#\/schema\/logo\/image\/"}}]},"og_availability":"instock","product_availability":"instock","product_retailer_item_id":"4000-695","product_condition":"new"},"_links":{"self":[{"href":"https:\/\/www.versiegelung24.com\/cs\/wp-json\/wp\/v2\/product\/23154","targetHints":{"allow":["GET"]}}],"collection":[{"href":"https:\/\/www.versiegelung24.com\/cs\/wp-json\/wp\/v2\/product"}],"about":[{"href":"https:\/\/www.versiegelung24.com\/cs\/wp-json\/wp\/v2\/types\/product"}],"version-history":[{"count":16,"href":"https:\/\/www.versiegelung24.com\/cs\/wp-json\/wp\/v2\/product\/23154\/revisions"}],"predecessor-version":[{"id":177525,"href":"https:\/\/www.versiegelung24.com\/cs\/wp-json\/wp\/v2\/product\/23154\/revisions\/177525"}],"wp:featuredmedia":[{"embeddable":true,"href":"https:\/\/www.versiegelung24.com\/cs\/wp-json\/wp\/v2\/media\/18166"}],"wp:attachment":[{"href":"https:\/\/www.versiegelung24.com\/cs\/wp-json\/wp\/v2\/media?parent=23154"}],"wp:term":[{"taxonomy":"product_brand","embeddable":true,"href":"https:\/\/www.versiegelung24.com\/cs\/wp-json\/wp\/v2\/product_brand?post=23154"},{"taxonomy":"product_cat","embeddable":true,"href":"https:\/\/www.versiegelung24.com\/cs\/wp-json\/wp\/v2\/product_cat?post=23154"},{"taxonomy":"product_tag","embeddable":true,"href":"https:\/\/www.versiegelung24.com\/cs\/wp-json\/wp\/v2\/product_tag?post=23154"}],"curies":[{"name":"wp","href":"https:\/\/api.w.org\/{rel}","templated":true}]}}