{"id":23236,"date":"2020-04-04T18:53:42","date_gmt":"2021-08-02T19:28:30","guid":{"rendered":"https:\/\/www.versiegelung24.com\/produkt\/univerzalni-tesneni-7675-pro-tvrde-nesave-povrchy-sklo-keramika-nerezova-ocel-plast-kov"},"modified":"2025-03-20T10:10:08","modified_gmt":"2025-03-20T09:10:08","slug":"univerzalni-tesneni-7675-pro-tvrde-nesave-povrchy-sklo-keramika-nerez-plast-kov","status":"publish","type":"product","link":"https:\/\/www.versiegelung24.com\/cs\/univerzalni-tesneni-7675-pro-tvrde-nesave-povrchy-sklo-keramika-nerezova-ocel-plast-kov.html","title":{"rendered":"Univerz\u00e1ln\u00ed t\u011bsn\u011bn\u00ed 7675 pro &#8220;tvrd\u00e9&#8221; \/ nesav\u00e9 povrchy (sklo \/ keramika +++, nerezov\u00e1 ocel +++, plast \/ kov ++)"},"content":{"rendered":"\n<p><strong>Vysoce \u00fa\u010dinn\u00fd profesion\u00e1ln\u00ed univerz\u00e1ln\u00ed tmel na &#8220;tvrd\u00e9&#8221;\/nesav\u00e9 povrchy, jako je sklo, keramika, plast a kovov\u00e9 povrchy, se snadno \u010distiteln\u00fdm \u00fa\u010dinkem NOVINKA, pro interi\u00e9r i exteri\u00e9r.<\/strong><\/p>\n\n<p>Ide\u00e1ln\u00ed pro sklo \/ keramiku a nerezovou ocel, pou\u017eiteln\u00e9 tak\u00e9 pro plasty a kov<\/p>\n\n<p>Vysok\u00e1 kvalita Made in Germany.<\/p>\n\n<p><strong>Univerz\u00e1ln\u00ed tmel V24 4005-7675<\/strong> je n\u00e1t\u011brov\u00fd materi\u00e1l na b\u00e1zi alkoholu (IPA), kter\u00fd vytv\u00e1\u0159\u00ed snadno \u010distiteln\u00fd efekt na sklen\u011bn\u00fdch, plastov\u00fdch, keramick\u00fdch a kovov\u00fdch povr\u0161\u00edch (chrom, nerezov\u00e1 ocel, hlin\u00edk). Materi\u00e1l vytv\u00e1\u0159\u00ed na povrchu tenk\u00fd film, kter\u00fd sni\u017euje p\u0159ilnavost ne\u010distot a ciz\u00edch l\u00e1tek a umo\u017e\u0148uje lep\u0161\u00ed st\u00e9k\u00e1n\u00ed vody. Obalen\u00fd povrch se obzvl\u00e1\u0161t\u011b snadno \u010dist\u00ed<\/p>\n\n<hr \/>\n\n<h4 class=\"wp-block-heading\" id=\"properties\">Vlastnosti produktu<\/h4>\n\n<div class=\"wp-block-columns is-layout-flex wp-container-core-columns-is-layout-9d6595d7 wp-block-columns-is-layout-flex\">\n<div class=\"wp-block-column is-layout-flow wp-block-column-is-layout-flow\">\n<ul class=\"wp-block-list\">\n<li>Dod\u00e1no p\u0159ipraven\u00e9 k pou\u017eit\u00ed<\/li>\n\n\n\n<li>nechejte vodu l\u00e9pe odt\u00e9kat<\/li>\n\n\n\n<li>Snadno \u010distiteln\u00fd efekt s ohledem na ne\u010distoty a vodn\u00ed k\u00e1men<\/li>\n\n\n\n<li>\u010dir\u00e1, bezbarv\u00e1 kapalina, neviditeln\u00e1 a nepost\u0159ehnuteln\u00e1<\/li>\n\n\n\n<li>Povrchy z\u016fstanou \u010dist\u00e9 mnohem d\u00e9le, co\u017e prodlu\u017euje \u010distic\u00ed cykly a v\u00fdrazn\u011b sni\u017euje n\u00e1klady, \u010das a energii na \u010di\u0161t\u011bn\u00ed a \u00fadr\u017ebu<\/li>\n\n\n\n<li>sni\u017euje r\u016fst mikroorganism\u016f a bakteri\u00ed a t\u00edm zlep\u0161uje hygienu<\/li>\n<\/ul>\n<\/div>\n\n\n\n<div class=\"wp-block-column is-layout-flow wp-block-column-is-layout-flow\">\n<ul class=\"wp-block-list\">\n<li>Odoln\u00fd v\u016f\u010di mrazu, extr\u00e9mn\u00edmu teplu, UV z\u00e1\u0159en\u00ed, slan\u00e9 vod\u011b a slan\u00e9mu vzduchu, miner\u00e1l\u016fm z tvrd\u00e9 vody a z\u00e1sad\u00e1m<\/li>\n\n\n\n<li>Trus \u0159as a pt\u00e1k\u016f ji\u017e nem\u016f\u017ee pevn\u011b dr\u017eet<\/li>\n\n\n\n<li>bez fluoru<\/li>\n<\/ul>\n\n\n\n<p><br \/><br \/>Rozsah dod\u00e1vky: 1 x litrov\u00e1 l\u00e1hev 1 x rozpra\u0161ovac\u00ed hlavice s pumpi\u010dkou<\/p>\n<\/div>\n<\/div>\n\n<hr \/>\n\n<h4 class=\"wp-block-heading\" id=\"application\">Aplikace<\/h4>\n\n<div class=\"wp-block-columns is-layout-flex wp-container-core-columns-is-layout-9d6595d7 wp-block-columns-is-layout-flex\">\n<div class=\"wp-block-column is-layout-flow wp-block-column-is-layout-flow\">\n<ul class=\"wp-block-list\">\n<li>Sanit\u00e1rn\u00ed keramika (toalety, bidety, keramick\u00e9 vany, sprchy, umyvadla, zrcadla)<\/li>\n\n\n\n<li>Baz\u00e9ny (venkovn\u00ed keramick\u00e9, nevhodn\u00e9 pro podvodn\u00ed)<\/li>\n\n\n\n<li>V\u0161echny druhy keramick\u00fdch obklad\u016f, nap\u0159. V kuchyn\u00edch<\/li>\n\n\n\n<li>Okenn\u00ed a stavebn\u00ed sklo (zimn\u00ed zahrady, v\u00fd\u0161kov\u00e9 budovy, mark\u00fdzy)<\/li>\n\n\n\n<li>Plastov\u00e9 a kovov\u00e9 povrchy<\/li>\n\n\n\n<li>Pro autoskla doporu\u010dujeme na\u0161e<a href=\"https:\/\/www.versiegelung24.com\/autoglas-versiegelung\/\"> Pr\u00e9miov\u00e9 t\u011bsn\u011bn\u00ed autoskel<\/a><\/li>\n<\/ul>\n<\/div>\n\n\n\n<div class=\"wp-block-column is-layout-flow wp-block-column-is-layout-flow\">\n<p><br \/><br \/><br \/><br \/>Snadn\u00e1 aplikace: 1. Povrch p\u0159edem velmi dob\u0159e o\u010dist\u011bte (\u010d\u00edm je \u010dist\u0161\u00ed, t\u00edm d\u00e9le tmel vydr\u017e\u00ed). 2. P\u0159ed pou\u017eit\u00edm jej znovu o\u010dist\u011bte alkoholem (nap\u0159. izopropylov\u00fdm). 3. Tmel nast\u0159\u00edkejte na had\u0159\u00edk a p\u0159ilo\u017ete na povrch. 4. Naneste na povrch.<br \/>Po 5 minut\u00e1ch opatrn\u011b vyle\u0161t\u011bte had\u0159\u00edkem z mikrovl\u00e1kna, ani\u017e byste vyv\u00edjeli tlak. 5. T\u011bsnic\u00ed prost\u0159edek vy\u010dist\u011bte. Nechte 12 hodin vytvrdnout &#8211; hotovo<\/p>\n\n\n\n<p>Trvanlivost: a\u017e 3\u201310 let<\/p>\n\n\n\n<p>1 litr lze ut\u011bsnit a\u017e 200 m2.<\/p>\n<\/div>\n<\/div>\n\n<hr \/>\n\n<h4 class=\"wp-block-heading\" id=\"h-ratgeber\">Poradce<\/h4>\n\n<p>Na\u0161e univerz\u00e1ln\u00ed t\u011bsn\u011bn\u00ed jsou vhodn\u00e1 zejm\u00e9na pro sektor kutil\u016f.<\/p>\n\n<p>Kombinuj\u00ed profesion\u00e1ln\u00ed zp\u016fsob p\u016fsoben\u00ed na r\u016fzn\u00e9 povrchy se snadnou manipulac\u00ed p\u0159i aplikaci. A to v\u0161e bez nutnosti d\u011blat z\u00e1sadn\u00ed kompromisy z hlediska kvality.<\/p>\n\n<p>T\u00edmto zp\u016fsobem lze pouze jedn\u00edm univerz\u00e1ln\u00edm tmelem prov\u00e1d\u011bt aplikace na v\u00edce materi\u00e1lech a tak\u00e9 dos\u00e1hnout vysoce kvalitn\u00edho \u00fa\u010dinku a dlouh\u00e9 \u017eivotnosti.<\/p>\n\n<p>Nicm\u00e9n\u011b pro komer\u010dn\u00ed a pr\u016fmyslov\u00e9 aplikace, kde m\u00e1 b\u00fdt na konkr\u00e9tn\u00edm povrchu dosa\u017eeno nejvy\u0161\u0161\u00ed mo\u017en\u00e9 \u00farovn\u011b v\u00fdkonu, doporu\u010dujeme pou\u017eit\u00ed na\u0161ich speci\u00e1ln\u00edch \u00faprav pro tento povrch.<\/p>\n","protected":false},"excerpt":{"rendered":"<p><strong>**NOVINKA** Vysoce \u00fa\u010dinn\u00e9 profesion\u00e1ln\u00ed univerz\u00e1ln\u00ed t\u011bsn\u011bn\u00ed pro &#8220;tvrd\u00e9&#8221;\/nesav\u00e9 povrchy jako jsou:<\/strong><\/p>\n<p>\u2713 Sklo<\/p>\n<p>\u2713 Keramick\u00e9 povrchy<\/p>\n<p>\u2713 Plastov\u00e9 povrchy<\/p>\n<p>\u2713 Kovov\u00e9 povrchy<\/p>\n<p>\u2713 S efektem snadn\u00e9ho \u010di\u0161t\u011bn\u00ed<\/p>\n","protected":false},"featured_media":18237,"template":"","meta":{"_acf_changed":false,"neve_meta_sidebar":"","neve_meta_container":"","neve_meta_enable_content_width":"","neve_meta_content_width":0,"neve_meta_title_alignment":"","neve_meta_author_avatar":"","neve_post_elements_order":"","neve_meta_disable_header":"","neve_meta_disable_footer":"","neve_meta_disable_title":"","neve_meta_reading_time":"","_surfaces":[],"_ver_product_tabs":[],"footnotes":""},"product_brand":[],"product_cat":[2476],"product_tag":[],"class_list":{"0":"post-23236","1":"product","2":"type-product","3":"status-publish","4":"has-post-thumbnail","6":"product_cat-univerzalni-tesneni","8":"first","9":"instock","10":"taxable","11":"shipping-taxable","12":"purchasable","13":"product-type-simple"},"acf":[],"yoast_head":"<!-- This site is optimized with the Yoast SEO Premium plugin v22.8 (Yoast SEO v27.5) - https:\/\/yoast.com\/product\/yoast-seo-premium-wordpress\/ -->\n<title>Univerz\u00e1ln\u00ed t\u011bsn\u011bn\u00ed 7675 pro &quot;tvrd\u00e9&quot; \/ nesav\u00e9 povrchy (sklo \/ keramika +++, nerezov\u00e1 ocel +++, plast \/ kov ++) - versiegelung24.com<\/title>\n<meta name=\"robots\" content=\"index, follow, max-snippet:-1, max-image-preview:large, max-video-preview:-1\" \/>\n<link rel=\"canonical\" href=\"https:\/\/www.versiegelung24.com\/cs\/univerzalni-tesneni-7675-pro-tvrde-nesave-povrchy-sklo-keramika-nerezova-ocel-plast-kov.html\" \/>\n<meta property=\"og:locale\" content=\"cs_CZ\" \/>\n<meta property=\"og:type\" content=\"article\" \/>\n<meta property=\"og:title\" content=\"Univerz\u00e1ln\u00ed t\u011bsn\u011bn\u00ed 7675 pro &quot;tvrd\u00e9&quot; \/ nesav\u00e9 povrchy (sklo \/ keramika +++, nerezov\u00e1 ocel +++, plast \/ kov ++)\" \/>\n<meta property=\"og:description\" content=\"**NOVINKA** Vysoce \u00fa\u010dinn\u00e9 profesion\u00e1ln\u00ed univerz\u00e1ln\u00ed t\u011bsn\u011bn\u00ed pro &quot;tvrd\u00e9&quot;\/nesav\u00e9 povrchy jako jsou: \u2713 Sklo \u2713 Keramick\u00e9 povrchy \u2713 Plastov\u00e9 povrchy \u2713 Kovov\u00e9 povrchy \u2713 S efektem snadn\u00e9ho \u010di\u0161t\u011bn\u00ed\" \/>\n<meta property=\"og:url\" content=\"https:\/\/www.versiegelung24.com\/cs\/univerzalni-tesneni-7675-pro-tvrde-nesave-povrchy-sklo-keramika-nerezova-ocel-plast-kov.html\" \/>\n<meta property=\"og:site_name\" content=\"versiegelung24.com\" \/>\n<meta property=\"article:modified_time\" content=\"2025-03-20T09:10:08+00:00\" \/>\n<meta property=\"og:image\" content=\"https:\/\/www.versiegelung24.com\/wp-content\/uploads\/2020\/06\/produkt-4005-7675-1000-Universalversiegelung-7675-scaled.jpg\" \/>\n\t<meta property=\"og:image:width\" content=\"2560\" \/>\n\t<meta property=\"og:image:height\" content=\"2560\" \/>\n\t<meta property=\"og:image:type\" content=\"image\/jpeg\" \/>\n<meta name=\"twitter:card\" content=\"summary_large_image\" \/>\n<meta name=\"twitter:label1\" content=\"Cena\" \/>\n\t<meta name=\"twitter:data1\" content=\"89,99&euro;\" \/>\n\t<meta name=\"twitter:label2\" content=\"Dostupnost\" \/>\n\t<meta name=\"twitter:data2\" content=\"Skladem\" \/>\n<script type=\"application\/ld+json\" class=\"yoast-schema-graph\">{\"@context\":\"https:\\\/\\\/schema.org\",\"@graph\":[{\"@type\":\"WebPage\",\"@id\":\"https:\\\/\\\/www.versiegelung24.com\\\/cs\\\/univerzalni-tesneni-7675-pro-tvrde-nesave-povrchy-sklo-keramika-nerezova-ocel-plast-kov.html\",\"url\":\"https:\\\/\\\/www.versiegelung24.com\\\/cs\\\/univerzalni-tesneni-7675-pro-tvrde-nesave-povrchy-sklo-keramika-nerezova-ocel-plast-kov.html\",\"name\":\"Univerz\u00e1ln\u00ed t\u011bsn\u011bn\u00ed 7675 pro \\\"tvrd\u00e9\\\" \\\/ nesav\u00e9 povrchy (sklo \\\/ keramika +++, nerezov\u00e1 ocel +++, plast \\\/ kov ++) - versiegelung24.com\",\"isPartOf\":{\"@id\":\"https:\\\/\\\/www.versiegelung24.com\\\/cs\\\/#website\"},\"primaryImageOfPage\":{\"@id\":\"https:\\\/\\\/www.versiegelung24.com\\\/cs\\\/univerzalni-tesneni-7675-pro-tvrde-nesave-povrchy-sklo-keramika-nerezova-ocel-plast-kov.html#primaryimage\"},\"image\":{\"@id\":\"https:\\\/\\\/www.versiegelung24.com\\\/cs\\\/univerzalni-tesneni-7675-pro-tvrde-nesave-povrchy-sklo-keramika-nerezova-ocel-plast-kov.html#primaryimage\"},\"thumbnailUrl\":\"https:\\\/\\\/www.versiegelung24.com\\\/wp-content\\\/uploads\\\/2020\\\/06\\\/produkt-4005-7675-1000-Universalversiegelung-7675-scaled.jpg\",\"datePublished\":\"2021-08-02T19:28:30+00:00\",\"dateModified\":\"2025-03-20T09:10:08+00:00\",\"breadcrumb\":{\"@id\":\"https:\\\/\\\/www.versiegelung24.com\\\/cs\\\/univerzalni-tesneni-7675-pro-tvrde-nesave-povrchy-sklo-keramika-nerezova-ocel-plast-kov.html#breadcrumb\"},\"inLanguage\":\"cs\",\"potentialAction\":[{\"@type\":\"ReadAction\",\"target\":[\"https:\\\/\\\/www.versiegelung24.com\\\/cs\\\/univerzalni-tesneni-7675-pro-tvrde-nesave-povrchy-sklo-keramika-nerezova-ocel-plast-kov.html\"]}]},{\"@type\":\"ImageObject\",\"inLanguage\":\"cs\",\"@id\":\"https:\\\/\\\/www.versiegelung24.com\\\/cs\\\/univerzalni-tesneni-7675-pro-tvrde-nesave-povrchy-sklo-keramika-nerezova-ocel-plast-kov.html#primaryimage\",\"url\":\"https:\\\/\\\/www.versiegelung24.com\\\/wp-content\\\/uploads\\\/2020\\\/06\\\/produkt-4005-7675-1000-Universalversiegelung-7675-scaled.jpg\",\"contentUrl\":\"https:\\\/\\\/www.versiegelung24.com\\\/wp-content\\\/uploads\\\/2020\\\/06\\\/produkt-4005-7675-1000-Universalversiegelung-7675-scaled.jpg\",\"width\":2560,\"height\":2560},{\"@type\":\"BreadcrumbList\",\"@id\":\"https:\\\/\\\/www.versiegelung24.com\\\/cs\\\/univerzalni-tesneni-7675-pro-tvrde-nesave-povrchy-sklo-keramika-nerezova-ocel-plast-kov.html#breadcrumb\",\"itemListElement\":[{\"@type\":\"ListItem\",\"position\":1,\"name\":\"Domovsk\u00e1 str\u00e1nka\",\"item\":\"https:\\\/\\\/www.versiegelung24.com\\\/cs\\\/predni\\\/\"},{\"@type\":\"ListItem\",\"position\":2,\"name\":\"Prodejna\",\"item\":\"https:\\\/\\\/www.versiegelung24.com\\\/cs\\\/prodejna\\\/\"},{\"@type\":\"ListItem\",\"position\":3,\"name\":\"Univerz\u00e1ln\u00ed t\u011bsn\u011bn\u00ed 7675 pro &#8220;tvrd\u00e9&#8221; \\\/ nesav\u00e9 povrchy (sklo \\\/ keramika +++, nerezov\u00e1 ocel +++, plast \\\/ kov ++)\"}]},{\"@type\":\"WebSite\",\"@id\":\"https:\\\/\\\/www.versiegelung24.com\\\/cs\\\/#website\",\"url\":\"https:\\\/\\\/www.versiegelung24.com\\\/cs\\\/\",\"name\":\"versiegelung24.com\",\"description\":\"Fl\u00fcssigglas-Versiegelung - Made in Germany\",\"publisher\":{\"@id\":\"https:\\\/\\\/www.versiegelung24.com\\\/cs\\\/#organization\"},\"potentialAction\":[{\"@type\":\"SearchAction\",\"target\":{\"@type\":\"EntryPoint\",\"urlTemplate\":\"https:\\\/\\\/www.versiegelung24.com\\\/cs\\\/?s={search_term_string}\"},\"query-input\":{\"@type\":\"PropertyValueSpecification\",\"valueRequired\":true,\"valueName\":\"search_term_string\"}}],\"inLanguage\":\"cs\"},{\"@type\":\"Organization\",\"@id\":\"https:\\\/\\\/www.versiegelung24.com\\\/cs\\\/#organization\",\"name\":\"versiegelung24\",\"url\":\"https:\\\/\\\/www.versiegelung24.com\\\/cs\\\/\",\"logo\":{\"@type\":\"ImageObject\",\"inLanguage\":\"cs\",\"@id\":\"https:\\\/\\\/www.versiegelung24.com\\\/cs\\\/#\\\/schema\\\/logo\\\/image\\\/\",\"url\":\"https:\\\/\\\/www.versiegelung24.com\\\/wp-content\\\/uploads\\\/2020\\\/04\\\/versiegelung24.png\",\"contentUrl\":\"https:\\\/\\\/www.versiegelung24.com\\\/wp-content\\\/uploads\\\/2020\\\/04\\\/versiegelung24.png\",\"width\":470,\"height\":102,\"caption\":\"versiegelung24\"},\"image\":{\"@id\":\"https:\\\/\\\/www.versiegelung24.com\\\/cs\\\/#\\\/schema\\\/logo\\\/image\\\/\"}}]}<\/script>\n<meta property=\"product:price:amount\" content=\"89.99\" \/>\n<meta property=\"product:price:currency\" content=\"EUR\" \/>\n<meta property=\"og:availability\" content=\"instock\" \/>\n<meta property=\"product:availability\" content=\"instock\" \/>\n<meta property=\"product:retailer_item_id\" content=\"4005-7675\" \/>\n<meta property=\"product:condition\" content=\"new\" \/>\n<!-- \/ Yoast SEO Premium plugin. -->","yoast_head_json":{"title":"Univerz\u00e1ln\u00ed t\u011bsn\u011bn\u00ed 7675 pro \"tvrd\u00e9\" \/ nesav\u00e9 povrchy (sklo \/ keramika +++, nerezov\u00e1 ocel +++, plast \/ kov ++) - versiegelung24.com","robots":{"index":"index","follow":"follow","max-snippet":"max-snippet:-1","max-image-preview":"max-image-preview:large","max-video-preview":"max-video-preview:-1"},"canonical":"https:\/\/www.versiegelung24.com\/cs\/univerzalni-tesneni-7675-pro-tvrde-nesave-povrchy-sklo-keramika-nerezova-ocel-plast-kov.html","og_locale":"cs_CZ","og_type":"article","og_title":"Univerz\u00e1ln\u00ed t\u011bsn\u011bn\u00ed 7675 pro \"tvrd\u00e9\" \/ nesav\u00e9 povrchy (sklo \/ keramika +++, nerezov\u00e1 ocel +++, plast \/ kov ++)","og_description":"**NOVINKA** Vysoce \u00fa\u010dinn\u00e9 profesion\u00e1ln\u00ed univerz\u00e1ln\u00ed t\u011bsn\u011bn\u00ed pro \"tvrd\u00e9\"\/nesav\u00e9 povrchy jako jsou: \u2713 Sklo \u2713 Keramick\u00e9 povrchy \u2713 Plastov\u00e9 povrchy \u2713 Kovov\u00e9 povrchy \u2713 S efektem snadn\u00e9ho \u010di\u0161t\u011bn\u00ed","og_url":"https:\/\/www.versiegelung24.com\/cs\/univerzalni-tesneni-7675-pro-tvrde-nesave-povrchy-sklo-keramika-nerezova-ocel-plast-kov.html","og_site_name":"versiegelung24.com","article_modified_time":"2025-03-20T09:10:08+00:00","og_image":[{"width":2560,"height":2560,"url":"https:\/\/www.versiegelung24.com\/wp-content\/uploads\/2020\/06\/produkt-4005-7675-1000-Universalversiegelung-7675-scaled.jpg","type":"image\/jpeg"}],"twitter_card":"summary_large_image","twitter_misc":{"Cena":"89,99&euro;","Dostupnost":"Skladem"},"schema":{"@context":"https:\/\/schema.org","@graph":[{"@type":"WebPage","@id":"https:\/\/www.versiegelung24.com\/cs\/univerzalni-tesneni-7675-pro-tvrde-nesave-povrchy-sklo-keramika-nerezova-ocel-plast-kov.html","url":"https:\/\/www.versiegelung24.com\/cs\/univerzalni-tesneni-7675-pro-tvrde-nesave-povrchy-sklo-keramika-nerezova-ocel-plast-kov.html","name":"Univerz\u00e1ln\u00ed t\u011bsn\u011bn\u00ed 7675 pro \"tvrd\u00e9\" \/ nesav\u00e9 povrchy (sklo \/ keramika +++, nerezov\u00e1 ocel +++, plast \/ kov ++) - versiegelung24.com","isPartOf":{"@id":"https:\/\/www.versiegelung24.com\/cs\/#website"},"primaryImageOfPage":{"@id":"https:\/\/www.versiegelung24.com\/cs\/univerzalni-tesneni-7675-pro-tvrde-nesave-povrchy-sklo-keramika-nerezova-ocel-plast-kov.html#primaryimage"},"image":{"@id":"https:\/\/www.versiegelung24.com\/cs\/univerzalni-tesneni-7675-pro-tvrde-nesave-povrchy-sklo-keramika-nerezova-ocel-plast-kov.html#primaryimage"},"thumbnailUrl":"https:\/\/www.versiegelung24.com\/wp-content\/uploads\/2020\/06\/produkt-4005-7675-1000-Universalversiegelung-7675-scaled.jpg","datePublished":"2021-08-02T19:28:30+00:00","dateModified":"2025-03-20T09:10:08+00:00","breadcrumb":{"@id":"https:\/\/www.versiegelung24.com\/cs\/univerzalni-tesneni-7675-pro-tvrde-nesave-povrchy-sklo-keramika-nerezova-ocel-plast-kov.html#breadcrumb"},"inLanguage":"cs","potentialAction":[{"@type":"ReadAction","target":["https:\/\/www.versiegelung24.com\/cs\/univerzalni-tesneni-7675-pro-tvrde-nesave-povrchy-sklo-keramika-nerezova-ocel-plast-kov.html"]}]},{"@type":"ImageObject","inLanguage":"cs","@id":"https:\/\/www.versiegelung24.com\/cs\/univerzalni-tesneni-7675-pro-tvrde-nesave-povrchy-sklo-keramika-nerezova-ocel-plast-kov.html#primaryimage","url":"https:\/\/www.versiegelung24.com\/wp-content\/uploads\/2020\/06\/produkt-4005-7675-1000-Universalversiegelung-7675-scaled.jpg","contentUrl":"https:\/\/www.versiegelung24.com\/wp-content\/uploads\/2020\/06\/produkt-4005-7675-1000-Universalversiegelung-7675-scaled.jpg","width":2560,"height":2560},{"@type":"BreadcrumbList","@id":"https:\/\/www.versiegelung24.com\/cs\/univerzalni-tesneni-7675-pro-tvrde-nesave-povrchy-sklo-keramika-nerezova-ocel-plast-kov.html#breadcrumb","itemListElement":[{"@type":"ListItem","position":1,"name":"Domovsk\u00e1 str\u00e1nka","item":"https:\/\/www.versiegelung24.com\/cs\/predni\/"},{"@type":"ListItem","position":2,"name":"Prodejna","item":"https:\/\/www.versiegelung24.com\/cs\/prodejna\/"},{"@type":"ListItem","position":3,"name":"Univerz\u00e1ln\u00ed t\u011bsn\u011bn\u00ed 7675 pro &#8220;tvrd\u00e9&#8221; \/ nesav\u00e9 povrchy (sklo \/ keramika +++, nerezov\u00e1 ocel +++, plast \/ kov ++)"}]},{"@type":"WebSite","@id":"https:\/\/www.versiegelung24.com\/cs\/#website","url":"https:\/\/www.versiegelung24.com\/cs\/","name":"versiegelung24.com","description":"Fl\u00fcssigglas-Versiegelung - Made in Germany","publisher":{"@id":"https:\/\/www.versiegelung24.com\/cs\/#organization"},"potentialAction":[{"@type":"SearchAction","target":{"@type":"EntryPoint","urlTemplate":"https:\/\/www.versiegelung24.com\/cs\/?s={search_term_string}"},"query-input":{"@type":"PropertyValueSpecification","valueRequired":true,"valueName":"search_term_string"}}],"inLanguage":"cs"},{"@type":"Organization","@id":"https:\/\/www.versiegelung24.com\/cs\/#organization","name":"versiegelung24","url":"https:\/\/www.versiegelung24.com\/cs\/","logo":{"@type":"ImageObject","inLanguage":"cs","@id":"https:\/\/www.versiegelung24.com\/cs\/#\/schema\/logo\/image\/","url":"https:\/\/www.versiegelung24.com\/wp-content\/uploads\/2020\/04\/versiegelung24.png","contentUrl":"https:\/\/www.versiegelung24.com\/wp-content\/uploads\/2020\/04\/versiegelung24.png","width":470,"height":102,"caption":"versiegelung24"},"image":{"@id":"https:\/\/www.versiegelung24.com\/cs\/#\/schema\/logo\/image\/"}}]},"product_price_amount":"89.99","product_price_currency":"EUR","og_availability":"instock","product_availability":"instock","product_retailer_item_id":"4005-7675","product_condition":"new"},"_links":{"self":[{"href":"https:\/\/www.versiegelung24.com\/cs\/wp-json\/wp\/v2\/product\/23236","targetHints":{"allow":["GET"]}}],"collection":[{"href":"https:\/\/www.versiegelung24.com\/cs\/wp-json\/wp\/v2\/product"}],"about":[{"href":"https:\/\/www.versiegelung24.com\/cs\/wp-json\/wp\/v2\/types\/product"}],"version-history":[{"count":16,"href":"https:\/\/www.versiegelung24.com\/cs\/wp-json\/wp\/v2\/product\/23236\/revisions"}],"predecessor-version":[{"id":181087,"href":"https:\/\/www.versiegelung24.com\/cs\/wp-json\/wp\/v2\/product\/23236\/revisions\/181087"}],"wp:featuredmedia":[{"embeddable":true,"href":"https:\/\/www.versiegelung24.com\/cs\/wp-json\/wp\/v2\/media\/18237"}],"wp:attachment":[{"href":"https:\/\/www.versiegelung24.com\/cs\/wp-json\/wp\/v2\/media?parent=23236"}],"wp:term":[{"taxonomy":"product_brand","embeddable":true,"href":"https:\/\/www.versiegelung24.com\/cs\/wp-json\/wp\/v2\/product_brand?post=23236"},{"taxonomy":"product_cat","embeddable":true,"href":"https:\/\/www.versiegelung24.com\/cs\/wp-json\/wp\/v2\/product_cat?post=23236"},{"taxonomy":"product_tag","embeddable":true,"href":"https:\/\/www.versiegelung24.com\/cs\/wp-json\/wp\/v2\/product_tag?post=23236"}],"curies":[{"name":"wp","href":"https:\/\/api.w.org\/{rel}","templated":true}]}}