{"id":23396,"date":"2020-04-04T18:53:17","date_gmt":"2021-08-02T19:34:14","guid":{"rendered":"https:\/\/www.versiegelung24.com\/produkt\/5-litru-koncentratu-bacoban-pro-500-litru-dlouhodobe-dezinfekce-povrchu"},"modified":"2025-01-13T16:36:23","modified_gmt":"2025-01-13T15:36:23","slug":"bacoban-dlouhodoba-povrchova-dezinfekce-5-000-ml-koncentrat-na-vodni-bazi","status":"publish","type":"product","link":"https:\/\/www.versiegelung24.com\/cs\/bacoban-dlouhodoba-povrchova-dezinfekce-5-000-ml-koncentrat-na-vodni-bazi.html","title":{"rendered":"5 litr\u016f koncentr\u00e1tu BACOBAN\u00ae pro 500 litr\u016f dlouhodob\u00e9 dezinfekce povrchu"},"content":{"rendered":"\n<h2 class=\"wp-block-heading\" id=\"h-5-liter-kanister-bacoban-langzeit-flachendesinfektion-konzentrat\">5litrov\u00fd kanystr BACOBAN\u00ae koncentr\u00e1t pro dlouhodobou povrchovou dezinfekci<\/h2>\n\n<p><strong>Posta\u010d\u00ed na 500 litr\u016f dezinfek\u010dn\u00edho prost\u0159edku (\u0159ed\u011bn\u00e9ho vodou v pom\u011bru 1: 100)<\/strong><\/p>\n\n<p><strong>Dezinfek\u010dn\u00ed prost\u0159edky pou\u017e\u00edvejte opatrn\u011b. P\u0159ed pou\u017eit\u00edm si v\u017edy p\u0159e\u010dt\u011bte etiketu a informace o produktu.<\/strong><\/p>\n\n<hr \/>\n\n<h4 class=\"wp-block-heading\" id=\"properties\">Vlastnosti produktu<\/h4>\n\n<p><br \/>S<strong>lo\u017een\u00ed:<\/strong> 100 g roztoku obsahuje:<br \/>Slo\u017een\u00ed podle na\u0159\u00edzen\u00ed (ES) \u010d. 648\/2004: 15 % a v\u00edce, ale m\u00e9n\u011b ne\u017e 30 % kationtov\u00e9 povrchov\u011b aktivn\u00ed l\u00e1tky, dezinfek\u010dn\u00ed l\u00e1tky, vonn\u00e9 l\u00e1tky (linalool, limonen, citral, geraniol, citronellol).<\/p>\n<div class=\"wp-block-image\">\n<figure class=\"aligncenter size-large is-resized\"><img decoding=\"async\" src=\"https:\/\/www.versiegelung24.com\/wp-content\/uploads\/2022\/01\/desinfektion_tisch-1300x260.jpg\" alt=\"\" class=\"wp-image-59386\" width=\"1500\" srcset=\"https:\/\/www.versiegelung24.com\/wp-content\/uploads\/2022\/01\/desinfektion_tisch-1300x260.jpg 1300w, https:\/\/www.versiegelung24.com\/wp-content\/uploads\/2022\/01\/desinfektion_tisch-300x60.jpg 300w, https:\/\/www.versiegelung24.com\/wp-content\/uploads\/2022\/01\/desinfektion_tisch-768x154.jpg 768w, https:\/\/www.versiegelung24.com\/wp-content\/uploads\/2022\/01\/desinfektion_tisch-600x120.jpg 600w, https:\/\/www.versiegelung24.com\/wp-content\/uploads\/2022\/01\/desinfektion_tisch.jpg 1500w\" sizes=\"(max-width: 1300px) 100vw, 1300px\" \/><\/figure>\n<\/div>\n<hr \/>\n\n<h4 class=\"wp-block-heading\" id=\"application\">Aplikace<\/h4>\n\n<p>Ven<strong> Bacoban<\/strong><sup> \u00ae<\/sup><strong> WB<\/strong> Podle mixovac\u00edho stolu p\u0159ipravte roztok p\u0159ipraven\u00fd k pou\u017eit\u00ed a povrchy dostate\u010dn\u011b navlh\u010dete. Neoplachujte ani neot\u00edrejte do sucha. Doba st\u00e1n\u00ed \u010derstv\u011b p\u0159ipraven\u00e9ho pracovn\u00edho roztoku: 8 hodin<\/p>\n\n<figure class=\"wp-block-table\"><table><tbody><tr><td>M\u00edchac\u00ed st\u016fl<\/td><\/tr><tr><td>Kone\u010dn\u00fd objem<\/td><td>0,5 %<\/td><td>1 %<\/td><td>2 %<\/td><td>3 %<\/td><\/tr><tr><td>1 litr<\/td><td>5 ml<\/td><td>10 ml<\/td><td>20 ml<\/td><td>30 ml<\/td><\/tr><tr><td>2 litry<\/td><td>10 ml<\/td><td>20 ml<\/td><td>40 ml<\/td><td>60 ml<\/td><\/tr><tr><td>4 litry<\/td><td>20 ml<\/td><td>40 ml<\/td><td>80 ml<\/td><td>120 ml<\/td><\/tr><tr><td>8 litr\u016f<\/td><td>40 ml<\/td><td>80 ml<\/td><td>160 ml<\/td><td>240 ml<\/td><\/tr><tr><td>10 litr\u016f<\/td><td>50 ml<\/td><td>100 ml<\/td><td>200 ml<\/td><td>300 ml<\/td><\/tr><\/tbody><\/table><figcaption>m\u00edchac\u00ed st\u016fl<\/figcaption><\/figure>\n\n<p><br \/>Trval\u00fd antimikrobi\u00e1ln\u00ed \u00fa\u010dinek <strong>(remanen\u010dn\u00ed efekt)<\/strong> po <strong>dobu<\/strong> a\u017e <strong>10 dn\u016f<\/strong> (testov\u00e1no podle ASTM E 2180). Dermatologicky testov\u00e1no (*p\u0159i 1 %): velmi dobr\u00e1 sn\u00e1\u0161enlivost s poko\u017ekou.<\/p>\n\n<p><strong>\u00da\u010dinnost a d\u00e1vkov\u00e1n\u00ed:<\/strong><\/p>\n\n<div class=\"wp-block-columns is-layout-flex wp-container-core-columns-is-layout-9d6595d7 wp-block-columns-is-layout-flex\">\n<div class=\"wp-block-column is-layout-flow wp-block-column-is-layout-flow\">\n<p><br \/><br \/><br \/><br \/><br \/>Zkou\u0161ky podle sm\u011brnic DGHM (vysok\u00e9 organick\u00e9 zat\u00ed\u017een\u00ed): 1,5 %, 15 min.; 2,0 %, 5 min. Zkou\u0161ky podle sm\u011brnic EN: DIN EN 1040: 0,25 %, 5 min. DIN EN 1275: 0,25 %, 5 min. DIN EN 1276: 0,75 %, 5 min.\/0,50 %, 15 min.<\/p>\n<\/div>\n\n\n\n<div class=\"wp-block-column is-layout-flow wp-block-column-is-layout-flow\">\n<p><br \/><br \/>DIN EN 1650: 0,50 %, 5 min\/0,25 %, 15 min DIN EN 13697: 0,50 %, 15 min EN 13727:<br \/><br \/><br \/><br \/>EN 13624: 1 %, 5 min DIN EN 14561: 3 % 5 min, 0,5 % 60 min DIN EN 14562: 0,5 % 60 min Zkou\u0161ky podle sm\u011brnic DVV: *(HIV, HBV, HCV, herpes, ch\u0159ipka, tak\u00e9 pta\u010d\u00ed ch\u0159ipka, BVDV, vakc\u00edna), rotavirus: 0,1 %, 5 min, adenovirus: 2,0 %, 240 min.<\/p>\n<\/div>\n<\/div>\n\n<p><strong>Trval\u00fd antimikrobi\u00e1ln\u00ed \u00fa\u010dinek a\u017e 10 dn\u00ed<\/strong> (testov\u00e1no na z\u00e1klad\u011b ASTM E 2180)<\/p>\n\n<p><br \/>D<strong>\u016fle\u017eit\u00e9!<\/strong> Dlouhodob\u00fd antimikrobi\u00e1ln\u00ed \u00fa\u010dinek<sup>Bacobanu\u00aeWB<\/sup>nesm\u00ed v\u00e9st k vynech\u00e1n\u00ed nezbytn\u00fdch dezinfek\u010dn\u00edch opat\u0159en\u00ed v p\u0159\u00edpad\u011b viditeln\u00e9 a\/nebo pochybn\u00e9 kontaminace!<\/p>\n<div class=\"wp-block-image\">\n<figure class=\"aligncenter size-large is-resized\"><img decoding=\"async\" src=\"https:\/\/www.versiegelung24.com\/wp-content\/uploads\/2022\/01\/tuere_viren-1300x260.jpg\" alt=\"\" class=\"wp-image-59414\" width=\"1500\" srcset=\"https:\/\/www.versiegelung24.com\/wp-content\/uploads\/2022\/01\/tuere_viren-1300x260.jpg 1300w, https:\/\/www.versiegelung24.com\/wp-content\/uploads\/2022\/01\/tuere_viren-300x60.jpg 300w, https:\/\/www.versiegelung24.com\/wp-content\/uploads\/2022\/01\/tuere_viren-768x154.jpg 768w, https:\/\/www.versiegelung24.com\/wp-content\/uploads\/2022\/01\/tuere_viren-600x120.jpg 600w, https:\/\/www.versiegelung24.com\/wp-content\/uploads\/2022\/01\/tuere_viren.jpg 1500w\" sizes=\"(max-width: 1300px) 100vw, 1300px\" \/><\/figure>\n<\/div>\n<hr \/>\n\n<h4 class=\"wp-block-heading\" id=\"advisor\">Poradce<\/h4>\n\n<p><br \/>B<strong>ezpe\u010dnostn\u00ed informace:<\/strong> Sdru\u017een\u00ed pro poji\u0161t\u011bn\u00ed odpov\u011bdnosti zam\u011bstnavatel\u016f stanov\u00ed, \u017ee p\u0159i pr\u00e1ci s dezinfek\u010dn\u00edmi prost\u0159edky je nutn\u00e9 pou\u017e\u00edvat rukavice. P\u0159i po\u017eit\u00ed je \u0161kodliv\u00fd. Zp\u016fsobuje t\u011b\u017ek\u00e9 pop\u00e1leniny k\u016f\u017ee a po\u0161kozen\u00ed o\u010d\u00ed. Velmi toxick\u00fd pro vodn\u00ed organismy. Toxick\u00fd pro vodn\u00ed organismy, s dlouhodob\u00fdmi \u00fa\u010dinky. B\u011bhem pou\u017e\u00edv\u00e1n\u00ed nejezte, nepijte a neku\u0159te. P\u0158I PO\u017dIT\u00cd: Vypl\u00e1chn\u011bte \u00fasta. NEvyvol\u00e1vejte zvracen\u00ed. P\u0158I KONTAKTU S K\u016e\u017d\u00cd (nebo vlasy): Okam\u017eit\u011b odstra\u0148te ve\u0161ker\u00fd kontaminovan\u00fd od\u011bv. Opl\u00e1chn\u011bte poko\u017eku vodou\/sprchou. P\u0158I ZASA\u017dEN\u00cd O\u010c\u00cd: Opatrn\u011b n\u011bkolik minut vyplachujte vodou. Pokud je to mo\u017en\u00e9, vyjm\u011bte st\u00e1vaj\u00edc\u00ed kontaktn\u00ed \u010do\u010dky. Pokra\u010dujte v oplachov\u00e1n\u00ed. Okam\u017eit\u011b zavolejte TOXIKOLOGICK\u00c9 CENTRUM nebo l\u00e9ka\u0159e. Pokud je nutn\u00e1 l\u00e9ka\u0159sk\u00e1 pomoc, p\u0159ipravte si obal nebo \u0161t\u00edtek. <br \/>Uchov\u00e1vejte mimo dosah d\u011bt\u00ed. Pou\u017e\u00edvejte pouze s vodou a podle sm\u011b\u0161ovac\u00ed tabulky. Nepou\u017e\u00edvejte s jin\u00fdmi \u010distic\u00edmi nebo dezinfek\u010dn\u00edmi prost\u0159edky.<\/p>\n\n<div class=\"wp-block-columns is-layout-flex wp-container-core-columns-is-layout-9d6595d7 wp-block-columns-is-layout-flex\">\n<div class=\"wp-block-column is-layout-flow wp-block-column-is-layout-flow\">\n<p>Lze pou\u017e\u00edt na v\u0161echny povrchy. V p\u0159\u00edpad\u011b pochybn\u011b <strong>citliv\u00fdch povrch\u016f doporu\u010dujeme test odolnosti<\/strong> na nen\u00e1padn\u00e9 plo\u0161e. Skladujte pouze v uzav\u0159en\u00e9m obalu. Skladujte na chladn\u00e9m a such\u00e9m m\u00edst\u011b.<\/p>\n<\/div>\n\n\n\n<div class=\"wp-block-column is-layout-flow wp-block-column-is-layout-flow\">\n<p><strong>N\u00e1dobu lze recyklovat pouze tehdy, kdy\u017e je zcela pr\u00e1zdn\u00e1.<\/strong> Nepou\u017e\u00edvejte po uplynut\u00ed doby pou\u017eitelnosti. Likvidujte v souladu s m\u00edstn\u00edmi a \u00fa\u0159edn\u00edmi p\u0159edpisy.<\/p>\n<\/div>\n<\/div>\n\n<p>Reg. \u010d. biocidu: N-28795 (D). 263\/17\/L (Lu)<\/p>\n\n<p>Roztok <strong>p\u0159ipraven\u00fd<\/strong> k pou\u017eit\u00ed podle m\u00edchac\u00ed tabulky nevy\u017eaduje symbol nebezpe\u010d\u00ed.<\/p>\n","protected":false},"excerpt":{"rendered":"<p><strong>Koncentr\u00e1t na 500 litr\u016f dezinfek\u010dn\u00edho prost\u0159edku na vodn\u00ed b\u00e1zi.<\/strong><\/p>\n","protected":false},"featured_media":15379,"template":"","meta":{"_acf_changed":false,"neve_meta_sidebar":"","neve_meta_container":"","neve_meta_enable_content_width":"","neve_meta_content_width":0,"neve_meta_title_alignment":"","neve_meta_author_avatar":"","neve_post_elements_order":"","neve_meta_disable_header":"","neve_meta_disable_footer":"","neve_meta_disable_title":"","neve_meta_reading_time":"","_surfaces":[],"_ver_product_tabs":[],"footnotes":""},"product_brand":[],"product_cat":[2236,2237,2238],"product_tag":[],"class_list":{"0":"post-23396","1":"product","2":"type-product","3":"status-publish","4":"has-post-thumbnail","6":"product_cat-dezinfekcni-prostredky","7":"product_cat-povrchove-dezinfekcni-prostredky","8":"product_cat-dezinfekcni-koncentraty","10":"first","11":"instock","12":"taxable","13":"shipping-taxable","14":"purchasable","15":"product-type-simple"},"acf":[],"yoast_head":"<!-- This site is optimized with the Yoast SEO Premium plugin v22.8 (Yoast SEO v27.5) - https:\/\/yoast.com\/product\/yoast-seo-premium-wordpress\/ -->\n<title>5 litr\u016f koncentr\u00e1tu BACOBAN\u00ae pro 500 litr\u016f dlouhodob\u00e9 dezinfekce povrchu - versiegelung24.com<\/title>\n<meta name=\"robots\" content=\"index, follow, max-snippet:-1, max-image-preview:large, max-video-preview:-1\" \/>\n<link rel=\"canonical\" href=\"https:\/\/www.versiegelung24.com\/cs\/bacoban-dlouhodoba-povrchova-dezinfekce-5-000-ml-koncentrat-na-vodni-bazi.html\" \/>\n<meta property=\"og:locale\" content=\"cs_CZ\" \/>\n<meta property=\"og:type\" content=\"article\" \/>\n<meta property=\"og:title\" content=\"5 litr\u016f koncentr\u00e1tu BACOBAN\u00ae pro 500 litr\u016f dlouhodob\u00e9 dezinfekce povrchu\" \/>\n<meta property=\"og:description\" content=\"Koncentr\u00e1t na 500 litr\u016f dezinfek\u010dn\u00edho prost\u0159edku na vodn\u00ed b\u00e1zi.\" \/>\n<meta property=\"og:url\" content=\"https:\/\/www.versiegelung24.com\/cs\/bacoban-dlouhodoba-povrchova-dezinfekce-5-000-ml-koncentrat-na-vodni-bazi.html\" \/>\n<meta property=\"og:site_name\" content=\"versiegelung24.com\" \/>\n<meta property=\"article:modified_time\" content=\"2025-01-13T15:36:23+00:00\" \/>\n<meta property=\"og:image\" content=\"https:\/\/www.versiegelung24.com\/wp-content\/uploads\/2020\/05\/bacoban-bacwb5-1.png\" \/>\n\t<meta property=\"og:image:width\" content=\"2000\" \/>\n\t<meta property=\"og:image:height\" content=\"2000\" \/>\n\t<meta property=\"og:image:type\" content=\"image\/png\" \/>\n<meta name=\"twitter:card\" content=\"summary_large_image\" \/>\n<meta name=\"twitter:label1\" content=\"Cena\" \/>\n\t<meta name=\"twitter:data1\" content=\"399,00&euro;\" \/>\n\t<meta name=\"twitter:label2\" content=\"Dostupnost\" \/>\n\t<meta name=\"twitter:data2\" content=\"Skladem\" \/>\n<script type=\"application\/ld+json\" class=\"yoast-schema-graph\">{\"@context\":\"https:\\\/\\\/schema.org\",\"@graph\":[{\"@type\":\"WebPage\",\"@id\":\"https:\\\/\\\/www.versiegelung24.com\\\/cs\\\/bacoban-dlouhodoba-povrchova-dezinfekce-5-000-ml-koncentrat-na-vodni-bazi.html\",\"url\":\"https:\\\/\\\/www.versiegelung24.com\\\/cs\\\/bacoban-dlouhodoba-povrchova-dezinfekce-5-000-ml-koncentrat-na-vodni-bazi.html\",\"name\":\"5 litr\u016f koncentr\u00e1tu BACOBAN\u00ae pro 500 litr\u016f dlouhodob\u00e9 dezinfekce povrchu - versiegelung24.com\",\"isPartOf\":{\"@id\":\"https:\\\/\\\/www.versiegelung24.com\\\/cs\\\/#website\"},\"primaryImageOfPage\":{\"@id\":\"https:\\\/\\\/www.versiegelung24.com\\\/cs\\\/bacoban-dlouhodoba-povrchova-dezinfekce-5-000-ml-koncentrat-na-vodni-bazi.html#primaryimage\"},\"image\":{\"@id\":\"https:\\\/\\\/www.versiegelung24.com\\\/cs\\\/bacoban-dlouhodoba-povrchova-dezinfekce-5-000-ml-koncentrat-na-vodni-bazi.html#primaryimage\"},\"thumbnailUrl\":\"https:\\\/\\\/www.versiegelung24.com\\\/wp-content\\\/uploads\\\/2020\\\/05\\\/bacoban-bacwb5-1.png\",\"datePublished\":\"2021-08-02T19:34:14+00:00\",\"dateModified\":\"2025-01-13T15:36:23+00:00\",\"breadcrumb\":{\"@id\":\"https:\\\/\\\/www.versiegelung24.com\\\/cs\\\/bacoban-dlouhodoba-povrchova-dezinfekce-5-000-ml-koncentrat-na-vodni-bazi.html#breadcrumb\"},\"inLanguage\":\"cs\",\"potentialAction\":[{\"@type\":\"ReadAction\",\"target\":[\"https:\\\/\\\/www.versiegelung24.com\\\/cs\\\/bacoban-dlouhodoba-povrchova-dezinfekce-5-000-ml-koncentrat-na-vodni-bazi.html\"]}]},{\"@type\":\"ImageObject\",\"inLanguage\":\"cs\",\"@id\":\"https:\\\/\\\/www.versiegelung24.com\\\/cs\\\/bacoban-dlouhodoba-povrchova-dezinfekce-5-000-ml-koncentrat-na-vodni-bazi.html#primaryimage\",\"url\":\"https:\\\/\\\/www.versiegelung24.com\\\/wp-content\\\/uploads\\\/2020\\\/05\\\/bacoban-bacwb5-1.png\",\"contentUrl\":\"https:\\\/\\\/www.versiegelung24.com\\\/wp-content\\\/uploads\\\/2020\\\/05\\\/bacoban-bacwb5-1.png\",\"width\":2000,\"height\":2000},{\"@type\":\"BreadcrumbList\",\"@id\":\"https:\\\/\\\/www.versiegelung24.com\\\/cs\\\/bacoban-dlouhodoba-povrchova-dezinfekce-5-000-ml-koncentrat-na-vodni-bazi.html#breadcrumb\",\"itemListElement\":[{\"@type\":\"ListItem\",\"position\":1,\"name\":\"Domovsk\u00e1 str\u00e1nka\",\"item\":\"https:\\\/\\\/www.versiegelung24.com\\\/cs\\\/predni\\\/\"},{\"@type\":\"ListItem\",\"position\":2,\"name\":\"Prodejna\",\"item\":\"https:\\\/\\\/www.versiegelung24.com\\\/cs\\\/prodejna\\\/\"},{\"@type\":\"ListItem\",\"position\":3,\"name\":\"5 litr\u016f koncentr\u00e1tu BACOBAN\u00ae pro 500 litr\u016f dlouhodob\u00e9 dezinfekce povrchu\"}]},{\"@type\":\"WebSite\",\"@id\":\"https:\\\/\\\/www.versiegelung24.com\\\/cs\\\/#website\",\"url\":\"https:\\\/\\\/www.versiegelung24.com\\\/cs\\\/\",\"name\":\"versiegelung24.com\",\"description\":\"Fl\u00fcssigglas-Versiegelung - Made in Germany\",\"publisher\":{\"@id\":\"https:\\\/\\\/www.versiegelung24.com\\\/cs\\\/#organization\"},\"potentialAction\":[{\"@type\":\"SearchAction\",\"target\":{\"@type\":\"EntryPoint\",\"urlTemplate\":\"https:\\\/\\\/www.versiegelung24.com\\\/cs\\\/?s={search_term_string}\"},\"query-input\":{\"@type\":\"PropertyValueSpecification\",\"valueRequired\":true,\"valueName\":\"search_term_string\"}}],\"inLanguage\":\"cs\"},{\"@type\":\"Organization\",\"@id\":\"https:\\\/\\\/www.versiegelung24.com\\\/cs\\\/#organization\",\"name\":\"versiegelung24\",\"url\":\"https:\\\/\\\/www.versiegelung24.com\\\/cs\\\/\",\"logo\":{\"@type\":\"ImageObject\",\"inLanguage\":\"cs\",\"@id\":\"https:\\\/\\\/www.versiegelung24.com\\\/cs\\\/#\\\/schema\\\/logo\\\/image\\\/\",\"url\":\"https:\\\/\\\/www.versiegelung24.com\\\/wp-content\\\/uploads\\\/2020\\\/04\\\/versiegelung24.png\",\"contentUrl\":\"https:\\\/\\\/www.versiegelung24.com\\\/wp-content\\\/uploads\\\/2020\\\/04\\\/versiegelung24.png\",\"width\":470,\"height\":102,\"caption\":\"versiegelung24\"},\"image\":{\"@id\":\"https:\\\/\\\/www.versiegelung24.com\\\/cs\\\/#\\\/schema\\\/logo\\\/image\\\/\"}}]}<\/script>\n<meta property=\"product:price:amount\" content=\"399.00\" \/>\n<meta property=\"product:price:currency\" content=\"EUR\" \/>\n<meta property=\"og:availability\" content=\"instock\" \/>\n<meta property=\"product:availability\" content=\"instock\" \/>\n<meta property=\"product:retailer_item_id\" content=\"BACWB5\" \/>\n<meta property=\"product:condition\" content=\"new\" \/>\n<!-- \/ Yoast SEO Premium plugin. -->","yoast_head_json":{"title":"5 litr\u016f koncentr\u00e1tu BACOBAN\u00ae pro 500 litr\u016f dlouhodob\u00e9 dezinfekce povrchu - versiegelung24.com","robots":{"index":"index","follow":"follow","max-snippet":"max-snippet:-1","max-image-preview":"max-image-preview:large","max-video-preview":"max-video-preview:-1"},"canonical":"https:\/\/www.versiegelung24.com\/cs\/bacoban-dlouhodoba-povrchova-dezinfekce-5-000-ml-koncentrat-na-vodni-bazi.html","og_locale":"cs_CZ","og_type":"article","og_title":"5 litr\u016f koncentr\u00e1tu BACOBAN\u00ae pro 500 litr\u016f dlouhodob\u00e9 dezinfekce povrchu","og_description":"Koncentr\u00e1t na 500 litr\u016f dezinfek\u010dn\u00edho prost\u0159edku na vodn\u00ed b\u00e1zi.","og_url":"https:\/\/www.versiegelung24.com\/cs\/bacoban-dlouhodoba-povrchova-dezinfekce-5-000-ml-koncentrat-na-vodni-bazi.html","og_site_name":"versiegelung24.com","article_modified_time":"2025-01-13T15:36:23+00:00","og_image":[{"width":2000,"height":2000,"url":"https:\/\/www.versiegelung24.com\/wp-content\/uploads\/2020\/05\/bacoban-bacwb5-1.png","type":"image\/png"}],"twitter_card":"summary_large_image","twitter_misc":{"Cena":"399,00&euro;","Dostupnost":"Skladem"},"schema":{"@context":"https:\/\/schema.org","@graph":[{"@type":"WebPage","@id":"https:\/\/www.versiegelung24.com\/cs\/bacoban-dlouhodoba-povrchova-dezinfekce-5-000-ml-koncentrat-na-vodni-bazi.html","url":"https:\/\/www.versiegelung24.com\/cs\/bacoban-dlouhodoba-povrchova-dezinfekce-5-000-ml-koncentrat-na-vodni-bazi.html","name":"5 litr\u016f koncentr\u00e1tu BACOBAN\u00ae pro 500 litr\u016f dlouhodob\u00e9 dezinfekce povrchu - versiegelung24.com","isPartOf":{"@id":"https:\/\/www.versiegelung24.com\/cs\/#website"},"primaryImageOfPage":{"@id":"https:\/\/www.versiegelung24.com\/cs\/bacoban-dlouhodoba-povrchova-dezinfekce-5-000-ml-koncentrat-na-vodni-bazi.html#primaryimage"},"image":{"@id":"https:\/\/www.versiegelung24.com\/cs\/bacoban-dlouhodoba-povrchova-dezinfekce-5-000-ml-koncentrat-na-vodni-bazi.html#primaryimage"},"thumbnailUrl":"https:\/\/www.versiegelung24.com\/wp-content\/uploads\/2020\/05\/bacoban-bacwb5-1.png","datePublished":"2021-08-02T19:34:14+00:00","dateModified":"2025-01-13T15:36:23+00:00","breadcrumb":{"@id":"https:\/\/www.versiegelung24.com\/cs\/bacoban-dlouhodoba-povrchova-dezinfekce-5-000-ml-koncentrat-na-vodni-bazi.html#breadcrumb"},"inLanguage":"cs","potentialAction":[{"@type":"ReadAction","target":["https:\/\/www.versiegelung24.com\/cs\/bacoban-dlouhodoba-povrchova-dezinfekce-5-000-ml-koncentrat-na-vodni-bazi.html"]}]},{"@type":"ImageObject","inLanguage":"cs","@id":"https:\/\/www.versiegelung24.com\/cs\/bacoban-dlouhodoba-povrchova-dezinfekce-5-000-ml-koncentrat-na-vodni-bazi.html#primaryimage","url":"https:\/\/www.versiegelung24.com\/wp-content\/uploads\/2020\/05\/bacoban-bacwb5-1.png","contentUrl":"https:\/\/www.versiegelung24.com\/wp-content\/uploads\/2020\/05\/bacoban-bacwb5-1.png","width":2000,"height":2000},{"@type":"BreadcrumbList","@id":"https:\/\/www.versiegelung24.com\/cs\/bacoban-dlouhodoba-povrchova-dezinfekce-5-000-ml-koncentrat-na-vodni-bazi.html#breadcrumb","itemListElement":[{"@type":"ListItem","position":1,"name":"Domovsk\u00e1 str\u00e1nka","item":"https:\/\/www.versiegelung24.com\/cs\/predni\/"},{"@type":"ListItem","position":2,"name":"Prodejna","item":"https:\/\/www.versiegelung24.com\/cs\/prodejna\/"},{"@type":"ListItem","position":3,"name":"5 litr\u016f koncentr\u00e1tu BACOBAN\u00ae pro 500 litr\u016f dlouhodob\u00e9 dezinfekce povrchu"}]},{"@type":"WebSite","@id":"https:\/\/www.versiegelung24.com\/cs\/#website","url":"https:\/\/www.versiegelung24.com\/cs\/","name":"versiegelung24.com","description":"Fl\u00fcssigglas-Versiegelung - Made in Germany","publisher":{"@id":"https:\/\/www.versiegelung24.com\/cs\/#organization"},"potentialAction":[{"@type":"SearchAction","target":{"@type":"EntryPoint","urlTemplate":"https:\/\/www.versiegelung24.com\/cs\/?s={search_term_string}"},"query-input":{"@type":"PropertyValueSpecification","valueRequired":true,"valueName":"search_term_string"}}],"inLanguage":"cs"},{"@type":"Organization","@id":"https:\/\/www.versiegelung24.com\/cs\/#organization","name":"versiegelung24","url":"https:\/\/www.versiegelung24.com\/cs\/","logo":{"@type":"ImageObject","inLanguage":"cs","@id":"https:\/\/www.versiegelung24.com\/cs\/#\/schema\/logo\/image\/","url":"https:\/\/www.versiegelung24.com\/wp-content\/uploads\/2020\/04\/versiegelung24.png","contentUrl":"https:\/\/www.versiegelung24.com\/wp-content\/uploads\/2020\/04\/versiegelung24.png","width":470,"height":102,"caption":"versiegelung24"},"image":{"@id":"https:\/\/www.versiegelung24.com\/cs\/#\/schema\/logo\/image\/"}}]},"product_price_amount":"399.00","product_price_currency":"EUR","og_availability":"instock","product_availability":"instock","product_retailer_item_id":"BACWB5","product_condition":"new"},"_links":{"self":[{"href":"https:\/\/www.versiegelung24.com\/cs\/wp-json\/wp\/v2\/product\/23396","targetHints":{"allow":["GET"]}}],"collection":[{"href":"https:\/\/www.versiegelung24.com\/cs\/wp-json\/wp\/v2\/product"}],"about":[{"href":"https:\/\/www.versiegelung24.com\/cs\/wp-json\/wp\/v2\/types\/product"}],"version-history":[{"count":25,"href":"https:\/\/www.versiegelung24.com\/cs\/wp-json\/wp\/v2\/product\/23396\/revisions"}],"predecessor-version":[{"id":180498,"href":"https:\/\/www.versiegelung24.com\/cs\/wp-json\/wp\/v2\/product\/23396\/revisions\/180498"}],"wp:featuredmedia":[{"embeddable":true,"href":"https:\/\/www.versiegelung24.com\/cs\/wp-json\/wp\/v2\/media\/15379"}],"wp:attachment":[{"href":"https:\/\/www.versiegelung24.com\/cs\/wp-json\/wp\/v2\/media?parent=23396"}],"wp:term":[{"taxonomy":"product_brand","embeddable":true,"href":"https:\/\/www.versiegelung24.com\/cs\/wp-json\/wp\/v2\/product_brand?post=23396"},{"taxonomy":"product_cat","embeddable":true,"href":"https:\/\/www.versiegelung24.com\/cs\/wp-json\/wp\/v2\/product_cat?post=23396"},{"taxonomy":"product_tag","embeddable":true,"href":"https:\/\/www.versiegelung24.com\/cs\/wp-json\/wp\/v2\/product_tag?post=23396"}],"curies":[{"name":"wp","href":"https:\/\/api.w.org\/{rel}","templated":true}]}}