{"id":23458,"date":"2020-04-04T18:53:44","date_gmt":"2021-08-02T19:37:53","guid":{"rendered":"https:\/\/www.versiegelung24.com\/produkt\/lakovani-auta-a-tesneni-rafku-kol"},"modified":"2025-01-03T23:48:33","modified_gmt":"2025-01-03T22:48:33","slug":"tmeleni-laku-a-rafku-automobilu","status":"publish","type":"product","link":"https:\/\/www.versiegelung24.com\/cs\/tesneni-laku-a-rafku-automobilu.html","title":{"rendered":"Autolaku a t\u011bsn\u011bn\u00ed r\u00e1fk\u016f"},"content":{"rendered":"\n<p><strong>*** Nov\u00e1 verze produktu s vylep\u0161en\u00fdm \u00fa\u010dinkem *** <\/strong><\/p>\n\n<p><strong>Vysoce \u00fa\u010dinn\u00e9 profesion\u00e1ln\u00ed ochrann\u00e9 t\u011bsn\u011bn\u00ed na autolaky a hlin\u00edkov\u00e9 r\u00e1fky s lotosov\u00fdm efektem (vodoodpudivost)<\/strong><\/p>\n\n<p>\u010c\u00edslo artiklu: 2003-7656<\/p>\n\n<p>Vysok\u00e1 kvalita Made in Germany.<\/p>\n\n<p>Hladk\u00e9 povrchy z plastu, lakovan\u00e9 povrchy, nerezov\u00e1 ocel a kov maj\u00ed hydrofobn\u00ed a oleofobn\u00ed efekt a \u010d\u00e1stice ne\u010distot jako mastnota, olejov\u00e9 l\u00e1tky, vodn\u00ed k\u00e1men a l\u00e1tky ze zne\u010di\u0161t\u011bn\u00ed \u017eivotn\u00edho prost\u0159ed\u00ed m\u00e9n\u011b p\u0159ilnou nebo je lze z n\u00e1t\u011bru snadno odstranit, tj. bez pou\u017eit\u00ed brusiva (\u201eSnadno se \u010dist\u00ed\u201c)<\/p>\n\n<hr\/>\n\n<h4 class=\"wp-block-heading\" id=\"properties\">Vlastnosti produktu<\/h4>\n\n<div class=\"wp-block-columns is-layout-flex wp-container-core-columns-is-layout-9d6595d7 wp-block-columns-is-layout-flex\">\n<div class=\"wp-block-column is-layout-flow wp-block-column-is-layout-flow\">\n<ul class=\"wp-block-list\">\n<li>Vynikaj\u00edc\u00ed efekt snadn\u00e9ho \u010di\u0161t\u011bn\u00ed pro p\u0159ilnavost ne\u010distot<\/li>\n\n\n\n<li>Chemicky odoln\u00fd v\u016f\u010di \u010disti\u010d\u016fm automobil\u016f (a\u017e do pH 12)<\/li>\n\n\n\n<li>Hydrofobn\u00ed a oleofobn\u00ed efekt (odpudivost vody a oleje)<\/li>\n\n\n\n<li>Velmi vysok\u00e1 odolnost proti od\u011bru d\u00edky nanotechnologii SiO\u00b2<\/li>\n\n\n\n<li>Pta\u010d\u00ed trus, hmyz a dal\u0161\u00ed ne\u010distoty se sn\u00e1ze odstra\u0148uj\u00ed<\/li>\n\n\n\n<li>UV stabiln\u00ed \/ mrazuvzdorn\u00fd \/ odoln\u00fd proti slan\u00e9 vod\u011b \/ neviditeln\u00fd (tlou\u0161\u0165ka vrstvy: 100-150nm)<\/li>\n\n\n\n<li>\u00daspora n\u00e1klad\u016f, \u010dasu a energie d\u00edky prodlou\u017een\u00fdm \u010distic\u00edm cykl\u016fm<\/li>\n<\/ul>\n<\/div>\n\n\n\n<div class=\"wp-block-column is-layout-flow wp-block-column-is-layout-flow\">\n<ul class=\"wp-block-list\">\n<li>Jednoduch\u00e1 aplikace<\/li>\n\n\n\n<li>Prody\u0161n\u00fd<\/li>\n\n\n\n<li>Siln\u00e9 nep\u0159ilnav\u00e9 vlastnosti<\/li>\n\n\n\n<li>Trvanlivost: a\u017e 1 rok (v z\u00e1vislosti na pou\u017eit\u00ed)<\/li>\n<\/ul>\n\n\n\n<p><br\/><br\/><br\/>Spot\u0159eba: Na 1 litr lze ut\u011bsnit a\u017e 200 m\u00b2 Manu\u00e1ln\u00ed: 5-10 ml\/m\u00b2 Pr\u016fmyslov\u00e9: 10-15 ml\/m\u00b2<\/p>\n\n\n\n<p><br\/><br\/>Rozsah dod\u00e1vky: 1 x litrov\u00e1 l\u00e1hev 1 x popis produktu<\/p>\n<\/div>\n<\/div>\n\n<hr\/>\n\n<h4 class=\"wp-block-heading\" id=\"application\">Aplikace<\/h4>\n\n<div class=\"wp-block-columns is-layout-flex wp-container-core-columns-is-layout-9d6595d7 wp-block-columns-is-layout-flex\">\n<div class=\"wp-block-column is-layout-flow wp-block-column-is-layout-flow\">\n<ul class=\"wp-block-list\">\n<li>lak auta<\/li>\n\n\n\n<li>hlin\u00edkov\u00e9 r\u00e1fky<\/li>\n\n\n\n<li>Lakovan\u00e9 r\u00e1fky<\/li>\n\n\n\n<li>Lakovan\u00e9 plastov\u00e9 n\u00e1stavce (n\u00e1razn\u00edky, prahy, spoilery)<\/li>\n\n\n\n<li>Hladk\u00e9 plastov\u00e9 povrchy<\/li>\n\n\n\n<li>nerezov\u00e1 ocel<\/li>\n\n\n\n<li>plexisklo<\/li>\n\n\n\n<li>kovov\u00e9 povrchy<\/li>\n<\/ul>\n\n\n\n<p>Spot\u0159eba z\u00e1vis\u00ed na struktu\u0159e povrchu cca 100-200 m\u00b2 \/ litr.<\/p>\n<\/div>\n\n\n\n<div class=\"wp-block-column is-layout-flow wp-block-column-is-layout-flow\">\n<p>Snadn\u00e1 aplikace: <\/p>\n\n\n\n<p><br\/>1. ru\u010dn\u00ed: Nan\u00e1\u0161en\u00ed krou\u017eiv\u00fdmi pohyby \u010distou pap\u00edrovou, pl\u00e1t\u011bnou nebo mikrovl\u00e1knovou ut\u011brkou. 2. pr\u016fmyslov\u00e9: Lze pou\u017e\u00edt v syst\u00e9mech le\u0161t\u011bn\u00ed i st\u0159\u00edk\u00e1n\u00ed.<\/p>\n\n\n\n<p>Tento povlak SiO2 je pln\u011b zes\u00ed\u0165ovan\u00fd a vytvrzen\u00fd po 24 hodin\u00e1ch. Efekt snadn\u00e9ho \u010di\u0161t\u011bn\u00ed lze poprv\u00e9 vyzkou\u0161et po t\u00e9to f\u00e1zi vytvrzov\u00e1n\u00ed.<\/p>\n<\/div>\n<\/div>\n","protected":false},"excerpt":{"rendered":"<p><strong>Vysoce \u00fa\u010dinn\u00e9 profesion\u00e1ln\u00ed ochrann\u00e9 t\u011bsn\u011bn\u00ed na autolaky a hlin\u00edkov\u00e9 r\u00e1fky:<\/strong><\/p>\n<p>\u2713 s lotosov\u00fdm efektem (vodoodpudivost)<\/p>\n","protected":false},"featured_media":17856,"template":"","meta":{"_acf_changed":false,"neve_meta_sidebar":"","neve_meta_container":"","neve_meta_enable_content_width":"","neve_meta_content_width":0,"neve_meta_title_alignment":"","neve_meta_author_avatar":"","neve_post_elements_order":"","neve_meta_disable_header":"","neve_meta_disable_footer":"","neve_meta_disable_title":"","neve_meta_reading_time":"","_surfaces":[],"_ver_product_tabs":[],"footnotes":""},"product_brand":[],"product_cat":[2223],"product_tag":[],"class_list":{"0":"post-23458","1":"product","2":"type-product","3":"status-publish","4":"has-post-thumbnail","6":"product_cat-tesneni-auta","8":"first","9":"instock","10":"taxable","11":"shipping-taxable","12":"purchasable","13":"product-type-simple"},"acf":[],"yoast_head":"<!-- This site is optimized with the Yoast SEO Premium plugin v22.8 (Yoast SEO v27.5) - https:\/\/yoast.com\/product\/yoast-seo-premium-wordpress\/ -->\n<title>Autolaku a t\u011bsn\u011bn\u00ed r\u00e1fk\u016f - versiegelung24.com<\/title>\n<meta name=\"robots\" content=\"index, follow, max-snippet:-1, max-image-preview:large, max-video-preview:-1\" \/>\n<link rel=\"canonical\" href=\"https:\/\/www.versiegelung24.com\/cs\/tesneni-laku-a-rafku-automobilu.html\" \/>\n<meta property=\"og:locale\" content=\"cs_CZ\" \/>\n<meta property=\"og:type\" content=\"article\" \/>\n<meta property=\"og:title\" content=\"Autolaku a t\u011bsn\u011bn\u00ed r\u00e1fk\u016f\" \/>\n<meta property=\"og:description\" content=\"Vysoce \u00fa\u010dinn\u00e9 profesion\u00e1ln\u00ed ochrann\u00e9 t\u011bsn\u011bn\u00ed na autolaky a hlin\u00edkov\u00e9 r\u00e1fky: \u2713 s lotosov\u00fdm efektem (vodoodpudivost)\" \/>\n<meta property=\"og:url\" content=\"https:\/\/www.versiegelung24.com\/cs\/tesneni-laku-a-rafku-automobilu.html\" \/>\n<meta property=\"og:site_name\" content=\"versiegelung24.com\" \/>\n<meta property=\"article:modified_time\" content=\"2025-01-03T22:48:33+00:00\" \/>\n<meta property=\"og:image\" content=\"https:\/\/www.versiegelung24.com\/wp-content\/uploads\/2020\/06\/produkt-2003-7656-1000-Autolack-Felgenversiegelung-scaled.jpg\" \/>\n\t<meta property=\"og:image:width\" content=\"2560\" \/>\n\t<meta property=\"og:image:height\" content=\"2560\" \/>\n\t<meta property=\"og:image:type\" content=\"image\/jpeg\" \/>\n<meta name=\"twitter:card\" content=\"summary_large_image\" \/>\n<meta name=\"twitter:label1\" content=\"Cena\" \/>\n\t<meta name=\"twitter:data1\" content=\"149,00&euro;\" \/>\n\t<meta name=\"twitter:label2\" content=\"Dostupnost\" \/>\n\t<meta name=\"twitter:data2\" content=\"Skladem\" \/>\n<script type=\"application\/ld+json\" class=\"yoast-schema-graph\">{\"@context\":\"https:\\\/\\\/schema.org\",\"@graph\":[{\"@type\":\"WebPage\",\"@id\":\"https:\\\/\\\/www.versiegelung24.com\\\/cs\\\/tesneni-laku-a-rafku-automobilu.html\",\"url\":\"https:\\\/\\\/www.versiegelung24.com\\\/cs\\\/tesneni-laku-a-rafku-automobilu.html\",\"name\":\"Autolaku a t\u011bsn\u011bn\u00ed r\u00e1fk\u016f - versiegelung24.com\",\"isPartOf\":{\"@id\":\"https:\\\/\\\/www.versiegelung24.com\\\/cs\\\/#website\"},\"primaryImageOfPage\":{\"@id\":\"https:\\\/\\\/www.versiegelung24.com\\\/cs\\\/tesneni-laku-a-rafku-automobilu.html#primaryimage\"},\"image\":{\"@id\":\"https:\\\/\\\/www.versiegelung24.com\\\/cs\\\/tesneni-laku-a-rafku-automobilu.html#primaryimage\"},\"thumbnailUrl\":\"https:\\\/\\\/www.versiegelung24.com\\\/wp-content\\\/uploads\\\/2020\\\/06\\\/produkt-2003-7656-1000-Autolack-Felgenversiegelung-scaled.jpg\",\"datePublished\":\"2021-08-02T19:37:53+00:00\",\"dateModified\":\"2025-01-03T22:48:33+00:00\",\"breadcrumb\":{\"@id\":\"https:\\\/\\\/www.versiegelung24.com\\\/cs\\\/tesneni-laku-a-rafku-automobilu.html#breadcrumb\"},\"inLanguage\":\"cs\",\"potentialAction\":[{\"@type\":\"ReadAction\",\"target\":[\"https:\\\/\\\/www.versiegelung24.com\\\/cs\\\/tesneni-laku-a-rafku-automobilu.html\"]}]},{\"@type\":\"ImageObject\",\"inLanguage\":\"cs\",\"@id\":\"https:\\\/\\\/www.versiegelung24.com\\\/cs\\\/tesneni-laku-a-rafku-automobilu.html#primaryimage\",\"url\":\"https:\\\/\\\/www.versiegelung24.com\\\/wp-content\\\/uploads\\\/2020\\\/06\\\/produkt-2003-7656-1000-Autolack-Felgenversiegelung-scaled.jpg\",\"contentUrl\":\"https:\\\/\\\/www.versiegelung24.com\\\/wp-content\\\/uploads\\\/2020\\\/06\\\/produkt-2003-7656-1000-Autolack-Felgenversiegelung-scaled.jpg\",\"width\":2560,\"height\":2560},{\"@type\":\"BreadcrumbList\",\"@id\":\"https:\\\/\\\/www.versiegelung24.com\\\/cs\\\/tesneni-laku-a-rafku-automobilu.html#breadcrumb\",\"itemListElement\":[{\"@type\":\"ListItem\",\"position\":1,\"name\":\"Domovsk\u00e1 str\u00e1nka\",\"item\":\"https:\\\/\\\/www.versiegelung24.com\\\/cs\\\/predni\\\/\"},{\"@type\":\"ListItem\",\"position\":2,\"name\":\"Prodejna\",\"item\":\"https:\\\/\\\/www.versiegelung24.com\\\/cs\\\/prodejna\\\/\"},{\"@type\":\"ListItem\",\"position\":3,\"name\":\"Autolaku a t\u011bsn\u011bn\u00ed r\u00e1fk\u016f\"}]},{\"@type\":\"WebSite\",\"@id\":\"https:\\\/\\\/www.versiegelung24.com\\\/cs\\\/#website\",\"url\":\"https:\\\/\\\/www.versiegelung24.com\\\/cs\\\/\",\"name\":\"versiegelung24.com\",\"description\":\"Fl\u00fcssigglas-Versiegelung - Made in Germany\",\"publisher\":{\"@id\":\"https:\\\/\\\/www.versiegelung24.com\\\/cs\\\/#organization\"},\"potentialAction\":[{\"@type\":\"SearchAction\",\"target\":{\"@type\":\"EntryPoint\",\"urlTemplate\":\"https:\\\/\\\/www.versiegelung24.com\\\/cs\\\/?s={search_term_string}\"},\"query-input\":{\"@type\":\"PropertyValueSpecification\",\"valueRequired\":true,\"valueName\":\"search_term_string\"}}],\"inLanguage\":\"cs\"},{\"@type\":\"Organization\",\"@id\":\"https:\\\/\\\/www.versiegelung24.com\\\/cs\\\/#organization\",\"name\":\"versiegelung24\",\"url\":\"https:\\\/\\\/www.versiegelung24.com\\\/cs\\\/\",\"logo\":{\"@type\":\"ImageObject\",\"inLanguage\":\"cs\",\"@id\":\"https:\\\/\\\/www.versiegelung24.com\\\/cs\\\/#\\\/schema\\\/logo\\\/image\\\/\",\"url\":\"https:\\\/\\\/www.versiegelung24.com\\\/wp-content\\\/uploads\\\/2020\\\/04\\\/versiegelung24.png\",\"contentUrl\":\"https:\\\/\\\/www.versiegelung24.com\\\/wp-content\\\/uploads\\\/2020\\\/04\\\/versiegelung24.png\",\"width\":470,\"height\":102,\"caption\":\"versiegelung24\"},\"image\":{\"@id\":\"https:\\\/\\\/www.versiegelung24.com\\\/cs\\\/#\\\/schema\\\/logo\\\/image\\\/\"}}]}<\/script>\n<meta property=\"product:price:amount\" content=\"149.00\" \/>\n<meta property=\"product:price:currency\" content=\"EUR\" \/>\n<meta property=\"og:availability\" content=\"instock\" \/>\n<meta property=\"product:availability\" content=\"instock\" \/>\n<meta property=\"product:retailer_item_id\" content=\"2003-7656-1000\" \/>\n<meta property=\"product:condition\" content=\"new\" \/>\n<!-- \/ Yoast SEO Premium plugin. -->","yoast_head_json":{"title":"Autolaku a t\u011bsn\u011bn\u00ed r\u00e1fk\u016f - versiegelung24.com","robots":{"index":"index","follow":"follow","max-snippet":"max-snippet:-1","max-image-preview":"max-image-preview:large","max-video-preview":"max-video-preview:-1"},"canonical":"https:\/\/www.versiegelung24.com\/cs\/tesneni-laku-a-rafku-automobilu.html","og_locale":"cs_CZ","og_type":"article","og_title":"Autolaku a t\u011bsn\u011bn\u00ed r\u00e1fk\u016f","og_description":"Vysoce \u00fa\u010dinn\u00e9 profesion\u00e1ln\u00ed ochrann\u00e9 t\u011bsn\u011bn\u00ed na autolaky a hlin\u00edkov\u00e9 r\u00e1fky: \u2713 s lotosov\u00fdm efektem (vodoodpudivost)","og_url":"https:\/\/www.versiegelung24.com\/cs\/tesneni-laku-a-rafku-automobilu.html","og_site_name":"versiegelung24.com","article_modified_time":"2025-01-03T22:48:33+00:00","og_image":[{"width":2560,"height":2560,"url":"https:\/\/www.versiegelung24.com\/wp-content\/uploads\/2020\/06\/produkt-2003-7656-1000-Autolack-Felgenversiegelung-scaled.jpg","type":"image\/jpeg"}],"twitter_card":"summary_large_image","twitter_misc":{"Cena":"149,00&euro;","Dostupnost":"Skladem"},"schema":{"@context":"https:\/\/schema.org","@graph":[{"@type":"WebPage","@id":"https:\/\/www.versiegelung24.com\/cs\/tesneni-laku-a-rafku-automobilu.html","url":"https:\/\/www.versiegelung24.com\/cs\/tesneni-laku-a-rafku-automobilu.html","name":"Autolaku a t\u011bsn\u011bn\u00ed r\u00e1fk\u016f - versiegelung24.com","isPartOf":{"@id":"https:\/\/www.versiegelung24.com\/cs\/#website"},"primaryImageOfPage":{"@id":"https:\/\/www.versiegelung24.com\/cs\/tesneni-laku-a-rafku-automobilu.html#primaryimage"},"image":{"@id":"https:\/\/www.versiegelung24.com\/cs\/tesneni-laku-a-rafku-automobilu.html#primaryimage"},"thumbnailUrl":"https:\/\/www.versiegelung24.com\/wp-content\/uploads\/2020\/06\/produkt-2003-7656-1000-Autolack-Felgenversiegelung-scaled.jpg","datePublished":"2021-08-02T19:37:53+00:00","dateModified":"2025-01-03T22:48:33+00:00","breadcrumb":{"@id":"https:\/\/www.versiegelung24.com\/cs\/tesneni-laku-a-rafku-automobilu.html#breadcrumb"},"inLanguage":"cs","potentialAction":[{"@type":"ReadAction","target":["https:\/\/www.versiegelung24.com\/cs\/tesneni-laku-a-rafku-automobilu.html"]}]},{"@type":"ImageObject","inLanguage":"cs","@id":"https:\/\/www.versiegelung24.com\/cs\/tesneni-laku-a-rafku-automobilu.html#primaryimage","url":"https:\/\/www.versiegelung24.com\/wp-content\/uploads\/2020\/06\/produkt-2003-7656-1000-Autolack-Felgenversiegelung-scaled.jpg","contentUrl":"https:\/\/www.versiegelung24.com\/wp-content\/uploads\/2020\/06\/produkt-2003-7656-1000-Autolack-Felgenversiegelung-scaled.jpg","width":2560,"height":2560},{"@type":"BreadcrumbList","@id":"https:\/\/www.versiegelung24.com\/cs\/tesneni-laku-a-rafku-automobilu.html#breadcrumb","itemListElement":[{"@type":"ListItem","position":1,"name":"Domovsk\u00e1 str\u00e1nka","item":"https:\/\/www.versiegelung24.com\/cs\/predni\/"},{"@type":"ListItem","position":2,"name":"Prodejna","item":"https:\/\/www.versiegelung24.com\/cs\/prodejna\/"},{"@type":"ListItem","position":3,"name":"Autolaku a t\u011bsn\u011bn\u00ed r\u00e1fk\u016f"}]},{"@type":"WebSite","@id":"https:\/\/www.versiegelung24.com\/cs\/#website","url":"https:\/\/www.versiegelung24.com\/cs\/","name":"versiegelung24.com","description":"Fl\u00fcssigglas-Versiegelung - Made in Germany","publisher":{"@id":"https:\/\/www.versiegelung24.com\/cs\/#organization"},"potentialAction":[{"@type":"SearchAction","target":{"@type":"EntryPoint","urlTemplate":"https:\/\/www.versiegelung24.com\/cs\/?s={search_term_string}"},"query-input":{"@type":"PropertyValueSpecification","valueRequired":true,"valueName":"search_term_string"}}],"inLanguage":"cs"},{"@type":"Organization","@id":"https:\/\/www.versiegelung24.com\/cs\/#organization","name":"versiegelung24","url":"https:\/\/www.versiegelung24.com\/cs\/","logo":{"@type":"ImageObject","inLanguage":"cs","@id":"https:\/\/www.versiegelung24.com\/cs\/#\/schema\/logo\/image\/","url":"https:\/\/www.versiegelung24.com\/wp-content\/uploads\/2020\/04\/versiegelung24.png","contentUrl":"https:\/\/www.versiegelung24.com\/wp-content\/uploads\/2020\/04\/versiegelung24.png","width":470,"height":102,"caption":"versiegelung24"},"image":{"@id":"https:\/\/www.versiegelung24.com\/cs\/#\/schema\/logo\/image\/"}}]},"product_price_amount":"149.00","product_price_currency":"EUR","og_availability":"instock","product_availability":"instock","product_retailer_item_id":"2003-7656-1000","product_condition":"new"},"_links":{"self":[{"href":"https:\/\/www.versiegelung24.com\/cs\/wp-json\/wp\/v2\/product\/23458","targetHints":{"allow":["GET"]}}],"collection":[{"href":"https:\/\/www.versiegelung24.com\/cs\/wp-json\/wp\/v2\/product"}],"about":[{"href":"https:\/\/www.versiegelung24.com\/cs\/wp-json\/wp\/v2\/types\/product"}],"version-history":[{"count":15,"href":"https:\/\/www.versiegelung24.com\/cs\/wp-json\/wp\/v2\/product\/23458\/revisions"}],"predecessor-version":[{"id":177647,"href":"https:\/\/www.versiegelung24.com\/cs\/wp-json\/wp\/v2\/product\/23458\/revisions\/177647"}],"wp:featuredmedia":[{"embeddable":true,"href":"https:\/\/www.versiegelung24.com\/cs\/wp-json\/wp\/v2\/media\/17856"}],"wp:attachment":[{"href":"https:\/\/www.versiegelung24.com\/cs\/wp-json\/wp\/v2\/media?parent=23458"}],"wp:term":[{"taxonomy":"product_brand","embeddable":true,"href":"https:\/\/www.versiegelung24.com\/cs\/wp-json\/wp\/v2\/product_brand?post=23458"},{"taxonomy":"product_cat","embeddable":true,"href":"https:\/\/www.versiegelung24.com\/cs\/wp-json\/wp\/v2\/product_cat?post=23458"},{"taxonomy":"product_tag","embeddable":true,"href":"https:\/\/www.versiegelung24.com\/cs\/wp-json\/wp\/v2\/product_tag?post=23458"}],"curies":[{"name":"wp","href":"https:\/\/api.w.org\/{rel}","templated":true}]}}