{"id":23616,"date":"2020-04-04T18:53:41","date_gmt":"2020-04-04T16:53:41","guid":{"rendered":"https:\/\/www.versiegelung24.com\/produkt\/bioethanol-966-pro-profesionalni-predcisteni"},"modified":"2025-01-13T16:59:50","modified_gmt":"2025-01-13T15:59:50","slug":"bioethanol-966-pro-profesionalni-predcisteni","status":"publish","type":"product","link":"https:\/\/www.versiegelung24.com\/cs\/bioethanol-966-pro-profesionalni-predcisteni.html","title":{"rendered":"Bioethanol 96,6% pro profesion\u00e1ln\u00ed p\u0159ed\u010di\u0161t\u011bn\u00ed"},"content":{"rendered":"\n<h4 class=\"wp-block-heading\" id=\"h-beschreibung\">Popis<\/h4>\n\n<p>Technick\u00e1 kvalita bioetanol 96,6% vhodn\u00fd pro d\u016fkladn\u00e9 p\u0159ed\u010di\u0161t\u011bn\u00ed a odma\u0161t\u011bn\u00ed nesav\u00fdch povrch\u016f. <\/p>\n\n<p>Lze velmi dob\u0159e pou\u017e\u00edt v kombinaci s na\u0161\u00edm biologick\u00fdm <a href=\"https:\/\/www.versiegelung24.com\/cs\/biosativa-biologicky-predcistic.html\">bezezbytkov\u00fdm p\u0159ed\u010distidlem BIOSATIVA<\/a> \u00ae k p\u0159\u00edprav\u011b nap\u0159. skla, keramiky, lakovan\u00fdch povrch\u016f pro aplikaci na\u0161ich povrchov\u00fdch t\u011bsn\u011bn\u00ed.<\/p>\n\n<hr \/>\n\n<h4 class=\"wp-block-heading\" id=\"properties\">Vlastnosti produktu<\/h4>\n\n<p>\u2713 Bioetanol vyroben\u00fd ze 100% kuku\u0159ice a cukrov\u00e9 \u0159epy<\/p>\n\n<p>\u2713 Region\u00e1ln\u00ed produkce s p\u0159\u00edsadami z Evropy<\/p>\n\n<p>\u2713 V\u00fdroba podle p\u0159\u00edsn\u00fdch evropsk\u00fdch sm\u011brnic<\/p>\n\n<p>\u2713 Zabezpe\u010den\u00ed a kvalita d\u00edky vysok\u00fdm standard\u016fm<\/p>\n\n<p>Vysok\u00e1 \u010distota, 1 % MEK, 1 % isopropanol a Bitrex pln\u011b denaturovan\u00fd bioetanol 96,6 % (etylenalkohol) z udr\u017eiteln\u00e9 v\u00fdroby (biomasa).<\/p>\n\n<hr \/>\n\n<h4 class=\"wp-block-heading\" id=\"application\">Aplikace<\/h4>\n\n<p>Pro \u010di\u0161t\u011bn\u00ed hladk\u00fdch, nesav\u00fdch povrch\u016f doporu\u010dujeme \u010di\u0161t\u011bn\u00ed ve dvou kroc\u00edch:<\/p>\n\n<p>1. Intenzivn\u00ed p\u0159ed\u010di\u0161t\u011bn\u00ed povrchu b\u011b\u017en\u00fdm \u010disti\u010dem beze zbytk\u016f nebo na\u0161\u00edm biologick\u00fdm \u010distic\u00edm <a href=\"https:\/\/www.versiegelung24.com\/cs\/biosativa-biologicky-predcistic.html\">koncentr\u00e1tem BIOSATIVA<\/a> <a href=\"https:\/\/www.versiegelung24.com\/biosativa-biologischer-vorreiniger.html\">\u00ae<\/a><\/p>\n\n<p>2. Po dokon\u010den\u00ed procesu \u010di\u0161t\u011bn\u00ed povrch znovu o\u010dist\u011bte bioetanolem 96,6%, aby byly odstran\u011bny v\u0161echny ne\u010distoty a povrch byl zcela zbaven mastnoty. Tento postup opakujte, dokud na ut\u011brce z mikrovl\u00e1kna nez\u016fstanou \u017e\u00e1dn\u00e9 zbytky ne\u010distot.<\/p>\n\n<p>Po kr\u00e1tk\u00e9 dob\u011b odpa\u0159en\u00ed p\u0159\u00edpadn\u00fdch zbytk\u016f alkoholu na povrchu m\u016f\u017ee za\u010d\u00edt nan\u00e1\u0161en\u00ed na\u0161ich nano-n\u00e1t\u011br\u016f a impregnac\u00ed.<\/p>\n\n<p><em>V z\u00e1sad\u011b by se p\u0159i ka\u017ed\u00e9m \u010di\u0161t\u011bn\u00ed a ut\u011bsn\u011bn\u00ed povrchu m\u011bla v\u017edy prov\u00e9st zkou\u0161ka na nen\u00e1padn\u00e9 plo\u0161e, aby se zjistila kompatibilita povrchu s pou\u017eit\u00fdmi prost\u0159edky.<\/em><\/p>\n\n<hr \/>\n\n<h4 class=\"wp-block-heading\" id=\"advisor\">Poradce<\/h4>\n\n<p><strong>Bio-Ethanol 96,6% &#8211; ide\u00e1ln\u00ed pro stoln\u00ed krby<\/strong><\/p>\n\n<p>Jak rozd\u00edln\u00fd je n\u00e1\u0161 vkus, krby na etanol se staly nepostradateln\u00fdmi v mnoha dom\u00e1cnostech. 1litrov\u00e9 l\u00e1hve jsou ide\u00e1ln\u00ed pro p\u0159\u00edle\u017eitostn\u00e9 u\u017eivatele nebo pro za\u010d\u00e1te\u010dn\u00edky, kte\u0159\u00ed se cht\u011bj\u00ed sezn\u00e1mit se sv\u00fdm krbem na etanol nebo na\u0161\u00edm tekut\u00fdm bioetanolov\u00fdm palivem.<\/p>\n\n<p><strong>Jak dlouho vydr\u017e\u00ed 1 litr bioetanolu?<\/strong><\/p>\n\n<p>Pr\u016fm\u011brn\u00e1 doba ho\u0159en\u00ed 1 litru 96,6% bioetanolu je kolem 2 a\u017e 3 hodin. To se ale p\u0159esn\u011b \u0159\u00edct ned\u00e1, proto\u017ee doba ho\u0159en\u00ed z\u00e1vis\u00ed na plo\u0161e, na kter\u00e9 kapalina ho\u0159\u00ed. \u010c\u00edm v\u011bt\u0161\u00ed plocha, t\u00edm rychleji pr\u00e9miov\u00fd bioetanol ho\u0159\u00ed.<\/p>\n\n<hr \/>\n\n<h4 class=\"wp-block-heading\" id=\"faq\">\u010cASTO KLADEN\u00c9 DOTAZY<\/h4>\n\n<div class=\"schema-faq wp-block-yoast-faq-block\"><div class=\"schema-faq-section\" id=\"faq-question-1645793617330\"><strong class=\"schema-faq-question\">Je bioetanol schv\u00e1len pro l\u00e9ka\u0159sk\u00fd sektor?<\/strong> <p class=\"schema-faq-answer\">Ne! Pokud sh\u00e1n\u00edte povrchovou dezinfekci, v\u00edce informac\u00ed naleznete zde: <a href=\"https:\/\/www.versiegelung24.com\/desinfektionsmittel\/\">P\u0159ehled dezinfek\u010dn\u00edch prost\u0159edk\u016f<\/a><\/p> <\/div> <div class=\"schema-faq-section\" id=\"faq-question-1645793819353\"><strong class=\"schema-faq-question\">Jak nebezpe\u010dn\u00fd je bioetanol?<\/strong> <p class=\"schema-faq-answer\">P\u0159i spalov\u00e1n\u00ed vznik\u00e1 vodn\u00ed p\u00e1ra (H2O) a oxid uhli\u010dit\u00fd (CO2), stejn\u011b jako p\u0159i d\u00fdch\u00e1n\u00ed. Bioetanol 96,6 % ho\u0159\u00ed bez z\u00e1pachu a beze zbytk\u016f. P\u0159i pou\u017eit\u00ed v krbech je t\u0159eba v\u017edy dodr\u017eovat p\u0159esn\u00e1 upozorn\u011bn\u00ed na nebezpe\u010d\u00ed!<br>Bioetanol 96,6% je vysoce ho\u0159lav\u00fd. P\u0159i pou\u017eit\u00ed jako \u010disti\u010d vznikaj\u00ed snadno ho\u0159lav\u00e9 plyny. <br><\/p> <\/div> <div class=\"schema-faq-section\" id=\"faq-question-1645794918526\"><strong class=\"schema-faq-question\">M\u016f\u017ee bioetanol (pou\u017e\u00edvan\u00fd jako \u010disti\u010d) napadat povrchy?<\/strong> <p class=\"schema-faq-answer\">Zde je t\u0159eba d\u00e1vat pozor p\u0159edev\u0161\u00edm na plasty. M\u011bkk\u00e9 plasty, jako jsou t\u011bsn\u011bn\u00ed a hadice, mohou reagovat s plastifik\u00e1tory a po\u0161kodit povrchy nebo materi\u00e1ly.<br><br>V z\u00e1sad\u011b by se p\u0159i \u010di\u0161t\u011bn\u00ed povrchu m\u011bl v\u017edy nejprve prov\u00e9st test na nen\u00e1padn\u00e9m m\u00edst\u011b.<\/p> <\/div> <\/div>\n","protected":false},"excerpt":{"rendered":"<p>\u2713 Bioetanol vyroben\u00fd ze 100% kuku\u0159ice a cukrov\u00e9 \u0159epy<\/p>\n<p>\u2713 Region\u00e1ln\u00ed produkce s p\u0159\u00edsadami z Evropy<\/p>\n<p>\u2713 V\u00fdroba podle p\u0159\u00edsn\u00fdch evropsk\u00fdch sm\u011brnic<\/p>\n<p>\u2713 Zabezpe\u010den\u00ed a kvalita d\u00edky vysok\u00fdm standard\u016fm<\/p>\n","protected":false},"featured_media":65146,"template":"","meta":{"_acf_changed":false,"neve_meta_sidebar":"","neve_meta_container":"","neve_meta_enable_content_width":"","neve_meta_content_width":0,"neve_meta_title_alignment":"","neve_meta_author_avatar":"","neve_post_elements_order":"","neve_meta_disable_header":"","neve_meta_disable_footer":"","neve_meta_disable_title":"","neve_meta_reading_time":"","_surfaces":[],"_ver_product_tabs":[],"footnotes":""},"product_brand":[],"product_cat":[2309,2316,2605,2223,2257],"product_tag":[],"class_list":{"0":"post-23616","1":"product","2":"type-product","3":"status-publish","4":"has-post-thumbnail","6":"product_cat-kovove-a-plastove-tesneni","7":"product_cat-cistici-prostredky","8":"product_cat-bioethanol-cs","9":"product_cat-tesneni-auta","10":"product_cat-tesneni-na-sklo-a-keramiku","12":"first","13":"instock","14":"taxable","15":"shipping-taxable","16":"purchasable","17":"product-type-simple"},"acf":[],"yoast_head":"<!-- This site is optimized with the Yoast SEO Premium plugin v22.8 (Yoast SEO v27.5) - https:\/\/yoast.com\/product\/yoast-seo-premium-wordpress\/ -->\n<title>Bioethanol 96,6% pro profesion\u00e1ln\u00ed p\u0159ed\u010di\u0161t\u011bn\u00ed - versiegelung24.com<\/title>\n<meta name=\"robots\" content=\"index, follow, max-snippet:-1, max-image-preview:large, max-video-preview:-1\" \/>\n<link rel=\"canonical\" href=\"https:\/\/www.versiegelung24.com\/cs\/bioethanol-966-pro-profesionalni-predcisteni.html\" \/>\n<meta property=\"og:locale\" content=\"cs_CZ\" \/>\n<meta property=\"og:type\" content=\"article\" \/>\n<meta property=\"og:title\" content=\"Bioethanol 96,6% pro profesion\u00e1ln\u00ed p\u0159ed\u010di\u0161t\u011bn\u00ed\" \/>\n<meta property=\"og:description\" content=\"\u2713 Bioetanol vyroben\u00fd ze 100% kuku\u0159ice a cukrov\u00e9 \u0159epy \u2713 Region\u00e1ln\u00ed produkce s p\u0159\u00edsadami z Evropy \u2713 V\u00fdroba podle p\u0159\u00edsn\u00fdch evropsk\u00fdch sm\u011brnic \u2713 Zabezpe\u010den\u00ed a kvalita d\u00edky vysok\u00fdm standard\u016fm\" \/>\n<meta property=\"og:url\" content=\"https:\/\/www.versiegelung24.com\/cs\/bioethanol-966-pro-profesionalni-predcisteni.html\" \/>\n<meta property=\"og:site_name\" content=\"versiegelung24.com\" \/>\n<meta property=\"article:modified_time\" content=\"2025-01-13T15:59:50+00:00\" \/>\n<meta property=\"og:image\" content=\"https:\/\/www.versiegelung24.com\/wp-content\/uploads\/2020\/04\/produkt_9100-950-1000-bioethanol-flasche.jpeg\" \/>\n\t<meta property=\"og:image:width\" content=\"2560\" \/>\n\t<meta property=\"og:image:height\" content=\"2560\" \/>\n\t<meta property=\"og:image:type\" content=\"image\/jpeg\" \/>\n<meta name=\"twitter:card\" content=\"summary_large_image\" \/>\n<meta name=\"twitter:label1\" content=\"Cena\" \/>\n\t<meta name=\"twitter:data1\" content=\"9,99&euro;\" \/>\n\t<meta name=\"twitter:label2\" content=\"Dostupnost\" \/>\n\t<meta name=\"twitter:data2\" content=\"Skladem\" \/>\n<script type=\"application\/ld+json\" class=\"yoast-schema-graph\">{\"@context\":\"https:\\\/\\\/schema.org\",\"@graph\":[{\"@type\":[\"WebPage\",\"FAQPage\"],\"@id\":\"https:\\\/\\\/www.versiegelung24.com\\\/cs\\\/bioethanol-966-pro-profesionalni-predcisteni.html\",\"url\":\"https:\\\/\\\/www.versiegelung24.com\\\/cs\\\/bioethanol-966-pro-profesionalni-predcisteni.html\",\"name\":\"Bioethanol 96,6% pro profesion\u00e1ln\u00ed p\u0159ed\u010di\u0161t\u011bn\u00ed - versiegelung24.com\",\"isPartOf\":{\"@id\":\"https:\\\/\\\/www.versiegelung24.com\\\/cs\\\/#website\"},\"primaryImageOfPage\":{\"@id\":\"https:\\\/\\\/www.versiegelung24.com\\\/cs\\\/bioethanol-966-pro-profesionalni-predcisteni.html#primaryimage\"},\"image\":{\"@id\":\"https:\\\/\\\/www.versiegelung24.com\\\/cs\\\/bioethanol-966-pro-profesionalni-predcisteni.html#primaryimage\"},\"thumbnailUrl\":\"https:\\\/\\\/www.versiegelung24.com\\\/wp-content\\\/uploads\\\/2020\\\/04\\\/produkt_9100-950-1000-bioethanol-flasche.jpeg\",\"datePublished\":\"2020-04-04T16:53:41+00:00\",\"dateModified\":\"2025-01-13T15:59:50+00:00\",\"breadcrumb\":{\"@id\":\"https:\\\/\\\/www.versiegelung24.com\\\/cs\\\/bioethanol-966-pro-profesionalni-predcisteni.html#breadcrumb\"},\"mainEntity\":[{\"@id\":\"https:\\\/\\\/www.versiegelung24.com\\\/cs\\\/bioethanol-966-pro-profesionalni-predcisteni.html#faq-question-1645793617330\"},{\"@id\":\"https:\\\/\\\/www.versiegelung24.com\\\/cs\\\/bioethanol-966-pro-profesionalni-predcisteni.html#faq-question-1645793819353\"},{\"@id\":\"https:\\\/\\\/www.versiegelung24.com\\\/cs\\\/bioethanol-966-pro-profesionalni-predcisteni.html#faq-question-1645794918526\"}],\"inLanguage\":\"cs\",\"potentialAction\":[{\"@type\":\"ReadAction\",\"target\":[\"https:\\\/\\\/www.versiegelung24.com\\\/cs\\\/bioethanol-966-pro-profesionalni-predcisteni.html\"]}]},{\"@type\":\"ImageObject\",\"inLanguage\":\"cs\",\"@id\":\"https:\\\/\\\/www.versiegelung24.com\\\/cs\\\/bioethanol-966-pro-profesionalni-predcisteni.html#primaryimage\",\"url\":\"https:\\\/\\\/www.versiegelung24.com\\\/wp-content\\\/uploads\\\/2020\\\/04\\\/produkt_9100-950-1000-bioethanol-flasche.jpeg\",\"contentUrl\":\"https:\\\/\\\/www.versiegelung24.com\\\/wp-content\\\/uploads\\\/2020\\\/04\\\/produkt_9100-950-1000-bioethanol-flasche.jpeg\",\"width\":2560,\"height\":2560},{\"@type\":\"BreadcrumbList\",\"@id\":\"https:\\\/\\\/www.versiegelung24.com\\\/cs\\\/bioethanol-966-pro-profesionalni-predcisteni.html#breadcrumb\",\"itemListElement\":[{\"@type\":\"ListItem\",\"position\":1,\"name\":\"Domovsk\u00e1 str\u00e1nka\",\"item\":\"https:\\\/\\\/www.versiegelung24.com\\\/cs\\\/predni\\\/\"},{\"@type\":\"ListItem\",\"position\":2,\"name\":\"Prodejna\",\"item\":\"https:\\\/\\\/www.versiegelung24.com\\\/cs\\\/prodejna\\\/\"},{\"@type\":\"ListItem\",\"position\":3,\"name\":\"Bioethanol 96,6% pro profesion\u00e1ln\u00ed p\u0159ed\u010di\u0161t\u011bn\u00ed\"}]},{\"@type\":\"WebSite\",\"@id\":\"https:\\\/\\\/www.versiegelung24.com\\\/cs\\\/#website\",\"url\":\"https:\\\/\\\/www.versiegelung24.com\\\/cs\\\/\",\"name\":\"versiegelung24.com\",\"description\":\"Fl\u00fcssigglas-Versiegelung - Made in Germany\",\"publisher\":{\"@id\":\"https:\\\/\\\/www.versiegelung24.com\\\/cs\\\/#organization\"},\"potentialAction\":[{\"@type\":\"SearchAction\",\"target\":{\"@type\":\"EntryPoint\",\"urlTemplate\":\"https:\\\/\\\/www.versiegelung24.com\\\/cs\\\/?s={search_term_string}\"},\"query-input\":{\"@type\":\"PropertyValueSpecification\",\"valueRequired\":true,\"valueName\":\"search_term_string\"}}],\"inLanguage\":\"cs\"},{\"@type\":\"Organization\",\"@id\":\"https:\\\/\\\/www.versiegelung24.com\\\/cs\\\/#organization\",\"name\":\"versiegelung24\",\"url\":\"https:\\\/\\\/www.versiegelung24.com\\\/cs\\\/\",\"logo\":{\"@type\":\"ImageObject\",\"inLanguage\":\"cs\",\"@id\":\"https:\\\/\\\/www.versiegelung24.com\\\/cs\\\/#\\\/schema\\\/logo\\\/image\\\/\",\"url\":\"https:\\\/\\\/www.versiegelung24.com\\\/wp-content\\\/uploads\\\/2020\\\/04\\\/versiegelung24.png\",\"contentUrl\":\"https:\\\/\\\/www.versiegelung24.com\\\/wp-content\\\/uploads\\\/2020\\\/04\\\/versiegelung24.png\",\"width\":470,\"height\":102,\"caption\":\"versiegelung24\"},\"image\":{\"@id\":\"https:\\\/\\\/www.versiegelung24.com\\\/cs\\\/#\\\/schema\\\/logo\\\/image\\\/\"}},{\"@type\":\"Question\",\"@id\":\"https:\\\/\\\/www.versiegelung24.com\\\/cs\\\/bioethanol-966-pro-profesionalni-predcisteni.html#faq-question-1645793617330\",\"position\":1,\"url\":\"https:\\\/\\\/www.versiegelung24.com\\\/cs\\\/bioethanol-966-pro-profesionalni-predcisteni.html#faq-question-1645793617330\",\"name\":\"Ist Bioethanol f\u00fcr den medizinischen Bereich zugelassen?\",\"answerCount\":1,\"acceptedAnswer\":{\"@type\":\"Answer\",\"text\":\"Nein! Wenn Sie ein Fl\u00e4chendesinfektionsmittel suchen, finden Sie weitere Informationen hier: <a href=\\\"https:\\\/\\\/www.versiegelung24.com\\\/desinfektionsmittel\\\/\\\">\u00dcbersicht Desinfektionsmittel<\\\/a>\",\"inLanguage\":\"cs\"},\"inLanguage\":\"cs\"},{\"@type\":\"Question\",\"@id\":\"https:\\\/\\\/www.versiegelung24.com\\\/cs\\\/bioethanol-966-pro-profesionalni-predcisteni.html#faq-question-1645793819353\",\"position\":2,\"url\":\"https:\\\/\\\/www.versiegelung24.com\\\/cs\\\/bioethanol-966-pro-profesionalni-predcisteni.html#faq-question-1645793819353\",\"name\":\"Wie gef\u00e4hrlich ist Bioethanol?\",\"answerCount\":1,\"acceptedAnswer\":{\"@type\":\"Answer\",\"text\":\"Bei der Verbrennung entstehen genau wie bei unserer Atmung Wasserdampf (H2O) und Kohlendioxid (CO2). Bioethanol 96,6% verbrennt geruchs- und r\u00fcckstandsfrei. Bei Nutzung in Feuerstellen sind stets die genauen Gefahrenhinweise zu beachten!<br \\\/>Bioethanol 96,6% ist leicht entz\u00fcndlich. Bei der Nutzung als Reiniger entstehen leicht brennbare Gase. <br \\\/>\",\"inLanguage\":\"cs\"},\"inLanguage\":\"cs\"},{\"@type\":\"Question\",\"@id\":\"https:\\\/\\\/www.versiegelung24.com\\\/cs\\\/bioethanol-966-pro-profesionalni-predcisteni.html#faq-question-1645794918526\",\"position\":3,\"url\":\"https:\\\/\\\/www.versiegelung24.com\\\/cs\\\/bioethanol-966-pro-profesionalni-predcisteni.html#faq-question-1645794918526\",\"name\":\"Kann Bioethanol (als Reiniger eingesetzt) Oberfl\u00e4chen angreifen?\",\"answerCount\":1,\"acceptedAnswer\":{\"@type\":\"Answer\",\"text\":\"Besonders bei Kunststoffen ist hier mit Achtsamkeit vor zu gehen. Weiche Kunststoffe wie z.B. bei Dichtungen und Schl\u00e4uchen kann dieser mit den Weichmachern reagieren und Oberfl\u00e4chen bzw. Materialien sch\u00e4digen.<br \\\/><br \\\/>Grunds\u00e4tzlich sollte bei der Oberfl\u00e4chenreinigung immer erst ein Test an unauff\u00e4lliger Stelle durchgef\u00fchrt werden.\",\"inLanguage\":\"cs\"},\"inLanguage\":\"cs\"}]}<\/script>\n<meta property=\"product:price:amount\" content=\"9.99\" \/>\n<meta property=\"product:price:currency\" content=\"EUR\" \/>\n<meta property=\"og:availability\" content=\"instock\" \/>\n<meta property=\"product:availability\" content=\"instock\" \/>\n<meta property=\"product:retailer_item_id\" content=\"9100-BE96-1\" \/>\n<meta property=\"product:condition\" content=\"new\" \/>\n<!-- \/ Yoast SEO Premium plugin. -->","yoast_head_json":{"title":"Bioethanol 96,6% pro profesion\u00e1ln\u00ed p\u0159ed\u010di\u0161t\u011bn\u00ed - versiegelung24.com","robots":{"index":"index","follow":"follow","max-snippet":"max-snippet:-1","max-image-preview":"max-image-preview:large","max-video-preview":"max-video-preview:-1"},"canonical":"https:\/\/www.versiegelung24.com\/cs\/bioethanol-966-pro-profesionalni-predcisteni.html","og_locale":"cs_CZ","og_type":"article","og_title":"Bioethanol 96,6% pro profesion\u00e1ln\u00ed p\u0159ed\u010di\u0161t\u011bn\u00ed","og_description":"\u2713 Bioetanol vyroben\u00fd ze 100% kuku\u0159ice a cukrov\u00e9 \u0159epy \u2713 Region\u00e1ln\u00ed produkce s p\u0159\u00edsadami z Evropy \u2713 V\u00fdroba podle p\u0159\u00edsn\u00fdch evropsk\u00fdch sm\u011brnic \u2713 Zabezpe\u010den\u00ed a kvalita d\u00edky vysok\u00fdm standard\u016fm","og_url":"https:\/\/www.versiegelung24.com\/cs\/bioethanol-966-pro-profesionalni-predcisteni.html","og_site_name":"versiegelung24.com","article_modified_time":"2025-01-13T15:59:50+00:00","og_image":[{"width":2560,"height":2560,"url":"https:\/\/www.versiegelung24.com\/wp-content\/uploads\/2020\/04\/produkt_9100-950-1000-bioethanol-flasche.jpeg","type":"image\/jpeg"}],"twitter_card":"summary_large_image","twitter_misc":{"Cena":"9,99&euro;","Dostupnost":"Skladem"},"schema":{"@context":"https:\/\/schema.org","@graph":[{"@type":["WebPage","FAQPage"],"@id":"https:\/\/www.versiegelung24.com\/cs\/bioethanol-966-pro-profesionalni-predcisteni.html","url":"https:\/\/www.versiegelung24.com\/cs\/bioethanol-966-pro-profesionalni-predcisteni.html","name":"Bioethanol 96,6% pro profesion\u00e1ln\u00ed p\u0159ed\u010di\u0161t\u011bn\u00ed - versiegelung24.com","isPartOf":{"@id":"https:\/\/www.versiegelung24.com\/cs\/#website"},"primaryImageOfPage":{"@id":"https:\/\/www.versiegelung24.com\/cs\/bioethanol-966-pro-profesionalni-predcisteni.html#primaryimage"},"image":{"@id":"https:\/\/www.versiegelung24.com\/cs\/bioethanol-966-pro-profesionalni-predcisteni.html#primaryimage"},"thumbnailUrl":"https:\/\/www.versiegelung24.com\/wp-content\/uploads\/2020\/04\/produkt_9100-950-1000-bioethanol-flasche.jpeg","datePublished":"2020-04-04T16:53:41+00:00","dateModified":"2025-01-13T15:59:50+00:00","breadcrumb":{"@id":"https:\/\/www.versiegelung24.com\/cs\/bioethanol-966-pro-profesionalni-predcisteni.html#breadcrumb"},"mainEntity":[{"@id":"https:\/\/www.versiegelung24.com\/cs\/bioethanol-966-pro-profesionalni-predcisteni.html#faq-question-1645793617330"},{"@id":"https:\/\/www.versiegelung24.com\/cs\/bioethanol-966-pro-profesionalni-predcisteni.html#faq-question-1645793819353"},{"@id":"https:\/\/www.versiegelung24.com\/cs\/bioethanol-966-pro-profesionalni-predcisteni.html#faq-question-1645794918526"}],"inLanguage":"cs","potentialAction":[{"@type":"ReadAction","target":["https:\/\/www.versiegelung24.com\/cs\/bioethanol-966-pro-profesionalni-predcisteni.html"]}]},{"@type":"ImageObject","inLanguage":"cs","@id":"https:\/\/www.versiegelung24.com\/cs\/bioethanol-966-pro-profesionalni-predcisteni.html#primaryimage","url":"https:\/\/www.versiegelung24.com\/wp-content\/uploads\/2020\/04\/produkt_9100-950-1000-bioethanol-flasche.jpeg","contentUrl":"https:\/\/www.versiegelung24.com\/wp-content\/uploads\/2020\/04\/produkt_9100-950-1000-bioethanol-flasche.jpeg","width":2560,"height":2560},{"@type":"BreadcrumbList","@id":"https:\/\/www.versiegelung24.com\/cs\/bioethanol-966-pro-profesionalni-predcisteni.html#breadcrumb","itemListElement":[{"@type":"ListItem","position":1,"name":"Domovsk\u00e1 str\u00e1nka","item":"https:\/\/www.versiegelung24.com\/cs\/predni\/"},{"@type":"ListItem","position":2,"name":"Prodejna","item":"https:\/\/www.versiegelung24.com\/cs\/prodejna\/"},{"@type":"ListItem","position":3,"name":"Bioethanol 96,6% pro profesion\u00e1ln\u00ed p\u0159ed\u010di\u0161t\u011bn\u00ed"}]},{"@type":"WebSite","@id":"https:\/\/www.versiegelung24.com\/cs\/#website","url":"https:\/\/www.versiegelung24.com\/cs\/","name":"versiegelung24.com","description":"Fl\u00fcssigglas-Versiegelung - Made in Germany","publisher":{"@id":"https:\/\/www.versiegelung24.com\/cs\/#organization"},"potentialAction":[{"@type":"SearchAction","target":{"@type":"EntryPoint","urlTemplate":"https:\/\/www.versiegelung24.com\/cs\/?s={search_term_string}"},"query-input":{"@type":"PropertyValueSpecification","valueRequired":true,"valueName":"search_term_string"}}],"inLanguage":"cs"},{"@type":"Organization","@id":"https:\/\/www.versiegelung24.com\/cs\/#organization","name":"versiegelung24","url":"https:\/\/www.versiegelung24.com\/cs\/","logo":{"@type":"ImageObject","inLanguage":"cs","@id":"https:\/\/www.versiegelung24.com\/cs\/#\/schema\/logo\/image\/","url":"https:\/\/www.versiegelung24.com\/wp-content\/uploads\/2020\/04\/versiegelung24.png","contentUrl":"https:\/\/www.versiegelung24.com\/wp-content\/uploads\/2020\/04\/versiegelung24.png","width":470,"height":102,"caption":"versiegelung24"},"image":{"@id":"https:\/\/www.versiegelung24.com\/cs\/#\/schema\/logo\/image\/"}},{"@type":"Question","@id":"https:\/\/www.versiegelung24.com\/cs\/bioethanol-966-pro-profesionalni-predcisteni.html#faq-question-1645793617330","position":1,"url":"https:\/\/www.versiegelung24.com\/cs\/bioethanol-966-pro-profesionalni-predcisteni.html#faq-question-1645793617330","name":"Ist Bioethanol f\u00fcr den medizinischen Bereich zugelassen?","answerCount":1,"acceptedAnswer":{"@type":"Answer","text":"Nein! Wenn Sie ein Fl\u00e4chendesinfektionsmittel suchen, finden Sie weitere Informationen hier: <a href=\"https:\/\/www.versiegelung24.com\/desinfektionsmittel\/\">\u00dcbersicht Desinfektionsmittel<\/a>","inLanguage":"cs"},"inLanguage":"cs"},{"@type":"Question","@id":"https:\/\/www.versiegelung24.com\/cs\/bioethanol-966-pro-profesionalni-predcisteni.html#faq-question-1645793819353","position":2,"url":"https:\/\/www.versiegelung24.com\/cs\/bioethanol-966-pro-profesionalni-predcisteni.html#faq-question-1645793819353","name":"Wie gef\u00e4hrlich ist Bioethanol?","answerCount":1,"acceptedAnswer":{"@type":"Answer","text":"Bei der Verbrennung entstehen genau wie bei unserer Atmung Wasserdampf (H2O) und Kohlendioxid (CO2). Bioethanol 96,6% verbrennt geruchs- und r\u00fcckstandsfrei. Bei Nutzung in Feuerstellen sind stets die genauen Gefahrenhinweise zu beachten!<br \/>Bioethanol 96,6% ist leicht entz\u00fcndlich. Bei der Nutzung als Reiniger entstehen leicht brennbare Gase. <br \/>","inLanguage":"cs"},"inLanguage":"cs"},{"@type":"Question","@id":"https:\/\/www.versiegelung24.com\/cs\/bioethanol-966-pro-profesionalni-predcisteni.html#faq-question-1645794918526","position":3,"url":"https:\/\/www.versiegelung24.com\/cs\/bioethanol-966-pro-profesionalni-predcisteni.html#faq-question-1645794918526","name":"Kann Bioethanol (als Reiniger eingesetzt) Oberfl\u00e4chen angreifen?","answerCount":1,"acceptedAnswer":{"@type":"Answer","text":"Besonders bei Kunststoffen ist hier mit Achtsamkeit vor zu gehen. Weiche Kunststoffe wie z.B. bei Dichtungen und Schl\u00e4uchen kann dieser mit den Weichmachern reagieren und Oberfl\u00e4chen bzw. Materialien sch\u00e4digen.<br \/><br \/>Grunds\u00e4tzlich sollte bei der Oberfl\u00e4chenreinigung immer erst ein Test an unauff\u00e4lliger Stelle durchgef\u00fchrt werden.","inLanguage":"cs"},"inLanguage":"cs"}]},"product_price_amount":"9.99","product_price_currency":"EUR","og_availability":"instock","product_availability":"instock","product_retailer_item_id":"9100-BE96-1","product_condition":"new"},"_links":{"self":[{"href":"https:\/\/www.versiegelung24.com\/cs\/wp-json\/wp\/v2\/product\/23616","targetHints":{"allow":["GET"]}}],"collection":[{"href":"https:\/\/www.versiegelung24.com\/cs\/wp-json\/wp\/v2\/product"}],"about":[{"href":"https:\/\/www.versiegelung24.com\/cs\/wp-json\/wp\/v2\/types\/product"}],"version-history":[{"count":47,"href":"https:\/\/www.versiegelung24.com\/cs\/wp-json\/wp\/v2\/product\/23616\/revisions"}],"predecessor-version":[{"id":180688,"href":"https:\/\/www.versiegelung24.com\/cs\/wp-json\/wp\/v2\/product\/23616\/revisions\/180688"}],"wp:featuredmedia":[{"embeddable":true,"href":"https:\/\/www.versiegelung24.com\/cs\/wp-json\/wp\/v2\/media\/65146"}],"wp:attachment":[{"href":"https:\/\/www.versiegelung24.com\/cs\/wp-json\/wp\/v2\/media?parent=23616"}],"wp:term":[{"taxonomy":"product_brand","embeddable":true,"href":"https:\/\/www.versiegelung24.com\/cs\/wp-json\/wp\/v2\/product_brand?post=23616"},{"taxonomy":"product_cat","embeddable":true,"href":"https:\/\/www.versiegelung24.com\/cs\/wp-json\/wp\/v2\/product_cat?post=23616"},{"taxonomy":"product_tag","embeddable":true,"href":"https:\/\/www.versiegelung24.com\/cs\/wp-json\/wp\/v2\/product_tag?post=23616"}],"curies":[{"name":"wp","href":"https:\/\/api.w.org\/{rel}","templated":true}]}}