{"id":23656,"date":"2020-04-04T18:53:44","date_gmt":"2021-08-02T19:52:58","guid":{"rendered":"https:\/\/www.versiegelung24.com\/produkt\/univerzalni-tesneni-691-pro-mekke-save-povrchy-textil-drevo-kamen"},"modified":"2025-01-04T00:14:11","modified_gmt":"2025-01-03T23:14:11","slug":"univerzalni-tesneni-691-pro-mekke-save-povrchy-textil-drevo-kamen","status":"publish","type":"product","link":"https:\/\/www.versiegelung24.com\/cs\/univerzalni-tesneni-691-pro-mekke-save-povrchy-textil-drevo-kamen.html","title":{"rendered":"Univerz\u00e1ln\u00ed t\u011bsn\u011bn\u00ed 691 pro \u201em\u011bkk\u00e9\u201c \/ sav\u00e9 povrchy (textil +++, d\u0159evo ++, k\u00e1men ++)"},"content":{"rendered":"\n<p><strong>Vysoce \u00fa\u010dinn\u00fd profesion\u00e1ln\u00ed univerz\u00e1ln\u00ed tmel pro sav\u00e9 \/ \u201em\u011bkk\u00e9\u201c povrchy (textil, k\u00e1men, d\u0159evo) se snadno \u010distiteln\u00fdm efektem<\/strong><\/p>\n\n<p>Ide\u00e1ln\u00ed pro textil, lze pou\u017e\u00edt i na k\u00e1men a d\u0159evo<\/p>\n\n<p>Vysok\u00e1 kvalita &#8211; vyrobeno v N\u011bmecku.<\/p>\n\n<p>Objednac\u00ed \u010d\u00edslo: 4006-691<\/p>\n\n<p><strong>V24 univerz\u00e1ln\u00ed t\u011bsn\u011bn\u00ed 4006-691<\/strong> je vodn\u00e1 impregnace pro sav\u00e9 \/ \u201em\u011bkk\u00e9\u201c povrchy s velmi dobrou vodoodpudivost\u00ed (vodoodpudivost) a olejoodpudivost\u00ed (odpuzuj\u00edc\u00ed olej) povrch\u016f. V\u00fdrobek tvo\u0159\u00ed t\u00e9m\u011b\u0159 neviditeln\u00fd tenk\u00fd povrchov\u00fd film. Vodoodpudiv\u00fd efekt v\u00fdrazn\u011b sni\u017euje rychlost pronik\u00e1n\u00ed vlhkosti na o\u0161et\u0159en\u00e9 povrchy a op\u011btovn\u00e9 zne\u010di\u0161t\u011bn\u00ed. Pronik\u00e1n\u00ed oleje a odbarvuj\u00edc\u00edch l\u00e1tek na povrch je sn\u00ed\u017eeno a lze jej snadno odstranit \/ vy\u010distit.<\/p>\n\n<hr\/>\n\n<h4 class=\"wp-block-heading\" id=\"properties\">Vlastnosti produktu<\/h4>\n\n<div class=\"wp-block-columns is-layout-flex wp-container-core-columns-is-layout-9d6595d7 wp-block-columns-is-layout-flex\">\n<div class=\"wp-block-column is-layout-flow wp-block-column-is-layout-flow\">\n<ul class=\"wp-block-list\">\n<li>Z\u00e1klad \u00fa\u010dinn\u00e9 l\u00e1tky: polymer obsahuj\u00edc\u00ed fluor<\/li>\n\n\n\n<li>Vzhled: b\u00edl\u00e1, pr\u016fsvitn\u00e1 kapalina<\/li>\n\n\n\n<li>Obsah pevn\u00fdch l\u00e1tek: ~ 1%<\/li>\n\n\n\n<li>Hodnota pH: 7<\/li>\n\n\n\n<li>\u0158ed\u011bn\u00ed: Z\u0159ed\u011bn\u00fd p\u0159ipraven\u00fd k pou\u017eit\u00ed. Podle po\u017eadovan\u00e9ho \u00fa\u010dinku lze d\u00e1le \u0159edit vodou.<\/li>\n<\/ul>\n<\/div>\n\n\n\n<div class=\"wp-block-column is-layout-flow wp-block-column-is-layout-flow\">\n<p><br\/><br\/>Rozsah dod\u00e1vky: 1 x litrov\u00e1 l\u00e1hev 1 x rozpra\u0161ovac\u00ed hlavice s pumpi\u010dkou<\/p>\n<\/div>\n<\/div>\n\n<hr\/>\n\n<h4 class=\"wp-block-heading\" id=\"h-ratgeber\">Poradce<\/h4>\n\n<p>Na\u0161e univerz\u00e1ln\u00ed t\u011bsn\u011bn\u00ed jsou vhodn\u00e1 zejm\u00e9na pro sektor kutil\u016f.<\/p>\n\n<p>Kombinuj\u00ed profesion\u00e1ln\u00ed zp\u016fsob p\u016fsoben\u00ed na r\u016fzn\u00e9 povrchy se snadnou manipulac\u00ed p\u0159i aplikaci. A to v\u0161e bez nutnosti d\u011blat z\u00e1sadn\u00ed kompromisy z hlediska kvality.<\/p>\n\n<p>T\u00edmto zp\u016fsobem lze pouze jedn\u00edm univerz\u00e1ln\u00edm tmelem prov\u00e1d\u011bt aplikace na v\u00edce materi\u00e1lech a tak\u00e9 dos\u00e1hnout vysoce kvalitn\u00edho \u00fa\u010dinku a dlouh\u00e9 \u017eivotnosti.<\/p>\n\n<p>Nicm\u00e9n\u011b pro komer\u010dn\u00ed a pr\u016fmyslov\u00e9 aplikace, kde m\u00e1 b\u00fdt na konkr\u00e9tn\u00edm povrchu dosa\u017eeno nejvy\u0161\u0161\u00ed mo\u017en\u00e9 \u00farovn\u011b v\u00fdkonu, doporu\u010dujeme pou\u017eit\u00ed na\u0161ich speci\u00e1ln\u00edch \u00faprav pro tento povrch.<\/p>\n","protected":false},"excerpt":{"rendered":"<p><strong>Vysoce \u00fa\u010dinn\u00e9 profesion\u00e1ln\u00ed univerz\u00e1ln\u00ed t\u011bsn\u011bn\u00ed pro sav\u00e9 \/ &#8220;m\u011bkk\u00e9&#8221; povrchy:<\/strong><\/p>\n<p>\u2713 Textiln\u00ed<\/p>\n<p>\u2713 K\u00e1men<\/p>\n<p>\u2713 d\u0159evo<\/p>\n<p>\u2713 S efektem snadn\u00e9ho \u010di\u0161t\u011bn\u00ed<\/p>\n","protected":false},"featured_media":18281,"template":"","meta":{"_acf_changed":false,"neve_meta_sidebar":"","neve_meta_container":"","neve_meta_enable_content_width":"","neve_meta_content_width":0,"neve_meta_title_alignment":"","neve_meta_author_avatar":"","neve_post_elements_order":"","neve_meta_disable_header":"","neve_meta_disable_footer":"","neve_meta_disable_title":"","neve_meta_reading_time":"","_surfaces":[],"_ver_product_tabs":[],"footnotes":""},"product_brand":[],"product_cat":[2476],"product_tag":[],"class_list":{"0":"post-23656","1":"product","2":"type-product","3":"status-publish","4":"has-post-thumbnail","6":"product_cat-univerzalni-tesneni","8":"first","9":"instock","10":"taxable","11":"shipping-taxable","12":"purchasable","13":"product-type-simple"},"acf":[],"yoast_head":"<!-- This site is optimized with the Yoast SEO Premium plugin v22.8 (Yoast SEO v27.5) - https:\/\/yoast.com\/product\/yoast-seo-premium-wordpress\/ -->\n<title>Univerz\u00e1ln\u00ed t\u011bsn\u011bn\u00ed 691 pro \u201em\u011bkk\u00e9\u201c \/ sav\u00e9 povrchy (textil +++, d\u0159evo ++, k\u00e1men ++) - versiegelung24.com<\/title>\n<meta name=\"robots\" content=\"index, follow, max-snippet:-1, max-image-preview:large, max-video-preview:-1\" \/>\n<link rel=\"canonical\" href=\"https:\/\/www.versiegelung24.com\/cs\/univerzalni-tesneni-691-pro-mekke-save-povrchy-textil-drevo-kamen.html\" \/>\n<meta property=\"og:locale\" content=\"cs_CZ\" \/>\n<meta property=\"og:type\" content=\"article\" \/>\n<meta property=\"og:title\" content=\"Univerz\u00e1ln\u00ed t\u011bsn\u011bn\u00ed 691 pro \u201em\u011bkk\u00e9\u201c \/ sav\u00e9 povrchy (textil +++, d\u0159evo ++, k\u00e1men ++)\" \/>\n<meta property=\"og:description\" content=\"Vysoce \u00fa\u010dinn\u00e9 profesion\u00e1ln\u00ed univerz\u00e1ln\u00ed t\u011bsn\u011bn\u00ed pro sav\u00e9 \/ &quot;m\u011bkk\u00e9&quot; povrchy: \u2713 Textiln\u00ed \u2713 K\u00e1men \u2713 d\u0159evo \u2713 S efektem snadn\u00e9ho \u010di\u0161t\u011bn\u00ed\" \/>\n<meta property=\"og:url\" content=\"https:\/\/www.versiegelung24.com\/cs\/univerzalni-tesneni-691-pro-mekke-save-povrchy-textil-drevo-kamen.html\" \/>\n<meta property=\"og:site_name\" content=\"versiegelung24.com\" \/>\n<meta property=\"article:modified_time\" content=\"2025-01-03T23:14:11+00:00\" \/>\n<meta property=\"og:image\" content=\"https:\/\/www.versiegelung24.com\/wp-content\/uploads\/2020\/06\/produkt-4006-691-1000-Universalversiegelung-691-scaled.jpg\" \/>\n\t<meta property=\"og:image:width\" content=\"2560\" \/>\n\t<meta property=\"og:image:height\" content=\"2560\" \/>\n\t<meta property=\"og:image:type\" content=\"image\/jpeg\" \/>\n<meta name=\"twitter:card\" content=\"summary_large_image\" \/>\n<meta name=\"twitter:label1\" content=\"Cena\" \/>\n\t<meta name=\"twitter:data1\" content=\"74,99&euro;\" \/>\n\t<meta name=\"twitter:label2\" content=\"Dostupnost\" \/>\n\t<meta name=\"twitter:data2\" content=\"Skladem\" \/>\n<script type=\"application\/ld+json\" class=\"yoast-schema-graph\">{\"@context\":\"https:\\\/\\\/schema.org\",\"@graph\":[{\"@type\":\"WebPage\",\"@id\":\"https:\\\/\\\/www.versiegelung24.com\\\/cs\\\/univerzalni-tesneni-691-pro-mekke-save-povrchy-textil-drevo-kamen.html\",\"url\":\"https:\\\/\\\/www.versiegelung24.com\\\/cs\\\/univerzalni-tesneni-691-pro-mekke-save-povrchy-textil-drevo-kamen.html\",\"name\":\"Univerz\u00e1ln\u00ed t\u011bsn\u011bn\u00ed 691 pro \u201em\u011bkk\u00e9\u201c \\\/ sav\u00e9 povrchy (textil +++, d\u0159evo ++, k\u00e1men ++) - versiegelung24.com\",\"isPartOf\":{\"@id\":\"https:\\\/\\\/www.versiegelung24.com\\\/cs\\\/#website\"},\"primaryImageOfPage\":{\"@id\":\"https:\\\/\\\/www.versiegelung24.com\\\/cs\\\/univerzalni-tesneni-691-pro-mekke-save-povrchy-textil-drevo-kamen.html#primaryimage\"},\"image\":{\"@id\":\"https:\\\/\\\/www.versiegelung24.com\\\/cs\\\/univerzalni-tesneni-691-pro-mekke-save-povrchy-textil-drevo-kamen.html#primaryimage\"},\"thumbnailUrl\":\"https:\\\/\\\/www.versiegelung24.com\\\/wp-content\\\/uploads\\\/2020\\\/06\\\/produkt-4006-691-1000-Universalversiegelung-691-scaled.jpg\",\"datePublished\":\"2021-08-02T19:52:58+00:00\",\"dateModified\":\"2025-01-03T23:14:11+00:00\",\"breadcrumb\":{\"@id\":\"https:\\\/\\\/www.versiegelung24.com\\\/cs\\\/univerzalni-tesneni-691-pro-mekke-save-povrchy-textil-drevo-kamen.html#breadcrumb\"},\"inLanguage\":\"cs\",\"potentialAction\":[{\"@type\":\"ReadAction\",\"target\":[\"https:\\\/\\\/www.versiegelung24.com\\\/cs\\\/univerzalni-tesneni-691-pro-mekke-save-povrchy-textil-drevo-kamen.html\"]}]},{\"@type\":\"ImageObject\",\"inLanguage\":\"cs\",\"@id\":\"https:\\\/\\\/www.versiegelung24.com\\\/cs\\\/univerzalni-tesneni-691-pro-mekke-save-povrchy-textil-drevo-kamen.html#primaryimage\",\"url\":\"https:\\\/\\\/www.versiegelung24.com\\\/wp-content\\\/uploads\\\/2020\\\/06\\\/produkt-4006-691-1000-Universalversiegelung-691-scaled.jpg\",\"contentUrl\":\"https:\\\/\\\/www.versiegelung24.com\\\/wp-content\\\/uploads\\\/2020\\\/06\\\/produkt-4006-691-1000-Universalversiegelung-691-scaled.jpg\",\"width\":2560,\"height\":2560},{\"@type\":\"BreadcrumbList\",\"@id\":\"https:\\\/\\\/www.versiegelung24.com\\\/cs\\\/univerzalni-tesneni-691-pro-mekke-save-povrchy-textil-drevo-kamen.html#breadcrumb\",\"itemListElement\":[{\"@type\":\"ListItem\",\"position\":1,\"name\":\"Domovsk\u00e1 str\u00e1nka\",\"item\":\"https:\\\/\\\/www.versiegelung24.com\\\/cs\\\/predni\\\/\"},{\"@type\":\"ListItem\",\"position\":2,\"name\":\"Prodejna\",\"item\":\"https:\\\/\\\/www.versiegelung24.com\\\/cs\\\/prodejna\\\/\"},{\"@type\":\"ListItem\",\"position\":3,\"name\":\"Univerz\u00e1ln\u00ed t\u011bsn\u011bn\u00ed 691 pro \u201em\u011bkk\u00e9\u201c \\\/ sav\u00e9 povrchy (textil +++, d\u0159evo ++, k\u00e1men ++)\"}]},{\"@type\":\"WebSite\",\"@id\":\"https:\\\/\\\/www.versiegelung24.com\\\/cs\\\/#website\",\"url\":\"https:\\\/\\\/www.versiegelung24.com\\\/cs\\\/\",\"name\":\"versiegelung24.com\",\"description\":\"Fl\u00fcssigglas-Versiegelung - Made in Germany\",\"publisher\":{\"@id\":\"https:\\\/\\\/www.versiegelung24.com\\\/cs\\\/#organization\"},\"potentialAction\":[{\"@type\":\"SearchAction\",\"target\":{\"@type\":\"EntryPoint\",\"urlTemplate\":\"https:\\\/\\\/www.versiegelung24.com\\\/cs\\\/?s={search_term_string}\"},\"query-input\":{\"@type\":\"PropertyValueSpecification\",\"valueRequired\":true,\"valueName\":\"search_term_string\"}}],\"inLanguage\":\"cs\"},{\"@type\":\"Organization\",\"@id\":\"https:\\\/\\\/www.versiegelung24.com\\\/cs\\\/#organization\",\"name\":\"versiegelung24\",\"url\":\"https:\\\/\\\/www.versiegelung24.com\\\/cs\\\/\",\"logo\":{\"@type\":\"ImageObject\",\"inLanguage\":\"cs\",\"@id\":\"https:\\\/\\\/www.versiegelung24.com\\\/cs\\\/#\\\/schema\\\/logo\\\/image\\\/\",\"url\":\"https:\\\/\\\/www.versiegelung24.com\\\/wp-content\\\/uploads\\\/2020\\\/04\\\/versiegelung24.png\",\"contentUrl\":\"https:\\\/\\\/www.versiegelung24.com\\\/wp-content\\\/uploads\\\/2020\\\/04\\\/versiegelung24.png\",\"width\":470,\"height\":102,\"caption\":\"versiegelung24\"},\"image\":{\"@id\":\"https:\\\/\\\/www.versiegelung24.com\\\/cs\\\/#\\\/schema\\\/logo\\\/image\\\/\"}}]}<\/script>\n<meta property=\"product:price:amount\" content=\"74.99\" \/>\n<meta property=\"product:price:currency\" content=\"EUR\" \/>\n<meta property=\"og:availability\" content=\"instock\" \/>\n<meta property=\"product:availability\" content=\"instock\" \/>\n<meta property=\"product:retailer_item_id\" content=\"4006-691-1000\" \/>\n<meta property=\"product:condition\" content=\"new\" \/>\n<!-- \/ Yoast SEO Premium plugin. -->","yoast_head_json":{"title":"Univerz\u00e1ln\u00ed t\u011bsn\u011bn\u00ed 691 pro \u201em\u011bkk\u00e9\u201c \/ sav\u00e9 povrchy (textil +++, d\u0159evo ++, k\u00e1men ++) - versiegelung24.com","robots":{"index":"index","follow":"follow","max-snippet":"max-snippet:-1","max-image-preview":"max-image-preview:large","max-video-preview":"max-video-preview:-1"},"canonical":"https:\/\/www.versiegelung24.com\/cs\/univerzalni-tesneni-691-pro-mekke-save-povrchy-textil-drevo-kamen.html","og_locale":"cs_CZ","og_type":"article","og_title":"Univerz\u00e1ln\u00ed t\u011bsn\u011bn\u00ed 691 pro \u201em\u011bkk\u00e9\u201c \/ sav\u00e9 povrchy (textil +++, d\u0159evo ++, k\u00e1men ++)","og_description":"Vysoce \u00fa\u010dinn\u00e9 profesion\u00e1ln\u00ed univerz\u00e1ln\u00ed t\u011bsn\u011bn\u00ed pro sav\u00e9 \/ \"m\u011bkk\u00e9\" povrchy: \u2713 Textiln\u00ed \u2713 K\u00e1men \u2713 d\u0159evo \u2713 S efektem snadn\u00e9ho \u010di\u0161t\u011bn\u00ed","og_url":"https:\/\/www.versiegelung24.com\/cs\/univerzalni-tesneni-691-pro-mekke-save-povrchy-textil-drevo-kamen.html","og_site_name":"versiegelung24.com","article_modified_time":"2025-01-03T23:14:11+00:00","og_image":[{"width":2560,"height":2560,"url":"https:\/\/www.versiegelung24.com\/wp-content\/uploads\/2020\/06\/produkt-4006-691-1000-Universalversiegelung-691-scaled.jpg","type":"image\/jpeg"}],"twitter_card":"summary_large_image","twitter_misc":{"Cena":"74,99&euro;","Dostupnost":"Skladem"},"schema":{"@context":"https:\/\/schema.org","@graph":[{"@type":"WebPage","@id":"https:\/\/www.versiegelung24.com\/cs\/univerzalni-tesneni-691-pro-mekke-save-povrchy-textil-drevo-kamen.html","url":"https:\/\/www.versiegelung24.com\/cs\/univerzalni-tesneni-691-pro-mekke-save-povrchy-textil-drevo-kamen.html","name":"Univerz\u00e1ln\u00ed t\u011bsn\u011bn\u00ed 691 pro \u201em\u011bkk\u00e9\u201c \/ sav\u00e9 povrchy (textil +++, d\u0159evo ++, k\u00e1men ++) - versiegelung24.com","isPartOf":{"@id":"https:\/\/www.versiegelung24.com\/cs\/#website"},"primaryImageOfPage":{"@id":"https:\/\/www.versiegelung24.com\/cs\/univerzalni-tesneni-691-pro-mekke-save-povrchy-textil-drevo-kamen.html#primaryimage"},"image":{"@id":"https:\/\/www.versiegelung24.com\/cs\/univerzalni-tesneni-691-pro-mekke-save-povrchy-textil-drevo-kamen.html#primaryimage"},"thumbnailUrl":"https:\/\/www.versiegelung24.com\/wp-content\/uploads\/2020\/06\/produkt-4006-691-1000-Universalversiegelung-691-scaled.jpg","datePublished":"2021-08-02T19:52:58+00:00","dateModified":"2025-01-03T23:14:11+00:00","breadcrumb":{"@id":"https:\/\/www.versiegelung24.com\/cs\/univerzalni-tesneni-691-pro-mekke-save-povrchy-textil-drevo-kamen.html#breadcrumb"},"inLanguage":"cs","potentialAction":[{"@type":"ReadAction","target":["https:\/\/www.versiegelung24.com\/cs\/univerzalni-tesneni-691-pro-mekke-save-povrchy-textil-drevo-kamen.html"]}]},{"@type":"ImageObject","inLanguage":"cs","@id":"https:\/\/www.versiegelung24.com\/cs\/univerzalni-tesneni-691-pro-mekke-save-povrchy-textil-drevo-kamen.html#primaryimage","url":"https:\/\/www.versiegelung24.com\/wp-content\/uploads\/2020\/06\/produkt-4006-691-1000-Universalversiegelung-691-scaled.jpg","contentUrl":"https:\/\/www.versiegelung24.com\/wp-content\/uploads\/2020\/06\/produkt-4006-691-1000-Universalversiegelung-691-scaled.jpg","width":2560,"height":2560},{"@type":"BreadcrumbList","@id":"https:\/\/www.versiegelung24.com\/cs\/univerzalni-tesneni-691-pro-mekke-save-povrchy-textil-drevo-kamen.html#breadcrumb","itemListElement":[{"@type":"ListItem","position":1,"name":"Domovsk\u00e1 str\u00e1nka","item":"https:\/\/www.versiegelung24.com\/cs\/predni\/"},{"@type":"ListItem","position":2,"name":"Prodejna","item":"https:\/\/www.versiegelung24.com\/cs\/prodejna\/"},{"@type":"ListItem","position":3,"name":"Univerz\u00e1ln\u00ed t\u011bsn\u011bn\u00ed 691 pro \u201em\u011bkk\u00e9\u201c \/ sav\u00e9 povrchy (textil +++, d\u0159evo ++, k\u00e1men ++)"}]},{"@type":"WebSite","@id":"https:\/\/www.versiegelung24.com\/cs\/#website","url":"https:\/\/www.versiegelung24.com\/cs\/","name":"versiegelung24.com","description":"Fl\u00fcssigglas-Versiegelung - Made in Germany","publisher":{"@id":"https:\/\/www.versiegelung24.com\/cs\/#organization"},"potentialAction":[{"@type":"SearchAction","target":{"@type":"EntryPoint","urlTemplate":"https:\/\/www.versiegelung24.com\/cs\/?s={search_term_string}"},"query-input":{"@type":"PropertyValueSpecification","valueRequired":true,"valueName":"search_term_string"}}],"inLanguage":"cs"},{"@type":"Organization","@id":"https:\/\/www.versiegelung24.com\/cs\/#organization","name":"versiegelung24","url":"https:\/\/www.versiegelung24.com\/cs\/","logo":{"@type":"ImageObject","inLanguage":"cs","@id":"https:\/\/www.versiegelung24.com\/cs\/#\/schema\/logo\/image\/","url":"https:\/\/www.versiegelung24.com\/wp-content\/uploads\/2020\/04\/versiegelung24.png","contentUrl":"https:\/\/www.versiegelung24.com\/wp-content\/uploads\/2020\/04\/versiegelung24.png","width":470,"height":102,"caption":"versiegelung24"},"image":{"@id":"https:\/\/www.versiegelung24.com\/cs\/#\/schema\/logo\/image\/"}}]},"product_price_amount":"74.99","product_price_currency":"EUR","og_availability":"instock","product_availability":"instock","product_retailer_item_id":"4006-691-1000","product_condition":"new"},"_links":{"self":[{"href":"https:\/\/www.versiegelung24.com\/cs\/wp-json\/wp\/v2\/product\/23656","targetHints":{"allow":["GET"]}}],"collection":[{"href":"https:\/\/www.versiegelung24.com\/cs\/wp-json\/wp\/v2\/product"}],"about":[{"href":"https:\/\/www.versiegelung24.com\/cs\/wp-json\/wp\/v2\/types\/product"}],"version-history":[{"count":16,"href":"https:\/\/www.versiegelung24.com\/cs\/wp-json\/wp\/v2\/product\/23656\/revisions"}],"predecessor-version":[{"id":177911,"href":"https:\/\/www.versiegelung24.com\/cs\/wp-json\/wp\/v2\/product\/23656\/revisions\/177911"}],"wp:featuredmedia":[{"embeddable":true,"href":"https:\/\/www.versiegelung24.com\/cs\/wp-json\/wp\/v2\/media\/18281"}],"wp:attachment":[{"href":"https:\/\/www.versiegelung24.com\/cs\/wp-json\/wp\/v2\/media?parent=23656"}],"wp:term":[{"taxonomy":"product_brand","embeddable":true,"href":"https:\/\/www.versiegelung24.com\/cs\/wp-json\/wp\/v2\/product_brand?post=23656"},{"taxonomy":"product_cat","embeddable":true,"href":"https:\/\/www.versiegelung24.com\/cs\/wp-json\/wp\/v2\/product_cat?post=23656"},{"taxonomy":"product_tag","embeddable":true,"href":"https:\/\/www.versiegelung24.com\/cs\/wp-json\/wp\/v2\/product_tag?post=23656"}],"curies":[{"name":"wp","href":"https:\/\/api.w.org\/{rel}","templated":true}]}}