{"id":23673,"date":"2020-04-29T20:57:10","date_gmt":"2020-04-29T18:57:10","guid":{"rendered":"https:\/\/www.versiegelung24.com\/produkt\/vzor-automaticke-utesneni-skla"},"modified":"2025-01-05T15:42:25","modified_gmt":"2025-01-05T14:42:25","slug":"vzorek-tesneni-automobiloveho-skla","status":"publish","type":"product","link":"https:\/\/www.versiegelung24.com\/cs\/vzorek-tesneni-automobiloveho-skla.html","title":{"rendered":"Vzorek: Tmel na autoskla v profesion\u00e1ln\u00ed kvalit\u011b &#8211; 1002-7601"},"content":{"rendered":"<p>&nbsp;&nbsp;10ml vzorek na\u0161eho<a href=\"https:\/\/www.versiegelung24.com\/auto-glas-versiegelung-2065.html\">tmelu na<\/a><a href=\"https:\/\/www.versiegelung24.com\/auto-glas-versiegelung-2065.html\">autoskla<\/a> pro zku\u0161ebn\u00ed pou\u017eit\u00ed nebo ut\u011bsn\u011bn\u00ed men\u0161\u00edch ploch.<\/p>\n","protected":false},"excerpt":{"rendered":"<p><strong>Vysoce \u00fa\u010dinn\u00e9 t\u011bsn\u011bn\u00ed pro autoskla a karavany:<\/strong><\/p>\n<p>\u2713 Profesion\u00e1ln\u00ed kvalita <\/p>\n<p>\u2713 P\u0159ekonejte zimu t\u00e9m\u011b\u0159 bez \u0161kr\u00e1banc\u016f<\/p>\n<p>\u2713 V\u00fdrazn\u011b zlep\u0161en\u00e1 viditelnost za \u0161patn\u00e9ho po\u010das\u00ed<\/p>\n<p>\u2713 Od rychlosti cca 70 km\/h se d\u00e9\u0161\u0165 za j\u00edzdy val\u00ed i bez st\u011bra\u010d\u016f a zaji\u0161\u0165uje jasn\u00fd v\u00fdhled<\/p>\n","protected":false},"featured_media":14604,"template":"","meta":{"_acf_changed":false,"neve_meta_sidebar":"","neve_meta_container":"","neve_meta_enable_content_width":"","neve_meta_content_width":0,"neve_meta_title_alignment":"","neve_meta_author_avatar":"","neve_post_elements_order":"","neve_meta_disable_header":"","neve_meta_disable_footer":"","neve_meta_disable_title":"","neve_meta_reading_time":"","_surfaces":[],"_ver_product_tabs":[],"footnotes":""},"product_brand":[],"product_cat":[2633],"product_tag":[],"class_list":{"0":"post-23673","1":"product","2":"type-product","3":"status-publish","4":"has-post-thumbnail","6":"product_cat-sablona","7":"pa_gebinde-10ml-lahvicka","9":"first","10":"instock","11":"sold-individually","12":"taxable","13":"shipping-taxable","14":"purchasable","15":"product-type-variable","16":"has-default-attributes"},"acf":[],"yoast_head":"<!-- This site is optimized with the Yoast SEO Premium plugin v22.8 (Yoast SEO v27.3) - https:\/\/yoast.com\/product\/yoast-seo-premium-wordpress\/ -->\n<title>Vzorek: Tmel na autoskla v profesion\u00e1ln\u00ed kvalit\u011b - 1002-7601 - versiegelung24.com<\/title>\n<meta name=\"robots\" content=\"index, follow, max-snippet:-1, max-image-preview:large, max-video-preview:-1\" \/>\n<link rel=\"canonical\" href=\"https:\/\/www.versiegelung24.com\/cs\/vzorek-tesneni-automobiloveho-skla.html\" \/>\n<meta property=\"og:locale\" content=\"cs_CZ\" \/>\n<meta property=\"og:type\" content=\"article\" \/>\n<meta property=\"og:title\" content=\"Vzorek: Tmel na autoskla v profesion\u00e1ln\u00ed kvalit\u011b - 1002-7601\" \/>\n<meta property=\"og:description\" content=\"Vysoce \u00fa\u010dinn\u00e9 t\u011bsn\u011bn\u00ed pro autoskla a karavany: \u2713 Profesion\u00e1ln\u00ed kvalita \u2713 P\u0159ekonejte zimu t\u00e9m\u011b\u0159 bez \u0161kr\u00e1banc\u016f \u2713 V\u00fdrazn\u011b zlep\u0161en\u00e1 viditelnost za \u0161patn\u00e9ho po\u010das\u00ed \u2713 Od rychlosti cca 70 km\/h se d\u00e9\u0161\u0165 za j\u00edzdy val\u00ed i bez st\u011bra\u010d\u016f a zaji\u0161\u0165uje jasn\u00fd v\u00fdhled\" \/>\n<meta property=\"og:url\" content=\"https:\/\/www.versiegelung24.com\/cs\/vzorek-tesneni-automobiloveho-skla.html\" \/>\n<meta property=\"og:site_name\" content=\"versiegelung24.com\" \/>\n<meta property=\"article:modified_time\" content=\"2025-01-05T14:42:25+00:00\" \/>\n<meta property=\"og:image\" content=\"https:\/\/www.versiegelung24.com\/wp-content\/uploads\/2020\/04\/versiegelung-muster.png\" \/>\n\t<meta property=\"og:image:width\" content=\"1000\" \/>\n\t<meta property=\"og:image:height\" content=\"1000\" \/>\n\t<meta property=\"og:image:type\" content=\"image\/png\" \/>\n<meta name=\"twitter:card\" content=\"summary_large_image\" \/>\n<meta name=\"twitter:label1\" content=\"Dostupnost\" \/>\n\t<meta name=\"twitter:data1\" content=\"Skladem\" \/>\n<script type=\"application\/ld+json\" class=\"yoast-schema-graph\">{\"@context\":\"https:\\\/\\\/schema.org\",\"@graph\":[{\"@type\":\"WebPage\",\"@id\":\"https:\\\/\\\/www.versiegelung24.com\\\/cs\\\/vzorek-tesneni-automobiloveho-skla.html\",\"url\":\"https:\\\/\\\/www.versiegelung24.com\\\/cs\\\/vzorek-tesneni-automobiloveho-skla.html\",\"name\":\"Vzorek: Tmel na autoskla v profesion\u00e1ln\u00ed kvalit\u011b - 1002-7601 - versiegelung24.com\",\"isPartOf\":{\"@id\":\"https:\\\/\\\/www.versiegelung24.com\\\/cs\\\/#website\"},\"primaryImageOfPage\":{\"@id\":\"https:\\\/\\\/www.versiegelung24.com\\\/cs\\\/vzorek-tesneni-automobiloveho-skla.html#primaryimage\"},\"image\":{\"@id\":\"https:\\\/\\\/www.versiegelung24.com\\\/cs\\\/vzorek-tesneni-automobiloveho-skla.html#primaryimage\"},\"thumbnailUrl\":\"https:\\\/\\\/www.versiegelung24.com\\\/wp-content\\\/uploads\\\/2020\\\/04\\\/versiegelung-muster.png\",\"datePublished\":\"2020-04-29T18:57:10+00:00\",\"dateModified\":\"2025-01-05T14:42:25+00:00\",\"breadcrumb\":{\"@id\":\"https:\\\/\\\/www.versiegelung24.com\\\/cs\\\/vzorek-tesneni-automobiloveho-skla.html#breadcrumb\"},\"inLanguage\":\"cs\",\"potentialAction\":[{\"@type\":\"ReadAction\",\"target\":[\"https:\\\/\\\/www.versiegelung24.com\\\/cs\\\/vzorek-tesneni-automobiloveho-skla.html\"]}]},{\"@type\":\"ImageObject\",\"inLanguage\":\"cs\",\"@id\":\"https:\\\/\\\/www.versiegelung24.com\\\/cs\\\/vzorek-tesneni-automobiloveho-skla.html#primaryimage\",\"url\":\"https:\\\/\\\/www.versiegelung24.com\\\/wp-content\\\/uploads\\\/2020\\\/04\\\/versiegelung-muster.png\",\"contentUrl\":\"https:\\\/\\\/www.versiegelung24.com\\\/wp-content\\\/uploads\\\/2020\\\/04\\\/versiegelung-muster.png\",\"width\":1000,\"height\":1000},{\"@type\":\"BreadcrumbList\",\"@id\":\"https:\\\/\\\/www.versiegelung24.com\\\/cs\\\/vzorek-tesneni-automobiloveho-skla.html#breadcrumb\",\"itemListElement\":[{\"@type\":\"ListItem\",\"position\":1,\"name\":\"Domovsk\u00e1 str\u00e1nka\",\"item\":\"https:\\\/\\\/www.versiegelung24.com\\\/cs\\\/predni\\\/\"},{\"@type\":\"ListItem\",\"position\":2,\"name\":\"Prodejna\",\"item\":\"https:\\\/\\\/www.versiegelung24.com\\\/cs\\\/prodejna\\\/\"},{\"@type\":\"ListItem\",\"position\":3,\"name\":\"Vzorek: Tmel na autoskla v profesion\u00e1ln\u00ed kvalit\u011b &#8211; 1002-7601\"}]},{\"@type\":\"WebSite\",\"@id\":\"https:\\\/\\\/www.versiegelung24.com\\\/cs\\\/#website\",\"url\":\"https:\\\/\\\/www.versiegelung24.com\\\/cs\\\/\",\"name\":\"versiegelung24.com\",\"description\":\"Fl\u00fcssigglas-Versiegelung - Made in Germany\",\"publisher\":{\"@id\":\"https:\\\/\\\/www.versiegelung24.com\\\/cs\\\/#organization\"},\"potentialAction\":[{\"@type\":\"SearchAction\",\"target\":{\"@type\":\"EntryPoint\",\"urlTemplate\":\"https:\\\/\\\/www.versiegelung24.com\\\/cs\\\/?s={search_term_string}\"},\"query-input\":{\"@type\":\"PropertyValueSpecification\",\"valueRequired\":true,\"valueName\":\"search_term_string\"}}],\"inLanguage\":\"cs\"},{\"@type\":\"Organization\",\"@id\":\"https:\\\/\\\/www.versiegelung24.com\\\/cs\\\/#organization\",\"name\":\"versiegelung24\",\"url\":\"https:\\\/\\\/www.versiegelung24.com\\\/cs\\\/\",\"logo\":{\"@type\":\"ImageObject\",\"inLanguage\":\"cs\",\"@id\":\"https:\\\/\\\/www.versiegelung24.com\\\/cs\\\/#\\\/schema\\\/logo\\\/image\\\/\",\"url\":\"https:\\\/\\\/www.versiegelung24.com\\\/wp-content\\\/uploads\\\/2020\\\/04\\\/versiegelung24.png\",\"contentUrl\":\"https:\\\/\\\/www.versiegelung24.com\\\/wp-content\\\/uploads\\\/2020\\\/04\\\/versiegelung24.png\",\"width\":470,\"height\":102,\"caption\":\"versiegelung24\"},\"image\":{\"@id\":\"https:\\\/\\\/www.versiegelung24.com\\\/cs\\\/#\\\/schema\\\/logo\\\/image\\\/\"}}]}<\/script>\n<meta property=\"og:availability\" content=\"instock\" \/>\n<meta property=\"product:availability\" content=\"instock\" \/>\n<meta property=\"product:retailer_item_id\" content=\"1002-7601-muster\" \/>\n<meta property=\"product:condition\" content=\"new\" \/>\n<!-- \/ Yoast SEO Premium plugin. -->","yoast_head_json":{"title":"Vzorek: Tmel na autoskla v profesion\u00e1ln\u00ed kvalit\u011b - 1002-7601 - versiegelung24.com","robots":{"index":"index","follow":"follow","max-snippet":"max-snippet:-1","max-image-preview":"max-image-preview:large","max-video-preview":"max-video-preview:-1"},"canonical":"https:\/\/www.versiegelung24.com\/cs\/vzorek-tesneni-automobiloveho-skla.html","og_locale":"cs_CZ","og_type":"article","og_title":"Vzorek: Tmel na autoskla v profesion\u00e1ln\u00ed kvalit\u011b - 1002-7601","og_description":"Vysoce \u00fa\u010dinn\u00e9 t\u011bsn\u011bn\u00ed pro autoskla a karavany: \u2713 Profesion\u00e1ln\u00ed kvalita \u2713 P\u0159ekonejte zimu t\u00e9m\u011b\u0159 bez \u0161kr\u00e1banc\u016f \u2713 V\u00fdrazn\u011b zlep\u0161en\u00e1 viditelnost za \u0161patn\u00e9ho po\u010das\u00ed \u2713 Od rychlosti cca 70 km\/h se d\u00e9\u0161\u0165 za j\u00edzdy val\u00ed i bez st\u011bra\u010d\u016f a zaji\u0161\u0165uje jasn\u00fd v\u00fdhled","og_url":"https:\/\/www.versiegelung24.com\/cs\/vzorek-tesneni-automobiloveho-skla.html","og_site_name":"versiegelung24.com","article_modified_time":"2025-01-05T14:42:25+00:00","og_image":[{"width":1000,"height":1000,"url":"https:\/\/www.versiegelung24.com\/wp-content\/uploads\/2020\/04\/versiegelung-muster.png","type":"image\/png"}],"twitter_card":"summary_large_image","twitter_misc":{"Dostupnost":"Skladem"},"schema":{"@context":"https:\/\/schema.org","@graph":[{"@type":"WebPage","@id":"https:\/\/www.versiegelung24.com\/cs\/vzorek-tesneni-automobiloveho-skla.html","url":"https:\/\/www.versiegelung24.com\/cs\/vzorek-tesneni-automobiloveho-skla.html","name":"Vzorek: Tmel na autoskla v profesion\u00e1ln\u00ed kvalit\u011b - 1002-7601 - versiegelung24.com","isPartOf":{"@id":"https:\/\/www.versiegelung24.com\/cs\/#website"},"primaryImageOfPage":{"@id":"https:\/\/www.versiegelung24.com\/cs\/vzorek-tesneni-automobiloveho-skla.html#primaryimage"},"image":{"@id":"https:\/\/www.versiegelung24.com\/cs\/vzorek-tesneni-automobiloveho-skla.html#primaryimage"},"thumbnailUrl":"https:\/\/www.versiegelung24.com\/wp-content\/uploads\/2020\/04\/versiegelung-muster.png","datePublished":"2020-04-29T18:57:10+00:00","dateModified":"2025-01-05T14:42:25+00:00","breadcrumb":{"@id":"https:\/\/www.versiegelung24.com\/cs\/vzorek-tesneni-automobiloveho-skla.html#breadcrumb"},"inLanguage":"cs","potentialAction":[{"@type":"ReadAction","target":["https:\/\/www.versiegelung24.com\/cs\/vzorek-tesneni-automobiloveho-skla.html"]}]},{"@type":"ImageObject","inLanguage":"cs","@id":"https:\/\/www.versiegelung24.com\/cs\/vzorek-tesneni-automobiloveho-skla.html#primaryimage","url":"https:\/\/www.versiegelung24.com\/wp-content\/uploads\/2020\/04\/versiegelung-muster.png","contentUrl":"https:\/\/www.versiegelung24.com\/wp-content\/uploads\/2020\/04\/versiegelung-muster.png","width":1000,"height":1000},{"@type":"BreadcrumbList","@id":"https:\/\/www.versiegelung24.com\/cs\/vzorek-tesneni-automobiloveho-skla.html#breadcrumb","itemListElement":[{"@type":"ListItem","position":1,"name":"Domovsk\u00e1 str\u00e1nka","item":"https:\/\/www.versiegelung24.com\/cs\/predni\/"},{"@type":"ListItem","position":2,"name":"Prodejna","item":"https:\/\/www.versiegelung24.com\/cs\/prodejna\/"},{"@type":"ListItem","position":3,"name":"Vzorek: Tmel na autoskla v profesion\u00e1ln\u00ed kvalit\u011b &#8211; 1002-7601"}]},{"@type":"WebSite","@id":"https:\/\/www.versiegelung24.com\/cs\/#website","url":"https:\/\/www.versiegelung24.com\/cs\/","name":"versiegelung24.com","description":"Fl\u00fcssigglas-Versiegelung - Made in Germany","publisher":{"@id":"https:\/\/www.versiegelung24.com\/cs\/#organization"},"potentialAction":[{"@type":"SearchAction","target":{"@type":"EntryPoint","urlTemplate":"https:\/\/www.versiegelung24.com\/cs\/?s={search_term_string}"},"query-input":{"@type":"PropertyValueSpecification","valueRequired":true,"valueName":"search_term_string"}}],"inLanguage":"cs"},{"@type":"Organization","@id":"https:\/\/www.versiegelung24.com\/cs\/#organization","name":"versiegelung24","url":"https:\/\/www.versiegelung24.com\/cs\/","logo":{"@type":"ImageObject","inLanguage":"cs","@id":"https:\/\/www.versiegelung24.com\/cs\/#\/schema\/logo\/image\/","url":"https:\/\/www.versiegelung24.com\/wp-content\/uploads\/2020\/04\/versiegelung24.png","contentUrl":"https:\/\/www.versiegelung24.com\/wp-content\/uploads\/2020\/04\/versiegelung24.png","width":470,"height":102,"caption":"versiegelung24"},"image":{"@id":"https:\/\/www.versiegelung24.com\/cs\/#\/schema\/logo\/image\/"}}]},"og_availability":"instock","product_availability":"instock","product_retailer_item_id":"1002-7601-muster","product_condition":"new"},"_links":{"self":[{"href":"https:\/\/www.versiegelung24.com\/cs\/wp-json\/wp\/v2\/product\/23673","targetHints":{"allow":["GET"]}}],"collection":[{"href":"https:\/\/www.versiegelung24.com\/cs\/wp-json\/wp\/v2\/product"}],"about":[{"href":"https:\/\/www.versiegelung24.com\/cs\/wp-json\/wp\/v2\/types\/product"}],"version-history":[{"count":4,"href":"https:\/\/www.versiegelung24.com\/cs\/wp-json\/wp\/v2\/product\/23673\/revisions"}],"predecessor-version":[{"id":178297,"href":"https:\/\/www.versiegelung24.com\/cs\/wp-json\/wp\/v2\/product\/23673\/revisions\/178297"}],"wp:featuredmedia":[{"embeddable":true,"href":"https:\/\/www.versiegelung24.com\/cs\/wp-json\/wp\/v2\/media\/14604"}],"wp:attachment":[{"href":"https:\/\/www.versiegelung24.com\/cs\/wp-json\/wp\/v2\/media?parent=23673"}],"wp:term":[{"taxonomy":"product_brand","embeddable":true,"href":"https:\/\/www.versiegelung24.com\/cs\/wp-json\/wp\/v2\/product_brand?post=23673"},{"taxonomy":"product_cat","embeddable":true,"href":"https:\/\/www.versiegelung24.com\/cs\/wp-json\/wp\/v2\/product_cat?post=23673"},{"taxonomy":"product_tag","embeddable":true,"href":"https:\/\/www.versiegelung24.com\/cs\/wp-json\/wp\/v2\/product_tag?post=23673"}],"curies":[{"name":"wp","href":"https:\/\/api.w.org\/{rel}","templated":true}]}}