{"id":23736,"date":"2020-04-04T18:53:45","date_gmt":"2021-08-02T19:59:08","guid":{"rendered":"https:\/\/www.versiegelung24.com\/produkt\/cistic-nerezove-oceli-blu1000-pro-profesionalni-cisteni-a-pripravu-povrchu-z-nerezove-oceli"},"modified":"2025-03-20T10:01:09","modified_gmt":"2025-03-20T09:01:09","slug":"cistic-nerezove-oceli-blu1000-pro-profesionalni-cisteni-a-pripravu-povrchu-z-nerezove-oceli","status":"publish","type":"product","link":"https:\/\/www.versiegelung24.com\/cs\/cistic-nerezove-oceli-blu1000-pro-profesionalni-cisteni-a-pripravu-povrchu-z-nerezove-oceli.html","title":{"rendered":"\u010cisti\u010d nerezov\u00e9 oceli BLU1000 &#8211; pro profesion\u00e1ln\u00ed \u010di\u0161t\u011bn\u00ed a p\u0159\u00edpravu povrch\u016f z nerezov\u00e9 oceli"},"content":{"rendered":"\n<p><strong>Speci\u00e1ln\u00ed nerezov\u00fd \u010disti\u010d BLU1000<\/strong><\/p>\n\n<hr \/>\n\n<h4 class=\"wp-block-heading\" id=\"properties\">Vlastnosti produktu<\/h4>\n\n<p>V\u00fdrobek obsahuje vysoce aktivn\u00ed \u010distic\u00ed aditiva a aditiva pro obnovu nejt\u011b\u017e\u0161\u00edch zne\u010di\u0161t\u011bn\u00fdch, po\u0161kozen\u00fdch, zkorodovan\u00fdch a nevzhledn\u00fdch povrch\u016f z nerezov\u00e9 oceli. V\u00fdsledkem je dobr\u00fd optick\u00fd a\u017e vysoce leskl\u00fd povrch.<\/p>\n\n<p><br \/><br \/>Rozsah dod\u00e1vky: 1 x litrov\u00e1 l\u00e1hev 1 x popis produktu<\/p>\n\n<hr \/>\n\n<h4 class=\"wp-block-heading\" id=\"application\">Aplikace<\/h4>\n\n<p>Vnit\u0159n\u00ed a vn\u011bj\u0161\u00ed povrchy z nerezov\u00e9 oceli, povlaky (kovov\u00e9, organick\u00e9, anorganick\u00e9) v pr\u016fmyslu, \u0159emesln\u00e9m, luxusn\u00edm a potravin\u00e1\u0159sk\u00e9m pr\u016fmyslu, spole\u010dn\u00fdch prostor\u00e1ch (nap\u0159. Baz\u00e9ny, kliniky) a v dom\u00e1cnosti.<\/p>\n\n<p>Speci\u00e1ln\u00ed \u010disti\u010d z nerezov\u00e9 oceli BLU1000 se pou\u017e\u00edv\u00e1 jako speci\u00e1ln\u00ed \u010disti\u010d pro nejt\u011b\u017e\u0161\u00ed zne\u010di\u0161t\u011bn\u00ed, usazeniny a korozi na kontejnerech, pivovarsk\u00fdch syst\u00e9mech, schodi\u0161t\u00edch, z\u00e1bradl\u00edch, z\u00e1bradl\u00edch, baz\u00e9nech, ocelov\u00fdch fas\u00e1d\u00e1ch, ocelov\u00e9m n\u00e1bytku a mnoha dal\u0161\u00edch. pou\u017eit\u00fd.<\/p>\n\n<p>BLU1000 je speci\u00e1ln\u00ed \u010disti\u010d na nerezovou ocel, ale lze jej pou\u017e\u00edt i na jin\u00e9 povrchy. Zde v\u0161ak nejprve prove\u010fte test na nen\u00e1padn\u00e9m m\u00edst\u011b.<\/p>\n\n<p><br \/>S<strong>pot\u0159eba<\/strong>: 0,5 &#8211; 1 kg na 10 m\u00b2.<\/p>\n\n<p>V\u0161echny informace jsou nez\u00e1vazn\u00e9. <br \/>P\u0159ed pou\u017eit\u00edm je t\u0159eba zkontrolovat vhodnost v\u00fdrobku. Technick\u00e9 zm\u011bny vyhrazeny.<\/p>\n","protected":false},"excerpt":{"rendered":"<p><strong>Produkt obsahuje:<\/strong><\/p>\n<p>\u2713 Vysoce aktivn\u00ed \u010distic\u00ed prost\u0159edky a p\u0159\u00edsady pro odstran\u011bn\u00ed nejt\u011b\u017e\u0161\u00edch zne\u010di\u0161t\u011bn\u00ed, po\u0161kozen\u00fdch, zkorodovan\u00fdch a nevzhledn\u00fdch nerezov\u00fdch povrch\u016f.<\/p>\n<p>\u2713 Vytvo\u0159\u00ed se dobr\u00fd optick\u00fd a\u017e vysoce leskl\u00fd povrch.<\/p>\n","protected":false},"featured_media":13204,"template":"","meta":{"_acf_changed":false,"neve_meta_sidebar":"","neve_meta_container":"","neve_meta_enable_content_width":"","neve_meta_content_width":0,"neve_meta_title_alignment":"","neve_meta_author_avatar":"","neve_post_elements_order":"","neve_meta_disable_header":"","neve_meta_disable_footer":"","neve_meta_disable_title":"","neve_meta_reading_time":"","_surfaces":[],"_ver_product_tabs":[],"footnotes":""},"product_brand":[],"product_cat":[2223,2309,2316,2680],"product_tag":[],"class_list":{"0":"post-23736","1":"product","2":"type-product","3":"status-publish","4":"has-post-thumbnail","6":"product_cat-tesneni-auta","7":"product_cat-kovove-a-plastove-tesneni","8":"product_cat-cistici-prostredky","9":"product_cat-cistic-nerezove-oceli","11":"first","12":"instock","13":"taxable","14":"shipping-taxable","15":"purchasable","16":"product-type-simple"},"acf":[],"yoast_head":"<!-- This site is optimized with the Yoast SEO Premium plugin v22.8 (Yoast SEO v27.5) - https:\/\/yoast.com\/product\/yoast-seo-premium-wordpress\/ -->\n<title>\u010cisti\u010d nerezov\u00e9 oceli BLU1000 - pro profesion\u00e1ln\u00ed \u010di\u0161t\u011bn\u00ed a p\u0159\u00edpravu povrch\u016f z nerezov\u00e9 oceli - versiegelung24.com<\/title>\n<meta name=\"robots\" content=\"index, follow, max-snippet:-1, max-image-preview:large, max-video-preview:-1\" \/>\n<link rel=\"canonical\" href=\"https:\/\/www.versiegelung24.com\/cs\/cistic-nerezove-oceli-blu1000-pro-profesionalni-cisteni-a-pripravu-povrchu-z-nerezove-oceli.html\" \/>\n<meta property=\"og:locale\" content=\"cs_CZ\" \/>\n<meta property=\"og:type\" content=\"article\" \/>\n<meta property=\"og:title\" content=\"\u010cisti\u010d nerezov\u00e9 oceli BLU1000 - pro profesion\u00e1ln\u00ed \u010di\u0161t\u011bn\u00ed a p\u0159\u00edpravu povrch\u016f z nerezov\u00e9 oceli\" \/>\n<meta property=\"og:description\" content=\"Produkt obsahuje: \u2713 Vysoce aktivn\u00ed \u010distic\u00ed prost\u0159edky a p\u0159\u00edsady pro odstran\u011bn\u00ed nejt\u011b\u017e\u0161\u00edch zne\u010di\u0161t\u011bn\u00ed, po\u0161kozen\u00fdch, zkorodovan\u00fdch a nevzhledn\u00fdch nerezov\u00fdch povrch\u016f. \u2713 Vytvo\u0159\u00ed se dobr\u00fd optick\u00fd a\u017e vysoce leskl\u00fd povrch.\" \/>\n<meta property=\"og:url\" content=\"https:\/\/www.versiegelung24.com\/cs\/cistic-nerezove-oceli-blu1000-pro-profesionalni-cisteni-a-pripravu-povrchu-z-nerezove-oceli.html\" \/>\n<meta property=\"og:site_name\" content=\"versiegelung24.com\" \/>\n<meta property=\"article:modified_time\" content=\"2025-03-20T09:01:09+00:00\" \/>\n<meta property=\"og:image\" content=\"https:\/\/www.versiegelung24.com\/wp-content\/uploads\/2020\/04\/produktfoto_edelstahlreiniger.jpg\" \/>\n\t<meta property=\"og:image:width\" content=\"1000\" \/>\n\t<meta property=\"og:image:height\" content=\"1000\" \/>\n\t<meta property=\"og:image:type\" content=\"image\/jpeg\" \/>\n<meta name=\"twitter:card\" content=\"summary_large_image\" \/>\n<meta name=\"twitter:label1\" content=\"Cena\" \/>\n\t<meta name=\"twitter:data1\" content=\"49,99&euro;\" \/>\n\t<meta name=\"twitter:label2\" content=\"Dostupnost\" \/>\n\t<meta name=\"twitter:data2\" content=\"Skladem\" \/>\n<script type=\"application\/ld+json\" class=\"yoast-schema-graph\">{\"@context\":\"https:\\\/\\\/schema.org\",\"@graph\":[{\"@type\":\"WebPage\",\"@id\":\"https:\\\/\\\/www.versiegelung24.com\\\/cs\\\/cistic-nerezove-oceli-blu1000-pro-profesionalni-cisteni-a-pripravu-povrchu-z-nerezove-oceli.html\",\"url\":\"https:\\\/\\\/www.versiegelung24.com\\\/cs\\\/cistic-nerezove-oceli-blu1000-pro-profesionalni-cisteni-a-pripravu-povrchu-z-nerezove-oceli.html\",\"name\":\"\u010cisti\u010d nerezov\u00e9 oceli BLU1000 - pro profesion\u00e1ln\u00ed \u010di\u0161t\u011bn\u00ed a p\u0159\u00edpravu povrch\u016f z nerezov\u00e9 oceli - versiegelung24.com\",\"isPartOf\":{\"@id\":\"https:\\\/\\\/www.versiegelung24.com\\\/cs\\\/#website\"},\"primaryImageOfPage\":{\"@id\":\"https:\\\/\\\/www.versiegelung24.com\\\/cs\\\/cistic-nerezove-oceli-blu1000-pro-profesionalni-cisteni-a-pripravu-povrchu-z-nerezove-oceli.html#primaryimage\"},\"image\":{\"@id\":\"https:\\\/\\\/www.versiegelung24.com\\\/cs\\\/cistic-nerezove-oceli-blu1000-pro-profesionalni-cisteni-a-pripravu-povrchu-z-nerezove-oceli.html#primaryimage\"},\"thumbnailUrl\":\"https:\\\/\\\/www.versiegelung24.com\\\/wp-content\\\/uploads\\\/2020\\\/04\\\/produktfoto_edelstahlreiniger.jpg\",\"datePublished\":\"2021-08-02T19:59:08+00:00\",\"dateModified\":\"2025-03-20T09:01:09+00:00\",\"breadcrumb\":{\"@id\":\"https:\\\/\\\/www.versiegelung24.com\\\/cs\\\/cistic-nerezove-oceli-blu1000-pro-profesionalni-cisteni-a-pripravu-povrchu-z-nerezove-oceli.html#breadcrumb\"},\"inLanguage\":\"cs\",\"potentialAction\":[{\"@type\":\"ReadAction\",\"target\":[\"https:\\\/\\\/www.versiegelung24.com\\\/cs\\\/cistic-nerezove-oceli-blu1000-pro-profesionalni-cisteni-a-pripravu-povrchu-z-nerezove-oceli.html\"]}]},{\"@type\":\"ImageObject\",\"inLanguage\":\"cs\",\"@id\":\"https:\\\/\\\/www.versiegelung24.com\\\/cs\\\/cistic-nerezove-oceli-blu1000-pro-profesionalni-cisteni-a-pripravu-povrchu-z-nerezove-oceli.html#primaryimage\",\"url\":\"https:\\\/\\\/www.versiegelung24.com\\\/wp-content\\\/uploads\\\/2020\\\/04\\\/produktfoto_edelstahlreiniger.jpg\",\"contentUrl\":\"https:\\\/\\\/www.versiegelung24.com\\\/wp-content\\\/uploads\\\/2020\\\/04\\\/produktfoto_edelstahlreiniger.jpg\",\"width\":1000,\"height\":1000},{\"@type\":\"BreadcrumbList\",\"@id\":\"https:\\\/\\\/www.versiegelung24.com\\\/cs\\\/cistic-nerezove-oceli-blu1000-pro-profesionalni-cisteni-a-pripravu-povrchu-z-nerezove-oceli.html#breadcrumb\",\"itemListElement\":[{\"@type\":\"ListItem\",\"position\":1,\"name\":\"Domovsk\u00e1 str\u00e1nka\",\"item\":\"https:\\\/\\\/www.versiegelung24.com\\\/cs\\\/predni\\\/\"},{\"@type\":\"ListItem\",\"position\":2,\"name\":\"Prodejna\",\"item\":\"https:\\\/\\\/www.versiegelung24.com\\\/cs\\\/prodejna\\\/\"},{\"@type\":\"ListItem\",\"position\":3,\"name\":\"\u010cisti\u010d nerezov\u00e9 oceli BLU1000 &#8211; pro profesion\u00e1ln\u00ed \u010di\u0161t\u011bn\u00ed a p\u0159\u00edpravu povrch\u016f z nerezov\u00e9 oceli\"}]},{\"@type\":\"WebSite\",\"@id\":\"https:\\\/\\\/www.versiegelung24.com\\\/cs\\\/#website\",\"url\":\"https:\\\/\\\/www.versiegelung24.com\\\/cs\\\/\",\"name\":\"versiegelung24.com\",\"description\":\"Fl\u00fcssigglas-Versiegelung - Made in Germany\",\"publisher\":{\"@id\":\"https:\\\/\\\/www.versiegelung24.com\\\/cs\\\/#organization\"},\"potentialAction\":[{\"@type\":\"SearchAction\",\"target\":{\"@type\":\"EntryPoint\",\"urlTemplate\":\"https:\\\/\\\/www.versiegelung24.com\\\/cs\\\/?s={search_term_string}\"},\"query-input\":{\"@type\":\"PropertyValueSpecification\",\"valueRequired\":true,\"valueName\":\"search_term_string\"}}],\"inLanguage\":\"cs\"},{\"@type\":\"Organization\",\"@id\":\"https:\\\/\\\/www.versiegelung24.com\\\/cs\\\/#organization\",\"name\":\"versiegelung24\",\"url\":\"https:\\\/\\\/www.versiegelung24.com\\\/cs\\\/\",\"logo\":{\"@type\":\"ImageObject\",\"inLanguage\":\"cs\",\"@id\":\"https:\\\/\\\/www.versiegelung24.com\\\/cs\\\/#\\\/schema\\\/logo\\\/image\\\/\",\"url\":\"https:\\\/\\\/www.versiegelung24.com\\\/wp-content\\\/uploads\\\/2020\\\/04\\\/versiegelung24.png\",\"contentUrl\":\"https:\\\/\\\/www.versiegelung24.com\\\/wp-content\\\/uploads\\\/2020\\\/04\\\/versiegelung24.png\",\"width\":470,\"height\":102,\"caption\":\"versiegelung24\"},\"image\":{\"@id\":\"https:\\\/\\\/www.versiegelung24.com\\\/cs\\\/#\\\/schema\\\/logo\\\/image\\\/\"}}]}<\/script>\n<meta property=\"product:price:amount\" content=\"49.99\" \/>\n<meta property=\"product:price:currency\" content=\"EUR\" \/>\n<meta property=\"og:availability\" content=\"instock\" \/>\n<meta property=\"product:availability\" content=\"instock\" \/>\n<meta property=\"product:retailer_item_id\" content=\"9001-BLU1000\" \/>\n<meta property=\"product:condition\" content=\"new\" \/>\n<!-- \/ Yoast SEO Premium plugin. -->","yoast_head_json":{"title":"\u010cisti\u010d nerezov\u00e9 oceli BLU1000 - pro profesion\u00e1ln\u00ed \u010di\u0161t\u011bn\u00ed a p\u0159\u00edpravu povrch\u016f z nerezov\u00e9 oceli - versiegelung24.com","robots":{"index":"index","follow":"follow","max-snippet":"max-snippet:-1","max-image-preview":"max-image-preview:large","max-video-preview":"max-video-preview:-1"},"canonical":"https:\/\/www.versiegelung24.com\/cs\/cistic-nerezove-oceli-blu1000-pro-profesionalni-cisteni-a-pripravu-povrchu-z-nerezove-oceli.html","og_locale":"cs_CZ","og_type":"article","og_title":"\u010cisti\u010d nerezov\u00e9 oceli BLU1000 - pro profesion\u00e1ln\u00ed \u010di\u0161t\u011bn\u00ed a p\u0159\u00edpravu povrch\u016f z nerezov\u00e9 oceli","og_description":"Produkt obsahuje: \u2713 Vysoce aktivn\u00ed \u010distic\u00ed prost\u0159edky a p\u0159\u00edsady pro odstran\u011bn\u00ed nejt\u011b\u017e\u0161\u00edch zne\u010di\u0161t\u011bn\u00ed, po\u0161kozen\u00fdch, zkorodovan\u00fdch a nevzhledn\u00fdch nerezov\u00fdch povrch\u016f. \u2713 Vytvo\u0159\u00ed se dobr\u00fd optick\u00fd a\u017e vysoce leskl\u00fd povrch.","og_url":"https:\/\/www.versiegelung24.com\/cs\/cistic-nerezove-oceli-blu1000-pro-profesionalni-cisteni-a-pripravu-povrchu-z-nerezove-oceli.html","og_site_name":"versiegelung24.com","article_modified_time":"2025-03-20T09:01:09+00:00","og_image":[{"width":1000,"height":1000,"url":"https:\/\/www.versiegelung24.com\/wp-content\/uploads\/2020\/04\/produktfoto_edelstahlreiniger.jpg","type":"image\/jpeg"}],"twitter_card":"summary_large_image","twitter_misc":{"Cena":"49,99&euro;","Dostupnost":"Skladem"},"schema":{"@context":"https:\/\/schema.org","@graph":[{"@type":"WebPage","@id":"https:\/\/www.versiegelung24.com\/cs\/cistic-nerezove-oceli-blu1000-pro-profesionalni-cisteni-a-pripravu-povrchu-z-nerezove-oceli.html","url":"https:\/\/www.versiegelung24.com\/cs\/cistic-nerezove-oceli-blu1000-pro-profesionalni-cisteni-a-pripravu-povrchu-z-nerezove-oceli.html","name":"\u010cisti\u010d nerezov\u00e9 oceli BLU1000 - pro profesion\u00e1ln\u00ed \u010di\u0161t\u011bn\u00ed a p\u0159\u00edpravu povrch\u016f z nerezov\u00e9 oceli - versiegelung24.com","isPartOf":{"@id":"https:\/\/www.versiegelung24.com\/cs\/#website"},"primaryImageOfPage":{"@id":"https:\/\/www.versiegelung24.com\/cs\/cistic-nerezove-oceli-blu1000-pro-profesionalni-cisteni-a-pripravu-povrchu-z-nerezove-oceli.html#primaryimage"},"image":{"@id":"https:\/\/www.versiegelung24.com\/cs\/cistic-nerezove-oceli-blu1000-pro-profesionalni-cisteni-a-pripravu-povrchu-z-nerezove-oceli.html#primaryimage"},"thumbnailUrl":"https:\/\/www.versiegelung24.com\/wp-content\/uploads\/2020\/04\/produktfoto_edelstahlreiniger.jpg","datePublished":"2021-08-02T19:59:08+00:00","dateModified":"2025-03-20T09:01:09+00:00","breadcrumb":{"@id":"https:\/\/www.versiegelung24.com\/cs\/cistic-nerezove-oceli-blu1000-pro-profesionalni-cisteni-a-pripravu-povrchu-z-nerezove-oceli.html#breadcrumb"},"inLanguage":"cs","potentialAction":[{"@type":"ReadAction","target":["https:\/\/www.versiegelung24.com\/cs\/cistic-nerezove-oceli-blu1000-pro-profesionalni-cisteni-a-pripravu-povrchu-z-nerezove-oceli.html"]}]},{"@type":"ImageObject","inLanguage":"cs","@id":"https:\/\/www.versiegelung24.com\/cs\/cistic-nerezove-oceli-blu1000-pro-profesionalni-cisteni-a-pripravu-povrchu-z-nerezove-oceli.html#primaryimage","url":"https:\/\/www.versiegelung24.com\/wp-content\/uploads\/2020\/04\/produktfoto_edelstahlreiniger.jpg","contentUrl":"https:\/\/www.versiegelung24.com\/wp-content\/uploads\/2020\/04\/produktfoto_edelstahlreiniger.jpg","width":1000,"height":1000},{"@type":"BreadcrumbList","@id":"https:\/\/www.versiegelung24.com\/cs\/cistic-nerezove-oceli-blu1000-pro-profesionalni-cisteni-a-pripravu-povrchu-z-nerezove-oceli.html#breadcrumb","itemListElement":[{"@type":"ListItem","position":1,"name":"Domovsk\u00e1 str\u00e1nka","item":"https:\/\/www.versiegelung24.com\/cs\/predni\/"},{"@type":"ListItem","position":2,"name":"Prodejna","item":"https:\/\/www.versiegelung24.com\/cs\/prodejna\/"},{"@type":"ListItem","position":3,"name":"\u010cisti\u010d nerezov\u00e9 oceli BLU1000 &#8211; pro profesion\u00e1ln\u00ed \u010di\u0161t\u011bn\u00ed a p\u0159\u00edpravu povrch\u016f z nerezov\u00e9 oceli"}]},{"@type":"WebSite","@id":"https:\/\/www.versiegelung24.com\/cs\/#website","url":"https:\/\/www.versiegelung24.com\/cs\/","name":"versiegelung24.com","description":"Fl\u00fcssigglas-Versiegelung - Made in Germany","publisher":{"@id":"https:\/\/www.versiegelung24.com\/cs\/#organization"},"potentialAction":[{"@type":"SearchAction","target":{"@type":"EntryPoint","urlTemplate":"https:\/\/www.versiegelung24.com\/cs\/?s={search_term_string}"},"query-input":{"@type":"PropertyValueSpecification","valueRequired":true,"valueName":"search_term_string"}}],"inLanguage":"cs"},{"@type":"Organization","@id":"https:\/\/www.versiegelung24.com\/cs\/#organization","name":"versiegelung24","url":"https:\/\/www.versiegelung24.com\/cs\/","logo":{"@type":"ImageObject","inLanguage":"cs","@id":"https:\/\/www.versiegelung24.com\/cs\/#\/schema\/logo\/image\/","url":"https:\/\/www.versiegelung24.com\/wp-content\/uploads\/2020\/04\/versiegelung24.png","contentUrl":"https:\/\/www.versiegelung24.com\/wp-content\/uploads\/2020\/04\/versiegelung24.png","width":470,"height":102,"caption":"versiegelung24"},"image":{"@id":"https:\/\/www.versiegelung24.com\/cs\/#\/schema\/logo\/image\/"}}]},"product_price_amount":"49.99","product_price_currency":"EUR","og_availability":"instock","product_availability":"instock","product_retailer_item_id":"9001-BLU1000","product_condition":"new"},"_links":{"self":[{"href":"https:\/\/www.versiegelung24.com\/cs\/wp-json\/wp\/v2\/product\/23736","targetHints":{"allow":["GET"]}}],"collection":[{"href":"https:\/\/www.versiegelung24.com\/cs\/wp-json\/wp\/v2\/product"}],"about":[{"href":"https:\/\/www.versiegelung24.com\/cs\/wp-json\/wp\/v2\/types\/product"}],"version-history":[{"count":14,"href":"https:\/\/www.versiegelung24.com\/cs\/wp-json\/wp\/v2\/product\/23736\/revisions"}],"predecessor-version":[{"id":181060,"href":"https:\/\/www.versiegelung24.com\/cs\/wp-json\/wp\/v2\/product\/23736\/revisions\/181060"}],"wp:featuredmedia":[{"embeddable":true,"href":"https:\/\/www.versiegelung24.com\/cs\/wp-json\/wp\/v2\/media\/13204"}],"wp:attachment":[{"href":"https:\/\/www.versiegelung24.com\/cs\/wp-json\/wp\/v2\/media?parent=23736"}],"wp:term":[{"taxonomy":"product_brand","embeddable":true,"href":"https:\/\/www.versiegelung24.com\/cs\/wp-json\/wp\/v2\/product_brand?post=23736"},{"taxonomy":"product_cat","embeddable":true,"href":"https:\/\/www.versiegelung24.com\/cs\/wp-json\/wp\/v2\/product_cat?post=23736"},{"taxonomy":"product_tag","embeddable":true,"href":"https:\/\/www.versiegelung24.com\/cs\/wp-json\/wp\/v2\/product_tag?post=23736"}],"curies":[{"name":"wp","href":"https:\/\/api.w.org\/{rel}","templated":true}]}}