{"id":23766,"date":"2020-04-27T22:33:04","date_gmt":"2020-04-27T20:33:04","guid":{"rendered":"https:\/\/www.versiegelung24.com\/produkt\/ukazka-univerzalni-tesneni-673-pro-tvrde-nesave-povrchy"},"modified":"2025-01-04T00:06:41","modified_gmt":"2025-01-03T23:06:41","slug":"vzor-univerzalni-tmel-673-na-tvrde-neabsorpcni-povrchy","status":"publish","type":"product","link":"https:\/\/www.versiegelung24.com\/cs\/vzor-univerzalni-tesnici-673-pro-tvrde-nesave-povrchy.html","title":{"rendered":"Vzorek: Univerz\u00e1ln\u00ed tmel 673 pro &#8220;tvrd\u00e9&#8221;\/nesav\u00e9 povrchy &#8211; 4004-673"},"content":{"rendered":"\n<p>Vzorek na\u0161eho <a href=\"https:\/\/www.versiegelung24.com\/cs\/univerzalni-tesneni-673-na-tvrde-nesave-povrchy-laky-plast-plast-sklokeramika-kov-nerez-ocel.html\">pr\u00e9miov\u00e9ho tmelu na sklo a keramiku s extr\u00e9mn\u00ed odolnost\u00ed<\/a> pro zku\u0161ebn\u00ed pou\u017eit\u00ed nebo ut\u011bsn\u011bn\u00ed men\u0161\u00edch ploch.<\/p>\n","protected":false},"excerpt":{"rendered":"<p><strong>**NOVINKA** Vysoce \u00fa\u010dinn\u00e9 profesion\u00e1ln\u00ed univerz\u00e1ln\u00ed t\u011bsn\u011bn\u00ed pro &#8220;tvrd\u00e9&#8221;\/nesav\u00e9 povrchy jako jsou:<\/strong><\/p>\n<p>\u2713 Sklo<\/p>\n<p>\u2713 Keramick\u00e9 povrchy<\/p>\n<p>\u2713 Plastov\u00e9 povrchy<\/p>\n<p>\u2713 Kovov\u00e9 povrchy<\/p>\n<p>\u2713 S efektem snadn\u00e9ho \u010di\u0161t\u011bn\u00ed<\/p>\n","protected":false},"featured_media":14604,"template":"","meta":{"_acf_changed":false,"neve_meta_sidebar":"","neve_meta_container":"","neve_meta_enable_content_width":"","neve_meta_content_width":0,"neve_meta_title_alignment":"","neve_meta_author_avatar":"","neve_post_elements_order":"","neve_meta_disable_header":"","neve_meta_disable_footer":"","neve_meta_disable_title":"","neve_meta_reading_time":"","_surfaces":[],"_ver_product_tabs":[],"footnotes":""},"product_brand":[],"product_cat":[2633],"product_tag":[],"class_list":{"0":"post-23766","1":"product","2":"type-product","3":"status-publish","4":"has-post-thumbnail","6":"product_cat-sablona","7":"pa_gebinde-10ml-lahvicka","9":"first","10":"instock","11":"sold-individually","12":"taxable","13":"shipping-taxable","14":"purchasable","15":"product-type-variable","16":"has-default-attributes"},"acf":[],"yoast_head":"<!-- This site is optimized with the Yoast SEO Premium plugin v22.8 (Yoast SEO v27.3) - https:\/\/yoast.com\/product\/yoast-seo-premium-wordpress\/ -->\n<title>Vzorek: Univerz\u00e1ln\u00ed tmel 673 pro &quot;tvrd\u00e9&quot;\/nesav\u00e9 povrchy - 4004-673 - versiegelung24.com<\/title>\n<meta name=\"robots\" content=\"index, follow, max-snippet:-1, max-image-preview:large, max-video-preview:-1\" \/>\n<link rel=\"canonical\" href=\"https:\/\/www.versiegelung24.com\/cs\/vzor-univerzalni-tesnici-673-pro-tvrde-nesave-povrchy.html\" \/>\n<meta property=\"og:locale\" content=\"cs_CZ\" \/>\n<meta property=\"og:type\" content=\"article\" \/>\n<meta property=\"og:title\" content=\"Vzorek: Univerz\u00e1ln\u00ed tmel 673 pro &quot;tvrd\u00e9&quot;\/nesav\u00e9 povrchy - 4004-673\" \/>\n<meta property=\"og:description\" content=\"**NOVINKA** Vysoce \u00fa\u010dinn\u00e9 profesion\u00e1ln\u00ed univerz\u00e1ln\u00ed t\u011bsn\u011bn\u00ed pro &quot;tvrd\u00e9&quot;\/nesav\u00e9 povrchy jako jsou: \u2713 Sklo \u2713 Keramick\u00e9 povrchy \u2713 Plastov\u00e9 povrchy \u2713 Kovov\u00e9 povrchy \u2713 S efektem snadn\u00e9ho \u010di\u0161t\u011bn\u00ed\" \/>\n<meta property=\"og:url\" content=\"https:\/\/www.versiegelung24.com\/cs\/vzor-univerzalni-tesnici-673-pro-tvrde-nesave-povrchy.html\" \/>\n<meta property=\"og:site_name\" content=\"versiegelung24.com\" \/>\n<meta property=\"article:modified_time\" content=\"2025-01-03T23:06:41+00:00\" \/>\n<meta property=\"og:image\" content=\"https:\/\/www.versiegelung24.com\/wp-content\/uploads\/2020\/04\/versiegelung-muster.png\" \/>\n\t<meta property=\"og:image:width\" content=\"1000\" \/>\n\t<meta property=\"og:image:height\" content=\"1000\" \/>\n\t<meta property=\"og:image:type\" content=\"image\/png\" \/>\n<meta name=\"twitter:card\" content=\"summary_large_image\" \/>\n<meta name=\"twitter:label1\" content=\"Dostupnost\" \/>\n\t<meta name=\"twitter:data1\" content=\"Skladem\" \/>\n<script type=\"application\/ld+json\" class=\"yoast-schema-graph\">{\"@context\":\"https:\\\/\\\/schema.org\",\"@graph\":[{\"@type\":\"WebPage\",\"@id\":\"https:\\\/\\\/www.versiegelung24.com\\\/cs\\\/vzor-univerzalni-tesnici-673-pro-tvrde-nesave-povrchy.html\",\"url\":\"https:\\\/\\\/www.versiegelung24.com\\\/cs\\\/vzor-univerzalni-tesnici-673-pro-tvrde-nesave-povrchy.html\",\"name\":\"Vzorek: Univerz\u00e1ln\u00ed tmel 673 pro \\\"tvrd\u00e9\\\"\\\/nesav\u00e9 povrchy - 4004-673 - versiegelung24.com\",\"isPartOf\":{\"@id\":\"https:\\\/\\\/www.versiegelung24.com\\\/cs\\\/#website\"},\"primaryImageOfPage\":{\"@id\":\"https:\\\/\\\/www.versiegelung24.com\\\/cs\\\/vzor-univerzalni-tesnici-673-pro-tvrde-nesave-povrchy.html#primaryimage\"},\"image\":{\"@id\":\"https:\\\/\\\/www.versiegelung24.com\\\/cs\\\/vzor-univerzalni-tesnici-673-pro-tvrde-nesave-povrchy.html#primaryimage\"},\"thumbnailUrl\":\"https:\\\/\\\/www.versiegelung24.com\\\/wp-content\\\/uploads\\\/2020\\\/04\\\/versiegelung-muster.png\",\"datePublished\":\"2020-04-27T20:33:04+00:00\",\"dateModified\":\"2025-01-03T23:06:41+00:00\",\"breadcrumb\":{\"@id\":\"https:\\\/\\\/www.versiegelung24.com\\\/cs\\\/vzor-univerzalni-tesnici-673-pro-tvrde-nesave-povrchy.html#breadcrumb\"},\"inLanguage\":\"cs\",\"potentialAction\":[{\"@type\":\"ReadAction\",\"target\":[\"https:\\\/\\\/www.versiegelung24.com\\\/cs\\\/vzor-univerzalni-tesnici-673-pro-tvrde-nesave-povrchy.html\"]}]},{\"@type\":\"ImageObject\",\"inLanguage\":\"cs\",\"@id\":\"https:\\\/\\\/www.versiegelung24.com\\\/cs\\\/vzor-univerzalni-tesnici-673-pro-tvrde-nesave-povrchy.html#primaryimage\",\"url\":\"https:\\\/\\\/www.versiegelung24.com\\\/wp-content\\\/uploads\\\/2020\\\/04\\\/versiegelung-muster.png\",\"contentUrl\":\"https:\\\/\\\/www.versiegelung24.com\\\/wp-content\\\/uploads\\\/2020\\\/04\\\/versiegelung-muster.png\",\"width\":1000,\"height\":1000},{\"@type\":\"BreadcrumbList\",\"@id\":\"https:\\\/\\\/www.versiegelung24.com\\\/cs\\\/vzor-univerzalni-tesnici-673-pro-tvrde-nesave-povrchy.html#breadcrumb\",\"itemListElement\":[{\"@type\":\"ListItem\",\"position\":1,\"name\":\"Domovsk\u00e1 str\u00e1nka\",\"item\":\"https:\\\/\\\/www.versiegelung24.com\\\/cs\\\/predni\\\/\"},{\"@type\":\"ListItem\",\"position\":2,\"name\":\"Prodejna\",\"item\":\"https:\\\/\\\/www.versiegelung24.com\\\/cs\\\/prodejna\\\/\"},{\"@type\":\"ListItem\",\"position\":3,\"name\":\"Vzorek: Univerz\u00e1ln\u00ed tmel 673 pro &#8220;tvrd\u00e9&#8221;\\\/nesav\u00e9 povrchy &#8211; 4004-673\"}]},{\"@type\":\"WebSite\",\"@id\":\"https:\\\/\\\/www.versiegelung24.com\\\/cs\\\/#website\",\"url\":\"https:\\\/\\\/www.versiegelung24.com\\\/cs\\\/\",\"name\":\"versiegelung24.com\",\"description\":\"Fl\u00fcssigglas-Versiegelung - Made in Germany\",\"publisher\":{\"@id\":\"https:\\\/\\\/www.versiegelung24.com\\\/cs\\\/#organization\"},\"potentialAction\":[{\"@type\":\"SearchAction\",\"target\":{\"@type\":\"EntryPoint\",\"urlTemplate\":\"https:\\\/\\\/www.versiegelung24.com\\\/cs\\\/?s={search_term_string}\"},\"query-input\":{\"@type\":\"PropertyValueSpecification\",\"valueRequired\":true,\"valueName\":\"search_term_string\"}}],\"inLanguage\":\"cs\"},{\"@type\":\"Organization\",\"@id\":\"https:\\\/\\\/www.versiegelung24.com\\\/cs\\\/#organization\",\"name\":\"versiegelung24\",\"url\":\"https:\\\/\\\/www.versiegelung24.com\\\/cs\\\/\",\"logo\":{\"@type\":\"ImageObject\",\"inLanguage\":\"cs\",\"@id\":\"https:\\\/\\\/www.versiegelung24.com\\\/cs\\\/#\\\/schema\\\/logo\\\/image\\\/\",\"url\":\"https:\\\/\\\/www.versiegelung24.com\\\/wp-content\\\/uploads\\\/2020\\\/04\\\/versiegelung24.png\",\"contentUrl\":\"https:\\\/\\\/www.versiegelung24.com\\\/wp-content\\\/uploads\\\/2020\\\/04\\\/versiegelung24.png\",\"width\":470,\"height\":102,\"caption\":\"versiegelung24\"},\"image\":{\"@id\":\"https:\\\/\\\/www.versiegelung24.com\\\/cs\\\/#\\\/schema\\\/logo\\\/image\\\/\"}}]}<\/script>\n<meta property=\"og:availability\" content=\"instock\" \/>\n<meta property=\"product:availability\" content=\"instock\" \/>\n<meta property=\"product:retailer_item_id\" content=\"4004-673-muster\" \/>\n<meta property=\"product:condition\" content=\"new\" \/>\n<!-- \/ Yoast SEO Premium plugin. -->","yoast_head_json":{"title":"Vzorek: Univerz\u00e1ln\u00ed tmel 673 pro \"tvrd\u00e9\"\/nesav\u00e9 povrchy - 4004-673 - versiegelung24.com","robots":{"index":"index","follow":"follow","max-snippet":"max-snippet:-1","max-image-preview":"max-image-preview:large","max-video-preview":"max-video-preview:-1"},"canonical":"https:\/\/www.versiegelung24.com\/cs\/vzor-univerzalni-tesnici-673-pro-tvrde-nesave-povrchy.html","og_locale":"cs_CZ","og_type":"article","og_title":"Vzorek: Univerz\u00e1ln\u00ed tmel 673 pro \"tvrd\u00e9\"\/nesav\u00e9 povrchy - 4004-673","og_description":"**NOVINKA** Vysoce \u00fa\u010dinn\u00e9 profesion\u00e1ln\u00ed univerz\u00e1ln\u00ed t\u011bsn\u011bn\u00ed pro \"tvrd\u00e9\"\/nesav\u00e9 povrchy jako jsou: \u2713 Sklo \u2713 Keramick\u00e9 povrchy \u2713 Plastov\u00e9 povrchy \u2713 Kovov\u00e9 povrchy \u2713 S efektem snadn\u00e9ho \u010di\u0161t\u011bn\u00ed","og_url":"https:\/\/www.versiegelung24.com\/cs\/vzor-univerzalni-tesnici-673-pro-tvrde-nesave-povrchy.html","og_site_name":"versiegelung24.com","article_modified_time":"2025-01-03T23:06:41+00:00","og_image":[{"width":1000,"height":1000,"url":"https:\/\/www.versiegelung24.com\/wp-content\/uploads\/2020\/04\/versiegelung-muster.png","type":"image\/png"}],"twitter_card":"summary_large_image","twitter_misc":{"Dostupnost":"Skladem"},"schema":{"@context":"https:\/\/schema.org","@graph":[{"@type":"WebPage","@id":"https:\/\/www.versiegelung24.com\/cs\/vzor-univerzalni-tesnici-673-pro-tvrde-nesave-povrchy.html","url":"https:\/\/www.versiegelung24.com\/cs\/vzor-univerzalni-tesnici-673-pro-tvrde-nesave-povrchy.html","name":"Vzorek: Univerz\u00e1ln\u00ed tmel 673 pro \"tvrd\u00e9\"\/nesav\u00e9 povrchy - 4004-673 - versiegelung24.com","isPartOf":{"@id":"https:\/\/www.versiegelung24.com\/cs\/#website"},"primaryImageOfPage":{"@id":"https:\/\/www.versiegelung24.com\/cs\/vzor-univerzalni-tesnici-673-pro-tvrde-nesave-povrchy.html#primaryimage"},"image":{"@id":"https:\/\/www.versiegelung24.com\/cs\/vzor-univerzalni-tesnici-673-pro-tvrde-nesave-povrchy.html#primaryimage"},"thumbnailUrl":"https:\/\/www.versiegelung24.com\/wp-content\/uploads\/2020\/04\/versiegelung-muster.png","datePublished":"2020-04-27T20:33:04+00:00","dateModified":"2025-01-03T23:06:41+00:00","breadcrumb":{"@id":"https:\/\/www.versiegelung24.com\/cs\/vzor-univerzalni-tesnici-673-pro-tvrde-nesave-povrchy.html#breadcrumb"},"inLanguage":"cs","potentialAction":[{"@type":"ReadAction","target":["https:\/\/www.versiegelung24.com\/cs\/vzor-univerzalni-tesnici-673-pro-tvrde-nesave-povrchy.html"]}]},{"@type":"ImageObject","inLanguage":"cs","@id":"https:\/\/www.versiegelung24.com\/cs\/vzor-univerzalni-tesnici-673-pro-tvrde-nesave-povrchy.html#primaryimage","url":"https:\/\/www.versiegelung24.com\/wp-content\/uploads\/2020\/04\/versiegelung-muster.png","contentUrl":"https:\/\/www.versiegelung24.com\/wp-content\/uploads\/2020\/04\/versiegelung-muster.png","width":1000,"height":1000},{"@type":"BreadcrumbList","@id":"https:\/\/www.versiegelung24.com\/cs\/vzor-univerzalni-tesnici-673-pro-tvrde-nesave-povrchy.html#breadcrumb","itemListElement":[{"@type":"ListItem","position":1,"name":"Domovsk\u00e1 str\u00e1nka","item":"https:\/\/www.versiegelung24.com\/cs\/predni\/"},{"@type":"ListItem","position":2,"name":"Prodejna","item":"https:\/\/www.versiegelung24.com\/cs\/prodejna\/"},{"@type":"ListItem","position":3,"name":"Vzorek: Univerz\u00e1ln\u00ed tmel 673 pro &#8220;tvrd\u00e9&#8221;\/nesav\u00e9 povrchy &#8211; 4004-673"}]},{"@type":"WebSite","@id":"https:\/\/www.versiegelung24.com\/cs\/#website","url":"https:\/\/www.versiegelung24.com\/cs\/","name":"versiegelung24.com","description":"Fl\u00fcssigglas-Versiegelung - Made in Germany","publisher":{"@id":"https:\/\/www.versiegelung24.com\/cs\/#organization"},"potentialAction":[{"@type":"SearchAction","target":{"@type":"EntryPoint","urlTemplate":"https:\/\/www.versiegelung24.com\/cs\/?s={search_term_string}"},"query-input":{"@type":"PropertyValueSpecification","valueRequired":true,"valueName":"search_term_string"}}],"inLanguage":"cs"},{"@type":"Organization","@id":"https:\/\/www.versiegelung24.com\/cs\/#organization","name":"versiegelung24","url":"https:\/\/www.versiegelung24.com\/cs\/","logo":{"@type":"ImageObject","inLanguage":"cs","@id":"https:\/\/www.versiegelung24.com\/cs\/#\/schema\/logo\/image\/","url":"https:\/\/www.versiegelung24.com\/wp-content\/uploads\/2020\/04\/versiegelung24.png","contentUrl":"https:\/\/www.versiegelung24.com\/wp-content\/uploads\/2020\/04\/versiegelung24.png","width":470,"height":102,"caption":"versiegelung24"},"image":{"@id":"https:\/\/www.versiegelung24.com\/cs\/#\/schema\/logo\/image\/"}}]},"og_availability":"instock","product_availability":"instock","product_retailer_item_id":"4004-673-muster","product_condition":"new"},"_links":{"self":[{"href":"https:\/\/www.versiegelung24.com\/cs\/wp-json\/wp\/v2\/product\/23766","targetHints":{"allow":["GET"]}}],"collection":[{"href":"https:\/\/www.versiegelung24.com\/cs\/wp-json\/wp\/v2\/product"}],"about":[{"href":"https:\/\/www.versiegelung24.com\/cs\/wp-json\/wp\/v2\/types\/product"}],"version-history":[{"count":5,"href":"https:\/\/www.versiegelung24.com\/cs\/wp-json\/wp\/v2\/product\/23766\/revisions"}],"predecessor-version":[{"id":144960,"href":"https:\/\/www.versiegelung24.com\/cs\/wp-json\/wp\/v2\/product\/23766\/revisions\/144960"}],"wp:featuredmedia":[{"embeddable":true,"href":"https:\/\/www.versiegelung24.com\/cs\/wp-json\/wp\/v2\/media\/14604"}],"wp:attachment":[{"href":"https:\/\/www.versiegelung24.com\/cs\/wp-json\/wp\/v2\/media?parent=23766"}],"wp:term":[{"taxonomy":"product_brand","embeddable":true,"href":"https:\/\/www.versiegelung24.com\/cs\/wp-json\/wp\/v2\/product_brand?post=23766"},{"taxonomy":"product_cat","embeddable":true,"href":"https:\/\/www.versiegelung24.com\/cs\/wp-json\/wp\/v2\/product_cat?post=23766"},{"taxonomy":"product_tag","embeddable":true,"href":"https:\/\/www.versiegelung24.com\/cs\/wp-json\/wp\/v2\/product_tag?post=23766"}],"curies":[{"name":"wp","href":"https:\/\/api.w.org\/{rel}","templated":true}]}}