{"id":23999,"date":"2020-04-04T18:53:45","date_gmt":"2021-08-02T20:17:40","guid":{"rendered":"https:\/\/www.versiegelung24.com\/produkt\/prvotridni-textilni-a-papirove-tesneni-s-extremni-vodoodpudivosti"},"modified":"2025-01-03T23:54:38","modified_gmt":"2025-01-03T22:54:38","slug":"premiove-textilni-a-papirove-tesneni-s-extremni-vodoodpudivosti","status":"publish","type":"product","link":"https:\/\/www.versiegelung24.com\/cs\/premiove-textilni-a-papirove-tesneni-s-extremni-vodoodpudivosti.html","title":{"rendered":"Dura Tex &#8211; Pr\u00e9miov\u00fd textiln\u00ed tmel s extr\u00e9mn\u00ed vodoodpudivost\u00ed"},"content":{"rendered":"\n<p><strong>Vysoce \u00fa\u010dinn\u00fd pr\u00e9miov\u00fd textiln\u00ed tmel s extr\u00e9mn\u00ed vodoodpudivost\u00ed pro vnit\u0159n\u00ed i venkovn\u00ed pou\u017eit\u00ed.<\/strong><\/p>\n\n<p>Profesion\u00e1ln\u00ed kvalita &#8211; vyrobeno v N\u011bmecku<\/p>\n\n<p>Objednac\u00ed \u010d\u00edslo: 6002-7689<\/p>\n\n<p><strong>V24 Dura Tex &#8211; Premium Textile Sealer<\/strong> chr\u00e1n\u00ed t\u00e9m\u011b\u0159 ka\u017ed\u00fd typ textilu a pap\u00edru p\u0159ed vodou, \u0161p\u00ednou a skvrnami &#8211; a s\u00e1m z\u016fst\u00e1v\u00e1 neviditeln\u00fd. Nijak to neovliv\u0148uje jejich vzhled, prody\u0161nost, barvu ani pocit a je snadn\u00e9 se o n\u011b starat.<\/p>\n\n<p>Povlak je extr\u00e9mn\u011b vodoodpudiv\u00fd na venkovn\u00edch tkanin\u00e1ch; tak z\u016fstanou d\u00e9le such\u00e9. Olej, k\u00e1va a dal\u0161\u00ed b\u011b\u017en\u00e9 skvrny jsou minulost\u00ed, pokud byly textilie p\u0159edem o\u0161et\u0159eny.<\/p>\n\n<hr\/>\n\n<h4 class=\"wp-block-heading\" id=\"properties\">Vlastnosti produktu<\/h4>\n\n<div class=\"wp-block-columns is-layout-flex wp-container-core-columns-is-layout-9d6595d7 wp-block-columns-is-layout-flex\">\n<div class=\"wp-block-column is-layout-flow wp-block-column-is-layout-flow\">\n<ul class=\"wp-block-list\">\n<li>Velmi siln\u00fd hydrofobn\u00ed a oleofobn\u00ed \u00fa\u010dinek (odpuzov\u00e1n\u00ed vody a oleje).<\/li>\n\n\n\n<li>Odoln\u00fd proti ot\u011bru, snadno se \u010dist\u00ed: pevn\u00e9 chemick\u00e9 spojen\u00ed umo\u017e\u0148uje vynikaj\u00edc\u00ed odolnost proti od\u011bru a pra\u010dce-povlak p\u0159ilne k vl\u00e1knu, dokud nen\u00ed zni\u010deno vn\u011bj\u0161\u00edmi vlivy<\/li>\n\n\n\n<li>Ne\u010distoty lze snadno odstranit vlhk\u00fdm had\u0159\u00edkem<\/li>\n\n\n\n<li>Prody\u0161n\u00fd<\/li>\n\n\n\n<li>Neviditeln\u00fd (\u017e\u00e1dn\u00e1 zm\u011bna vzhledu a dojmu)<\/li>\n\n\n\n<li>Siln\u00e9 nep\u0159ilnav\u00e9 vlastnosti<\/li>\n\n\n\n<li>Ochrana proti skvrn\u00e1m<\/li>\n<\/ul>\n<\/div>\n\n\n\n<div class=\"wp-block-column is-layout-flow wp-block-column-is-layout-flow\">\n<ul class=\"wp-block-list\">\n<li>Zvy\u0161uje odolnost proti opot\u0159eben\u00ed<\/li>\n\n\n\n<li>\u017d\u00e1dn\u00e9 zhor\u0161en\u00ed vzhledu<\/li>\n\n\n\n<li>Nanotechnologie SiO\u00b2<\/li>\n\n\n\n<li>Ochrana vl\u00e1ken p\u0159ed pronik\u00e1n\u00edm \u010d\u00e1stic ne\u010distot<\/li>\n\n\n\n<li>Jednoduch\u00e1 aplikace<\/li>\n\n\n\n<li>Dlouh\u00e1 trvanlivost v z\u00e1vislosti na mechanick\u00e9m nam\u00e1h\u00e1n\u00ed<\/li>\n<\/ul>\n\n\n\n<p><br\/><br\/>Rozsah dod\u00e1vky: 1 x litrov\u00e1 l\u00e1hev 1 x popis produktu<\/p>\n<\/div>\n<\/div>\n\n<hr\/>\n\n<h4 class=\"wp-block-heading\" id=\"application\">Aplikace<\/h4>\n\n<div class=\"wp-block-columns is-layout-flex wp-container-core-columns-is-layout-9d6595d7 wp-block-columns-is-layout-flex\">\n<div class=\"wp-block-column is-layout-flow wp-block-column-is-layout-flow\">\n<ul class=\"wp-block-list\">\n<li>oble\u010den\u00ed<\/li>\n\n\n\n<li>Venkovn\u00ed l\u00e1tky<\/li>\n\n\n\n<li>Bytov\u00fd textil (\u010daloun\u011bn\u00ed, n\u00e1bytek, koberce)<\/li>\n\n\n\n<li>Semi\u0161ov\u00e9 k\u016f\u017ee<\/li>\n\n\n\n<li>Pap\u00edrov\u00fd karton<\/li>\n<\/ul>\n\n\n\n<p>Spot\u0159eba velmi z\u00e1vis\u00ed na struktu\u0159e, nas\u00e1kavosti a tlou\u0161\u0165ce potahovan\u00e9ho materi\u00e1lu, p\u0159ibli\u017en\u011b 10-50 m\u00b2 \/ litr (p\u0159ibli\u017en\u011b 10 ml \/ m\u00b2 na mm tlou\u0161\u0165ky v z\u00e1vislosti na savosti).<\/p>\n<\/div>\n\n\n\n<div class=\"wp-block-column is-layout-flow wp-block-column-is-layout-flow\">\n<p>Jednoduch\u00e1 aplikace:<\/p>\n\n\n\n<p>1. Ru\u010dn\u011b: aplikace navlh\u010den\u00edm textilu (n\u00e1st\u0159ik nebo m\u00e1\u010den\u00ed)<\/p>\n\n\n\n<p>2. Pr\u016fmyslov\u00fd: Aplikace komer\u010dn\u011b dostupn\u00fdmi syst\u00e9my<\/p>\n\n\n\n<p><br\/>Tento povlak SiO2 je pln\u011b zes\u00ed\u0165ovan\u00fd a vytvrzen\u00fd po 24 hodin\u00e1ch. Po t\u00e9to f\u00e1zi vytvrzen\u00ed lze poprv\u00e9 vyzkou\u0161et snadno \u010distiteln\u00fd efekt.<\/p>\n<\/div>\n<\/div>\n","protected":false},"excerpt":{"rendered":"<p>\u2713 Prody\u0161n\u00fd<\/p>\n<p>\u2713 Ochrana p\u0159ed skvrnami<\/p>\n<p>\u2713 S extr\u00e9mn\u00ed vodoodpudivost\u00ed<\/p>\n<p>\u2713 Pro vnit\u0159n\u00ed i venkovn\u00ed pou\u017eit\u00ed<\/p>\n","protected":false},"featured_media":125316,"template":"","meta":{"_acf_changed":false,"neve_meta_sidebar":"","neve_meta_container":"","neve_meta_enable_content_width":"","neve_meta_content_width":0,"neve_meta_title_alignment":"","neve_meta_author_avatar":"","neve_post_elements_order":"","neve_meta_disable_header":"","neve_meta_disable_footer":"","neve_meta_disable_title":"","neve_meta_reading_time":"","_surfaces":[],"_ver_product_tabs":[],"footnotes":""},"product_brand":[],"product_cat":[2307],"product_tag":[],"class_list":{"0":"post-23999","1":"product","2":"type-product","3":"status-publish","4":"has-post-thumbnail","6":"product_cat-tesneni-kuze-a-textilu","8":"first","9":"instock","10":"taxable","11":"shipping-taxable","12":"purchasable","13":"product-type-simple"},"acf":[],"yoast_head":"<!-- This site is optimized with the Yoast SEO Premium plugin v22.8 (Yoast SEO v27.5) - https:\/\/yoast.com\/product\/yoast-seo-premium-wordpress\/ -->\n<title>Dura Tex - Pr\u00e9miov\u00fd textiln\u00ed tmel s extr\u00e9mn\u00ed vodoodpudivost\u00ed - versiegelung24.com<\/title>\n<meta name=\"robots\" content=\"index, follow, max-snippet:-1, max-image-preview:large, max-video-preview:-1\" \/>\n<link rel=\"canonical\" href=\"https:\/\/www.versiegelung24.com\/cs\/premiove-textilni-a-papirove-tesneni-s-extremni-vodoodpudivosti.html\" \/>\n<meta property=\"og:locale\" content=\"cs_CZ\" \/>\n<meta property=\"og:type\" content=\"article\" \/>\n<meta property=\"og:title\" content=\"Dura Tex - Pr\u00e9miov\u00fd textiln\u00ed tmel s extr\u00e9mn\u00ed vodoodpudivost\u00ed\" \/>\n<meta property=\"og:description\" content=\"\u2713 Prody\u0161n\u00fd \u2713 Ochrana p\u0159ed skvrnami \u2713 S extr\u00e9mn\u00ed vodoodpudivost\u00ed \u2713 Pro vnit\u0159n\u00ed i venkovn\u00ed pou\u017eit\u00ed\" \/>\n<meta property=\"og:url\" content=\"https:\/\/www.versiegelung24.com\/cs\/premiove-textilni-a-papirove-tesneni-s-extremni-vodoodpudivosti.html\" \/>\n<meta property=\"og:site_name\" content=\"versiegelung24.com\" \/>\n<meta property=\"article:modified_time\" content=\"2025-01-03T22:54:38+00:00\" \/>\n<meta property=\"og:image\" content=\"https:\/\/www.versiegelung24.com\/wp-content\/uploads\/2020\/04\/produkt-6002-7689-1000-dura-tex-Premium-Textil-Papierversiegelung-scaled.webp\" \/>\n\t<meta property=\"og:image:width\" content=\"2560\" \/>\n\t<meta property=\"og:image:height\" content=\"2560\" \/>\n\t<meta property=\"og:image:type\" content=\"image\/webp\" \/>\n<meta name=\"twitter:card\" content=\"summary_large_image\" \/>\n<meta name=\"twitter:label1\" content=\"Cena\" \/>\n\t<meta name=\"twitter:data1\" content=\"89,99&euro;\" \/>\n\t<meta name=\"twitter:label2\" content=\"Dostupnost\" \/>\n\t<meta name=\"twitter:data2\" content=\"Skladem\" \/>\n<script type=\"application\/ld+json\" class=\"yoast-schema-graph\">{\"@context\":\"https:\\\/\\\/schema.org\",\"@graph\":[{\"@type\":\"WebPage\",\"@id\":\"https:\\\/\\\/www.versiegelung24.com\\\/cs\\\/premiove-textilni-a-papirove-tesneni-s-extremni-vodoodpudivosti.html\",\"url\":\"https:\\\/\\\/www.versiegelung24.com\\\/cs\\\/premiove-textilni-a-papirove-tesneni-s-extremni-vodoodpudivosti.html\",\"name\":\"Dura Tex - Pr\u00e9miov\u00fd textiln\u00ed tmel s extr\u00e9mn\u00ed vodoodpudivost\u00ed - versiegelung24.com\",\"isPartOf\":{\"@id\":\"https:\\\/\\\/www.versiegelung24.com\\\/cs\\\/#website\"},\"primaryImageOfPage\":{\"@id\":\"https:\\\/\\\/www.versiegelung24.com\\\/cs\\\/premiove-textilni-a-papirove-tesneni-s-extremni-vodoodpudivosti.html#primaryimage\"},\"image\":{\"@id\":\"https:\\\/\\\/www.versiegelung24.com\\\/cs\\\/premiove-textilni-a-papirove-tesneni-s-extremni-vodoodpudivosti.html#primaryimage\"},\"thumbnailUrl\":\"https:\\\/\\\/www.versiegelung24.com\\\/wp-content\\\/uploads\\\/2020\\\/04\\\/produkt-6002-7689-1000-dura-tex-Premium-Textil-Papierversiegelung-scaled.webp\",\"datePublished\":\"2021-08-02T20:17:40+00:00\",\"dateModified\":\"2025-01-03T22:54:38+00:00\",\"breadcrumb\":{\"@id\":\"https:\\\/\\\/www.versiegelung24.com\\\/cs\\\/premiove-textilni-a-papirove-tesneni-s-extremni-vodoodpudivosti.html#breadcrumb\"},\"inLanguage\":\"cs\",\"potentialAction\":[{\"@type\":\"ReadAction\",\"target\":[\"https:\\\/\\\/www.versiegelung24.com\\\/cs\\\/premiove-textilni-a-papirove-tesneni-s-extremni-vodoodpudivosti.html\"]}]},{\"@type\":\"ImageObject\",\"inLanguage\":\"cs\",\"@id\":\"https:\\\/\\\/www.versiegelung24.com\\\/cs\\\/premiove-textilni-a-papirove-tesneni-s-extremni-vodoodpudivosti.html#primaryimage\",\"url\":\"https:\\\/\\\/www.versiegelung24.com\\\/wp-content\\\/uploads\\\/2020\\\/04\\\/produkt-6002-7689-1000-dura-tex-Premium-Textil-Papierversiegelung-scaled.webp\",\"contentUrl\":\"https:\\\/\\\/www.versiegelung24.com\\\/wp-content\\\/uploads\\\/2020\\\/04\\\/produkt-6002-7689-1000-dura-tex-Premium-Textil-Papierversiegelung-scaled.webp\",\"width\":2560,\"height\":2560},{\"@type\":\"BreadcrumbList\",\"@id\":\"https:\\\/\\\/www.versiegelung24.com\\\/cs\\\/premiove-textilni-a-papirove-tesneni-s-extremni-vodoodpudivosti.html#breadcrumb\",\"itemListElement\":[{\"@type\":\"ListItem\",\"position\":1,\"name\":\"Domovsk\u00e1 str\u00e1nka\",\"item\":\"https:\\\/\\\/www.versiegelung24.com\\\/cs\\\/predni\\\/\"},{\"@type\":\"ListItem\",\"position\":2,\"name\":\"Prodejna\",\"item\":\"https:\\\/\\\/www.versiegelung24.com\\\/cs\\\/prodejna\\\/\"},{\"@type\":\"ListItem\",\"position\":3,\"name\":\"Dura Tex &#8211; Pr\u00e9miov\u00fd textiln\u00ed tmel s extr\u00e9mn\u00ed vodoodpudivost\u00ed\"}]},{\"@type\":\"WebSite\",\"@id\":\"https:\\\/\\\/www.versiegelung24.com\\\/cs\\\/#website\",\"url\":\"https:\\\/\\\/www.versiegelung24.com\\\/cs\\\/\",\"name\":\"versiegelung24.com\",\"description\":\"Fl\u00fcssigglas-Versiegelung - Made in Germany\",\"publisher\":{\"@id\":\"https:\\\/\\\/www.versiegelung24.com\\\/cs\\\/#organization\"},\"potentialAction\":[{\"@type\":\"SearchAction\",\"target\":{\"@type\":\"EntryPoint\",\"urlTemplate\":\"https:\\\/\\\/www.versiegelung24.com\\\/cs\\\/?s={search_term_string}\"},\"query-input\":{\"@type\":\"PropertyValueSpecification\",\"valueRequired\":true,\"valueName\":\"search_term_string\"}}],\"inLanguage\":\"cs\"},{\"@type\":\"Organization\",\"@id\":\"https:\\\/\\\/www.versiegelung24.com\\\/cs\\\/#organization\",\"name\":\"versiegelung24\",\"url\":\"https:\\\/\\\/www.versiegelung24.com\\\/cs\\\/\",\"logo\":{\"@type\":\"ImageObject\",\"inLanguage\":\"cs\",\"@id\":\"https:\\\/\\\/www.versiegelung24.com\\\/cs\\\/#\\\/schema\\\/logo\\\/image\\\/\",\"url\":\"https:\\\/\\\/www.versiegelung24.com\\\/wp-content\\\/uploads\\\/2020\\\/04\\\/versiegelung24.png\",\"contentUrl\":\"https:\\\/\\\/www.versiegelung24.com\\\/wp-content\\\/uploads\\\/2020\\\/04\\\/versiegelung24.png\",\"width\":470,\"height\":102,\"caption\":\"versiegelung24\"},\"image\":{\"@id\":\"https:\\\/\\\/www.versiegelung24.com\\\/cs\\\/#\\\/schema\\\/logo\\\/image\\\/\"}}]}<\/script>\n<meta property=\"product:price:amount\" content=\"89.99\" \/>\n<meta property=\"product:price:currency\" content=\"EUR\" \/>\n<meta property=\"og:availability\" content=\"instock\" \/>\n<meta property=\"product:availability\" content=\"instock\" \/>\n<meta property=\"product:retailer_item_id\" content=\"6002-7689-1000\" \/>\n<meta property=\"product:condition\" content=\"new\" \/>\n<!-- \/ Yoast SEO Premium plugin. -->","yoast_head_json":{"title":"Dura Tex - Pr\u00e9miov\u00fd textiln\u00ed tmel s extr\u00e9mn\u00ed vodoodpudivost\u00ed - versiegelung24.com","robots":{"index":"index","follow":"follow","max-snippet":"max-snippet:-1","max-image-preview":"max-image-preview:large","max-video-preview":"max-video-preview:-1"},"canonical":"https:\/\/www.versiegelung24.com\/cs\/premiove-textilni-a-papirove-tesneni-s-extremni-vodoodpudivosti.html","og_locale":"cs_CZ","og_type":"article","og_title":"Dura Tex - Pr\u00e9miov\u00fd textiln\u00ed tmel s extr\u00e9mn\u00ed vodoodpudivost\u00ed","og_description":"\u2713 Prody\u0161n\u00fd \u2713 Ochrana p\u0159ed skvrnami \u2713 S extr\u00e9mn\u00ed vodoodpudivost\u00ed \u2713 Pro vnit\u0159n\u00ed i venkovn\u00ed pou\u017eit\u00ed","og_url":"https:\/\/www.versiegelung24.com\/cs\/premiove-textilni-a-papirove-tesneni-s-extremni-vodoodpudivosti.html","og_site_name":"versiegelung24.com","article_modified_time":"2025-01-03T22:54:38+00:00","og_image":[{"width":2560,"height":2560,"url":"https:\/\/www.versiegelung24.com\/wp-content\/uploads\/2020\/04\/produkt-6002-7689-1000-dura-tex-Premium-Textil-Papierversiegelung-scaled.webp","type":"image\/webp"}],"twitter_card":"summary_large_image","twitter_misc":{"Cena":"89,99&euro;","Dostupnost":"Skladem"},"schema":{"@context":"https:\/\/schema.org","@graph":[{"@type":"WebPage","@id":"https:\/\/www.versiegelung24.com\/cs\/premiove-textilni-a-papirove-tesneni-s-extremni-vodoodpudivosti.html","url":"https:\/\/www.versiegelung24.com\/cs\/premiove-textilni-a-papirove-tesneni-s-extremni-vodoodpudivosti.html","name":"Dura Tex - Pr\u00e9miov\u00fd textiln\u00ed tmel s extr\u00e9mn\u00ed vodoodpudivost\u00ed - versiegelung24.com","isPartOf":{"@id":"https:\/\/www.versiegelung24.com\/cs\/#website"},"primaryImageOfPage":{"@id":"https:\/\/www.versiegelung24.com\/cs\/premiove-textilni-a-papirove-tesneni-s-extremni-vodoodpudivosti.html#primaryimage"},"image":{"@id":"https:\/\/www.versiegelung24.com\/cs\/premiove-textilni-a-papirove-tesneni-s-extremni-vodoodpudivosti.html#primaryimage"},"thumbnailUrl":"https:\/\/www.versiegelung24.com\/wp-content\/uploads\/2020\/04\/produkt-6002-7689-1000-dura-tex-Premium-Textil-Papierversiegelung-scaled.webp","datePublished":"2021-08-02T20:17:40+00:00","dateModified":"2025-01-03T22:54:38+00:00","breadcrumb":{"@id":"https:\/\/www.versiegelung24.com\/cs\/premiove-textilni-a-papirove-tesneni-s-extremni-vodoodpudivosti.html#breadcrumb"},"inLanguage":"cs","potentialAction":[{"@type":"ReadAction","target":["https:\/\/www.versiegelung24.com\/cs\/premiove-textilni-a-papirove-tesneni-s-extremni-vodoodpudivosti.html"]}]},{"@type":"ImageObject","inLanguage":"cs","@id":"https:\/\/www.versiegelung24.com\/cs\/premiove-textilni-a-papirove-tesneni-s-extremni-vodoodpudivosti.html#primaryimage","url":"https:\/\/www.versiegelung24.com\/wp-content\/uploads\/2020\/04\/produkt-6002-7689-1000-dura-tex-Premium-Textil-Papierversiegelung-scaled.webp","contentUrl":"https:\/\/www.versiegelung24.com\/wp-content\/uploads\/2020\/04\/produkt-6002-7689-1000-dura-tex-Premium-Textil-Papierversiegelung-scaled.webp","width":2560,"height":2560},{"@type":"BreadcrumbList","@id":"https:\/\/www.versiegelung24.com\/cs\/premiove-textilni-a-papirove-tesneni-s-extremni-vodoodpudivosti.html#breadcrumb","itemListElement":[{"@type":"ListItem","position":1,"name":"Domovsk\u00e1 str\u00e1nka","item":"https:\/\/www.versiegelung24.com\/cs\/predni\/"},{"@type":"ListItem","position":2,"name":"Prodejna","item":"https:\/\/www.versiegelung24.com\/cs\/prodejna\/"},{"@type":"ListItem","position":3,"name":"Dura Tex &#8211; Pr\u00e9miov\u00fd textiln\u00ed tmel s extr\u00e9mn\u00ed vodoodpudivost\u00ed"}]},{"@type":"WebSite","@id":"https:\/\/www.versiegelung24.com\/cs\/#website","url":"https:\/\/www.versiegelung24.com\/cs\/","name":"versiegelung24.com","description":"Fl\u00fcssigglas-Versiegelung - Made in Germany","publisher":{"@id":"https:\/\/www.versiegelung24.com\/cs\/#organization"},"potentialAction":[{"@type":"SearchAction","target":{"@type":"EntryPoint","urlTemplate":"https:\/\/www.versiegelung24.com\/cs\/?s={search_term_string}"},"query-input":{"@type":"PropertyValueSpecification","valueRequired":true,"valueName":"search_term_string"}}],"inLanguage":"cs"},{"@type":"Organization","@id":"https:\/\/www.versiegelung24.com\/cs\/#organization","name":"versiegelung24","url":"https:\/\/www.versiegelung24.com\/cs\/","logo":{"@type":"ImageObject","inLanguage":"cs","@id":"https:\/\/www.versiegelung24.com\/cs\/#\/schema\/logo\/image\/","url":"https:\/\/www.versiegelung24.com\/wp-content\/uploads\/2020\/04\/versiegelung24.png","contentUrl":"https:\/\/www.versiegelung24.com\/wp-content\/uploads\/2020\/04\/versiegelung24.png","width":470,"height":102,"caption":"versiegelung24"},"image":{"@id":"https:\/\/www.versiegelung24.com\/cs\/#\/schema\/logo\/image\/"}}]},"product_price_amount":"89.99","product_price_currency":"EUR","og_availability":"instock","product_availability":"instock","product_retailer_item_id":"6002-7689-1000","product_condition":"new"},"_links":{"self":[{"href":"https:\/\/www.versiegelung24.com\/cs\/wp-json\/wp\/v2\/product\/23999","targetHints":{"allow":["GET"]}}],"collection":[{"href":"https:\/\/www.versiegelung24.com\/cs\/wp-json\/wp\/v2\/product"}],"about":[{"href":"https:\/\/www.versiegelung24.com\/cs\/wp-json\/wp\/v2\/types\/product"}],"version-history":[{"count":15,"href":"https:\/\/www.versiegelung24.com\/cs\/wp-json\/wp\/v2\/product\/23999\/revisions"}],"predecessor-version":[{"id":177712,"href":"https:\/\/www.versiegelung24.com\/cs\/wp-json\/wp\/v2\/product\/23999\/revisions\/177712"}],"wp:featuredmedia":[{"embeddable":true,"href":"https:\/\/www.versiegelung24.com\/cs\/wp-json\/wp\/v2\/media\/125316"}],"wp:attachment":[{"href":"https:\/\/www.versiegelung24.com\/cs\/wp-json\/wp\/v2\/media?parent=23999"}],"wp:term":[{"taxonomy":"product_brand","embeddable":true,"href":"https:\/\/www.versiegelung24.com\/cs\/wp-json\/wp\/v2\/product_brand?post=23999"},{"taxonomy":"product_cat","embeddable":true,"href":"https:\/\/www.versiegelung24.com\/cs\/wp-json\/wp\/v2\/product_cat?post=23999"},{"taxonomy":"product_tag","embeddable":true,"href":"https:\/\/www.versiegelung24.com\/cs\/wp-json\/wp\/v2\/product_tag?post=23999"}],"curies":[{"name":"wp","href":"https:\/\/api.w.org\/{rel}","templated":true}]}}