{"id":24052,"date":"2020-04-29T20:41:14","date_gmt":"2020-04-29T18:41:14","guid":{"rendered":"https:\/\/www.versiegelung24.com\/produkt\/vzor-tesneni-betonu-kamene-s-extremni-vodoodpudivosti-neprodysne"},"modified":"2025-01-04T00:08:20","modified_gmt":"2025-01-03T23:08:20","slug":"vzor-beton-kamen-tesneni-s-extremni-vodoodpudivou-neprodysnou","status":"publish","type":"product","link":"https:\/\/www.versiegelung24.com\/cs\/vzor-beton-kamen-tesneni-s-extremni-vodoodpudivou-neprodysnou.html","title":{"rendered":"Vzorek: Pr\u00e9miov\u00fd tmel na beton a k\u00e1men s prohlouben\u00edm barvy &#8211; ned\u00fdchateln\u00fd &#8211; 3008-704"},"content":{"rendered":"<p>&nbsp;&nbsp;100ml vzorek na\u0161eho<a href=\"https:\/\/www.versiegelung24.com\/cs\/premium-beton-kamen-tesneni-extremni-vodoodpudivy-nedychatelny.html\">tmelu na<\/a><a href=\"https:\/\/www.versiegelung24.com\/cs\/premium-beton-kamen-tesneni-extremni-vodoodpudivy-nedychatelny.html\">k\u00e1men s extr\u00e9mn\u00ed vodoodpudivost\u00ed<\/a> pro zku\u0161ebn\u00ed aplikaci nebo tmelen\u00ed men\u0161\u00edch ploch.<\/p>\n","protected":false},"excerpt":{"rendered":"<p><strong>Extr\u00e9mn\u011b vodoodpudiv\u00fd bezbarv\u00fd lak pro vnit\u0159n\u00ed i venkovn\u00ed pou\u017eit\u00ed<\/strong>  <\/p>\n<p>\u2713 pro v\u0161echny sav\u00e9 povrchy z miner\u00e1ln\u00edho kamene a betonu<\/p>\n<p>\u2713 Efekt snadn\u00e9ho \u010di\u0161t\u011bn\u00ed: ne\u010distoty nep\u0159ilnou a lze je snadno odstranit<\/p>\n<p>\u2713 o\u0161et\u0159en\u00e9 povrchy nejsou prody\u0161n\u00e9<\/p>\n<p>\u2713 Zabra\u0148uje r\u016fstu mech\u016f, li\u0161ejn\u00edk\u016f, hub a dal\u0161\u00edch p\u0159\u00edrodn\u00edch vliv\u016f<\/p>\n<p>\u2713 Efekt prohlouben\u00ed barev s leskl\u00fdm filmem \/ vylep\u0161en\u00ed povrchu<\/p>\n<p>\u2713 Skladovatelnost: 5 let+<\/p>\n","protected":false},"featured_media":14604,"template":"","meta":{"_acf_changed":false,"neve_meta_sidebar":"","neve_meta_container":"","neve_meta_enable_content_width":"","neve_meta_content_width":0,"neve_meta_title_alignment":"","neve_meta_author_avatar":"","neve_post_elements_order":"","neve_meta_disable_header":"","neve_meta_disable_footer":"","neve_meta_disable_title":"","neve_meta_reading_time":"","_surfaces":[],"_ver_product_tabs":[],"footnotes":""},"product_brand":[],"product_cat":[2633],"product_tag":[],"class_list":{"0":"post-24052","1":"product","2":"type-product","3":"status-publish","4":"has-post-thumbnail","6":"product_cat-sablona","7":"pa_gebinde-100ml-lahev","9":"first","10":"onbackorder","11":"sold-individually","12":"taxable","13":"shipping-taxable","14":"purchasable","15":"product-type-variable","16":"has-default-attributes"},"acf":[],"yoast_head":"<!-- This site is optimized with the Yoast SEO Premium plugin v22.8 (Yoast SEO v27.3) - https:\/\/yoast.com\/product\/yoast-seo-premium-wordpress\/ -->\n<title>Vzorek: Pr\u00e9miov\u00fd tmel na beton a k\u00e1men s prohlouben\u00edm barvy - ned\u00fdchateln\u00fd - 3008-704 - versiegelung24.com<\/title>\n<meta name=\"robots\" content=\"index, follow, max-snippet:-1, max-image-preview:large, max-video-preview:-1\" \/>\n<link rel=\"canonical\" href=\"https:\/\/www.versiegelung24.com\/cs\/vzor-beton-kamen-tesneni-s-extremni-vodoodpudivou-neprodysnou.html\" \/>\n<meta property=\"og:locale\" content=\"cs_CZ\" \/>\n<meta property=\"og:type\" content=\"article\" \/>\n<meta property=\"og:title\" content=\"Vzorek: Pr\u00e9miov\u00fd tmel na beton a k\u00e1men s prohlouben\u00edm barvy - ned\u00fdchateln\u00fd - 3008-704\" \/>\n<meta property=\"og:description\" content=\"Extr\u00e9mn\u011b vodoodpudiv\u00fd bezbarv\u00fd lak pro vnit\u0159n\u00ed i venkovn\u00ed pou\u017eit\u00ed  \u2713 pro v\u0161echny sav\u00e9 povrchy z miner\u00e1ln\u00edho kamene a betonu \u2713 Efekt snadn\u00e9ho \u010di\u0161t\u011bn\u00ed: ne\u010distoty nep\u0159ilnou a lze je snadno odstranit \u2713 o\u0161et\u0159en\u00e9 povrchy nejsou prody\u0161n\u00e9 \u2713 Zabra\u0148uje r\u016fstu mech\u016f, li\u0161ejn\u00edk\u016f, hub a dal\u0161\u00edch p\u0159\u00edrodn\u00edch vliv\u016f \u2713 Efekt prohlouben\u00ed barev s leskl\u00fdm filmem \/ vylep\u0161en\u00ed povrchu \u2713 Skladovatelnost: 5 let+\" \/>\n<meta property=\"og:url\" content=\"https:\/\/www.versiegelung24.com\/cs\/vzor-beton-kamen-tesneni-s-extremni-vodoodpudivou-neprodysnou.html\" \/>\n<meta property=\"og:site_name\" content=\"versiegelung24.com\" \/>\n<meta property=\"article:modified_time\" content=\"2025-01-03T23:08:20+00:00\" \/>\n<meta property=\"og:image\" content=\"https:\/\/www.versiegelung24.com\/wp-content\/uploads\/2020\/04\/versiegelung-muster.png\" \/>\n\t<meta property=\"og:image:width\" content=\"1000\" \/>\n\t<meta property=\"og:image:height\" content=\"1000\" \/>\n\t<meta property=\"og:image:type\" content=\"image\/png\" \/>\n<meta name=\"twitter:card\" content=\"summary_large_image\" \/>\n<meta name=\"twitter:label1\" content=\"Dostupnost\" \/>\n\t<meta name=\"twitter:data1\" content=\"V extern\u00edm sklad\u011b\" \/>\n<script type=\"application\/ld+json\" class=\"yoast-schema-graph\">{\"@context\":\"https:\\\/\\\/schema.org\",\"@graph\":[{\"@type\":\"WebPage\",\"@id\":\"https:\\\/\\\/www.versiegelung24.com\\\/cs\\\/vzor-beton-kamen-tesneni-s-extremni-vodoodpudivou-neprodysnou.html\",\"url\":\"https:\\\/\\\/www.versiegelung24.com\\\/cs\\\/vzor-beton-kamen-tesneni-s-extremni-vodoodpudivou-neprodysnou.html\",\"name\":\"Vzorek: Pr\u00e9miov\u00fd tmel na beton a k\u00e1men s prohlouben\u00edm barvy - ned\u00fdchateln\u00fd - 3008-704 - versiegelung24.com\",\"isPartOf\":{\"@id\":\"https:\\\/\\\/www.versiegelung24.com\\\/cs\\\/#website\"},\"primaryImageOfPage\":{\"@id\":\"https:\\\/\\\/www.versiegelung24.com\\\/cs\\\/vzor-beton-kamen-tesneni-s-extremni-vodoodpudivou-neprodysnou.html#primaryimage\"},\"image\":{\"@id\":\"https:\\\/\\\/www.versiegelung24.com\\\/cs\\\/vzor-beton-kamen-tesneni-s-extremni-vodoodpudivou-neprodysnou.html#primaryimage\"},\"thumbnailUrl\":\"https:\\\/\\\/www.versiegelung24.com\\\/wp-content\\\/uploads\\\/2020\\\/04\\\/versiegelung-muster.png\",\"datePublished\":\"2020-04-29T18:41:14+00:00\",\"dateModified\":\"2025-01-03T23:08:20+00:00\",\"breadcrumb\":{\"@id\":\"https:\\\/\\\/www.versiegelung24.com\\\/cs\\\/vzor-beton-kamen-tesneni-s-extremni-vodoodpudivou-neprodysnou.html#breadcrumb\"},\"inLanguage\":\"cs\",\"potentialAction\":[{\"@type\":\"ReadAction\",\"target\":[\"https:\\\/\\\/www.versiegelung24.com\\\/cs\\\/vzor-beton-kamen-tesneni-s-extremni-vodoodpudivou-neprodysnou.html\"]}]},{\"@type\":\"ImageObject\",\"inLanguage\":\"cs\",\"@id\":\"https:\\\/\\\/www.versiegelung24.com\\\/cs\\\/vzor-beton-kamen-tesneni-s-extremni-vodoodpudivou-neprodysnou.html#primaryimage\",\"url\":\"https:\\\/\\\/www.versiegelung24.com\\\/wp-content\\\/uploads\\\/2020\\\/04\\\/versiegelung-muster.png\",\"contentUrl\":\"https:\\\/\\\/www.versiegelung24.com\\\/wp-content\\\/uploads\\\/2020\\\/04\\\/versiegelung-muster.png\",\"width\":1000,\"height\":1000},{\"@type\":\"BreadcrumbList\",\"@id\":\"https:\\\/\\\/www.versiegelung24.com\\\/cs\\\/vzor-beton-kamen-tesneni-s-extremni-vodoodpudivou-neprodysnou.html#breadcrumb\",\"itemListElement\":[{\"@type\":\"ListItem\",\"position\":1,\"name\":\"Domovsk\u00e1 str\u00e1nka\",\"item\":\"https:\\\/\\\/www.versiegelung24.com\\\/cs\\\/predni\\\/\"},{\"@type\":\"ListItem\",\"position\":2,\"name\":\"Prodejna\",\"item\":\"https:\\\/\\\/www.versiegelung24.com\\\/cs\\\/prodejna\\\/\"},{\"@type\":\"ListItem\",\"position\":3,\"name\":\"Vzorek: Pr\u00e9miov\u00fd tmel na beton a k\u00e1men s prohlouben\u00edm barvy &#8211; ned\u00fdchateln\u00fd &#8211; 3008-704\"}]},{\"@type\":\"WebSite\",\"@id\":\"https:\\\/\\\/www.versiegelung24.com\\\/cs\\\/#website\",\"url\":\"https:\\\/\\\/www.versiegelung24.com\\\/cs\\\/\",\"name\":\"versiegelung24.com\",\"description\":\"Fl\u00fcssigglas-Versiegelung - Made in Germany\",\"publisher\":{\"@id\":\"https:\\\/\\\/www.versiegelung24.com\\\/cs\\\/#organization\"},\"potentialAction\":[{\"@type\":\"SearchAction\",\"target\":{\"@type\":\"EntryPoint\",\"urlTemplate\":\"https:\\\/\\\/www.versiegelung24.com\\\/cs\\\/?s={search_term_string}\"},\"query-input\":{\"@type\":\"PropertyValueSpecification\",\"valueRequired\":true,\"valueName\":\"search_term_string\"}}],\"inLanguage\":\"cs\"},{\"@type\":\"Organization\",\"@id\":\"https:\\\/\\\/www.versiegelung24.com\\\/cs\\\/#organization\",\"name\":\"versiegelung24\",\"url\":\"https:\\\/\\\/www.versiegelung24.com\\\/cs\\\/\",\"logo\":{\"@type\":\"ImageObject\",\"inLanguage\":\"cs\",\"@id\":\"https:\\\/\\\/www.versiegelung24.com\\\/cs\\\/#\\\/schema\\\/logo\\\/image\\\/\",\"url\":\"https:\\\/\\\/www.versiegelung24.com\\\/wp-content\\\/uploads\\\/2020\\\/04\\\/versiegelung24.png\",\"contentUrl\":\"https:\\\/\\\/www.versiegelung24.com\\\/wp-content\\\/uploads\\\/2020\\\/04\\\/versiegelung24.png\",\"width\":470,\"height\":102,\"caption\":\"versiegelung24\"},\"image\":{\"@id\":\"https:\\\/\\\/www.versiegelung24.com\\\/cs\\\/#\\\/schema\\\/logo\\\/image\\\/\"}}]}<\/script>\n<meta property=\"og:availability\" content=\"backorder\" \/>\n<meta property=\"product:availability\" content=\"available for order\" \/>\n<meta property=\"product:retailer_item_id\" content=\"3008-704-muster\" \/>\n<meta property=\"product:condition\" content=\"new\" \/>\n<!-- \/ Yoast SEO Premium plugin. -->","yoast_head_json":{"title":"Vzorek: Pr\u00e9miov\u00fd tmel na beton a k\u00e1men s prohlouben\u00edm barvy - ned\u00fdchateln\u00fd - 3008-704 - versiegelung24.com","robots":{"index":"index","follow":"follow","max-snippet":"max-snippet:-1","max-image-preview":"max-image-preview:large","max-video-preview":"max-video-preview:-1"},"canonical":"https:\/\/www.versiegelung24.com\/cs\/vzor-beton-kamen-tesneni-s-extremni-vodoodpudivou-neprodysnou.html","og_locale":"cs_CZ","og_type":"article","og_title":"Vzorek: Pr\u00e9miov\u00fd tmel na beton a k\u00e1men s prohlouben\u00edm barvy - ned\u00fdchateln\u00fd - 3008-704","og_description":"Extr\u00e9mn\u011b vodoodpudiv\u00fd bezbarv\u00fd lak pro vnit\u0159n\u00ed i venkovn\u00ed pou\u017eit\u00ed  \u2713 pro v\u0161echny sav\u00e9 povrchy z miner\u00e1ln\u00edho kamene a betonu \u2713 Efekt snadn\u00e9ho \u010di\u0161t\u011bn\u00ed: ne\u010distoty nep\u0159ilnou a lze je snadno odstranit \u2713 o\u0161et\u0159en\u00e9 povrchy nejsou prody\u0161n\u00e9 \u2713 Zabra\u0148uje r\u016fstu mech\u016f, li\u0161ejn\u00edk\u016f, hub a dal\u0161\u00edch p\u0159\u00edrodn\u00edch vliv\u016f \u2713 Efekt prohlouben\u00ed barev s leskl\u00fdm filmem \/ vylep\u0161en\u00ed povrchu \u2713 Skladovatelnost: 5 let+","og_url":"https:\/\/www.versiegelung24.com\/cs\/vzor-beton-kamen-tesneni-s-extremni-vodoodpudivou-neprodysnou.html","og_site_name":"versiegelung24.com","article_modified_time":"2025-01-03T23:08:20+00:00","og_image":[{"width":1000,"height":1000,"url":"https:\/\/www.versiegelung24.com\/wp-content\/uploads\/2020\/04\/versiegelung-muster.png","type":"image\/png"}],"twitter_card":"summary_large_image","twitter_misc":{"Dostupnost":"V extern\u00edm sklad\u011b"},"schema":{"@context":"https:\/\/schema.org","@graph":[{"@type":"WebPage","@id":"https:\/\/www.versiegelung24.com\/cs\/vzor-beton-kamen-tesneni-s-extremni-vodoodpudivou-neprodysnou.html","url":"https:\/\/www.versiegelung24.com\/cs\/vzor-beton-kamen-tesneni-s-extremni-vodoodpudivou-neprodysnou.html","name":"Vzorek: Pr\u00e9miov\u00fd tmel na beton a k\u00e1men s prohlouben\u00edm barvy - ned\u00fdchateln\u00fd - 3008-704 - versiegelung24.com","isPartOf":{"@id":"https:\/\/www.versiegelung24.com\/cs\/#website"},"primaryImageOfPage":{"@id":"https:\/\/www.versiegelung24.com\/cs\/vzor-beton-kamen-tesneni-s-extremni-vodoodpudivou-neprodysnou.html#primaryimage"},"image":{"@id":"https:\/\/www.versiegelung24.com\/cs\/vzor-beton-kamen-tesneni-s-extremni-vodoodpudivou-neprodysnou.html#primaryimage"},"thumbnailUrl":"https:\/\/www.versiegelung24.com\/wp-content\/uploads\/2020\/04\/versiegelung-muster.png","datePublished":"2020-04-29T18:41:14+00:00","dateModified":"2025-01-03T23:08:20+00:00","breadcrumb":{"@id":"https:\/\/www.versiegelung24.com\/cs\/vzor-beton-kamen-tesneni-s-extremni-vodoodpudivou-neprodysnou.html#breadcrumb"},"inLanguage":"cs","potentialAction":[{"@type":"ReadAction","target":["https:\/\/www.versiegelung24.com\/cs\/vzor-beton-kamen-tesneni-s-extremni-vodoodpudivou-neprodysnou.html"]}]},{"@type":"ImageObject","inLanguage":"cs","@id":"https:\/\/www.versiegelung24.com\/cs\/vzor-beton-kamen-tesneni-s-extremni-vodoodpudivou-neprodysnou.html#primaryimage","url":"https:\/\/www.versiegelung24.com\/wp-content\/uploads\/2020\/04\/versiegelung-muster.png","contentUrl":"https:\/\/www.versiegelung24.com\/wp-content\/uploads\/2020\/04\/versiegelung-muster.png","width":1000,"height":1000},{"@type":"BreadcrumbList","@id":"https:\/\/www.versiegelung24.com\/cs\/vzor-beton-kamen-tesneni-s-extremni-vodoodpudivou-neprodysnou.html#breadcrumb","itemListElement":[{"@type":"ListItem","position":1,"name":"Domovsk\u00e1 str\u00e1nka","item":"https:\/\/www.versiegelung24.com\/cs\/predni\/"},{"@type":"ListItem","position":2,"name":"Prodejna","item":"https:\/\/www.versiegelung24.com\/cs\/prodejna\/"},{"@type":"ListItem","position":3,"name":"Vzorek: Pr\u00e9miov\u00fd tmel na beton a k\u00e1men s prohlouben\u00edm barvy &#8211; ned\u00fdchateln\u00fd &#8211; 3008-704"}]},{"@type":"WebSite","@id":"https:\/\/www.versiegelung24.com\/cs\/#website","url":"https:\/\/www.versiegelung24.com\/cs\/","name":"versiegelung24.com","description":"Fl\u00fcssigglas-Versiegelung - Made in Germany","publisher":{"@id":"https:\/\/www.versiegelung24.com\/cs\/#organization"},"potentialAction":[{"@type":"SearchAction","target":{"@type":"EntryPoint","urlTemplate":"https:\/\/www.versiegelung24.com\/cs\/?s={search_term_string}"},"query-input":{"@type":"PropertyValueSpecification","valueRequired":true,"valueName":"search_term_string"}}],"inLanguage":"cs"},{"@type":"Organization","@id":"https:\/\/www.versiegelung24.com\/cs\/#organization","name":"versiegelung24","url":"https:\/\/www.versiegelung24.com\/cs\/","logo":{"@type":"ImageObject","inLanguage":"cs","@id":"https:\/\/www.versiegelung24.com\/cs\/#\/schema\/logo\/image\/","url":"https:\/\/www.versiegelung24.com\/wp-content\/uploads\/2020\/04\/versiegelung24.png","contentUrl":"https:\/\/www.versiegelung24.com\/wp-content\/uploads\/2020\/04\/versiegelung24.png","width":470,"height":102,"caption":"versiegelung24"},"image":{"@id":"https:\/\/www.versiegelung24.com\/cs\/#\/schema\/logo\/image\/"}}]},"og_availability":"backorder","product_availability":"available for order","product_retailer_item_id":"3008-704-muster","product_condition":"new"},"_links":{"self":[{"href":"https:\/\/www.versiegelung24.com\/cs\/wp-json\/wp\/v2\/product\/24052","targetHints":{"allow":["GET"]}}],"collection":[{"href":"https:\/\/www.versiegelung24.com\/cs\/wp-json\/wp\/v2\/product"}],"about":[{"href":"https:\/\/www.versiegelung24.com\/cs\/wp-json\/wp\/v2\/types\/product"}],"version-history":[{"count":3,"href":"https:\/\/www.versiegelung24.com\/cs\/wp-json\/wp\/v2\/product\/24052\/revisions"}],"predecessor-version":[{"id":177837,"href":"https:\/\/www.versiegelung24.com\/cs\/wp-json\/wp\/v2\/product\/24052\/revisions\/177837"}],"wp:featuredmedia":[{"embeddable":true,"href":"https:\/\/www.versiegelung24.com\/cs\/wp-json\/wp\/v2\/media\/14604"}],"wp:attachment":[{"href":"https:\/\/www.versiegelung24.com\/cs\/wp-json\/wp\/v2\/media?parent=24052"}],"wp:term":[{"taxonomy":"product_brand","embeddable":true,"href":"https:\/\/www.versiegelung24.com\/cs\/wp-json\/wp\/v2\/product_brand?post=24052"},{"taxonomy":"product_cat","embeddable":true,"href":"https:\/\/www.versiegelung24.com\/cs\/wp-json\/wp\/v2\/product_cat?post=24052"},{"taxonomy":"product_tag","embeddable":true,"href":"https:\/\/www.versiegelung24.com\/cs\/wp-json\/wp\/v2\/product_tag?post=24052"}],"curies":[{"name":"wp","href":"https:\/\/api.w.org\/{rel}","templated":true}]}}