{"id":24372,"date":"2020-05-23T17:02:37","date_gmt":"2021-08-02T20:40:52","guid":{"rendered":"https:\/\/www.versiegelung24.com\/produkt\/dezinfekcni-prostredek-na-ruce-dexan-5-litrova-kanystr"},"modified":"2025-01-13T16:40:46","modified_gmt":"2025-01-13T15:40:46","slug":"kanystr-na-dezinfekci-rukou-dexan-5-litru","status":"publish","type":"product","link":"https:\/\/www.versiegelung24.com\/cs\/dezinfekcni-prostredek-na-ruce-dexan-5-litrova-kanystr.html","title":{"rendered":"Dezinfek\u010dn\u00ed prost\u0159edek na ruce Dexan 5 litrov\u00e1 kanystr"},"content":{"rendered":"\n<h2 class=\"wp-block-heading\" id=\"gebrauchsfertige-alkoholbasierte-handedesinfektion-mit-pflegekomponente-aloe-vera\">Dezinfekce rukou na b\u00e1zi alkoholu p\u0159ipraven\u00e1 k pou\u017eit\u00ed s o\u0161et\u0159uj\u00edc\u00edmi slo\u017ekami (aloe vera)<\/h2>\n\n<p>Omezen\u011b virucidn\u00ed (obalen\u00e9 viry <strong>V\u010d. Koronavirus<\/strong>(HIV, HBV, HCV, ch\u0159ipka, herpes, virus Ebola atd.)<\/p>\n\n<hr \/>\n\n<h4 class=\"wp-block-heading\" id=\"properties\">Vlastnosti produktu<\/h4>\n\n<div class=\"wp-block-columns is-layout-flex wp-container-core-columns-is-layout-9d6595d7 wp-block-columns-is-layout-flex\">\n<div class=\"wp-block-column is-layout-flow wp-block-column-is-layout-flow\">\n<p><br \/>\u00da\u010dinnost<strong>: Testov\u00e1no podle evropsk\u00fdch nemocni\u010dn\u00edch norem: EN 1040, EN 1275, EN 1276, EN 1500: 1 min; prEN 12054: 30s.<\/strong> Omezen\u011b virucidn\u00ed (obalen\u00e9 viry v\u010detn\u011b koronaviru, HIV, HBV, HCV, ch\u0159ipky, herpesu, viru Ebola atd.) Podle sm\u011brnice DVV \/ RKI: 15 s.<\/p>\n<\/div>\n\n\n\n<div class=\"wp-block-column is-layout-flow wp-block-column-is-layout-flow\">\n<p><br \/>U<strong>r\u010den\u00ed:<\/strong> Pro hygienickou dezinfekci rukou.<\/p>\n\n\n\n<p><br \/>100 g obsahuje: 50,0 g ethanolu, 10,0 g isopropanolu, 0,10 g benzalkonium chloridu, \u010di\u0161t\u011bnou vodu, extrakt z aloe vera.<\/p>\n<\/div>\n<\/div>\n\n<hr \/>\n\n<h4 class=\"wp-block-heading\" id=\"application\">Aplikace<\/h4>\n\n<p>Do such\u00e9 dlan\u011b vlo\u017ete tolik Dexanu, aby byly v\u0161echny oblasti rukou p\u0159\u00edpravkem zcela pokryty. D\u016fkladn\u011b vmas\u00edrujte do rukou, po dobu t\u0159en\u00ed udr\u017eujte ruce vlhk\u00e9.<\/p>\n\n<hr \/>\n\n<h4 class=\"wp-block-heading\" id=\"advisor\">Poradce<\/h4>\n\n<p><br \/>B<strong>ezpe\u010dnostn\u00ed pokyny:<\/strong> Vysoce ho\u0159lav\u00e1 kapalina a p\u00e1ry. Zp\u016fsobuje v\u00e1\u017en\u00e9 podr\u00e1\u017ed\u011bn\u00ed o\u010d\u00ed. Uchov\u00e1vejte mimo dosah tepla, hork\u00fdch povrch\u016f, jisker, otev\u0159en\u00e9ho ohn\u011b a jin\u00fdch zdroj\u016f vzn\u00edcen\u00ed. Neku\u0159te. N\u00e1dobu udr\u017eujte t\u011bsn\u011b uzav\u0159enou. P\u0158I ZASA\u017dEN\u00cd O\u010c\u00cd: Opatrn\u011b n\u011bkolik minut vyplachujte vodou. Pokud je to mo\u017en\u00e9, vyjm\u011bte kontaktn\u00ed \u010do\u010dky. Pokra\u010dujte ve vyplachov\u00e1n\u00ed. Uchov\u00e1vejte mimo dosah d\u011bt\u00ed. Biocid Reg. \u010d.: 75940 Dezinfek\u010dn\u00ed prost\u0159edek pou\u017e\u00edvejte opatrn\u011b. P\u0159ed pou\u017eit\u00edm si v\u017edy p\u0159e\u010dt\u011bte etiketu a informace o v\u00fdrobku.<\/p>\n","protected":false},"excerpt":{"rendered":"<p><strong>Dezinfekce rukou na alkoholov\u00e9 b\u00e1zi p\u0159ipraven\u00e1 k pou\u017eit\u00ed:<\/strong><\/p>\n<p>\u2713 S pe\u010duj\u00edc\u00ed slo\u017ekou (aloe vera)<\/p>\n<p>\u2713 Omezen\u00e9 virucidn\u00ed (obalen\u00e9 viry v\u010detn\u011b koronaviru, HIV, HBV, HCV, ch\u0159ipky, herpesu, viru Ebola atd.)<\/p>\n","protected":false},"featured_media":15779,"template":"","meta":{"_acf_changed":false,"neve_meta_sidebar":"","neve_meta_container":"","neve_meta_enable_content_width":"","neve_meta_content_width":0,"neve_meta_title_alignment":"","neve_meta_author_avatar":"","neve_post_elements_order":"","neve_meta_disable_header":"","neve_meta_disable_footer":"","neve_meta_disable_title":"","neve_meta_reading_time":"","_surfaces":[],"_ver_product_tabs":[],"footnotes":""},"product_brand":[],"product_cat":[2731,2236],"product_tag":[],"class_list":{"0":"post-24372","1":"product","2":"type-product","3":"status-publish","4":"has-post-thumbnail","6":"product_cat-dezinfekcni-prostredek-na-ruce","7":"product_cat-dezinfekcni-prostredky","9":"first","10":"onbackorder","11":"taxable","12":"shipping-taxable","13":"purchasable","14":"product-type-simple"},"acf":[],"yoast_head":"<!-- This site is optimized with the Yoast SEO Premium plugin v22.8 (Yoast SEO v27.5) - https:\/\/yoast.com\/product\/yoast-seo-premium-wordpress\/ -->\n<title>Dezinfek\u010dn\u00ed prost\u0159edek na ruce Dexan 5 litrov\u00e1 kanystr - versiegelung24.com<\/title>\n<meta name=\"robots\" content=\"index, follow, max-snippet:-1, max-image-preview:large, max-video-preview:-1\" \/>\n<link rel=\"canonical\" href=\"https:\/\/www.versiegelung24.com\/cs\/dezinfekcni-prostredek-na-ruce-dexan-5-litrova-kanystr.html\" \/>\n<meta property=\"og:locale\" content=\"cs_CZ\" \/>\n<meta property=\"og:type\" content=\"article\" \/>\n<meta property=\"og:title\" content=\"Dezinfek\u010dn\u00ed prost\u0159edek na ruce Dexan 5 litrov\u00e1 kanystr\" \/>\n<meta property=\"og:description\" content=\"Dezinfekce rukou na alkoholov\u00e9 b\u00e1zi p\u0159ipraven\u00e1 k pou\u017eit\u00ed: \u2713 S pe\u010duj\u00edc\u00ed slo\u017ekou (aloe vera) \u2713 Omezen\u00e9 virucidn\u00ed (obalen\u00e9 viry v\u010detn\u011b koronaviru, HIV, HBV, HCV, ch\u0159ipky, herpesu, viru Ebola atd.)\" \/>\n<meta property=\"og:url\" content=\"https:\/\/www.versiegelung24.com\/cs\/dezinfekcni-prostredek-na-ruce-dexan-5-litrova-kanystr.html\" \/>\n<meta property=\"og:site_name\" content=\"versiegelung24.com\" \/>\n<meta property=\"article:modified_time\" content=\"2025-01-13T15:40:46+00:00\" \/>\n<meta property=\"og:image\" content=\"https:\/\/www.versiegelung24.com\/wp-content\/uploads\/2020\/05\/dexan-5000ml-1.png\" \/>\n\t<meta property=\"og:image:width\" content=\"2000\" \/>\n\t<meta property=\"og:image:height\" content=\"2000\" \/>\n\t<meta property=\"og:image:type\" content=\"image\/png\" \/>\n<meta name=\"twitter:card\" content=\"summary_large_image\" \/>\n<meta name=\"twitter:label1\" content=\"Cena\" \/>\n\t<meta name=\"twitter:data1\" content=\"99,00&euro;\" \/>\n\t<meta name=\"twitter:label2\" content=\"Dostupnost\" \/>\n\t<meta name=\"twitter:data2\" content=\"V extern\u00edm sklad\u011b\" \/>\n<script type=\"application\/ld+json\" class=\"yoast-schema-graph\">{\"@context\":\"https:\\\/\\\/schema.org\",\"@graph\":[{\"@type\":\"WebPage\",\"@id\":\"https:\\\/\\\/www.versiegelung24.com\\\/cs\\\/dezinfekcni-prostredek-na-ruce-dexan-5-litrova-kanystr.html\",\"url\":\"https:\\\/\\\/www.versiegelung24.com\\\/cs\\\/dezinfekcni-prostredek-na-ruce-dexan-5-litrova-kanystr.html\",\"name\":\"Dezinfek\u010dn\u00ed prost\u0159edek na ruce Dexan 5 litrov\u00e1 kanystr - versiegelung24.com\",\"isPartOf\":{\"@id\":\"https:\\\/\\\/www.versiegelung24.com\\\/cs\\\/#website\"},\"primaryImageOfPage\":{\"@id\":\"https:\\\/\\\/www.versiegelung24.com\\\/cs\\\/dezinfekcni-prostredek-na-ruce-dexan-5-litrova-kanystr.html#primaryimage\"},\"image\":{\"@id\":\"https:\\\/\\\/www.versiegelung24.com\\\/cs\\\/dezinfekcni-prostredek-na-ruce-dexan-5-litrova-kanystr.html#primaryimage\"},\"thumbnailUrl\":\"https:\\\/\\\/www.versiegelung24.com\\\/wp-content\\\/uploads\\\/2020\\\/05\\\/dexan-5000ml-1.png\",\"datePublished\":\"2021-08-02T20:40:52+00:00\",\"dateModified\":\"2025-01-13T15:40:46+00:00\",\"breadcrumb\":{\"@id\":\"https:\\\/\\\/www.versiegelung24.com\\\/cs\\\/dezinfekcni-prostredek-na-ruce-dexan-5-litrova-kanystr.html#breadcrumb\"},\"inLanguage\":\"cs\",\"potentialAction\":[{\"@type\":\"ReadAction\",\"target\":[\"https:\\\/\\\/www.versiegelung24.com\\\/cs\\\/dezinfekcni-prostredek-na-ruce-dexan-5-litrova-kanystr.html\"]}]},{\"@type\":\"ImageObject\",\"inLanguage\":\"cs\",\"@id\":\"https:\\\/\\\/www.versiegelung24.com\\\/cs\\\/dezinfekcni-prostredek-na-ruce-dexan-5-litrova-kanystr.html#primaryimage\",\"url\":\"https:\\\/\\\/www.versiegelung24.com\\\/wp-content\\\/uploads\\\/2020\\\/05\\\/dexan-5000ml-1.png\",\"contentUrl\":\"https:\\\/\\\/www.versiegelung24.com\\\/wp-content\\\/uploads\\\/2020\\\/05\\\/dexan-5000ml-1.png\",\"width\":2000,\"height\":2000},{\"@type\":\"BreadcrumbList\",\"@id\":\"https:\\\/\\\/www.versiegelung24.com\\\/cs\\\/dezinfekcni-prostredek-na-ruce-dexan-5-litrova-kanystr.html#breadcrumb\",\"itemListElement\":[{\"@type\":\"ListItem\",\"position\":1,\"name\":\"Domovsk\u00e1 str\u00e1nka\",\"item\":\"https:\\\/\\\/www.versiegelung24.com\\\/cs\\\/predni\\\/\"},{\"@type\":\"ListItem\",\"position\":2,\"name\":\"Prodejna\",\"item\":\"https:\\\/\\\/www.versiegelung24.com\\\/cs\\\/prodejna\\\/\"},{\"@type\":\"ListItem\",\"position\":3,\"name\":\"Dezinfek\u010dn\u00ed prost\u0159edek na ruce Dexan 5 litrov\u00e1 kanystr\"}]},{\"@type\":\"WebSite\",\"@id\":\"https:\\\/\\\/www.versiegelung24.com\\\/cs\\\/#website\",\"url\":\"https:\\\/\\\/www.versiegelung24.com\\\/cs\\\/\",\"name\":\"versiegelung24.com\",\"description\":\"Fl\u00fcssigglas-Versiegelung - Made in Germany\",\"publisher\":{\"@id\":\"https:\\\/\\\/www.versiegelung24.com\\\/cs\\\/#organization\"},\"potentialAction\":[{\"@type\":\"SearchAction\",\"target\":{\"@type\":\"EntryPoint\",\"urlTemplate\":\"https:\\\/\\\/www.versiegelung24.com\\\/cs\\\/?s={search_term_string}\"},\"query-input\":{\"@type\":\"PropertyValueSpecification\",\"valueRequired\":true,\"valueName\":\"search_term_string\"}}],\"inLanguage\":\"cs\"},{\"@type\":\"Organization\",\"@id\":\"https:\\\/\\\/www.versiegelung24.com\\\/cs\\\/#organization\",\"name\":\"versiegelung24\",\"url\":\"https:\\\/\\\/www.versiegelung24.com\\\/cs\\\/\",\"logo\":{\"@type\":\"ImageObject\",\"inLanguage\":\"cs\",\"@id\":\"https:\\\/\\\/www.versiegelung24.com\\\/cs\\\/#\\\/schema\\\/logo\\\/image\\\/\",\"url\":\"https:\\\/\\\/www.versiegelung24.com\\\/wp-content\\\/uploads\\\/2020\\\/04\\\/versiegelung24.png\",\"contentUrl\":\"https:\\\/\\\/www.versiegelung24.com\\\/wp-content\\\/uploads\\\/2020\\\/04\\\/versiegelung24.png\",\"width\":470,\"height\":102,\"caption\":\"versiegelung24\"},\"image\":{\"@id\":\"https:\\\/\\\/www.versiegelung24.com\\\/cs\\\/#\\\/schema\\\/logo\\\/image\\\/\"}}]}<\/script>\n<meta property=\"product:price:amount\" content=\"99.00\" \/>\n<meta property=\"product:price:currency\" content=\"EUR\" \/>\n<meta property=\"og:availability\" content=\"backorder\" \/>\n<meta property=\"product:availability\" content=\"available for order\" \/>\n<meta property=\"product:retailer_item_id\" content=\"dexan-5000\" \/>\n<meta property=\"product:condition\" content=\"new\" \/>\n<!-- \/ Yoast SEO Premium plugin. -->","yoast_head_json":{"title":"Dezinfek\u010dn\u00ed prost\u0159edek na ruce Dexan 5 litrov\u00e1 kanystr - versiegelung24.com","robots":{"index":"index","follow":"follow","max-snippet":"max-snippet:-1","max-image-preview":"max-image-preview:large","max-video-preview":"max-video-preview:-1"},"canonical":"https:\/\/www.versiegelung24.com\/cs\/dezinfekcni-prostredek-na-ruce-dexan-5-litrova-kanystr.html","og_locale":"cs_CZ","og_type":"article","og_title":"Dezinfek\u010dn\u00ed prost\u0159edek na ruce Dexan 5 litrov\u00e1 kanystr","og_description":"Dezinfekce rukou na alkoholov\u00e9 b\u00e1zi p\u0159ipraven\u00e1 k pou\u017eit\u00ed: \u2713 S pe\u010duj\u00edc\u00ed slo\u017ekou (aloe vera) \u2713 Omezen\u00e9 virucidn\u00ed (obalen\u00e9 viry v\u010detn\u011b koronaviru, HIV, HBV, HCV, ch\u0159ipky, herpesu, viru Ebola atd.)","og_url":"https:\/\/www.versiegelung24.com\/cs\/dezinfekcni-prostredek-na-ruce-dexan-5-litrova-kanystr.html","og_site_name":"versiegelung24.com","article_modified_time":"2025-01-13T15:40:46+00:00","og_image":[{"width":2000,"height":2000,"url":"https:\/\/www.versiegelung24.com\/wp-content\/uploads\/2020\/05\/dexan-5000ml-1.png","type":"image\/png"}],"twitter_card":"summary_large_image","twitter_misc":{"Cena":"99,00&euro;","Dostupnost":"V extern\u00edm sklad\u011b"},"schema":{"@context":"https:\/\/schema.org","@graph":[{"@type":"WebPage","@id":"https:\/\/www.versiegelung24.com\/cs\/dezinfekcni-prostredek-na-ruce-dexan-5-litrova-kanystr.html","url":"https:\/\/www.versiegelung24.com\/cs\/dezinfekcni-prostredek-na-ruce-dexan-5-litrova-kanystr.html","name":"Dezinfek\u010dn\u00ed prost\u0159edek na ruce Dexan 5 litrov\u00e1 kanystr - versiegelung24.com","isPartOf":{"@id":"https:\/\/www.versiegelung24.com\/cs\/#website"},"primaryImageOfPage":{"@id":"https:\/\/www.versiegelung24.com\/cs\/dezinfekcni-prostredek-na-ruce-dexan-5-litrova-kanystr.html#primaryimage"},"image":{"@id":"https:\/\/www.versiegelung24.com\/cs\/dezinfekcni-prostredek-na-ruce-dexan-5-litrova-kanystr.html#primaryimage"},"thumbnailUrl":"https:\/\/www.versiegelung24.com\/wp-content\/uploads\/2020\/05\/dexan-5000ml-1.png","datePublished":"2021-08-02T20:40:52+00:00","dateModified":"2025-01-13T15:40:46+00:00","breadcrumb":{"@id":"https:\/\/www.versiegelung24.com\/cs\/dezinfekcni-prostredek-na-ruce-dexan-5-litrova-kanystr.html#breadcrumb"},"inLanguage":"cs","potentialAction":[{"@type":"ReadAction","target":["https:\/\/www.versiegelung24.com\/cs\/dezinfekcni-prostredek-na-ruce-dexan-5-litrova-kanystr.html"]}]},{"@type":"ImageObject","inLanguage":"cs","@id":"https:\/\/www.versiegelung24.com\/cs\/dezinfekcni-prostredek-na-ruce-dexan-5-litrova-kanystr.html#primaryimage","url":"https:\/\/www.versiegelung24.com\/wp-content\/uploads\/2020\/05\/dexan-5000ml-1.png","contentUrl":"https:\/\/www.versiegelung24.com\/wp-content\/uploads\/2020\/05\/dexan-5000ml-1.png","width":2000,"height":2000},{"@type":"BreadcrumbList","@id":"https:\/\/www.versiegelung24.com\/cs\/dezinfekcni-prostredek-na-ruce-dexan-5-litrova-kanystr.html#breadcrumb","itemListElement":[{"@type":"ListItem","position":1,"name":"Domovsk\u00e1 str\u00e1nka","item":"https:\/\/www.versiegelung24.com\/cs\/predni\/"},{"@type":"ListItem","position":2,"name":"Prodejna","item":"https:\/\/www.versiegelung24.com\/cs\/prodejna\/"},{"@type":"ListItem","position":3,"name":"Dezinfek\u010dn\u00ed prost\u0159edek na ruce Dexan 5 litrov\u00e1 kanystr"}]},{"@type":"WebSite","@id":"https:\/\/www.versiegelung24.com\/cs\/#website","url":"https:\/\/www.versiegelung24.com\/cs\/","name":"versiegelung24.com","description":"Fl\u00fcssigglas-Versiegelung - Made in Germany","publisher":{"@id":"https:\/\/www.versiegelung24.com\/cs\/#organization"},"potentialAction":[{"@type":"SearchAction","target":{"@type":"EntryPoint","urlTemplate":"https:\/\/www.versiegelung24.com\/cs\/?s={search_term_string}"},"query-input":{"@type":"PropertyValueSpecification","valueRequired":true,"valueName":"search_term_string"}}],"inLanguage":"cs"},{"@type":"Organization","@id":"https:\/\/www.versiegelung24.com\/cs\/#organization","name":"versiegelung24","url":"https:\/\/www.versiegelung24.com\/cs\/","logo":{"@type":"ImageObject","inLanguage":"cs","@id":"https:\/\/www.versiegelung24.com\/cs\/#\/schema\/logo\/image\/","url":"https:\/\/www.versiegelung24.com\/wp-content\/uploads\/2020\/04\/versiegelung24.png","contentUrl":"https:\/\/www.versiegelung24.com\/wp-content\/uploads\/2020\/04\/versiegelung24.png","width":470,"height":102,"caption":"versiegelung24"},"image":{"@id":"https:\/\/www.versiegelung24.com\/cs\/#\/schema\/logo\/image\/"}}]},"product_price_amount":"99.00","product_price_currency":"EUR","og_availability":"backorder","product_availability":"available for order","product_retailer_item_id":"dexan-5000","product_condition":"new"},"_links":{"self":[{"href":"https:\/\/www.versiegelung24.com\/cs\/wp-json\/wp\/v2\/product\/24372","targetHints":{"allow":["GET"]}}],"collection":[{"href":"https:\/\/www.versiegelung24.com\/cs\/wp-json\/wp\/v2\/product"}],"about":[{"href":"https:\/\/www.versiegelung24.com\/cs\/wp-json\/wp\/v2\/types\/product"}],"version-history":[{"count":11,"href":"https:\/\/www.versiegelung24.com\/cs\/wp-json\/wp\/v2\/product\/24372\/revisions"}],"predecessor-version":[{"id":180607,"href":"https:\/\/www.versiegelung24.com\/cs\/wp-json\/wp\/v2\/product\/24372\/revisions\/180607"}],"wp:featuredmedia":[{"embeddable":true,"href":"https:\/\/www.versiegelung24.com\/cs\/wp-json\/wp\/v2\/media\/15779"}],"wp:attachment":[{"href":"https:\/\/www.versiegelung24.com\/cs\/wp-json\/wp\/v2\/media?parent=24372"}],"wp:term":[{"taxonomy":"product_brand","embeddable":true,"href":"https:\/\/www.versiegelung24.com\/cs\/wp-json\/wp\/v2\/product_brand?post=24372"},{"taxonomy":"product_cat","embeddable":true,"href":"https:\/\/www.versiegelung24.com\/cs\/wp-json\/wp\/v2\/product_cat?post=24372"},{"taxonomy":"product_tag","embeddable":true,"href":"https:\/\/www.versiegelung24.com\/cs\/wp-json\/wp\/v2\/product_tag?post=24372"}],"curies":[{"name":"wp","href":"https:\/\/api.w.org\/{rel}","templated":true}]}}