{"id":24613,"date":"2020-04-27T22:20:08","date_gmt":"2021-08-02T20:50:21","guid":{"rendered":"https:\/\/www.versiegelung24.com\/produkt\/wb-rapid-on-tmel-a-finiser-do-hlubokeho-lesku"},"modified":"2025-01-04T00:02:48","modified_gmt":"2025-01-03T23:02:48","slug":"wb-rapid-on-deep-gloss-autolack-seal-finisher","status":"publish","type":"product","link":"https:\/\/www.versiegelung24.com\/cs\/wb-rapid-on-deep-gloss-autolack-seal-finisher.html","title":{"rendered":"WB Rapid On &#8211; tmel a fini\u0161er do hlubok\u00e9ho lesku"},"content":{"rendered":"\n<p><strong>WB Rapid On: Pr\u00e9miov\u00fd leskl\u00fd tmel a fini\u0161er, ide\u00e1ln\u00ed pro lakov\u00e1n\u00ed automobil\u016f &#8211; <\/strong><strong><em>na vodn\u00ed b\u00e1zi &#8211; rapid on<\/em><\/strong><\/p>\n\n<p>Pou\u017eiteln\u00e9 jako \u201epovrchov\u00e1 \u00faprava\u201c pro<a href=\"https:\/\/www.versiegelung24.com\/muster-permanent-protector\/\"> Vysoce kvalitn\u00ed keramick\u00fd povlak Permanent Protector<\/a> nebo<a href=\"https:\/\/www.versiegelung24.com\/autolack-spezial-politur-versiegelung-2in1\/\"> Speci\u00e1ln\u00ed lak na auta a laky 2v1<\/a> .<\/p>\n\n<p>Objednac\u00ed \u010d\u00edslo: 5002-7654<\/p>\n\n<p>Vysok\u00e1 kvalita Made in Germany<\/p>\n\n<p><strong>V24 WB Rapid On &#8211; tmel a fini\u0161er do hlubok\u00e9ho lesku<\/strong> vytv\u00e1\u0159\u00ed ultratenkou vrstvu na povrchu elektrostatick\u00fdm spojen\u00edm miliard drobn\u00fdch molekul k\u0159em\u00edku, srovnateln\u00fdm s \u00fa\u010dinkem drobn\u00fdch magnet\u016f, kter\u00e9 se navz\u00e1jem spojuj\u00ed a s povrchem. V d\u016fsledku toho jsou mikroskopick\u00e9 p\u00f3ry a kapil\u00e1ry ut\u011bsn\u011bny a \u010d\u00e1stice ne\u010distot a jin\u00e9 ne\u010distoty ji\u017e nejsou schopny p\u0159ilnout k nyn\u00ed mnohem hlad\u0161\u00ed vrstv\u011b. D\u00edky tomu se povrchy mnohem snadn\u011bji \u010dist\u00ed (\u201esnadno se \u010dist\u00ed\u201c), odpuzuj\u00ed vodu (hydrofobn\u011b) a maj\u00ed vysok\u00fd lesk.<\/p>\n\n<hr\/>\n\n<h4 class=\"wp-block-heading\" id=\"properties\">Vlastnosti produktu<\/h4>\n\n<div class=\"wp-block-columns is-layout-flex wp-container-core-columns-is-layout-9d6595d7 wp-block-columns-is-layout-flex\">\n<div class=\"wp-block-column is-layout-flow wp-block-column-is-layout-flow\">\n<ul class=\"wp-block-list\">\n<li>Efekt vysok\u00e9ho lesku<\/li>\n\n\n\n<li>Lze kombinovat jako fini\u0161er s hlubok\u00fdm leskem pro na\u0161e dlouhodob\u00e9 tmely<\/li>\n\n\n\n<li>Vynikaj\u00edc\u00ed snadno \u010distiteln\u00fd \u00fa\u010dinek na ulp\u00edv\u00e1n\u00ed ne\u010distot, nap\u0159. Z pta\u010d\u00edho trusu, hmyzu a jin\u00fdch agresivn\u00edch skvrn, povrchy se za\u0161pin\u00ed mnohem pomaleji<\/li>\n\n\n\n<li>Siln\u00fd hydrofobn\u00ed \u00fa\u010dinek (odpuzuje vodu)<\/li>\n\n\n\n<li>Nanotechnologie SiO\u00b2<\/li>\n\n\n\n<li>Na vodn\u00ed b\u00e1zi, bez rozpou\u0161t\u011bdel a bez z\u00e1pachu<\/li>\n\n\n\n<li>Chemicky odoln\u00fd v\u016f\u010di \u010distic\u00edm prost\u0159edk\u016fm (a\u017e do pH 10)<\/li>\n\n\n\n<li>Jednoduch\u00e1 aplikace<\/li>\n\n\n\n<li>Stabiln\u011bj\u0161\u00ed spojen\u00ed ne\u017e p\u0159\u00edpravky na b\u00e1zi vosku nebo silikonov\u00e9ho oleje<\/li>\n\n\n\n<li>UV stabiln\u00ed \/ mrazuvzdorn\u00fd \/ odoln\u00fd v\u016f\u010di slan\u00e9 vod\u011b \/ neviditeln\u00fd (tlou\u0161\u0165ka vrstvy: 40-50nm)<\/li>\n\n\n\n<li>\u00daspora n\u00e1klad\u016f, \u010dasu a energie d\u00edky prodlou\u017een\u00fdm \u010distic\u00edm cykl\u016fm<\/li>\n<\/ul>\n<\/div>\n\n\n\n<div class=\"wp-block-column is-layout-flow wp-block-column-is-layout-flow\">\n<ul id=\"block-cb512caf-6c3b-4dfc-8f82-809b2295b24e\" class=\"wp-block-list\">\n<li>Netoxick\u00fd a neho\u0159lav\u00fd<\/li>\n\n\n\n<li>Trvanlivost: 3 &#8211; 6 m\u011bs\u00edc\u016f (v z\u00e1vislosti na pou\u017eit\u00ed)<\/li>\n\n\n\n<li>Hedv\u00e1bn\u011b hladk\u00fd povrch, velmi dobr\u00fd pocit<\/li>\n\n\n\n<li>Odoln\u00fd t\u00e9m\u011b\u0159 v\u0161em kyselin\u00e1m, rozpou\u0161t\u011bdl\u016fm a z\u00e1sadit\u00fdm \u010distic\u00edm prost\u0159edk\u016fm pro dom\u00e1cnost<\/li>\n\n\n\n<li>Mnohem stabiln\u011bj\u0161\u00ed ne\u017e vosky nebo v\u00fdrobky na b\u00e1zi silikonov\u00e9ho oleje<\/li>\n\n\n\n<li>Snadno biologicky rozlo\u017eiteln\u00fd (podle krit\u00e9ri\u00ed OECD)<\/li>\n\n\n\n<li>Vysok\u00e1 odolnost proti od\u011bru proti \u010d\u00e1stic\u00edm p\u0159en\u00e1\u0161en\u00fdm v\u011btrem<\/li>\n\n\n\n<li>Teplotn\u00ed odolnost od -40 do + 200 \u00b0 C<\/li>\n\n\n\n<li>ph odoln\u00e9 od 1-10<\/li>\n\n\n\n<li>Nen\u00ed cytotoxick\u00fd podle ISO 10993-5 + 12<\/li>\n\n\n\n<li>Hustota cca 1,00 g \/ cm\u00b3<\/li>\n\n\n\n<li>Tlou\u0161\u0165ka vrstvy: cca 40-50nm<\/li>\n\n\n\n<li>Bez VOC (\u017e\u00e1dn\u00e9 nebezpe\u010dn\u00e9 zbo\u017e\u00ed)<\/li>\n\n\n\n<li>Siln\u00e9 nep\u0159ilnav\u00e9 vlastnosti (povrchy se \u0161pin\u00ed mnohem pomaleji)<\/li>\n<\/ul>\n<\/div>\n<\/div>\n\n<div class=\"wp-block-columns is-layout-flex wp-container-core-columns-is-layout-9d6595d7 wp-block-columns-is-layout-flex\">\n<div class=\"wp-block-column is-layout-flow wp-block-column-is-layout-flow\">\n<p><br\/><br\/><br\/><br\/><br\/><br\/>S<strong>tru\u010dn\u00e1 charakteristika<\/strong> Teplota pou\u017eit\u00ed: 0 &#8211; 45 \u00b0C m\u00b2 na litr: 100 m\u00b2 Skladovatelnost tmelu: 3-6 m\u011bs\u00edc\u016f Skladovatelnost kapaliny: a\u017e 1 rok Teplota skladov\u00e1n\u00ed: 0 &#8211; 30 \u00b0C (chr\u00e1n\u011bno p\u0159ed slune\u010dn\u00edm z\u00e1\u0159en\u00edm) Doba vytvrzov\u00e1n\u00ed: 5 minut, povrch lze pou\u017e\u00edt ihned<\/p>\n\n\n\n<p><br\/><br\/>R<strong>ozsah dod\u00e1vky<\/strong>: 1 x litrov\u00e1 l\u00e1hev 1 x popis produktu<\/p>\n<\/div>\n\n\n\n<div class=\"wp-block-column is-layout-flow wp-block-column-is-layout-flow\">\n<p><br\/><br\/><br\/><br\/>Z<strong>kou\u0161ky<\/strong> Zkou\u0161ka SMI Zkou\u0161ka koroze sendvi\u010d\u016f podle normy ASTM F 1110 Zkou\u0161ka prask\u00e1n\u00ed akryl\u00e1tu podle normy ASTM F 484 Zkou\u0161ka m\u011bknut\u00ed n\u00e1t\u011bru typu C podle normy ASTM F 502 Zkou\u0161ka vod\u00edkov\u00e9 k\u0159ehkosti podle normy ASTM F 519-93.<\/p>\n\n\n\n<p><br\/>Boeing certifikovan\u00fd DuPont\u2122 Marine Finishes:<strong>WB Rapid On &#8211; Deep Gloss Sealer &amp; Finisher<\/strong> byl testov\u00e1n na jacht\u011b na DuPont\u2122 Marine Finishes Topgloss SF a DP6940 Imron\u00ae Super Flow HS Clear Coat. Nebyl pozorov\u00e1n \u017e\u00e1dn\u00fd negativn\u00ed \u00fa\u010dinek na povlaky.<\/p>\n\n\n\n<p>\u010c\u00edslo celn\u00edho sazebn\u00edku: 3402 9090, \u017e\u00e1dn\u00e9 nebezpe\u010dn\u00e9 zbo\u017e\u00ed (NDG)<\/p>\n<\/div>\n<\/div>\n\n<hr\/>\n\n<h4 class=\"wp-block-heading\" id=\"application\">Aplikace<\/h4>\n\n<p><strong>V24 WB Rapid On &#8211; tmel a fini\u0161er do hlubok\u00e9ho lesku<\/strong> lze optim\u00e1ln\u011b aplikovat na<strong> :<\/strong><\/p>\n\n<p><br\/><br\/>&#8211; Laky aut (jako samostatn\u00fd tmel nebo jako &#8220;povrchov\u00e1 \u00faprava&#8221; na\u0161ich tmel\u016f 640 a 660, s jedn\u00edm litrem lze ut\u011bsnit p\u0159ibli\u017en\u011b 8-10 aut) &#8211; Lod\u011b &#8211; V dom\u00e1cnosti, nap\u0159.<br\/><br\/><br\/><br\/><br\/><br\/><br\/>na sprchov\u00e9 kouty, okna a r\u00e1my dve\u0159\u00ed &#8211; povrchy z nerezov\u00e9 oceli &#8211; lakovan\u00e9 a kovov\u00e9 povrchy &#8211; sklo &#8211; syntetick\u00e9 materi\u00e1ly &#8211; guma &#8211; chrom &#8211; st\u00edn\u00edtka (st\u00edn\u00edtka ly\u017e\u00ed a motocykl\u016f, zejm\u00e9na pokud se chcete vyhnout tmel\u016fm na b\u00e1zi rozpou\u0161t\u011bdel).<\/p>\n","protected":false},"excerpt":{"rendered":"<p><strong>Pr\u00e9miov\u00fd t\u011bsn\u00edc\u00ed a fini\u0161er do hlubok\u00e9ho lesku<\/strong><\/p>\n<p>\u2713 ide\u00e1ln\u00ed pro autolaky<\/p>\n<p><em>\u2713<\/em> <em>na vodn\u00ed b\u00e1zi \u2013 rychl\u00e9 zapnut\u00ed<\/em><\/p>\n","protected":false},"featured_media":18378,"template":"","meta":{"_acf_changed":false,"neve_meta_sidebar":"","neve_meta_container":"","neve_meta_enable_content_width":"","neve_meta_content_width":0,"neve_meta_title_alignment":"","neve_meta_author_avatar":"","neve_post_elements_order":"","neve_meta_disable_header":"","neve_meta_disable_footer":"","neve_meta_disable_title":"","neve_meta_reading_time":"","_surfaces":[],"_ver_product_tabs":[],"footnotes":""},"product_brand":[],"product_cat":[2223],"product_tag":[],"class_list":{"0":"post-24613","1":"product","2":"type-product","3":"status-publish","4":"has-post-thumbnail","6":"product_cat-tesneni-auta","8":"first","9":"instock","10":"taxable","11":"shipping-taxable","12":"purchasable","13":"product-type-simple"},"acf":[],"yoast_head":"<!-- This site is optimized with the Yoast SEO Premium plugin v22.8 (Yoast SEO v27.5) - https:\/\/yoast.com\/product\/yoast-seo-premium-wordpress\/ -->\n<title>WB Rapid On - tmel a fini\u0161er do hlubok\u00e9ho lesku - versiegelung24.com<\/title>\n<meta name=\"robots\" content=\"index, follow, max-snippet:-1, max-image-preview:large, max-video-preview:-1\" \/>\n<link rel=\"canonical\" href=\"https:\/\/www.versiegelung24.com\/cs\/wb-rapid-on-deep-gloss-autolack-seal-finisher.html\" \/>\n<meta property=\"og:locale\" content=\"cs_CZ\" \/>\n<meta property=\"og:type\" content=\"article\" \/>\n<meta property=\"og:title\" content=\"WB Rapid On - tmel a fini\u0161er do hlubok\u00e9ho lesku\" \/>\n<meta property=\"og:description\" content=\"Pr\u00e9miov\u00fd t\u011bsn\u00edc\u00ed a fini\u0161er do hlubok\u00e9ho lesku \u2713 ide\u00e1ln\u00ed pro autolaky \u2713 na vodn\u00ed b\u00e1zi \u2013 rychl\u00e9 zapnut\u00ed\" \/>\n<meta property=\"og:url\" content=\"https:\/\/www.versiegelung24.com\/cs\/wb-rapid-on-deep-gloss-autolack-seal-finisher.html\" \/>\n<meta property=\"og:site_name\" content=\"versiegelung24.com\" \/>\n<meta property=\"article:modified_time\" content=\"2025-01-03T23:02:48+00:00\" \/>\n<meta property=\"og:image\" content=\"https:\/\/www.versiegelung24.com\/wp-content\/uploads\/2020\/06\/produkt-5002-7654-1000-WB-Rapid-On-scaled.jpg\" \/>\n\t<meta property=\"og:image:width\" content=\"2560\" \/>\n\t<meta property=\"og:image:height\" content=\"2560\" \/>\n\t<meta property=\"og:image:type\" content=\"image\/jpeg\" \/>\n<meta name=\"twitter:card\" content=\"summary_large_image\" \/>\n<meta name=\"twitter:label1\" content=\"Cena\" \/>\n\t<meta name=\"twitter:data1\" content=\"69,00&euro;\" \/>\n\t<meta name=\"twitter:label2\" content=\"Dostupnost\" \/>\n\t<meta name=\"twitter:data2\" content=\"Skladem\" \/>\n<script type=\"application\/ld+json\" class=\"yoast-schema-graph\">{\"@context\":\"https:\\\/\\\/schema.org\",\"@graph\":[{\"@type\":\"WebPage\",\"@id\":\"https:\\\/\\\/www.versiegelung24.com\\\/cs\\\/wb-rapid-on-deep-gloss-autolack-seal-finisher.html\",\"url\":\"https:\\\/\\\/www.versiegelung24.com\\\/cs\\\/wb-rapid-on-deep-gloss-autolack-seal-finisher.html\",\"name\":\"WB Rapid On - tmel a fini\u0161er do hlubok\u00e9ho lesku - versiegelung24.com\",\"isPartOf\":{\"@id\":\"https:\\\/\\\/www.versiegelung24.com\\\/cs\\\/#website\"},\"primaryImageOfPage\":{\"@id\":\"https:\\\/\\\/www.versiegelung24.com\\\/cs\\\/wb-rapid-on-deep-gloss-autolack-seal-finisher.html#primaryimage\"},\"image\":{\"@id\":\"https:\\\/\\\/www.versiegelung24.com\\\/cs\\\/wb-rapid-on-deep-gloss-autolack-seal-finisher.html#primaryimage\"},\"thumbnailUrl\":\"https:\\\/\\\/www.versiegelung24.com\\\/wp-content\\\/uploads\\\/2020\\\/06\\\/produkt-5002-7654-1000-WB-Rapid-On-scaled.jpg\",\"datePublished\":\"2021-08-02T20:50:21+00:00\",\"dateModified\":\"2025-01-03T23:02:48+00:00\",\"breadcrumb\":{\"@id\":\"https:\\\/\\\/www.versiegelung24.com\\\/cs\\\/wb-rapid-on-deep-gloss-autolack-seal-finisher.html#breadcrumb\"},\"inLanguage\":\"cs\",\"potentialAction\":[{\"@type\":\"ReadAction\",\"target\":[\"https:\\\/\\\/www.versiegelung24.com\\\/cs\\\/wb-rapid-on-deep-gloss-autolack-seal-finisher.html\"]}]},{\"@type\":\"ImageObject\",\"inLanguage\":\"cs\",\"@id\":\"https:\\\/\\\/www.versiegelung24.com\\\/cs\\\/wb-rapid-on-deep-gloss-autolack-seal-finisher.html#primaryimage\",\"url\":\"https:\\\/\\\/www.versiegelung24.com\\\/wp-content\\\/uploads\\\/2020\\\/06\\\/produkt-5002-7654-1000-WB-Rapid-On-scaled.jpg\",\"contentUrl\":\"https:\\\/\\\/www.versiegelung24.com\\\/wp-content\\\/uploads\\\/2020\\\/06\\\/produkt-5002-7654-1000-WB-Rapid-On-scaled.jpg\",\"width\":2560,\"height\":2560},{\"@type\":\"BreadcrumbList\",\"@id\":\"https:\\\/\\\/www.versiegelung24.com\\\/cs\\\/wb-rapid-on-deep-gloss-autolack-seal-finisher.html#breadcrumb\",\"itemListElement\":[{\"@type\":\"ListItem\",\"position\":1,\"name\":\"Domovsk\u00e1 str\u00e1nka\",\"item\":\"https:\\\/\\\/www.versiegelung24.com\\\/cs\\\/predni\\\/\"},{\"@type\":\"ListItem\",\"position\":2,\"name\":\"Prodejna\",\"item\":\"https:\\\/\\\/www.versiegelung24.com\\\/cs\\\/prodejna\\\/\"},{\"@type\":\"ListItem\",\"position\":3,\"name\":\"WB Rapid On &#8211; tmel a fini\u0161er do hlubok\u00e9ho lesku\"}]},{\"@type\":\"WebSite\",\"@id\":\"https:\\\/\\\/www.versiegelung24.com\\\/cs\\\/#website\",\"url\":\"https:\\\/\\\/www.versiegelung24.com\\\/cs\\\/\",\"name\":\"versiegelung24.com\",\"description\":\"Fl\u00fcssigglas-Versiegelung - Made in Germany\",\"publisher\":{\"@id\":\"https:\\\/\\\/www.versiegelung24.com\\\/cs\\\/#organization\"},\"potentialAction\":[{\"@type\":\"SearchAction\",\"target\":{\"@type\":\"EntryPoint\",\"urlTemplate\":\"https:\\\/\\\/www.versiegelung24.com\\\/cs\\\/?s={search_term_string}\"},\"query-input\":{\"@type\":\"PropertyValueSpecification\",\"valueRequired\":true,\"valueName\":\"search_term_string\"}}],\"inLanguage\":\"cs\"},{\"@type\":\"Organization\",\"@id\":\"https:\\\/\\\/www.versiegelung24.com\\\/cs\\\/#organization\",\"name\":\"versiegelung24\",\"url\":\"https:\\\/\\\/www.versiegelung24.com\\\/cs\\\/\",\"logo\":{\"@type\":\"ImageObject\",\"inLanguage\":\"cs\",\"@id\":\"https:\\\/\\\/www.versiegelung24.com\\\/cs\\\/#\\\/schema\\\/logo\\\/image\\\/\",\"url\":\"https:\\\/\\\/www.versiegelung24.com\\\/wp-content\\\/uploads\\\/2020\\\/04\\\/versiegelung24.png\",\"contentUrl\":\"https:\\\/\\\/www.versiegelung24.com\\\/wp-content\\\/uploads\\\/2020\\\/04\\\/versiegelung24.png\",\"width\":470,\"height\":102,\"caption\":\"versiegelung24\"},\"image\":{\"@id\":\"https:\\\/\\\/www.versiegelung24.com\\\/cs\\\/#\\\/schema\\\/logo\\\/image\\\/\"}}]}<\/script>\n<meta property=\"product:price:amount\" content=\"69.00\" \/>\n<meta property=\"product:price:currency\" content=\"EUR\" \/>\n<meta property=\"og:availability\" content=\"instock\" \/>\n<meta property=\"product:availability\" content=\"instock\" \/>\n<meta property=\"product:retailer_item_id\" content=\"5002-7654-1000\" \/>\n<meta property=\"product:condition\" content=\"new\" \/>\n<!-- \/ Yoast SEO Premium plugin. -->","yoast_head_json":{"title":"WB Rapid On - tmel a fini\u0161er do hlubok\u00e9ho lesku - versiegelung24.com","robots":{"index":"index","follow":"follow","max-snippet":"max-snippet:-1","max-image-preview":"max-image-preview:large","max-video-preview":"max-video-preview:-1"},"canonical":"https:\/\/www.versiegelung24.com\/cs\/wb-rapid-on-deep-gloss-autolack-seal-finisher.html","og_locale":"cs_CZ","og_type":"article","og_title":"WB Rapid On - tmel a fini\u0161er do hlubok\u00e9ho lesku","og_description":"Pr\u00e9miov\u00fd t\u011bsn\u00edc\u00ed a fini\u0161er do hlubok\u00e9ho lesku \u2713 ide\u00e1ln\u00ed pro autolaky \u2713 na vodn\u00ed b\u00e1zi \u2013 rychl\u00e9 zapnut\u00ed","og_url":"https:\/\/www.versiegelung24.com\/cs\/wb-rapid-on-deep-gloss-autolack-seal-finisher.html","og_site_name":"versiegelung24.com","article_modified_time":"2025-01-03T23:02:48+00:00","og_image":[{"width":2560,"height":2560,"url":"https:\/\/www.versiegelung24.com\/wp-content\/uploads\/2020\/06\/produkt-5002-7654-1000-WB-Rapid-On-scaled.jpg","type":"image\/jpeg"}],"twitter_card":"summary_large_image","twitter_misc":{"Cena":"69,00&euro;","Dostupnost":"Skladem"},"schema":{"@context":"https:\/\/schema.org","@graph":[{"@type":"WebPage","@id":"https:\/\/www.versiegelung24.com\/cs\/wb-rapid-on-deep-gloss-autolack-seal-finisher.html","url":"https:\/\/www.versiegelung24.com\/cs\/wb-rapid-on-deep-gloss-autolack-seal-finisher.html","name":"WB Rapid On - tmel a fini\u0161er do hlubok\u00e9ho lesku - versiegelung24.com","isPartOf":{"@id":"https:\/\/www.versiegelung24.com\/cs\/#website"},"primaryImageOfPage":{"@id":"https:\/\/www.versiegelung24.com\/cs\/wb-rapid-on-deep-gloss-autolack-seal-finisher.html#primaryimage"},"image":{"@id":"https:\/\/www.versiegelung24.com\/cs\/wb-rapid-on-deep-gloss-autolack-seal-finisher.html#primaryimage"},"thumbnailUrl":"https:\/\/www.versiegelung24.com\/wp-content\/uploads\/2020\/06\/produkt-5002-7654-1000-WB-Rapid-On-scaled.jpg","datePublished":"2021-08-02T20:50:21+00:00","dateModified":"2025-01-03T23:02:48+00:00","breadcrumb":{"@id":"https:\/\/www.versiegelung24.com\/cs\/wb-rapid-on-deep-gloss-autolack-seal-finisher.html#breadcrumb"},"inLanguage":"cs","potentialAction":[{"@type":"ReadAction","target":["https:\/\/www.versiegelung24.com\/cs\/wb-rapid-on-deep-gloss-autolack-seal-finisher.html"]}]},{"@type":"ImageObject","inLanguage":"cs","@id":"https:\/\/www.versiegelung24.com\/cs\/wb-rapid-on-deep-gloss-autolack-seal-finisher.html#primaryimage","url":"https:\/\/www.versiegelung24.com\/wp-content\/uploads\/2020\/06\/produkt-5002-7654-1000-WB-Rapid-On-scaled.jpg","contentUrl":"https:\/\/www.versiegelung24.com\/wp-content\/uploads\/2020\/06\/produkt-5002-7654-1000-WB-Rapid-On-scaled.jpg","width":2560,"height":2560},{"@type":"BreadcrumbList","@id":"https:\/\/www.versiegelung24.com\/cs\/wb-rapid-on-deep-gloss-autolack-seal-finisher.html#breadcrumb","itemListElement":[{"@type":"ListItem","position":1,"name":"Domovsk\u00e1 str\u00e1nka","item":"https:\/\/www.versiegelung24.com\/cs\/predni\/"},{"@type":"ListItem","position":2,"name":"Prodejna","item":"https:\/\/www.versiegelung24.com\/cs\/prodejna\/"},{"@type":"ListItem","position":3,"name":"WB Rapid On &#8211; tmel a fini\u0161er do hlubok\u00e9ho lesku"}]},{"@type":"WebSite","@id":"https:\/\/www.versiegelung24.com\/cs\/#website","url":"https:\/\/www.versiegelung24.com\/cs\/","name":"versiegelung24.com","description":"Fl\u00fcssigglas-Versiegelung - Made in Germany","publisher":{"@id":"https:\/\/www.versiegelung24.com\/cs\/#organization"},"potentialAction":[{"@type":"SearchAction","target":{"@type":"EntryPoint","urlTemplate":"https:\/\/www.versiegelung24.com\/cs\/?s={search_term_string}"},"query-input":{"@type":"PropertyValueSpecification","valueRequired":true,"valueName":"search_term_string"}}],"inLanguage":"cs"},{"@type":"Organization","@id":"https:\/\/www.versiegelung24.com\/cs\/#organization","name":"versiegelung24","url":"https:\/\/www.versiegelung24.com\/cs\/","logo":{"@type":"ImageObject","inLanguage":"cs","@id":"https:\/\/www.versiegelung24.com\/cs\/#\/schema\/logo\/image\/","url":"https:\/\/www.versiegelung24.com\/wp-content\/uploads\/2020\/04\/versiegelung24.png","contentUrl":"https:\/\/www.versiegelung24.com\/wp-content\/uploads\/2020\/04\/versiegelung24.png","width":470,"height":102,"caption":"versiegelung24"},"image":{"@id":"https:\/\/www.versiegelung24.com\/cs\/#\/schema\/logo\/image\/"}}]},"product_price_amount":"69.00","product_price_currency":"EUR","og_availability":"instock","product_availability":"instock","product_retailer_item_id":"5002-7654-1000","product_condition":"new"},"_links":{"self":[{"href":"https:\/\/www.versiegelung24.com\/cs\/wp-json\/wp\/v2\/product\/24613","targetHints":{"allow":["GET"]}}],"collection":[{"href":"https:\/\/www.versiegelung24.com\/cs\/wp-json\/wp\/v2\/product"}],"about":[{"href":"https:\/\/www.versiegelung24.com\/cs\/wp-json\/wp\/v2\/types\/product"}],"version-history":[{"count":10,"href":"https:\/\/www.versiegelung24.com\/cs\/wp-json\/wp\/v2\/product\/24613\/revisions"}],"predecessor-version":[{"id":174292,"href":"https:\/\/www.versiegelung24.com\/cs\/wp-json\/wp\/v2\/product\/24613\/revisions\/174292"}],"wp:featuredmedia":[{"embeddable":true,"href":"https:\/\/www.versiegelung24.com\/cs\/wp-json\/wp\/v2\/media\/18378"}],"wp:attachment":[{"href":"https:\/\/www.versiegelung24.com\/cs\/wp-json\/wp\/v2\/media?parent=24613"}],"wp:term":[{"taxonomy":"product_brand","embeddable":true,"href":"https:\/\/www.versiegelung24.com\/cs\/wp-json\/wp\/v2\/product_brand?post=24613"},{"taxonomy":"product_cat","embeddable":true,"href":"https:\/\/www.versiegelung24.com\/cs\/wp-json\/wp\/v2\/product_cat?post=24613"},{"taxonomy":"product_tag","embeddable":true,"href":"https:\/\/www.versiegelung24.com\/cs\/wp-json\/wp\/v2\/product_tag?post=24613"}],"curies":[{"name":"wp","href":"https:\/\/api.w.org\/{rel}","templated":true}]}}