{"id":24678,"date":"2020-04-04T18:53:45","date_gmt":"2021-08-02T20:56:29","guid":{"rendered":"https:\/\/www.versiegelung24.com\/produkt\/premiove-tesneni-betonu-a-kamene-extremni-vodoodpudivost-neprodysne"},"modified":"2025-01-04T00:13:29","modified_gmt":"2025-01-03T23:13:29","slug":"premium-beton-kamen-tesneni-extremni-vodoodpudivy-nedychatelny","status":"publish","type":"product","link":"https:\/\/www.versiegelung24.com\/cs\/premium-beton-kamen-tesneni-extremni-vodoodpudivy-nedychatelny.html","title":{"rendered":"Pr\u00e9miov\u00e9 t\u011bsn\u011bn\u00ed z betonu a kamene s prohlouben\u00edm barvy &#8211; neprody\u0161n\u00e9"},"content":{"rendered":"\n<p>Na\u0161e prvot\u0159\u00eddn\u00ed t\u011bsn\u011bn\u00ed betonu a kamene \u00fa\u010dinn\u011b a trvale chr\u00e1n\u00ed povrchy p\u0159ed vn\u011bj\u0161\u00edmi vlivy a jasn\u011b p\u016fsob\u00ed proti pronik\u00e1n\u00ed oleje, tuk\u016f, k\u00e1vy a \u010derven\u00e9ho v\u00edna. Ochrann\u00fd \u010dir\u00fd lakov\u00fd povlak nav\u00edc zanech\u00e1v\u00e1 leskl\u00fd film zesiluj\u00edc\u00ed barvu, kter\u00fd viditeln\u011b vylep\u0161uje o\u0161et\u0159en\u00fd povrch.<\/p>\n\n<hr\/>\n\n<h4 class=\"wp-block-heading\" id=\"video\"><strong>Procvi\u010dte si video &#8211; \u00fa\u010dinn\u011b chr\u00e1n\u00edte kamenn\u00e9 figury a kamenn\u00e9 sochy v zahrad\u011b p\u0159ed vlivy prost\u0159ed\u00ed<\/strong><\/h4>\n\n<figure class=\"wp-block-embed aligncenter is-type-video is-provider-youtube wp-block-embed-youtube wp-embed-aspect-16-9 wp-has-aspect-ratio\"><div class=\"wp-block-embed__wrapper\"> \n<div class=\"nv-iframe-embed\"><iframe title=\"Steinfiguren &amp; Steinskulpturen wetterfest machen - Versiegelung \/ Impr\u00e4gnierung mit Farbvertiefung\" width=\"1200\" height=\"675\" src=\"https:\/\/www.youtube.com\/embed\/sSjv-OlqOgI?feature=oembed\" frameborder=\"0\" allow=\"accelerometer; autoplay; clipboard-write; encrypted-media; gyroscope; picture-in-picture\" allowfullscreen><\/iframe><\/div>\n <\/div><\/figure>\n\n<hr\/>\n\n<h4 class=\"wp-block-heading\" id=\"properties\">Vlastnosti produktu<\/h4>\n\n<div class=\"wp-block-columns is-layout-flex wp-container-core-columns-is-layout-9d6595d7 wp-block-columns-is-layout-flex\">\n<div class=\"wp-block-column is-layout-flow wp-block-column-is-layout-flow\">\n<p>\u2713 \u00da\u010dinn\u00e1 trval\u00e1 ochrana povrchu p\u0159ed vodou, \u0161p\u00ednou a pov\u011btrnostn\u00edmi vlivy<\/p>\n\n\n\n<p>\u2713 zabra\u0148uje r\u016fstu mech\u016f, li\u0161ejn\u00edk\u016f, hub a dal\u0161\u00edch p\u0159\u00edrodn\u00edch vliv\u016f<\/p>\n\n\n\n<p>\u2713 100% \u010dir\u00fd lak obsahuj\u00edc\u00ed pevn\u00fd materi\u00e1l<\/p>\n\n\n\n<p>\u2713 vysok\u00e1 odolnost proti od\u011bru d\u00edky nano technologii SiO\u00b2<\/p>\n\n\n\n<p>\u2713 o\u0161et\u0159en\u00e9 povrchy nejsou prody\u0161n\u00e9<\/p>\n\n\n\n<p>\u2713 Efekt prohlouben\u00ed barev s leskl\u00fdm filmem \/ vylep\u0161en\u00ed povrchu<\/p>\n\n\n\n<p>\u2713 velmi siln\u00e1 hydrofobicita<\/p>\n\n\n\n<p>\u2713 V\u00fdznamn\u00e9 sn\u00ed\u017een\u00ed pronik\u00e1n\u00ed oleje a tuk\u016f, k\u00e1vy, \u010derven\u00e9ho v\u00edna<\/p>\n\n\n\n<p>\u2713 Mrazuvzdorn\u00fd (led a sn\u00edh jej nepo\u0161kod\u00ed)<\/p>\n\n\n\n<p>\u2713 UV stabiln\u00ed<\/p>\n\n\n\n<p>\u2713 Snadno \u010distiteln\u00fd efekt: \u0161p\u00edna<\/p>\n\n\n\n<p>\u2713 Odoln\u00e9 v\u016f\u010di teplot\u00e1m do 1 000 \u00b0C (p\u0159i kr\u00e1tkodob\u00e9 expozici)<\/p>\n\n\n\n<p><\/p>\n\n\n\n<p><br\/>Rozsah dod\u00e1vky: 1 x litrov\u00e1 l\u00e1hev<\/p>\n<\/div>\n\n\n\n<div class=\"wp-block-column is-layout-flow wp-block-column-is-layout-flow\">\n<p><strong>Vysoce \u00fa\u010dinn\u00fd, vysoce vodoodpudiv\u00fd, ot\u011bruvzdorn\u00fd nano povlak pro v\u0161echny sav\u00e9, miner\u00e1ln\u00ed povrchy.<\/strong><\/p>\n\n\n\n<p>Nen\u00ed prody\u0161n\u00fd<\/p>\n\n\n\n<p>Objednac\u00ed \u010d\u00edslo: 3008-704<\/p>\n\n\n\n<p>Vysok\u00e1 kvalita Made in Germany<\/p>\n\n\n\n<p><strong>bezpe\u010dnost produktu<\/strong><\/p>\n\n\n\n<p>Informace o klasifikaci produktu v r\u00e1mci Na\u0159\u00edzen\u00ed o nebezpe\u010dn\u00fdch l\u00e1tk\u00e1ch, bezpe\u010dnostn\u00ed \u00fadaje a \u00fadaje o toxikologii a skladov\u00e1n\u00ed naleznete v na\u0161em bezpe\u010dnostn\u00edm listu.<\/p>\n\n\n\n<p>P\u0159i pou\u017e\u00edv\u00e1n\u00ed v\u011bnujte pozornost vhodn\u00e9mu ochrann\u00e9mu vybaven\u00ed. P\u0159i objedn\u00e1vce doporu\u010dujeme nosit vhodn\u00e9 respira\u010dn\u00ed masky a gumov\u00e9 rukavice.<\/p>\n\n\n\n<p>V p\u0159\u00edpad\u011b kontaktu s poko\u017ekou d\u016fkladn\u011b omyjte m\u00edsta m\u00fddlem a vodou.<\/p>\n\n\n\n<p><strong>\u00falo\u017en\u00fd prostor<\/strong><\/p>\n\n\n\n<p>V24 Concrete and Stone Sealing Extreme lze uchov\u00e1vat po dobu nejm\u00e9n\u011b 12 m\u011bs\u00edc\u016f v p\u016fvodn\u00edm uzav\u0159en\u00e9m obalu p\u0159i skladovac\u00edch teplot\u00e1ch +5 a\u017e + 25 \u00b0 C.<\/p>\n\n\n\n<p>Otev\u0159en\u00e9 n\u00e1doby by m\u011bly b\u00fdt pou\u017eity v kr\u00e1tk\u00e9m \u010dase.<\/p>\n\n\n\n<p>Del\u0161\u00ed doba skladov\u00e1n\u00ed nemus\u00ed nutn\u011b znamenat, \u017ee v\u00fdrobek je nepou\u017eiteln\u00fd, ale z hlediska zaji\u0161t\u011bn\u00ed kvality je t\u0159eba zkontrolovat vlastnosti po\u017eadovan\u00e9 pro zam\u00fd\u0161len\u00e9 pou\u017eit\u00ed.<\/p>\n<\/div>\n<\/div>\n\n<hr\/>\n\n<h4 class=\"wp-block-heading\" id=\"application\">Aplikace<\/h4>\n\n<div class=\"wp-block-columns is-layout-flex wp-container-core-columns-is-layout-9d6595d7 wp-block-columns-is-layout-flex\">\n<div class=\"wp-block-column is-layout-flow wp-block-column-is-layout-flow\">\n<ul class=\"wp-block-list\">\n<li><strong>Extr\u00e9mn\u00ed t\u011bsn\u011bn\u00ed betonu a kamene V24<\/strong> dod\u00e1v\u00e1 se p\u0159ipraven\u00fd k pou\u017eit\u00ed a nan\u00e1\u0161\u00ed se ne\u0159ed\u011bn\u00fd na p\u0159edem o\u010di\u0161t\u011bn\u00fd a vysu\u0161en\u00fd povrch. V z\u00e1vislosti na aplikaci je mo\u017en\u00e9 \u0159ed\u011bn\u00ed alkoholem.<\/li>\n<\/ul>\n\n\n\n<ul class=\"wp-block-list\">\n<li>V\u0161echny povrchy, kter\u00e9 maj\u00ed b\u00fdt o\u0161et\u0159eny, mus\u00ed b\u00fdt such\u00e9 a dob\u0159e vy\u010di\u0161t\u011bn\u00e9, proto\u017ee jedin\u011b tak lze zajistit hlubok\u00fd pr\u016fnik tmelu, kter\u00fd m\u00e1 optim\u00e1ln\u00ed dlouhodob\u00fd a hlubok\u00fd \u00fa\u010dinek.<\/li>\n<\/ul>\n\n\n\n<ul class=\"wp-block-list\">\n<li>Po aplikaci se <strong><strong>V24 Concrete and Stone Sealer extreme<\/strong><\/strong> mus\u00ed z\u016fstat v kontaktu s povrchem po dobu n\u011bkolika sekund jako tekut\u00fd film.<\/li>\n<\/ul>\n\n\n\n<ul class=\"wp-block-list\">\n<li>Povlak je zcela zes\u00ed\u0165ov\u00e1n a vytvrzen po 24 hodin\u00e1ch.<\/li>\n<\/ul>\n\n\n\n<p>Podrobn\u00fd popis aplikace naleznete v na\u0161em datov\u00e9m listu<\/p>\n<\/div>\n\n\n\n<div class=\"wp-block-column is-layout-flow wp-block-column-is-layout-flow\">\n<p>Ochrann\u00fd \u010dir\u00fd lak pro v\u0161echny miner\u00e1ln\u00ed, sav\u00e9 betonov\u00e9 a kamenn\u00e9 povrchy, uvnit\u0159 i venku.<\/p>\n\n\n\n<p>\u2713 Beton (betonov\u00fd blok, betonov\u00e1 dla\u017eba, schody, podlahy gar\u00e1\u017ee a d\u00edlny, pohledov\u00e9 betonov\u00e9 plochy &#8230;)<\/p>\n\n\n\n<p>\u2713 K\u00e1men (p\u0159\u00edrodn\u00ed k\u00e1men, dla\u017eebn\u00ed k\u00e1men, \u017eula, v\u00e1penop\u00edskov\u00e9 cihly, b\u0159idlice, zdivo, p\u0159\u00edjezdov\u00e9 cesty &#8230;)<\/p>\n\n\n\n<p><strong>D\u016fle\u017eit\u00e9:<\/strong> Pou\u017eit\u00ed je omezeno na vysoce le\u0161t\u011bn\u00e9 povrchy s n\u00edzkou nas\u00e1kavost\u00ed, proto\u017ee zde nem\u016f\u017ee doj\u00edt k optim\u00e1ln\u00edmu spojen\u00ed. V p\u0159\u00edpad\u011b pot\u0159eby je t\u0159eba povrch p\u0159edem zdrsnit (60-100 brusn\u00e9ho pap\u00edru v z\u00e1vislosti na povrchu) a nan\u00e9st z\u00e1kladn\u00ed vrstvu (1\/3 lihu 2\/3 tmelu). Pot\u00e9 asi po 30 minut\u00e1ch ne\u0159ed\u011bn\u00e9 t\u011bsn\u011bn\u00ed.<\/p>\n\n\n\n<p>Spot\u0159eba z\u00e1vis\u00ed na savosti povrchu cca 10-40m\u00b2 \/ litr.<\/p>\n<\/div>\n<\/div>\n","protected":false},"excerpt":{"rendered":"<p><strong>Extr\u00e9mn\u011b vodoodpudiv\u00fd bezbarv\u00fd lak pro vnit\u0159n\u00ed i venkovn\u00ed pou\u017eit\u00ed<\/strong>  <\/p>\n<p>\u2713 pro v\u0161echny sav\u00e9 povrchy z miner\u00e1ln\u00edho kamene a betonu<\/p>\n<p>\u2713 Efekt snadn\u00e9ho \u010di\u0161t\u011bn\u00ed: ne\u010distoty nep\u0159ilnou a lze je snadno odstranit<\/p>\n<p>\u2713 o\u0161et\u0159en\u00e9 povrchy nejsou prody\u0161n\u00e9<\/p>\n<p>\u2713 Zabra\u0148uje r\u016fstu mech\u016f, li\u0161ejn\u00edk\u016f, hub a dal\u0161\u00edch p\u0159\u00edrodn\u00edch vliv\u016f<\/p>\n<p>\u2713 Efekt prohlouben\u00ed barev s leskl\u00fdm filmem \/ vylep\u0161en\u00ed povrchu<\/p>\n<p>\u2713 Skladovatelnost: a\u017e 5 let+<\/p>\n","protected":false},"featured_media":18092,"template":"","meta":{"_acf_changed":false,"neve_meta_sidebar":"","neve_meta_container":"","neve_meta_enable_content_width":"","neve_meta_content_width":0,"neve_meta_title_alignment":"","neve_meta_author_avatar":"","neve_post_elements_order":"","neve_meta_disable_header":"","neve_meta_disable_footer":"","neve_meta_disable_title":"","neve_meta_reading_time":"","_surfaces":[],"_ver_product_tabs":[],"footnotes":""},"product_brand":[],"product_cat":[2313],"product_tag":[],"class_list":{"0":"post-24678","1":"product","2":"type-product","3":"status-publish","4":"has-post-thumbnail","6":"product_cat-tesneni-kamene-a-betonu","7":"pa_gebinde-1000ml-lahev","8":"pa_gebinde-20l-kanystr","10":"first","11":"instock","12":"taxable","13":"shipping-taxable","14":"purchasable","15":"product-type-variable","16":"has-default-attributes"},"acf":[],"yoast_head":"<!-- This site is optimized with the Yoast SEO Premium plugin v22.8 (Yoast SEO v27.5) - https:\/\/yoast.com\/product\/yoast-seo-premium-wordpress\/ -->\n<title>Pr\u00e9miov\u00e9 t\u011bsn\u011bn\u00ed betonu a kamene s prohlouben\u00edm barvy - versiegelung24<\/title>\n<meta name=\"description\" content=\"Pr\u00e9miov\u00e9 t\u011bsn\u011bn\u00ed betonu a kamene \u2013 zjist\u011bte v\u00edce o na\u0161em pr\u00e9miov\u00e9m t\u011bsn\u011bn\u00ed betonu a kamene s nanotechnologi\u00ed a prohlouben\u00edm barev\" \/>\n<meta name=\"robots\" content=\"index, follow, max-snippet:-1, max-image-preview:large, max-video-preview:-1\" \/>\n<link rel=\"canonical\" href=\"https:\/\/www.versiegelung24.com\/cs\/premium-beton-kamen-tesneni-extremni-vodoodpudivy-nedychatelny.html\" \/>\n<meta property=\"og:locale\" content=\"cs_CZ\" \/>\n<meta property=\"og:type\" content=\"article\" \/>\n<meta property=\"og:title\" content=\"Pr\u00e9miov\u00e9 t\u011bsn\u011bn\u00ed z betonu a kamene s prohlouben\u00edm barvy - neprody\u0161n\u00e9\" \/>\n<meta property=\"og:description\" content=\"Pr\u00e9miov\u00e9 t\u011bsn\u011bn\u00ed betonu a kamene \u2013 zjist\u011bte v\u00edce o na\u0161em pr\u00e9miov\u00e9m t\u011bsn\u011bn\u00ed betonu a kamene s nanotechnologi\u00ed a prohlouben\u00edm barev\" \/>\n<meta property=\"og:url\" content=\"https:\/\/www.versiegelung24.com\/cs\/premium-beton-kamen-tesneni-extremni-vodoodpudivy-nedychatelny.html\" \/>\n<meta property=\"og:site_name\" content=\"versiegelung24.com\" \/>\n<meta property=\"article:modified_time\" content=\"2025-01-03T23:13:29+00:00\" \/>\n<meta property=\"og:image\" content=\"https:\/\/www.versiegelung24.com\/wp-content\/uploads\/2020\/06\/produkt-3008-704-1000-Beton-Stein-Versiegelung-extreme-Wasserabweisung-nicht-atmungsaktiv-scaled.jpg\" \/>\n\t<meta property=\"og:image:width\" content=\"2560\" \/>\n\t<meta property=\"og:image:height\" content=\"2560\" \/>\n\t<meta property=\"og:image:type\" content=\"image\/jpeg\" \/>\n<meta name=\"twitter:card\" content=\"summary_large_image\" \/>\n<meta name=\"twitter:label1\" content=\"Dostupnost\" \/>\n\t<meta name=\"twitter:data1\" content=\"Skladem\" \/>\n<script type=\"application\/ld+json\" class=\"yoast-schema-graph\">{\"@context\":\"https:\\\/\\\/schema.org\",\"@graph\":[{\"@type\":\"WebPage\",\"@id\":\"https:\\\/\\\/www.versiegelung24.com\\\/cs\\\/premium-beton-kamen-tesneni-extremni-vodoodpudivy-nedychatelny.html\",\"url\":\"https:\\\/\\\/www.versiegelung24.com\\\/cs\\\/premium-beton-kamen-tesneni-extremni-vodoodpudivy-nedychatelny.html\",\"name\":\"Pr\u00e9miov\u00e9 t\u011bsn\u011bn\u00ed betonu a kamene s prohlouben\u00edm barvy - versiegelung24\",\"isPartOf\":{\"@id\":\"https:\\\/\\\/www.versiegelung24.com\\\/cs\\\/#website\"},\"primaryImageOfPage\":{\"@id\":\"https:\\\/\\\/www.versiegelung24.com\\\/cs\\\/premium-beton-kamen-tesneni-extremni-vodoodpudivy-nedychatelny.html#primaryimage\"},\"image\":{\"@id\":\"https:\\\/\\\/www.versiegelung24.com\\\/cs\\\/premium-beton-kamen-tesneni-extremni-vodoodpudivy-nedychatelny.html#primaryimage\"},\"thumbnailUrl\":\"https:\\\/\\\/www.versiegelung24.com\\\/wp-content\\\/uploads\\\/2020\\\/06\\\/produkt-3008-704-1000-Beton-Stein-Versiegelung-extreme-Wasserabweisung-nicht-atmungsaktiv-scaled.jpg\",\"datePublished\":\"2021-08-02T20:56:29+00:00\",\"dateModified\":\"2025-01-03T23:13:29+00:00\",\"description\":\"Pr\u00e9miov\u00e9 t\u011bsn\u011bn\u00ed betonu a kamene \u2013 zjist\u011bte v\u00edce o na\u0161em pr\u00e9miov\u00e9m t\u011bsn\u011bn\u00ed betonu a kamene s nanotechnologi\u00ed a prohlouben\u00edm barev\",\"breadcrumb\":{\"@id\":\"https:\\\/\\\/www.versiegelung24.com\\\/cs\\\/premium-beton-kamen-tesneni-extremni-vodoodpudivy-nedychatelny.html#breadcrumb\"},\"inLanguage\":\"cs\",\"potentialAction\":[{\"@type\":\"ReadAction\",\"target\":[\"https:\\\/\\\/www.versiegelung24.com\\\/cs\\\/premium-beton-kamen-tesneni-extremni-vodoodpudivy-nedychatelny.html\"]}]},{\"@type\":\"ImageObject\",\"inLanguage\":\"cs\",\"@id\":\"https:\\\/\\\/www.versiegelung24.com\\\/cs\\\/premium-beton-kamen-tesneni-extremni-vodoodpudivy-nedychatelny.html#primaryimage\",\"url\":\"https:\\\/\\\/www.versiegelung24.com\\\/wp-content\\\/uploads\\\/2020\\\/06\\\/produkt-3008-704-1000-Beton-Stein-Versiegelung-extreme-Wasserabweisung-nicht-atmungsaktiv-scaled.jpg\",\"contentUrl\":\"https:\\\/\\\/www.versiegelung24.com\\\/wp-content\\\/uploads\\\/2020\\\/06\\\/produkt-3008-704-1000-Beton-Stein-Versiegelung-extreme-Wasserabweisung-nicht-atmungsaktiv-scaled.jpg\",\"width\":2560,\"height\":2560},{\"@type\":\"BreadcrumbList\",\"@id\":\"https:\\\/\\\/www.versiegelung24.com\\\/cs\\\/premium-beton-kamen-tesneni-extremni-vodoodpudivy-nedychatelny.html#breadcrumb\",\"itemListElement\":[{\"@type\":\"ListItem\",\"position\":1,\"name\":\"Domovsk\u00e1 str\u00e1nka\",\"item\":\"https:\\\/\\\/www.versiegelung24.com\\\/cs\\\/predni\\\/\"},{\"@type\":\"ListItem\",\"position\":2,\"name\":\"Prodejna\",\"item\":\"https:\\\/\\\/www.versiegelung24.com\\\/cs\\\/prodejna\\\/\"},{\"@type\":\"ListItem\",\"position\":3,\"name\":\"Pr\u00e9miov\u00e9 t\u011bsn\u011bn\u00ed z betonu a kamene s prohlouben\u00edm barvy &#8211; neprody\u0161n\u00e9\"}]},{\"@type\":\"WebSite\",\"@id\":\"https:\\\/\\\/www.versiegelung24.com\\\/cs\\\/#website\",\"url\":\"https:\\\/\\\/www.versiegelung24.com\\\/cs\\\/\",\"name\":\"versiegelung24.com\",\"description\":\"Fl\u00fcssigglas-Versiegelung - Made in Germany\",\"publisher\":{\"@id\":\"https:\\\/\\\/www.versiegelung24.com\\\/cs\\\/#organization\"},\"potentialAction\":[{\"@type\":\"SearchAction\",\"target\":{\"@type\":\"EntryPoint\",\"urlTemplate\":\"https:\\\/\\\/www.versiegelung24.com\\\/cs\\\/?s={search_term_string}\"},\"query-input\":{\"@type\":\"PropertyValueSpecification\",\"valueRequired\":true,\"valueName\":\"search_term_string\"}}],\"inLanguage\":\"cs\"},{\"@type\":\"Organization\",\"@id\":\"https:\\\/\\\/www.versiegelung24.com\\\/cs\\\/#organization\",\"name\":\"versiegelung24\",\"url\":\"https:\\\/\\\/www.versiegelung24.com\\\/cs\\\/\",\"logo\":{\"@type\":\"ImageObject\",\"inLanguage\":\"cs\",\"@id\":\"https:\\\/\\\/www.versiegelung24.com\\\/cs\\\/#\\\/schema\\\/logo\\\/image\\\/\",\"url\":\"https:\\\/\\\/www.versiegelung24.com\\\/wp-content\\\/uploads\\\/2020\\\/04\\\/versiegelung24.png\",\"contentUrl\":\"https:\\\/\\\/www.versiegelung24.com\\\/wp-content\\\/uploads\\\/2020\\\/04\\\/versiegelung24.png\",\"width\":470,\"height\":102,\"caption\":\"versiegelung24\"},\"image\":{\"@id\":\"https:\\\/\\\/www.versiegelung24.com\\\/cs\\\/#\\\/schema\\\/logo\\\/image\\\/\"}}]}<\/script>\n<meta property=\"og:availability\" content=\"instock\" \/>\n<meta property=\"product:availability\" content=\"instock\" \/>\n<meta property=\"product:retailer_item_id\" content=\"3008-704\" \/>\n<meta property=\"product:condition\" content=\"new\" \/>\n<!-- \/ Yoast SEO Premium plugin. -->","yoast_head_json":{"title":"Pr\u00e9miov\u00e9 t\u011bsn\u011bn\u00ed betonu a kamene s prohlouben\u00edm barvy - versiegelung24","description":"Pr\u00e9miov\u00e9 t\u011bsn\u011bn\u00ed betonu a kamene \u2013 zjist\u011bte v\u00edce o na\u0161em pr\u00e9miov\u00e9m t\u011bsn\u011bn\u00ed betonu a kamene s nanotechnologi\u00ed a prohlouben\u00edm barev","robots":{"index":"index","follow":"follow","max-snippet":"max-snippet:-1","max-image-preview":"max-image-preview:large","max-video-preview":"max-video-preview:-1"},"canonical":"https:\/\/www.versiegelung24.com\/cs\/premium-beton-kamen-tesneni-extremni-vodoodpudivy-nedychatelny.html","og_locale":"cs_CZ","og_type":"article","og_title":"Pr\u00e9miov\u00e9 t\u011bsn\u011bn\u00ed z betonu a kamene s prohlouben\u00edm barvy - neprody\u0161n\u00e9","og_description":"Pr\u00e9miov\u00e9 t\u011bsn\u011bn\u00ed betonu a kamene \u2013 zjist\u011bte v\u00edce o na\u0161em pr\u00e9miov\u00e9m t\u011bsn\u011bn\u00ed betonu a kamene s nanotechnologi\u00ed a prohlouben\u00edm barev","og_url":"https:\/\/www.versiegelung24.com\/cs\/premium-beton-kamen-tesneni-extremni-vodoodpudivy-nedychatelny.html","og_site_name":"versiegelung24.com","article_modified_time":"2025-01-03T23:13:29+00:00","og_image":[{"width":2560,"height":2560,"url":"https:\/\/www.versiegelung24.com\/wp-content\/uploads\/2020\/06\/produkt-3008-704-1000-Beton-Stein-Versiegelung-extreme-Wasserabweisung-nicht-atmungsaktiv-scaled.jpg","type":"image\/jpeg"}],"twitter_card":"summary_large_image","twitter_misc":{"Dostupnost":"Skladem"},"schema":{"@context":"https:\/\/schema.org","@graph":[{"@type":"WebPage","@id":"https:\/\/www.versiegelung24.com\/cs\/premium-beton-kamen-tesneni-extremni-vodoodpudivy-nedychatelny.html","url":"https:\/\/www.versiegelung24.com\/cs\/premium-beton-kamen-tesneni-extremni-vodoodpudivy-nedychatelny.html","name":"Pr\u00e9miov\u00e9 t\u011bsn\u011bn\u00ed betonu a kamene s prohlouben\u00edm barvy - versiegelung24","isPartOf":{"@id":"https:\/\/www.versiegelung24.com\/cs\/#website"},"primaryImageOfPage":{"@id":"https:\/\/www.versiegelung24.com\/cs\/premium-beton-kamen-tesneni-extremni-vodoodpudivy-nedychatelny.html#primaryimage"},"image":{"@id":"https:\/\/www.versiegelung24.com\/cs\/premium-beton-kamen-tesneni-extremni-vodoodpudivy-nedychatelny.html#primaryimage"},"thumbnailUrl":"https:\/\/www.versiegelung24.com\/wp-content\/uploads\/2020\/06\/produkt-3008-704-1000-Beton-Stein-Versiegelung-extreme-Wasserabweisung-nicht-atmungsaktiv-scaled.jpg","datePublished":"2021-08-02T20:56:29+00:00","dateModified":"2025-01-03T23:13:29+00:00","description":"Pr\u00e9miov\u00e9 t\u011bsn\u011bn\u00ed betonu a kamene \u2013 zjist\u011bte v\u00edce o na\u0161em pr\u00e9miov\u00e9m t\u011bsn\u011bn\u00ed betonu a kamene s nanotechnologi\u00ed a prohlouben\u00edm barev","breadcrumb":{"@id":"https:\/\/www.versiegelung24.com\/cs\/premium-beton-kamen-tesneni-extremni-vodoodpudivy-nedychatelny.html#breadcrumb"},"inLanguage":"cs","potentialAction":[{"@type":"ReadAction","target":["https:\/\/www.versiegelung24.com\/cs\/premium-beton-kamen-tesneni-extremni-vodoodpudivy-nedychatelny.html"]}]},{"@type":"ImageObject","inLanguage":"cs","@id":"https:\/\/www.versiegelung24.com\/cs\/premium-beton-kamen-tesneni-extremni-vodoodpudivy-nedychatelny.html#primaryimage","url":"https:\/\/www.versiegelung24.com\/wp-content\/uploads\/2020\/06\/produkt-3008-704-1000-Beton-Stein-Versiegelung-extreme-Wasserabweisung-nicht-atmungsaktiv-scaled.jpg","contentUrl":"https:\/\/www.versiegelung24.com\/wp-content\/uploads\/2020\/06\/produkt-3008-704-1000-Beton-Stein-Versiegelung-extreme-Wasserabweisung-nicht-atmungsaktiv-scaled.jpg","width":2560,"height":2560},{"@type":"BreadcrumbList","@id":"https:\/\/www.versiegelung24.com\/cs\/premium-beton-kamen-tesneni-extremni-vodoodpudivy-nedychatelny.html#breadcrumb","itemListElement":[{"@type":"ListItem","position":1,"name":"Domovsk\u00e1 str\u00e1nka","item":"https:\/\/www.versiegelung24.com\/cs\/predni\/"},{"@type":"ListItem","position":2,"name":"Prodejna","item":"https:\/\/www.versiegelung24.com\/cs\/prodejna\/"},{"@type":"ListItem","position":3,"name":"Pr\u00e9miov\u00e9 t\u011bsn\u011bn\u00ed z betonu a kamene s prohlouben\u00edm barvy &#8211; neprody\u0161n\u00e9"}]},{"@type":"WebSite","@id":"https:\/\/www.versiegelung24.com\/cs\/#website","url":"https:\/\/www.versiegelung24.com\/cs\/","name":"versiegelung24.com","description":"Fl\u00fcssigglas-Versiegelung - Made in Germany","publisher":{"@id":"https:\/\/www.versiegelung24.com\/cs\/#organization"},"potentialAction":[{"@type":"SearchAction","target":{"@type":"EntryPoint","urlTemplate":"https:\/\/www.versiegelung24.com\/cs\/?s={search_term_string}"},"query-input":{"@type":"PropertyValueSpecification","valueRequired":true,"valueName":"search_term_string"}}],"inLanguage":"cs"},{"@type":"Organization","@id":"https:\/\/www.versiegelung24.com\/cs\/#organization","name":"versiegelung24","url":"https:\/\/www.versiegelung24.com\/cs\/","logo":{"@type":"ImageObject","inLanguage":"cs","@id":"https:\/\/www.versiegelung24.com\/cs\/#\/schema\/logo\/image\/","url":"https:\/\/www.versiegelung24.com\/wp-content\/uploads\/2020\/04\/versiegelung24.png","contentUrl":"https:\/\/www.versiegelung24.com\/wp-content\/uploads\/2020\/04\/versiegelung24.png","width":470,"height":102,"caption":"versiegelung24"},"image":{"@id":"https:\/\/www.versiegelung24.com\/cs\/#\/schema\/logo\/image\/"}}]},"og_availability":"instock","product_availability":"instock","product_retailer_item_id":"3008-704","product_condition":"new"},"_links":{"self":[{"href":"https:\/\/www.versiegelung24.com\/cs\/wp-json\/wp\/v2\/product\/24678","targetHints":{"allow":["GET"]}}],"collection":[{"href":"https:\/\/www.versiegelung24.com\/cs\/wp-json\/wp\/v2\/product"}],"about":[{"href":"https:\/\/www.versiegelung24.com\/cs\/wp-json\/wp\/v2\/types\/product"}],"version-history":[{"count":26,"href":"https:\/\/www.versiegelung24.com\/cs\/wp-json\/wp\/v2\/product\/24678\/revisions"}],"predecessor-version":[{"id":177060,"href":"https:\/\/www.versiegelung24.com\/cs\/wp-json\/wp\/v2\/product\/24678\/revisions\/177060"}],"wp:featuredmedia":[{"embeddable":true,"href":"https:\/\/www.versiegelung24.com\/cs\/wp-json\/wp\/v2\/media\/18092"}],"wp:attachment":[{"href":"https:\/\/www.versiegelung24.com\/cs\/wp-json\/wp\/v2\/media?parent=24678"}],"wp:term":[{"taxonomy":"product_brand","embeddable":true,"href":"https:\/\/www.versiegelung24.com\/cs\/wp-json\/wp\/v2\/product_brand?post=24678"},{"taxonomy":"product_cat","embeddable":true,"href":"https:\/\/www.versiegelung24.com\/cs\/wp-json\/wp\/v2\/product_cat?post=24678"},{"taxonomy":"product_tag","embeddable":true,"href":"https:\/\/www.versiegelung24.com\/cs\/wp-json\/wp\/v2\/product_tag?post=24678"}],"curies":[{"name":"wp","href":"https:\/\/api.w.org\/{rel}","templated":true}]}}