{"id":25429,"date":"2020-04-04T18:53:13","date_gmt":"2021-08-03T08:07:53","guid":{"rendered":"https:\/\/www.versiegelung24.com\/produkt\/specialni-karavanovy-lesk-a-tesneni-v-profesionalni-kvalite"},"modified":"2025-01-03T23:28:54","modified_gmt":"2025-01-03T22:28:54","slug":"karavan-specialni-lestidlo-a-tesneni-v-profesionalni-kvalite","status":"publish","type":"product","link":"https:\/\/www.versiegelung24.com\/cs\/specialni-karavanovy-lesk-a-tesneni-v-profesionalni-kvalite.html","title":{"rendered":"Speci\u00e1ln\u00ed le\u0161t\u011bnka a t\u011bsn\u011bn\u00ed obytn\u00fdch voz\u016f \/ karavan\u016f \/ karavan\u016f v profesion\u00e1ln\u00ed kvalit\u011b"},"content":{"rendered":"\n<p><strong>Vysoce \u00fa\u010dinn\u00fd profesion\u00e1ln\u00ed tmel pro karavany, s lotosov\u00fdm efektem (odpuzuje vodu), trvanlivost a\u017e 3 m\u011bs\u00edce<\/strong><\/p>\n\n<p>Vysok\u00e1 kvalita Made in Germany.<\/p>\n\n<hr\/>\n\n<h4 class=\"wp-block-heading\" id=\"properties\">Vlastnosti produktu<\/h4>\n\n<div class=\"wp-block-columns is-layout-flex wp-container-core-columns-is-layout-9d6595d7 wp-block-columns-is-layout-flex\">\n<div class=\"wp-block-column is-layout-flow wp-block-column-is-layout-flow\">\n<ul class=\"wp-block-list\"><li>Vysoce kvalitn\u00ed le\u0161tidlo bez abrazivn\u00edch slo\u017eek, vrstvy laku nejsou napad\u00e1ny<\/li><li>Emulze, velmi snadn\u00e9 pou\u017eit\u00ed<\/li><li>Osv\u011b\u017euj\u00edc\u00ed efekt lesku a barev<\/li><li>\u010cist\u00ed, le\u0161t\u00ed a ut\u011bs\u0148uje v jednom kroku (odstra\u0148uje dehet, prysky\u0159ice a zbytky hmyzu)<\/li><li>Nep\u0159ilnav\u00fd povrch odpuzuj\u00edc\u00ed vodu a ne\u010distoty, leskl\u00fd<\/li><li>Zabra\u0148uje ulp\u00edv\u00e1n\u00ed dehtu a hmyzu na povrchu<\/li><li>Sni\u017euje \u0161kr\u00e1bance<\/li><li>Pro vnit\u0159n\u00ed i venkovn\u00ed pou\u017eit\u00ed<\/li><\/ul>\n<\/div>\n\n\n\n<div class=\"wp-block-column is-layout-flow wp-block-column-is-layout-flow\">\n<ul class=\"wp-block-list\" id=\"block-feede020-7d07-4fe3-abd9-bbbd73e79539\"><li>Pr\u016fhledn\u00fd \/ neviditeln\u00fd, vzhled povrchu z\u016fst\u00e1v\u00e1 nezm\u011bn\u011bn<\/li><li>Odoln\u00fd proti mrazu, \u010di\u0161t\u011bn\u00ed (v\u010detn\u011b myt\u00ed aut), UV z\u00e1\u0159en\u00ed (br\u00e1n\u00ed otupen\u00ed laku), louh\u016fm \/ z\u00e1sad\u00e1m, mo\u0159sk\u00e9 vod\u011b, slan\u00e9mu vzduchu, hmyz\u00edmu trusu a jin\u00e9mu siln\u00e9mu zne\u010di\u0161t\u011bn\u00ed<\/li><li>V\u00fdrazn\u011b sni\u017euje odpor vzduchu a nab\u00edz\u00ed tak v\u011bt\u0161\u00ed \u00fa\u010dinnost pro vozidla<\/li><li>\u201eSnadno \u010distiteln\u00fd\u201c efekt, pota\u017een\u00e9 povrchy z\u016fstanou d\u00e9le \u010dist\u00e9 a sn\u00e1ze se \u010dist\u00ed.<\/li><\/ul>\n\n\n\n<p><br\/><br\/>Rozsah dod\u00e1vky: 1 x litrov\u00e1 l\u00e1hev 1 x popis produktu<\/p>\n<\/div>\n<\/div>\n\n<hr\/>\n\n<h4 class=\"wp-block-heading\" id=\"application\">Aplikace<\/h4>\n\n<div class=\"wp-block-columns is-layout-flex wp-container-core-columns-is-layout-9d6595d7 wp-block-columns-is-layout-flex\">\n<div class=\"wp-block-column is-layout-flow wp-block-column-is-layout-flow\">\n<ul class=\"wp-block-list\"><li>Ide\u00e1ln\u00ed pro o\u0161et\u0159ov\u00e1n\u00ed karavan\u016f, p\u0159\u00edv\u011bs\u016f, obytn\u00fdch voz\u016f, karavan\u016f \/ mobiln\u00edch dom\u016f (zvl\u00e1\u0161t\u011b \u00fa\u010dinn\u00fd u barev, kter\u00e9 nejsou star\u0161\u00ed ne\u017e 10 let)<\/li><li>\u00dapravy odpuzuj\u00edc\u00ed ne\u010distoty a vodu na lit\u00fdch kolech (snadn\u011bj\u0161\u00ed \u010di\u0161t\u011bn\u00ed)<\/li><li>\u00dapravy kov\u016f (ochrana proti rzi a oxidaci)<\/li><li>Kolejov\u00e1 vozidla, stavebn\u00ed stroje, zem\u011bd\u011blsk\u00e1 vozidla<\/li><\/ul>\n\n\n\n<p><\/p>\n<\/div>\n\n\n\n<div class=\"wp-block-column is-layout-flow wp-block-column-is-layout-flow\">\n<p>Pot\u0159ebn\u00e9 mno\u017estv\u00ed z\u00e1vis\u00ed na povrchu, kter\u00fd m\u00e1 b\u00fdt nat\u0159en (stupe\u0148 opot\u0159eben\u00ed a zne\u010di\u0161t\u011bn\u00ed) a pou\u017eit\u00e9m had\u0159\u00edku. Rozmetan\u00e9 mno\u017estv\u00ed je p\u0159ibli\u017en\u011b 20-40 ml \/ m\u00b2.<\/p>\n\n\n\n<p><br\/><br\/>Snadn\u00e1 aplikace: 1. Ot\u0159ete t\u011bsnic\u00ed prost\u0159edek a vyle\u0161t\u011bte 2. Nechte 12 hodin vytvrdnout &#8211; hotovo<\/p>\n\n\n\n<p>Skladovatelnost: A\u017e 3 m\u011bs\u00edce<\/p>\n<\/div>\n<\/div>\n","protected":false},"excerpt":{"rendered":"<p><strong>Vysoce \u00fa\u010dinn\u00e9 profesion\u00e1ln\u00ed t\u011bsn\u011bn\u00ed pro:<\/strong><\/p>\n<p>\u2713 Karavany<\/p>\n<p>\u2713 S lotosov\u00fdm efektem (vodoodpudivost)<\/p>\n<p>\u2713 Doba pou\u017eitelnosti a\u017e 3 m\u011bs\u00edce<\/p>\n","protected":false},"featured_media":17781,"template":"","meta":{"_acf_changed":false,"neve_meta_sidebar":"","neve_meta_container":"","neve_meta_enable_content_width":"","neve_meta_content_width":0,"neve_meta_title_alignment":"","neve_meta_author_avatar":"","neve_post_elements_order":"","neve_meta_disable_header":"","neve_meta_disable_footer":"","neve_meta_disable_title":"","neve_meta_reading_time":"","_surfaces":[],"_ver_product_tabs":[],"footnotes":""},"product_brand":[],"product_cat":[2223],"product_tag":[],"class_list":{"0":"post-25429","1":"product","2":"type-product","3":"status-publish","4":"has-post-thumbnail","6":"product_cat-tesneni-auta","8":"first","9":"instock","10":"taxable","11":"shipping-taxable","12":"purchasable","13":"product-type-simple"},"acf":[],"yoast_head":"<!-- This site is optimized with the Yoast SEO Premium plugin v22.8 (Yoast SEO v27.5) - https:\/\/yoast.com\/product\/yoast-seo-premium-wordpress\/ -->\n<title>Speci\u00e1ln\u00ed le\u0161t\u011bnka a t\u011bsn\u011bn\u00ed obytn\u00fdch voz\u016f \/ karavan\u016f \/ karavan\u016f v profesion\u00e1ln\u00ed kvalit\u011b - versiegelung24.com<\/title>\n<meta name=\"robots\" content=\"index, follow, max-snippet:-1, max-image-preview:large, max-video-preview:-1\" \/>\n<link rel=\"canonical\" href=\"https:\/\/www.versiegelung24.com\/cs\/specialni-karavanovy-lesk-a-tesneni-v-profesionalni-kvalite.html\" \/>\n<meta property=\"og:locale\" content=\"cs_CZ\" \/>\n<meta property=\"og:type\" content=\"article\" \/>\n<meta property=\"og:title\" content=\"Speci\u00e1ln\u00ed le\u0161t\u011bnka a t\u011bsn\u011bn\u00ed obytn\u00fdch voz\u016f \/ karavan\u016f \/ karavan\u016f v profesion\u00e1ln\u00ed kvalit\u011b\" \/>\n<meta property=\"og:description\" content=\"Vysoce \u00fa\u010dinn\u00e9 profesion\u00e1ln\u00ed t\u011bsn\u011bn\u00ed pro: \u2713 Karavany \u2713 S lotosov\u00fdm efektem (vodoodpudivost) \u2713 Doba pou\u017eitelnosti a\u017e 3 m\u011bs\u00edce\" \/>\n<meta property=\"og:url\" content=\"https:\/\/www.versiegelung24.com\/cs\/specialni-karavanovy-lesk-a-tesneni-v-profesionalni-kvalite.html\" \/>\n<meta property=\"og:site_name\" content=\"versiegelung24.com\" \/>\n<meta property=\"article:modified_time\" content=\"2025-01-03T22:28:54+00:00\" \/>\n<meta property=\"og:image\" content=\"https:\/\/www.versiegelung24.com\/wp-content\/uploads\/2020\/06\/produkt-2001-7660-1000-Caravan-Spezialpolitur-versiegelung-scaled.jpg\" \/>\n\t<meta property=\"og:image:width\" content=\"2560\" \/>\n\t<meta property=\"og:image:height\" content=\"2560\" \/>\n\t<meta property=\"og:image:type\" content=\"image\/jpeg\" \/>\n<meta name=\"twitter:card\" content=\"summary_large_image\" \/>\n<meta name=\"twitter:label1\" content=\"Cena\" \/>\n\t<meta name=\"twitter:data1\" content=\"99,00&euro;\" \/>\n\t<meta name=\"twitter:label2\" content=\"Dostupnost\" \/>\n\t<meta name=\"twitter:data2\" content=\"Skladem\" \/>\n<script type=\"application\/ld+json\" class=\"yoast-schema-graph\">{\"@context\":\"https:\\\/\\\/schema.org\",\"@graph\":[{\"@type\":\"WebPage\",\"@id\":\"https:\\\/\\\/www.versiegelung24.com\\\/cs\\\/specialni-karavanovy-lesk-a-tesneni-v-profesionalni-kvalite.html\",\"url\":\"https:\\\/\\\/www.versiegelung24.com\\\/cs\\\/specialni-karavanovy-lesk-a-tesneni-v-profesionalni-kvalite.html\",\"name\":\"Speci\u00e1ln\u00ed le\u0161t\u011bnka a t\u011bsn\u011bn\u00ed obytn\u00fdch voz\u016f \\\/ karavan\u016f \\\/ karavan\u016f v profesion\u00e1ln\u00ed kvalit\u011b - versiegelung24.com\",\"isPartOf\":{\"@id\":\"https:\\\/\\\/www.versiegelung24.com\\\/cs\\\/#website\"},\"primaryImageOfPage\":{\"@id\":\"https:\\\/\\\/www.versiegelung24.com\\\/cs\\\/specialni-karavanovy-lesk-a-tesneni-v-profesionalni-kvalite.html#primaryimage\"},\"image\":{\"@id\":\"https:\\\/\\\/www.versiegelung24.com\\\/cs\\\/specialni-karavanovy-lesk-a-tesneni-v-profesionalni-kvalite.html#primaryimage\"},\"thumbnailUrl\":\"https:\\\/\\\/www.versiegelung24.com\\\/wp-content\\\/uploads\\\/2020\\\/06\\\/produkt-2001-7660-1000-Caravan-Spezialpolitur-versiegelung-scaled.jpg\",\"datePublished\":\"2021-08-03T08:07:53+00:00\",\"dateModified\":\"2025-01-03T22:28:54+00:00\",\"breadcrumb\":{\"@id\":\"https:\\\/\\\/www.versiegelung24.com\\\/cs\\\/specialni-karavanovy-lesk-a-tesneni-v-profesionalni-kvalite.html#breadcrumb\"},\"inLanguage\":\"cs\",\"potentialAction\":[{\"@type\":\"ReadAction\",\"target\":[\"https:\\\/\\\/www.versiegelung24.com\\\/cs\\\/specialni-karavanovy-lesk-a-tesneni-v-profesionalni-kvalite.html\"]}]},{\"@type\":\"ImageObject\",\"inLanguage\":\"cs\",\"@id\":\"https:\\\/\\\/www.versiegelung24.com\\\/cs\\\/specialni-karavanovy-lesk-a-tesneni-v-profesionalni-kvalite.html#primaryimage\",\"url\":\"https:\\\/\\\/www.versiegelung24.com\\\/wp-content\\\/uploads\\\/2020\\\/06\\\/produkt-2001-7660-1000-Caravan-Spezialpolitur-versiegelung-scaled.jpg\",\"contentUrl\":\"https:\\\/\\\/www.versiegelung24.com\\\/wp-content\\\/uploads\\\/2020\\\/06\\\/produkt-2001-7660-1000-Caravan-Spezialpolitur-versiegelung-scaled.jpg\",\"width\":2560,\"height\":2560},{\"@type\":\"BreadcrumbList\",\"@id\":\"https:\\\/\\\/www.versiegelung24.com\\\/cs\\\/specialni-karavanovy-lesk-a-tesneni-v-profesionalni-kvalite.html#breadcrumb\",\"itemListElement\":[{\"@type\":\"ListItem\",\"position\":1,\"name\":\"Domovsk\u00e1 str\u00e1nka\",\"item\":\"https:\\\/\\\/www.versiegelung24.com\\\/cs\\\/predni\\\/\"},{\"@type\":\"ListItem\",\"position\":2,\"name\":\"Prodejna\",\"item\":\"https:\\\/\\\/www.versiegelung24.com\\\/cs\\\/prodejna\\\/\"},{\"@type\":\"ListItem\",\"position\":3,\"name\":\"Speci\u00e1ln\u00ed le\u0161t\u011bnka a t\u011bsn\u011bn\u00ed obytn\u00fdch voz\u016f \\\/ karavan\u016f \\\/ karavan\u016f v profesion\u00e1ln\u00ed kvalit\u011b\"}]},{\"@type\":\"WebSite\",\"@id\":\"https:\\\/\\\/www.versiegelung24.com\\\/cs\\\/#website\",\"url\":\"https:\\\/\\\/www.versiegelung24.com\\\/cs\\\/\",\"name\":\"versiegelung24.com\",\"description\":\"Fl\u00fcssigglas-Versiegelung - Made in Germany\",\"publisher\":{\"@id\":\"https:\\\/\\\/www.versiegelung24.com\\\/cs\\\/#organization\"},\"potentialAction\":[{\"@type\":\"SearchAction\",\"target\":{\"@type\":\"EntryPoint\",\"urlTemplate\":\"https:\\\/\\\/www.versiegelung24.com\\\/cs\\\/?s={search_term_string}\"},\"query-input\":{\"@type\":\"PropertyValueSpecification\",\"valueRequired\":true,\"valueName\":\"search_term_string\"}}],\"inLanguage\":\"cs\"},{\"@type\":\"Organization\",\"@id\":\"https:\\\/\\\/www.versiegelung24.com\\\/cs\\\/#organization\",\"name\":\"versiegelung24\",\"url\":\"https:\\\/\\\/www.versiegelung24.com\\\/cs\\\/\",\"logo\":{\"@type\":\"ImageObject\",\"inLanguage\":\"cs\",\"@id\":\"https:\\\/\\\/www.versiegelung24.com\\\/cs\\\/#\\\/schema\\\/logo\\\/image\\\/\",\"url\":\"https:\\\/\\\/www.versiegelung24.com\\\/wp-content\\\/uploads\\\/2020\\\/04\\\/versiegelung24.png\",\"contentUrl\":\"https:\\\/\\\/www.versiegelung24.com\\\/wp-content\\\/uploads\\\/2020\\\/04\\\/versiegelung24.png\",\"width\":470,\"height\":102,\"caption\":\"versiegelung24\"},\"image\":{\"@id\":\"https:\\\/\\\/www.versiegelung24.com\\\/cs\\\/#\\\/schema\\\/logo\\\/image\\\/\"}}]}<\/script>\n<meta property=\"product:price:amount\" content=\"99.00\" \/>\n<meta property=\"product:price:currency\" content=\"EUR\" \/>\n<meta property=\"og:availability\" content=\"instock\" \/>\n<meta property=\"product:availability\" content=\"instock\" \/>\n<meta property=\"product:retailer_item_id\" content=\"2001-7660-1000\" \/>\n<meta property=\"product:condition\" content=\"new\" \/>\n<!-- \/ Yoast SEO Premium plugin. -->","yoast_head_json":{"title":"Speci\u00e1ln\u00ed le\u0161t\u011bnka a t\u011bsn\u011bn\u00ed obytn\u00fdch voz\u016f \/ karavan\u016f \/ karavan\u016f v profesion\u00e1ln\u00ed kvalit\u011b - versiegelung24.com","robots":{"index":"index","follow":"follow","max-snippet":"max-snippet:-1","max-image-preview":"max-image-preview:large","max-video-preview":"max-video-preview:-1"},"canonical":"https:\/\/www.versiegelung24.com\/cs\/specialni-karavanovy-lesk-a-tesneni-v-profesionalni-kvalite.html","og_locale":"cs_CZ","og_type":"article","og_title":"Speci\u00e1ln\u00ed le\u0161t\u011bnka a t\u011bsn\u011bn\u00ed obytn\u00fdch voz\u016f \/ karavan\u016f \/ karavan\u016f v profesion\u00e1ln\u00ed kvalit\u011b","og_description":"Vysoce \u00fa\u010dinn\u00e9 profesion\u00e1ln\u00ed t\u011bsn\u011bn\u00ed pro: \u2713 Karavany \u2713 S lotosov\u00fdm efektem (vodoodpudivost) \u2713 Doba pou\u017eitelnosti a\u017e 3 m\u011bs\u00edce","og_url":"https:\/\/www.versiegelung24.com\/cs\/specialni-karavanovy-lesk-a-tesneni-v-profesionalni-kvalite.html","og_site_name":"versiegelung24.com","article_modified_time":"2025-01-03T22:28:54+00:00","og_image":[{"width":2560,"height":2560,"url":"https:\/\/www.versiegelung24.com\/wp-content\/uploads\/2020\/06\/produkt-2001-7660-1000-Caravan-Spezialpolitur-versiegelung-scaled.jpg","type":"image\/jpeg"}],"twitter_card":"summary_large_image","twitter_misc":{"Cena":"99,00&euro;","Dostupnost":"Skladem"},"schema":{"@context":"https:\/\/schema.org","@graph":[{"@type":"WebPage","@id":"https:\/\/www.versiegelung24.com\/cs\/specialni-karavanovy-lesk-a-tesneni-v-profesionalni-kvalite.html","url":"https:\/\/www.versiegelung24.com\/cs\/specialni-karavanovy-lesk-a-tesneni-v-profesionalni-kvalite.html","name":"Speci\u00e1ln\u00ed le\u0161t\u011bnka a t\u011bsn\u011bn\u00ed obytn\u00fdch voz\u016f \/ karavan\u016f \/ karavan\u016f v profesion\u00e1ln\u00ed kvalit\u011b - versiegelung24.com","isPartOf":{"@id":"https:\/\/www.versiegelung24.com\/cs\/#website"},"primaryImageOfPage":{"@id":"https:\/\/www.versiegelung24.com\/cs\/specialni-karavanovy-lesk-a-tesneni-v-profesionalni-kvalite.html#primaryimage"},"image":{"@id":"https:\/\/www.versiegelung24.com\/cs\/specialni-karavanovy-lesk-a-tesneni-v-profesionalni-kvalite.html#primaryimage"},"thumbnailUrl":"https:\/\/www.versiegelung24.com\/wp-content\/uploads\/2020\/06\/produkt-2001-7660-1000-Caravan-Spezialpolitur-versiegelung-scaled.jpg","datePublished":"2021-08-03T08:07:53+00:00","dateModified":"2025-01-03T22:28:54+00:00","breadcrumb":{"@id":"https:\/\/www.versiegelung24.com\/cs\/specialni-karavanovy-lesk-a-tesneni-v-profesionalni-kvalite.html#breadcrumb"},"inLanguage":"cs","potentialAction":[{"@type":"ReadAction","target":["https:\/\/www.versiegelung24.com\/cs\/specialni-karavanovy-lesk-a-tesneni-v-profesionalni-kvalite.html"]}]},{"@type":"ImageObject","inLanguage":"cs","@id":"https:\/\/www.versiegelung24.com\/cs\/specialni-karavanovy-lesk-a-tesneni-v-profesionalni-kvalite.html#primaryimage","url":"https:\/\/www.versiegelung24.com\/wp-content\/uploads\/2020\/06\/produkt-2001-7660-1000-Caravan-Spezialpolitur-versiegelung-scaled.jpg","contentUrl":"https:\/\/www.versiegelung24.com\/wp-content\/uploads\/2020\/06\/produkt-2001-7660-1000-Caravan-Spezialpolitur-versiegelung-scaled.jpg","width":2560,"height":2560},{"@type":"BreadcrumbList","@id":"https:\/\/www.versiegelung24.com\/cs\/specialni-karavanovy-lesk-a-tesneni-v-profesionalni-kvalite.html#breadcrumb","itemListElement":[{"@type":"ListItem","position":1,"name":"Domovsk\u00e1 str\u00e1nka","item":"https:\/\/www.versiegelung24.com\/cs\/predni\/"},{"@type":"ListItem","position":2,"name":"Prodejna","item":"https:\/\/www.versiegelung24.com\/cs\/prodejna\/"},{"@type":"ListItem","position":3,"name":"Speci\u00e1ln\u00ed le\u0161t\u011bnka a t\u011bsn\u011bn\u00ed obytn\u00fdch voz\u016f \/ karavan\u016f \/ karavan\u016f v profesion\u00e1ln\u00ed kvalit\u011b"}]},{"@type":"WebSite","@id":"https:\/\/www.versiegelung24.com\/cs\/#website","url":"https:\/\/www.versiegelung24.com\/cs\/","name":"versiegelung24.com","description":"Fl\u00fcssigglas-Versiegelung - Made in Germany","publisher":{"@id":"https:\/\/www.versiegelung24.com\/cs\/#organization"},"potentialAction":[{"@type":"SearchAction","target":{"@type":"EntryPoint","urlTemplate":"https:\/\/www.versiegelung24.com\/cs\/?s={search_term_string}"},"query-input":{"@type":"PropertyValueSpecification","valueRequired":true,"valueName":"search_term_string"}}],"inLanguage":"cs"},{"@type":"Organization","@id":"https:\/\/www.versiegelung24.com\/cs\/#organization","name":"versiegelung24","url":"https:\/\/www.versiegelung24.com\/cs\/","logo":{"@type":"ImageObject","inLanguage":"cs","@id":"https:\/\/www.versiegelung24.com\/cs\/#\/schema\/logo\/image\/","url":"https:\/\/www.versiegelung24.com\/wp-content\/uploads\/2020\/04\/versiegelung24.png","contentUrl":"https:\/\/www.versiegelung24.com\/wp-content\/uploads\/2020\/04\/versiegelung24.png","width":470,"height":102,"caption":"versiegelung24"},"image":{"@id":"https:\/\/www.versiegelung24.com\/cs\/#\/schema\/logo\/image\/"}}]},"product_price_amount":"99.00","product_price_currency":"EUR","og_availability":"instock","product_availability":"instock","product_retailer_item_id":"2001-7660-1000","product_condition":"new"},"_links":{"self":[{"href":"https:\/\/www.versiegelung24.com\/cs\/wp-json\/wp\/v2\/product\/25429","targetHints":{"allow":["GET"]}}],"collection":[{"href":"https:\/\/www.versiegelung24.com\/cs\/wp-json\/wp\/v2\/product"}],"about":[{"href":"https:\/\/www.versiegelung24.com\/cs\/wp-json\/wp\/v2\/types\/product"}],"version-history":[{"count":11,"href":"https:\/\/www.versiegelung24.com\/cs\/wp-json\/wp\/v2\/product\/25429\/revisions"}],"predecessor-version":[{"id":177405,"href":"https:\/\/www.versiegelung24.com\/cs\/wp-json\/wp\/v2\/product\/25429\/revisions\/177405"}],"wp:featuredmedia":[{"embeddable":true,"href":"https:\/\/www.versiegelung24.com\/cs\/wp-json\/wp\/v2\/media\/17781"}],"wp:attachment":[{"href":"https:\/\/www.versiegelung24.com\/cs\/wp-json\/wp\/v2\/media?parent=25429"}],"wp:term":[{"taxonomy":"product_brand","embeddable":true,"href":"https:\/\/www.versiegelung24.com\/cs\/wp-json\/wp\/v2\/product_brand?post=25429"},{"taxonomy":"product_cat","embeddable":true,"href":"https:\/\/www.versiegelung24.com\/cs\/wp-json\/wp\/v2\/product_cat?post=25429"},{"taxonomy":"product_tag","embeddable":true,"href":"https:\/\/www.versiegelung24.com\/cs\/wp-json\/wp\/v2\/product_tag?post=25429"}],"curies":[{"name":"wp","href":"https:\/\/api.w.org\/{rel}","templated":true}]}}