{"id":25499,"date":"2020-04-04T18:53:18","date_gmt":"2021-08-03T08:08:15","guid":{"rendered":"https:\/\/www.versiegelung24.com\/produkt\/bacoban-dlouhodobe-povrchove-dezinfekcni-ubrousky-50-kusu-v-plochem-baleni"},"modified":"2025-01-13T16:37:46","modified_gmt":"2025-01-13T15:37:46","slug":"bacoban-dlouhodobe-povrchove-dezinfekcni-uterky-50-kusu-v-plochem-baleni-uterka-format-180-x-200mm","status":"publish","type":"product","link":"https:\/\/www.versiegelung24.com\/cs\/bacoban-dlouhodobe-povrchove-dezinfekcni-uterky-50-kusu-v-plochem-baleni-uterka-format-180-x-200mm.html","title":{"rendered":"BACOBAN\u00ae dlouhodob\u00e9 povrchov\u00e9 dezinfek\u010dn\u00ed ubrousky, 50 kus\u016f v ploch\u00e9m balen\u00ed"},"content":{"rendered":"\n<p>Vlh\u010den\u00e9 ubrousky p\u0159ipraven\u00e9 k pou\u017eit\u00ed pro dezinfekci povrch\u016f odoln\u00fdch v\u016f\u010di alkoholu<\/p>\n\n<hr \/>\n\n<h4 class=\"wp-block-heading\" id=\"properties\">Vlastnosti produktu<\/h4>\n\n<div class=\"wp-block-columns is-layout-flex wp-container-core-columns-is-layout-9d6595d7 wp-block-columns-is-layout-flex\">\n<div class=\"wp-block-column is-layout-flow wp-block-column-is-layout-flow\">\n<ul class=\"wp-block-list\">\n<li><br \/>Trval\u00fd antimikrobi\u00e1ln\u00ed \u00fa\u010dinek (remanence) a\u017e 10 dn\u00ed<\/li>\n\n\n\n<li>\u00fa\u010dinn\u00fd proti koronaviru<\/li>\n\n\n\n<li>velmi dobr\u00e1 sn\u00e1\u0161enlivost s poko\u017ekou<\/li>\n\n\n\n<li>vysok\u00fd \u010distic\u00ed \u00fa\u010dinek<\/li>\n\n\n\n<li>Praktick\u00e1 aplikace testov\u00e1na v testu 4 pol\u00ed<\/li>\n<\/ul>\n<\/div>\n\n\n\n<div class=\"wp-block-column is-layout-flow wp-block-column-is-layout-flow\">\n<h3 class=\"wp-block-heading\" id=\"zusammensetzung\">slo\u017een\u00ed<\/h3>\n\n\n\n<p>100 g roztoku obsahuje:<br \/><br \/>Slo\u017een\u00ed podle na\u0159\u00edzen\u00ed (ES) \u010d. 648\/2004: m\u00e9n\u011b ne\u017e 5 % kationtov\u00e9 povrchov\u011b aktivn\u00ed l\u00e1tky, dezinfek\u010dn\u00ed prost\u0159edek, vonn\u00e1 l\u00e1tka. Bez formaldehydu, bez fenolu.<\/p>\n<\/div>\n<\/div>\n\n<hr \/>\n\n<h4 class=\"wp-block-heading\" id=\"application\">Aplikace<\/h4>\n\n<p><strong>Bacoban<\/strong><sup> \u00ae<\/sup><strong> DL<\/strong> je roztok k dezinfekci a \u010di\u0161t\u011bn\u00ed povrch\u016f na vodn\u00ed b\u00e1zi p\u0159ipraven\u00fd k pou\u017eit\u00ed s trval\u00fdm antimikrobi\u00e1ln\u00edm \u00fa\u010dinkem (remanentn\u00ed efekt).<\/p>\n\n<h3 class=\"wp-block-heading\" id=\"gebrauch\">pou\u017eit\u00ed<\/h3>\n\n<p><strong>Bacoban<\/strong><sup> \u00ae<\/sup><strong> DL<\/strong> Odstra\u0148te had\u0159\u00edk p\u0159ipraven\u00fd k pou\u017eit\u00ed a rovnom\u011brn\u011b rozlo\u017ete tekutinu na povrch. Pot\u00e9 nechte zaschnout. Neoplachujte ani neot\u00edrejte do sucha.<\/p>\n\n<figure class=\"wp-block-table\"><table><tbody><tr><td>\u00fa\u010dinnost<\/td><\/tr><tr><td>Testov\u00e1n\u00ed podle sm\u011brnic DVV \/ RKI<\/td><td>Doba vystaven\u00ed<\/td><\/tr><tr><td><br \/>Omezen\u00e1 virucidita (obalen\u00e9 viry v\u010detn\u011b <strong>koronaviru<\/strong>, HIV, HBV, HCV, ch\u0159ipky, herpesu, viru Ebola&#8230;.)<\/td><td>5 minut<\/td><\/tr><tr><td>Rotavirus<\/td><td>5 minut<\/td><\/tr><tr><td>Norovirus<\/td><td>30 min<\/td><\/tr><tr><td>Papilomavirus (HPV)<\/td><td>60 min<\/td><\/tr><tr><td>Testov\u00e1n\u00ed podle sm\u011brnice DGHM (s mechanikou, vysok\u00e9 zat\u00ed\u017een\u00ed)<\/td><\/tr><tr><td>baktericidn\u00ed a ysticidn\u00ed<\/td><td>5 minut<\/td><\/tr><tr><td>Normy EN<\/td><\/tr><tr><td>EN 1040 (baktericidn\u00ed)<\/td><td>5 minut<\/td><\/tr><tr><td>EN 1275 (kyselou)<\/td><td>5 minut<\/td><\/tr><tr><td>EN 1276 (baktericidn\u00ed)<\/td><td>5 minut<\/td><\/tr><tr><td>EN 13727 (baktericidn\u00ed)<\/td><td>5 minut<\/td><\/tr><tr><td>EN 13624 (ysticidn\u00ed, fungicidn\u00ed)<\/td><td>5 minut<\/td><\/tr><tr><td>EN 1650 (ysticidn\u00ed)<\/td><td>5 minut<\/td><\/tr><tr><td>EN 13697 (baktericidn\u00ed)<\/td><td>5 minut<\/td><\/tr><tr><td>EN 14561 (baktericidn\u00ed)<\/td><td>60 min<\/td><\/tr><tr><td>EN 14562 (kysel\u00e9)<\/td><td>60 min<\/td><\/tr><tr><td>EN 16615 (baktericidn\u00ed, ysticidn\u00ed) (4-pole test)<\/td><td>5 minut<\/td><\/tr><\/tbody><\/table><\/figure>\n\n<hr \/>\n\n<h4 class=\"wp-block-heading\" id=\"advisor\">Poradce<\/h4>\n\n<h3 class=\"wp-block-heading\" id=\"lagerung\">\u00falo\u017en\u00fd prostor<\/h3>\n\n<p><strong>Bacoban<\/strong><sup> \u00ae<\/sup><strong> DL<\/strong> skladujte p\u0159i +5 a\u017e + 25 \u00b0 C Chra\u0148te p\u0159ed mrazem a p\u0159\u00edm\u00fdm slune\u010dn\u00edm z\u00e1\u0159en\u00edm.<\/p>\n\n<h3 class=\"wp-block-heading\" id=\"gutachten\">Posouzen\u00ed<\/h3>\n\n<p>Na\u0161e v\u00fdrobky byly rozs\u00e1hle testov\u00e1ny. Na po\u017e\u00e1d\u00e1n\u00ed v\u00e1m r\u00e1di poskytneme na\u0161e mikrobiologick\u00e9 a dermatologick\u00e9 zpr\u00e1vy.<\/p>\n\n<h3 class=\"wp-block-heading\" id=\"sicherheitshinweis\">Bezpe\u010dnostn\u00ed upozorn\u011bn\u00ed<\/h3>\n\n<p>Bezpe\u010dnostn\u00ed list k dispozici na vy\u017e\u00e1d\u00e1n\u00ed.<\/p>\n\n<p><br \/>Trval\u00fd antimikrobi\u00e1ln\u00ed \u00fa\u010dinek <strong>(remanen\u010dn\u00ed efekt)<\/strong> po <strong>dobu<\/strong> a\u017e <strong>10 dn\u016f<\/strong> (testov\u00e1no podle ASTM E 2180). Dermatologicky testov\u00e1no (epikut\u00e1nn\u00ed test s 30 testovan\u00fdmi osobami): velmi dobr\u00e1 ko\u017en\u00ed sn\u00e1\u0161enlivost.<\/p>\n\n<p><strong>D\u016fle\u017eit\u00e9<\/strong> ! Antimikrobi\u00e1ln\u00ed remanentn\u00ed \u00fa\u010dinek<strong> Bacoban<\/strong><sup> \u00ae<\/sup><strong> DL<\/strong> nesm\u00ed v p\u0159\u00edpad\u011b viditeln\u00e9 a \/ nebo diskutabiln\u00ed kontaminace v\u00e9st k vynech\u00e1n\u00ed nezbytn\u00fdch dezinfek\u010dn\u00edch opat\u0159en\u00ed!<\/p>\n\n<p><strong>Dezinfek\u010dn\u00ed prost\u0159edky pou\u017e\u00edvejte opatrn\u011b. P\u0159ed pou\u017eit\u00edm si v\u017edy p\u0159e\u010dt\u011bte etiketu a informace o produktu.<\/strong><\/p>\n\n<p>Biocid Reg.\u010d .: N-34071 (D), 262\/17 \/ L (Lu), PT2<\/p>\n","protected":false},"excerpt":{"rendered":"<p><strong>Vlh\u010den\u00e9 ubrousky p\u0159ipraven\u00e9 k pou\u017eit\u00ed k dezinfekci povrch\u016f<\/strong><\/p>\n","protected":false},"featured_media":176457,"template":"","meta":{"_acf_changed":false,"neve_meta_sidebar":"","neve_meta_container":"","neve_meta_enable_content_width":"","neve_meta_content_width":0,"neve_meta_title_alignment":"","neve_meta_author_avatar":"","neve_post_elements_order":"","neve_meta_disable_header":"","neve_meta_disable_footer":"","neve_meta_disable_title":"","neve_meta_reading_time":"","_surfaces":[],"_ver_product_tabs":[],"footnotes":""},"product_brand":[],"product_cat":[2236,2237],"product_tag":[],"class_list":{"0":"post-25499","1":"product","2":"type-product","3":"status-publish","4":"has-post-thumbnail","6":"product_cat-dezinfekcni-prostredky","7":"product_cat-povrchove-dezinfekcni-prostredky","9":"first","10":"onbackorder","11":"taxable","12":"shipping-taxable","13":"purchasable","14":"product-type-simple"},"acf":[],"yoast_head":"<!-- This site is optimized with the Yoast SEO Premium plugin v22.8 (Yoast SEO v27.5) - https:\/\/yoast.com\/product\/yoast-seo-premium-wordpress\/ -->\n<title>BACOBAN\u00ae dlouhodob\u00e9 povrchov\u00e9 dezinfek\u010dn\u00ed ubrousky, 50 kus\u016f v ploch\u00e9m balen\u00ed - versiegelung24.com<\/title>\n<meta name=\"robots\" content=\"index, follow, max-snippet:-1, max-image-preview:large, max-video-preview:-1\" \/>\n<link rel=\"canonical\" href=\"https:\/\/www.versiegelung24.com\/cs\/bacoban-dlouhodobe-povrchove-dezinfekcni-uterky-50-kusu-v-plochem-baleni-uterka-format-180-x-200mm.html\" \/>\n<meta property=\"og:locale\" content=\"cs_CZ\" \/>\n<meta property=\"og:type\" content=\"article\" \/>\n<meta property=\"og:title\" content=\"BACOBAN\u00ae dlouhodob\u00e9 povrchov\u00e9 dezinfek\u010dn\u00ed ubrousky, 50 kus\u016f v ploch\u00e9m balen\u00ed\" \/>\n<meta property=\"og:description\" content=\"Vlh\u010den\u00e9 ubrousky p\u0159ipraven\u00e9 k pou\u017eit\u00ed k dezinfekci povrch\u016f\" \/>\n<meta property=\"og:url\" content=\"https:\/\/www.versiegelung24.com\/cs\/bacoban-dlouhodobe-povrchove-dezinfekcni-uterky-50-kusu-v-plochem-baleni-uterka-format-180-x-200mm.html\" \/>\n<meta property=\"og:site_name\" content=\"versiegelung24.com\" \/>\n<meta property=\"article:modified_time\" content=\"2025-01-13T15:37:46+00:00\" \/>\n<meta property=\"og:image\" content=\"https:\/\/www.versiegelung24.com\/wp-content\/uploads\/2020\/04\/bacotue-produktbild-schraeg.webp\" \/>\n\t<meta property=\"og:image:width\" content=\"2000\" \/>\n\t<meta property=\"og:image:height\" content=\"2000\" \/>\n\t<meta property=\"og:image:type\" content=\"image\/webp\" \/>\n<meta name=\"twitter:card\" content=\"summary_large_image\" \/>\n<meta name=\"twitter:label1\" content=\"Cena\" \/>\n\t<meta name=\"twitter:data1\" content=\"7,79&euro;\" \/>\n\t<meta name=\"twitter:label2\" content=\"Dostupnost\" \/>\n\t<meta name=\"twitter:data2\" content=\"V extern\u00edm sklad\u011b\" \/>\n<script type=\"application\/ld+json\" class=\"yoast-schema-graph\">{\"@context\":\"https:\\\/\\\/schema.org\",\"@graph\":[{\"@type\":\"WebPage\",\"@id\":\"https:\\\/\\\/www.versiegelung24.com\\\/cs\\\/bacoban-dlouhodobe-povrchove-dezinfekcni-uterky-50-kusu-v-plochem-baleni-uterka-format-180-x-200mm.html\",\"url\":\"https:\\\/\\\/www.versiegelung24.com\\\/cs\\\/bacoban-dlouhodobe-povrchove-dezinfekcni-uterky-50-kusu-v-plochem-baleni-uterka-format-180-x-200mm.html\",\"name\":\"BACOBAN\u00ae dlouhodob\u00e9 povrchov\u00e9 dezinfek\u010dn\u00ed ubrousky, 50 kus\u016f v ploch\u00e9m balen\u00ed - versiegelung24.com\",\"isPartOf\":{\"@id\":\"https:\\\/\\\/www.versiegelung24.com\\\/cs\\\/#website\"},\"primaryImageOfPage\":{\"@id\":\"https:\\\/\\\/www.versiegelung24.com\\\/cs\\\/bacoban-dlouhodobe-povrchove-dezinfekcni-uterky-50-kusu-v-plochem-baleni-uterka-format-180-x-200mm.html#primaryimage\"},\"image\":{\"@id\":\"https:\\\/\\\/www.versiegelung24.com\\\/cs\\\/bacoban-dlouhodobe-povrchove-dezinfekcni-uterky-50-kusu-v-plochem-baleni-uterka-format-180-x-200mm.html#primaryimage\"},\"thumbnailUrl\":\"https:\\\/\\\/www.versiegelung24.com\\\/wp-content\\\/uploads\\\/2020\\\/04\\\/bacotue-produktbild-schraeg.webp\",\"datePublished\":\"2021-08-03T08:08:15+00:00\",\"dateModified\":\"2025-01-13T15:37:46+00:00\",\"breadcrumb\":{\"@id\":\"https:\\\/\\\/www.versiegelung24.com\\\/cs\\\/bacoban-dlouhodobe-povrchove-dezinfekcni-uterky-50-kusu-v-plochem-baleni-uterka-format-180-x-200mm.html#breadcrumb\"},\"inLanguage\":\"cs\",\"potentialAction\":[{\"@type\":\"ReadAction\",\"target\":[\"https:\\\/\\\/www.versiegelung24.com\\\/cs\\\/bacoban-dlouhodobe-povrchove-dezinfekcni-uterky-50-kusu-v-plochem-baleni-uterka-format-180-x-200mm.html\"]}]},{\"@type\":\"ImageObject\",\"inLanguage\":\"cs\",\"@id\":\"https:\\\/\\\/www.versiegelung24.com\\\/cs\\\/bacoban-dlouhodobe-povrchove-dezinfekcni-uterky-50-kusu-v-plochem-baleni-uterka-format-180-x-200mm.html#primaryimage\",\"url\":\"https:\\\/\\\/www.versiegelung24.com\\\/wp-content\\\/uploads\\\/2020\\\/04\\\/bacotue-produktbild-schraeg.webp\",\"contentUrl\":\"https:\\\/\\\/www.versiegelung24.com\\\/wp-content\\\/uploads\\\/2020\\\/04\\\/bacotue-produktbild-schraeg.webp\",\"width\":2000,\"height\":2000},{\"@type\":\"BreadcrumbList\",\"@id\":\"https:\\\/\\\/www.versiegelung24.com\\\/cs\\\/bacoban-dlouhodobe-povrchove-dezinfekcni-uterky-50-kusu-v-plochem-baleni-uterka-format-180-x-200mm.html#breadcrumb\",\"itemListElement\":[{\"@type\":\"ListItem\",\"position\":1,\"name\":\"Domovsk\u00e1 str\u00e1nka\",\"item\":\"https:\\\/\\\/www.versiegelung24.com\\\/cs\\\/predni\\\/\"},{\"@type\":\"ListItem\",\"position\":2,\"name\":\"Prodejna\",\"item\":\"https:\\\/\\\/www.versiegelung24.com\\\/cs\\\/prodejna\\\/\"},{\"@type\":\"ListItem\",\"position\":3,\"name\":\"BACOBAN\u00ae dlouhodob\u00e9 povrchov\u00e9 dezinfek\u010dn\u00ed ubrousky, 50 kus\u016f v ploch\u00e9m balen\u00ed\"}]},{\"@type\":\"WebSite\",\"@id\":\"https:\\\/\\\/www.versiegelung24.com\\\/cs\\\/#website\",\"url\":\"https:\\\/\\\/www.versiegelung24.com\\\/cs\\\/\",\"name\":\"versiegelung24.com\",\"description\":\"Fl\u00fcssigglas-Versiegelung - Made in Germany\",\"publisher\":{\"@id\":\"https:\\\/\\\/www.versiegelung24.com\\\/cs\\\/#organization\"},\"potentialAction\":[{\"@type\":\"SearchAction\",\"target\":{\"@type\":\"EntryPoint\",\"urlTemplate\":\"https:\\\/\\\/www.versiegelung24.com\\\/cs\\\/?s={search_term_string}\"},\"query-input\":{\"@type\":\"PropertyValueSpecification\",\"valueRequired\":true,\"valueName\":\"search_term_string\"}}],\"inLanguage\":\"cs\"},{\"@type\":\"Organization\",\"@id\":\"https:\\\/\\\/www.versiegelung24.com\\\/cs\\\/#organization\",\"name\":\"versiegelung24\",\"url\":\"https:\\\/\\\/www.versiegelung24.com\\\/cs\\\/\",\"logo\":{\"@type\":\"ImageObject\",\"inLanguage\":\"cs\",\"@id\":\"https:\\\/\\\/www.versiegelung24.com\\\/cs\\\/#\\\/schema\\\/logo\\\/image\\\/\",\"url\":\"https:\\\/\\\/www.versiegelung24.com\\\/wp-content\\\/uploads\\\/2020\\\/04\\\/versiegelung24.png\",\"contentUrl\":\"https:\\\/\\\/www.versiegelung24.com\\\/wp-content\\\/uploads\\\/2020\\\/04\\\/versiegelung24.png\",\"width\":470,\"height\":102,\"caption\":\"versiegelung24\"},\"image\":{\"@id\":\"https:\\\/\\\/www.versiegelung24.com\\\/cs\\\/#\\\/schema\\\/logo\\\/image\\\/\"}}]}<\/script>\n<meta property=\"product:price:amount\" content=\"7.79\" \/>\n<meta property=\"product:price:currency\" content=\"EUR\" \/>\n<meta property=\"og:availability\" content=\"backorder\" \/>\n<meta property=\"product:availability\" content=\"available for order\" \/>\n<meta property=\"product:retailer_item_id\" content=\"BACTUE\" \/>\n<meta property=\"product:condition\" content=\"new\" \/>\n<!-- \/ Yoast SEO Premium plugin. -->","yoast_head_json":{"title":"BACOBAN\u00ae dlouhodob\u00e9 povrchov\u00e9 dezinfek\u010dn\u00ed ubrousky, 50 kus\u016f v ploch\u00e9m balen\u00ed - versiegelung24.com","robots":{"index":"index","follow":"follow","max-snippet":"max-snippet:-1","max-image-preview":"max-image-preview:large","max-video-preview":"max-video-preview:-1"},"canonical":"https:\/\/www.versiegelung24.com\/cs\/bacoban-dlouhodobe-povrchove-dezinfekcni-uterky-50-kusu-v-plochem-baleni-uterka-format-180-x-200mm.html","og_locale":"cs_CZ","og_type":"article","og_title":"BACOBAN\u00ae dlouhodob\u00e9 povrchov\u00e9 dezinfek\u010dn\u00ed ubrousky, 50 kus\u016f v ploch\u00e9m balen\u00ed","og_description":"Vlh\u010den\u00e9 ubrousky p\u0159ipraven\u00e9 k pou\u017eit\u00ed k dezinfekci povrch\u016f","og_url":"https:\/\/www.versiegelung24.com\/cs\/bacoban-dlouhodobe-povrchove-dezinfekcni-uterky-50-kusu-v-plochem-baleni-uterka-format-180-x-200mm.html","og_site_name":"versiegelung24.com","article_modified_time":"2025-01-13T15:37:46+00:00","og_image":[{"width":2000,"height":2000,"url":"https:\/\/www.versiegelung24.com\/wp-content\/uploads\/2020\/04\/bacotue-produktbild-schraeg.webp","type":"image\/webp"}],"twitter_card":"summary_large_image","twitter_misc":{"Cena":"7,79&euro;","Dostupnost":"V extern\u00edm sklad\u011b"},"schema":{"@context":"https:\/\/schema.org","@graph":[{"@type":"WebPage","@id":"https:\/\/www.versiegelung24.com\/cs\/bacoban-dlouhodobe-povrchove-dezinfekcni-uterky-50-kusu-v-plochem-baleni-uterka-format-180-x-200mm.html","url":"https:\/\/www.versiegelung24.com\/cs\/bacoban-dlouhodobe-povrchove-dezinfekcni-uterky-50-kusu-v-plochem-baleni-uterka-format-180-x-200mm.html","name":"BACOBAN\u00ae dlouhodob\u00e9 povrchov\u00e9 dezinfek\u010dn\u00ed ubrousky, 50 kus\u016f v ploch\u00e9m balen\u00ed - versiegelung24.com","isPartOf":{"@id":"https:\/\/www.versiegelung24.com\/cs\/#website"},"primaryImageOfPage":{"@id":"https:\/\/www.versiegelung24.com\/cs\/bacoban-dlouhodobe-povrchove-dezinfekcni-uterky-50-kusu-v-plochem-baleni-uterka-format-180-x-200mm.html#primaryimage"},"image":{"@id":"https:\/\/www.versiegelung24.com\/cs\/bacoban-dlouhodobe-povrchove-dezinfekcni-uterky-50-kusu-v-plochem-baleni-uterka-format-180-x-200mm.html#primaryimage"},"thumbnailUrl":"https:\/\/www.versiegelung24.com\/wp-content\/uploads\/2020\/04\/bacotue-produktbild-schraeg.webp","datePublished":"2021-08-03T08:08:15+00:00","dateModified":"2025-01-13T15:37:46+00:00","breadcrumb":{"@id":"https:\/\/www.versiegelung24.com\/cs\/bacoban-dlouhodobe-povrchove-dezinfekcni-uterky-50-kusu-v-plochem-baleni-uterka-format-180-x-200mm.html#breadcrumb"},"inLanguage":"cs","potentialAction":[{"@type":"ReadAction","target":["https:\/\/www.versiegelung24.com\/cs\/bacoban-dlouhodobe-povrchove-dezinfekcni-uterky-50-kusu-v-plochem-baleni-uterka-format-180-x-200mm.html"]}]},{"@type":"ImageObject","inLanguage":"cs","@id":"https:\/\/www.versiegelung24.com\/cs\/bacoban-dlouhodobe-povrchove-dezinfekcni-uterky-50-kusu-v-plochem-baleni-uterka-format-180-x-200mm.html#primaryimage","url":"https:\/\/www.versiegelung24.com\/wp-content\/uploads\/2020\/04\/bacotue-produktbild-schraeg.webp","contentUrl":"https:\/\/www.versiegelung24.com\/wp-content\/uploads\/2020\/04\/bacotue-produktbild-schraeg.webp","width":2000,"height":2000},{"@type":"BreadcrumbList","@id":"https:\/\/www.versiegelung24.com\/cs\/bacoban-dlouhodobe-povrchove-dezinfekcni-uterky-50-kusu-v-plochem-baleni-uterka-format-180-x-200mm.html#breadcrumb","itemListElement":[{"@type":"ListItem","position":1,"name":"Domovsk\u00e1 str\u00e1nka","item":"https:\/\/www.versiegelung24.com\/cs\/predni\/"},{"@type":"ListItem","position":2,"name":"Prodejna","item":"https:\/\/www.versiegelung24.com\/cs\/prodejna\/"},{"@type":"ListItem","position":3,"name":"BACOBAN\u00ae dlouhodob\u00e9 povrchov\u00e9 dezinfek\u010dn\u00ed ubrousky, 50 kus\u016f v ploch\u00e9m balen\u00ed"}]},{"@type":"WebSite","@id":"https:\/\/www.versiegelung24.com\/cs\/#website","url":"https:\/\/www.versiegelung24.com\/cs\/","name":"versiegelung24.com","description":"Fl\u00fcssigglas-Versiegelung - Made in Germany","publisher":{"@id":"https:\/\/www.versiegelung24.com\/cs\/#organization"},"potentialAction":[{"@type":"SearchAction","target":{"@type":"EntryPoint","urlTemplate":"https:\/\/www.versiegelung24.com\/cs\/?s={search_term_string}"},"query-input":{"@type":"PropertyValueSpecification","valueRequired":true,"valueName":"search_term_string"}}],"inLanguage":"cs"},{"@type":"Organization","@id":"https:\/\/www.versiegelung24.com\/cs\/#organization","name":"versiegelung24","url":"https:\/\/www.versiegelung24.com\/cs\/","logo":{"@type":"ImageObject","inLanguage":"cs","@id":"https:\/\/www.versiegelung24.com\/cs\/#\/schema\/logo\/image\/","url":"https:\/\/www.versiegelung24.com\/wp-content\/uploads\/2020\/04\/versiegelung24.png","contentUrl":"https:\/\/www.versiegelung24.com\/wp-content\/uploads\/2020\/04\/versiegelung24.png","width":470,"height":102,"caption":"versiegelung24"},"image":{"@id":"https:\/\/www.versiegelung24.com\/cs\/#\/schema\/logo\/image\/"}}]},"product_price_amount":"7.79","product_price_currency":"EUR","og_availability":"backorder","product_availability":"available for order","product_retailer_item_id":"BACTUE","product_condition":"new"},"_links":{"self":[{"href":"https:\/\/www.versiegelung24.com\/cs\/wp-json\/wp\/v2\/product\/25499","targetHints":{"allow":["GET"]}}],"collection":[{"href":"https:\/\/www.versiegelung24.com\/cs\/wp-json\/wp\/v2\/product"}],"about":[{"href":"https:\/\/www.versiegelung24.com\/cs\/wp-json\/wp\/v2\/types\/product"}],"version-history":[{"count":15,"href":"https:\/\/www.versiegelung24.com\/cs\/wp-json\/wp\/v2\/product\/25499\/revisions"}],"predecessor-version":[{"id":180552,"href":"https:\/\/www.versiegelung24.com\/cs\/wp-json\/wp\/v2\/product\/25499\/revisions\/180552"}],"wp:featuredmedia":[{"embeddable":true,"href":"https:\/\/www.versiegelung24.com\/cs\/wp-json\/wp\/v2\/media\/176457"}],"wp:attachment":[{"href":"https:\/\/www.versiegelung24.com\/cs\/wp-json\/wp\/v2\/media?parent=25499"}],"wp:term":[{"taxonomy":"product_brand","embeddable":true,"href":"https:\/\/www.versiegelung24.com\/cs\/wp-json\/wp\/v2\/product_brand?post=25499"},{"taxonomy":"product_cat","embeddable":true,"href":"https:\/\/www.versiegelung24.com\/cs\/wp-json\/wp\/v2\/product_cat?post=25499"},{"taxonomy":"product_tag","embeddable":true,"href":"https:\/\/www.versiegelung24.com\/cs\/wp-json\/wp\/v2\/product_tag?post=25499"}],"curies":[{"name":"wp","href":"https:\/\/api.w.org\/{rel}","templated":true}]}}