{"id":37402,"date":"2021-09-27T11:17:44","date_gmt":"2021-09-27T09:31:07","guid":{"rendered":"https:\/\/www.versiegelung24.com\/produkt\/ochranna-vrstva-mobilniho-telefonu-z-tekuteho-skla-proti-bakteriim-a-virum"},"modified":"2025-01-04T00:27:04","modified_gmt":"2025-01-03T23:27:04","slug":"mobilni-telefon-tekute-sklo-ochranna-vrstva-proti-bakterialnim-virum","status":"publish","type":"product","link":"https:\/\/www.versiegelung24.com\/cs\/prakticka-tekuta-sklenena-ochranna-vrstva-proti-bakterialnim-virum.html","title":{"rendered":"Dlouhodob\u00fd dezinfek\u010dn\u00ed prost\u0159edek pro chytr\u00e9 telefony a mobiln\u00ed telefony proti bakteri\u00edm a vir\u016fm"},"content":{"rendered":"\n<h2 class=\"wp-block-heading\" id=\"h-neuheit-am-markt-smartphones-amp-handys-fur-3-monate-mit-einer-unsichtbaren-flussigglas-schicht-gegen-bakterien-viren-und-pilze-schutzen\">Novinka na trhu: chra\u0148te chytr\u00e9 telefony a mobiln\u00ed telefony po dobu 3 m\u011bs\u00edc\u016f neviditelnou vrstvou tekut\u00e9ho skla proti bakteri\u00edm, vir\u016fm a pl\u00edsn\u00edm<\/h2>\n<div class=\"wp-block-image\">\n<figure class=\"aligncenter size-large\"><img fetchpriority=\"high\" decoding=\"async\" width=\"2560\" height=\"1440\" src=\"https:\/\/www.versiegelung24.com\/wp-content\/uploads\/2021\/09\/handy_bakterien-viren-edited-scaled.jpeg\" alt=\"\" class=\"wp-image-38698\" srcset=\"https:\/\/www.versiegelung24.com\/wp-content\/uploads\/2021\/09\/handy_bakterien-viren-edited-scaled.jpeg 2560w, https:\/\/www.versiegelung24.com\/wp-content\/uploads\/2021\/09\/handy_bakterien-viren-edited-scaled-600x338.jpeg 600w, https:\/\/www.versiegelung24.com\/wp-content\/uploads\/2021\/09\/handy_bakterien-viren-edited-300x169.jpeg 300w, https:\/\/www.versiegelung24.com\/wp-content\/uploads\/2021\/09\/handy_bakterien-viren-edited-1300x731.jpeg 1300w, https:\/\/www.versiegelung24.com\/wp-content\/uploads\/2021\/09\/handy_bakterien-viren-edited-768x432.jpeg 768w, https:\/\/www.versiegelung24.com\/wp-content\/uploads\/2021\/09\/handy_bakterien-viren-edited-1536x864.jpeg 1536w, https:\/\/www.versiegelung24.com\/wp-content\/uploads\/2021\/09\/handy_bakterien-viren-edited-2048x1152.jpeg 2048w\" sizes=\"(max-width: 2560px) 100vw, 2560px\" \/><figcaption class=\"wp-element-caption\">Smartphone jako p\u0159ena\u0161e\u010d bakteri\u00ed, vir\u016f a pl\u00edsn\u00ed<\/figcaption><\/figure>\n<\/div>\n<p>Dnes je smartphone st\u00e1l\u00fdm spole\u010dn\u00edkem. Mnoho lid\u00ed ho b\u011bhem dne zvedne stokr\u00e1t. Mobiln\u00ed telefon je p\u0159\u00edtomen v\u0161ude <strong>\u2013<\/strong> a\u0165 u\u017e p\u0159i sp\u00e1nku a odpo\u010dinku, na toalet\u011b nebo p\u0159i sportu a voln\u00e9m \u010dase. Skute\u010dn\u00fd sv\u00e1tek pro p\u0159enos vir\u016f a bakteri\u00ed. <\/p>\n\n<p>U\u017eivatel by m\u011bl br\u00e1t nebezpe\u010d\u00ed bakteri\u00ed, ale i pl\u00edsn\u00ed a vir\u016f na chytr\u00fdch telefonech v\u00e1\u017en\u011b. Nejen, \u017ee jsou nehygienick\u00e9, ale mohou ovlivnit jak pohodu, tak zdrav\u00ed. Ostatn\u011b mnohem p\u0159\u00edjemn\u011bj\u0161\u00ed je pou\u017e\u00edvat celkov\u011b \u010dist\u00fd a hygienicky udr\u017eovan\u00fd mobil nebo chytr\u00fd telefon.<\/p>\n\n<hr\/>\n\n<h4 class=\"wp-block-heading\" id=\"video\">Video<\/h4>\n\n<figure class=\"wp-block-embed aligncenter is-type-rich is-provider-handler-einbetten wp-block-embed-handler-einbetten wp-embed-aspect-16-9 wp-has-aspect-ratio\"><div class=\"wp-block-embed__wrapper\"> \n<div class=\"nv-iframe-embed\"><iframe title=\"Award-winning Mobile Phone Sanitizer by LiquiGlas (904)\" width=\"1200\" height=\"675\" src=\"https:\/\/www.youtube.com\/embed\/OPwnhKcFTvA?feature=oembed\" frameborder=\"0\" allow=\"accelerometer; autoplay; clipboard-write; encrypted-media; gyroscope; picture-in-picture\" allowfullscreen><\/iframe><\/div>\n <\/div><\/figure>\n\n<hr\/>\n\n<h4 class=\"wp-block-heading\" id=\"properties\">Vlastnosti produktu<\/h4>\n\n<div class=\"wp-block-columns is-layout-flex wp-container-core-columns-is-layout-9d6595d7 wp-block-columns-is-layout-flex\">\n<div class=\"wp-block-column is-layout-flow wp-block-column-is-layout-flow\">\n<h2 class=\"wp-block-heading\" id=\"die-highlights-auf-einen-blick\">To nejd\u016fle\u017eit\u011bj\u0161\u00ed na prvn\u00ed pohled<\/h2>\n\n\n\n<p><br\/><br\/><br\/><br\/><br\/>&#8211; v\u00fdjime\u010dn\u00e1 a\u017e jedine\u010dn\u00e1 dlouhodob\u00e1 ochrana proti bakteri\u00edm &#8211; zaru\u010den\u00e1 neutralizace bakteri\u00ed, pl\u00edsn\u00ed a vir\u016f &#8211; jednoduch\u00e9 a snadn\u00e9 pou\u017eit\u00ed &#8211; dezinfekce na l\u00e9ka\u0159sk\u00e9 \u00farovni &#8211; dodate\u010dn\u00e1 ochrana proti koronavir\u016fm &#8211; v\u00edt\u011bz ceny MedTech Award 2020 &#8211; nejlep\u0161\u00ed dlouhodob\u00fd \u00fa\u010dinek na povrchy proti patogen\u016fm<\/p>\n<\/div>\n\n\n\n<div class=\"wp-block-column is-layout-flow wp-block-column-is-layout-flow\">\n<h2 class=\"wp-block-heading\" id=\"lieferumfang\">rozsah dod\u00e1vky<\/h2>\n\n\n\n<p>12 antibakteri\u00e1ln\u00edch ubrousk\u016f, k pou\u017eit\u00ed jednou t\u00fddn\u011b = 3 m\u011bs\u00edce<\/p>\n<\/div>\n<\/div>\n\n<hr\/>\n\n<h4 class=\"wp-block-heading\" id=\"application\">Aplikace<\/h4>\n\n<h2 class=\"wp-block-heading\" id=\"die-anwendung-hygienisch-sauberes-handy\">Aplikace &#8211; Hygienicky \u010dist\u00fd mobiln\u00ed telefon<\/h2>\n\n<div class=\"wp-block-getwid-toggle has-icon-left\">\n<div class=\"wp-block-getwid-toggle__row\"><div class=\"wp-block-getwid-toggle__header-wrapper\"><span class=\"wp-block-getwid-toggle__header\"><a href=\"#\"><span class=\"wp-block-getwid-toggle__header-title\">1. Smartphone s\u00e4ubern<\/span><span class=\"wp-block-getwid-toggle__icon is-active\"><i class=\"fas fa-plus\"><\/i><\/span><span class=\"wp-block-getwid-toggle__icon is-passive\"><i class=\"fas fa-minus\"><\/i><\/span><\/a><\/span><\/div><div class=\"wp-block-getwid-toggle__content-wrapper\"><div class=\"wp-block-getwid-toggle__content\">\n<p>Koncov\u00e9 za\u0159\u00edzen\u00ed se ot\u00edr\u00e1 had\u0159\u00edkem z mikrovl\u00e1kna nebo such\u00fdm had\u0159\u00edkem nepou\u0161t\u011bj\u00edc\u00edm vl\u00e1kna na p\u0159edn\u00ed a zadn\u00ed stran\u011b s c\u00edlem odstranit otisky prst\u016f, ne\u010distoty a p\u0159\u00edpadn\u00e9 od\u011brky.<\/p>\n<\/div><\/div><\/div>\n\n\n\n<div class=\"wp-block-getwid-toggle__row\"><div class=\"wp-block-getwid-toggle__header-wrapper\"><span class=\"wp-block-getwid-toggle__header\"><a href=\"#\"><span class=\"wp-block-getwid-toggle__header-title\">2. Smartphone desinfizieren<\/span><span class=\"wp-block-getwid-toggle__icon is-active\"><i class=\"fas fa-plus\"><\/i><\/span><span class=\"wp-block-getwid-toggle__icon is-passive\"><i class=\"fas fa-minus\"><\/i><\/span><\/a><\/span><\/div><div class=\"wp-block-getwid-toggle__content-wrapper\"><div class=\"wp-block-getwid-toggle__content\">\n<p>Balen\u00ed po 12 kusech se otev\u0159e a odstran\u00ed se prvn\u00ed dezinfek\u010dn\u00ed ubrousek ve smr\u0161titeln\u00e9 f\u00f3lii. Jednou stranou dezinfek\u010dn\u00edho ubrousku se mobil zep\u0159edu i zezadu znovu d\u016fkladn\u011b vy\u010dist\u00ed, jin\u00fdmi slovy set\u0159e. Koncov\u00e9 za\u0159\u00edzen\u00ed se pot\u00e9 asi 30 sekund dezinfikuje druhou, st\u00e1le \u010distou stranou had\u0159\u00edku. V d\u016fsledku toho se na jeho povrchu vytvo\u0159\u00ed sv\u011btl\u00fd z\u00e1voj.<\/p>\n<\/div><\/div><\/div>\n\n\n\n<div class=\"wp-block-getwid-toggle__row\"><div class=\"wp-block-getwid-toggle__header-wrapper\"><span class=\"wp-block-getwid-toggle__header\"><a href=\"#\"><span class=\"wp-block-getwid-toggle__header-title\">3. Trocknungsvorgang<\/span><span class=\"wp-block-getwid-toggle__icon is-active\"><i class=\"fas fa-plus\"><\/i><\/span><span class=\"wp-block-getwid-toggle__icon is-passive\"><i class=\"fas fa-minus\"><\/i><\/span><\/a><\/span><\/div><div class=\"wp-block-getwid-toggle__content-wrapper\"><div class=\"wp-block-getwid-toggle__content\">\n<p>Pot\u00e9 n\u00e1sleduje dvou a\u017e t\u0159\u00edminutov\u00fd proces su\u0161en\u00ed. Nanesen\u00e1 tekutina p\u016fsob\u00ed a vytv\u00e1\u0159\u00ed dezinfek\u010dn\u00ed ochrannou vrstvu.<\/p>\n<\/div><\/div><\/div>\n\n\n\n<div class=\"wp-block-getwid-toggle__row\"><div class=\"wp-block-getwid-toggle__header-wrapper\"><span class=\"wp-block-getwid-toggle__header\"><a href=\"#\"><span class=\"wp-block-getwid-toggle__header-title\">4. Nachpolieren<\/span><span class=\"wp-block-getwid-toggle__icon is-active\"><i class=\"fas fa-plus\"><\/i><\/span><span class=\"wp-block-getwid-toggle__icon is-passive\"><i class=\"fas fa-minus\"><\/i><\/span><\/a><\/span><\/div><div class=\"wp-block-getwid-toggle__content-wrapper\"><div class=\"wp-block-getwid-toggle__content\">\n<p>Po skon\u010den\u00ed schnut\u00ed se mobil op\u011bt vyle\u0161t\u00ed \u010dist\u00fdm su\u0161\u00edc\u00edm had\u0159\u00edkem <strong>&#8211;<\/strong> nap\u0159\u00edklad z mikrovl\u00e1kna <strong>&#8211;<\/strong> dokud nen\u00ed povrch bez \u0161mouh. Nyn\u00ed vyvinut\u00e1 dlouhodob\u00e1 dezinfek\u010dn\u00ed ochrana funguje s nezmen\u0161enou intenzitou dal\u0161\u00edch sedm a\u017e deset dn\u00ed.<\/p>\n<\/div><\/div><\/div>\n<\/div>\n\n<br\/>\n\n<hr\/>\n\n<h4 class=\"wp-block-heading\" id=\"advisor\">Poradce<\/h4>\n\n<h2 class=\"wp-block-heading\" id=\"award-gewinner-handy-desinfektion-raumt-ab\">V\u00edt\u011bz ceny &#8211; dezinfekce mobiln\u00edho telefonu se vy\u010dist\u00ed<\/h2>\n\n<p>Novinkou na trhu pro dezinfek\u010dn\u00ed ochranu koncov\u00fdch mobiln\u00edch za\u0159\u00edzen\u00ed jako jsou mobiln\u00ed telefony, chytr\u00e9 telefony nebo tablety je balen\u00ed 12 ks bakteri\u00e1ln\u00edch ochrann\u00fdch ubrousk\u016f od CCM\u00ae. CCM je zkratka pro Creative Chemical Manufacturer GmbH, se s\u00eddlem v Overath, Severn\u00ed Por\u00fdn\u00ed-Vestf\u00e1lsko.<\/p>\n\n<figure class=\"wp-block-image size-full\"><img decoding=\"async\" width=\"700\" height=\"207\" src=\"https:\/\/www.versiegelung24.com\/wp-content\/uploads\/2021\/09\/2020-MedTech-Awards-2.png\" alt=\"\" class=\"wp-image-37295\" srcset=\"https:\/\/www.versiegelung24.com\/wp-content\/uploads\/2021\/09\/2020-MedTech-Awards-2.png 700w, https:\/\/www.versiegelung24.com\/wp-content\/uploads\/2021\/09\/2020-MedTech-Awards-2-600x177.png 600w, https:\/\/www.versiegelung24.com\/wp-content\/uploads\/2021\/09\/2020-MedTech-Awards-2-300x89.png 300w\" sizes=\"(max-width: 700px) 100vw, 700px\" \/><figcaption class=\"wp-element-caption\"><strong>V\u00edt\u011bz MedTech Award &#8211; Nejlep\u0161\u00ed dlouhodob\u00e9 \u0159e\u0161en\u00ed ochrany proti patogen\u016fm<\/strong><\/figcaption><\/figure>\n\n<h2 class=\"wp-block-heading\" id=\"ohne-handy-und-smartphone-desinfizieren-geht-es-einfach-nicht\">Bez dezinfekce mobilu a smartphonu to prost\u011b nejde!<\/h2>\n\n<p>Lid\u00e9 jsou nyn\u00ed zvykl\u00ed si pravideln\u011b m\u00fdt a dezinfikovat ruce. O to d\u016fle\u017eit\u011bj\u0161\u00ed je nezapomenout na dezinfekci vlastn\u00edho smartphonu. P\u0159i spr\u00e1vn\u00e9 manipulaci vyvine bakteri\u00e1ln\u00ed ochrann\u00e1 ut\u011brka konstantn\u00ed dezinfek\u010dn\u00ed \u00fa\u010dinek po dobu a\u017e deseti dn\u016f. S balen\u00edm po 12 ks je koncov\u00e9 za\u0159\u00edzen\u00ed v\u017edy \u010dtvrt roku v perfektn\u00edm hygienick\u00e9m stavu.<\/p>\n\n<p><\/p>\n\n<p><strong>Pravideln\u00fdm pou\u017e\u00edv\u00e1n\u00edm dvan\u00e1cti ochrann\u00fdch had\u0159\u00edk\u016f se na povrchu smartphonu vytvo\u0159\u00ed ultratenk\u00fd povlak z tekut\u00e9ho skla.<\/strong> Zabra\u0148uje vzniku a n\u00e1sledn\u00e9mu usazov\u00e1n\u00ed patogen\u016f. Jako pozitivn\u00ed vedlej\u0161\u00ed efekt se povrch st\u00e1v\u00e1 st\u00e1le hlad\u0161\u00edm a lze jej velmi snadno \u010distit. Tento efekt se zvy\u0161uje, \u010d\u00edm d\u00e9le jsou dezinfek\u010dn\u00ed ubrousky pou\u017e\u00edv\u00e1ny.<\/p>\n","protected":false},"excerpt":{"rendered":"<p>Novinkou na trhu pro dezinfek\u010dn\u00ed ochranu koncov\u00fdch mobiln\u00edch za\u0159\u00edzen\u00ed jako jsou mobiln\u00ed telefony, chytr\u00e9 telefony nebo tablety je balen\u00ed 12 ks bakteri\u00e1ln\u00edch ochrann\u00fdch ubrousk\u016f od CCM\u00ae.<\/p>\n<p>Certifik\u00e1t MedTech Award<strong>&#8220;Nejlep\u0161\u00ed \u0159e\u0161en\u00ed dlouhodob\u00e9 ochrany proti patogen\u016fm<\/strong>&#8220;<strong><\/p>\n<p><\/strong><\/p>\n<p><img decoding=\"async\" class=\"alignnone size-medium wp-image-37295\" src=\"https:\/\/www.versiegelung24.com\/wp-content\/uploads\/2021\/09\/2020-MedTech-Awards-2-300x89.png\" alt=\"\" width=\"300\" height=\"89\" srcset=\"https:\/\/www.versiegelung24.com\/wp-content\/uploads\/2021\/09\/2020-MedTech-Awards-2-300x89.png 300w, https:\/\/www.versiegelung24.com\/wp-content\/uploads\/2021\/09\/2020-MedTech-Awards-2-600x177.png 600w, https:\/\/www.versiegelung24.com\/wp-content\/uploads\/2021\/09\/2020-MedTech-Awards-2.png 700w\" sizes=\"(max-width: 300px) 100vw, 300px\" \/><\/p>\n","protected":false},"featured_media":63235,"template":"","meta":{"_acf_changed":false,"neve_meta_sidebar":"","neve_meta_container":"","neve_meta_enable_content_width":"","neve_meta_content_width":0,"neve_meta_title_alignment":"","neve_meta_author_avatar":"","neve_post_elements_order":"","neve_meta_disable_header":"","neve_meta_disable_footer":"","neve_meta_disable_title":"","neve_meta_reading_time":"","_surfaces":[],"_ver_product_tabs":[],"footnotes":""},"product_brand":[],"product_cat":[2236,3172],"product_tag":[],"class_list":{"0":"post-37402","1":"product","2":"type-product","3":"status-publish","4":"has-post-thumbnail","6":"product_cat-dezinfekcni-prostredky","7":"product_cat-dezinfekcni-prostredek-na-mobilni-telefony","9":"first","10":"instock","11":"taxable","12":"shipping-taxable","13":"purchasable","14":"product-type-simple"},"acf":[],"yoast_head":"<!-- This site is optimized with the Yoast SEO Premium plugin v22.8 (Yoast SEO v27.5) - https:\/\/yoast.com\/product\/yoast-seo-premium-wordpress\/ -->\n<title>Dlouhodob\u00fd dezinfek\u010dn\u00ed prost\u0159edek pro chytr\u00e9 telefony a mobiln\u00ed telefony proti bakteri\u00edm a vir\u016fm - versiegelung24.com<\/title>\n<meta name=\"robots\" content=\"index, follow, max-snippet:-1, max-image-preview:large, max-video-preview:-1\" \/>\n<link rel=\"canonical\" href=\"https:\/\/www.versiegelung24.com\/cs\/prakticka-tekuta-sklenena-ochranna-vrstva-proti-bakterialnim-virum.html\" \/>\n<meta property=\"og:locale\" content=\"cs_CZ\" \/>\n<meta property=\"og:type\" content=\"article\" \/>\n<meta property=\"og:title\" content=\"Dlouhodob\u00fd dezinfek\u010dn\u00ed prost\u0159edek pro chytr\u00e9 telefony a mobiln\u00ed telefony proti bakteri\u00edm a vir\u016fm\" \/>\n<meta property=\"og:description\" content=\"Novinkou na trhu pro dezinfek\u010dn\u00ed ochranu koncov\u00fdch mobiln\u00edch za\u0159\u00edzen\u00ed jako jsou mobiln\u00ed telefony, chytr\u00e9 telefony nebo tablety je balen\u00ed 12 ks bakteri\u00e1ln\u00edch ochrann\u00fdch ubrousk\u016f od CCM\u00ae. Certifik\u00e1t MedTech Award&quot;Nejlep\u0161\u00ed \u0159e\u0161en\u00ed dlouhodob\u00e9 ochrany proti patogen\u016fm&quot;\" \/>\n<meta property=\"og:url\" content=\"https:\/\/www.versiegelung24.com\/cs\/prakticka-tekuta-sklenena-ochranna-vrstva-proti-bakterialnim-virum.html\" \/>\n<meta property=\"og:site_name\" content=\"versiegelung24.com\" \/>\n<meta property=\"article:modified_time\" content=\"2025-01-03T23:27:04+00:00\" \/>\n<meta property=\"og:image\" content=\"https:\/\/www.versiegelung24.com\/wp-content\/uploads\/2021\/09\/produkt-4009-904-Handy-Bakterienschutz-Verpackung1.jpg\" \/>\n\t<meta property=\"og:image:width\" content=\"2000\" \/>\n\t<meta property=\"og:image:height\" content=\"2000\" \/>\n\t<meta property=\"og:image:type\" content=\"image\/jpeg\" \/>\n<meta name=\"twitter:card\" content=\"summary_large_image\" \/>\n<meta name=\"twitter:label1\" content=\"Cena\" \/>\n\t<meta name=\"twitter:data1\" content=\"10,99&euro;\" \/>\n\t<meta name=\"twitter:label2\" content=\"Dostupnost\" \/>\n\t<meta name=\"twitter:data2\" content=\"Skladem\" \/>\n<script type=\"application\/ld+json\" class=\"yoast-schema-graph\">{\"@context\":\"https:\\\/\\\/schema.org\",\"@graph\":[{\"@type\":\"WebPage\",\"@id\":\"https:\\\/\\\/www.versiegelung24.com\\\/cs\\\/prakticka-tekuta-sklenena-ochranna-vrstva-proti-bakterialnim-virum.html\",\"url\":\"https:\\\/\\\/www.versiegelung24.com\\\/cs\\\/prakticka-tekuta-sklenena-ochranna-vrstva-proti-bakterialnim-virum.html\",\"name\":\"Dlouhodob\u00fd dezinfek\u010dn\u00ed prost\u0159edek pro chytr\u00e9 telefony a mobiln\u00ed telefony proti bakteri\u00edm a vir\u016fm - versiegelung24.com\",\"isPartOf\":{\"@id\":\"https:\\\/\\\/www.versiegelung24.com\\\/cs\\\/#website\"},\"primaryImageOfPage\":{\"@id\":\"https:\\\/\\\/www.versiegelung24.com\\\/cs\\\/prakticka-tekuta-sklenena-ochranna-vrstva-proti-bakterialnim-virum.html#primaryimage\"},\"image\":{\"@id\":\"https:\\\/\\\/www.versiegelung24.com\\\/cs\\\/prakticka-tekuta-sklenena-ochranna-vrstva-proti-bakterialnim-virum.html#primaryimage\"},\"thumbnailUrl\":\"https:\\\/\\\/www.versiegelung24.com\\\/wp-content\\\/uploads\\\/2021\\\/09\\\/produkt-4009-904-Handy-Bakterienschutz-Verpackung1.jpg\",\"datePublished\":\"2021-09-27T09:31:07+00:00\",\"dateModified\":\"2025-01-03T23:27:04+00:00\",\"breadcrumb\":{\"@id\":\"https:\\\/\\\/www.versiegelung24.com\\\/cs\\\/prakticka-tekuta-sklenena-ochranna-vrstva-proti-bakterialnim-virum.html#breadcrumb\"},\"inLanguage\":\"cs\",\"potentialAction\":[{\"@type\":\"ReadAction\",\"target\":[\"https:\\\/\\\/www.versiegelung24.com\\\/cs\\\/prakticka-tekuta-sklenena-ochranna-vrstva-proti-bakterialnim-virum.html\"]}]},{\"@type\":\"ImageObject\",\"inLanguage\":\"cs\",\"@id\":\"https:\\\/\\\/www.versiegelung24.com\\\/cs\\\/prakticka-tekuta-sklenena-ochranna-vrstva-proti-bakterialnim-virum.html#primaryimage\",\"url\":\"https:\\\/\\\/www.versiegelung24.com\\\/wp-content\\\/uploads\\\/2021\\\/09\\\/produkt-4009-904-Handy-Bakterienschutz-Verpackung1.jpg\",\"contentUrl\":\"https:\\\/\\\/www.versiegelung24.com\\\/wp-content\\\/uploads\\\/2021\\\/09\\\/produkt-4009-904-Handy-Bakterienschutz-Verpackung1.jpg\",\"width\":2000,\"height\":2000},{\"@type\":\"BreadcrumbList\",\"@id\":\"https:\\\/\\\/www.versiegelung24.com\\\/cs\\\/prakticka-tekuta-sklenena-ochranna-vrstva-proti-bakterialnim-virum.html#breadcrumb\",\"itemListElement\":[{\"@type\":\"ListItem\",\"position\":1,\"name\":\"Domovsk\u00e1 str\u00e1nka\",\"item\":\"https:\\\/\\\/www.versiegelung24.com\\\/cs\\\/predni\\\/\"},{\"@type\":\"ListItem\",\"position\":2,\"name\":\"Prodejna\",\"item\":\"https:\\\/\\\/www.versiegelung24.com\\\/cs\\\/prodejna\\\/\"},{\"@type\":\"ListItem\",\"position\":3,\"name\":\"Dlouhodob\u00fd dezinfek\u010dn\u00ed prost\u0159edek pro chytr\u00e9 telefony a mobiln\u00ed telefony proti bakteri\u00edm a vir\u016fm\"}]},{\"@type\":\"WebSite\",\"@id\":\"https:\\\/\\\/www.versiegelung24.com\\\/cs\\\/#website\",\"url\":\"https:\\\/\\\/www.versiegelung24.com\\\/cs\\\/\",\"name\":\"versiegelung24.com\",\"description\":\"Fl\u00fcssigglas-Versiegelung - Made in Germany\",\"publisher\":{\"@id\":\"https:\\\/\\\/www.versiegelung24.com\\\/cs\\\/#organization\"},\"potentialAction\":[{\"@type\":\"SearchAction\",\"target\":{\"@type\":\"EntryPoint\",\"urlTemplate\":\"https:\\\/\\\/www.versiegelung24.com\\\/cs\\\/?s={search_term_string}\"},\"query-input\":{\"@type\":\"PropertyValueSpecification\",\"valueRequired\":true,\"valueName\":\"search_term_string\"}}],\"inLanguage\":\"cs\"},{\"@type\":\"Organization\",\"@id\":\"https:\\\/\\\/www.versiegelung24.com\\\/cs\\\/#organization\",\"name\":\"versiegelung24\",\"url\":\"https:\\\/\\\/www.versiegelung24.com\\\/cs\\\/\",\"logo\":{\"@type\":\"ImageObject\",\"inLanguage\":\"cs\",\"@id\":\"https:\\\/\\\/www.versiegelung24.com\\\/cs\\\/#\\\/schema\\\/logo\\\/image\\\/\",\"url\":\"https:\\\/\\\/www.versiegelung24.com\\\/wp-content\\\/uploads\\\/2020\\\/04\\\/versiegelung24.png\",\"contentUrl\":\"https:\\\/\\\/www.versiegelung24.com\\\/wp-content\\\/uploads\\\/2020\\\/04\\\/versiegelung24.png\",\"width\":470,\"height\":102,\"caption\":\"versiegelung24\"},\"image\":{\"@id\":\"https:\\\/\\\/www.versiegelung24.com\\\/cs\\\/#\\\/schema\\\/logo\\\/image\\\/\"}}]}<\/script>\n<meta property=\"product:price:amount\" content=\"10.99\" \/>\n<meta property=\"product:price:currency\" content=\"EUR\" \/>\n<meta property=\"og:availability\" content=\"instock\" \/>\n<meta property=\"product:availability\" content=\"instock\" \/>\n<meta property=\"product:retailer_item_id\" content=\"4009-904\" \/>\n<meta property=\"product:condition\" content=\"new\" \/>\n<!-- \/ Yoast SEO Premium plugin. -->","yoast_head_json":{"title":"Dlouhodob\u00fd dezinfek\u010dn\u00ed prost\u0159edek pro chytr\u00e9 telefony a mobiln\u00ed telefony proti bakteri\u00edm a vir\u016fm - versiegelung24.com","robots":{"index":"index","follow":"follow","max-snippet":"max-snippet:-1","max-image-preview":"max-image-preview:large","max-video-preview":"max-video-preview:-1"},"canonical":"https:\/\/www.versiegelung24.com\/cs\/prakticka-tekuta-sklenena-ochranna-vrstva-proti-bakterialnim-virum.html","og_locale":"cs_CZ","og_type":"article","og_title":"Dlouhodob\u00fd dezinfek\u010dn\u00ed prost\u0159edek pro chytr\u00e9 telefony a mobiln\u00ed telefony proti bakteri\u00edm a vir\u016fm","og_description":"Novinkou na trhu pro dezinfek\u010dn\u00ed ochranu koncov\u00fdch mobiln\u00edch za\u0159\u00edzen\u00ed jako jsou mobiln\u00ed telefony, chytr\u00e9 telefony nebo tablety je balen\u00ed 12 ks bakteri\u00e1ln\u00edch ochrann\u00fdch ubrousk\u016f od CCM\u00ae. Certifik\u00e1t MedTech Award\"Nejlep\u0161\u00ed \u0159e\u0161en\u00ed dlouhodob\u00e9 ochrany proti patogen\u016fm\"","og_url":"https:\/\/www.versiegelung24.com\/cs\/prakticka-tekuta-sklenena-ochranna-vrstva-proti-bakterialnim-virum.html","og_site_name":"versiegelung24.com","article_modified_time":"2025-01-03T23:27:04+00:00","og_image":[{"width":2000,"height":2000,"url":"https:\/\/www.versiegelung24.com\/wp-content\/uploads\/2021\/09\/produkt-4009-904-Handy-Bakterienschutz-Verpackung1.jpg","type":"image\/jpeg"}],"twitter_card":"summary_large_image","twitter_misc":{"Cena":"10,99&euro;","Dostupnost":"Skladem"},"schema":{"@context":"https:\/\/schema.org","@graph":[{"@type":"WebPage","@id":"https:\/\/www.versiegelung24.com\/cs\/prakticka-tekuta-sklenena-ochranna-vrstva-proti-bakterialnim-virum.html","url":"https:\/\/www.versiegelung24.com\/cs\/prakticka-tekuta-sklenena-ochranna-vrstva-proti-bakterialnim-virum.html","name":"Dlouhodob\u00fd dezinfek\u010dn\u00ed prost\u0159edek pro chytr\u00e9 telefony a mobiln\u00ed telefony proti bakteri\u00edm a vir\u016fm - versiegelung24.com","isPartOf":{"@id":"https:\/\/www.versiegelung24.com\/cs\/#website"},"primaryImageOfPage":{"@id":"https:\/\/www.versiegelung24.com\/cs\/prakticka-tekuta-sklenena-ochranna-vrstva-proti-bakterialnim-virum.html#primaryimage"},"image":{"@id":"https:\/\/www.versiegelung24.com\/cs\/prakticka-tekuta-sklenena-ochranna-vrstva-proti-bakterialnim-virum.html#primaryimage"},"thumbnailUrl":"https:\/\/www.versiegelung24.com\/wp-content\/uploads\/2021\/09\/produkt-4009-904-Handy-Bakterienschutz-Verpackung1.jpg","datePublished":"2021-09-27T09:31:07+00:00","dateModified":"2025-01-03T23:27:04+00:00","breadcrumb":{"@id":"https:\/\/www.versiegelung24.com\/cs\/prakticka-tekuta-sklenena-ochranna-vrstva-proti-bakterialnim-virum.html#breadcrumb"},"inLanguage":"cs","potentialAction":[{"@type":"ReadAction","target":["https:\/\/www.versiegelung24.com\/cs\/prakticka-tekuta-sklenena-ochranna-vrstva-proti-bakterialnim-virum.html"]}]},{"@type":"ImageObject","inLanguage":"cs","@id":"https:\/\/www.versiegelung24.com\/cs\/prakticka-tekuta-sklenena-ochranna-vrstva-proti-bakterialnim-virum.html#primaryimage","url":"https:\/\/www.versiegelung24.com\/wp-content\/uploads\/2021\/09\/produkt-4009-904-Handy-Bakterienschutz-Verpackung1.jpg","contentUrl":"https:\/\/www.versiegelung24.com\/wp-content\/uploads\/2021\/09\/produkt-4009-904-Handy-Bakterienschutz-Verpackung1.jpg","width":2000,"height":2000},{"@type":"BreadcrumbList","@id":"https:\/\/www.versiegelung24.com\/cs\/prakticka-tekuta-sklenena-ochranna-vrstva-proti-bakterialnim-virum.html#breadcrumb","itemListElement":[{"@type":"ListItem","position":1,"name":"Domovsk\u00e1 str\u00e1nka","item":"https:\/\/www.versiegelung24.com\/cs\/predni\/"},{"@type":"ListItem","position":2,"name":"Prodejna","item":"https:\/\/www.versiegelung24.com\/cs\/prodejna\/"},{"@type":"ListItem","position":3,"name":"Dlouhodob\u00fd dezinfek\u010dn\u00ed prost\u0159edek pro chytr\u00e9 telefony a mobiln\u00ed telefony proti bakteri\u00edm a vir\u016fm"}]},{"@type":"WebSite","@id":"https:\/\/www.versiegelung24.com\/cs\/#website","url":"https:\/\/www.versiegelung24.com\/cs\/","name":"versiegelung24.com","description":"Fl\u00fcssigglas-Versiegelung - Made in Germany","publisher":{"@id":"https:\/\/www.versiegelung24.com\/cs\/#organization"},"potentialAction":[{"@type":"SearchAction","target":{"@type":"EntryPoint","urlTemplate":"https:\/\/www.versiegelung24.com\/cs\/?s={search_term_string}"},"query-input":{"@type":"PropertyValueSpecification","valueRequired":true,"valueName":"search_term_string"}}],"inLanguage":"cs"},{"@type":"Organization","@id":"https:\/\/www.versiegelung24.com\/cs\/#organization","name":"versiegelung24","url":"https:\/\/www.versiegelung24.com\/cs\/","logo":{"@type":"ImageObject","inLanguage":"cs","@id":"https:\/\/www.versiegelung24.com\/cs\/#\/schema\/logo\/image\/","url":"https:\/\/www.versiegelung24.com\/wp-content\/uploads\/2020\/04\/versiegelung24.png","contentUrl":"https:\/\/www.versiegelung24.com\/wp-content\/uploads\/2020\/04\/versiegelung24.png","width":470,"height":102,"caption":"versiegelung24"},"image":{"@id":"https:\/\/www.versiegelung24.com\/cs\/#\/schema\/logo\/image\/"}}]},"product_price_amount":"10.99","product_price_currency":"EUR","og_availability":"instock","product_availability":"instock","product_retailer_item_id":"4009-904","product_condition":"new"},"_links":{"self":[{"href":"https:\/\/www.versiegelung24.com\/cs\/wp-json\/wp\/v2\/product\/37402","targetHints":{"allow":["GET"]}}],"collection":[{"href":"https:\/\/www.versiegelung24.com\/cs\/wp-json\/wp\/v2\/product"}],"about":[{"href":"https:\/\/www.versiegelung24.com\/cs\/wp-json\/wp\/v2\/types\/product"}],"version-history":[{"count":19,"href":"https:\/\/www.versiegelung24.com\/cs\/wp-json\/wp\/v2\/product\/37402\/revisions"}],"predecessor-version":[{"id":178040,"href":"https:\/\/www.versiegelung24.com\/cs\/wp-json\/wp\/v2\/product\/37402\/revisions\/178040"}],"wp:featuredmedia":[{"embeddable":true,"href":"https:\/\/www.versiegelung24.com\/cs\/wp-json\/wp\/v2\/media\/63235"}],"wp:attachment":[{"href":"https:\/\/www.versiegelung24.com\/cs\/wp-json\/wp\/v2\/media?parent=37402"}],"wp:term":[{"taxonomy":"product_brand","embeddable":true,"href":"https:\/\/www.versiegelung24.com\/cs\/wp-json\/wp\/v2\/product_brand?post=37402"},{"taxonomy":"product_cat","embeddable":true,"href":"https:\/\/www.versiegelung24.com\/cs\/wp-json\/wp\/v2\/product_cat?post=37402"},{"taxonomy":"product_tag","embeddable":true,"href":"https:\/\/www.versiegelung24.com\/cs\/wp-json\/wp\/v2\/product_tag?post=37402"}],"curies":[{"name":"wp","href":"https:\/\/api.w.org\/{rel}","templated":true}]}}