{"id":46408,"date":"2022-01-04T18:16:33","date_gmt":"2022-01-04T17:16:48","guid":{"rendered":"https:\/\/www.versiegelung24.com\/?post_type=product&#038;p=46408"},"modified":"2025-01-13T16:33:53","modified_gmt":"2025-01-13T15:33:53","slug":"napln-na-dezinfekci-bot-pedexan","status":"publish","type":"product","link":"https:\/\/www.versiegelung24.com\/cs\/napln-na-dezinfekci-bot-pedexan.html","title":{"rendered":"Dezinfekce bot Pedexan s dlouhodob\u00fdm \u00fa\u010dinkem 1l dopl\u0148ovac\u00ed l\u00e1hev"},"content":{"rendered":"\n<h2 class=\"wp-block-heading\" id=\"pedexan-schuhdesinfektion-alaska-frische-fur-die-schuhe\">Dezinfekce obuvi Pedexan &#8211; alja\u0161sk\u00e1 \u010derstvost obuvi<\/h2>\n\n<p><strong>Praktick\u00e1 1litrov\u00e1 dopl\u0148ovac\u00ed l\u00e1hev pro <a href=\"https:\/\/www.versiegelung24.com\/cs\/davkovac-dezinfekce-bot-pedexan-pedspend.html\">d\u00e1vkova\u010d dezinfekce obuvi Pedexan PedSpend s rozpra\u0161ovac\u00ed tryskou<\/a> nebo <a href=\"https:\/\/www.versiegelung24.com\/cs\/dezinfekce-obuvi-pedexan.html\">125ml pumpi\u010dku s rozpra\u0161ova\u010dem Pedexan<\/a> .<\/strong><\/p>\n\n<p>Pokud je pracovn\u00ed obuv nebo obuv pro voln\u00fd \u010das intenzivn\u011b pou\u017e\u00edv\u00e1na po dlouhou dobu, \u010dasto vznik\u00e1 ide\u00e1ln\u00ed prost\u0159ed\u00ed pro mno\u017een\u00ed bakteri\u00ed a pl\u00edsn\u00ed a vznik\u00e1 nep\u0159\u00edjemn\u00fd z\u00e1pach.<\/p>\n\n<p>I p\u0159i \u010derstv\u00fdch pono\u017ek\u00e1ch a prov\u011btr\u00e1n\u00ed obuvi z\u016fst\u00e1v\u00e1 nep\u0159\u00edjemn\u00fd z\u00e1pach a m\u016f\u017ee dokonce zp\u016fsobit o\u0161kliv\u00e9 infekce nohou.<\/p>\n\n<p>Zde m\u016f\u017ee pomoci dezinfekce bot <strong>Pedexan<\/strong> . Bakterie a pl\u00edsn\u011b jsou \u00fa\u010dinn\u011b odstran\u011bny a dlouhodob\u00fdm \u00fa\u010dinkem je zabr\u00e1n\u011bno vzniku nov\u00fdch.<\/p>\n\n<p>Pedexan se svou alja\u0161skou v\u016fn\u00ed zaji\u0161\u0165uje p\u0159\u00edjemnou sv\u011b\u017eest a je dokonce biokompatibiln\u00ed.<\/p>\n\n<hr \/>\n\n<h4 class=\"wp-block-heading\" id=\"application\">Aplikace<\/h4>\n\n<p>Aplikace je velmi jednoduch\u00e1:<\/p>\n\n<p><br \/><br \/>&#8211; Vnit\u0159n\u00ed stranu obuvi nast\u0159\u00edkejte venku. &#8211; P\u0159i prvn\u00edm pou\u017eit\u00ed doporu\u010dujeme 5 a\u017e 10 post\u0159ik\u016f. &#8211; Dezinfek\u010dn\u00ed prost\u0159edek na obuv Pedexan pou\u017e\u00edvejte 1-2kr\u00e1t t\u00fddn\u011b nebo podle pot\u0159eby.<\/p>\n\n<hr \/>\n\n<h4 class=\"wp-block-heading\" id=\"advisor\">Poradce<\/h4>\n\n<p><strong>Bezpe\u010dnostn\u00ed pozn\u00e1mka:<\/strong><\/p>\n\n<p>Ur\u010dit\u011b si v\u0161imn\u011bte! B\u011bhem l\u00e9\u010dby zajist\u011bte dostate\u010dn\u00e9 v\u011btr\u00e1n\u00ed. Vysoce ho\u0159lav\u00e1 kapalina a p\u00e1ry. Zp\u016fsobuje v\u00e1\u017en\u00e9 podr\u00e1\u017ed\u011bn\u00ed o\u010d\u00ed. Chra\u0148te p\u0159ed teplem, hork\u00fdmi povrchy, jiskrami, otev\u0159en\u00fdm ohn\u011bm a jin\u00fdmi zdroji zap\u00e1len\u00ed. Neku\u0159te. Skladujte na chladn\u00e9m, dob\u0159e v\u011btran\u00e9m m\u00edst\u011b. Pokud je nutn\u00e1 l\u00e9ka\u0159sk\u00e1 pomoc, p\u0159ipravte si obal nebo \u0161t\u00edtek. Uchov\u00e1vejte mimo dosah d\u011bt\u00ed.<\/p>\n\n<p>Lze pou\u017e\u00edt na v\u0161echny vnit\u0159n\u00ed povrchy obuvi. Pokud m\u00e1te pochybnosti, vyzkou\u0161ejte Pedexan na neviditeln\u00e9m m\u00edst\u011b.<\/p>\n\n<p>Skladov\u00e1n\u00ed pouze v uzav\u0159en\u00e9 n\u00e1dob\u011b. Kontejner lze recyklovat, pouze pokud je zcela pr\u00e1zdn\u00fd. Nepou\u017e\u00edvejte po uplynut\u00ed doby pou\u017eitelnosti.<\/p>\n\n<p>Biocid Reg. No.: N-25889<\/p>\n\n<p>D\u016fle\u017eit\u00e9: Pou\u017e\u00edvejte biocidn\u00ed p\u0159\u00edpravky opatrn\u011b. P\u0159ed pou\u017eit\u00edm si v\u017edy p\u0159e\u010dt\u011bte etiketu a informace o produktu.<\/p>\n\n<hr \/>\n","protected":false},"excerpt":{"rendered":"<p>Dezinfekce obuvi Pedexan &#8211; alja\u0161sk\u00e1 \u010derstvost obuvi Praktick\u00e1 1litrov\u00e1 dopl\u0148ovac\u00ed l\u00e1hev pro d\u00e1vkova\u010d dezinfekce obuvi Pedexan PedSpend s rozpra\u0161ovac\u00ed tryskou nebo 125ml pumpi\u010dku s rozpra\u0161ova\u010dem Pedexan . Pokud je pracovn\u00ed obuv nebo obuv pro voln\u00fd \u010das intenzivn\u011b pou\u017e\u00edv\u00e1na po dlouhou dobu, \u010dasto vznik\u00e1 ide\u00e1ln\u00ed prost\u0159ed\u00ed pro mno\u017een\u00ed bakteri\u00ed a pl\u00edsn\u00ed a vznik\u00e1 nep\u0159\u00edjemn\u00fd z\u00e1pach. I&hellip;&nbsp;<a href=\"https:\/\/www.versiegelung24.com\/cs\/napln-na-dezinfekci-bot-pedexan.html\" rel=\"bookmark\">Read More &raquo;<span class=\"screen-reader-text\">Dezinfekce bot Pedexan s dlouhodob\u00fdm \u00fa\u010dinkem 1l dopl\u0148ovac\u00ed l\u00e1hev<\/span><\/a><\/p>\n","protected":false},"featured_media":21923,"template":"","meta":{"_acf_changed":false,"neve_meta_sidebar":"","neve_meta_container":"","neve_meta_enable_content_width":"","neve_meta_content_width":0,"neve_meta_title_alignment":"","neve_meta_author_avatar":"","neve_post_elements_order":"","neve_meta_disable_header":"","neve_meta_disable_footer":"","neve_meta_disable_title":"","neve_meta_reading_time":"","_surfaces":[],"_ver_product_tabs":[],"footnotes":""},"product_brand":[],"product_cat":[2236,2831],"product_tag":[],"class_list":{"0":"post-46408","1":"product","2":"type-product","3":"status-publish","4":"has-post-thumbnail","6":"product_cat-dezinfekcni-prostredky","7":"product_cat-dezinfekcni-prostredky-na-boty","9":"first","10":"instock","11":"taxable","12":"shipping-taxable","13":"purchasable","14":"product-type-simple"},"acf":[],"yoast_head":"<!-- This site is optimized with the Yoast SEO Premium plugin v22.8 (Yoast SEO v27.5) - https:\/\/yoast.com\/product\/yoast-seo-premium-wordpress\/ -->\n<title>Dezinfekce bot Pedexan s dlouhodob\u00fdm \u00fa\u010dinkem 1l dopl\u0148ovac\u00ed l\u00e1hev - versiegelung24.com<\/title>\n<meta name=\"description\" content=\"Dezinfekce obuvi Pedexan - \u0159e\u0161en\u00ed proti nep\u0159\u00edjemn\u00e9mu z\u00e1pachu a bakteri\u00edm a pl\u00edsn\u00edm.\" \/>\n<meta name=\"robots\" content=\"index, follow, max-snippet:-1, max-image-preview:large, max-video-preview:-1\" \/>\n<link rel=\"canonical\" href=\"https:\/\/www.versiegelung24.com\/cs\/napln-na-dezinfekci-bot-pedexan.html\" \/>\n<meta property=\"og:locale\" content=\"cs_CZ\" \/>\n<meta property=\"og:type\" content=\"article\" \/>\n<meta property=\"og:title\" content=\"Dezinfekce bot Pedexan s dlouhodob\u00fdm \u00fa\u010dinkem 1l dopl\u0148ovac\u00ed l\u00e1hev\" \/>\n<meta property=\"og:description\" content=\"Dezinfekce obuvi Pedexan - \u0159e\u0161en\u00ed proti nep\u0159\u00edjemn\u00e9mu z\u00e1pachu a bakteri\u00edm a pl\u00edsn\u00edm.\" \/>\n<meta property=\"og:url\" content=\"https:\/\/www.versiegelung24.com\/cs\/napln-na-dezinfekci-bot-pedexan.html\" \/>\n<meta property=\"og:site_name\" content=\"versiegelung24.com\" \/>\n<meta property=\"article:modified_time\" content=\"2025-01-13T15:33:53+00:00\" \/>\n<meta property=\"og:image\" content=\"https:\/\/www.versiegelung24.com\/wp-content\/uploads\/2021\/03\/pedexan-schuhdesinfektion-1-liter.png\" \/>\n\t<meta property=\"og:image:width\" content=\"2000\" \/>\n\t<meta property=\"og:image:height\" content=\"2000\" \/>\n\t<meta property=\"og:image:type\" content=\"image\/png\" \/>\n<meta name=\"twitter:card\" content=\"summary_large_image\" \/>\n<meta name=\"twitter:label1\" content=\"Cena\" \/>\n\t<meta name=\"twitter:data1\" content=\"42,49&euro;\" \/>\n\t<meta name=\"twitter:label2\" content=\"Dostupnost\" \/>\n\t<meta name=\"twitter:data2\" content=\"Skladem\" \/>\n<script type=\"application\/ld+json\" class=\"yoast-schema-graph\">{\"@context\":\"https:\\\/\\\/schema.org\",\"@graph\":[{\"@type\":\"WebPage\",\"@id\":\"https:\\\/\\\/www.versiegelung24.com\\\/cs\\\/napln-na-dezinfekci-bot-pedexan.html\",\"url\":\"https:\\\/\\\/www.versiegelung24.com\\\/cs\\\/napln-na-dezinfekci-bot-pedexan.html\",\"name\":\"Dezinfekce bot Pedexan s dlouhodob\u00fdm \u00fa\u010dinkem 1l dopl\u0148ovac\u00ed l\u00e1hev - versiegelung24.com\",\"isPartOf\":{\"@id\":\"https:\\\/\\\/www.versiegelung24.com\\\/cs\\\/#website\"},\"primaryImageOfPage\":{\"@id\":\"https:\\\/\\\/www.versiegelung24.com\\\/cs\\\/napln-na-dezinfekci-bot-pedexan.html#primaryimage\"},\"image\":{\"@id\":\"https:\\\/\\\/www.versiegelung24.com\\\/cs\\\/napln-na-dezinfekci-bot-pedexan.html#primaryimage\"},\"thumbnailUrl\":\"https:\\\/\\\/www.versiegelung24.com\\\/wp-content\\\/uploads\\\/2021\\\/03\\\/pedexan-schuhdesinfektion-1-liter.png\",\"datePublished\":\"2022-01-04T17:16:48+00:00\",\"dateModified\":\"2025-01-13T15:33:53+00:00\",\"description\":\"Dezinfekce obuvi Pedexan - \u0159e\u0161en\u00ed proti nep\u0159\u00edjemn\u00e9mu z\u00e1pachu a bakteri\u00edm a pl\u00edsn\u00edm.\",\"breadcrumb\":{\"@id\":\"https:\\\/\\\/www.versiegelung24.com\\\/cs\\\/napln-na-dezinfekci-bot-pedexan.html#breadcrumb\"},\"inLanguage\":\"cs\",\"potentialAction\":[{\"@type\":\"ReadAction\",\"target\":[\"https:\\\/\\\/www.versiegelung24.com\\\/cs\\\/napln-na-dezinfekci-bot-pedexan.html\"]}]},{\"@type\":\"ImageObject\",\"inLanguage\":\"cs\",\"@id\":\"https:\\\/\\\/www.versiegelung24.com\\\/cs\\\/napln-na-dezinfekci-bot-pedexan.html#primaryimage\",\"url\":\"https:\\\/\\\/www.versiegelung24.com\\\/wp-content\\\/uploads\\\/2021\\\/03\\\/pedexan-schuhdesinfektion-1-liter.png\",\"contentUrl\":\"https:\\\/\\\/www.versiegelung24.com\\\/wp-content\\\/uploads\\\/2021\\\/03\\\/pedexan-schuhdesinfektion-1-liter.png\",\"width\":2000,\"height\":2000},{\"@type\":\"BreadcrumbList\",\"@id\":\"https:\\\/\\\/www.versiegelung24.com\\\/cs\\\/napln-na-dezinfekci-bot-pedexan.html#breadcrumb\",\"itemListElement\":[{\"@type\":\"ListItem\",\"position\":1,\"name\":\"Domovsk\u00e1 str\u00e1nka\",\"item\":\"https:\\\/\\\/www.versiegelung24.com\\\/cs\\\/predni\\\/\"},{\"@type\":\"ListItem\",\"position\":2,\"name\":\"Prodejna\",\"item\":\"https:\\\/\\\/www.versiegelung24.com\\\/cs\\\/prodejna\\\/\"},{\"@type\":\"ListItem\",\"position\":3,\"name\":\"Dezinfekce bot Pedexan s dlouhodob\u00fdm \u00fa\u010dinkem 1l dopl\u0148ovac\u00ed l\u00e1hev\"}]},{\"@type\":\"WebSite\",\"@id\":\"https:\\\/\\\/www.versiegelung24.com\\\/cs\\\/#website\",\"url\":\"https:\\\/\\\/www.versiegelung24.com\\\/cs\\\/\",\"name\":\"versiegelung24.com\",\"description\":\"Fl\u00fcssigglas-Versiegelung - Made in Germany\",\"publisher\":{\"@id\":\"https:\\\/\\\/www.versiegelung24.com\\\/cs\\\/#organization\"},\"potentialAction\":[{\"@type\":\"SearchAction\",\"target\":{\"@type\":\"EntryPoint\",\"urlTemplate\":\"https:\\\/\\\/www.versiegelung24.com\\\/cs\\\/?s={search_term_string}\"},\"query-input\":{\"@type\":\"PropertyValueSpecification\",\"valueRequired\":true,\"valueName\":\"search_term_string\"}}],\"inLanguage\":\"cs\"},{\"@type\":\"Organization\",\"@id\":\"https:\\\/\\\/www.versiegelung24.com\\\/cs\\\/#organization\",\"name\":\"versiegelung24\",\"url\":\"https:\\\/\\\/www.versiegelung24.com\\\/cs\\\/\",\"logo\":{\"@type\":\"ImageObject\",\"inLanguage\":\"cs\",\"@id\":\"https:\\\/\\\/www.versiegelung24.com\\\/cs\\\/#\\\/schema\\\/logo\\\/image\\\/\",\"url\":\"https:\\\/\\\/www.versiegelung24.com\\\/wp-content\\\/uploads\\\/2020\\\/04\\\/versiegelung24.png\",\"contentUrl\":\"https:\\\/\\\/www.versiegelung24.com\\\/wp-content\\\/uploads\\\/2020\\\/04\\\/versiegelung24.png\",\"width\":470,\"height\":102,\"caption\":\"versiegelung24\"},\"image\":{\"@id\":\"https:\\\/\\\/www.versiegelung24.com\\\/cs\\\/#\\\/schema\\\/logo\\\/image\\\/\"}}]}<\/script>\n<meta property=\"product:price:amount\" content=\"42.49\" \/>\n<meta property=\"product:price:currency\" content=\"EUR\" \/>\n<meta property=\"og:availability\" content=\"instock\" \/>\n<meta property=\"product:availability\" content=\"instock\" \/>\n<meta property=\"product:retailer_item_id\" content=\"PED-1A\" \/>\n<meta property=\"product:condition\" content=\"new\" \/>\n<!-- \/ Yoast SEO Premium plugin. -->","yoast_head_json":{"title":"Dezinfekce bot Pedexan s dlouhodob\u00fdm \u00fa\u010dinkem 1l dopl\u0148ovac\u00ed l\u00e1hev - versiegelung24.com","description":"Dezinfekce obuvi Pedexan - \u0159e\u0161en\u00ed proti nep\u0159\u00edjemn\u00e9mu z\u00e1pachu a bakteri\u00edm a pl\u00edsn\u00edm.","robots":{"index":"index","follow":"follow","max-snippet":"max-snippet:-1","max-image-preview":"max-image-preview:large","max-video-preview":"max-video-preview:-1"},"canonical":"https:\/\/www.versiegelung24.com\/cs\/napln-na-dezinfekci-bot-pedexan.html","og_locale":"cs_CZ","og_type":"article","og_title":"Dezinfekce bot Pedexan s dlouhodob\u00fdm \u00fa\u010dinkem 1l dopl\u0148ovac\u00ed l\u00e1hev","og_description":"Dezinfekce obuvi Pedexan - \u0159e\u0161en\u00ed proti nep\u0159\u00edjemn\u00e9mu z\u00e1pachu a bakteri\u00edm a pl\u00edsn\u00edm.","og_url":"https:\/\/www.versiegelung24.com\/cs\/napln-na-dezinfekci-bot-pedexan.html","og_site_name":"versiegelung24.com","article_modified_time":"2025-01-13T15:33:53+00:00","og_image":[{"width":2000,"height":2000,"url":"https:\/\/www.versiegelung24.com\/wp-content\/uploads\/2021\/03\/pedexan-schuhdesinfektion-1-liter.png","type":"image\/png"}],"twitter_card":"summary_large_image","twitter_misc":{"Cena":"42,49&euro;","Dostupnost":"Skladem"},"schema":{"@context":"https:\/\/schema.org","@graph":[{"@type":"WebPage","@id":"https:\/\/www.versiegelung24.com\/cs\/napln-na-dezinfekci-bot-pedexan.html","url":"https:\/\/www.versiegelung24.com\/cs\/napln-na-dezinfekci-bot-pedexan.html","name":"Dezinfekce bot Pedexan s dlouhodob\u00fdm \u00fa\u010dinkem 1l dopl\u0148ovac\u00ed l\u00e1hev - versiegelung24.com","isPartOf":{"@id":"https:\/\/www.versiegelung24.com\/cs\/#website"},"primaryImageOfPage":{"@id":"https:\/\/www.versiegelung24.com\/cs\/napln-na-dezinfekci-bot-pedexan.html#primaryimage"},"image":{"@id":"https:\/\/www.versiegelung24.com\/cs\/napln-na-dezinfekci-bot-pedexan.html#primaryimage"},"thumbnailUrl":"https:\/\/www.versiegelung24.com\/wp-content\/uploads\/2021\/03\/pedexan-schuhdesinfektion-1-liter.png","datePublished":"2022-01-04T17:16:48+00:00","dateModified":"2025-01-13T15:33:53+00:00","description":"Dezinfekce obuvi Pedexan - \u0159e\u0161en\u00ed proti nep\u0159\u00edjemn\u00e9mu z\u00e1pachu a bakteri\u00edm a pl\u00edsn\u00edm.","breadcrumb":{"@id":"https:\/\/www.versiegelung24.com\/cs\/napln-na-dezinfekci-bot-pedexan.html#breadcrumb"},"inLanguage":"cs","potentialAction":[{"@type":"ReadAction","target":["https:\/\/www.versiegelung24.com\/cs\/napln-na-dezinfekci-bot-pedexan.html"]}]},{"@type":"ImageObject","inLanguage":"cs","@id":"https:\/\/www.versiegelung24.com\/cs\/napln-na-dezinfekci-bot-pedexan.html#primaryimage","url":"https:\/\/www.versiegelung24.com\/wp-content\/uploads\/2021\/03\/pedexan-schuhdesinfektion-1-liter.png","contentUrl":"https:\/\/www.versiegelung24.com\/wp-content\/uploads\/2021\/03\/pedexan-schuhdesinfektion-1-liter.png","width":2000,"height":2000},{"@type":"BreadcrumbList","@id":"https:\/\/www.versiegelung24.com\/cs\/napln-na-dezinfekci-bot-pedexan.html#breadcrumb","itemListElement":[{"@type":"ListItem","position":1,"name":"Domovsk\u00e1 str\u00e1nka","item":"https:\/\/www.versiegelung24.com\/cs\/predni\/"},{"@type":"ListItem","position":2,"name":"Prodejna","item":"https:\/\/www.versiegelung24.com\/cs\/prodejna\/"},{"@type":"ListItem","position":3,"name":"Dezinfekce bot Pedexan s dlouhodob\u00fdm \u00fa\u010dinkem 1l dopl\u0148ovac\u00ed l\u00e1hev"}]},{"@type":"WebSite","@id":"https:\/\/www.versiegelung24.com\/cs\/#website","url":"https:\/\/www.versiegelung24.com\/cs\/","name":"versiegelung24.com","description":"Fl\u00fcssigglas-Versiegelung - Made in Germany","publisher":{"@id":"https:\/\/www.versiegelung24.com\/cs\/#organization"},"potentialAction":[{"@type":"SearchAction","target":{"@type":"EntryPoint","urlTemplate":"https:\/\/www.versiegelung24.com\/cs\/?s={search_term_string}"},"query-input":{"@type":"PropertyValueSpecification","valueRequired":true,"valueName":"search_term_string"}}],"inLanguage":"cs"},{"@type":"Organization","@id":"https:\/\/www.versiegelung24.com\/cs\/#organization","name":"versiegelung24","url":"https:\/\/www.versiegelung24.com\/cs\/","logo":{"@type":"ImageObject","inLanguage":"cs","@id":"https:\/\/www.versiegelung24.com\/cs\/#\/schema\/logo\/image\/","url":"https:\/\/www.versiegelung24.com\/wp-content\/uploads\/2020\/04\/versiegelung24.png","contentUrl":"https:\/\/www.versiegelung24.com\/wp-content\/uploads\/2020\/04\/versiegelung24.png","width":470,"height":102,"caption":"versiegelung24"},"image":{"@id":"https:\/\/www.versiegelung24.com\/cs\/#\/schema\/logo\/image\/"}}]},"product_price_amount":"42.49","product_price_currency":"EUR","og_availability":"instock","product_availability":"instock","product_retailer_item_id":"PED-1A","product_condition":"new"},"_links":{"self":[{"href":"https:\/\/www.versiegelung24.com\/cs\/wp-json\/wp\/v2\/product\/46408","targetHints":{"allow":["GET"]}}],"collection":[{"href":"https:\/\/www.versiegelung24.com\/cs\/wp-json\/wp\/v2\/product"}],"about":[{"href":"https:\/\/www.versiegelung24.com\/cs\/wp-json\/wp\/v2\/types\/product"}],"version-history":[{"count":22,"href":"https:\/\/www.versiegelung24.com\/cs\/wp-json\/wp\/v2\/product\/46408\/revisions"}],"predecessor-version":[{"id":180417,"href":"https:\/\/www.versiegelung24.com\/cs\/wp-json\/wp\/v2\/product\/46408\/revisions\/180417"}],"wp:featuredmedia":[{"embeddable":true,"href":"https:\/\/www.versiegelung24.com\/cs\/wp-json\/wp\/v2\/media\/21923"}],"wp:attachment":[{"href":"https:\/\/www.versiegelung24.com\/cs\/wp-json\/wp\/v2\/media?parent=46408"}],"wp:term":[{"taxonomy":"product_brand","embeddable":true,"href":"https:\/\/www.versiegelung24.com\/cs\/wp-json\/wp\/v2\/product_brand?post=46408"},{"taxonomy":"product_cat","embeddable":true,"href":"https:\/\/www.versiegelung24.com\/cs\/wp-json\/wp\/v2\/product_cat?post=46408"},{"taxonomy":"product_tag","embeddable":true,"href":"https:\/\/www.versiegelung24.com\/cs\/wp-json\/wp\/v2\/product_tag?post=46408"}],"curies":[{"name":"wp","href":"https:\/\/api.w.org\/{rel}","templated":true}]}}