{"id":46782,"date":"2022-01-04T20:13:16","date_gmt":"2022-01-04T19:13:21","guid":{"rendered":"https:\/\/www.versiegelung24.com\/?post_type=product&#038;p=46782"},"modified":"2025-01-13T16:34:34","modified_gmt":"2025-01-13T15:34:34","slug":"davkovac-dezinfekce-bot-pedexan-pedspend","status":"publish","type":"product","link":"https:\/\/www.versiegelung24.com\/cs\/davkovac-dezinfekce-bot-pedexan-pedspend.html","title":{"rendered":"PedSpend &#8211; d\u00e1vkova\u010d s rozpra\u0161ovac\u00ed tryskou pro dezinfekci obuvi Pedexan"},"content":{"rendered":"\n<h1 class=\"wp-block-heading\" id=\"pedspend-spender-mit-spruhlanze-fur-pedexan-schuhdesinfektion\">PedSpend \u2013 d\u00e1vkova\u010d s rozpra\u0161ovac\u00ed tryskou pro dezinfekci obuvi Pedexan<\/h1>\n\n<p><strong>D\u00e1vkova\u010d dezinfekce obuvi pro stacion\u00e1rn\u00ed nebo mobiln\u00ed pou\u017eit\u00ed. Ide\u00e1ln\u00ed pro hygienick\u00e9 o\u0161et\u0159en\u00ed obuvi, nap\u0159\u00edklad pro pracovn\u00ed obuv v pr\u016fmyslu a \u0159emeslech, bowlingov\u00fdch drah\u00e1ch nebo p\u016fj\u010dovn\u00e1ch ly\u017e\u00ed.<\/strong><\/p>\n\n<h4 class=\"wp-block-heading\" id=\"properties\">Vlastnosti produktu<\/h4>\n\n<div class=\"wp-block-columns is-layout-flex wp-container-core-columns-is-layout-9d6595d7 wp-block-columns-is-layout-flex\">\n<div class=\"wp-block-column is-layout-flow wp-block-column-is-layout-flow\">\n<p>Rozsah <strong>dod\u00e1vky:<\/strong> Z\u00e1sobn\u00edk na dezinfekci obuvi PedSpend (uzamykateln\u00fd) s 1,4 m rozpra\u0161ovac\u00ed tryskou<\/p>\n<\/div>\n\n\n\n<div class=\"wp-block-column is-layout-flow wp-block-column-is-layout-flow\">\n<p><strong>Vhodn\u00e9 pro: <a href=\"https:\/\/www.versiegelung24.com\/cs\/napln-na-dezinfekci-bot-pedexan.html\">Dezinfekce bot Pedexan 1litrov\u00e1<\/a><\/strong> dopl\u0148ovac\u00ed l\u00e1hev a v\u0161echny 1litrov\u00e9 pln\u00edc\u00ed l\u00e1hve Euro d\u00e1vkova\u010de<\/p>\n<\/div>\n<\/div>\n\n<hr \/>\n\n<h4 class=\"wp-block-heading\" id=\"application\">Aplikace<\/h4>\n\n<p>Oblasti <strong>pou\u017eit\u00ed:<\/strong> pr\u016fmysl a obchod, p\u016fj\u010dovna bowlingov\u00fdch bot, ly\u017ea\u0159sk\u00fdch bot, brusl\u00ed<\/p>\n","protected":false},"excerpt":{"rendered":"<p>PedSpend \u2013 d\u00e1vkova\u010d s rozpra\u0161ovac\u00ed tryskou pro dezinfekci obuvi Pedexan D\u00e1vkova\u010d dezinfekce obuvi pro stacion\u00e1rn\u00ed nebo mobiln\u00ed pou\u017eit\u00ed. Ide\u00e1ln\u00ed pro hygienick\u00e9 o\u0161et\u0159en\u00ed obuvi, nap\u0159\u00edklad pro pracovn\u00ed obuv v pr\u016fmyslu a \u0159emeslech, bowlingov\u00fdch drah\u00e1ch nebo p\u016fj\u010dovn\u00e1ch ly\u017e\u00ed. Vlastnosti produktu Rozsah dod\u00e1vky: Z\u00e1sobn\u00edk na dezinfekci obuvi PedSpend (uzamykateln\u00fd) s 1,4 m rozpra\u0161ovac\u00ed tryskou Vhodn\u00e9 pro: Dezinfekce bot&hellip;&nbsp;<a href=\"https:\/\/www.versiegelung24.com\/cs\/davkovac-dezinfekce-bot-pedexan-pedspend.html\" rel=\"bookmark\">Read More &raquo;<span class=\"screen-reader-text\">PedSpend &#8211; d\u00e1vkova\u010d s rozpra\u0161ovac\u00ed tryskou pro dezinfekci obuvi Pedexan<\/span><\/a><\/p>\n","protected":false},"featured_media":46863,"template":"","meta":{"_acf_changed":false,"neve_meta_sidebar":"","neve_meta_container":"","neve_meta_enable_content_width":"","neve_meta_content_width":0,"neve_meta_title_alignment":"","neve_meta_author_avatar":"","neve_post_elements_order":"","neve_meta_disable_header":"","neve_meta_disable_footer":"","neve_meta_disable_title":"","neve_meta_reading_time":"","_surfaces":[],"_ver_product_tabs":[],"footnotes":""},"product_brand":[],"product_cat":[2831,2236],"product_tag":[],"class_list":{"0":"post-46782","1":"product","2":"type-product","3":"status-publish","4":"has-post-thumbnail","6":"product_cat-dezinfekcni-prostredky-na-boty","7":"product_cat-dezinfekcni-prostredky","9":"first","10":"instock","11":"taxable","12":"shipping-taxable","13":"purchasable","14":"product-type-simple"},"acf":[],"yoast_head":"<!-- This site is optimized with the Yoast SEO Premium plugin v22.8 (Yoast SEO v27.5) - https:\/\/yoast.com\/product\/yoast-seo-premium-wordpress\/ -->\n<title>PedSpend - d\u00e1vkova\u010d s rozpra\u0161ovac\u00ed tryskou pro dezinfekci obuvi Pedexan - versiegelung24.com<\/title>\n<meta name=\"description\" content=\"Dezinfekce obuvi Pedexan - \u0159e\u0161en\u00ed proti nep\u0159\u00edjemn\u00e9mu z\u00e1pachu a bakteri\u00edm a pl\u00edsn\u00edm.\" \/>\n<meta name=\"robots\" content=\"index, follow, max-snippet:-1, max-image-preview:large, max-video-preview:-1\" \/>\n<link rel=\"canonical\" href=\"https:\/\/www.versiegelung24.com\/cs\/davkovac-dezinfekce-bot-pedexan-pedspend.html\" \/>\n<meta property=\"og:locale\" content=\"cs_CZ\" \/>\n<meta property=\"og:type\" content=\"article\" \/>\n<meta property=\"og:title\" content=\"PedSpend - d\u00e1vkova\u010d s rozpra\u0161ovac\u00ed tryskou pro dezinfekci obuvi Pedexan\" \/>\n<meta property=\"og:description\" content=\"Dezinfekce obuvi Pedexan - \u0159e\u0161en\u00ed proti nep\u0159\u00edjemn\u00e9mu z\u00e1pachu a bakteri\u00edm a pl\u00edsn\u00edm.\" \/>\n<meta property=\"og:url\" content=\"https:\/\/www.versiegelung24.com\/cs\/davkovac-dezinfekce-bot-pedexan-pedspend.html\" \/>\n<meta property=\"og:site_name\" content=\"versiegelung24.com\" \/>\n<meta property=\"article:modified_time\" content=\"2025-01-13T15:34:34+00:00\" \/>\n<meta property=\"og:image\" content=\"https:\/\/www.versiegelung24.com\/wp-content\/uploads\/2022\/01\/produkt-pedexan-pedspend.png\" \/>\n\t<meta property=\"og:image:width\" content=\"2000\" \/>\n\t<meta property=\"og:image:height\" content=\"2000\" \/>\n\t<meta property=\"og:image:type\" content=\"image\/png\" \/>\n<meta name=\"twitter:card\" content=\"summary_large_image\" \/>\n<meta name=\"twitter:label1\" content=\"Cena\" \/>\n\t<meta name=\"twitter:data1\" content=\"119,00&euro;\" \/>\n\t<meta name=\"twitter:label2\" content=\"Dostupnost\" \/>\n\t<meta name=\"twitter:data2\" content=\"Skladem\" \/>\n<script type=\"application\/ld+json\" class=\"yoast-schema-graph\">{\"@context\":\"https:\\\/\\\/schema.org\",\"@graph\":[{\"@type\":\"WebPage\",\"@id\":\"https:\\\/\\\/www.versiegelung24.com\\\/cs\\\/davkovac-dezinfekce-bot-pedexan-pedspend.html\",\"url\":\"https:\\\/\\\/www.versiegelung24.com\\\/cs\\\/davkovac-dezinfekce-bot-pedexan-pedspend.html\",\"name\":\"PedSpend - d\u00e1vkova\u010d s rozpra\u0161ovac\u00ed tryskou pro dezinfekci obuvi Pedexan - versiegelung24.com\",\"isPartOf\":{\"@id\":\"https:\\\/\\\/www.versiegelung24.com\\\/cs\\\/#website\"},\"primaryImageOfPage\":{\"@id\":\"https:\\\/\\\/www.versiegelung24.com\\\/cs\\\/davkovac-dezinfekce-bot-pedexan-pedspend.html#primaryimage\"},\"image\":{\"@id\":\"https:\\\/\\\/www.versiegelung24.com\\\/cs\\\/davkovac-dezinfekce-bot-pedexan-pedspend.html#primaryimage\"},\"thumbnailUrl\":\"https:\\\/\\\/www.versiegelung24.com\\\/wp-content\\\/uploads\\\/2022\\\/01\\\/produkt-pedexan-pedspend.png\",\"datePublished\":\"2022-01-04T19:13:21+00:00\",\"dateModified\":\"2025-01-13T15:34:34+00:00\",\"description\":\"Dezinfekce obuvi Pedexan - \u0159e\u0161en\u00ed proti nep\u0159\u00edjemn\u00e9mu z\u00e1pachu a bakteri\u00edm a pl\u00edsn\u00edm.\",\"breadcrumb\":{\"@id\":\"https:\\\/\\\/www.versiegelung24.com\\\/cs\\\/davkovac-dezinfekce-bot-pedexan-pedspend.html#breadcrumb\"},\"inLanguage\":\"cs\",\"potentialAction\":[{\"@type\":\"ReadAction\",\"target\":[\"https:\\\/\\\/www.versiegelung24.com\\\/cs\\\/davkovac-dezinfekce-bot-pedexan-pedspend.html\"]}]},{\"@type\":\"ImageObject\",\"inLanguage\":\"cs\",\"@id\":\"https:\\\/\\\/www.versiegelung24.com\\\/cs\\\/davkovac-dezinfekce-bot-pedexan-pedspend.html#primaryimage\",\"url\":\"https:\\\/\\\/www.versiegelung24.com\\\/wp-content\\\/uploads\\\/2022\\\/01\\\/produkt-pedexan-pedspend.png\",\"contentUrl\":\"https:\\\/\\\/www.versiegelung24.com\\\/wp-content\\\/uploads\\\/2022\\\/01\\\/produkt-pedexan-pedspend.png\",\"width\":2000,\"height\":2000},{\"@type\":\"BreadcrumbList\",\"@id\":\"https:\\\/\\\/www.versiegelung24.com\\\/cs\\\/davkovac-dezinfekce-bot-pedexan-pedspend.html#breadcrumb\",\"itemListElement\":[{\"@type\":\"ListItem\",\"position\":1,\"name\":\"Domovsk\u00e1 str\u00e1nka\",\"item\":\"https:\\\/\\\/www.versiegelung24.com\\\/cs\\\/predni\\\/\"},{\"@type\":\"ListItem\",\"position\":2,\"name\":\"Prodejna\",\"item\":\"https:\\\/\\\/www.versiegelung24.com\\\/cs\\\/prodejna\\\/\"},{\"@type\":\"ListItem\",\"position\":3,\"name\":\"PedSpend &#8211; d\u00e1vkova\u010d s rozpra\u0161ovac\u00ed tryskou pro dezinfekci obuvi Pedexan\"}]},{\"@type\":\"WebSite\",\"@id\":\"https:\\\/\\\/www.versiegelung24.com\\\/cs\\\/#website\",\"url\":\"https:\\\/\\\/www.versiegelung24.com\\\/cs\\\/\",\"name\":\"versiegelung24.com\",\"description\":\"Fl\u00fcssigglas-Versiegelung - Made in Germany\",\"publisher\":{\"@id\":\"https:\\\/\\\/www.versiegelung24.com\\\/cs\\\/#organization\"},\"potentialAction\":[{\"@type\":\"SearchAction\",\"target\":{\"@type\":\"EntryPoint\",\"urlTemplate\":\"https:\\\/\\\/www.versiegelung24.com\\\/cs\\\/?s={search_term_string}\"},\"query-input\":{\"@type\":\"PropertyValueSpecification\",\"valueRequired\":true,\"valueName\":\"search_term_string\"}}],\"inLanguage\":\"cs\"},{\"@type\":\"Organization\",\"@id\":\"https:\\\/\\\/www.versiegelung24.com\\\/cs\\\/#organization\",\"name\":\"versiegelung24\",\"url\":\"https:\\\/\\\/www.versiegelung24.com\\\/cs\\\/\",\"logo\":{\"@type\":\"ImageObject\",\"inLanguage\":\"cs\",\"@id\":\"https:\\\/\\\/www.versiegelung24.com\\\/cs\\\/#\\\/schema\\\/logo\\\/image\\\/\",\"url\":\"https:\\\/\\\/www.versiegelung24.com\\\/wp-content\\\/uploads\\\/2020\\\/04\\\/versiegelung24.png\",\"contentUrl\":\"https:\\\/\\\/www.versiegelung24.com\\\/wp-content\\\/uploads\\\/2020\\\/04\\\/versiegelung24.png\",\"width\":470,\"height\":102,\"caption\":\"versiegelung24\"},\"image\":{\"@id\":\"https:\\\/\\\/www.versiegelung24.com\\\/cs\\\/#\\\/schema\\\/logo\\\/image\\\/\"}}]}<\/script>\n<meta property=\"product:price:amount\" content=\"119.00\" \/>\n<meta property=\"product:price:currency\" content=\"EUR\" \/>\n<meta property=\"og:availability\" content=\"instock\" \/>\n<meta property=\"product:availability\" content=\"instock\" \/>\n<meta property=\"product:retailer_item_id\" content=\"PED-spend\" \/>\n<meta property=\"product:condition\" content=\"new\" \/>\n<!-- \/ Yoast SEO Premium plugin. -->","yoast_head_json":{"title":"PedSpend - d\u00e1vkova\u010d s rozpra\u0161ovac\u00ed tryskou pro dezinfekci obuvi Pedexan - versiegelung24.com","description":"Dezinfekce obuvi Pedexan - \u0159e\u0161en\u00ed proti nep\u0159\u00edjemn\u00e9mu z\u00e1pachu a bakteri\u00edm a pl\u00edsn\u00edm.","robots":{"index":"index","follow":"follow","max-snippet":"max-snippet:-1","max-image-preview":"max-image-preview:large","max-video-preview":"max-video-preview:-1"},"canonical":"https:\/\/www.versiegelung24.com\/cs\/davkovac-dezinfekce-bot-pedexan-pedspend.html","og_locale":"cs_CZ","og_type":"article","og_title":"PedSpend - d\u00e1vkova\u010d s rozpra\u0161ovac\u00ed tryskou pro dezinfekci obuvi Pedexan","og_description":"Dezinfekce obuvi Pedexan - \u0159e\u0161en\u00ed proti nep\u0159\u00edjemn\u00e9mu z\u00e1pachu a bakteri\u00edm a pl\u00edsn\u00edm.","og_url":"https:\/\/www.versiegelung24.com\/cs\/davkovac-dezinfekce-bot-pedexan-pedspend.html","og_site_name":"versiegelung24.com","article_modified_time":"2025-01-13T15:34:34+00:00","og_image":[{"width":2000,"height":2000,"url":"https:\/\/www.versiegelung24.com\/wp-content\/uploads\/2022\/01\/produkt-pedexan-pedspend.png","type":"image\/png"}],"twitter_card":"summary_large_image","twitter_misc":{"Cena":"119,00&euro;","Dostupnost":"Skladem"},"schema":{"@context":"https:\/\/schema.org","@graph":[{"@type":"WebPage","@id":"https:\/\/www.versiegelung24.com\/cs\/davkovac-dezinfekce-bot-pedexan-pedspend.html","url":"https:\/\/www.versiegelung24.com\/cs\/davkovac-dezinfekce-bot-pedexan-pedspend.html","name":"PedSpend - d\u00e1vkova\u010d s rozpra\u0161ovac\u00ed tryskou pro dezinfekci obuvi Pedexan - versiegelung24.com","isPartOf":{"@id":"https:\/\/www.versiegelung24.com\/cs\/#website"},"primaryImageOfPage":{"@id":"https:\/\/www.versiegelung24.com\/cs\/davkovac-dezinfekce-bot-pedexan-pedspend.html#primaryimage"},"image":{"@id":"https:\/\/www.versiegelung24.com\/cs\/davkovac-dezinfekce-bot-pedexan-pedspend.html#primaryimage"},"thumbnailUrl":"https:\/\/www.versiegelung24.com\/wp-content\/uploads\/2022\/01\/produkt-pedexan-pedspend.png","datePublished":"2022-01-04T19:13:21+00:00","dateModified":"2025-01-13T15:34:34+00:00","description":"Dezinfekce obuvi Pedexan - \u0159e\u0161en\u00ed proti nep\u0159\u00edjemn\u00e9mu z\u00e1pachu a bakteri\u00edm a pl\u00edsn\u00edm.","breadcrumb":{"@id":"https:\/\/www.versiegelung24.com\/cs\/davkovac-dezinfekce-bot-pedexan-pedspend.html#breadcrumb"},"inLanguage":"cs","potentialAction":[{"@type":"ReadAction","target":["https:\/\/www.versiegelung24.com\/cs\/davkovac-dezinfekce-bot-pedexan-pedspend.html"]}]},{"@type":"ImageObject","inLanguage":"cs","@id":"https:\/\/www.versiegelung24.com\/cs\/davkovac-dezinfekce-bot-pedexan-pedspend.html#primaryimage","url":"https:\/\/www.versiegelung24.com\/wp-content\/uploads\/2022\/01\/produkt-pedexan-pedspend.png","contentUrl":"https:\/\/www.versiegelung24.com\/wp-content\/uploads\/2022\/01\/produkt-pedexan-pedspend.png","width":2000,"height":2000},{"@type":"BreadcrumbList","@id":"https:\/\/www.versiegelung24.com\/cs\/davkovac-dezinfekce-bot-pedexan-pedspend.html#breadcrumb","itemListElement":[{"@type":"ListItem","position":1,"name":"Domovsk\u00e1 str\u00e1nka","item":"https:\/\/www.versiegelung24.com\/cs\/predni\/"},{"@type":"ListItem","position":2,"name":"Prodejna","item":"https:\/\/www.versiegelung24.com\/cs\/prodejna\/"},{"@type":"ListItem","position":3,"name":"PedSpend &#8211; d\u00e1vkova\u010d s rozpra\u0161ovac\u00ed tryskou pro dezinfekci obuvi Pedexan"}]},{"@type":"WebSite","@id":"https:\/\/www.versiegelung24.com\/cs\/#website","url":"https:\/\/www.versiegelung24.com\/cs\/","name":"versiegelung24.com","description":"Fl\u00fcssigglas-Versiegelung - Made in Germany","publisher":{"@id":"https:\/\/www.versiegelung24.com\/cs\/#organization"},"potentialAction":[{"@type":"SearchAction","target":{"@type":"EntryPoint","urlTemplate":"https:\/\/www.versiegelung24.com\/cs\/?s={search_term_string}"},"query-input":{"@type":"PropertyValueSpecification","valueRequired":true,"valueName":"search_term_string"}}],"inLanguage":"cs"},{"@type":"Organization","@id":"https:\/\/www.versiegelung24.com\/cs\/#organization","name":"versiegelung24","url":"https:\/\/www.versiegelung24.com\/cs\/","logo":{"@type":"ImageObject","inLanguage":"cs","@id":"https:\/\/www.versiegelung24.com\/cs\/#\/schema\/logo\/image\/","url":"https:\/\/www.versiegelung24.com\/wp-content\/uploads\/2020\/04\/versiegelung24.png","contentUrl":"https:\/\/www.versiegelung24.com\/wp-content\/uploads\/2020\/04\/versiegelung24.png","width":470,"height":102,"caption":"versiegelung24"},"image":{"@id":"https:\/\/www.versiegelung24.com\/cs\/#\/schema\/logo\/image\/"}}]},"product_price_amount":"119.00","product_price_currency":"EUR","og_availability":"instock","product_availability":"instock","product_retailer_item_id":"PED-spend","product_condition":"new"},"_links":{"self":[{"href":"https:\/\/www.versiegelung24.com\/cs\/wp-json\/wp\/v2\/product\/46782","targetHints":{"allow":["GET"]}}],"collection":[{"href":"https:\/\/www.versiegelung24.com\/cs\/wp-json\/wp\/v2\/product"}],"about":[{"href":"https:\/\/www.versiegelung24.com\/cs\/wp-json\/wp\/v2\/types\/product"}],"version-history":[{"count":14,"href":"https:\/\/www.versiegelung24.com\/cs\/wp-json\/wp\/v2\/product\/46782\/revisions"}],"predecessor-version":[{"id":180444,"href":"https:\/\/www.versiegelung24.com\/cs\/wp-json\/wp\/v2\/product\/46782\/revisions\/180444"}],"wp:featuredmedia":[{"embeddable":true,"href":"https:\/\/www.versiegelung24.com\/cs\/wp-json\/wp\/v2\/media\/46863"}],"wp:attachment":[{"href":"https:\/\/www.versiegelung24.com\/cs\/wp-json\/wp\/v2\/media?parent=46782"}],"wp:term":[{"taxonomy":"product_brand","embeddable":true,"href":"https:\/\/www.versiegelung24.com\/cs\/wp-json\/wp\/v2\/product_brand?post=46782"},{"taxonomy":"product_cat","embeddable":true,"href":"https:\/\/www.versiegelung24.com\/cs\/wp-json\/wp\/v2\/product_cat?post=46782"},{"taxonomy":"product_tag","embeddable":true,"href":"https:\/\/www.versiegelung24.com\/cs\/wp-json\/wp\/v2\/product_tag?post=46782"}],"curies":[{"name":"wp","href":"https:\/\/api.w.org\/{rel}","templated":true}]}}