{"id":62226,"date":"2022-02-06T23:03:40","date_gmt":"2022-02-06T22:03:44","guid":{"rendered":"https:\/\/www.versiegelung24.com\/?post_type=product&#038;p=62226"},"modified":"2025-01-05T17:34:07","modified_gmt":"2025-01-05T16:34:07","slug":"kompletni-sada-premiovy-solarni-system-fotovoltaicke-tesneni-s-extremni-trvanlivosti-a-zvyseni-ucinnosti","status":"publish","type":"product","link":"https:\/\/www.versiegelung24.com\/cs\/product\/kompletni-sada-premiovy-solarni-system-fotovoltaicke-tesneni-s-extremni-trvanlivosti-a-zvyseni-ucinnosti\/","title":{"rendered":"Kompletn\u00ed sada pro t\u011bsn\u011bn\u00ed sol\u00e1rn\u00edch syst\u00e9m\u016f \/ fotovoltaick\u00fdch syst\u00e9m\u016f"},"content":{"rendered":"\n<p><strong>Kompletn\u00ed sada skl\u00e1daj\u00edc\u00ed se z biologick\u00e9ho p\u0159ed\u010disti\u010de, bioetanolu pro odstran\u011bn\u00ed tuku a vysoce v\u00fdkonn\u00e9ho nano-t\u011bsn\u011bn\u00ed na b\u00e1zi tekut\u00e9ho skla<\/strong><\/p>\n\n<p><strong>Vysoce \u00fa\u010dinn\u00fd nano povlak pro sol\u00e1rn\u00ed syst\u00e9my s lotosov\u00fdm efektem (odpuzuje vodu)<\/strong><\/p>\n\n<p>Vysok\u00e1 kvalita Made in Germany<\/p>\n\n<h4 class=\"wp-block-heading\" id=\"properties\">vlastnosti<\/h4>\n\n<div class=\"wp-block-columns is-layout-flex wp-container-core-columns-is-layout-9d6595d7 wp-block-columns-is-layout-flex\">\n<div class=\"wp-block-column is-layout-flow wp-block-column-is-layout-flow\">\n<ul class=\"wp-block-list\">\n<li>Budouc\u00ed technologie s neviditelnou ochrannou vrstvou, &#8220;tlou\u0161\u0165ka&#8221; cca 100 nm (nanometr\u016f)<\/li>\n\n\n\n<li>Chr\u00e1n\u00ed povrch<\/li>\n\n\n\n<li>Tepeln\u011b a mrazuvzdorn\u00e9<\/li>\n\n\n\n<li>Odoln\u00e9 v\u016f\u010di mo\u0159sk\u00e9 vod\u011b a soli (kysel\u00e9\/z\u00e1sadit\u00e9 1,5 a\u017e 12,5 ph)<\/li>\n\n\n\n<li>Odpuzuj\u00edc\u00ed vodu a ne\u010distoty<\/li>\n\n\n\n<li>Jednoduch\u00e1 a rychl\u00e1 aplikace<\/li>\n\n\n\n<li>Pou\u017eiteln\u00e9 p\u0159i +10\u00b0 a\u017e +30\u00b0C<\/li>\n\n\n\n<li>UV stabiln\u00ed<\/li>\n\n\n\n<li>Efekt \u201eEasy-to-clean\u201c (povrchy se snadno \u010dist\u00ed = \u0161et\u0159\u00ed \u010das a pen\u00edze a n\u011bkter\u00e9 ne\u010distoty ji\u017e smyje d\u00e9\u0161\u0165)<\/li>\n\n\n\n<li>Spot\u0159eba: cca 150 m\u00b2 na jeden litr<\/li>\n\n\n\n<li>Sni\u017euje ekologickou (CO2) stopu p\u0159i \u010di\u0161t\u011bn\u00ed:\n<ul class=\"wp-block-list\">\n<li>Je pot\u0159eba m\u00e9n\u011b vody<\/li>\n\n\n\n<li>Je pot\u0159eba m\u00e9n\u011b chemick\u00fdch \u010distic\u00edch prost\u0159edk\u016f<\/li>\n<\/ul>\n<\/li>\n<\/ul>\n<\/div>\n\n\n\n<div class=\"wp-block-column is-layout-flow wp-block-column-is-layout-flow\">\n<p><strong>Rozsah dod\u00e1vky:<\/strong><\/p>\n\n\n\n<ul class=\"wp-block-list\">\n<li>500 ml Biosativa\u00ae koncentr\u00e1t organick\u00e9ho \u010disti\u010de 1:10 pro p\u0159ed\u010di\u0161t\u011bn\u00ed<\/li>\n\n\n\n<li>1 000 ml isopropanol alkoholu 99,9% pro odma\u0161t\u011bn\u00ed<\/li>\n\n\n\n<li>500 ml Tekut\u00e9 sklo t\u011bsn\u011bn\u00ed 7601 (pro cca 75-100 m\u00b2)<\/li>\n\n\n\n<li>100 su\u0161ic\u00edch ut\u011brek 25 x 16 cm na p\u0159ed\u010di\u0161t\u011bn\u00ed<\/li>\n\n\n\n<li>10 ut\u011brek z mikrovl\u00e1kna 10 x 10 cm pro aplikaci<\/li>\n\n\n\n<li>5 ut\u011brek z mikrovl\u00e1kna 30 x 30 cm na le\u0161t\u011bn\u00ed<\/li>\n\n\n\n<li>10 jednor\u00e1zov\u00fdch ochrann\u00fdch rukavic<\/li>\n<\/ul>\n<\/div>\n<\/div>\n\n<hr\/>\n\n<h4 class=\"wp-block-heading\" id=\"application\">Aplikace<\/h4>\n\n<p>Jednoduch\u00e1 aplikace<\/p>\n\n<ol class=\"wp-block-list\">\n<li>Modul velmi dob\u0159e p\u0159ed\u010dist\u011bte p\u0159\u00edpravkem Biosativa (\u010d\u00edm lep\u0161\u00ed p\u0159ed\u010di\u0161t\u011bn\u00ed, t\u00edm d\u00e9le t\u011bsn\u011bn\u00ed vydr\u017e\u00ed)<\/li>\n\n\n\n<li>P\u0159ed ut\u011bsn\u011bn\u00edm znovu o\u010dist\u011bte alkoholem<\/li>\n\n\n\n<li>Naneste t\u011bsn\u011bn\u00ed had\u0159\u00edkem, vyle\u0161t\u011bte &#8211; hotovo.<\/li>\n<\/ol>\n\n<p><\/p>\n","protected":false},"excerpt":{"rendered":"<div class=\"column mcb-column mcb-item-mrk8thufa one column_column column-margin-0px\">\n<div class=\"column_attr clearfix\"><b>Fotovoltaick\u00e9 moduly p\u0159in\u00e1\u0161ej\u00ed nejlep\u0161\u00ed v\u00fdnos za optim\u00e1ln\u00edch podm\u00ednek<\/b> <b>.<\/b> <\/div>\n<div class=\"column_attr clearfix\"><b>S na\u0161\u00edm speci\u00e1ln\u00edm t\u011bsn\u011bn\u00edm prodlu\u017eujeme \u010distic\u00ed cyklus a \u010di\u0161t\u011bn\u00ed v\u00fdrazn\u011b zjednodu\u0161ujeme. <\/b><\/div>\n<div class=\"column_attr clearfix\"><b>To vede ke zv\u00fd\u0161en\u00e9 n\u00e1vratnosti va\u0161\u00ed investice.<\/b><\/div>\n<\/div>\n","protected":false},"featured_media":18498,"template":"","meta":{"_acf_changed":false,"neve_meta_sidebar":"","neve_meta_container":"","neve_meta_enable_content_width":"","neve_meta_content_width":0,"neve_meta_title_alignment":"","neve_meta_author_avatar":"","neve_post_elements_order":"","neve_meta_disable_header":"","neve_meta_disable_footer":"","neve_meta_disable_title":"","neve_meta_reading_time":"","_surfaces":[],"_ver_product_tabs":[],"footnotes":""},"product_brand":[],"product_cat":[2257],"product_tag":[],"class_list":{"0":"post-62226","1":"product","2":"type-product","3":"status-publish","4":"has-post-thumbnail","6":"product_cat-tesneni-na-sklo-a-keramiku","8":"first","9":"instock","10":"taxable","11":"shipping-taxable","12":"purchasable","13":"product-type-simple"},"acf":[],"yoast_head":"<!-- This site is optimized with the Yoast SEO Premium plugin v22.8 (Yoast SEO v27.5) - https:\/\/yoast.com\/product\/yoast-seo-premium-wordpress\/ -->\n<title>Kompletn\u00ed sada pro t\u011bsn\u011bn\u00ed sol\u00e1rn\u00edch syst\u00e9m\u016f \/ fotovoltaick\u00fdch syst\u00e9m\u016f - versiegelung24.com<\/title>\n<meta name=\"robots\" content=\"index, follow, max-snippet:-1, max-image-preview:large, max-video-preview:-1\" \/>\n<link rel=\"canonical\" href=\"https:\/\/www.versiegelung24.com\/cs\/product\/kompletni-sada-premiovy-solarni-system-fotovoltaicke-tesneni-s-extremni-trvanlivosti-a-zvyseni-ucinnosti\/\" \/>\n<meta property=\"og:locale\" content=\"cs_CZ\" \/>\n<meta property=\"og:type\" content=\"article\" \/>\n<meta property=\"og:title\" content=\"Kompletn\u00ed sada pro t\u011bsn\u011bn\u00ed sol\u00e1rn\u00edch syst\u00e9m\u016f \/ fotovoltaick\u00fdch syst\u00e9m\u016f\" \/>\n<meta property=\"og:description\" content=\"Fotovoltaick\u00e9 moduly p\u0159in\u00e1\u0161ej\u00ed nejlep\u0161\u00ed v\u00fdnos za optim\u00e1ln\u00edch podm\u00ednek . S na\u0161\u00edm speci\u00e1ln\u00edm t\u011bsn\u011bn\u00edm prodlu\u017eujeme \u010distic\u00ed cyklus a \u010di\u0161t\u011bn\u00ed v\u00fdrazn\u011b zjednodu\u0161ujeme. To vede ke zv\u00fd\u0161en\u00e9 n\u00e1vratnosti va\u0161\u00ed investice.\" \/>\n<meta property=\"og:url\" content=\"https:\/\/www.versiegelung24.com\/cs\/product\/kompletni-sada-premiovy-solarni-system-fotovoltaicke-tesneni-s-extremni-trvanlivosti-a-zvyseni-ucinnosti\/\" \/>\n<meta property=\"og:site_name\" content=\"versiegelung24.com\" \/>\n<meta property=\"article:modified_time\" content=\"2025-01-05T16:34:07+00:00\" \/>\n<meta property=\"og:image\" content=\"https:\/\/www.versiegelung24.com\/wp-content\/uploads\/2020\/06\/produkt-7000-7601-1000-Solarversiegelung-scaled.jpg\" \/>\n\t<meta property=\"og:image:width\" content=\"2560\" \/>\n\t<meta property=\"og:image:height\" content=\"2560\" \/>\n\t<meta property=\"og:image:type\" content=\"image\/jpeg\" \/>\n<meta name=\"twitter:card\" content=\"summary_large_image\" \/>\n<meta name=\"twitter:label1\" content=\"Cena\" \/>\n\t<meta name=\"twitter:data1\" content=\"199,00&euro;\" \/>\n\t<meta name=\"twitter:label2\" content=\"Dostupnost\" \/>\n\t<meta name=\"twitter:data2\" content=\"Skladem\" \/>\n<script type=\"application\/ld+json\" class=\"yoast-schema-graph\">{\"@context\":\"https:\\\/\\\/schema.org\",\"@graph\":[{\"@type\":\"WebPage\",\"@id\":\"https:\\\/\\\/www.versiegelung24.com\\\/cs\\\/product\\\/kompletni-sada-premiovy-solarni-system-fotovoltaicke-tesneni-s-extremni-trvanlivosti-a-zvyseni-ucinnosti\\\/\",\"url\":\"https:\\\/\\\/www.versiegelung24.com\\\/cs\\\/product\\\/kompletni-sada-premiovy-solarni-system-fotovoltaicke-tesneni-s-extremni-trvanlivosti-a-zvyseni-ucinnosti\\\/\",\"name\":\"Kompletn\u00ed sada pro t\u011bsn\u011bn\u00ed sol\u00e1rn\u00edch syst\u00e9m\u016f \\\/ fotovoltaick\u00fdch syst\u00e9m\u016f - versiegelung24.com\",\"isPartOf\":{\"@id\":\"https:\\\/\\\/www.versiegelung24.com\\\/cs\\\/#website\"},\"primaryImageOfPage\":{\"@id\":\"https:\\\/\\\/www.versiegelung24.com\\\/cs\\\/product\\\/kompletni-sada-premiovy-solarni-system-fotovoltaicke-tesneni-s-extremni-trvanlivosti-a-zvyseni-ucinnosti\\\/#primaryimage\"},\"image\":{\"@id\":\"https:\\\/\\\/www.versiegelung24.com\\\/cs\\\/product\\\/kompletni-sada-premiovy-solarni-system-fotovoltaicke-tesneni-s-extremni-trvanlivosti-a-zvyseni-ucinnosti\\\/#primaryimage\"},\"thumbnailUrl\":\"https:\\\/\\\/www.versiegelung24.com\\\/wp-content\\\/uploads\\\/2020\\\/06\\\/produkt-7000-7601-1000-Solarversiegelung-scaled.jpg\",\"datePublished\":\"2022-02-06T22:03:44+00:00\",\"dateModified\":\"2025-01-05T16:34:07+00:00\",\"breadcrumb\":{\"@id\":\"https:\\\/\\\/www.versiegelung24.com\\\/cs\\\/product\\\/kompletni-sada-premiovy-solarni-system-fotovoltaicke-tesneni-s-extremni-trvanlivosti-a-zvyseni-ucinnosti\\\/#breadcrumb\"},\"inLanguage\":\"cs\",\"potentialAction\":[{\"@type\":\"ReadAction\",\"target\":[\"https:\\\/\\\/www.versiegelung24.com\\\/cs\\\/product\\\/kompletni-sada-premiovy-solarni-system-fotovoltaicke-tesneni-s-extremni-trvanlivosti-a-zvyseni-ucinnosti\\\/\"]}]},{\"@type\":\"ImageObject\",\"inLanguage\":\"cs\",\"@id\":\"https:\\\/\\\/www.versiegelung24.com\\\/cs\\\/product\\\/kompletni-sada-premiovy-solarni-system-fotovoltaicke-tesneni-s-extremni-trvanlivosti-a-zvyseni-ucinnosti\\\/#primaryimage\",\"url\":\"https:\\\/\\\/www.versiegelung24.com\\\/wp-content\\\/uploads\\\/2020\\\/06\\\/produkt-7000-7601-1000-Solarversiegelung-scaled.jpg\",\"contentUrl\":\"https:\\\/\\\/www.versiegelung24.com\\\/wp-content\\\/uploads\\\/2020\\\/06\\\/produkt-7000-7601-1000-Solarversiegelung-scaled.jpg\",\"width\":2560,\"height\":2560},{\"@type\":\"BreadcrumbList\",\"@id\":\"https:\\\/\\\/www.versiegelung24.com\\\/cs\\\/product\\\/kompletni-sada-premiovy-solarni-system-fotovoltaicke-tesneni-s-extremni-trvanlivosti-a-zvyseni-ucinnosti\\\/#breadcrumb\",\"itemListElement\":[{\"@type\":\"ListItem\",\"position\":1,\"name\":\"Domovsk\u00e1 str\u00e1nka\",\"item\":\"https:\\\/\\\/www.versiegelung24.com\\\/cs\\\/predni\\\/\"},{\"@type\":\"ListItem\",\"position\":2,\"name\":\"Prodejna\",\"item\":\"https:\\\/\\\/www.versiegelung24.com\\\/cs\\\/prodejna\\\/\"},{\"@type\":\"ListItem\",\"position\":3,\"name\":\"Kompletn\u00ed sada pro t\u011bsn\u011bn\u00ed sol\u00e1rn\u00edch syst\u00e9m\u016f \\\/ fotovoltaick\u00fdch syst\u00e9m\u016f\"}]},{\"@type\":\"WebSite\",\"@id\":\"https:\\\/\\\/www.versiegelung24.com\\\/cs\\\/#website\",\"url\":\"https:\\\/\\\/www.versiegelung24.com\\\/cs\\\/\",\"name\":\"versiegelung24.com\",\"description\":\"Fl\u00fcssigglas-Versiegelung - Made in Germany\",\"publisher\":{\"@id\":\"https:\\\/\\\/www.versiegelung24.com\\\/cs\\\/#organization\"},\"potentialAction\":[{\"@type\":\"SearchAction\",\"target\":{\"@type\":\"EntryPoint\",\"urlTemplate\":\"https:\\\/\\\/www.versiegelung24.com\\\/cs\\\/?s={search_term_string}\"},\"query-input\":{\"@type\":\"PropertyValueSpecification\",\"valueRequired\":true,\"valueName\":\"search_term_string\"}}],\"inLanguage\":\"cs\"},{\"@type\":\"Organization\",\"@id\":\"https:\\\/\\\/www.versiegelung24.com\\\/cs\\\/#organization\",\"name\":\"versiegelung24\",\"url\":\"https:\\\/\\\/www.versiegelung24.com\\\/cs\\\/\",\"logo\":{\"@type\":\"ImageObject\",\"inLanguage\":\"cs\",\"@id\":\"https:\\\/\\\/www.versiegelung24.com\\\/cs\\\/#\\\/schema\\\/logo\\\/image\\\/\",\"url\":\"https:\\\/\\\/www.versiegelung24.com\\\/wp-content\\\/uploads\\\/2020\\\/04\\\/versiegelung24.png\",\"contentUrl\":\"https:\\\/\\\/www.versiegelung24.com\\\/wp-content\\\/uploads\\\/2020\\\/04\\\/versiegelung24.png\",\"width\":470,\"height\":102,\"caption\":\"versiegelung24\"},\"image\":{\"@id\":\"https:\\\/\\\/www.versiegelung24.com\\\/cs\\\/#\\\/schema\\\/logo\\\/image\\\/\"}}]}<\/script>\n<meta property=\"product:price:amount\" content=\"199.00\" \/>\n<meta property=\"product:price:currency\" content=\"EUR\" \/>\n<meta property=\"og:availability\" content=\"instock\" \/>\n<meta property=\"product:availability\" content=\"instock\" \/>\n<meta property=\"product:retailer_item_id\" content=\"7005-5575-komplettset\" \/>\n<meta property=\"product:condition\" content=\"new\" \/>\n<!-- \/ Yoast SEO Premium plugin. -->","yoast_head_json":{"title":"Kompletn\u00ed sada pro t\u011bsn\u011bn\u00ed sol\u00e1rn\u00edch syst\u00e9m\u016f \/ fotovoltaick\u00fdch syst\u00e9m\u016f - versiegelung24.com","robots":{"index":"index","follow":"follow","max-snippet":"max-snippet:-1","max-image-preview":"max-image-preview:large","max-video-preview":"max-video-preview:-1"},"canonical":"https:\/\/www.versiegelung24.com\/cs\/product\/kompletni-sada-premiovy-solarni-system-fotovoltaicke-tesneni-s-extremni-trvanlivosti-a-zvyseni-ucinnosti\/","og_locale":"cs_CZ","og_type":"article","og_title":"Kompletn\u00ed sada pro t\u011bsn\u011bn\u00ed sol\u00e1rn\u00edch syst\u00e9m\u016f \/ fotovoltaick\u00fdch syst\u00e9m\u016f","og_description":"Fotovoltaick\u00e9 moduly p\u0159in\u00e1\u0161ej\u00ed nejlep\u0161\u00ed v\u00fdnos za optim\u00e1ln\u00edch podm\u00ednek . S na\u0161\u00edm speci\u00e1ln\u00edm t\u011bsn\u011bn\u00edm prodlu\u017eujeme \u010distic\u00ed cyklus a \u010di\u0161t\u011bn\u00ed v\u00fdrazn\u011b zjednodu\u0161ujeme. To vede ke zv\u00fd\u0161en\u00e9 n\u00e1vratnosti va\u0161\u00ed investice.","og_url":"https:\/\/www.versiegelung24.com\/cs\/product\/kompletni-sada-premiovy-solarni-system-fotovoltaicke-tesneni-s-extremni-trvanlivosti-a-zvyseni-ucinnosti\/","og_site_name":"versiegelung24.com","article_modified_time":"2025-01-05T16:34:07+00:00","og_image":[{"width":2560,"height":2560,"url":"https:\/\/www.versiegelung24.com\/wp-content\/uploads\/2020\/06\/produkt-7000-7601-1000-Solarversiegelung-scaled.jpg","type":"image\/jpeg"}],"twitter_card":"summary_large_image","twitter_misc":{"Cena":"199,00&euro;","Dostupnost":"Skladem"},"schema":{"@context":"https:\/\/schema.org","@graph":[{"@type":"WebPage","@id":"https:\/\/www.versiegelung24.com\/cs\/product\/kompletni-sada-premiovy-solarni-system-fotovoltaicke-tesneni-s-extremni-trvanlivosti-a-zvyseni-ucinnosti\/","url":"https:\/\/www.versiegelung24.com\/cs\/product\/kompletni-sada-premiovy-solarni-system-fotovoltaicke-tesneni-s-extremni-trvanlivosti-a-zvyseni-ucinnosti\/","name":"Kompletn\u00ed sada pro t\u011bsn\u011bn\u00ed sol\u00e1rn\u00edch syst\u00e9m\u016f \/ fotovoltaick\u00fdch syst\u00e9m\u016f - versiegelung24.com","isPartOf":{"@id":"https:\/\/www.versiegelung24.com\/cs\/#website"},"primaryImageOfPage":{"@id":"https:\/\/www.versiegelung24.com\/cs\/product\/kompletni-sada-premiovy-solarni-system-fotovoltaicke-tesneni-s-extremni-trvanlivosti-a-zvyseni-ucinnosti\/#primaryimage"},"image":{"@id":"https:\/\/www.versiegelung24.com\/cs\/product\/kompletni-sada-premiovy-solarni-system-fotovoltaicke-tesneni-s-extremni-trvanlivosti-a-zvyseni-ucinnosti\/#primaryimage"},"thumbnailUrl":"https:\/\/www.versiegelung24.com\/wp-content\/uploads\/2020\/06\/produkt-7000-7601-1000-Solarversiegelung-scaled.jpg","datePublished":"2022-02-06T22:03:44+00:00","dateModified":"2025-01-05T16:34:07+00:00","breadcrumb":{"@id":"https:\/\/www.versiegelung24.com\/cs\/product\/kompletni-sada-premiovy-solarni-system-fotovoltaicke-tesneni-s-extremni-trvanlivosti-a-zvyseni-ucinnosti\/#breadcrumb"},"inLanguage":"cs","potentialAction":[{"@type":"ReadAction","target":["https:\/\/www.versiegelung24.com\/cs\/product\/kompletni-sada-premiovy-solarni-system-fotovoltaicke-tesneni-s-extremni-trvanlivosti-a-zvyseni-ucinnosti\/"]}]},{"@type":"ImageObject","inLanguage":"cs","@id":"https:\/\/www.versiegelung24.com\/cs\/product\/kompletni-sada-premiovy-solarni-system-fotovoltaicke-tesneni-s-extremni-trvanlivosti-a-zvyseni-ucinnosti\/#primaryimage","url":"https:\/\/www.versiegelung24.com\/wp-content\/uploads\/2020\/06\/produkt-7000-7601-1000-Solarversiegelung-scaled.jpg","contentUrl":"https:\/\/www.versiegelung24.com\/wp-content\/uploads\/2020\/06\/produkt-7000-7601-1000-Solarversiegelung-scaled.jpg","width":2560,"height":2560},{"@type":"BreadcrumbList","@id":"https:\/\/www.versiegelung24.com\/cs\/product\/kompletni-sada-premiovy-solarni-system-fotovoltaicke-tesneni-s-extremni-trvanlivosti-a-zvyseni-ucinnosti\/#breadcrumb","itemListElement":[{"@type":"ListItem","position":1,"name":"Domovsk\u00e1 str\u00e1nka","item":"https:\/\/www.versiegelung24.com\/cs\/predni\/"},{"@type":"ListItem","position":2,"name":"Prodejna","item":"https:\/\/www.versiegelung24.com\/cs\/prodejna\/"},{"@type":"ListItem","position":3,"name":"Kompletn\u00ed sada pro t\u011bsn\u011bn\u00ed sol\u00e1rn\u00edch syst\u00e9m\u016f \/ fotovoltaick\u00fdch syst\u00e9m\u016f"}]},{"@type":"WebSite","@id":"https:\/\/www.versiegelung24.com\/cs\/#website","url":"https:\/\/www.versiegelung24.com\/cs\/","name":"versiegelung24.com","description":"Fl\u00fcssigglas-Versiegelung - Made in Germany","publisher":{"@id":"https:\/\/www.versiegelung24.com\/cs\/#organization"},"potentialAction":[{"@type":"SearchAction","target":{"@type":"EntryPoint","urlTemplate":"https:\/\/www.versiegelung24.com\/cs\/?s={search_term_string}"},"query-input":{"@type":"PropertyValueSpecification","valueRequired":true,"valueName":"search_term_string"}}],"inLanguage":"cs"},{"@type":"Organization","@id":"https:\/\/www.versiegelung24.com\/cs\/#organization","name":"versiegelung24","url":"https:\/\/www.versiegelung24.com\/cs\/","logo":{"@type":"ImageObject","inLanguage":"cs","@id":"https:\/\/www.versiegelung24.com\/cs\/#\/schema\/logo\/image\/","url":"https:\/\/www.versiegelung24.com\/wp-content\/uploads\/2020\/04\/versiegelung24.png","contentUrl":"https:\/\/www.versiegelung24.com\/wp-content\/uploads\/2020\/04\/versiegelung24.png","width":470,"height":102,"caption":"versiegelung24"},"image":{"@id":"https:\/\/www.versiegelung24.com\/cs\/#\/schema\/logo\/image\/"}}]},"product_price_amount":"199.00","product_price_currency":"EUR","og_availability":"instock","product_availability":"instock","product_retailer_item_id":"7005-5575-komplettset","product_condition":"new"},"_links":{"self":[{"href":"https:\/\/www.versiegelung24.com\/cs\/wp-json\/wp\/v2\/product\/62226","targetHints":{"allow":["GET"]}}],"collection":[{"href":"https:\/\/www.versiegelung24.com\/cs\/wp-json\/wp\/v2\/product"}],"about":[{"href":"https:\/\/www.versiegelung24.com\/cs\/wp-json\/wp\/v2\/types\/product"}],"version-history":[{"count":13,"href":"https:\/\/www.versiegelung24.com\/cs\/wp-json\/wp\/v2\/product\/62226\/revisions"}],"predecessor-version":[{"id":141178,"href":"https:\/\/www.versiegelung24.com\/cs\/wp-json\/wp\/v2\/product\/62226\/revisions\/141178"}],"wp:featuredmedia":[{"embeddable":true,"href":"https:\/\/www.versiegelung24.com\/cs\/wp-json\/wp\/v2\/media\/18498"}],"wp:attachment":[{"href":"https:\/\/www.versiegelung24.com\/cs\/wp-json\/wp\/v2\/media?parent=62226"}],"wp:term":[{"taxonomy":"product_brand","embeddable":true,"href":"https:\/\/www.versiegelung24.com\/cs\/wp-json\/wp\/v2\/product_brand?post=62226"},{"taxonomy":"product_cat","embeddable":true,"href":"https:\/\/www.versiegelung24.com\/cs\/wp-json\/wp\/v2\/product_cat?post=62226"},{"taxonomy":"product_tag","embeddable":true,"href":"https:\/\/www.versiegelung24.com\/cs\/wp-json\/wp\/v2\/product_tag?post=62226"}],"curies":[{"name":"wp","href":"https:\/\/api.w.org\/{rel}","templated":true}]}}