{"id":62809,"date":"2022-02-08T13:30:16","date_gmt":"2022-02-08T12:30:21","guid":{"rendered":"https:\/\/www.versiegelung24.com\/?post_type=product&#038;p=62809"},"modified":"2025-01-06T15:06:16","modified_gmt":"2025-01-06T14:06:16","slug":"bryle-zakladni-cire-cocky","status":"publish","type":"product","link":"https:\/\/www.versiegelung24.com\/cs\/product\/bryle-zakladni-cire-cocky\/","title":{"rendered":"Ochrann\u00e9 br\u00fdle BASIC \u010dir\u00e9 zorn\u00edky"},"content":{"rendered":"\n<h3 class=\"wp-block-heading\" id=\"h-schutzbrille-basic-mit-gutem-tragekomfort-und-integriertem-seitenschutz-nach-din-en-166\">Ochrann\u00e9 br\u00fdle BASIC s dobr\u00fdm komfortem no\u0161en\u00ed a integrovanou bo\u010dn\u00ed ochranou dle DIN EN 166<\/h3>\n\n<h4 class=\"wp-block-heading\" id=\"properties\">Vlastnosti produktu<\/h4>\n\n<ul class=\"wp-block-list\"><li>Br\u00fdle BASIC jsou vybaveny integrovanou bo\u010dn\u00ed ochranou<\/li><li>Chr\u00e1mov\u00e1 barva je modr\u00e1. Jsou nastaviteln\u00e9 na d\u00e9lku i v\u00fd\u0161ku<\/li><li>Polykarbon\u00e1tov\u00e1 \u010do\u010dka s povrchovou \u00fapravou proti po\u0161kr\u00e1b\u00e1n\u00ed<\/li><li>Celkov\u00e1 hmotnost ochrann\u00fdch br\u00fdl\u00ed je p\u0159ibli\u017en\u011b 30 gram\u016f<\/li><li>Norma: EN 166<\/li><\/ul>\n","protected":false},"excerpt":{"rendered":"<p><strong>Ochrann\u00e9 br\u00fdle BASIC:<\/strong><\/p>\n<p>\u2713 S dobr\u00fdm komfortem no\u0161en\u00ed<\/p>\n<p>\u2713 Integrovan\u00e1 bo\u010dn\u00ed ochrana dle DIN EN 166<\/p>\n","protected":false},"featured_media":63193,"template":"","meta":{"_acf_changed":false,"neve_meta_sidebar":"","neve_meta_container":"","neve_meta_enable_content_width":"","neve_meta_content_width":0,"neve_meta_title_alignment":"","neve_meta_author_avatar":"","neve_post_elements_order":"","neve_meta_disable_header":"","neve_meta_disable_footer":"","neve_meta_disable_title":"","neve_meta_reading_time":"","_surfaces":[],"_ver_product_tabs":[],"footnotes":""},"product_brand":[],"product_cat":[3066],"product_tag":[],"class_list":{"0":"post-62809","1":"product","2":"type-product","3":"status-publish","4":"has-post-thumbnail","6":"product_cat-zarizeni","8":"first","9":"instock","10":"taxable","11":"shipping-taxable","12":"purchasable","13":"product-type-simple"},"acf":[],"yoast_head":"<!-- This site is optimized with the Yoast SEO Premium plugin v22.8 (Yoast SEO v27.5) - https:\/\/yoast.com\/product\/yoast-seo-premium-wordpress\/ -->\n<title>Ochrann\u00e9 br\u00fdle BASIC \u010dir\u00e9 zorn\u00edky - versiegelung24.com<\/title>\n<meta name=\"robots\" content=\"index, follow, max-snippet:-1, max-image-preview:large, max-video-preview:-1\" \/>\n<link rel=\"canonical\" href=\"https:\/\/www.versiegelung24.com\/cs\/product\/bryle-zakladni-cire-cocky\/\" \/>\n<meta property=\"og:locale\" content=\"cs_CZ\" \/>\n<meta property=\"og:type\" content=\"article\" \/>\n<meta property=\"og:title\" content=\"Ochrann\u00e9 br\u00fdle BASIC \u010dir\u00e9 zorn\u00edky\" \/>\n<meta property=\"og:description\" content=\"Ochrann\u00e9 br\u00fdle BASIC: \u2713 S dobr\u00fdm komfortem no\u0161en\u00ed \u2713 Integrovan\u00e1 bo\u010dn\u00ed ochrana dle DIN EN 166\" \/>\n<meta property=\"og:url\" content=\"https:\/\/www.versiegelung24.com\/cs\/product\/bryle-zakladni-cire-cocky\/\" \/>\n<meta property=\"og:site_name\" content=\"versiegelung24.com\" \/>\n<meta property=\"article:modified_time\" content=\"2025-01-06T14:06:16+00:00\" \/>\n<meta property=\"og:image\" content=\"https:\/\/www.versiegelung24.com\/wp-content\/uploads\/2022\/02\/produkt-v24-41931-schutzbrille-basic-klare-sicht.jpg\" \/>\n\t<meta property=\"og:image:width\" content=\"2000\" \/>\n\t<meta property=\"og:image:height\" content=\"2000\" \/>\n\t<meta property=\"og:image:type\" content=\"image\/jpeg\" \/>\n<meta name=\"twitter:card\" content=\"summary_large_image\" \/>\n<meta name=\"twitter:label1\" content=\"Cena\" \/>\n\t<meta name=\"twitter:data1\" content=\"7,49&euro;\" \/>\n\t<meta name=\"twitter:label2\" content=\"Dostupnost\" \/>\n\t<meta name=\"twitter:data2\" content=\"Skladem\" \/>\n<script type=\"application\/ld+json\" class=\"yoast-schema-graph\">{\"@context\":\"https:\\\/\\\/schema.org\",\"@graph\":[{\"@type\":\"WebPage\",\"@id\":\"https:\\\/\\\/www.versiegelung24.com\\\/cs\\\/product\\\/bryle-zakladni-cire-cocky\\\/\",\"url\":\"https:\\\/\\\/www.versiegelung24.com\\\/cs\\\/product\\\/bryle-zakladni-cire-cocky\\\/\",\"name\":\"Ochrann\u00e9 br\u00fdle BASIC \u010dir\u00e9 zorn\u00edky - versiegelung24.com\",\"isPartOf\":{\"@id\":\"https:\\\/\\\/www.versiegelung24.com\\\/cs\\\/#website\"},\"primaryImageOfPage\":{\"@id\":\"https:\\\/\\\/www.versiegelung24.com\\\/cs\\\/product\\\/bryle-zakladni-cire-cocky\\\/#primaryimage\"},\"image\":{\"@id\":\"https:\\\/\\\/www.versiegelung24.com\\\/cs\\\/product\\\/bryle-zakladni-cire-cocky\\\/#primaryimage\"},\"thumbnailUrl\":\"https:\\\/\\\/www.versiegelung24.com\\\/wp-content\\\/uploads\\\/2022\\\/02\\\/produkt-v24-41931-schutzbrille-basic-klare-sicht.jpg\",\"datePublished\":\"2022-02-08T12:30:21+00:00\",\"dateModified\":\"2025-01-06T14:06:16+00:00\",\"breadcrumb\":{\"@id\":\"https:\\\/\\\/www.versiegelung24.com\\\/cs\\\/product\\\/bryle-zakladni-cire-cocky\\\/#breadcrumb\"},\"inLanguage\":\"cs\",\"potentialAction\":[{\"@type\":\"ReadAction\",\"target\":[\"https:\\\/\\\/www.versiegelung24.com\\\/cs\\\/product\\\/bryle-zakladni-cire-cocky\\\/\"]}]},{\"@type\":\"ImageObject\",\"inLanguage\":\"cs\",\"@id\":\"https:\\\/\\\/www.versiegelung24.com\\\/cs\\\/product\\\/bryle-zakladni-cire-cocky\\\/#primaryimage\",\"url\":\"https:\\\/\\\/www.versiegelung24.com\\\/wp-content\\\/uploads\\\/2022\\\/02\\\/produkt-v24-41931-schutzbrille-basic-klare-sicht.jpg\",\"contentUrl\":\"https:\\\/\\\/www.versiegelung24.com\\\/wp-content\\\/uploads\\\/2022\\\/02\\\/produkt-v24-41931-schutzbrille-basic-klare-sicht.jpg\",\"width\":2000,\"height\":2000},{\"@type\":\"BreadcrumbList\",\"@id\":\"https:\\\/\\\/www.versiegelung24.com\\\/cs\\\/product\\\/bryle-zakladni-cire-cocky\\\/#breadcrumb\",\"itemListElement\":[{\"@type\":\"ListItem\",\"position\":1,\"name\":\"Domovsk\u00e1 str\u00e1nka\",\"item\":\"https:\\\/\\\/www.versiegelung24.com\\\/cs\\\/predni\\\/\"},{\"@type\":\"ListItem\",\"position\":2,\"name\":\"Prodejna\",\"item\":\"https:\\\/\\\/www.versiegelung24.com\\\/cs\\\/prodejna\\\/\"},{\"@type\":\"ListItem\",\"position\":3,\"name\":\"Ochrann\u00e9 br\u00fdle BASIC \u010dir\u00e9 zorn\u00edky\"}]},{\"@type\":\"WebSite\",\"@id\":\"https:\\\/\\\/www.versiegelung24.com\\\/cs\\\/#website\",\"url\":\"https:\\\/\\\/www.versiegelung24.com\\\/cs\\\/\",\"name\":\"versiegelung24.com\",\"description\":\"Fl\u00fcssigglas-Versiegelung - Made in Germany\",\"publisher\":{\"@id\":\"https:\\\/\\\/www.versiegelung24.com\\\/cs\\\/#organization\"},\"potentialAction\":[{\"@type\":\"SearchAction\",\"target\":{\"@type\":\"EntryPoint\",\"urlTemplate\":\"https:\\\/\\\/www.versiegelung24.com\\\/cs\\\/?s={search_term_string}\"},\"query-input\":{\"@type\":\"PropertyValueSpecification\",\"valueRequired\":true,\"valueName\":\"search_term_string\"}}],\"inLanguage\":\"cs\"},{\"@type\":\"Organization\",\"@id\":\"https:\\\/\\\/www.versiegelung24.com\\\/cs\\\/#organization\",\"name\":\"versiegelung24\",\"url\":\"https:\\\/\\\/www.versiegelung24.com\\\/cs\\\/\",\"logo\":{\"@type\":\"ImageObject\",\"inLanguage\":\"cs\",\"@id\":\"https:\\\/\\\/www.versiegelung24.com\\\/cs\\\/#\\\/schema\\\/logo\\\/image\\\/\",\"url\":\"https:\\\/\\\/www.versiegelung24.com\\\/wp-content\\\/uploads\\\/2020\\\/04\\\/versiegelung24.png\",\"contentUrl\":\"https:\\\/\\\/www.versiegelung24.com\\\/wp-content\\\/uploads\\\/2020\\\/04\\\/versiegelung24.png\",\"width\":470,\"height\":102,\"caption\":\"versiegelung24\"},\"image\":{\"@id\":\"https:\\\/\\\/www.versiegelung24.com\\\/cs\\\/#\\\/schema\\\/logo\\\/image\\\/\"}}]}<\/script>\n<meta property=\"product:price:amount\" content=\"7.49\" \/>\n<meta property=\"product:price:currency\" content=\"EUR\" \/>\n<meta property=\"og:availability\" content=\"instock\" \/>\n<meta property=\"product:availability\" content=\"instock\" \/>\n<meta property=\"product:retailer_item_id\" content=\"V24-41931\" \/>\n<meta property=\"product:condition\" content=\"new\" \/>\n<!-- \/ Yoast SEO Premium plugin. -->","yoast_head_json":{"title":"Ochrann\u00e9 br\u00fdle BASIC \u010dir\u00e9 zorn\u00edky - versiegelung24.com","robots":{"index":"index","follow":"follow","max-snippet":"max-snippet:-1","max-image-preview":"max-image-preview:large","max-video-preview":"max-video-preview:-1"},"canonical":"https:\/\/www.versiegelung24.com\/cs\/product\/bryle-zakladni-cire-cocky\/","og_locale":"cs_CZ","og_type":"article","og_title":"Ochrann\u00e9 br\u00fdle BASIC \u010dir\u00e9 zorn\u00edky","og_description":"Ochrann\u00e9 br\u00fdle BASIC: \u2713 S dobr\u00fdm komfortem no\u0161en\u00ed \u2713 Integrovan\u00e1 bo\u010dn\u00ed ochrana dle DIN EN 166","og_url":"https:\/\/www.versiegelung24.com\/cs\/product\/bryle-zakladni-cire-cocky\/","og_site_name":"versiegelung24.com","article_modified_time":"2025-01-06T14:06:16+00:00","og_image":[{"width":2000,"height":2000,"url":"https:\/\/www.versiegelung24.com\/wp-content\/uploads\/2022\/02\/produkt-v24-41931-schutzbrille-basic-klare-sicht.jpg","type":"image\/jpeg"}],"twitter_card":"summary_large_image","twitter_misc":{"Cena":"7,49&euro;","Dostupnost":"Skladem"},"schema":{"@context":"https:\/\/schema.org","@graph":[{"@type":"WebPage","@id":"https:\/\/www.versiegelung24.com\/cs\/product\/bryle-zakladni-cire-cocky\/","url":"https:\/\/www.versiegelung24.com\/cs\/product\/bryle-zakladni-cire-cocky\/","name":"Ochrann\u00e9 br\u00fdle BASIC \u010dir\u00e9 zorn\u00edky - versiegelung24.com","isPartOf":{"@id":"https:\/\/www.versiegelung24.com\/cs\/#website"},"primaryImageOfPage":{"@id":"https:\/\/www.versiegelung24.com\/cs\/product\/bryle-zakladni-cire-cocky\/#primaryimage"},"image":{"@id":"https:\/\/www.versiegelung24.com\/cs\/product\/bryle-zakladni-cire-cocky\/#primaryimage"},"thumbnailUrl":"https:\/\/www.versiegelung24.com\/wp-content\/uploads\/2022\/02\/produkt-v24-41931-schutzbrille-basic-klare-sicht.jpg","datePublished":"2022-02-08T12:30:21+00:00","dateModified":"2025-01-06T14:06:16+00:00","breadcrumb":{"@id":"https:\/\/www.versiegelung24.com\/cs\/product\/bryle-zakladni-cire-cocky\/#breadcrumb"},"inLanguage":"cs","potentialAction":[{"@type":"ReadAction","target":["https:\/\/www.versiegelung24.com\/cs\/product\/bryle-zakladni-cire-cocky\/"]}]},{"@type":"ImageObject","inLanguage":"cs","@id":"https:\/\/www.versiegelung24.com\/cs\/product\/bryle-zakladni-cire-cocky\/#primaryimage","url":"https:\/\/www.versiegelung24.com\/wp-content\/uploads\/2022\/02\/produkt-v24-41931-schutzbrille-basic-klare-sicht.jpg","contentUrl":"https:\/\/www.versiegelung24.com\/wp-content\/uploads\/2022\/02\/produkt-v24-41931-schutzbrille-basic-klare-sicht.jpg","width":2000,"height":2000},{"@type":"BreadcrumbList","@id":"https:\/\/www.versiegelung24.com\/cs\/product\/bryle-zakladni-cire-cocky\/#breadcrumb","itemListElement":[{"@type":"ListItem","position":1,"name":"Domovsk\u00e1 str\u00e1nka","item":"https:\/\/www.versiegelung24.com\/cs\/predni\/"},{"@type":"ListItem","position":2,"name":"Prodejna","item":"https:\/\/www.versiegelung24.com\/cs\/prodejna\/"},{"@type":"ListItem","position":3,"name":"Ochrann\u00e9 br\u00fdle BASIC \u010dir\u00e9 zorn\u00edky"}]},{"@type":"WebSite","@id":"https:\/\/www.versiegelung24.com\/cs\/#website","url":"https:\/\/www.versiegelung24.com\/cs\/","name":"versiegelung24.com","description":"Fl\u00fcssigglas-Versiegelung - Made in Germany","publisher":{"@id":"https:\/\/www.versiegelung24.com\/cs\/#organization"},"potentialAction":[{"@type":"SearchAction","target":{"@type":"EntryPoint","urlTemplate":"https:\/\/www.versiegelung24.com\/cs\/?s={search_term_string}"},"query-input":{"@type":"PropertyValueSpecification","valueRequired":true,"valueName":"search_term_string"}}],"inLanguage":"cs"},{"@type":"Organization","@id":"https:\/\/www.versiegelung24.com\/cs\/#organization","name":"versiegelung24","url":"https:\/\/www.versiegelung24.com\/cs\/","logo":{"@type":"ImageObject","inLanguage":"cs","@id":"https:\/\/www.versiegelung24.com\/cs\/#\/schema\/logo\/image\/","url":"https:\/\/www.versiegelung24.com\/wp-content\/uploads\/2020\/04\/versiegelung24.png","contentUrl":"https:\/\/www.versiegelung24.com\/wp-content\/uploads\/2020\/04\/versiegelung24.png","width":470,"height":102,"caption":"versiegelung24"},"image":{"@id":"https:\/\/www.versiegelung24.com\/cs\/#\/schema\/logo\/image\/"}}]},"product_price_amount":"7.49","product_price_currency":"EUR","og_availability":"instock","product_availability":"instock","product_retailer_item_id":"V24-41931","product_condition":"new"},"_links":{"self":[{"href":"https:\/\/www.versiegelung24.com\/cs\/wp-json\/wp\/v2\/product\/62809","targetHints":{"allow":["GET"]}}],"collection":[{"href":"https:\/\/www.versiegelung24.com\/cs\/wp-json\/wp\/v2\/product"}],"about":[{"href":"https:\/\/www.versiegelung24.com\/cs\/wp-json\/wp\/v2\/types\/product"}],"version-history":[{"count":12,"href":"https:\/\/www.versiegelung24.com\/cs\/wp-json\/wp\/v2\/product\/62809\/revisions"}],"predecessor-version":[{"id":180091,"href":"https:\/\/www.versiegelung24.com\/cs\/wp-json\/wp\/v2\/product\/62809\/revisions\/180091"}],"wp:featuredmedia":[{"embeddable":true,"href":"https:\/\/www.versiegelung24.com\/cs\/wp-json\/wp\/v2\/media\/63193"}],"wp:attachment":[{"href":"https:\/\/www.versiegelung24.com\/cs\/wp-json\/wp\/v2\/media?parent=62809"}],"wp:term":[{"taxonomy":"product_brand","embeddable":true,"href":"https:\/\/www.versiegelung24.com\/cs\/wp-json\/wp\/v2\/product_brand?post=62809"},{"taxonomy":"product_cat","embeddable":true,"href":"https:\/\/www.versiegelung24.com\/cs\/wp-json\/wp\/v2\/product_cat?post=62809"},{"taxonomy":"product_tag","embeddable":true,"href":"https:\/\/www.versiegelung24.com\/cs\/wp-json\/wp\/v2\/product_tag?post=62809"}],"curies":[{"name":"wp","href":"https:\/\/api.w.org\/{rel}","templated":true}]}}