{"id":64373,"date":"2022-02-10T12:27:16","date_gmt":"2022-02-10T11:27:17","guid":{"rendered":"https:\/\/www.versiegelung24.com\/?post_type=product&#038;p=64373"},"modified":"2023-07-30T13:41:10","modified_gmt":"2023-07-30T11:41:10","slug":"colorus-malirsky-penovy-valecek-superfine-plus-ko15-oboustranne-rovny-zeleny-11cm-kopie","status":"publish","type":"product","link":"https:\/\/www.versiegelung24.com\/cs\/product\/colorus-malirsky-penovy-valecek-superfine-plus-ko15-oboustranne-rovny-zeleny-11cm-kopie\/","title":{"rendered":"Colorus lakov\u00fd p\u011bnov\u00fd v\u00e1le\u010dek jemn\u00fd CLASSIC K\u00d815 oboustrann\u011b rovn\u00fd b\u00edl\u00fd 11cm"},"content":{"rendered":"\n<h3 class=\"wp-block-heading\" id=\"h-schaumwalze-beidseitig-gerade-fur-einfache-lackierarbeiten-mit-wasserbasierten-und-leicht-losemittelhaltigen-lacken\">P\u011bnov\u00fd v\u00e1le\u010dek z obou stran ROVN\u00dd pro jednoduch\u00e9 mal\u00ed\u0159sk\u00e9 pr\u00e1ce vodou \u0159editeln\u00fdmi a m\u00edrn\u011b rozpou\u0161t\u011bdlov\u00fdmi barvami.<\/h3>\n\n<h4 class=\"wp-block-heading\" id=\"properties\">vlastnosti produktu<\/h4>\n\n<ul class=\"wp-block-list\"><li>Dobr\u00fd p\u011bnov\u00fd v\u00e1le\u010dek Moltopren jemn\u00fd, rovn\u00e9 konce.<\/li><li>P\u011bnov\u00e9 v\u00e1le\u010dky pro jednoduch\u00e9 mal\u00ed\u0159sk\u00e9 pr\u00e1ce s vodou \u0159editeln\u00fdmi a m\u00edrn\u011b rozpou\u0161t\u011bdlov\u00fdmi barvami.<\/li><li>P\u011bnov\u00e9 v\u00e1le\u010dky absolutn\u011b bez CFC a rozpou\u0161t\u011bdel.<\/li><li>\u00d8 j\u00e1dra 15mm<\/li><li>Dr\u017e\u00e1k \u00d8 6mm<\/li><li>Celkov\u00fd \u00d8 35mm<\/li><\/ul>","protected":false},"excerpt":{"rendered":"<p><strong>p\u011bnov\u00fd v\u00e1lec: <\/strong><\/p>\n<p>\u2713 ROVN\u00c1 na obou stran\u00e1ch pro jednoduch\u00e9 lak\u00fdrnick\u00e9 pr\u00e1ce<\/p>\n<p>\u2713 S vodou \u0159editeln\u00fdmi a m\u00edrn\u011b rozpou\u0161t\u011bdlov\u00fdmi barvami.<\/p>\n","protected":false},"featured_media":64423,"template":"","meta":{"_acf_changed":false,"neve_meta_sidebar":"","neve_meta_container":"","neve_meta_enable_content_width":"","neve_meta_content_width":0,"neve_meta_title_alignment":"","neve_meta_author_avatar":"","neve_post_elements_order":"","neve_meta_disable_header":"","neve_meta_disable_footer":"","neve_meta_disable_title":"","neve_meta_reading_time":"","_surfaces":[],"_ver_product_tabs":[],"footnotes":""},"product_brand":[],"product_cat":[3066],"product_tag":[],"class_list":{"0":"post-64373","1":"product","2":"type-product","3":"status-publish","4":"has-post-thumbnail","6":"product_cat-zarizeni","8":"first","9":"outofstock","10":"taxable","11":"shipping-taxable","12":"purchasable","13":"product-type-simple"},"acf":[],"yoast_head":"<!-- This site is optimized with the Yoast SEO Premium plugin v22.8 (Yoast SEO v27.4) - https:\/\/yoast.com\/product\/yoast-seo-premium-wordpress\/ -->\n<title>Colorus lakov\u00fd p\u011bnov\u00fd v\u00e1le\u010dek jemn\u00fd CLASSIC K\u00d815 oboustrann\u011b rovn\u00fd b\u00edl\u00fd 11cm - versiegelung24.com<\/title>\n<meta name=\"robots\" content=\"index, follow, max-snippet:-1, max-image-preview:large, max-video-preview:-1\" \/>\n<link rel=\"canonical\" href=\"https:\/\/www.versiegelung24.com\/cs\/product\/colorus-malirsky-penovy-valecek-superfine-plus-ko15-oboustranne-rovny-zeleny-11cm-kopie\/\" \/>\n<meta property=\"og:locale\" content=\"cs_CZ\" \/>\n<meta property=\"og:type\" content=\"article\" \/>\n<meta property=\"og:title\" content=\"Colorus lakov\u00fd p\u011bnov\u00fd v\u00e1le\u010dek jemn\u00fd CLASSIC K\u00d815 oboustrann\u011b rovn\u00fd b\u00edl\u00fd 11cm\" \/>\n<meta property=\"og:description\" content=\"p\u011bnov\u00fd v\u00e1lec: \u2713 ROVN\u00c1 na obou stran\u00e1ch pro jednoduch\u00e9 lak\u00fdrnick\u00e9 pr\u00e1ce \u2713 S vodou \u0159editeln\u00fdmi a m\u00edrn\u011b rozpou\u0161t\u011bdlov\u00fdmi barvami.\" \/>\n<meta property=\"og:url\" content=\"https:\/\/www.versiegelung24.com\/cs\/product\/colorus-malirsky-penovy-valecek-superfine-plus-ko15-oboustranne-rovny-zeleny-11cm-kopie\/\" \/>\n<meta property=\"og:site_name\" content=\"versiegelung24.com\" \/>\n<meta property=\"article:modified_time\" content=\"2023-07-30T11:41:10+00:00\" \/>\n<meta property=\"og:image\" content=\"https:\/\/www.versiegelung24.com\/wp-content\/uploads\/2022\/02\/produkt-v24-262-11-Colorus-Lack-Schaumwalze-fein-CLASSIC-K15-beidseitig-gerade.jpg\" \/>\n\t<meta property=\"og:image:width\" content=\"2000\" \/>\n\t<meta property=\"og:image:height\" content=\"2000\" \/>\n\t<meta property=\"og:image:type\" content=\"image\/jpeg\" \/>\n<meta name=\"twitter:card\" content=\"summary_large_image\" \/>\n<meta name=\"twitter:label1\" content=\"Cena\" \/>\n\t<meta name=\"twitter:data1\" content=\"1,39&euro;\" \/>\n\t<meta name=\"twitter:label2\" content=\"Dostupnost\" \/>\n\t<meta name=\"twitter:data2\" content=\"Vyprod\u00e1no\" \/>\n<script type=\"application\/ld+json\" class=\"yoast-schema-graph\">{\"@context\":\"https:\\\/\\\/schema.org\",\"@graph\":[{\"@type\":\"WebPage\",\"@id\":\"https:\\\/\\\/www.versiegelung24.com\\\/cs\\\/product\\\/colorus-malirsky-penovy-valecek-superfine-plus-ko15-oboustranne-rovny-zeleny-11cm-kopie\\\/\",\"url\":\"https:\\\/\\\/www.versiegelung24.com\\\/cs\\\/product\\\/colorus-malirsky-penovy-valecek-superfine-plus-ko15-oboustranne-rovny-zeleny-11cm-kopie\\\/\",\"name\":\"Colorus lakov\u00fd p\u011bnov\u00fd v\u00e1le\u010dek jemn\u00fd CLASSIC K\u00d815 oboustrann\u011b rovn\u00fd b\u00edl\u00fd 11cm - versiegelung24.com\",\"isPartOf\":{\"@id\":\"https:\\\/\\\/www.versiegelung24.com\\\/cs\\\/#website\"},\"primaryImageOfPage\":{\"@id\":\"https:\\\/\\\/www.versiegelung24.com\\\/cs\\\/product\\\/colorus-malirsky-penovy-valecek-superfine-plus-ko15-oboustranne-rovny-zeleny-11cm-kopie\\\/#primaryimage\"},\"image\":{\"@id\":\"https:\\\/\\\/www.versiegelung24.com\\\/cs\\\/product\\\/colorus-malirsky-penovy-valecek-superfine-plus-ko15-oboustranne-rovny-zeleny-11cm-kopie\\\/#primaryimage\"},\"thumbnailUrl\":\"https:\\\/\\\/www.versiegelung24.com\\\/wp-content\\\/uploads\\\/2022\\\/02\\\/produkt-v24-262-11-Colorus-Lack-Schaumwalze-fein-CLASSIC-K15-beidseitig-gerade.jpg\",\"datePublished\":\"2022-02-10T11:27:17+00:00\",\"dateModified\":\"2023-07-30T11:41:10+00:00\",\"breadcrumb\":{\"@id\":\"https:\\\/\\\/www.versiegelung24.com\\\/cs\\\/product\\\/colorus-malirsky-penovy-valecek-superfine-plus-ko15-oboustranne-rovny-zeleny-11cm-kopie\\\/#breadcrumb\"},\"inLanguage\":\"cs\",\"potentialAction\":[{\"@type\":\"ReadAction\",\"target\":[\"https:\\\/\\\/www.versiegelung24.com\\\/cs\\\/product\\\/colorus-malirsky-penovy-valecek-superfine-plus-ko15-oboustranne-rovny-zeleny-11cm-kopie\\\/\"]}]},{\"@type\":\"ImageObject\",\"inLanguage\":\"cs\",\"@id\":\"https:\\\/\\\/www.versiegelung24.com\\\/cs\\\/product\\\/colorus-malirsky-penovy-valecek-superfine-plus-ko15-oboustranne-rovny-zeleny-11cm-kopie\\\/#primaryimage\",\"url\":\"https:\\\/\\\/www.versiegelung24.com\\\/wp-content\\\/uploads\\\/2022\\\/02\\\/produkt-v24-262-11-Colorus-Lack-Schaumwalze-fein-CLASSIC-K15-beidseitig-gerade.jpg\",\"contentUrl\":\"https:\\\/\\\/www.versiegelung24.com\\\/wp-content\\\/uploads\\\/2022\\\/02\\\/produkt-v24-262-11-Colorus-Lack-Schaumwalze-fein-CLASSIC-K15-beidseitig-gerade.jpg\",\"width\":2000,\"height\":2000},{\"@type\":\"BreadcrumbList\",\"@id\":\"https:\\\/\\\/www.versiegelung24.com\\\/cs\\\/product\\\/colorus-malirsky-penovy-valecek-superfine-plus-ko15-oboustranne-rovny-zeleny-11cm-kopie\\\/#breadcrumb\",\"itemListElement\":[{\"@type\":\"ListItem\",\"position\":1,\"name\":\"Domovsk\u00e1 str\u00e1nka\",\"item\":\"https:\\\/\\\/www.versiegelung24.com\\\/cs\\\/predni\\\/\"},{\"@type\":\"ListItem\",\"position\":2,\"name\":\"Prodejna\",\"item\":\"https:\\\/\\\/www.versiegelung24.com\\\/cs\\\/prodejna\\\/\"},{\"@type\":\"ListItem\",\"position\":3,\"name\":\"Colorus lakov\u00fd p\u011bnov\u00fd v\u00e1le\u010dek jemn\u00fd CLASSIC K\u00d815 oboustrann\u011b rovn\u00fd b\u00edl\u00fd 11cm\"}]},{\"@type\":\"WebSite\",\"@id\":\"https:\\\/\\\/www.versiegelung24.com\\\/cs\\\/#website\",\"url\":\"https:\\\/\\\/www.versiegelung24.com\\\/cs\\\/\",\"name\":\"versiegelung24.com\",\"description\":\"Fl\u00fcssigglas-Versiegelung - Made in Germany\",\"publisher\":{\"@id\":\"https:\\\/\\\/www.versiegelung24.com\\\/cs\\\/#organization\"},\"potentialAction\":[{\"@type\":\"SearchAction\",\"target\":{\"@type\":\"EntryPoint\",\"urlTemplate\":\"https:\\\/\\\/www.versiegelung24.com\\\/cs\\\/?s={search_term_string}\"},\"query-input\":{\"@type\":\"PropertyValueSpecification\",\"valueRequired\":true,\"valueName\":\"search_term_string\"}}],\"inLanguage\":\"cs\"},{\"@type\":\"Organization\",\"@id\":\"https:\\\/\\\/www.versiegelung24.com\\\/cs\\\/#organization\",\"name\":\"versiegelung24\",\"url\":\"https:\\\/\\\/www.versiegelung24.com\\\/cs\\\/\",\"logo\":{\"@type\":\"ImageObject\",\"inLanguage\":\"cs\",\"@id\":\"https:\\\/\\\/www.versiegelung24.com\\\/cs\\\/#\\\/schema\\\/logo\\\/image\\\/\",\"url\":\"https:\\\/\\\/www.versiegelung24.com\\\/wp-content\\\/uploads\\\/2020\\\/04\\\/versiegelung24.png\",\"contentUrl\":\"https:\\\/\\\/www.versiegelung24.com\\\/wp-content\\\/uploads\\\/2020\\\/04\\\/versiegelung24.png\",\"width\":470,\"height\":102,\"caption\":\"versiegelung24\"},\"image\":{\"@id\":\"https:\\\/\\\/www.versiegelung24.com\\\/cs\\\/#\\\/schema\\\/logo\\\/image\\\/\"}}]}<\/script>\n<meta property=\"product:price:amount\" content=\"1.39\" \/>\n<meta property=\"product:price:currency\" content=\"EUR\" \/>\n<meta property=\"og:availability\" content=\"out of stock\" \/>\n<meta property=\"product:availability\" content=\"out of stock\" \/>\n<meta property=\"product:retailer_item_id\" content=\"V24-262-11\" \/>\n<meta property=\"product:condition\" content=\"new\" \/>\n<!-- \/ Yoast SEO Premium plugin. -->","yoast_head_json":{"title":"Colorus lakov\u00fd p\u011bnov\u00fd v\u00e1le\u010dek jemn\u00fd CLASSIC K\u00d815 oboustrann\u011b rovn\u00fd b\u00edl\u00fd 11cm - versiegelung24.com","robots":{"index":"index","follow":"follow","max-snippet":"max-snippet:-1","max-image-preview":"max-image-preview:large","max-video-preview":"max-video-preview:-1"},"canonical":"https:\/\/www.versiegelung24.com\/cs\/product\/colorus-malirsky-penovy-valecek-superfine-plus-ko15-oboustranne-rovny-zeleny-11cm-kopie\/","og_locale":"cs_CZ","og_type":"article","og_title":"Colorus lakov\u00fd p\u011bnov\u00fd v\u00e1le\u010dek jemn\u00fd CLASSIC K\u00d815 oboustrann\u011b rovn\u00fd b\u00edl\u00fd 11cm","og_description":"p\u011bnov\u00fd v\u00e1lec: \u2713 ROVN\u00c1 na obou stran\u00e1ch pro jednoduch\u00e9 lak\u00fdrnick\u00e9 pr\u00e1ce \u2713 S vodou \u0159editeln\u00fdmi a m\u00edrn\u011b rozpou\u0161t\u011bdlov\u00fdmi barvami.","og_url":"https:\/\/www.versiegelung24.com\/cs\/product\/colorus-malirsky-penovy-valecek-superfine-plus-ko15-oboustranne-rovny-zeleny-11cm-kopie\/","og_site_name":"versiegelung24.com","article_modified_time":"2023-07-30T11:41:10+00:00","og_image":[{"width":2000,"height":2000,"url":"https:\/\/www.versiegelung24.com\/wp-content\/uploads\/2022\/02\/produkt-v24-262-11-Colorus-Lack-Schaumwalze-fein-CLASSIC-K15-beidseitig-gerade.jpg","type":"image\/jpeg"}],"twitter_card":"summary_large_image","twitter_misc":{"Cena":"1,39&euro;","Dostupnost":"Vyprod\u00e1no"},"schema":{"@context":"https:\/\/schema.org","@graph":[{"@type":"WebPage","@id":"https:\/\/www.versiegelung24.com\/cs\/product\/colorus-malirsky-penovy-valecek-superfine-plus-ko15-oboustranne-rovny-zeleny-11cm-kopie\/","url":"https:\/\/www.versiegelung24.com\/cs\/product\/colorus-malirsky-penovy-valecek-superfine-plus-ko15-oboustranne-rovny-zeleny-11cm-kopie\/","name":"Colorus lakov\u00fd p\u011bnov\u00fd v\u00e1le\u010dek jemn\u00fd CLASSIC K\u00d815 oboustrann\u011b rovn\u00fd b\u00edl\u00fd 11cm - versiegelung24.com","isPartOf":{"@id":"https:\/\/www.versiegelung24.com\/cs\/#website"},"primaryImageOfPage":{"@id":"https:\/\/www.versiegelung24.com\/cs\/product\/colorus-malirsky-penovy-valecek-superfine-plus-ko15-oboustranne-rovny-zeleny-11cm-kopie\/#primaryimage"},"image":{"@id":"https:\/\/www.versiegelung24.com\/cs\/product\/colorus-malirsky-penovy-valecek-superfine-plus-ko15-oboustranne-rovny-zeleny-11cm-kopie\/#primaryimage"},"thumbnailUrl":"https:\/\/www.versiegelung24.com\/wp-content\/uploads\/2022\/02\/produkt-v24-262-11-Colorus-Lack-Schaumwalze-fein-CLASSIC-K15-beidseitig-gerade.jpg","datePublished":"2022-02-10T11:27:17+00:00","dateModified":"2023-07-30T11:41:10+00:00","breadcrumb":{"@id":"https:\/\/www.versiegelung24.com\/cs\/product\/colorus-malirsky-penovy-valecek-superfine-plus-ko15-oboustranne-rovny-zeleny-11cm-kopie\/#breadcrumb"},"inLanguage":"cs","potentialAction":[{"@type":"ReadAction","target":["https:\/\/www.versiegelung24.com\/cs\/product\/colorus-malirsky-penovy-valecek-superfine-plus-ko15-oboustranne-rovny-zeleny-11cm-kopie\/"]}]},{"@type":"ImageObject","inLanguage":"cs","@id":"https:\/\/www.versiegelung24.com\/cs\/product\/colorus-malirsky-penovy-valecek-superfine-plus-ko15-oboustranne-rovny-zeleny-11cm-kopie\/#primaryimage","url":"https:\/\/www.versiegelung24.com\/wp-content\/uploads\/2022\/02\/produkt-v24-262-11-Colorus-Lack-Schaumwalze-fein-CLASSIC-K15-beidseitig-gerade.jpg","contentUrl":"https:\/\/www.versiegelung24.com\/wp-content\/uploads\/2022\/02\/produkt-v24-262-11-Colorus-Lack-Schaumwalze-fein-CLASSIC-K15-beidseitig-gerade.jpg","width":2000,"height":2000},{"@type":"BreadcrumbList","@id":"https:\/\/www.versiegelung24.com\/cs\/product\/colorus-malirsky-penovy-valecek-superfine-plus-ko15-oboustranne-rovny-zeleny-11cm-kopie\/#breadcrumb","itemListElement":[{"@type":"ListItem","position":1,"name":"Domovsk\u00e1 str\u00e1nka","item":"https:\/\/www.versiegelung24.com\/cs\/predni\/"},{"@type":"ListItem","position":2,"name":"Prodejna","item":"https:\/\/www.versiegelung24.com\/cs\/prodejna\/"},{"@type":"ListItem","position":3,"name":"Colorus lakov\u00fd p\u011bnov\u00fd v\u00e1le\u010dek jemn\u00fd CLASSIC K\u00d815 oboustrann\u011b rovn\u00fd b\u00edl\u00fd 11cm"}]},{"@type":"WebSite","@id":"https:\/\/www.versiegelung24.com\/cs\/#website","url":"https:\/\/www.versiegelung24.com\/cs\/","name":"versiegelung24.com","description":"Fl\u00fcssigglas-Versiegelung - Made in Germany","publisher":{"@id":"https:\/\/www.versiegelung24.com\/cs\/#organization"},"potentialAction":[{"@type":"SearchAction","target":{"@type":"EntryPoint","urlTemplate":"https:\/\/www.versiegelung24.com\/cs\/?s={search_term_string}"},"query-input":{"@type":"PropertyValueSpecification","valueRequired":true,"valueName":"search_term_string"}}],"inLanguage":"cs"},{"@type":"Organization","@id":"https:\/\/www.versiegelung24.com\/cs\/#organization","name":"versiegelung24","url":"https:\/\/www.versiegelung24.com\/cs\/","logo":{"@type":"ImageObject","inLanguage":"cs","@id":"https:\/\/www.versiegelung24.com\/cs\/#\/schema\/logo\/image\/","url":"https:\/\/www.versiegelung24.com\/wp-content\/uploads\/2020\/04\/versiegelung24.png","contentUrl":"https:\/\/www.versiegelung24.com\/wp-content\/uploads\/2020\/04\/versiegelung24.png","width":470,"height":102,"caption":"versiegelung24"},"image":{"@id":"https:\/\/www.versiegelung24.com\/cs\/#\/schema\/logo\/image\/"}}]},"product_price_amount":"1.39","product_price_currency":"EUR","og_availability":"out of stock","product_availability":"out of stock","product_retailer_item_id":"V24-262-11","product_condition":"new"},"_links":{"self":[{"href":"https:\/\/www.versiegelung24.com\/cs\/wp-json\/wp\/v2\/product\/64373","targetHints":{"allow":["GET"]}}],"collection":[{"href":"https:\/\/www.versiegelung24.com\/cs\/wp-json\/wp\/v2\/product"}],"about":[{"href":"https:\/\/www.versiegelung24.com\/cs\/wp-json\/wp\/v2\/types\/product"}],"version-history":[{"count":9,"href":"https:\/\/www.versiegelung24.com\/cs\/wp-json\/wp\/v2\/product\/64373\/revisions"}],"predecessor-version":[{"id":111526,"href":"https:\/\/www.versiegelung24.com\/cs\/wp-json\/wp\/v2\/product\/64373\/revisions\/111526"}],"wp:featuredmedia":[{"embeddable":true,"href":"https:\/\/www.versiegelung24.com\/cs\/wp-json\/wp\/v2\/media\/64423"}],"wp:attachment":[{"href":"https:\/\/www.versiegelung24.com\/cs\/wp-json\/wp\/v2\/media?parent=64373"}],"wp:term":[{"taxonomy":"product_brand","embeddable":true,"href":"https:\/\/www.versiegelung24.com\/cs\/wp-json\/wp\/v2\/product_brand?post=64373"},{"taxonomy":"product_cat","embeddable":true,"href":"https:\/\/www.versiegelung24.com\/cs\/wp-json\/wp\/v2\/product_cat?post=64373"},{"taxonomy":"product_tag","embeddable":true,"href":"https:\/\/www.versiegelung24.com\/cs\/wp-json\/wp\/v2\/product_tag?post=64373"}],"curies":[{"name":"wp","href":"https:\/\/api.w.org\/{rel}","templated":true}]}}