{"id":64513,"date":"2022-02-10T12:39:20","date_gmt":"2022-02-10T11:39:20","guid":{"rendered":"https:\/\/www.versiegelung24.com\/?post_type=product&#038;p=64513"},"modified":"2025-01-05T15:36:07","modified_gmt":"2025-01-05T14:36:07","slug":"colorus-plast-tacka-barva-plus-15x32cm","status":"publish","type":"product","link":"https:\/\/www.versiegelung24.com\/cs\/colorus-lakovy-penovy-valecek-jemny-classic-ko15-oboustranne-rovny-bily-11cm-kopie-2.html","title":{"rendered":"Colorus plastov\u00fd podnos na barvu PLUS 15x32cm"},"content":{"rendered":"\n<h3 class=\"wp-block-heading\" id=\"h-colorus-plus-lackierwannen-bzw-farbwannen-aus-losemittelbestandigem-kunststoff-in-absoluter-spitzenqualitat\">Lakovac\u00ed vany Colorus PLUS nebo vany na barvy z plastu odoln\u00e9ho v\u016f\u010di rozpou\u0161t\u011bdl\u016fm v absolutn\u011b \u0161pi\u010dkov\u00e9 kvalit\u011b<\/h3>\n\n<h4 class=\"wp-block-heading\" id=\"properties\">Vlastnosti produktu<\/h4>\n\n<ul class=\"wp-block-list\">\n<li>Podnos na barvu nebo podnos na barvu v r\u016fzn\u00fdch proveden\u00edch (velikosti)<\/li>\n\n\n\n<li>Podnosy na barvy jsou vyrobeny z nerozbitn\u00e9ho, kvalitn\u00edho plastu bez obsahu rozpou\u0161t\u011bdel<\/li>\n\n\n\n<li>S praktick\u00fdm v\u00fdtokem v horn\u00edch roz\u00edch vani\u010dky na barvy pro vracen\u00ed barev, lak\u016f a glazur do n\u00e1doby na barvu<\/li>\n\n\n\n<li>Integrovan\u00e9 m\u011b\u0159\u00edc\u00ed \u010d\u00e1ry na zadn\u00ed st\u011bn\u011b z\u00e1sobn\u00edk\u016f na barvu pro praktickou kontrolu spot\u0159eby a obsahu <\/li>\n\n\n\n<li>15 cm x 32 cm pro v\u00e1le\u010dky barvy a\u017e do d\u00e9lky 11 cm s kapacitou a\u017e 300 ml<\/li>\n<\/ul>\n","protected":false},"excerpt":{"rendered":"<p><strong>Colorus PLUS vany na malov\u00e1n\u00ed nebo vany na barvy:<\/strong><\/p>\n<p>\u2713 Vyrobeno z vysoce kvalitn\u00edho plastu odoln\u00e9ho v\u016f\u010di rozpou\u0161t\u011bdl\u016fm<\/p>\n","protected":false},"featured_media":64563,"template":"","meta":{"_acf_changed":false,"neve_meta_sidebar":"","neve_meta_container":"","neve_meta_enable_content_width":"","neve_meta_content_width":0,"neve_meta_title_alignment":"","neve_meta_author_avatar":"","neve_post_elements_order":"","neve_meta_disable_header":"","neve_meta_disable_footer":"","neve_meta_disable_title":"","neve_meta_reading_time":"","_surfaces":[],"_ver_product_tabs":[],"footnotes":""},"product_brand":[],"product_cat":[3066],"product_tag":[],"class_list":{"0":"post-64513","1":"product","2":"type-product","3":"status-publish","4":"has-post-thumbnail","6":"product_cat-zarizeni","8":"first","9":"outofstock","10":"taxable","11":"shipping-taxable","12":"purchasable","13":"product-type-simple"},"acf":[],"yoast_head":"<!-- This site is optimized with the Yoast SEO Premium plugin v22.8 (Yoast SEO v27.6) - https:\/\/yoast.com\/product\/yoast-seo-premium-wordpress\/ -->\n<title>Colorus plastov\u00fd podnos na barvu PLUS 15x32cm - versiegelung24.com<\/title>\n<meta name=\"robots\" content=\"index, follow, max-snippet:-1, max-image-preview:large, max-video-preview:-1\" \/>\n<link rel=\"canonical\" href=\"https:\/\/www.versiegelung24.com\/cs\/colorus-lakovy-penovy-valecek-jemny-classic-ko15-oboustranne-rovny-bily-11cm-kopie-2.html\" \/>\n<meta property=\"og:locale\" content=\"cs_CZ\" \/>\n<meta property=\"og:type\" content=\"article\" \/>\n<meta property=\"og:title\" content=\"Colorus plastov\u00fd podnos na barvu PLUS 15x32cm\" \/>\n<meta property=\"og:description\" content=\"Colorus PLUS vany na malov\u00e1n\u00ed nebo vany na barvy: \u2713 Vyrobeno z vysoce kvalitn\u00edho plastu odoln\u00e9ho v\u016f\u010di rozpou\u0161t\u011bdl\u016fm\" \/>\n<meta property=\"og:url\" content=\"https:\/\/www.versiegelung24.com\/cs\/colorus-lakovy-penovy-valecek-jemny-classic-ko15-oboustranne-rovny-bily-11cm-kopie-2.html\" \/>\n<meta property=\"og:site_name\" content=\"versiegelung24.com\" \/>\n<meta property=\"article:modified_time\" content=\"2025-01-05T14:36:07+00:00\" \/>\n<meta property=\"og:image\" content=\"https:\/\/www.versiegelung24.com\/wp-content\/uploads\/2022\/02\/produkt-v24-1532-FW-Farbwannen.jpg\" \/>\n\t<meta property=\"og:image:width\" content=\"2000\" \/>\n\t<meta property=\"og:image:height\" content=\"2000\" \/>\n\t<meta property=\"og:image:type\" content=\"image\/jpeg\" \/>\n<meta name=\"twitter:card\" content=\"summary_large_image\" \/>\n<meta name=\"twitter:label1\" content=\"Cena\" \/>\n\t<meta name=\"twitter:data1\" content=\"1,79&euro;\" \/>\n\t<meta name=\"twitter:label2\" content=\"Dostupnost\" \/>\n\t<meta name=\"twitter:data2\" content=\"Vyprod\u00e1no\" \/>\n<script type=\"application\/ld+json\" class=\"yoast-schema-graph\">{\"@context\":\"https:\\\/\\\/schema.org\",\"@graph\":[{\"@type\":\"WebPage\",\"@id\":\"https:\\\/\\\/www.versiegelung24.com\\\/cs\\\/colorus-lakovy-penovy-valecek-jemny-classic-ko15-oboustranne-rovny-bily-11cm-kopie-2.html\",\"url\":\"https:\\\/\\\/www.versiegelung24.com\\\/cs\\\/colorus-lakovy-penovy-valecek-jemny-classic-ko15-oboustranne-rovny-bily-11cm-kopie-2.html\",\"name\":\"Colorus plastov\u00fd podnos na barvu PLUS 15x32cm - versiegelung24.com\",\"isPartOf\":{\"@id\":\"https:\\\/\\\/www.versiegelung24.com\\\/cs\\\/#website\"},\"primaryImageOfPage\":{\"@id\":\"https:\\\/\\\/www.versiegelung24.com\\\/cs\\\/colorus-lakovy-penovy-valecek-jemny-classic-ko15-oboustranne-rovny-bily-11cm-kopie-2.html#primaryimage\"},\"image\":{\"@id\":\"https:\\\/\\\/www.versiegelung24.com\\\/cs\\\/colorus-lakovy-penovy-valecek-jemny-classic-ko15-oboustranne-rovny-bily-11cm-kopie-2.html#primaryimage\"},\"thumbnailUrl\":\"https:\\\/\\\/www.versiegelung24.com\\\/wp-content\\\/uploads\\\/2022\\\/02\\\/produkt-v24-1532-FW-Farbwannen.jpg\",\"datePublished\":\"2022-02-10T11:39:20+00:00\",\"dateModified\":\"2025-01-05T14:36:07+00:00\",\"breadcrumb\":{\"@id\":\"https:\\\/\\\/www.versiegelung24.com\\\/cs\\\/colorus-lakovy-penovy-valecek-jemny-classic-ko15-oboustranne-rovny-bily-11cm-kopie-2.html#breadcrumb\"},\"inLanguage\":\"cs\",\"potentialAction\":[{\"@type\":\"ReadAction\",\"target\":[\"https:\\\/\\\/www.versiegelung24.com\\\/cs\\\/colorus-lakovy-penovy-valecek-jemny-classic-ko15-oboustranne-rovny-bily-11cm-kopie-2.html\"]}]},{\"@type\":\"ImageObject\",\"inLanguage\":\"cs\",\"@id\":\"https:\\\/\\\/www.versiegelung24.com\\\/cs\\\/colorus-lakovy-penovy-valecek-jemny-classic-ko15-oboustranne-rovny-bily-11cm-kopie-2.html#primaryimage\",\"url\":\"https:\\\/\\\/www.versiegelung24.com\\\/wp-content\\\/uploads\\\/2022\\\/02\\\/produkt-v24-1532-FW-Farbwannen.jpg\",\"contentUrl\":\"https:\\\/\\\/www.versiegelung24.com\\\/wp-content\\\/uploads\\\/2022\\\/02\\\/produkt-v24-1532-FW-Farbwannen.jpg\",\"width\":2000,\"height\":2000},{\"@type\":\"BreadcrumbList\",\"@id\":\"https:\\\/\\\/www.versiegelung24.com\\\/cs\\\/colorus-lakovy-penovy-valecek-jemny-classic-ko15-oboustranne-rovny-bily-11cm-kopie-2.html#breadcrumb\",\"itemListElement\":[{\"@type\":\"ListItem\",\"position\":1,\"name\":\"Domovsk\u00e1 str\u00e1nka\",\"item\":\"https:\\\/\\\/www.versiegelung24.com\\\/cs\\\/predni\\\/\"},{\"@type\":\"ListItem\",\"position\":2,\"name\":\"Prodejna\",\"item\":\"https:\\\/\\\/www.versiegelung24.com\\\/cs\\\/prodejna\\\/\"},{\"@type\":\"ListItem\",\"position\":3,\"name\":\"Colorus plastov\u00fd podnos na barvu PLUS 15x32cm\"}]},{\"@type\":\"WebSite\",\"@id\":\"https:\\\/\\\/www.versiegelung24.com\\\/cs\\\/#website\",\"url\":\"https:\\\/\\\/www.versiegelung24.com\\\/cs\\\/\",\"name\":\"versiegelung24.com\",\"description\":\"Fl\u00fcssigglas-Versiegelung - Made in Germany\",\"publisher\":{\"@id\":\"https:\\\/\\\/www.versiegelung24.com\\\/cs\\\/#organization\"},\"potentialAction\":[{\"@type\":\"SearchAction\",\"target\":{\"@type\":\"EntryPoint\",\"urlTemplate\":\"https:\\\/\\\/www.versiegelung24.com\\\/cs\\\/?s={search_term_string}\"},\"query-input\":{\"@type\":\"PropertyValueSpecification\",\"valueRequired\":true,\"valueName\":\"search_term_string\"}}],\"inLanguage\":\"cs\"},{\"@type\":\"Organization\",\"@id\":\"https:\\\/\\\/www.versiegelung24.com\\\/cs\\\/#organization\",\"name\":\"versiegelung24\",\"url\":\"https:\\\/\\\/www.versiegelung24.com\\\/cs\\\/\",\"logo\":{\"@type\":\"ImageObject\",\"inLanguage\":\"cs\",\"@id\":\"https:\\\/\\\/www.versiegelung24.com\\\/cs\\\/#\\\/schema\\\/logo\\\/image\\\/\",\"url\":\"https:\\\/\\\/www.versiegelung24.com\\\/wp-content\\\/uploads\\\/2020\\\/04\\\/versiegelung24.png\",\"contentUrl\":\"https:\\\/\\\/www.versiegelung24.com\\\/wp-content\\\/uploads\\\/2020\\\/04\\\/versiegelung24.png\",\"width\":470,\"height\":102,\"caption\":\"versiegelung24\"},\"image\":{\"@id\":\"https:\\\/\\\/www.versiegelung24.com\\\/cs\\\/#\\\/schema\\\/logo\\\/image\\\/\"}}]}<\/script>\n<meta property=\"product:price:amount\" content=\"1.79\" \/>\n<meta property=\"product:price:currency\" content=\"EUR\" \/>\n<meta property=\"og:availability\" content=\"out of stock\" \/>\n<meta property=\"product:availability\" content=\"out of stock\" \/>\n<meta property=\"product:retailer_item_id\" content=\"V24-1532-FW\" \/>\n<meta property=\"product:condition\" content=\"new\" \/>\n<!-- \/ Yoast SEO Premium plugin. -->","yoast_head_json":{"title":"Colorus plastov\u00fd podnos na barvu PLUS 15x32cm - versiegelung24.com","robots":{"index":"index","follow":"follow","max-snippet":"max-snippet:-1","max-image-preview":"max-image-preview:large","max-video-preview":"max-video-preview:-1"},"canonical":"https:\/\/www.versiegelung24.com\/cs\/colorus-lakovy-penovy-valecek-jemny-classic-ko15-oboustranne-rovny-bily-11cm-kopie-2.html","og_locale":"cs_CZ","og_type":"article","og_title":"Colorus plastov\u00fd podnos na barvu PLUS 15x32cm","og_description":"Colorus PLUS vany na malov\u00e1n\u00ed nebo vany na barvy: \u2713 Vyrobeno z vysoce kvalitn\u00edho plastu odoln\u00e9ho v\u016f\u010di rozpou\u0161t\u011bdl\u016fm","og_url":"https:\/\/www.versiegelung24.com\/cs\/colorus-lakovy-penovy-valecek-jemny-classic-ko15-oboustranne-rovny-bily-11cm-kopie-2.html","og_site_name":"versiegelung24.com","article_modified_time":"2025-01-05T14:36:07+00:00","og_image":[{"width":2000,"height":2000,"url":"https:\/\/www.versiegelung24.com\/wp-content\/uploads\/2022\/02\/produkt-v24-1532-FW-Farbwannen.jpg","type":"image\/jpeg"}],"twitter_card":"summary_large_image","twitter_misc":{"Cena":"1,79&euro;","Dostupnost":"Vyprod\u00e1no"},"schema":{"@context":"https:\/\/schema.org","@graph":[{"@type":"WebPage","@id":"https:\/\/www.versiegelung24.com\/cs\/colorus-lakovy-penovy-valecek-jemny-classic-ko15-oboustranne-rovny-bily-11cm-kopie-2.html","url":"https:\/\/www.versiegelung24.com\/cs\/colorus-lakovy-penovy-valecek-jemny-classic-ko15-oboustranne-rovny-bily-11cm-kopie-2.html","name":"Colorus plastov\u00fd podnos na barvu PLUS 15x32cm - versiegelung24.com","isPartOf":{"@id":"https:\/\/www.versiegelung24.com\/cs\/#website"},"primaryImageOfPage":{"@id":"https:\/\/www.versiegelung24.com\/cs\/colorus-lakovy-penovy-valecek-jemny-classic-ko15-oboustranne-rovny-bily-11cm-kopie-2.html#primaryimage"},"image":{"@id":"https:\/\/www.versiegelung24.com\/cs\/colorus-lakovy-penovy-valecek-jemny-classic-ko15-oboustranne-rovny-bily-11cm-kopie-2.html#primaryimage"},"thumbnailUrl":"https:\/\/www.versiegelung24.com\/wp-content\/uploads\/2022\/02\/produkt-v24-1532-FW-Farbwannen.jpg","datePublished":"2022-02-10T11:39:20+00:00","dateModified":"2025-01-05T14:36:07+00:00","breadcrumb":{"@id":"https:\/\/www.versiegelung24.com\/cs\/colorus-lakovy-penovy-valecek-jemny-classic-ko15-oboustranne-rovny-bily-11cm-kopie-2.html#breadcrumb"},"inLanguage":"cs","potentialAction":[{"@type":"ReadAction","target":["https:\/\/www.versiegelung24.com\/cs\/colorus-lakovy-penovy-valecek-jemny-classic-ko15-oboustranne-rovny-bily-11cm-kopie-2.html"]}]},{"@type":"ImageObject","inLanguage":"cs","@id":"https:\/\/www.versiegelung24.com\/cs\/colorus-lakovy-penovy-valecek-jemny-classic-ko15-oboustranne-rovny-bily-11cm-kopie-2.html#primaryimage","url":"https:\/\/www.versiegelung24.com\/wp-content\/uploads\/2022\/02\/produkt-v24-1532-FW-Farbwannen.jpg","contentUrl":"https:\/\/www.versiegelung24.com\/wp-content\/uploads\/2022\/02\/produkt-v24-1532-FW-Farbwannen.jpg","width":2000,"height":2000},{"@type":"BreadcrumbList","@id":"https:\/\/www.versiegelung24.com\/cs\/colorus-lakovy-penovy-valecek-jemny-classic-ko15-oboustranne-rovny-bily-11cm-kopie-2.html#breadcrumb","itemListElement":[{"@type":"ListItem","position":1,"name":"Domovsk\u00e1 str\u00e1nka","item":"https:\/\/www.versiegelung24.com\/cs\/predni\/"},{"@type":"ListItem","position":2,"name":"Prodejna","item":"https:\/\/www.versiegelung24.com\/cs\/prodejna\/"},{"@type":"ListItem","position":3,"name":"Colorus plastov\u00fd podnos na barvu PLUS 15x32cm"}]},{"@type":"WebSite","@id":"https:\/\/www.versiegelung24.com\/cs\/#website","url":"https:\/\/www.versiegelung24.com\/cs\/","name":"versiegelung24.com","description":"Fl\u00fcssigglas-Versiegelung - Made in Germany","publisher":{"@id":"https:\/\/www.versiegelung24.com\/cs\/#organization"},"potentialAction":[{"@type":"SearchAction","target":{"@type":"EntryPoint","urlTemplate":"https:\/\/www.versiegelung24.com\/cs\/?s={search_term_string}"},"query-input":{"@type":"PropertyValueSpecification","valueRequired":true,"valueName":"search_term_string"}}],"inLanguage":"cs"},{"@type":"Organization","@id":"https:\/\/www.versiegelung24.com\/cs\/#organization","name":"versiegelung24","url":"https:\/\/www.versiegelung24.com\/cs\/","logo":{"@type":"ImageObject","inLanguage":"cs","@id":"https:\/\/www.versiegelung24.com\/cs\/#\/schema\/logo\/image\/","url":"https:\/\/www.versiegelung24.com\/wp-content\/uploads\/2020\/04\/versiegelung24.png","contentUrl":"https:\/\/www.versiegelung24.com\/wp-content\/uploads\/2020\/04\/versiegelung24.png","width":470,"height":102,"caption":"versiegelung24"},"image":{"@id":"https:\/\/www.versiegelung24.com\/cs\/#\/schema\/logo\/image\/"}}]},"product_price_amount":"1.79","product_price_currency":"EUR","og_availability":"out of stock","product_availability":"out of stock","product_retailer_item_id":"V24-1532-FW","product_condition":"new"},"_links":{"self":[{"href":"https:\/\/www.versiegelung24.com\/cs\/wp-json\/wp\/v2\/product\/64513","targetHints":{"allow":["GET"]}}],"collection":[{"href":"https:\/\/www.versiegelung24.com\/cs\/wp-json\/wp\/v2\/product"}],"about":[{"href":"https:\/\/www.versiegelung24.com\/cs\/wp-json\/wp\/v2\/types\/product"}],"version-history":[{"count":10,"href":"https:\/\/www.versiegelung24.com\/cs\/wp-json\/wp\/v2\/product\/64513\/revisions"}],"predecessor-version":[{"id":141220,"href":"https:\/\/www.versiegelung24.com\/cs\/wp-json\/wp\/v2\/product\/64513\/revisions\/141220"}],"wp:featuredmedia":[{"embeddable":true,"href":"https:\/\/www.versiegelung24.com\/cs\/wp-json\/wp\/v2\/media\/64563"}],"wp:attachment":[{"href":"https:\/\/www.versiegelung24.com\/cs\/wp-json\/wp\/v2\/media?parent=64513"}],"wp:term":[{"taxonomy":"product_brand","embeddable":true,"href":"https:\/\/www.versiegelung24.com\/cs\/wp-json\/wp\/v2\/product_brand?post=64513"},{"taxonomy":"product_cat","embeddable":true,"href":"https:\/\/www.versiegelung24.com\/cs\/wp-json\/wp\/v2\/product_cat?post=64513"},{"taxonomy":"product_tag","embeddable":true,"href":"https:\/\/www.versiegelung24.com\/cs\/wp-json\/wp\/v2\/product_tag?post=64513"}],"curies":[{"name":"wp","href":"https:\/\/api.w.org\/{rel}","templated":true}]}}