{"id":82310,"date":"2022-02-23T12:42:58","date_gmt":"2022-02-23T11:42:58","guid":{"rendered":"https:\/\/www.versiegelung24.com\/produkt\/zlute-nitrilove-pracovni-rukavice-s-pletenymi-manzetami\/"},"modified":"2025-12-19T14:35:43","modified_gmt":"2025-12-19T13:35:43","slug":"pracovni-rukavice-nitrilove-s-pletenymi-manzetami-zlute","status":"publish","type":"product","link":"https:\/\/www.versiegelung24.com\/cs\/zlute-nitrilove-pracovni-rukavice-s-pletenymi-manzetami.html","title":{"rendered":"\u017dlut\u00e9 nitrilov\u00e9 pracovn\u00ed rukavice s pleten\u00fdmi man\u017eetami"},"content":{"rendered":"\n<h4 class=\"wp-block-heading\" id=\"h-beschreibung\">Popis<\/h4>\n\n<p>Univerz\u00e1ln\u00ed nitrilov\u00e9 rukavice do such\u00e9ho i mokr\u00e9ho prost\u0159ed\u00ed. Vhodn\u00e9 pro pr\u00e1ce se st\u0159edn\u00edm rizikem a vysok\u00fdmi n\u00e1roky na ot\u011br (\u0159emeslo, stavebnictv\u00ed, stavba v\u00fdstavn\u00edch expozic, automobilov\u00fd pr\u016fmysl, stroj\u00edrensk\u00fd pr\u016fmysl, ocel\u00e1\u0159sk\u00fd pr\u016fmysl, skl\u00e1\u0159sk\u00fd pr\u016fmysl, potravin\u00e1\u0159stv\u00ed, zem\u011bd\u011blstv\u00ed atd.) EN 420 kategorie II, EN 388<\/p>\n\n<hr \/>\n\n<h4 class=\"wp-block-heading\" id=\"properties\">Vlastnosti produktu<\/h4>\n\n<div class=\"wp-block-columns is-layout-flex wp-container-core-columns-is-layout-9d6595d7 wp-block-columns-is-layout-flex\">\n<div class=\"wp-block-column is-layout-flow wp-block-column-is-layout-flow\">\n<p>\u2713 Pota\u017eeno \u017elut\u00fdm nitrilem<\/p>\n\n\n\n<p>\u2713 H\u0159bet ruky prody\u0161n\u00fd<\/p>\n\n\n\n<p>\u2713 Mimo\u0159\u00e1dn\u011b pohodln\u00e9 d\u00edky dokonal\u00e9mu st\u0159ihu<\/p>\n\n\n\n<p>\u2713 EN 420 kategorie II, EN 388<\/p>\n\n\n\n<p>\u2713 Odolnost proti od\u011bru: v\u00fdkonnostn\u00ed \u00farove\u0148 4<\/p>\n\n\n\n<p>\u2713 Odolnost proti pro\u0159\u00edznut\u00ed: \u00farove\u0148 v\u00fdkonu 1<\/p>\n\n\n\n<p>\u2713 S\u00edla roztr\u017een\u00ed: v\u00fdkonnostn\u00ed \u00farove\u0148 1<\/p>\n\n\n\n<p>\u2713 V\u00fdkon vpichu: v\u00fdkon 1<\/p>\n\n\n\n<p>\u2713 Velikost: 9<\/p>\n<\/div>\n<\/div>\n","protected":false},"excerpt":{"rendered":"<div class=\"product_text_extra\">\n<p>\u2713 Pota\u017eeno \u017elut\u00fdm nitrilem<\/p>\n<p>\u2713 H\u0159bet ruky prody\u0161n\u00fd<\/p>\n<p>\u2713 Mimo\u0159\u00e1dn\u011b pohodln\u00e9 d\u00edky dokonal\u00e9mu st\u0159ihu<\/p>\n<p>\u2713 EN 420 kategorie II, EN 388<\/p>\n<p>\u2713 Odolnost proti od\u011bru: v\u00fdkonnostn\u00ed \u00farove\u0148 4<\/p>\n<\/div>\n","protected":false},"featured_media":82274,"template":"","meta":{"_acf_changed":false,"neve_meta_sidebar":"","neve_meta_container":"","neve_meta_enable_content_width":"","neve_meta_content_width":0,"neve_meta_title_alignment":"","neve_meta_author_avatar":"","neve_post_elements_order":"","neve_meta_disable_header":"","neve_meta_disable_footer":"","neve_meta_disable_title":"","neve_meta_reading_time":"","_surfaces":[],"_ver_product_tabs":[],"footnotes":""},"product_brand":[],"product_cat":[3066],"product_tag":[],"class_list":{"0":"post-82310","1":"product","2":"type-product","3":"status-publish","4":"has-post-thumbnail","6":"product_cat-zarizeni","8":"first","9":"instock","10":"taxable","11":"shipping-taxable","12":"purchasable","13":"product-type-simple"},"acf":[],"yoast_head":"<!-- This site is optimized with the Yoast SEO Premium plugin v22.8 (Yoast SEO v27.5) - https:\/\/yoast.com\/product\/yoast-seo-premium-wordpress\/ -->\n<title>\u017dlut\u00e9 nitrilov\u00e9 pracovn\u00ed rukavice s pleten\u00fdmi man\u017eetami - versiegelung24.com<\/title>\n<meta name=\"robots\" content=\"index, follow, max-snippet:-1, max-image-preview:large, max-video-preview:-1\" \/>\n<link rel=\"canonical\" href=\"https:\/\/www.versiegelung24.com\/cs\/zlute-nitrilove-pracovni-rukavice-s-pletenymi-manzetami.html\" \/>\n<meta property=\"og:locale\" content=\"cs_CZ\" \/>\n<meta property=\"og:type\" content=\"article\" \/>\n<meta property=\"og:title\" content=\"\u017dlut\u00e9 nitrilov\u00e9 pracovn\u00ed rukavice s pleten\u00fdmi man\u017eetami\" \/>\n<meta property=\"og:description\" content=\"\u2713 Pota\u017eeno \u017elut\u00fdm nitrilem \u2713 H\u0159bet ruky prody\u0161n\u00fd \u2713 Mimo\u0159\u00e1dn\u011b pohodln\u00e9 d\u00edky dokonal\u00e9mu st\u0159ihu \u2713 EN 420 kategorie II, EN 388 \u2713 Odolnost proti od\u011bru: v\u00fdkonnostn\u00ed \u00farove\u0148 4\" \/>\n<meta property=\"og:url\" content=\"https:\/\/www.versiegelung24.com\/cs\/zlute-nitrilove-pracovni-rukavice-s-pletenymi-manzetami.html\" \/>\n<meta property=\"og:site_name\" content=\"versiegelung24.com\" \/>\n<meta property=\"article:modified_time\" content=\"2025-12-19T13:35:43+00:00\" \/>\n<meta name=\"twitter:card\" content=\"summary_large_image\" \/>\n<meta name=\"twitter:label1\" content=\"Cena\" \/>\n\t<meta name=\"twitter:data1\" content=\"2,69&euro;\" \/>\n\t<meta name=\"twitter:label2\" content=\"Dostupnost\" \/>\n\t<meta name=\"twitter:data2\" content=\"Skladem\" \/>\n<script type=\"application\/ld+json\" class=\"yoast-schema-graph\">{\"@context\":\"https:\\\/\\\/schema.org\",\"@graph\":[{\"@type\":\"WebPage\",\"@id\":\"https:\\\/\\\/www.versiegelung24.com\\\/cs\\\/zlute-nitrilove-pracovni-rukavice-s-pletenymi-manzetami.html\",\"url\":\"https:\\\/\\\/www.versiegelung24.com\\\/cs\\\/zlute-nitrilove-pracovni-rukavice-s-pletenymi-manzetami.html\",\"name\":\"\u017dlut\u00e9 nitrilov\u00e9 pracovn\u00ed rukavice s pleten\u00fdmi man\u017eetami - versiegelung24.com\",\"isPartOf\":{\"@id\":\"https:\\\/\\\/www.versiegelung24.com\\\/cs\\\/#website\"},\"primaryImageOfPage\":{\"@id\":\"https:\\\/\\\/www.versiegelung24.com\\\/cs\\\/zlute-nitrilove-pracovni-rukavice-s-pletenymi-manzetami.html#primaryimage\"},\"image\":{\"@id\":\"https:\\\/\\\/www.versiegelung24.com\\\/cs\\\/zlute-nitrilove-pracovni-rukavice-s-pletenymi-manzetami.html#primaryimage\"},\"thumbnailUrl\":\"https:\\\/\\\/www.versiegelung24.com\\\/wp-content\\\/uploads\\\/2022\\\/02\\\/produkt-v24-sb403-10-arbeitshandschuh.jpg\",\"datePublished\":\"2022-02-23T11:42:58+00:00\",\"dateModified\":\"2025-12-19T13:35:43+00:00\",\"breadcrumb\":{\"@id\":\"https:\\\/\\\/www.versiegelung24.com\\\/cs\\\/zlute-nitrilove-pracovni-rukavice-s-pletenymi-manzetami.html#breadcrumb\"},\"inLanguage\":\"cs\",\"potentialAction\":[{\"@type\":\"ReadAction\",\"target\":[\"https:\\\/\\\/www.versiegelung24.com\\\/cs\\\/zlute-nitrilove-pracovni-rukavice-s-pletenymi-manzetami.html\"]}]},{\"@type\":\"ImageObject\",\"inLanguage\":\"cs\",\"@id\":\"https:\\\/\\\/www.versiegelung24.com\\\/cs\\\/zlute-nitrilove-pracovni-rukavice-s-pletenymi-manzetami.html#primaryimage\",\"url\":\"https:\\\/\\\/www.versiegelung24.com\\\/wp-content\\\/uploads\\\/2022\\\/02\\\/produkt-v24-sb403-10-arbeitshandschuh.jpg\",\"contentUrl\":\"https:\\\/\\\/www.versiegelung24.com\\\/wp-content\\\/uploads\\\/2022\\\/02\\\/produkt-v24-sb403-10-arbeitshandschuh.jpg\",\"width\":2000,\"height\":2000},{\"@type\":\"BreadcrumbList\",\"@id\":\"https:\\\/\\\/www.versiegelung24.com\\\/cs\\\/zlute-nitrilove-pracovni-rukavice-s-pletenymi-manzetami.html#breadcrumb\",\"itemListElement\":[{\"@type\":\"ListItem\",\"position\":1,\"name\":\"Domovsk\u00e1 str\u00e1nka\",\"item\":\"https:\\\/\\\/www.versiegelung24.com\\\/cs\\\/predni\\\/\"},{\"@type\":\"ListItem\",\"position\":2,\"name\":\"Prodejna\",\"item\":\"https:\\\/\\\/www.versiegelung24.com\\\/cs\\\/prodejna\\\/\"},{\"@type\":\"ListItem\",\"position\":3,\"name\":\"\u017dlut\u00e9 nitrilov\u00e9 pracovn\u00ed rukavice s pleten\u00fdmi man\u017eetami\"}]},{\"@type\":\"WebSite\",\"@id\":\"https:\\\/\\\/www.versiegelung24.com\\\/cs\\\/#website\",\"url\":\"https:\\\/\\\/www.versiegelung24.com\\\/cs\\\/\",\"name\":\"versiegelung24.com\",\"description\":\"Fl\u00fcssigglas-Versiegelung - Made in Germany\",\"publisher\":{\"@id\":\"https:\\\/\\\/www.versiegelung24.com\\\/cs\\\/#organization\"},\"potentialAction\":[{\"@type\":\"SearchAction\",\"target\":{\"@type\":\"EntryPoint\",\"urlTemplate\":\"https:\\\/\\\/www.versiegelung24.com\\\/cs\\\/?s={search_term_string}\"},\"query-input\":{\"@type\":\"PropertyValueSpecification\",\"valueRequired\":true,\"valueName\":\"search_term_string\"}}],\"inLanguage\":\"cs\"},{\"@type\":\"Organization\",\"@id\":\"https:\\\/\\\/www.versiegelung24.com\\\/cs\\\/#organization\",\"name\":\"versiegelung24\",\"url\":\"https:\\\/\\\/www.versiegelung24.com\\\/cs\\\/\",\"logo\":{\"@type\":\"ImageObject\",\"inLanguage\":\"cs\",\"@id\":\"https:\\\/\\\/www.versiegelung24.com\\\/cs\\\/#\\\/schema\\\/logo\\\/image\\\/\",\"url\":\"https:\\\/\\\/www.versiegelung24.com\\\/wp-content\\\/uploads\\\/2020\\\/04\\\/versiegelung24.png\",\"contentUrl\":\"https:\\\/\\\/www.versiegelung24.com\\\/wp-content\\\/uploads\\\/2020\\\/04\\\/versiegelung24.png\",\"width\":470,\"height\":102,\"caption\":\"versiegelung24\"},\"image\":{\"@id\":\"https:\\\/\\\/www.versiegelung24.com\\\/cs\\\/#\\\/schema\\\/logo\\\/image\\\/\"}}]}<\/script>\n<meta property=\"product:price:amount\" content=\"2.69\" \/>\n<meta property=\"product:price:currency\" content=\"EUR\" \/>\n<meta property=\"og:availability\" content=\"instock\" \/>\n<meta property=\"product:availability\" content=\"instock\" \/>\n<meta property=\"product:retailer_item_id\" content=\"V24-SB403-10\" \/>\n<meta property=\"product:condition\" content=\"new\" \/>\n<!-- \/ Yoast SEO Premium plugin. -->","yoast_head_json":{"title":"\u017dlut\u00e9 nitrilov\u00e9 pracovn\u00ed rukavice s pleten\u00fdmi man\u017eetami - versiegelung24.com","robots":{"index":"index","follow":"follow","max-snippet":"max-snippet:-1","max-image-preview":"max-image-preview:large","max-video-preview":"max-video-preview:-1"},"canonical":"https:\/\/www.versiegelung24.com\/cs\/zlute-nitrilove-pracovni-rukavice-s-pletenymi-manzetami.html","og_locale":"cs_CZ","og_type":"article","og_title":"\u017dlut\u00e9 nitrilov\u00e9 pracovn\u00ed rukavice s pleten\u00fdmi man\u017eetami","og_description":"\u2713 Pota\u017eeno \u017elut\u00fdm nitrilem \u2713 H\u0159bet ruky prody\u0161n\u00fd \u2713 Mimo\u0159\u00e1dn\u011b pohodln\u00e9 d\u00edky dokonal\u00e9mu st\u0159ihu \u2713 EN 420 kategorie II, EN 388 \u2713 Odolnost proti od\u011bru: v\u00fdkonnostn\u00ed \u00farove\u0148 4","og_url":"https:\/\/www.versiegelung24.com\/cs\/zlute-nitrilove-pracovni-rukavice-s-pletenymi-manzetami.html","og_site_name":"versiegelung24.com","article_modified_time":"2025-12-19T13:35:43+00:00","twitter_card":"summary_large_image","twitter_misc":{"Cena":"2,69&euro;","Dostupnost":"Skladem"},"schema":{"@context":"https:\/\/schema.org","@graph":[{"@type":"WebPage","@id":"https:\/\/www.versiegelung24.com\/cs\/zlute-nitrilove-pracovni-rukavice-s-pletenymi-manzetami.html","url":"https:\/\/www.versiegelung24.com\/cs\/zlute-nitrilove-pracovni-rukavice-s-pletenymi-manzetami.html","name":"\u017dlut\u00e9 nitrilov\u00e9 pracovn\u00ed rukavice s pleten\u00fdmi man\u017eetami - versiegelung24.com","isPartOf":{"@id":"https:\/\/www.versiegelung24.com\/cs\/#website"},"primaryImageOfPage":{"@id":"https:\/\/www.versiegelung24.com\/cs\/zlute-nitrilove-pracovni-rukavice-s-pletenymi-manzetami.html#primaryimage"},"image":{"@id":"https:\/\/www.versiegelung24.com\/cs\/zlute-nitrilove-pracovni-rukavice-s-pletenymi-manzetami.html#primaryimage"},"thumbnailUrl":"https:\/\/www.versiegelung24.com\/wp-content\/uploads\/2022\/02\/produkt-v24-sb403-10-arbeitshandschuh.jpg","datePublished":"2022-02-23T11:42:58+00:00","dateModified":"2025-12-19T13:35:43+00:00","breadcrumb":{"@id":"https:\/\/www.versiegelung24.com\/cs\/zlute-nitrilove-pracovni-rukavice-s-pletenymi-manzetami.html#breadcrumb"},"inLanguage":"cs","potentialAction":[{"@type":"ReadAction","target":["https:\/\/www.versiegelung24.com\/cs\/zlute-nitrilove-pracovni-rukavice-s-pletenymi-manzetami.html"]}]},{"@type":"ImageObject","inLanguage":"cs","@id":"https:\/\/www.versiegelung24.com\/cs\/zlute-nitrilove-pracovni-rukavice-s-pletenymi-manzetami.html#primaryimage","url":"https:\/\/www.versiegelung24.com\/wp-content\/uploads\/2022\/02\/produkt-v24-sb403-10-arbeitshandschuh.jpg","contentUrl":"https:\/\/www.versiegelung24.com\/wp-content\/uploads\/2022\/02\/produkt-v24-sb403-10-arbeitshandschuh.jpg","width":2000,"height":2000},{"@type":"BreadcrumbList","@id":"https:\/\/www.versiegelung24.com\/cs\/zlute-nitrilove-pracovni-rukavice-s-pletenymi-manzetami.html#breadcrumb","itemListElement":[{"@type":"ListItem","position":1,"name":"Domovsk\u00e1 str\u00e1nka","item":"https:\/\/www.versiegelung24.com\/cs\/predni\/"},{"@type":"ListItem","position":2,"name":"Prodejna","item":"https:\/\/www.versiegelung24.com\/cs\/prodejna\/"},{"@type":"ListItem","position":3,"name":"\u017dlut\u00e9 nitrilov\u00e9 pracovn\u00ed rukavice s pleten\u00fdmi man\u017eetami"}]},{"@type":"WebSite","@id":"https:\/\/www.versiegelung24.com\/cs\/#website","url":"https:\/\/www.versiegelung24.com\/cs\/","name":"versiegelung24.com","description":"Fl\u00fcssigglas-Versiegelung - Made in Germany","publisher":{"@id":"https:\/\/www.versiegelung24.com\/cs\/#organization"},"potentialAction":[{"@type":"SearchAction","target":{"@type":"EntryPoint","urlTemplate":"https:\/\/www.versiegelung24.com\/cs\/?s={search_term_string}"},"query-input":{"@type":"PropertyValueSpecification","valueRequired":true,"valueName":"search_term_string"}}],"inLanguage":"cs"},{"@type":"Organization","@id":"https:\/\/www.versiegelung24.com\/cs\/#organization","name":"versiegelung24","url":"https:\/\/www.versiegelung24.com\/cs\/","logo":{"@type":"ImageObject","inLanguage":"cs","@id":"https:\/\/www.versiegelung24.com\/cs\/#\/schema\/logo\/image\/","url":"https:\/\/www.versiegelung24.com\/wp-content\/uploads\/2020\/04\/versiegelung24.png","contentUrl":"https:\/\/www.versiegelung24.com\/wp-content\/uploads\/2020\/04\/versiegelung24.png","width":470,"height":102,"caption":"versiegelung24"},"image":{"@id":"https:\/\/www.versiegelung24.com\/cs\/#\/schema\/logo\/image\/"}}]},"product_price_amount":"2.69","product_price_currency":"EUR","og_availability":"instock","product_availability":"instock","product_retailer_item_id":"V24-SB403-10","product_condition":"new"},"_links":{"self":[{"href":"https:\/\/www.versiegelung24.com\/cs\/wp-json\/wp\/v2\/product\/82310","targetHints":{"allow":["GET"]}}],"collection":[{"href":"https:\/\/www.versiegelung24.com\/cs\/wp-json\/wp\/v2\/product"}],"about":[{"href":"https:\/\/www.versiegelung24.com\/cs\/wp-json\/wp\/v2\/types\/product"}],"version-history":[{"count":10,"href":"https:\/\/www.versiegelung24.com\/cs\/wp-json\/wp\/v2\/product\/82310\/revisions"}],"predecessor-version":[{"id":180743,"href":"https:\/\/www.versiegelung24.com\/cs\/wp-json\/wp\/v2\/product\/82310\/revisions\/180743"}],"wp:featuredmedia":[{"embeddable":true,"href":"https:\/\/www.versiegelung24.com\/cs\/wp-json\/wp\/v2\/media\/82274"}],"wp:attachment":[{"href":"https:\/\/www.versiegelung24.com\/cs\/wp-json\/wp\/v2\/media?parent=82310"}],"wp:term":[{"taxonomy":"product_brand","embeddable":true,"href":"https:\/\/www.versiegelung24.com\/cs\/wp-json\/wp\/v2\/product_brand?post=82310"},{"taxonomy":"product_cat","embeddable":true,"href":"https:\/\/www.versiegelung24.com\/cs\/wp-json\/wp\/v2\/product_cat?post=82310"},{"taxonomy":"product_tag","embeddable":true,"href":"https:\/\/www.versiegelung24.com\/cs\/wp-json\/wp\/v2\/product_tag?post=82310"}],"curies":[{"name":"wp","href":"https:\/\/api.w.org\/{rel}","templated":true}]}}