{"id":82448,"date":"2022-02-23T13:57:07","date_gmt":"2022-02-23T12:57:08","guid":{"rendered":"https:\/\/www.versiegelung24.com\/?post_type=product&#038;p=82448"},"modified":"2025-01-13T17:10:12","modified_gmt":"2025-01-13T16:10:12","slug":"ochranne-bryle-s-integrovanymi-bocnimi-stity-a-nastavitelnymi-ramy","status":"publish","type":"product","link":"https:\/\/www.versiegelung24.com\/cs\/product\/ochranne-bryle-s-integrovanymi-bocnimi-stity-a-nastavitelnymi-ramy\/","title":{"rendered":"Ochrann\u00e9 br\u00fdle s integrovanou bo\u010dn\u00ed ochranou a nastaviteln\u00fdmi stranicemi"},"content":{"rendered":"\n<h4 class=\"wp-block-heading\" id=\"h-beschreibung\">Popis<\/h4>\n\n<p>M\u011bkk\u00e9 dvouslo\u017ekov\u00e9 br\u00fdle s d\u00e9lkov\u011b nastaviteln\u00fdmi strani\u010dkami, univerz\u00e1ln\u011b pou\u017eiteln\u00e9. Br\u00fdle spl\u0148uj\u00ed po\u017eadavky normy EN166. Uchycen\u00ed popruh\u016f je mo\u017en\u00e9 d\u00edky poskytnut\u00e9 perforaci.<\/p>\n\n<p>Chr\u00e1n\u00ed va\u0161e o\u010di p\u0159ed mal\u00fdmi st\u0159epinami s energi\u00ed n\u00e1razu a\u017e 45 m\/s (F) a m\u00e1 optim\u00e1ln\u00ed p\u0159edn\u00ed a bo\u010dn\u00ed ochranu.<\/p>\n\n<hr \/>\n\n<h4 class=\"wp-block-heading\" id=\"properties\">Vlastnosti produktu<\/h4>\n\n<div class=\"wp-block-columns is-layout-flex wp-container-core-columns-is-layout-9d6595d7 wp-block-columns-is-layout-flex\">\n<div class=\"wp-block-column is-layout-flow wp-block-column-is-layout-flow\">\n<p>\u2713 Optim\u00e1ln\u00ed ochrana proti n\u00e1raz\u016fm a st\u0159epin\u00e1m<\/p>\n\n\n\n<p>\u2713 Nastaviteln\u00e1 velikost popruh\u016f<\/p>\n\n\n\n<p>\u2713 P\u0159edn\u00ed a bo\u010dn\u00ed ochrana<\/p>\n\n\n\n<p>\u2713 Prostor pro br\u00fdle s optick\u00fdmi \u010do\u010dkami<\/p>\n\n\n\n<p>\u2713 Norma: EN166<\/p>\n\n\n\n<p>\u2713 Barva: \u010cern\u00e1<\/p>\n<\/div>\n<\/div>\n","protected":false},"excerpt":{"rendered":"<p>\u2713 Optim\u00e1ln\u00ed ochrana proti n\u00e1raz\u016fm a st\u0159epin\u00e1m<\/p>\n<p>\u2713 Nastaviteln\u00e1 velikost popruh\u016f<\/p>\n<p>\u2713 P\u0159edn\u00ed a bo\u010dn\u00ed ochrana<\/p>\n<p>\u2713 Norma: EN166<\/p>\n","protected":false},"featured_media":82526,"template":"","meta":{"_acf_changed":false,"neve_meta_sidebar":"","neve_meta_container":"","neve_meta_enable_content_width":"","neve_meta_content_width":0,"neve_meta_title_alignment":"","neve_meta_author_avatar":"","neve_post_elements_order":"","neve_meta_disable_header":"","neve_meta_disable_footer":"","neve_meta_disable_title":"","neve_meta_reading_time":"","_surfaces":[],"_ver_product_tabs":[],"footnotes":""},"product_brand":[],"product_cat":[3066],"product_tag":[],"class_list":{"0":"post-82448","1":"product","2":"type-product","3":"status-publish","4":"has-post-thumbnail","6":"product_cat-zarizeni","8":"first","9":"instock","10":"taxable","11":"shipping-taxable","12":"purchasable","13":"product-type-simple"},"acf":[],"yoast_head":"<!-- This site is optimized with the Yoast SEO Premium plugin v22.8 (Yoast SEO v27.6) - https:\/\/yoast.com\/product\/yoast-seo-premium-wordpress\/ -->\n<title>Ochrann\u00e9 br\u00fdle s integrovanou bo\u010dn\u00ed ochranou a nastaviteln\u00fdmi stranicemi - versiegelung24.com<\/title>\n<meta name=\"robots\" content=\"index, follow, max-snippet:-1, max-image-preview:large, max-video-preview:-1\" \/>\n<link rel=\"canonical\" href=\"https:\/\/www.versiegelung24.com\/cs\/product\/ochranne-bryle-s-integrovanymi-bocnimi-stity-a-nastavitelnymi-ramy\/\" \/>\n<meta property=\"og:locale\" content=\"cs_CZ\" \/>\n<meta property=\"og:type\" content=\"article\" \/>\n<meta property=\"og:title\" content=\"Ochrann\u00e9 br\u00fdle s integrovanou bo\u010dn\u00ed ochranou a nastaviteln\u00fdmi stranicemi\" \/>\n<meta property=\"og:description\" content=\"\u2713 Optim\u00e1ln\u00ed ochrana proti n\u00e1raz\u016fm a st\u0159epin\u00e1m \u2713 Nastaviteln\u00e1 velikost popruh\u016f \u2713 P\u0159edn\u00ed a bo\u010dn\u00ed ochrana \u2713 Norma: EN166\" \/>\n<meta property=\"og:url\" content=\"https:\/\/www.versiegelung24.com\/cs\/product\/ochranne-bryle-s-integrovanymi-bocnimi-stity-a-nastavitelnymi-ramy\/\" \/>\n<meta property=\"og:site_name\" content=\"versiegelung24.com\" \/>\n<meta property=\"article:modified_time\" content=\"2025-01-13T16:10:12+00:00\" \/>\n<meta name=\"twitter:card\" content=\"summary_large_image\" \/>\n<meta name=\"twitter:label1\" content=\"Cena\" \/>\n\t<meta name=\"twitter:data1\" content=\"4,99&euro;\" \/>\n\t<meta name=\"twitter:label2\" content=\"Dostupnost\" \/>\n\t<meta name=\"twitter:data2\" content=\"Skladem\" \/>\n<script type=\"application\/ld+json\" class=\"yoast-schema-graph\">{\"@context\":\"https:\\\/\\\/schema.org\",\"@graph\":[{\"@type\":\"WebPage\",\"@id\":\"https:\\\/\\\/www.versiegelung24.com\\\/cs\\\/product\\\/ochranne-bryle-s-integrovanymi-bocnimi-stity-a-nastavitelnymi-ramy\\\/\",\"url\":\"https:\\\/\\\/www.versiegelung24.com\\\/cs\\\/product\\\/ochranne-bryle-s-integrovanymi-bocnimi-stity-a-nastavitelnymi-ramy\\\/\",\"name\":\"Ochrann\u00e9 br\u00fdle s integrovanou bo\u010dn\u00ed ochranou a nastaviteln\u00fdmi stranicemi - versiegelung24.com\",\"isPartOf\":{\"@id\":\"https:\\\/\\\/www.versiegelung24.com\\\/cs\\\/#website\"},\"primaryImageOfPage\":{\"@id\":\"https:\\\/\\\/www.versiegelung24.com\\\/cs\\\/product\\\/ochranne-bryle-s-integrovanymi-bocnimi-stity-a-nastavitelnymi-ramy\\\/#primaryimage\"},\"image\":{\"@id\":\"https:\\\/\\\/www.versiegelung24.com\\\/cs\\\/product\\\/ochranne-bryle-s-integrovanymi-bocnimi-stity-a-nastavitelnymi-ramy\\\/#primaryimage\"},\"thumbnailUrl\":\"https:\\\/\\\/www.versiegelung24.com\\\/wp-content\\\/uploads\\\/2022\\\/02\\\/produkt-v24-sbvari1-schutzbrille.jpg\",\"datePublished\":\"2022-02-23T12:57:08+00:00\",\"dateModified\":\"2025-01-13T16:10:12+00:00\",\"breadcrumb\":{\"@id\":\"https:\\\/\\\/www.versiegelung24.com\\\/cs\\\/product\\\/ochranne-bryle-s-integrovanymi-bocnimi-stity-a-nastavitelnymi-ramy\\\/#breadcrumb\"},\"inLanguage\":\"cs\",\"potentialAction\":[{\"@type\":\"ReadAction\",\"target\":[\"https:\\\/\\\/www.versiegelung24.com\\\/cs\\\/product\\\/ochranne-bryle-s-integrovanymi-bocnimi-stity-a-nastavitelnymi-ramy\\\/\"]}]},{\"@type\":\"ImageObject\",\"inLanguage\":\"cs\",\"@id\":\"https:\\\/\\\/www.versiegelung24.com\\\/cs\\\/product\\\/ochranne-bryle-s-integrovanymi-bocnimi-stity-a-nastavitelnymi-ramy\\\/#primaryimage\",\"url\":\"https:\\\/\\\/www.versiegelung24.com\\\/wp-content\\\/uploads\\\/2022\\\/02\\\/produkt-v24-sbvari1-schutzbrille.jpg\",\"contentUrl\":\"https:\\\/\\\/www.versiegelung24.com\\\/wp-content\\\/uploads\\\/2022\\\/02\\\/produkt-v24-sbvari1-schutzbrille.jpg\",\"width\":2000,\"height\":2000},{\"@type\":\"BreadcrumbList\",\"@id\":\"https:\\\/\\\/www.versiegelung24.com\\\/cs\\\/product\\\/ochranne-bryle-s-integrovanymi-bocnimi-stity-a-nastavitelnymi-ramy\\\/#breadcrumb\",\"itemListElement\":[{\"@type\":\"ListItem\",\"position\":1,\"name\":\"Domovsk\u00e1 str\u00e1nka\",\"item\":\"https:\\\/\\\/www.versiegelung24.com\\\/cs\\\/predni\\\/\"},{\"@type\":\"ListItem\",\"position\":2,\"name\":\"Prodejna\",\"item\":\"https:\\\/\\\/www.versiegelung24.com\\\/cs\\\/prodejna\\\/\"},{\"@type\":\"ListItem\",\"position\":3,\"name\":\"Ochrann\u00e9 br\u00fdle s integrovanou bo\u010dn\u00ed ochranou a nastaviteln\u00fdmi stranicemi\"}]},{\"@type\":\"WebSite\",\"@id\":\"https:\\\/\\\/www.versiegelung24.com\\\/cs\\\/#website\",\"url\":\"https:\\\/\\\/www.versiegelung24.com\\\/cs\\\/\",\"name\":\"versiegelung24.com\",\"description\":\"Fl\u00fcssigglas-Versiegelung - Made in Germany\",\"publisher\":{\"@id\":\"https:\\\/\\\/www.versiegelung24.com\\\/cs\\\/#organization\"},\"potentialAction\":[{\"@type\":\"SearchAction\",\"target\":{\"@type\":\"EntryPoint\",\"urlTemplate\":\"https:\\\/\\\/www.versiegelung24.com\\\/cs\\\/?s={search_term_string}\"},\"query-input\":{\"@type\":\"PropertyValueSpecification\",\"valueRequired\":true,\"valueName\":\"search_term_string\"}}],\"inLanguage\":\"cs\"},{\"@type\":\"Organization\",\"@id\":\"https:\\\/\\\/www.versiegelung24.com\\\/cs\\\/#organization\",\"name\":\"versiegelung24\",\"url\":\"https:\\\/\\\/www.versiegelung24.com\\\/cs\\\/\",\"logo\":{\"@type\":\"ImageObject\",\"inLanguage\":\"cs\",\"@id\":\"https:\\\/\\\/www.versiegelung24.com\\\/cs\\\/#\\\/schema\\\/logo\\\/image\\\/\",\"url\":\"https:\\\/\\\/www.versiegelung24.com\\\/wp-content\\\/uploads\\\/2020\\\/04\\\/versiegelung24.png\",\"contentUrl\":\"https:\\\/\\\/www.versiegelung24.com\\\/wp-content\\\/uploads\\\/2020\\\/04\\\/versiegelung24.png\",\"width\":470,\"height\":102,\"caption\":\"versiegelung24\"},\"image\":{\"@id\":\"https:\\\/\\\/www.versiegelung24.com\\\/cs\\\/#\\\/schema\\\/logo\\\/image\\\/\"}}]}<\/script>\n<meta property=\"product:price:amount\" content=\"4.99\" \/>\n<meta property=\"product:price:currency\" content=\"EUR\" \/>\n<meta property=\"og:availability\" content=\"instock\" \/>\n<meta property=\"product:availability\" content=\"instock\" \/>\n<meta property=\"product:retailer_item_id\" content=\"V24-SBVARI1\" \/>\n<meta property=\"product:condition\" content=\"new\" \/>\n<!-- \/ Yoast SEO Premium plugin. -->","yoast_head_json":{"title":"Ochrann\u00e9 br\u00fdle s integrovanou bo\u010dn\u00ed ochranou a nastaviteln\u00fdmi stranicemi - versiegelung24.com","robots":{"index":"index","follow":"follow","max-snippet":"max-snippet:-1","max-image-preview":"max-image-preview:large","max-video-preview":"max-video-preview:-1"},"canonical":"https:\/\/www.versiegelung24.com\/cs\/product\/ochranne-bryle-s-integrovanymi-bocnimi-stity-a-nastavitelnymi-ramy\/","og_locale":"cs_CZ","og_type":"article","og_title":"Ochrann\u00e9 br\u00fdle s integrovanou bo\u010dn\u00ed ochranou a nastaviteln\u00fdmi stranicemi","og_description":"\u2713 Optim\u00e1ln\u00ed ochrana proti n\u00e1raz\u016fm a st\u0159epin\u00e1m \u2713 Nastaviteln\u00e1 velikost popruh\u016f \u2713 P\u0159edn\u00ed a bo\u010dn\u00ed ochrana \u2713 Norma: EN166","og_url":"https:\/\/www.versiegelung24.com\/cs\/product\/ochranne-bryle-s-integrovanymi-bocnimi-stity-a-nastavitelnymi-ramy\/","og_site_name":"versiegelung24.com","article_modified_time":"2025-01-13T16:10:12+00:00","twitter_card":"summary_large_image","twitter_misc":{"Cena":"4,99&euro;","Dostupnost":"Skladem"},"schema":{"@context":"https:\/\/schema.org","@graph":[{"@type":"WebPage","@id":"https:\/\/www.versiegelung24.com\/cs\/product\/ochranne-bryle-s-integrovanymi-bocnimi-stity-a-nastavitelnymi-ramy\/","url":"https:\/\/www.versiegelung24.com\/cs\/product\/ochranne-bryle-s-integrovanymi-bocnimi-stity-a-nastavitelnymi-ramy\/","name":"Ochrann\u00e9 br\u00fdle s integrovanou bo\u010dn\u00ed ochranou a nastaviteln\u00fdmi stranicemi - versiegelung24.com","isPartOf":{"@id":"https:\/\/www.versiegelung24.com\/cs\/#website"},"primaryImageOfPage":{"@id":"https:\/\/www.versiegelung24.com\/cs\/product\/ochranne-bryle-s-integrovanymi-bocnimi-stity-a-nastavitelnymi-ramy\/#primaryimage"},"image":{"@id":"https:\/\/www.versiegelung24.com\/cs\/product\/ochranne-bryle-s-integrovanymi-bocnimi-stity-a-nastavitelnymi-ramy\/#primaryimage"},"thumbnailUrl":"https:\/\/www.versiegelung24.com\/wp-content\/uploads\/2022\/02\/produkt-v24-sbvari1-schutzbrille.jpg","datePublished":"2022-02-23T12:57:08+00:00","dateModified":"2025-01-13T16:10:12+00:00","breadcrumb":{"@id":"https:\/\/www.versiegelung24.com\/cs\/product\/ochranne-bryle-s-integrovanymi-bocnimi-stity-a-nastavitelnymi-ramy\/#breadcrumb"},"inLanguage":"cs","potentialAction":[{"@type":"ReadAction","target":["https:\/\/www.versiegelung24.com\/cs\/product\/ochranne-bryle-s-integrovanymi-bocnimi-stity-a-nastavitelnymi-ramy\/"]}]},{"@type":"ImageObject","inLanguage":"cs","@id":"https:\/\/www.versiegelung24.com\/cs\/product\/ochranne-bryle-s-integrovanymi-bocnimi-stity-a-nastavitelnymi-ramy\/#primaryimage","url":"https:\/\/www.versiegelung24.com\/wp-content\/uploads\/2022\/02\/produkt-v24-sbvari1-schutzbrille.jpg","contentUrl":"https:\/\/www.versiegelung24.com\/wp-content\/uploads\/2022\/02\/produkt-v24-sbvari1-schutzbrille.jpg","width":2000,"height":2000},{"@type":"BreadcrumbList","@id":"https:\/\/www.versiegelung24.com\/cs\/product\/ochranne-bryle-s-integrovanymi-bocnimi-stity-a-nastavitelnymi-ramy\/#breadcrumb","itemListElement":[{"@type":"ListItem","position":1,"name":"Domovsk\u00e1 str\u00e1nka","item":"https:\/\/www.versiegelung24.com\/cs\/predni\/"},{"@type":"ListItem","position":2,"name":"Prodejna","item":"https:\/\/www.versiegelung24.com\/cs\/prodejna\/"},{"@type":"ListItem","position":3,"name":"Ochrann\u00e9 br\u00fdle s integrovanou bo\u010dn\u00ed ochranou a nastaviteln\u00fdmi stranicemi"}]},{"@type":"WebSite","@id":"https:\/\/www.versiegelung24.com\/cs\/#website","url":"https:\/\/www.versiegelung24.com\/cs\/","name":"versiegelung24.com","description":"Fl\u00fcssigglas-Versiegelung - Made in Germany","publisher":{"@id":"https:\/\/www.versiegelung24.com\/cs\/#organization"},"potentialAction":[{"@type":"SearchAction","target":{"@type":"EntryPoint","urlTemplate":"https:\/\/www.versiegelung24.com\/cs\/?s={search_term_string}"},"query-input":{"@type":"PropertyValueSpecification","valueRequired":true,"valueName":"search_term_string"}}],"inLanguage":"cs"},{"@type":"Organization","@id":"https:\/\/www.versiegelung24.com\/cs\/#organization","name":"versiegelung24","url":"https:\/\/www.versiegelung24.com\/cs\/","logo":{"@type":"ImageObject","inLanguage":"cs","@id":"https:\/\/www.versiegelung24.com\/cs\/#\/schema\/logo\/image\/","url":"https:\/\/www.versiegelung24.com\/wp-content\/uploads\/2020\/04\/versiegelung24.png","contentUrl":"https:\/\/www.versiegelung24.com\/wp-content\/uploads\/2020\/04\/versiegelung24.png","width":470,"height":102,"caption":"versiegelung24"},"image":{"@id":"https:\/\/www.versiegelung24.com\/cs\/#\/schema\/logo\/image\/"}}]},"product_price_amount":"4.99","product_price_currency":"EUR","og_availability":"instock","product_availability":"instock","product_retailer_item_id":"V24-SBVARI1","product_condition":"new"},"_links":{"self":[{"href":"https:\/\/www.versiegelung24.com\/cs\/wp-json\/wp\/v2\/product\/82448","targetHints":{"allow":["GET"]}}],"collection":[{"href":"https:\/\/www.versiegelung24.com\/cs\/wp-json\/wp\/v2\/product"}],"about":[{"href":"https:\/\/www.versiegelung24.com\/cs\/wp-json\/wp\/v2\/types\/product"}],"version-history":[{"count":7,"href":"https:\/\/www.versiegelung24.com\/cs\/wp-json\/wp\/v2\/product\/82448\/revisions"}],"predecessor-version":[{"id":180770,"href":"https:\/\/www.versiegelung24.com\/cs\/wp-json\/wp\/v2\/product\/82448\/revisions\/180770"}],"wp:featuredmedia":[{"embeddable":true,"href":"https:\/\/www.versiegelung24.com\/cs\/wp-json\/wp\/v2\/media\/82526"}],"wp:attachment":[{"href":"https:\/\/www.versiegelung24.com\/cs\/wp-json\/wp\/v2\/media?parent=82448"}],"wp:term":[{"taxonomy":"product_brand","embeddable":true,"href":"https:\/\/www.versiegelung24.com\/cs\/wp-json\/wp\/v2\/product_brand?post=82448"},{"taxonomy":"product_cat","embeddable":true,"href":"https:\/\/www.versiegelung24.com\/cs\/wp-json\/wp\/v2\/product_cat?post=82448"},{"taxonomy":"product_tag","embeddable":true,"href":"https:\/\/www.versiegelung24.com\/cs\/wp-json\/wp\/v2\/product_tag?post=82448"}],"curies":[{"name":"wp","href":"https:\/\/api.w.org\/{rel}","templated":true}]}}