{"id":93729,"date":"2022-10-21T16:49:10","date_gmt":"2022-10-21T14:49:10","guid":{"rendered":"https:\/\/www.versiegelung24.com\/?post_type=product&#038;p=93729"},"modified":"2025-03-31T14:58:19","modified_gmt":"2025-03-31T12:58:19","slug":"aplikace-houba-95x40x23mm","status":"publish","type":"product","link":"https:\/\/www.versiegelung24.com\/cs\/uterka-z-mikrovlakna-40x40cm-na-predcisteni-nebo-lesteni-zluta-kopie.html","title":{"rendered":"Aplika\u010dn\u00ed houba 95x40x23mm"},"content":{"rendered":"\n<p>Houba pro aplikaci  <\/p>\n\n<p>Ide\u00e1ln\u00ed pro pou\u017eit\u00ed v kombinaci s na\u0161\u00ed <a href=\"https:\/\/www.versiegelung24.com\/applikationstuch-20x20cm.html\">ut\u011brkou z mikrovl\u00e1kna pro aplikaci na\u0161ich tekut\u00fdch tmel\u016f na sklo<\/a>.<\/p>\n\n<p>Pro ka\u017ed\u00fd krok aplikace na\u0161ich povrchov\u00fdch tmel\u016f a impregnac\u00ed doporu\u010dujeme pou\u017e\u00edt samostatnou ut\u011brku z mikrovl\u00e1kna.<\/p>\n\n<p>Pou\u017eit\u00edm aplika\u010dn\u00ed houby v kombinaci s na\u0161imi ut\u011brkami z mikrovl\u00e1kna je mo\u017en\u00e9 d\u00e1vkovat a optimalizovat aplikaci nebo le\u0161t\u011bn\u00ed v z\u00e1vislosti na stran\u011b houby, stavu povrchu a pou\u017eit\u00e9m tlaku.<\/p>\n\n<hr \/>\n\n<h4 class=\"wp-block-heading\" id=\"properties\">Vlastnosti produktu<\/h4>\n\n<div class=\"wp-block-columns is-layout-flex wp-container-core-columns-is-layout-9d6595d7 wp-block-columns-is-layout-flex\">\n<div class=\"wp-block-column is-layout-flow wp-block-column-is-layout-flow\">\n<p>Houba na nan\u00e1\u0161en\u00ed a le\u0161t\u011bn\u00ed Velikost: 95 x 40 x 23 mm  <\/p>\n<\/div>\n\n\n\n<div class=\"wp-block-column is-layout-flow wp-block-column-is-layout-flow\">\n<p>Vrchn\u00ed vrstva tvrd\u00e1 5mm b\u00edl\u00e1 XPE 3000-33 St\u0159edn\u00ed vrstva m\u011bkk\u00e1 18mm S2145 modr\u00e1<\/p>\n<\/div>\n<\/div>\n\n<hr \/>\n\n<h4 class=\"wp-block-heading\" id=\"application\">Aplikace<\/h4>\n\n<p>Pro aplikaci na\u0161ich tmel\u016f na hladk\u00e9 nenas\u00e1kav\u00e9 povrchy doporu\u010dujeme kombinaci s na\u0161\u00ed <a href=\"https:\/\/www.versiegelung24.com\/applikationstuch-20x20cm.html\">ut\u011brkou z mikrovl\u00e1kna pro aplikaci na\u0161ich tekut\u00fdch tmel\u016f na sklo<\/a>. Polo\u017ete ut\u011brku z mikrovl\u00e1kna na b\u00edlou tvrdou stranu pro nan\u00e1\u0161en\u00ed tmelu a naneste tmel podle p\u0159\u00edslu\u0161n\u00e9ho n\u00e1vodu k pou\u017eit\u00ed.<\/p>\n\n<p>Pro p\u0159ele\u0161t\u011bn\u00ed na\u0161\u00ed <a href=\"https:\/\/www.versiegelung24.com\/cs\/hadrik-z-mikrovlakna-30x30cm-na-predcisteni-nebo-lesteni.html\">ut\u011brkou z mikrovl\u00e1kna 30&#215;30 cm pro p\u0159ed\u010di\u0161t\u011bn\u00ed nebo le\u0161t\u011bn\u00ed<\/a> polo\u017ete ut\u011brku tak\u00e9 na houbu a pou\u017eijte tvrdou nebo m\u011bkkou stranu houby v z\u00e1vislosti na stavu povrchu a pot\u0159eb\u011b, abyste vytvo\u0159ili rovnom\u011brn\u00fd tlak na zv\u011bt\u0161en\u00fd povrch.<\/p>\n","protected":false},"excerpt":{"rendered":"<p><strong>Houba na nan\u00e1\u0161en\u00ed tmel\u016f<\/strong><\/p>\n<p>\u2713 Opakovan\u00e9 pou\u017eit\u00ed<\/p>\n<p>\u2713 \u0160etrn\u00e9 k \u017eivotn\u00edmu prost\u0159ed\u00ed<\/p>\n<p>\u2713 \u0160ikovn\u00fd<\/p>\n<p>\u2713 Tvrd\u00e1 a m\u011bkk\u00e1 strana<\/p>\n<p>\u2713 95x40x23mm<\/p>\n<p>&nbsp;<\/p>\n","protected":false},"featured_media":13254,"template":"","meta":{"_acf_changed":false,"neve_meta_sidebar":"","neve_meta_container":"","neve_meta_enable_content_width":"","neve_meta_content_width":0,"neve_meta_title_alignment":"","neve_meta_author_avatar":"","neve_post_elements_order":"","neve_meta_disable_header":"","neve_meta_disable_footer":"","neve_meta_disable_title":"","neve_meta_reading_time":"","_surfaces":[],"_ver_product_tabs":[],"footnotes":""},"product_brand":[],"product_cat":[2223,2237,2257,2309,2316,2476,3066],"product_tag":[],"class_list":{"0":"post-93729","1":"product","2":"type-product","3":"status-publish","4":"has-post-thumbnail","6":"product_cat-tesneni-auta","7":"product_cat-povrchove-dezinfekcni-prostredky","8":"product_cat-tesneni-na-sklo-a-keramiku","9":"product_cat-kovove-a-plastove-tesneni","10":"product_cat-cistici-prostredky","11":"product_cat-univerzalni-tesneni","12":"product_cat-zarizeni","14":"first","15":"instock","16":"taxable","17":"shipping-taxable","18":"purchasable","19":"product-type-simple"},"acf":[],"yoast_head":"<!-- This site is optimized with the Yoast SEO Premium plugin v22.8 (Yoast SEO v27.5) - https:\/\/yoast.com\/product\/yoast-seo-premium-wordpress\/ -->\n<title>Aplika\u010dn\u00ed houba 95x40x23mm - versiegelung24.com<\/title>\n<meta name=\"description\" content=\"Aplika\u010dn\u00ed houba - ide\u00e1ln\u00ed pro nan\u00e1\u0161en\u00ed na\u0161ich tmel\u016f. V kombinaci s na\u0161imi ut\u011brkami z mikrovl\u00e1kna je to univerz\u00e1ln\u00ed \u0159e\u0161en\u00ed.\" \/>\n<meta name=\"robots\" content=\"index, follow, max-snippet:-1, max-image-preview:large, max-video-preview:-1\" \/>\n<link rel=\"canonical\" href=\"https:\/\/www.versiegelung24.com\/cs\/uterka-z-mikrovlakna-40x40cm-na-predcisteni-nebo-lesteni-zluta-kopie.html\" \/>\n<meta property=\"og:locale\" content=\"cs_CZ\" \/>\n<meta property=\"og:type\" content=\"article\" \/>\n<meta property=\"og:title\" content=\"Aplika\u010dn\u00ed houba 95x40x23mm\" \/>\n<meta property=\"og:description\" content=\"Aplika\u010dn\u00ed houba - ide\u00e1ln\u00ed pro nan\u00e1\u0161en\u00ed na\u0161ich tmel\u016f. V kombinaci s na\u0161imi ut\u011brkami z mikrovl\u00e1kna je to univerz\u00e1ln\u00ed \u0159e\u0161en\u00ed.\" \/>\n<meta property=\"og:url\" content=\"https:\/\/www.versiegelung24.com\/cs\/uterka-z-mikrovlakna-40x40cm-na-predcisteni-nebo-lesteni-zluta-kopie.html\" \/>\n<meta property=\"og:site_name\" content=\"versiegelung24.com\" \/>\n<meta property=\"article:modified_time\" content=\"2025-03-31T12:58:19+00:00\" \/>\n<meta property=\"og:image\" content=\"https:\/\/www.versiegelung24.com\/wp-content\/uploads\/2020\/04\/mikrofasertuch.png\" \/>\n\t<meta property=\"og:image:width\" content=\"1000\" \/>\n\t<meta property=\"og:image:height\" content=\"1000\" \/>\n\t<meta property=\"og:image:type\" content=\"image\/png\" \/>\n<meta name=\"twitter:card\" content=\"summary_large_image\" \/>\n<meta name=\"twitter:label1\" content=\"Cena\" \/>\n\t<meta name=\"twitter:data1\" content=\"1,99&euro;\" \/>\n\t<meta name=\"twitter:label2\" content=\"Dostupnost\" \/>\n\t<meta name=\"twitter:data2\" content=\"Skladem\" \/>\n<script type=\"application\/ld+json\" class=\"yoast-schema-graph\">{\"@context\":\"https:\\\/\\\/schema.org\",\"@graph\":[{\"@type\":\"WebPage\",\"@id\":\"https:\\\/\\\/www.versiegelung24.com\\\/cs\\\/uterka-z-mikrovlakna-40x40cm-na-predcisteni-nebo-lesteni-zluta-kopie.html\",\"url\":\"https:\\\/\\\/www.versiegelung24.com\\\/cs\\\/uterka-z-mikrovlakna-40x40cm-na-predcisteni-nebo-lesteni-zluta-kopie.html\",\"name\":\"Aplika\u010dn\u00ed houba 95x40x23mm - versiegelung24.com\",\"isPartOf\":{\"@id\":\"https:\\\/\\\/www.versiegelung24.com\\\/cs\\\/#website\"},\"primaryImageOfPage\":{\"@id\":\"https:\\\/\\\/www.versiegelung24.com\\\/cs\\\/uterka-z-mikrovlakna-40x40cm-na-predcisteni-nebo-lesteni-zluta-kopie.html#primaryimage\"},\"image\":{\"@id\":\"https:\\\/\\\/www.versiegelung24.com\\\/cs\\\/uterka-z-mikrovlakna-40x40cm-na-predcisteni-nebo-lesteni-zluta-kopie.html#primaryimage\"},\"thumbnailUrl\":\"https:\\\/\\\/www.versiegelung24.com\\\/wp-content\\\/uploads\\\/2020\\\/04\\\/mikrofasertuch.png\",\"datePublished\":\"2022-10-21T14:49:10+00:00\",\"dateModified\":\"2025-03-31T12:58:19+00:00\",\"description\":\"Aplika\u010dn\u00ed houba - ide\u00e1ln\u00ed pro nan\u00e1\u0161en\u00ed na\u0161ich tmel\u016f. V kombinaci s na\u0161imi ut\u011brkami z mikrovl\u00e1kna je to univerz\u00e1ln\u00ed \u0159e\u0161en\u00ed.\",\"breadcrumb\":{\"@id\":\"https:\\\/\\\/www.versiegelung24.com\\\/cs\\\/uterka-z-mikrovlakna-40x40cm-na-predcisteni-nebo-lesteni-zluta-kopie.html#breadcrumb\"},\"inLanguage\":\"cs\",\"potentialAction\":[{\"@type\":\"ReadAction\",\"target\":[\"https:\\\/\\\/www.versiegelung24.com\\\/cs\\\/uterka-z-mikrovlakna-40x40cm-na-predcisteni-nebo-lesteni-zluta-kopie.html\"]}]},{\"@type\":\"ImageObject\",\"inLanguage\":\"cs\",\"@id\":\"https:\\\/\\\/www.versiegelung24.com\\\/cs\\\/uterka-z-mikrovlakna-40x40cm-na-predcisteni-nebo-lesteni-zluta-kopie.html#primaryimage\",\"url\":\"https:\\\/\\\/www.versiegelung24.com\\\/wp-content\\\/uploads\\\/2020\\\/04\\\/mikrofasertuch.png\",\"contentUrl\":\"https:\\\/\\\/www.versiegelung24.com\\\/wp-content\\\/uploads\\\/2020\\\/04\\\/mikrofasertuch.png\",\"width\":1000,\"height\":1000},{\"@type\":\"BreadcrumbList\",\"@id\":\"https:\\\/\\\/www.versiegelung24.com\\\/cs\\\/uterka-z-mikrovlakna-40x40cm-na-predcisteni-nebo-lesteni-zluta-kopie.html#breadcrumb\",\"itemListElement\":[{\"@type\":\"ListItem\",\"position\":1,\"name\":\"Domovsk\u00e1 str\u00e1nka\",\"item\":\"https:\\\/\\\/www.versiegelung24.com\\\/cs\\\/predni\\\/\"},{\"@type\":\"ListItem\",\"position\":2,\"name\":\"Prodejna\",\"item\":\"https:\\\/\\\/www.versiegelung24.com\\\/cs\\\/prodejna\\\/\"},{\"@type\":\"ListItem\",\"position\":3,\"name\":\"Aplika\u010dn\u00ed houba 95x40x23mm\"}]},{\"@type\":\"WebSite\",\"@id\":\"https:\\\/\\\/www.versiegelung24.com\\\/cs\\\/#website\",\"url\":\"https:\\\/\\\/www.versiegelung24.com\\\/cs\\\/\",\"name\":\"versiegelung24.com\",\"description\":\"Fl\u00fcssigglas-Versiegelung - Made in Germany\",\"publisher\":{\"@id\":\"https:\\\/\\\/www.versiegelung24.com\\\/cs\\\/#organization\"},\"potentialAction\":[{\"@type\":\"SearchAction\",\"target\":{\"@type\":\"EntryPoint\",\"urlTemplate\":\"https:\\\/\\\/www.versiegelung24.com\\\/cs\\\/?s={search_term_string}\"},\"query-input\":{\"@type\":\"PropertyValueSpecification\",\"valueRequired\":true,\"valueName\":\"search_term_string\"}}],\"inLanguage\":\"cs\"},{\"@type\":\"Organization\",\"@id\":\"https:\\\/\\\/www.versiegelung24.com\\\/cs\\\/#organization\",\"name\":\"versiegelung24\",\"url\":\"https:\\\/\\\/www.versiegelung24.com\\\/cs\\\/\",\"logo\":{\"@type\":\"ImageObject\",\"inLanguage\":\"cs\",\"@id\":\"https:\\\/\\\/www.versiegelung24.com\\\/cs\\\/#\\\/schema\\\/logo\\\/image\\\/\",\"url\":\"https:\\\/\\\/www.versiegelung24.com\\\/wp-content\\\/uploads\\\/2020\\\/04\\\/versiegelung24.png\",\"contentUrl\":\"https:\\\/\\\/www.versiegelung24.com\\\/wp-content\\\/uploads\\\/2020\\\/04\\\/versiegelung24.png\",\"width\":470,\"height\":102,\"caption\":\"versiegelung24\"},\"image\":{\"@id\":\"https:\\\/\\\/www.versiegelung24.com\\\/cs\\\/#\\\/schema\\\/logo\\\/image\\\/\"}}]}<\/script>\n<meta property=\"product:price:amount\" content=\"1.99\" \/>\n<meta property=\"product:price:currency\" content=\"EUR\" \/>\n<meta property=\"og:availability\" content=\"instock\" \/>\n<meta property=\"product:availability\" content=\"instock\" \/>\n<meta property=\"product:retailer_item_id\" content=\"V24-9010-1\" \/>\n<meta property=\"product:condition\" content=\"new\" \/>\n<!-- \/ Yoast SEO Premium plugin. -->","yoast_head_json":{"title":"Aplika\u010dn\u00ed houba 95x40x23mm - versiegelung24.com","description":"Aplika\u010dn\u00ed houba - ide\u00e1ln\u00ed pro nan\u00e1\u0161en\u00ed na\u0161ich tmel\u016f. V kombinaci s na\u0161imi ut\u011brkami z mikrovl\u00e1kna je to univerz\u00e1ln\u00ed \u0159e\u0161en\u00ed.","robots":{"index":"index","follow":"follow","max-snippet":"max-snippet:-1","max-image-preview":"max-image-preview:large","max-video-preview":"max-video-preview:-1"},"canonical":"https:\/\/www.versiegelung24.com\/cs\/uterka-z-mikrovlakna-40x40cm-na-predcisteni-nebo-lesteni-zluta-kopie.html","og_locale":"cs_CZ","og_type":"article","og_title":"Aplika\u010dn\u00ed houba 95x40x23mm","og_description":"Aplika\u010dn\u00ed houba - ide\u00e1ln\u00ed pro nan\u00e1\u0161en\u00ed na\u0161ich tmel\u016f. V kombinaci s na\u0161imi ut\u011brkami z mikrovl\u00e1kna je to univerz\u00e1ln\u00ed \u0159e\u0161en\u00ed.","og_url":"https:\/\/www.versiegelung24.com\/cs\/uterka-z-mikrovlakna-40x40cm-na-predcisteni-nebo-lesteni-zluta-kopie.html","og_site_name":"versiegelung24.com","article_modified_time":"2025-03-31T12:58:19+00:00","og_image":[{"width":1000,"height":1000,"url":"https:\/\/www.versiegelung24.com\/wp-content\/uploads\/2020\/04\/mikrofasertuch.png","type":"image\/png"}],"twitter_card":"summary_large_image","twitter_misc":{"Cena":"1,99&euro;","Dostupnost":"Skladem"},"schema":{"@context":"https:\/\/schema.org","@graph":[{"@type":"WebPage","@id":"https:\/\/www.versiegelung24.com\/cs\/uterka-z-mikrovlakna-40x40cm-na-predcisteni-nebo-lesteni-zluta-kopie.html","url":"https:\/\/www.versiegelung24.com\/cs\/uterka-z-mikrovlakna-40x40cm-na-predcisteni-nebo-lesteni-zluta-kopie.html","name":"Aplika\u010dn\u00ed houba 95x40x23mm - versiegelung24.com","isPartOf":{"@id":"https:\/\/www.versiegelung24.com\/cs\/#website"},"primaryImageOfPage":{"@id":"https:\/\/www.versiegelung24.com\/cs\/uterka-z-mikrovlakna-40x40cm-na-predcisteni-nebo-lesteni-zluta-kopie.html#primaryimage"},"image":{"@id":"https:\/\/www.versiegelung24.com\/cs\/uterka-z-mikrovlakna-40x40cm-na-predcisteni-nebo-lesteni-zluta-kopie.html#primaryimage"},"thumbnailUrl":"https:\/\/www.versiegelung24.com\/wp-content\/uploads\/2020\/04\/mikrofasertuch.png","datePublished":"2022-10-21T14:49:10+00:00","dateModified":"2025-03-31T12:58:19+00:00","description":"Aplika\u010dn\u00ed houba - ide\u00e1ln\u00ed pro nan\u00e1\u0161en\u00ed na\u0161ich tmel\u016f. V kombinaci s na\u0161imi ut\u011brkami z mikrovl\u00e1kna je to univerz\u00e1ln\u00ed \u0159e\u0161en\u00ed.","breadcrumb":{"@id":"https:\/\/www.versiegelung24.com\/cs\/uterka-z-mikrovlakna-40x40cm-na-predcisteni-nebo-lesteni-zluta-kopie.html#breadcrumb"},"inLanguage":"cs","potentialAction":[{"@type":"ReadAction","target":["https:\/\/www.versiegelung24.com\/cs\/uterka-z-mikrovlakna-40x40cm-na-predcisteni-nebo-lesteni-zluta-kopie.html"]}]},{"@type":"ImageObject","inLanguage":"cs","@id":"https:\/\/www.versiegelung24.com\/cs\/uterka-z-mikrovlakna-40x40cm-na-predcisteni-nebo-lesteni-zluta-kopie.html#primaryimage","url":"https:\/\/www.versiegelung24.com\/wp-content\/uploads\/2020\/04\/mikrofasertuch.png","contentUrl":"https:\/\/www.versiegelung24.com\/wp-content\/uploads\/2020\/04\/mikrofasertuch.png","width":1000,"height":1000},{"@type":"BreadcrumbList","@id":"https:\/\/www.versiegelung24.com\/cs\/uterka-z-mikrovlakna-40x40cm-na-predcisteni-nebo-lesteni-zluta-kopie.html#breadcrumb","itemListElement":[{"@type":"ListItem","position":1,"name":"Domovsk\u00e1 str\u00e1nka","item":"https:\/\/www.versiegelung24.com\/cs\/predni\/"},{"@type":"ListItem","position":2,"name":"Prodejna","item":"https:\/\/www.versiegelung24.com\/cs\/prodejna\/"},{"@type":"ListItem","position":3,"name":"Aplika\u010dn\u00ed houba 95x40x23mm"}]},{"@type":"WebSite","@id":"https:\/\/www.versiegelung24.com\/cs\/#website","url":"https:\/\/www.versiegelung24.com\/cs\/","name":"versiegelung24.com","description":"Fl\u00fcssigglas-Versiegelung - Made in Germany","publisher":{"@id":"https:\/\/www.versiegelung24.com\/cs\/#organization"},"potentialAction":[{"@type":"SearchAction","target":{"@type":"EntryPoint","urlTemplate":"https:\/\/www.versiegelung24.com\/cs\/?s={search_term_string}"},"query-input":{"@type":"PropertyValueSpecification","valueRequired":true,"valueName":"search_term_string"}}],"inLanguage":"cs"},{"@type":"Organization","@id":"https:\/\/www.versiegelung24.com\/cs\/#organization","name":"versiegelung24","url":"https:\/\/www.versiegelung24.com\/cs\/","logo":{"@type":"ImageObject","inLanguage":"cs","@id":"https:\/\/www.versiegelung24.com\/cs\/#\/schema\/logo\/image\/","url":"https:\/\/www.versiegelung24.com\/wp-content\/uploads\/2020\/04\/versiegelung24.png","contentUrl":"https:\/\/www.versiegelung24.com\/wp-content\/uploads\/2020\/04\/versiegelung24.png","width":470,"height":102,"caption":"versiegelung24"},"image":{"@id":"https:\/\/www.versiegelung24.com\/cs\/#\/schema\/logo\/image\/"}}]},"product_price_amount":"1.99","product_price_currency":"EUR","og_availability":"instock","product_availability":"instock","product_retailer_item_id":"V24-9010-1","product_condition":"new"},"_links":{"self":[{"href":"https:\/\/www.versiegelung24.com\/cs\/wp-json\/wp\/v2\/product\/93729","targetHints":{"allow":["GET"]}}],"collection":[{"href":"https:\/\/www.versiegelung24.com\/cs\/wp-json\/wp\/v2\/product"}],"about":[{"href":"https:\/\/www.versiegelung24.com\/cs\/wp-json\/wp\/v2\/types\/product"}],"version-history":[{"count":11,"href":"https:\/\/www.versiegelung24.com\/cs\/wp-json\/wp\/v2\/product\/93729\/revisions"}],"predecessor-version":[{"id":180661,"href":"https:\/\/www.versiegelung24.com\/cs\/wp-json\/wp\/v2\/product\/93729\/revisions\/180661"}],"wp:featuredmedia":[{"embeddable":true,"href":"https:\/\/www.versiegelung24.com\/cs\/wp-json\/wp\/v2\/media\/13254"}],"wp:attachment":[{"href":"https:\/\/www.versiegelung24.com\/cs\/wp-json\/wp\/v2\/media?parent=93729"}],"wp:term":[{"taxonomy":"product_brand","embeddable":true,"href":"https:\/\/www.versiegelung24.com\/cs\/wp-json\/wp\/v2\/product_brand?post=93729"},{"taxonomy":"product_cat","embeddable":true,"href":"https:\/\/www.versiegelung24.com\/cs\/wp-json\/wp\/v2\/product_cat?post=93729"},{"taxonomy":"product_tag","embeddable":true,"href":"https:\/\/www.versiegelung24.com\/cs\/wp-json\/wp\/v2\/product_tag?post=93729"}],"curies":[{"name":"wp","href":"https:\/\/api.w.org\/{rel}","templated":true}]}}