{"id":94859,"date":"2022-11-29T14:50:43","date_gmt":"2022-11-29T13:50:44","guid":{"rendered":"https:\/\/www.versiegelung24.com\/?post_type=product&#038;p=94859"},"modified":"2025-01-05T17:43:25","modified_gmt":"2025-01-05T16:43:25","slug":"percent-c2-percent","status":"publish","type":"product","link":"https:\/\/www.versiegelung24.com\/cs\/percent-c2-percent.html","title":{"rendered":"TiOSEPT\u00ae SG-55 Dlouhodob\u00e1 ochrana povrchu, 20 sad po 1m\u00b2"},"content":{"rendered":"\n<p><strong>Antimikrobi\u00e1ln\u00ed tekut\u00fd tmel na sklo s<\/strong> <strong>\u00fa\u010dinnost\u00ed a\u017e 18 m\u011bs\u00edc\u016f<\/strong> &#8211; 20 sad s\u00e1\u010dk\u016f p\u0159ipraven\u00fdch k pou\u017eit\u00ed na 1 m\u00b2 plochy.  <\/p>\n\n<p><strong>Dlouhodob\u00e1 ochrana povrchu vhodn\u00e1 pro hladk\u00e9 povrchy<\/strong>: Sklo, nerezov\u00e1 ocel, hlin\u00edk a opracovan\u00e9 d\u0159evo<\/p>\n\n<hr\/>\n\n<h4 class=\"wp-block-heading\" id=\"properties\">Vlastnosti produktu<\/h4>\n\n<div class=\"wp-block-columns is-layout-flex wp-container-core-columns-is-layout-9d6595d7 wp-block-columns-is-layout-flex\">\n<div class=\"wp-block-column is-layout-flow wp-block-column-is-layout-flow\">\n<ul class=\"wp-block-list\">\n<li>Eliminuje bakterie (E.coli, S. aureus) a obalen\u00e9 viry (Corona, Ebola, Rota virus) a\u017e z 99,99 %.<\/li>\n\n\n\n<li>Zabra\u0148uje kolonizaci kvasinkami a pl\u00edsn\u011bmi.<\/li>\n\n\n\n<li>Dermatologicky testov\u00e1no &#8220;velmi dobr\u00e9<\/li>\n\n\n\n<li>Povrchy se snadn\u011bji a rychleji \u010dist\u00ed (&#8220;easy-to-clean&#8221;).<\/li>\n\n\n\n<li>Pro vnit\u0159n\u00ed i venkovn\u00ed pou\u017eit\u00ed<\/li>\n\n\n\n<li>Odolnost proti od\u011bru (zv\u00fd\u0161en\u00e1 odolnost proti po\u0161kr\u00e1b\u00e1n\u00ed)<\/li>\n\n\n\n<li>Jednoduch\u00e1 a rychl\u00e1 aplikace<\/li>\n\n\n\n<li>Tvrdost povrchu na skle 9H (T\u00dcV test podle MSZ EN ISO 15184:2013)<\/li>\n\n\n\n<li>Tvrdost po\u0161kr\u00e1b\u00e1n\u00ed skla 10N (zkou\u0161ka T\u00dcV podle MSZ 9640\/41:1983)<\/li>\n\n\n\n<li>Kontaktn\u00ed \u00fahel 95\u00b0 na skle a 91\u00b0 na nerezov\u00e9 oceli, po 10 000 \u010distic\u00edch cyklech 92\u00b0 + 85\u00b0 (testov\u00e1no T\u00dcV s vodou).<\/li>\n<\/ul>\n<\/div>\n\n\n\n<div class=\"wp-block-column is-layout-flow wp-block-column-is-layout-flow\">\n<ul class=\"wp-block-list\">\n<li>Tlou\u0161\u0165ka vrstvy p\u0159ibli\u017en\u011b 20 nm (nanometr\u016f)<\/li>\n\n\n\n<li>Drsnost: 6 nm na povrchu<\/li>\n\n\n\n<li>S\u00e1\u010dky (jednotliv\u011b balen\u00e9 vlh\u010den\u00e9 ubrousky)<\/li>\n\n\n\n<li>S\u00e1\u010dek 1: P\u0159ed\u010dist\u00edc\u00ed had\u0159\u00edk napu\u0161t\u011bn\u00fd IPA (isopropanolem) 99 %.<\/li>\n\n\n\n<li>S\u00e1\u010dek 2: T\u011bsnic\u00ed tkanina napu\u0161t\u011bn\u00e1 TiOSEPT\u00ae SG-55<\/li>\n\n\n\n<li>Visk\u00f3zov\u00e9 rouno, bez plast\u016f, 60 g\/m\u00b2<\/li>\n\n\n\n<li>Velikost tkaniny 100 x 140 mm<\/li>\n\n\n\n<li>Jedna ut\u011brka vysta\u010d\u00ed p\u0159ibli\u017en\u011b na 1 m\u00b2.<\/li>\n\n\n\n<li>BAUA-Reg.No. N-104947<\/li>\n<\/ul>\n<\/div>\n<\/div>\n\n<hr\/>\n\n<h4 class=\"wp-block-heading\" id=\"application\">Aplikace<\/h4>\n\n<p>Sada s\u00e1\u010dk\u016f <strong>TiOSEPT\u00ae SG-55 <\/strong>p\u0159ipraven\u00e1 k pou\u017eit\u00ed na hladk\u00e9 povrchy skla, nerezov\u00e9 oceli, oceli, hlin\u00edkov\u00fdch plast\u016f a o\u0161et\u0159en\u00e9ho d\u0159eva.<\/p>\n\n<h5 class=\"wp-block-heading\">P\u0159ed\u010di\u0161t\u011bn\u00ed<\/h5>\n\n<p>Doporu\u010duje se pou\u017e\u00edvat jednor\u00e1zov\u00e9 ochrann\u00e9 rukavice. Aplika\u010dn\u00ed teplota 5 &#8211; 35 \u00b0C.<\/p>\n\n<ol class=\"wp-block-list\">\n<li>Povrch \u010dist\u011bte obzvl\u00e1\u0161t\u011b pe\u010dliv\u011b pomoc\u00ed b\u011b\u017en\u011b dostupn\u00fdch \u010distic\u00edch prost\u0159edk\u016f. \u010c\u00edm l\u00e9pe se vy\u010dist\u00ed, t\u00edm d\u00e9le vydr\u017e\u00ed t\u011bsn\u011bn\u00ed. Pot\u00e9 povrch vysu\u0161te.<\/li>\n\n\n\n<li>Vyjm\u011bte ze s\u00e1\u010dku alkoholovou p\u0159ed\u010dist\u00edc\u00ed ut\u011brku a d\u016fkladn\u011b s n\u00ed povrch odmast\u011bte.<\/li>\n\n\n\n<li>Povrch min. Nechte 1 minutu zaschnout.<\/li>\n<\/ol>\n\n<h5 class=\"wp-block-heading\">T\u011bsn\u011bn\u00ed<\/h5>\n\n<p>Doporu\u010duje se pou\u017e\u00edvat jednor\u00e1zov\u00e9 ochrann\u00e9 rukavice. Aplika\u010dn\u00ed teplota 5 &#8211; 35 \u00b0C.<\/p>\n\n<ol class=\"wp-block-list\">\n<li>Vyjm\u011bte t\u011bsnic\u00ed had\u0159\u00edk ze s\u00e1\u010dku a ot\u0159ete povrch jednou vertik\u00e1ln\u011b a jednou horizont\u00e1ln\u011b. L\u00e1tka vysta\u010d\u00ed p\u0159ibli\u017en\u011b na 1 m\u00b2. Je d\u016fle\u017eit\u00e9 pracovat rychle, proto\u017ee tkanina je such\u00e1 asi po 90 sekund\u00e1ch.<\/li>\n\n\n\n<li>Povrch nechte zaschnout alespo\u0148 2 minuty (pod 15 \u00b0C = 10 minut), 10 minut se ho nedot\u00fdkejte. \u00dapln\u00e9 vytvrzen\u00ed po 10 hodin\u00e1ch. V p\u0159\u00edpad\u011b pot\u0159eby aplikaci opakujte. Pokud se objev\u00ed m\u00edrn\u00e9 \u0161ed\u00e9 skvrny, lze je opatrn\u011b vyle\u0161tit had\u0159\u00edkem z mikrovl\u00e1kna.<\/li>\n<\/ol>\n\n<p>Plastov\u00e9 povrchy se st\u00e1vaj\u00ed antimikrobi\u00e1ln\u00edmi a z\u00edsk\u00e1vaj\u00ed zv\u00fd\u0161enou hydrofobicitu, odolnost proti po\u0161kr\u00e1b\u00e1n\u00ed se nem\u011bn\u00ed. Aplikace na polykarbon\u00e1t a plexisklo\u00ae se nedoporu\u010duje.<\/p>\n\n<h5 class=\"wp-block-heading\" id=\"gebrauch\">\u00falo\u017en\u00fd prostor<\/h5>\n\n<p><strong>TiOSEPT\u00ae SG-55<\/strong> skladujte p\u0159i teplot\u011b +5 a\u017e +25 \u00b0C. Chra\u0148te p\u0159ed mrazem a p\u0159\u00edm\u00fdm slune\u010dn\u00edm z\u00e1\u0159en\u00edm.<\/p>\n","protected":false},"excerpt":{"rendered":"<p><strong>Antimikrobi\u00e1ln\u00ed dlouhodob\u00e1 ochrana a\u017e po dobu 18 m\u011bs\u00edc\u016f<\/strong> <strong>pro hladk\u00e9 povrchy<\/strong><\/p>\n<p>\u2713 Pr\u016fhledn\u00e9 a neviditeln\u00e9<\/p>\n<p>\u2713 Vodoodpudivost<\/p>\n<p>Testov\u00e1no nez\u00e1visl\u00fdmi zku\u0161ebn\u00edmi \u00fastavy<\/p>\n<p>\u2713 Sady s\u00e1\u010dk\u016f p\u0159ipraven\u00e9 k pou\u017eit\u00ed pro p\u0159ed\u010di\u0161t\u011bn\u00ed a ut\u011bsn\u011bn\u00ed<\/p>\n","protected":false},"featured_media":94918,"template":"","meta":{"_acf_changed":false,"neve_meta_sidebar":"","neve_meta_container":"","neve_meta_enable_content_width":"","neve_meta_content_width":0,"neve_meta_title_alignment":"","neve_meta_author_avatar":"","neve_post_elements_order":"","neve_meta_disable_header":"","neve_meta_disable_footer":"","neve_meta_disable_title":"","neve_meta_reading_time":"","_surfaces":[],"_ver_product_tabs":[],"footnotes":""},"product_brand":[],"product_cat":[2237,2257,2309,2476,3172,2236],"product_tag":[],"class_list":{"0":"post-94859","1":"product","2":"type-product","3":"status-publish","4":"has-post-thumbnail","6":"product_cat-povrchove-dezinfekcni-prostredky","7":"product_cat-tesneni-na-sklo-a-keramiku","8":"product_cat-kovove-a-plastove-tesneni","9":"product_cat-univerzalni-tesneni","10":"product_cat-dezinfekcni-prostredek-na-mobilni-telefony","11":"product_cat-dezinfekcni-prostredky","13":"first","14":"onbackorder","15":"taxable","16":"shipping-taxable","17":"purchasable","18":"product-type-simple"},"acf":[],"yoast_head":"<!-- This site is optimized with the Yoast SEO Premium plugin v22.8 (Yoast SEO v27.5) - https:\/\/yoast.com\/product\/yoast-seo-premium-wordpress\/ -->\n<title>TiOSEPT\u00ae SG-55 Dlouhodob\u00e1 ochrana povrchu, 20 sad po 1m\u00b2 - versiegelung24.com<\/title>\n<meta name=\"robots\" content=\"index, follow, max-snippet:-1, max-image-preview:large, max-video-preview:-1\" \/>\n<link rel=\"canonical\" href=\"https:\/\/www.versiegelung24.com\/cs\/percent-c2-percent.html\" \/>\n<meta property=\"og:locale\" content=\"cs_CZ\" \/>\n<meta property=\"og:type\" content=\"article\" \/>\n<meta property=\"og:title\" content=\"TiOSEPT\u00ae SG-55 Dlouhodob\u00e1 ochrana povrchu, 20 sad po 1m\u00b2\" \/>\n<meta property=\"og:description\" content=\"Antimikrobi\u00e1ln\u00ed dlouhodob\u00e1 ochrana a\u017e po dobu 18 m\u011bs\u00edc\u016f pro hladk\u00e9 povrchy \u2713 Pr\u016fhledn\u00e9 a neviditeln\u00e9 \u2713 Vodoodpudivost Testov\u00e1no nez\u00e1visl\u00fdmi zku\u0161ebn\u00edmi \u00fastavy \u2713 Sady s\u00e1\u010dk\u016f p\u0159ipraven\u00e9 k pou\u017eit\u00ed pro p\u0159ed\u010di\u0161t\u011bn\u00ed a ut\u011bsn\u011bn\u00ed\" \/>\n<meta property=\"og:url\" content=\"https:\/\/www.versiegelung24.com\/cs\/percent-c2-percent.html\" \/>\n<meta property=\"og:site_name\" content=\"versiegelung24.com\" \/>\n<meta property=\"article:modified_time\" content=\"2025-01-05T16:43:25+00:00\" \/>\n<meta property=\"og:image\" content=\"https:\/\/www.versiegelung24.com\/wp-content\/uploads\/2022\/11\/Tiosept-Schachtel-rechts.jpg\" \/>\n\t<meta property=\"og:image:width\" content=\"1668\" \/>\n\t<meta property=\"og:image:height\" content=\"1568\" \/>\n\t<meta property=\"og:image:type\" content=\"image\/jpeg\" \/>\n<meta name=\"twitter:card\" content=\"summary_large_image\" \/>\n<meta name=\"twitter:label1\" content=\"Cena\" \/>\n\t<meta name=\"twitter:data1\" content=\"79,99&euro;\" \/>\n\t<meta name=\"twitter:label2\" content=\"Dostupnost\" \/>\n\t<meta name=\"twitter:data2\" content=\"V extern\u00edm sklad\u011b\" \/>\n<script type=\"application\/ld+json\" class=\"yoast-schema-graph\">{\"@context\":\"https:\\\/\\\/schema.org\",\"@graph\":[{\"@type\":\"WebPage\",\"@id\":\"https:\\\/\\\/www.versiegelung24.com\\\/cs\\\/percent-c2-percent.html\",\"url\":\"https:\\\/\\\/www.versiegelung24.com\\\/cs\\\/percent-c2-percent.html\",\"name\":\"TiOSEPT\u00ae SG-55 Dlouhodob\u00e1 ochrana povrchu, 20 sad po 1m\u00b2 - versiegelung24.com\",\"isPartOf\":{\"@id\":\"https:\\\/\\\/www.versiegelung24.com\\\/cs\\\/#website\"},\"primaryImageOfPage\":{\"@id\":\"https:\\\/\\\/www.versiegelung24.com\\\/cs\\\/percent-c2-percent.html#primaryimage\"},\"image\":{\"@id\":\"https:\\\/\\\/www.versiegelung24.com\\\/cs\\\/percent-c2-percent.html#primaryimage\"},\"thumbnailUrl\":\"https:\\\/\\\/www.versiegelung24.com\\\/wp-content\\\/uploads\\\/2022\\\/11\\\/Tiosept-Schachtel-rechts.jpg\",\"datePublished\":\"2022-11-29T13:50:44+00:00\",\"dateModified\":\"2025-01-05T16:43:25+00:00\",\"breadcrumb\":{\"@id\":\"https:\\\/\\\/www.versiegelung24.com\\\/cs\\\/percent-c2-percent.html#breadcrumb\"},\"inLanguage\":\"cs\",\"potentialAction\":[{\"@type\":\"ReadAction\",\"target\":[\"https:\\\/\\\/www.versiegelung24.com\\\/cs\\\/percent-c2-percent.html\"]}]},{\"@type\":\"ImageObject\",\"inLanguage\":\"cs\",\"@id\":\"https:\\\/\\\/www.versiegelung24.com\\\/cs\\\/percent-c2-percent.html#primaryimage\",\"url\":\"https:\\\/\\\/www.versiegelung24.com\\\/wp-content\\\/uploads\\\/2022\\\/11\\\/Tiosept-Schachtel-rechts.jpg\",\"contentUrl\":\"https:\\\/\\\/www.versiegelung24.com\\\/wp-content\\\/uploads\\\/2022\\\/11\\\/Tiosept-Schachtel-rechts.jpg\",\"width\":1668,\"height\":1568},{\"@type\":\"BreadcrumbList\",\"@id\":\"https:\\\/\\\/www.versiegelung24.com\\\/cs\\\/percent-c2-percent.html#breadcrumb\",\"itemListElement\":[{\"@type\":\"ListItem\",\"position\":1,\"name\":\"Domovsk\u00e1 str\u00e1nka\",\"item\":\"https:\\\/\\\/www.versiegelung24.com\\\/cs\\\/predni\\\/\"},{\"@type\":\"ListItem\",\"position\":2,\"name\":\"Prodejna\",\"item\":\"https:\\\/\\\/www.versiegelung24.com\\\/cs\\\/prodejna\\\/\"},{\"@type\":\"ListItem\",\"position\":3,\"name\":\"TiOSEPT\u00ae SG-55 Dlouhodob\u00e1 ochrana povrchu, 20 sad po 1m\u00b2\"}]},{\"@type\":\"WebSite\",\"@id\":\"https:\\\/\\\/www.versiegelung24.com\\\/cs\\\/#website\",\"url\":\"https:\\\/\\\/www.versiegelung24.com\\\/cs\\\/\",\"name\":\"versiegelung24.com\",\"description\":\"Fl\u00fcssigglas-Versiegelung - Made in Germany\",\"publisher\":{\"@id\":\"https:\\\/\\\/www.versiegelung24.com\\\/cs\\\/#organization\"},\"potentialAction\":[{\"@type\":\"SearchAction\",\"target\":{\"@type\":\"EntryPoint\",\"urlTemplate\":\"https:\\\/\\\/www.versiegelung24.com\\\/cs\\\/?s={search_term_string}\"},\"query-input\":{\"@type\":\"PropertyValueSpecification\",\"valueRequired\":true,\"valueName\":\"search_term_string\"}}],\"inLanguage\":\"cs\"},{\"@type\":\"Organization\",\"@id\":\"https:\\\/\\\/www.versiegelung24.com\\\/cs\\\/#organization\",\"name\":\"versiegelung24\",\"url\":\"https:\\\/\\\/www.versiegelung24.com\\\/cs\\\/\",\"logo\":{\"@type\":\"ImageObject\",\"inLanguage\":\"cs\",\"@id\":\"https:\\\/\\\/www.versiegelung24.com\\\/cs\\\/#\\\/schema\\\/logo\\\/image\\\/\",\"url\":\"https:\\\/\\\/www.versiegelung24.com\\\/wp-content\\\/uploads\\\/2020\\\/04\\\/versiegelung24.png\",\"contentUrl\":\"https:\\\/\\\/www.versiegelung24.com\\\/wp-content\\\/uploads\\\/2020\\\/04\\\/versiegelung24.png\",\"width\":470,\"height\":102,\"caption\":\"versiegelung24\"},\"image\":{\"@id\":\"https:\\\/\\\/www.versiegelung24.com\\\/cs\\\/#\\\/schema\\\/logo\\\/image\\\/\"}}]}<\/script>\n<meta property=\"product:price:amount\" content=\"79.99\" \/>\n<meta property=\"product:price:currency\" content=\"EUR\" \/>\n<meta property=\"og:availability\" content=\"backorder\" \/>\n<meta property=\"product:availability\" content=\"available for order\" \/>\n<meta property=\"product:retailer_item_id\" content=\"TiOS-SG55-SA1-20\" \/>\n<meta property=\"product:condition\" content=\"new\" \/>\n<!-- \/ Yoast SEO Premium plugin. -->","yoast_head_json":{"title":"TiOSEPT\u00ae SG-55 Dlouhodob\u00e1 ochrana povrchu, 20 sad po 1m\u00b2 - versiegelung24.com","robots":{"index":"index","follow":"follow","max-snippet":"max-snippet:-1","max-image-preview":"max-image-preview:large","max-video-preview":"max-video-preview:-1"},"canonical":"https:\/\/www.versiegelung24.com\/cs\/percent-c2-percent.html","og_locale":"cs_CZ","og_type":"article","og_title":"TiOSEPT\u00ae SG-55 Dlouhodob\u00e1 ochrana povrchu, 20 sad po 1m\u00b2","og_description":"Antimikrobi\u00e1ln\u00ed dlouhodob\u00e1 ochrana a\u017e po dobu 18 m\u011bs\u00edc\u016f pro hladk\u00e9 povrchy \u2713 Pr\u016fhledn\u00e9 a neviditeln\u00e9 \u2713 Vodoodpudivost Testov\u00e1no nez\u00e1visl\u00fdmi zku\u0161ebn\u00edmi \u00fastavy \u2713 Sady s\u00e1\u010dk\u016f p\u0159ipraven\u00e9 k pou\u017eit\u00ed pro p\u0159ed\u010di\u0161t\u011bn\u00ed a ut\u011bsn\u011bn\u00ed","og_url":"https:\/\/www.versiegelung24.com\/cs\/percent-c2-percent.html","og_site_name":"versiegelung24.com","article_modified_time":"2025-01-05T16:43:25+00:00","og_image":[{"width":1668,"height":1568,"url":"https:\/\/www.versiegelung24.com\/wp-content\/uploads\/2022\/11\/Tiosept-Schachtel-rechts.jpg","type":"image\/jpeg"}],"twitter_card":"summary_large_image","twitter_misc":{"Cena":"79,99&euro;","Dostupnost":"V extern\u00edm sklad\u011b"},"schema":{"@context":"https:\/\/schema.org","@graph":[{"@type":"WebPage","@id":"https:\/\/www.versiegelung24.com\/cs\/percent-c2-percent.html","url":"https:\/\/www.versiegelung24.com\/cs\/percent-c2-percent.html","name":"TiOSEPT\u00ae SG-55 Dlouhodob\u00e1 ochrana povrchu, 20 sad po 1m\u00b2 - versiegelung24.com","isPartOf":{"@id":"https:\/\/www.versiegelung24.com\/cs\/#website"},"primaryImageOfPage":{"@id":"https:\/\/www.versiegelung24.com\/cs\/percent-c2-percent.html#primaryimage"},"image":{"@id":"https:\/\/www.versiegelung24.com\/cs\/percent-c2-percent.html#primaryimage"},"thumbnailUrl":"https:\/\/www.versiegelung24.com\/wp-content\/uploads\/2022\/11\/Tiosept-Schachtel-rechts.jpg","datePublished":"2022-11-29T13:50:44+00:00","dateModified":"2025-01-05T16:43:25+00:00","breadcrumb":{"@id":"https:\/\/www.versiegelung24.com\/cs\/percent-c2-percent.html#breadcrumb"},"inLanguage":"cs","potentialAction":[{"@type":"ReadAction","target":["https:\/\/www.versiegelung24.com\/cs\/percent-c2-percent.html"]}]},{"@type":"ImageObject","inLanguage":"cs","@id":"https:\/\/www.versiegelung24.com\/cs\/percent-c2-percent.html#primaryimage","url":"https:\/\/www.versiegelung24.com\/wp-content\/uploads\/2022\/11\/Tiosept-Schachtel-rechts.jpg","contentUrl":"https:\/\/www.versiegelung24.com\/wp-content\/uploads\/2022\/11\/Tiosept-Schachtel-rechts.jpg","width":1668,"height":1568},{"@type":"BreadcrumbList","@id":"https:\/\/www.versiegelung24.com\/cs\/percent-c2-percent.html#breadcrumb","itemListElement":[{"@type":"ListItem","position":1,"name":"Domovsk\u00e1 str\u00e1nka","item":"https:\/\/www.versiegelung24.com\/cs\/predni\/"},{"@type":"ListItem","position":2,"name":"Prodejna","item":"https:\/\/www.versiegelung24.com\/cs\/prodejna\/"},{"@type":"ListItem","position":3,"name":"TiOSEPT\u00ae SG-55 Dlouhodob\u00e1 ochrana povrchu, 20 sad po 1m\u00b2"}]},{"@type":"WebSite","@id":"https:\/\/www.versiegelung24.com\/cs\/#website","url":"https:\/\/www.versiegelung24.com\/cs\/","name":"versiegelung24.com","description":"Fl\u00fcssigglas-Versiegelung - Made in Germany","publisher":{"@id":"https:\/\/www.versiegelung24.com\/cs\/#organization"},"potentialAction":[{"@type":"SearchAction","target":{"@type":"EntryPoint","urlTemplate":"https:\/\/www.versiegelung24.com\/cs\/?s={search_term_string}"},"query-input":{"@type":"PropertyValueSpecification","valueRequired":true,"valueName":"search_term_string"}}],"inLanguage":"cs"},{"@type":"Organization","@id":"https:\/\/www.versiegelung24.com\/cs\/#organization","name":"versiegelung24","url":"https:\/\/www.versiegelung24.com\/cs\/","logo":{"@type":"ImageObject","inLanguage":"cs","@id":"https:\/\/www.versiegelung24.com\/cs\/#\/schema\/logo\/image\/","url":"https:\/\/www.versiegelung24.com\/wp-content\/uploads\/2020\/04\/versiegelung24.png","contentUrl":"https:\/\/www.versiegelung24.com\/wp-content\/uploads\/2020\/04\/versiegelung24.png","width":470,"height":102,"caption":"versiegelung24"},"image":{"@id":"https:\/\/www.versiegelung24.com\/cs\/#\/schema\/logo\/image\/"}}]},"product_price_amount":"79.99","product_price_currency":"EUR","og_availability":"backorder","product_availability":"available for order","product_retailer_item_id":"TiOS-SG55-SA1-20","product_condition":"new"},"_links":{"self":[{"href":"https:\/\/www.versiegelung24.com\/cs\/wp-json\/wp\/v2\/product\/94859","targetHints":{"allow":["GET"]}}],"collection":[{"href":"https:\/\/www.versiegelung24.com\/cs\/wp-json\/wp\/v2\/product"}],"about":[{"href":"https:\/\/www.versiegelung24.com\/cs\/wp-json\/wp\/v2\/types\/product"}],"version-history":[{"count":12,"href":"https:\/\/www.versiegelung24.com\/cs\/wp-json\/wp\/v2\/product\/94859\/revisions"}],"predecessor-version":[{"id":171387,"href":"https:\/\/www.versiegelung24.com\/cs\/wp-json\/wp\/v2\/product\/94859\/revisions\/171387"}],"wp:featuredmedia":[{"embeddable":true,"href":"https:\/\/www.versiegelung24.com\/cs\/wp-json\/wp\/v2\/media\/94918"}],"wp:attachment":[{"href":"https:\/\/www.versiegelung24.com\/cs\/wp-json\/wp\/v2\/media?parent=94859"}],"wp:term":[{"taxonomy":"product_brand","embeddable":true,"href":"https:\/\/www.versiegelung24.com\/cs\/wp-json\/wp\/v2\/product_brand?post=94859"},{"taxonomy":"product_cat","embeddable":true,"href":"https:\/\/www.versiegelung24.com\/cs\/wp-json\/wp\/v2\/product_cat?post=94859"},{"taxonomy":"product_tag","embeddable":true,"href":"https:\/\/www.versiegelung24.com\/cs\/wp-json\/wp\/v2\/product_tag?post=94859"}],"curies":[{"name":"wp","href":"https:\/\/api.w.org\/{rel}","templated":true}]}}