{"id":25656,"date":"2021-08-03T11:14:47","date_gmt":"2021-08-03T09:14:47","guid":{"rendered":"https:\/\/www.versiegelung24.com\/generelle-vilkaar-og-betingelser-med-kundeoplysninger"},"modified":"2024-06-25T20:50:59","modified_gmt":"2024-06-25T18:50:59","slug":"generelle-vilkar-og-betingelser","status":"publish","type":"page","link":"https:\/\/www.versiegelung24.com\/da\/generelle-vilkar-og-betingelser\/","title":{"rendered":"Generelle vilk\u00e5r og betingelser med kundeoplysninger"},"content":{"rendered":"<h2>Indholdsfortegnelse<\/h2>\n<ol>\n<li>omfang<\/li>\n<li>Indg\u00e5else af kontrakt<\/li>\n<li>Fortrydelsesret<\/li>\n<li>Priser og betalingsbetingelser<\/li>\n<li>Leverings- og forsendelsesbetingelser<\/li>\n<li>Ejendomsforbehold<\/li>\n<li>Ansvar for fejl (garanti)<\/li>\n<li>Indl\u00f8sning af kampagnekuponer<\/li>\n<li>G\u00e6ldende lov<\/li>\n<li>Alternativ konfliktl\u00f8sning<\/li>\n<\/ol>\n<h2>1) Anvendelsesomr\u00e5de<\/h2>\n<p><strong>1.1<\/strong> Disse generelle vilk\u00e5r og betingelser (herefter &#8220;GTC&#8221;) for Holger K\u00e4ding, som handler under &#8220;versiegelung24.com&#8221; (herefter &#8220;S\u00e6lger&#8221;), g\u00e6lder for alle kontrakter om levering af varer, som en forbruger eller iv\u00e6rks\u00e6tter (herefter &#8220;Kunde&#8221;) med s\u00e6lger med hensyn til de varer, som s\u00e6lger pr\u00e6senterer i sin netbutik. Inkluderingen af kundens egne betingelser modsiges hermed, medmindre andet er aftalt.<\/p>\n<p><strong>1.2<\/strong>&nbsp; En forbruger i henhold til disse generelle vilk\u00e5r og betingelser er enhver fysisk person, der indg\u00e5r en juridisk transaktion til form\u00e5l, der overvejende hverken er kommercielle eller selvst\u00e6ndige. En iv\u00e6rks\u00e6tter i betydningen af disse vilk\u00e5r og betingelser er en fysisk eller juridisk person eller et juridisk partnerskab, der ved indg\u00e5elsen af en juridisk transaktion handler i ud\u00f8velsen af deres kommercielle eller uafh\u00e6ngige erhvervsm\u00e6ssige aktivitet.<\/p>\n<h2>2) Indg\u00e5else af kontrakten<\/h2>\n<p><strong>2.1<\/strong>&nbsp; Produktbeskrivelserne i s\u00e6lgers onlineshop repr\u00e6senterer ikke bindende tilbud fra s\u00e6lgers side, men tjener til at give kunden mulighed for at afgive et bindende tilbud.<\/p>\n<p><strong>2.2<\/strong>&nbsp; Kunden kan afgive tilbuddet via onlinebestillingsformularen integreret i s\u00e6lgers netbutik. Efter at have lagt de udvalgte varer i den virtuelle indk\u00f8bskurv og gennemg\u00e5et den elektroniske bestillingsproces, afgiver kunden et juridisk bindende kontrakttilbud p\u00e5 varerne i indk\u00f8bskurven ved at klikke p\u00e5 knappen, der afslutter bestillingsprocessen. Endvidere kan kunden ogs\u00e5 indsende tilbuddet til s\u00e6lgeren via telefon eller e -mail.<\/p>\n<p><strong>2.3<\/strong>&nbsp; S\u00e6lger kan acceptere kundens tilbud inden for fem dage,<\/p>\n<ul>\n<li>ved at sende kunden en skriftlig ordrebekr\u00e6ftelse eller en ordrebekr\u00e6ftelse i tekstform (fax eller e-mail), hvorved kundens modtagelse af ordrebekr\u00e6ftelsen er afg\u00f8rende, eller<\/li>\n<li>ved at levere de bestilte varer til kunden, hvorved kundens modtagelse af varerne er afg\u00f8rende, eller<\/li>\n<li>ved at bede kunden om at betale efter at have lagt sin ordre.<\/li>\n<\/ul>\n<p>Hvis der er flere af de ovenn\u00e6vnte alternativer, indg\u00e5s kontrakten p\u00e5 det tidspunkt, hvor et af de f\u00f8rn\u00e6vnte alternativer f\u00f8rst indtr\u00e6der. Perioden for at acceptere tilbuddet begynder dagen efter, at tilbuddet er sendt af kunden og slutter ved udgangen af den femte dag efter afsendelsen af tilbuddet. Hvis s\u00e6lger ikke accepterer kundens tilbud inden for ovenn\u00e6vnte frist, anses dette for at v\u00e6re et afslag p\u00e5 tilbuddet med det resultat, at kunden ikke l\u00e6ngere er bundet af sin hensigtserkl\u00e6ring.<\/p>\n<p><strong>2.4<\/strong>&nbsp; Ved afgivelse af tilbud via s\u00e6lgers online bestillingsformular gemmes kontraktteksten af s\u00e6lger og sendes til kunden i tekstform (f.eks. e-mail, fax eller brev) sammen med disse almindelige handelsbetingelser efter bestillingen er afsendt. . Derudover arkiveres kontraktens tekst p\u00e5 s\u00e6lgers websted og kan gratis opkaldes af kunden via sin adgangskodebeskyttede kundekonto ved at indtaste de tilsvarende login-data, forudsat at kunden har oprettet en kundekonto i s\u00e6lgers onlinebutik, inden han afgiver sin ordre.<\/p>\n<p><strong>2.5<\/strong>&nbsp; Inden afgivelse af den bindende ordre via s\u00e6lgers online ordreformular, kan kunden identificere mulige indtastningsfejl ved omhyggeligt at l\u00e6se informationen, der vises p\u00e5 sk\u00e6rmen. Et effektivt teknisk middel til bedre genkendelse af inputfejl kan v\u00e6re browserens udvidelsesfunktion, ved hj\u00e6lp af hvilken repr\u00e6sentationen p\u00e5 sk\u00e6rmen forst\u00f8rres. Kunden kan rette sine indtastninger som en del af den elektroniske bestillingsproces ved hj\u00e6lp af de s\u00e6dvanlige tastatur- og musefunktioner, indtil han klikker p\u00e5 knappen, der afslutter bestillingsprocessen.<\/p>\n<p><strong>2.6<\/strong>&nbsp; Kun det tyske sprog er tilg\u00e6ngeligt for indg\u00e5else af kontrakten.<\/p>\n<p><strong>2.7<\/strong>&nbsp; Ordrebehandlingen og kontakten foreg\u00e5r normalt via e-mail og automatiseret ordrebehandling. Kunden skal sikre, at den e-mail-adresse, han har givet for at behandle ordren, er korrekt, s\u00e5 de e-mails, som s\u00e6lgeren har sendt, kan modtages p\u00e5 denne adresse. I s\u00e6rdeleshed skal kunden ved brug af SPAM-filtre sikre, at alle e-mails, der er sendt af s\u00e6lgeren eller tredjeparter, som s\u00e6lgeren har bestilt til at behandle ordren, kan leveres.<\/p>\n<h2>3) fortrydelsesret<\/h2>\n<p><strong>3.1<\/strong>&nbsp; Forbrugere har generelt ret til fortrydelsesret.<\/p>\n<p><strong>3.2<\/strong>&nbsp; Yderligere information om fortrydelsesretten kan findes i s\u00e6lgers fortrydelsespolitik.<\/p>\n<h2>4) Priser og betalingsbetingelser<\/h2>\n<p><strong>4.1<\/strong>&nbsp; Medmindre andet er angivet i s\u00e6lgers produktbeskrivelse, er de angivne priser totalpriser inklusive lovpligtig moms. Eventuelle ekstra leverings- og forsendelsesomkostninger, der m\u00e5tte opst\u00e5, er specificeret separat i den respektive produktbeskrivelse.<\/p>\n<p><strong>4.2<\/strong>&nbsp; Betalingsmulighederne vil blive kommunikeret til kunden i s\u00e6lgers online shop.<\/p>\n<p><strong>4.3<\/strong>&nbsp; Er der aftalt forudbetaling ved bankoverf\u00f8rsel, forfalder betaling umiddelbart efter kontraktindg\u00e5else, medmindre parterne har aftalt en senere forfaldsdato.<\/p>\n<p><strong>4.4<\/strong>&nbsp; Ved betaling med en betalingsmetode, der tilbydes af PayPal, behandles betalingen via betalingstjenesteudbyderen PayPal (Europe) S.\u00e0 rl et Cie, SCA, 22-24 Boulevard Royal, L-2449 Luxembourg (herefter: &#8220;PayPal&#8221;), under gyldigheden af PayPal &#8211; Brugervilk\u00e5r, tilg\u00e6ngelig p\u00e5&nbsp;<a href=\"https:\/\/www.paypal.com\/de\/webapps\/mpp\/ua\/useragreement-full\" target=\"_blank\" rel=\"noopener noreferrer\">https:\/\/www.paypal.com\/de\/webapps\/mpp\/ua\/useragreement-full<\/a>&nbsp; eller &#8211; hvis kunden ikke har en PayPal-konto &#8211; underlagt betingelserne for betalinger uden PayPal-konto, som kan ses p\u00e5&nbsp;<a href=\"https:\/\/www.paypal.com\/de\/webapps\/mpp\/ua\/privacywax-full\">https:\/\/www.paypal.com\/de\/webapps\/mpp\/ua\/privacywax-full<\/a> .<\/p>\n<h2>5) Leverings- og forsendelsesbetingelser<\/h2>\n<p><strong>5.1<\/strong>&nbsp; Varer leveres til den af kunden angivne leveringsadresse, medmindre andet er aftalt. Ved behandling af transaktionen er den leveringsadresse, der er angivet i s\u00e6lgers ordrebehandling, afg\u00f8rende. Afviger dette fra valget af PayPal -betalingsmetode, er leveringsadressen, der er gemt af kunden hos PayPal p\u00e5 betalingstidspunktet, afg\u00f8rende.<\/p>\n<p><strong>5.2<\/strong>&nbsp; Hvis transportfirmaet sender de afsendte varer tilbage til s\u00e6lger, fordi levering til kunden ikke var mulig, afholder kunden omkostningerne for den mislykkede forsendelse. Dette g\u00e6lder ikke, hvis kunden effektivt ud\u00f8ver sin fortrydelsesret, hvis han ikke er ansvarlig for den omst\u00e6ndighed, der f\u00f8rte til umuligheden af levering, eller hvis han midlertidigt blev forhindret i at acceptere den tilbudte service, medmindre s\u00e6lgeren gav ham muligheden havde meddelt forestillingen rimelig tid i forvejen.<\/p>\n<p><strong>5.3<\/strong>&nbsp; Afhentning er ikke mulig af logistiske \u00e5rsager.<\/p>\n<h2>6) Ejendomsforbehold<\/h2>\n<p>Hvis s\u00e6lgeren foretager en forskudsbetaling, beholder han ejerskabet af de leverede varer, indtil den skyldige k\u00f8bspris er betalt fuldt ud.<\/p>\n<h2>7) Ansvar for fejl (garanti)<\/h2>\n<p><strong>7.1<\/strong>&nbsp; Er den k\u00f8bte vare defekt, g\u00e6lder det lovpligtige ansvar for mangler.<\/p>\n<p><strong>7.2<\/strong>&nbsp; Kunden bedes klage over leverede varer med \u00e5benlyse transportskader til leverer og oplyse s\u00e6lger herom. Hvis kunden ikke overholder dette, har dette ingen indflydelse p\u00e5 hans lovpligtige eller kontraktlige krav om mangler.<\/p>\n<h2>8) Indl\u00f8sning af kampagnekuponer<\/h2>\n<p><strong>8.1<\/strong>&nbsp; Kuponer, der udstedes gratis af s\u00e6lger som led i kampagner med en bestemt gyldighedsperiode, og som ikke kan k\u00f8bes af kunden (herefter &#8220;kampagnekuponer&#8221;), kan kun indl\u00f8ses i s\u00e6lgers netbutik og kun i den angivne periode .<\/p>\n<p><strong>8.2<\/strong>&nbsp; Individuelle produkter kan udelukkes fra voucher-kampagnen, hvis en tilsvarende begr\u00e6nsning f\u00f8lger af indholdet af kampagnevoucheren.<\/p>\n<p><strong>8.3<\/strong>&nbsp; Kampagnekuponer kan kun indl\u00f8ses, f\u00f8r bestillingsprocessen er afsluttet. Efterf\u00f8lgende fakturering er ikke mulig.<\/p>\n<p><strong>8.4<\/strong>&nbsp; Der kan kun indl\u00f8ses \u00e9n kampagnekupon pr. ordre.<\/p>\n<p><strong>8.5<\/strong>&nbsp; V\u00e6rdien af varerne skal mindst svare til m\u00e6ngden af kampagnebeviset. Eventuel resterende kredit refunderes ikke af s\u00e6lgeren.<\/p>\n<p><strong>8.6<\/strong>&nbsp; Hvis v\u00e6rdien af kampagnekuponen ikke er tilstr\u00e6kkelig til at d\u00e6kke ordren, kan en af de andre betalingsmetoder, som s\u00e6lger tilbyder, v\u00e6lges til at udligne forskellen.<\/p>\n<p><strong>8.7<\/strong>&nbsp; Restbel\u00f8bet p\u00e5 en salgsfremmende voucher udbetales hverken kontant eller forrentes.<\/p>\n<p><strong>8.8<\/strong>&nbsp; Kampagnebeviset refunderes ikke, hvis kunden returnerer de varer, der er betalt helt eller delvist med kampagnebeviset inden for rammerne af hans lovbestemte fortrydelsesret.<\/p>\n<p><strong>8.9<\/strong>&nbsp; Kampagnekuponen kan overdrages. S\u00e6lger kan med afgivende virkning foretage betalinger til den respektive ejer, der indl\u00f8ser kampagnekuponen i s\u00e6lgers onlineshop. Dette g\u00e6lder ikke, hvis s\u00e6lger har kendskab til eller groft uagtsom uvidenhed om ikke-autorisationen, den juridiske inhabilitet eller manglende autorisation fra den respektive ejer.<\/p>\n<h2>9) G\u00e6ldende lov<\/h2>\n<p>Forbundsrepublikken Tysklands lov finder anvendelse p\u00e5 alle retsforhold mellem parterne, undtagen lovene om internationalt k\u00f8b af l\u00f8s\u00f8re. For forbrugere finder dette lovvalg kun anvendelse, for s\u00e5 vidt som den beskyttelse, der ydes ved obligatoriske bestemmelser i loven i den stat, hvor forbrugeren har sit s\u00e6dvanlige opholdssted, ikke tr\u00e6kkes tilbage.<\/p>\n<h2>10) Alternativ tvistbil\u00e6ggelse<\/h2>\n<p><strong>10.1<\/strong>&nbsp; EU-Kommissionen tilbyder en platform til online tvistbil\u00e6ggelse p\u00e5 internettet under f\u00f8lgende link:&nbsp;<a href=\"http:\/\/ec.europa.eu\/consumers\/odr\">http:\/\/ec.europa.eu\/consumers\/odr<\/a><\/p>\n<p>Denne platform fungerer som et kontaktpunkt for udenretslig bil\u00e6ggelse af tvister, der opst\u00e5r som f\u00f8lge af onlinek\u00f8bs- eller servicekontrakter, hvor en forbruger er involveret.<\/p>\n<p><strong>10.2<\/strong>&nbsp; S\u00e6lger er hverken forpligtet eller villig til at deltage i en tvistbil\u00e6ggelsesprocedure for en forbrugervoldgiftsn\u00e6vn.<\/p>\n","protected":false},"excerpt":{"rendered":"<p>Indholdsfortegnelse omfang Indg\u00e5else af kontrakt Fortrydelsesret Priser og betalingsbetingelser Leverings- og forsendelsesbetingelser Ejendomsforbehold Ansvar for fejl (garanti) Indl\u00f8sning af kampagnekuponer G\u00e6ldende lov Alternativ konfliktl\u00f8sning 1) Anvendelsesomr\u00e5de 1.1 Disse generelle vilk\u00e5r og betingelser (herefter &#8220;GTC&#8221;) for Holger K\u00e4ding, som handler under &#8220;versiegelung24.com&#8221; (herefter &#8220;S\u00e6lger&#8221;), g\u00e6lder for alle kontrakter om levering af varer, som en forbruger eller&hellip;&nbsp;<a href=\"https:\/\/www.versiegelung24.com\/da\/generelle-vilkar-og-betingelser\/\" rel=\"bookmark\">Read More &raquo;<span class=\"screen-reader-text\">Generelle vilk\u00e5r og betingelser med kundeoplysninger<\/span><\/a><\/p>\n","protected":false},"author":932,"featured_media":70708,"parent":0,"menu_order":0,"comment_status":"closed","ping_status":"closed","template":"","meta":{"_acf_changed":false,"neve_meta_sidebar":"","neve_meta_container":"","neve_meta_enable_content_width":"","neve_meta_content_width":0,"neve_meta_title_alignment":"","neve_meta_author_avatar":"","neve_post_elements_order":"","neve_meta_disable_header":"","neve_meta_disable_footer":"","neve_meta_disable_title":"","neve_meta_reading_time":"","footnotes":""},"categories":[],"seiten_kategorie":[],"class_list":["post-25656","page","type-page","status-publish","has-post-thumbnail","hentry"],"acf":[],"yoast_head":"<!-- This site is optimized with the Yoast SEO Premium plugin v22.8 (Yoast SEO v27.5) - https:\/\/yoast.com\/product\/yoast-seo-premium-wordpress\/ -->\n<title>Generelle vilk\u00e5r og betingelser med kundeoplysninger - versiegelung24.com<\/title>\n<meta name=\"robots\" content=\"index, follow, max-snippet:-1, max-image-preview:large, max-video-preview:-1\" \/>\n<link rel=\"canonical\" href=\"https:\/\/www.versiegelung24.com\/da\/generelle-vilkar-og-betingelser\/\" \/>\n<meta property=\"og:locale\" content=\"da_DK\" \/>\n<meta property=\"og:type\" content=\"article\" \/>\n<meta property=\"og:title\" content=\"Generelle vilk\u00e5r og betingelser med kundeoplysninger\" \/>\n<meta property=\"og:description\" content=\"Indholdsfortegnelse omfang Indg\u00e5else af kontrakt Fortrydelsesret Priser og betalingsbetingelser Leverings- og forsendelsesbetingelser Ejendomsforbehold Ansvar for fejl (garanti) Indl\u00f8sning af kampagnekuponer G\u00e6ldende lov Alternativ konfliktl\u00f8sning 1) Anvendelsesomr\u00e5de 1.1 Disse generelle vilk\u00e5r og betingelser (herefter &#8220;GTC&#8221;) for Holger K\u00e4ding, som handler under &#8220;versiegelung24.com&#8221; (herefter &#8220;S\u00e6lger&#8221;), g\u00e6lder for alle kontrakter om levering af varer, som en forbruger eller&hellip;&nbsp;Read More &raquo;Generelle vilk\u00e5r og betingelser med kundeoplysninger\" \/>\n<meta property=\"og:url\" content=\"https:\/\/www.versiegelung24.com\/da\/generelle-vilkar-og-betingelser\/\" \/>\n<meta property=\"og:site_name\" content=\"versiegelung24.com\" \/>\n<meta property=\"article:modified_time\" content=\"2024-06-25T18:50:59+00:00\" \/>\n<meta property=\"og:image\" content=\"https:\/\/www.versiegelung24.com\/wp-content\/uploads\/2022\/02\/Impressum.png\" \/>\n\t<meta property=\"og:image:width\" content=\"2000\" \/>\n\t<meta property=\"og:image:height\" content=\"2000\" \/>\n\t<meta property=\"og:image:type\" content=\"image\/png\" \/>\n<meta name=\"twitter:card\" content=\"summary_large_image\" \/>\n<meta name=\"twitter:label1\" content=\"Estimeret l\u00e6setid\" \/>\n\t<meta name=\"twitter:data1\" content=\"7 minutter\" \/>\n<script type=\"application\/ld+json\" class=\"yoast-schema-graph\">{\"@context\":\"https:\\\/\\\/schema.org\",\"@graph\":[{\"@type\":\"WebPage\",\"@id\":\"https:\\\/\\\/www.versiegelung24.com\\\/da\\\/generelle-vilkar-og-betingelser\\\/\",\"url\":\"https:\\\/\\\/www.versiegelung24.com\\\/da\\\/generelle-vilkar-og-betingelser\\\/\",\"name\":\"Generelle vilk\u00e5r og betingelser med kundeoplysninger - versiegelung24.com\",\"isPartOf\":{\"@id\":\"https:\\\/\\\/www.versiegelung24.com\\\/da\\\/#website\"},\"primaryImageOfPage\":{\"@id\":\"https:\\\/\\\/www.versiegelung24.com\\\/da\\\/generelle-vilkar-og-betingelser\\\/#primaryimage\"},\"image\":{\"@id\":\"https:\\\/\\\/www.versiegelung24.com\\\/da\\\/generelle-vilkar-og-betingelser\\\/#primaryimage\"},\"thumbnailUrl\":\"https:\\\/\\\/www.versiegelung24.com\\\/wp-content\\\/uploads\\\/2022\\\/02\\\/Impressum.png\",\"datePublished\":\"2021-08-03T09:14:47+00:00\",\"dateModified\":\"2024-06-25T18:50:59+00:00\",\"breadcrumb\":{\"@id\":\"https:\\\/\\\/www.versiegelung24.com\\\/da\\\/generelle-vilkar-og-betingelser\\\/#breadcrumb\"},\"inLanguage\":\"da-DK\",\"potentialAction\":[{\"@type\":\"ReadAction\",\"target\":[\"https:\\\/\\\/www.versiegelung24.com\\\/da\\\/generelle-vilkar-og-betingelser\\\/\"]}]},{\"@type\":\"ImageObject\",\"inLanguage\":\"da-DK\",\"@id\":\"https:\\\/\\\/www.versiegelung24.com\\\/da\\\/generelle-vilkar-og-betingelser\\\/#primaryimage\",\"url\":\"https:\\\/\\\/www.versiegelung24.com\\\/wp-content\\\/uploads\\\/2022\\\/02\\\/Impressum.png\",\"contentUrl\":\"https:\\\/\\\/www.versiegelung24.com\\\/wp-content\\\/uploads\\\/2022\\\/02\\\/Impressum.png\",\"width\":2000,\"height\":2000},{\"@type\":\"BreadcrumbList\",\"@id\":\"https:\\\/\\\/www.versiegelung24.com\\\/da\\\/generelle-vilkar-og-betingelser\\\/#breadcrumb\",\"itemListElement\":[{\"@type\":\"ListItem\",\"position\":1,\"name\":\"Hjemmeside\",\"item\":\"https:\\\/\\\/www.versiegelung24.com\\\/da\\\/foran\\\/\"},{\"@type\":\"ListItem\",\"position\":2,\"name\":\"Generelle vilk\u00e5r og betingelser med kundeoplysninger\"}]},{\"@type\":\"WebSite\",\"@id\":\"https:\\\/\\\/www.versiegelung24.com\\\/da\\\/#website\",\"url\":\"https:\\\/\\\/www.versiegelung24.com\\\/da\\\/\",\"name\":\"versiegelung24.com\",\"description\":\"Fl\u00fcssigglas-Versiegelung - Made in Germany\",\"publisher\":{\"@id\":\"https:\\\/\\\/www.versiegelung24.com\\\/da\\\/#organization\"},\"potentialAction\":[{\"@type\":\"SearchAction\",\"target\":{\"@type\":\"EntryPoint\",\"urlTemplate\":\"https:\\\/\\\/www.versiegelung24.com\\\/da\\\/?s={search_term_string}\"},\"query-input\":{\"@type\":\"PropertyValueSpecification\",\"valueRequired\":true,\"valueName\":\"search_term_string\"}}],\"inLanguage\":\"da-DK\"},{\"@type\":\"Organization\",\"@id\":\"https:\\\/\\\/www.versiegelung24.com\\\/da\\\/#organization\",\"name\":\"versiegelung24\",\"url\":\"https:\\\/\\\/www.versiegelung24.com\\\/da\\\/\",\"logo\":{\"@type\":\"ImageObject\",\"inLanguage\":\"da-DK\",\"@id\":\"https:\\\/\\\/www.versiegelung24.com\\\/da\\\/#\\\/schema\\\/logo\\\/image\\\/\",\"url\":\"https:\\\/\\\/www.versiegelung24.com\\\/wp-content\\\/uploads\\\/2020\\\/04\\\/versiegelung24.png\",\"contentUrl\":\"https:\\\/\\\/www.versiegelung24.com\\\/wp-content\\\/uploads\\\/2020\\\/04\\\/versiegelung24.png\",\"width\":470,\"height\":102,\"caption\":\"versiegelung24\"},\"image\":{\"@id\":\"https:\\\/\\\/www.versiegelung24.com\\\/da\\\/#\\\/schema\\\/logo\\\/image\\\/\"}}]}<\/script>\n<!-- \/ Yoast SEO Premium plugin. -->","yoast_head_json":{"title":"Generelle vilk\u00e5r og betingelser med kundeoplysninger - versiegelung24.com","robots":{"index":"index","follow":"follow","max-snippet":"max-snippet:-1","max-image-preview":"max-image-preview:large","max-video-preview":"max-video-preview:-1"},"canonical":"https:\/\/www.versiegelung24.com\/da\/generelle-vilkar-og-betingelser\/","og_locale":"da_DK","og_type":"article","og_title":"Generelle vilk\u00e5r og betingelser med kundeoplysninger","og_description":"Indholdsfortegnelse omfang Indg\u00e5else af kontrakt Fortrydelsesret Priser og betalingsbetingelser Leverings- og forsendelsesbetingelser Ejendomsforbehold Ansvar for fejl (garanti) Indl\u00f8sning af kampagnekuponer G\u00e6ldende lov Alternativ konfliktl\u00f8sning 1) Anvendelsesomr\u00e5de 1.1 Disse generelle vilk\u00e5r og betingelser (herefter &#8220;GTC&#8221;) for Holger K\u00e4ding, som handler under &#8220;versiegelung24.com&#8221; (herefter &#8220;S\u00e6lger&#8221;), g\u00e6lder for alle kontrakter om levering af varer, som en forbruger eller&hellip;&nbsp;Read More &raquo;Generelle vilk\u00e5r og betingelser med kundeoplysninger","og_url":"https:\/\/www.versiegelung24.com\/da\/generelle-vilkar-og-betingelser\/","og_site_name":"versiegelung24.com","article_modified_time":"2024-06-25T18:50:59+00:00","og_image":[{"width":2000,"height":2000,"url":"https:\/\/www.versiegelung24.com\/wp-content\/uploads\/2022\/02\/Impressum.png","type":"image\/png"}],"twitter_card":"summary_large_image","twitter_misc":{"Estimeret l\u00e6setid":"7 minutter"},"schema":{"@context":"https:\/\/schema.org","@graph":[{"@type":"WebPage","@id":"https:\/\/www.versiegelung24.com\/da\/generelle-vilkar-og-betingelser\/","url":"https:\/\/www.versiegelung24.com\/da\/generelle-vilkar-og-betingelser\/","name":"Generelle vilk\u00e5r og betingelser med kundeoplysninger - versiegelung24.com","isPartOf":{"@id":"https:\/\/www.versiegelung24.com\/da\/#website"},"primaryImageOfPage":{"@id":"https:\/\/www.versiegelung24.com\/da\/generelle-vilkar-og-betingelser\/#primaryimage"},"image":{"@id":"https:\/\/www.versiegelung24.com\/da\/generelle-vilkar-og-betingelser\/#primaryimage"},"thumbnailUrl":"https:\/\/www.versiegelung24.com\/wp-content\/uploads\/2022\/02\/Impressum.png","datePublished":"2021-08-03T09:14:47+00:00","dateModified":"2024-06-25T18:50:59+00:00","breadcrumb":{"@id":"https:\/\/www.versiegelung24.com\/da\/generelle-vilkar-og-betingelser\/#breadcrumb"},"inLanguage":"da-DK","potentialAction":[{"@type":"ReadAction","target":["https:\/\/www.versiegelung24.com\/da\/generelle-vilkar-og-betingelser\/"]}]},{"@type":"ImageObject","inLanguage":"da-DK","@id":"https:\/\/www.versiegelung24.com\/da\/generelle-vilkar-og-betingelser\/#primaryimage","url":"https:\/\/www.versiegelung24.com\/wp-content\/uploads\/2022\/02\/Impressum.png","contentUrl":"https:\/\/www.versiegelung24.com\/wp-content\/uploads\/2022\/02\/Impressum.png","width":2000,"height":2000},{"@type":"BreadcrumbList","@id":"https:\/\/www.versiegelung24.com\/da\/generelle-vilkar-og-betingelser\/#breadcrumb","itemListElement":[{"@type":"ListItem","position":1,"name":"Hjemmeside","item":"https:\/\/www.versiegelung24.com\/da\/foran\/"},{"@type":"ListItem","position":2,"name":"Generelle vilk\u00e5r og betingelser med kundeoplysninger"}]},{"@type":"WebSite","@id":"https:\/\/www.versiegelung24.com\/da\/#website","url":"https:\/\/www.versiegelung24.com\/da\/","name":"versiegelung24.com","description":"Fl\u00fcssigglas-Versiegelung - Made in Germany","publisher":{"@id":"https:\/\/www.versiegelung24.com\/da\/#organization"},"potentialAction":[{"@type":"SearchAction","target":{"@type":"EntryPoint","urlTemplate":"https:\/\/www.versiegelung24.com\/da\/?s={search_term_string}"},"query-input":{"@type":"PropertyValueSpecification","valueRequired":true,"valueName":"search_term_string"}}],"inLanguage":"da-DK"},{"@type":"Organization","@id":"https:\/\/www.versiegelung24.com\/da\/#organization","name":"versiegelung24","url":"https:\/\/www.versiegelung24.com\/da\/","logo":{"@type":"ImageObject","inLanguage":"da-DK","@id":"https:\/\/www.versiegelung24.com\/da\/#\/schema\/logo\/image\/","url":"https:\/\/www.versiegelung24.com\/wp-content\/uploads\/2020\/04\/versiegelung24.png","contentUrl":"https:\/\/www.versiegelung24.com\/wp-content\/uploads\/2020\/04\/versiegelung24.png","width":470,"height":102,"caption":"versiegelung24"},"image":{"@id":"https:\/\/www.versiegelung24.com\/da\/#\/schema\/logo\/image\/"}}]}},"_links":{"self":[{"href":"https:\/\/www.versiegelung24.com\/da\/wp-json\/wp\/v2\/pages\/25656","targetHints":{"allow":["GET"]}}],"collection":[{"href":"https:\/\/www.versiegelung24.com\/da\/wp-json\/wp\/v2\/pages"}],"about":[{"href":"https:\/\/www.versiegelung24.com\/da\/wp-json\/wp\/v2\/types\/page"}],"author":[{"embeddable":true,"href":"https:\/\/www.versiegelung24.com\/da\/wp-json\/wp\/v2\/users\/932"}],"replies":[{"embeddable":true,"href":"https:\/\/www.versiegelung24.com\/da\/wp-json\/wp\/v2\/comments?post=25656"}],"version-history":[{"count":2,"href":"https:\/\/www.versiegelung24.com\/da\/wp-json\/wp\/v2\/pages\/25656\/revisions"}],"predecessor-version":[{"id":70993,"href":"https:\/\/www.versiegelung24.com\/da\/wp-json\/wp\/v2\/pages\/25656\/revisions\/70993"}],"wp:featuredmedia":[{"embeddable":true,"href":"https:\/\/www.versiegelung24.com\/da\/wp-json\/wp\/v2\/media\/70708"}],"wp:attachment":[{"href":"https:\/\/www.versiegelung24.com\/da\/wp-json\/wp\/v2\/media?parent=25656"}],"wp:term":[{"taxonomy":"category","embeddable":true,"href":"https:\/\/www.versiegelung24.com\/da\/wp-json\/wp\/v2\/categories?post=25656"},{"taxonomy":"seiten_kategorie","embeddable":true,"href":"https:\/\/www.versiegelung24.com\/da\/wp-json\/wp\/v2\/seiten_kategorie?post=25656"}],"curies":[{"name":"wp","href":"https:\/\/api.w.org\/{rel}","templated":true}]}}