{"id":25919,"date":"2021-08-03T12:03:58","date_gmt":"2021-08-03T10:03:58","guid":{"rendered":"https:\/\/www.versiegelung24.com\/afbestillingspolitik-og-afbestillingsformular"},"modified":"2024-06-25T20:51:15","modified_gmt":"2024-06-25T18:51:15","slug":"afbestillingsregler","status":"publish","type":"page","link":"https:\/\/www.versiegelung24.com\/da\/afbestillingsregler\/","title":{"rendered":"Afbestillingspolitik og afbestillingsformular"},"content":{"rendered":"<div class=\"main-container col1-layout\">\n<div class=\"main container\">\n<div class=\"inner-container\">\n<div class=\"col-main\">\n<div class=\"std\">\n<p>Forbrugerne har ret til fortrydelsesret i overensstemmelse med f\u00f8lgende bestemmelser, hvorved en forbruger er enhver fysisk person, der indg\u00e5r en juridisk transaktion til form\u00e5l, der overvejende hverken er kommercielle eller selvst\u00e6ndige:<\/p>\n<p><strong>A. Afbestillingspolitik<\/strong><\/p>\n<p><strong>Fortrydelsesret<br \/>\n<\/strong> Du har ret til at fortryde denne kontrakt inden for 14 dage uden at give en begrundelse.<\/p>\n<p>Fortrydelsesfristen er 14 dage fra den dag, hvor du eller en af dig navngivet tredjemand, som ikke er transport\u00f8ren, har taget de sidste varer i besiddelse.<\/p>\n<p>For at ud\u00f8ve din fortrydelsesret skal du meddele os (Holger K\u00e4ding, An den Ellmen 14, 53773 Hennef, tlf.: 02242-9695650, e-mail: info@versiegelung24.com) ved hj\u00e6lp af en tydelig erkl\u00e6ring (f.eks. et brev eller en e-mail sendt med posten) om din beslutning om at fortryde denne aftale. Du kan bruge den vedh\u00e6ftede model fortrydelsesformular til dette form\u00e5l, men dette er ikke obligatorisk.<\/p>\n<p>For at overholde aflysningsfristen er det tilstr\u00e6kkeligt, at du sender din meddelelse om ud\u00f8velse af din fortrydelsesret, inden fortrydelsesfristen er udl\u00f8bet.<\/p>\n<p><strong><br \/>\nKonsekvenser<\/strong>af fortrydelse Hvis du fortryder denne aftale, refunderer vi alle betalinger modtaget fra dig, herunder leveringsomkostninger (med undtagelse af ekstra omkostninger som f\u00f8lge af dit valg af en anden type levering end den billigste form for standardlevering, som vi tilbyder), uden un\u00f8dig forsinkelse og under alle omst\u00e6ndigheder senest 14 dage fra den dag, hvor vi er blevet informeret om din beslutning om at fortryde denne aftale.<strong><\/strong> Til denne tilbagebetaling vil vi bruge det samme betalingsmiddel, som du brugte til den oprindelige transaktion, medmindre andet udtrykkeligt blev aftalt med dig; Under ingen omst\u00e6ndigheder vil du blive opkr\u00e6vet gebyrer for denne tilbagebetaling. Vi kan n\u00e6gte tilbagebetaling, indtil vi har modtaget varerne tilbage, eller indtil du har fremlagt bevis for, at du har sendt varen tilbage, alt efter hvad der er f\u00f8rst.<\/p>\n<p>Du skal straks returnere eller aflevere varerne til os og under alle omst\u00e6ndigheder senest fjorten dage fra den dato, hvor du informerede os om annullering af denne kontrakt. Fristen er overholdt, hvis du sender varerne inden fjorten dage er udl\u00f8bet.<\/p>\n<p>Du afholder de direkte omkostninger ved returnering af varerne.<\/p>\n<p>Du skal kun betale for ethvert v\u00e6rditab for varerne, hvis dette v\u00e6rditab skyldes h\u00e5ndtering af varerne, der ikke er n\u00f8dvendig for at kontrollere varernes art, egenskaber og funktionalitet.<\/p>\n<p>Udelukkelse eller for tidlig udl\u00f8b af fortrydelsesretten<\/p>\n<p>Fortrydelsesretten udl\u00f8ber for tidligt i tilf\u00e6lde af kontrakter om levering af lyd- eller videooptagelser eller computersoftware i en forseglet pakke, hvis forseglingen er fjernet efter levering.<\/p>\n<p><strong>B. Tilbagetr\u00e6kningsformular<\/strong><\/p>\n<p>Hvis du vil annullere kontrakten, bedes du udfylde denne formular og sende den tilbage.<\/p>\n<p>P\u00e5<\/p>\n<p>samstore.de<\/p>\n<p>Holger K\u00e4ding<br \/>\nP\u00e5 Ellmen 14<br \/>\n53773 Hennef<br \/>\nTyskland<br \/>\nE -mail: info@versiegelung24.com<\/p>\n<p>Jeg \/ vi (*) oph\u00e6ver hermed den kontrakt, jeg \/ os (*) har indg\u00e5et om k\u00f8b af f\u00f8lgende varer (*) \/ levering af f\u00f8lgende service (*)<\/p>\n<p>_______________________________________________________<\/p>\n<p>_______________________________________________________<\/p>\n<p>Bestilt den (*) ____________ \/ modtaget den (*) __________________<\/p>\n<p>________________________________________________________<\/p>\n<p>Forbrugerens navn<\/p>\n<p>________________________________________________________<\/p>\n<p>Forbrugerens (e) adresse<\/p>\n<p>________________________________________________________<\/p>\n<p>Forbrugerens (e) underskrift (kun hvis dette meddeles p\u00e5 papir)<\/p>\n<p>_________________________<\/p>\n<p>dato<\/p>\n<p>(*) Slet, hvor det ikke er relevant<\/p>\n<\/div>\n<\/div>\n<div class=\"postscript\"><\/div>\n<\/div>\n<\/div>\n<div class=\"main-bottom-container\"><\/div>\n<\/div>\n<div class=\"footer-container\">\n<div class=\"footer-container2\">\n<div class=\"footer-container3\">\n<div class=\"footer-primary-container section-container\">\n<div class=\"footer-primary footer container\">\n<div class=\"inner-container\">\n<div class=\"clearer\">\n<div class=\"grid12-3\">\n<div class=\"std\">\n<div class=\"collapsible mobile-collapsible\"><\/div>\n<\/div>\n<\/div>\n<\/div>\n<\/div>\n<\/div>\n<\/div>\n<\/div>\n<\/div>\n<\/div>\n","protected":false},"excerpt":{"rendered":"<p>Forbrugerne har ret til fortrydelsesret i overensstemmelse med f\u00f8lgende bestemmelser, hvorved en forbruger er enhver fysisk person, der indg\u00e5r en juridisk transaktion til form\u00e5l, der overvejende hverken er kommercielle eller selvst\u00e6ndige: A. Afbestillingspolitik Fortrydelsesret Du har ret til at fortryde denne kontrakt inden for 14 dage uden at give en begrundelse. Fortrydelsesfristen er 14 dage&hellip;&nbsp;<a href=\"https:\/\/www.versiegelung24.com\/da\/afbestillingsregler\/\" rel=\"bookmark\">Read More &raquo;<span class=\"screen-reader-text\">Afbestillingspolitik og afbestillingsformular<\/span><\/a><\/p>\n","protected":false},"author":932,"featured_media":71018,"parent":0,"menu_order":0,"comment_status":"closed","ping_status":"closed","template":"","meta":{"_acf_changed":false,"neve_meta_sidebar":"","neve_meta_container":"","neve_meta_enable_content_width":"","neve_meta_content_width":0,"neve_meta_title_alignment":"","neve_meta_author_avatar":"","neve_post_elements_order":"","neve_meta_disable_header":"","neve_meta_disable_footer":"","neve_meta_disable_title":"","neve_meta_reading_time":"","footnotes":""},"categories":[],"seiten_kategorie":[],"class_list":["post-25919","page","type-page","status-publish","has-post-thumbnail","hentry"],"acf":[],"yoast_head":"<!-- This site is optimized with the Yoast SEO Premium plugin v22.8 (Yoast SEO v27.5) - https:\/\/yoast.com\/product\/yoast-seo-premium-wordpress\/ -->\n<title>Afbestillingspolitik og afbestillingsformular - versiegelung24.com<\/title>\n<meta name=\"robots\" content=\"index, follow, max-snippet:-1, max-image-preview:large, max-video-preview:-1\" \/>\n<link rel=\"canonical\" href=\"https:\/\/www.versiegelung24.com\/da\/afbestillingsregler\/\" \/>\n<meta property=\"og:locale\" content=\"da_DK\" \/>\n<meta property=\"og:type\" content=\"article\" \/>\n<meta property=\"og:title\" content=\"Afbestillingspolitik og afbestillingsformular\" \/>\n<meta property=\"og:description\" content=\"Forbrugerne har ret til fortrydelsesret i overensstemmelse med f\u00f8lgende bestemmelser, hvorved en forbruger er enhver fysisk person, der indg\u00e5r en juridisk transaktion til form\u00e5l, der overvejende hverken er kommercielle eller selvst\u00e6ndige: A. Afbestillingspolitik Fortrydelsesret Du har ret til at fortryde denne kontrakt inden for 14 dage uden at give en begrundelse. Fortrydelsesfristen er 14 dage&hellip;&nbsp;Read More &raquo;Afbestillingspolitik og afbestillingsformular\" \/>\n<meta property=\"og:url\" content=\"https:\/\/www.versiegelung24.com\/da\/afbestillingsregler\/\" \/>\n<meta property=\"og:site_name\" content=\"versiegelung24.com\" \/>\n<meta property=\"article:modified_time\" content=\"2024-06-25T18:51:15+00:00\" \/>\n<meta property=\"og:image\" content=\"https:\/\/www.versiegelung24.com\/wp-content\/uploads\/2022\/02\/Widerruf.png\" \/>\n\t<meta property=\"og:image:width\" content=\"2000\" \/>\n\t<meta property=\"og:image:height\" content=\"2000\" \/>\n\t<meta property=\"og:image:type\" content=\"image\/png\" \/>\n<meta name=\"twitter:card\" content=\"summary_large_image\" \/>\n<meta name=\"twitter:label1\" content=\"Estimeret l\u00e6setid\" \/>\n\t<meta name=\"twitter:data1\" content=\"3 minutter\" \/>\n<script type=\"application\/ld+json\" class=\"yoast-schema-graph\">{\"@context\":\"https:\\\/\\\/schema.org\",\"@graph\":[{\"@type\":\"WebPage\",\"@id\":\"https:\\\/\\\/www.versiegelung24.com\\\/da\\\/afbestillingsregler\\\/\",\"url\":\"https:\\\/\\\/www.versiegelung24.com\\\/da\\\/afbestillingsregler\\\/\",\"name\":\"Afbestillingspolitik og afbestillingsformular - versiegelung24.com\",\"isPartOf\":{\"@id\":\"https:\\\/\\\/www.versiegelung24.com\\\/da\\\/#website\"},\"primaryImageOfPage\":{\"@id\":\"https:\\\/\\\/www.versiegelung24.com\\\/da\\\/afbestillingsregler\\\/#primaryimage\"},\"image\":{\"@id\":\"https:\\\/\\\/www.versiegelung24.com\\\/da\\\/afbestillingsregler\\\/#primaryimage\"},\"thumbnailUrl\":\"https:\\\/\\\/www.versiegelung24.com\\\/wp-content\\\/uploads\\\/2022\\\/02\\\/Widerruf.png\",\"datePublished\":\"2021-08-03T10:03:58+00:00\",\"dateModified\":\"2024-06-25T18:51:15+00:00\",\"breadcrumb\":{\"@id\":\"https:\\\/\\\/www.versiegelung24.com\\\/da\\\/afbestillingsregler\\\/#breadcrumb\"},\"inLanguage\":\"da-DK\",\"potentialAction\":[{\"@type\":\"ReadAction\",\"target\":[\"https:\\\/\\\/www.versiegelung24.com\\\/da\\\/afbestillingsregler\\\/\"]}]},{\"@type\":\"ImageObject\",\"inLanguage\":\"da-DK\",\"@id\":\"https:\\\/\\\/www.versiegelung24.com\\\/da\\\/afbestillingsregler\\\/#primaryimage\",\"url\":\"https:\\\/\\\/www.versiegelung24.com\\\/wp-content\\\/uploads\\\/2022\\\/02\\\/Widerruf.png\",\"contentUrl\":\"https:\\\/\\\/www.versiegelung24.com\\\/wp-content\\\/uploads\\\/2022\\\/02\\\/Widerruf.png\",\"width\":2000,\"height\":2000},{\"@type\":\"BreadcrumbList\",\"@id\":\"https:\\\/\\\/www.versiegelung24.com\\\/da\\\/afbestillingsregler\\\/#breadcrumb\",\"itemListElement\":[{\"@type\":\"ListItem\",\"position\":1,\"name\":\"Hjemmeside\",\"item\":\"https:\\\/\\\/www.versiegelung24.com\\\/da\\\/foran\\\/\"},{\"@type\":\"ListItem\",\"position\":2,\"name\":\"Afbestillingspolitik og afbestillingsformular\"}]},{\"@type\":\"WebSite\",\"@id\":\"https:\\\/\\\/www.versiegelung24.com\\\/da\\\/#website\",\"url\":\"https:\\\/\\\/www.versiegelung24.com\\\/da\\\/\",\"name\":\"versiegelung24.com\",\"description\":\"Fl\u00fcssigglas-Versiegelung - Made in Germany\",\"publisher\":{\"@id\":\"https:\\\/\\\/www.versiegelung24.com\\\/da\\\/#organization\"},\"potentialAction\":[{\"@type\":\"SearchAction\",\"target\":{\"@type\":\"EntryPoint\",\"urlTemplate\":\"https:\\\/\\\/www.versiegelung24.com\\\/da\\\/?s={search_term_string}\"},\"query-input\":{\"@type\":\"PropertyValueSpecification\",\"valueRequired\":true,\"valueName\":\"search_term_string\"}}],\"inLanguage\":\"da-DK\"},{\"@type\":\"Organization\",\"@id\":\"https:\\\/\\\/www.versiegelung24.com\\\/da\\\/#organization\",\"name\":\"versiegelung24\",\"url\":\"https:\\\/\\\/www.versiegelung24.com\\\/da\\\/\",\"logo\":{\"@type\":\"ImageObject\",\"inLanguage\":\"da-DK\",\"@id\":\"https:\\\/\\\/www.versiegelung24.com\\\/da\\\/#\\\/schema\\\/logo\\\/image\\\/\",\"url\":\"https:\\\/\\\/www.versiegelung24.com\\\/wp-content\\\/uploads\\\/2020\\\/04\\\/versiegelung24.png\",\"contentUrl\":\"https:\\\/\\\/www.versiegelung24.com\\\/wp-content\\\/uploads\\\/2020\\\/04\\\/versiegelung24.png\",\"width\":470,\"height\":102,\"caption\":\"versiegelung24\"},\"image\":{\"@id\":\"https:\\\/\\\/www.versiegelung24.com\\\/da\\\/#\\\/schema\\\/logo\\\/image\\\/\"}}]}<\/script>\n<!-- \/ Yoast SEO Premium plugin. -->","yoast_head_json":{"title":"Afbestillingspolitik og afbestillingsformular - versiegelung24.com","robots":{"index":"index","follow":"follow","max-snippet":"max-snippet:-1","max-image-preview":"max-image-preview:large","max-video-preview":"max-video-preview:-1"},"canonical":"https:\/\/www.versiegelung24.com\/da\/afbestillingsregler\/","og_locale":"da_DK","og_type":"article","og_title":"Afbestillingspolitik og afbestillingsformular","og_description":"Forbrugerne har ret til fortrydelsesret i overensstemmelse med f\u00f8lgende bestemmelser, hvorved en forbruger er enhver fysisk person, der indg\u00e5r en juridisk transaktion til form\u00e5l, der overvejende hverken er kommercielle eller selvst\u00e6ndige: A. Afbestillingspolitik Fortrydelsesret Du har ret til at fortryde denne kontrakt inden for 14 dage uden at give en begrundelse. Fortrydelsesfristen er 14 dage&hellip;&nbsp;Read More &raquo;Afbestillingspolitik og afbestillingsformular","og_url":"https:\/\/www.versiegelung24.com\/da\/afbestillingsregler\/","og_site_name":"versiegelung24.com","article_modified_time":"2024-06-25T18:51:15+00:00","og_image":[{"width":2000,"height":2000,"url":"https:\/\/www.versiegelung24.com\/wp-content\/uploads\/2022\/02\/Widerruf.png","type":"image\/png"}],"twitter_card":"summary_large_image","twitter_misc":{"Estimeret l\u00e6setid":"3 minutter"},"schema":{"@context":"https:\/\/schema.org","@graph":[{"@type":"WebPage","@id":"https:\/\/www.versiegelung24.com\/da\/afbestillingsregler\/","url":"https:\/\/www.versiegelung24.com\/da\/afbestillingsregler\/","name":"Afbestillingspolitik og afbestillingsformular - versiegelung24.com","isPartOf":{"@id":"https:\/\/www.versiegelung24.com\/da\/#website"},"primaryImageOfPage":{"@id":"https:\/\/www.versiegelung24.com\/da\/afbestillingsregler\/#primaryimage"},"image":{"@id":"https:\/\/www.versiegelung24.com\/da\/afbestillingsregler\/#primaryimage"},"thumbnailUrl":"https:\/\/www.versiegelung24.com\/wp-content\/uploads\/2022\/02\/Widerruf.png","datePublished":"2021-08-03T10:03:58+00:00","dateModified":"2024-06-25T18:51:15+00:00","breadcrumb":{"@id":"https:\/\/www.versiegelung24.com\/da\/afbestillingsregler\/#breadcrumb"},"inLanguage":"da-DK","potentialAction":[{"@type":"ReadAction","target":["https:\/\/www.versiegelung24.com\/da\/afbestillingsregler\/"]}]},{"@type":"ImageObject","inLanguage":"da-DK","@id":"https:\/\/www.versiegelung24.com\/da\/afbestillingsregler\/#primaryimage","url":"https:\/\/www.versiegelung24.com\/wp-content\/uploads\/2022\/02\/Widerruf.png","contentUrl":"https:\/\/www.versiegelung24.com\/wp-content\/uploads\/2022\/02\/Widerruf.png","width":2000,"height":2000},{"@type":"BreadcrumbList","@id":"https:\/\/www.versiegelung24.com\/da\/afbestillingsregler\/#breadcrumb","itemListElement":[{"@type":"ListItem","position":1,"name":"Hjemmeside","item":"https:\/\/www.versiegelung24.com\/da\/foran\/"},{"@type":"ListItem","position":2,"name":"Afbestillingspolitik og afbestillingsformular"}]},{"@type":"WebSite","@id":"https:\/\/www.versiegelung24.com\/da\/#website","url":"https:\/\/www.versiegelung24.com\/da\/","name":"versiegelung24.com","description":"Fl\u00fcssigglas-Versiegelung - Made in Germany","publisher":{"@id":"https:\/\/www.versiegelung24.com\/da\/#organization"},"potentialAction":[{"@type":"SearchAction","target":{"@type":"EntryPoint","urlTemplate":"https:\/\/www.versiegelung24.com\/da\/?s={search_term_string}"},"query-input":{"@type":"PropertyValueSpecification","valueRequired":true,"valueName":"search_term_string"}}],"inLanguage":"da-DK"},{"@type":"Organization","@id":"https:\/\/www.versiegelung24.com\/da\/#organization","name":"versiegelung24","url":"https:\/\/www.versiegelung24.com\/da\/","logo":{"@type":"ImageObject","inLanguage":"da-DK","@id":"https:\/\/www.versiegelung24.com\/da\/#\/schema\/logo\/image\/","url":"https:\/\/www.versiegelung24.com\/wp-content\/uploads\/2020\/04\/versiegelung24.png","contentUrl":"https:\/\/www.versiegelung24.com\/wp-content\/uploads\/2020\/04\/versiegelung24.png","width":470,"height":102,"caption":"versiegelung24"},"image":{"@id":"https:\/\/www.versiegelung24.com\/da\/#\/schema\/logo\/image\/"}}]}},"_links":{"self":[{"href":"https:\/\/www.versiegelung24.com\/da\/wp-json\/wp\/v2\/pages\/25919","targetHints":{"allow":["GET"]}}],"collection":[{"href":"https:\/\/www.versiegelung24.com\/da\/wp-json\/wp\/v2\/pages"}],"about":[{"href":"https:\/\/www.versiegelung24.com\/da\/wp-json\/wp\/v2\/types\/page"}],"author":[{"embeddable":true,"href":"https:\/\/www.versiegelung24.com\/da\/wp-json\/wp\/v2\/users\/932"}],"replies":[{"embeddable":true,"href":"https:\/\/www.versiegelung24.com\/da\/wp-json\/wp\/v2\/comments?post=25919"}],"version-history":[{"count":3,"href":"https:\/\/www.versiegelung24.com\/da\/wp-json\/wp\/v2\/pages\/25919\/revisions"}],"predecessor-version":[{"id":167649,"href":"https:\/\/www.versiegelung24.com\/da\/wp-json\/wp\/v2\/pages\/25919\/revisions\/167649"}],"wp:featuredmedia":[{"embeddable":true,"href":"https:\/\/www.versiegelung24.com\/da\/wp-json\/wp\/v2\/media\/71018"}],"wp:attachment":[{"href":"https:\/\/www.versiegelung24.com\/da\/wp-json\/wp\/v2\/media?parent=25919"}],"wp:term":[{"taxonomy":"category","embeddable":true,"href":"https:\/\/www.versiegelung24.com\/da\/wp-json\/wp\/v2\/categories?post=25919"},{"taxonomy":"seiten_kategorie","embeddable":true,"href":"https:\/\/www.versiegelung24.com\/da\/wp-json\/wp\/v2\/seiten_kategorie?post=25919"}],"curies":[{"name":"wp","href":"https:\/\/api.w.org\/{rel}","templated":true}]}}