{"id":41066,"date":"2021-12-14T14:15:38","date_gmt":"2021-12-14T13:15:38","guid":{"rendered":"https:\/\/www.versiegelung24.com\/raad-om-produkter-fra-versiegelung24\/vide-hvordan\/graffitibeskyttelse"},"modified":"2024-09-01T18:17:16","modified_gmt":"2024-09-01T16:17:16","slug":"graffiti-beskyttelse-med-flydende-glas","status":"publish","type":"page","link":"https:\/\/www.versiegelung24.com\/da\/raad-om-produkter-fra-versiegelung24\/vide-hvordan\/graffiti-beskyttelse-med-flydende-glas\/","title":{"rendered":"Graffitibeskyttelse til facaden"},"content":{"rendered":"\n<h1 class=\"wp-block-heading\" id=\"h-graffiti-schutz-mit-flussigglas\">Graffitibeskyttelse med flydende glas<\/h1>\n\n<p>Denne video burde v\u00e6re s\u00e6rlig interessant for byer og kommuner eller for beskadigede ejendomsejere, der allerede har haft erfaring med forurening fra graffitispr\u00f8jter. Farverne p\u00e5 &#8220;kunstnerne&#8221; er vedholdende og tr\u00e6nger ind i betonen eller stenen, n\u00e5r de spr\u00f8jtes. Som et resultat er det en meget bekostelig og tidskr\u00e6vende sag at f\u00e5 fjernet graffitien, som normalt skal udf\u00f8res professionelt.<\/p>\n\n<figure class=\"wp-block-embed aligncenter is-type-video is-provider-youtube wp-block-embed-youtube wp-embed-aspect-16-9 wp-has-aspect-ratio\"><div class=\"wp-block-embed__wrapper\"> \n<div class=\"nv-iframe-embed\"><iframe title=\"Graffiti Protection Pro 626 - How does it work?\" width=\"1200\" height=\"675\" src=\"https:\/\/www.youtube.com\/embed\/dP9jGmUvoek?feature=oembed\" frameborder=\"0\" allow=\"accelerometer; autoplay; clipboard-write; encrypted-media; gyroscope; picture-in-picture\" allowfullscreen><\/iframe><\/div>\n <\/div><\/figure>\n\n<div class=\"wp-block-columns is-layout-flex wp-container-core-columns-is-layout-9d6595d7 wp-block-columns-is-layout-flex\">\n<div class=\"wp-block-column is-layout-flow wp-block-column-is-layout-flow\" style=\"flex-basis:66.66%\">\n<p>Videoen viser sammenligningen med to betonsten:<\/p>\n\n\n\n<p><a href=\"https:\/\/www.versiegelung24.com\/da\/anti-graffiti-beskyttende-belaegning-yderst-effektiv-facade-forsegling.html\">Den ene sten er fuldst\u00e6ndig forseglet med flydende glas<\/a> , den anden er ikke. Nu, som en pendant til farvesprayen, males et kryds p\u00e5 den respektive sten med en tusch. Ogs\u00e5 her kan du se med det samme &#8211; i tilf\u00e6lde af den ubehandlede sten tegnes den sorte farve med det samme, korset er tydeligt synligt. N\u00e5r stenen er forseglet, kan farven ikke tr\u00e6nge igennem det <a href=\"https:\/\/www.versiegelung24.com\/da\/anti-graffiti-beskyttende-belaegning-yderst-effektiv-facade-forsegling.html\" target=\"_blank\" rel=\"noreferrer noopener\">flydende<\/a> glas, hvilket betyder, at der ikke er nogen vedh\u00e6ftning. Korset er derfor kun svagt synligt og kan kun fjernes med vand uden at efterlade rester. Du pr\u00f8ver forg\u00e6ves at g\u00f8re dette med den ubehandlede mursten i videoen. I mange tilf\u00e6lde kan man rense med vand alene, men effektiviteten kan variere afh\u00e6ngigt af typen af graffiti.<\/p>\n\n\n\n<p>Flydende glasbel\u00e6gning kan bruges til at beskytte overfladen mod graffiti.\nN\u00e5r det p\u00e5f\u00f8res korrekt og under gunstige forhold, kan den beskyttende effekt vare i op til 20 \u00e5r. <\/p>\n\n\n\n<p>Se videoen for at se, hvor nemt det er at forsegle betonen: F\u00f8r den flydende glasbel\u00e6gning p\u00e5f\u00f8res, skal overfladen reng\u00f8res grundigt og t\u00f8rres for at sikre, at fugemassen h\u00e6fter optimalt og er j\u00e6vnt fordelt.<\/p>\n<\/div>\n\n\n\n<div class=\"wp-block-column is-layout-flow wp-block-column-is-layout-flow\" style=\"flex-basis:33.33%\"><div class=\"wp-block-image\">\n<figure class=\"alignright size-full is-resized\"><img fetchpriority=\"high\" decoding=\"async\" width=\"1000\" height=\"1000\" src=\"https:\/\/www.versiegelung24.com\/wp-content\/uploads\/2021\/12\/graf-1.jpg\" alt=\"\" class=\"wp-image-40868\" style=\"width:313px;height:313px\" srcset=\"https:\/\/www.versiegelung24.com\/wp-content\/uploads\/2021\/12\/graf-1.jpg 1000w, https:\/\/www.versiegelung24.com\/wp-content\/uploads\/2021\/12\/graf-1-400x400.jpg 400w, https:\/\/www.versiegelung24.com\/wp-content\/uploads\/2021\/12\/graf-1-100x100.jpg 100w, https:\/\/www.versiegelung24.com\/wp-content\/uploads\/2021\/12\/graf-1-600x600.jpg 600w, https:\/\/www.versiegelung24.com\/wp-content\/uploads\/2021\/12\/graf-1-300x300.jpg 300w, https:\/\/www.versiegelung24.com\/wp-content\/uploads\/2021\/12\/graf-1-80x80.jpg 80w, https:\/\/www.versiegelung24.com\/wp-content\/uploads\/2021\/12\/graf-1-768x768.jpg 768w\" sizes=\"(max-width: 1000px) 100vw, 1000px\" \/><\/figure>\n<\/div><\/div>\n<\/div>\n<div class=\"woocommerce columns-4 \"><ul class=\"products columns-4\">\n<li class=\"product type-product post-23947 status-publish first instock product_cat-taetning-af-sten-og-beton has-post-thumbnail taxable shipping-taxable purchasable product-type-variable has-default-attributes\">\n\t<div class=\"nv-card-content-wrapper\"><a href=\"https:\/\/www.versiegelung24.com\/da\/anti-graffiti-beskyttende-belaegning-yderst-effektiv-facade-forsegling.html\" class=\"woocommerce-LoopProduct-link woocommerce-loop-product__link\"><div class=\"sp-product-image \"><div class=\"img-wrap\"><img decoding=\"async\" width=\"400\" height=\"400\" src=\"https:\/\/www.versiegelung24.com\/wp-content\/uploads\/2020\/04\/7626-anti-graffiti-400x400.webp\" class=\"attachment-woocommerce_thumbnail size-woocommerce_thumbnail\" alt=\"Graffiti-beskyttende bel\u00e6gning - Anti-graffiti-bel\u00e6gning\" srcset=\"https:\/\/www.versiegelung24.com\/wp-content\/uploads\/2020\/04\/7626-anti-graffiti-400x400.webp 400w, https:\/\/www.versiegelung24.com\/wp-content\/uploads\/2020\/04\/7626-anti-graffiti-300x300.webp 300w, https:\/\/www.versiegelung24.com\/wp-content\/uploads\/2020\/04\/7626-anti-graffiti-1300x1300.webp 1300w, https:\/\/www.versiegelung24.com\/wp-content\/uploads\/2020\/04\/7626-anti-graffiti-80x80.webp 80w, https:\/\/www.versiegelung24.com\/wp-content\/uploads\/2020\/04\/7626-anti-graffiti-768x768.webp 768w, https:\/\/www.versiegelung24.com\/wp-content\/uploads\/2020\/04\/7626-anti-graffiti-1536x1536.webp 1536w, https:\/\/www.versiegelung24.com\/wp-content\/uploads\/2020\/04\/7626-anti-graffiti-2048x2048.webp 2048w, https:\/\/www.versiegelung24.com\/wp-content\/uploads\/2020\/04\/7626-anti-graffiti-70x70.webp 70w, https:\/\/www.versiegelung24.com\/wp-content\/uploads\/2020\/04\/7626-anti-graffiti-600x600.webp 600w, https:\/\/www.versiegelung24.com\/wp-content\/uploads\/2020\/04\/7626-anti-graffiti-100x100.webp 100w\" sizes=\"(max-width: 400px) 100vw, 400px\" \/><\/div><\/div><h2 class=\"woocommerce-loop-product__title\">Graffiti-beskyttende bel\u00e6gning &#8211; Anti-graffiti-bel\u00e6gning<\/h2>\n\t<span class=\"price\"><span class=\"woocommerce-Price-amount amount\"><bdi>359,00<span class=\"woocommerce-Price-currencySymbol\">&euro;<\/span><\/bdi><\/span><\/span>\n\n\n\t<p class=\"price price-unit smaller wc-gzd-additional-info wc-gzd-additional-info-loop\">(<span class=\"woocommerce-Price-amount amount\">71,80<span class=\"woocommerce-Price-currencySymbol\">&euro;<\/span><\/span> \/ <span class=\"unit\">l<\/span>)<\/p>\n\n<\/a>\t\t<p class=\"artikelnummer wc-gzd-additional-info\">\n\t\t\tVarenummer (SKU): 9201-7626-5000\t\t<\/p>\n\t\t\n\t<p class=\"wc-gzd-additional-info wc-gzd-additional-info-loop product-units-wrapper product-units\">Indhold: 5 <span class=\"unit\">l<\/span><\/p>\n\t\t<p class=\"lagerbestand wc-gzd-additional-info\">\n\t\t\t<strong>\n\t\t\t\tBeholdning\t\t\t\t:\n\t\t\t<\/strong>\n\t\t\tP\u00e5 lager\t\t<\/p>\n\t\t\n\t<p class=\"wc-gzd-additional-info delivery-time-info wc-gzd-additional-info-loop\"><span class=\"delivery-time-inner delivery-time-7-arbejdsdage\">Leveringstid:  <span class=\"delivery-time-data\">7 arbejdsdage<\/span><\/span><\/p>\n\n\t<p class=\"wc-gzd-additional-info wc-gzd-additional-info-loop tax-info\">incl. VAT<\/p>\n\n\t<p class=\"wc-gzd-additional-info wc-gzd-additional-info-loop shipping-costs-info\">plus  <a href=\"https:\/\/www.versiegelung24.com\/da\/raad-om-produkter-fra-versiegelung24\/forsendelse\/\" target=\"_blank\">Forsendelse<\/a><\/p>\n<a href=\"https:\/\/www.versiegelung24.com\/da\/anti-graffiti-beskyttende-belaegning-yderst-effektiv-facade-forsegling.html\" aria-describedby=\"woocommerce_loop_add_to_cart_link_describedby_23947\" data-quantity=\"1\" class=\"button product_type_variable add_to_cart_button\" data-product_id=\"23947\" data-product_sku=\"9201-7626-5000\" aria-label=\"V\u00e6lg muligheder for &ldquo;Graffiti-beskyttende bel\u00e6gning - Anti-graffiti-bel\u00e6gning&rdquo;\" rel=\"nofollow\">V\u00e6lg muligheder<\/a>\t<span id=\"woocommerce_loop_add_to_cart_link_describedby_23947\" class=\"screen-reader-text\">\n\t\tDette vare har flere varianter. Mulighederne kan v\u00e6lges p\u00e5 varesiden\t<\/span>\n<\/div><\/li>\n<\/ul>\n<\/div>\n\n","protected":false},"excerpt":{"rendered":"<p>Erkl\u00e6r krig mod graffiti &#8211; effektiv beskyttelse af din facade med flydende glas.<\/p>\n","protected":false},"author":932,"featured_media":40874,"parent":34616,"menu_order":0,"comment_status":"closed","ping_status":"closed","template":"","meta":{"_acf_changed":false,"neve_meta_sidebar":"full-width","neve_meta_container":"","neve_meta_enable_content_width":"on","neve_meta_content_width":100,"neve_meta_title_alignment":"","neve_meta_author_avatar":"","neve_post_elements_order":"","neve_meta_disable_header":"","neve_meta_disable_footer":"","neve_meta_disable_title":"","neve_meta_reading_time":"","footnotes":""},"categories":[3556,3498],"seiten_kategorie":[3832],"class_list":["post-41066","page","type-page","status-publish","has-post-thumbnail","hentry","category-hus-og-have","category-rad-artikel-magasin"],"acf":[],"yoast_head":"<!-- This site is optimized with the Yoast SEO Premium plugin v22.8 (Yoast SEO v27.5) - https:\/\/yoast.com\/product\/yoast-seo-premium-wordpress\/ -->\n<title>Flydende gals versiegelung24.com - Graffitibeskyttelse til facaden -<\/title>\n<meta name=\"description\" content=\"Flydende gals sealer som beskyttelse mod graffiti. Find ud af hos os, hvordan du kan beskytte dine ejendele.\" \/>\n<meta name=\"robots\" content=\"index, follow, max-snippet:-1, max-image-preview:large, max-video-preview:-1\" \/>\n<link rel=\"canonical\" href=\"https:\/\/www.versiegelung24.com\/da\/raad-om-produkter-fra-versiegelung24\/vide-hvordan\/graffiti-beskyttelse-med-flydende-glas\/\" \/>\n<meta property=\"og:locale\" content=\"da_DK\" \/>\n<meta property=\"og:type\" content=\"article\" \/>\n<meta property=\"og:title\" content=\"Graffitibeskyttelse til facaden\" \/>\n<meta property=\"og:description\" content=\"Flydende gals sealer som beskyttelse mod graffiti. Find ud af hos os, hvordan du kan beskytte dine ejendele.\" \/>\n<meta property=\"og:url\" content=\"https:\/\/www.versiegelung24.com\/da\/raad-om-produkter-fra-versiegelung24\/vide-hvordan\/graffiti-beskyttelse-med-flydende-glas\/\" \/>\n<meta property=\"og:site_name\" content=\"versiegelung24.com\" \/>\n<meta property=\"article:modified_time\" content=\"2024-09-01T16:17:16+00:00\" \/>\n<meta property=\"og:image\" content=\"https:\/\/www.versiegelung24.com\/wp-content\/uploads\/2021\/12\/graf-1.jpg\" \/>\n\t<meta property=\"og:image:width\" content=\"1000\" \/>\n\t<meta property=\"og:image:height\" content=\"1000\" \/>\n\t<meta property=\"og:image:type\" content=\"image\/jpeg\" \/>\n<meta name=\"twitter:card\" content=\"summary_large_image\" \/>\n<meta name=\"twitter:label1\" content=\"Estimeret l\u00e6setid\" \/>\n\t<meta name=\"twitter:data1\" content=\"1 minut\" \/>\n<script type=\"application\/ld+json\" class=\"yoast-schema-graph\">{\"@context\":\"https:\\\/\\\/schema.org\",\"@graph\":[{\"@type\":\"WebPage\",\"@id\":\"https:\\\/\\\/www.versiegelung24.com\\\/da\\\/raad-om-produkter-fra-versiegelung24\\\/vide-hvordan\\\/graffiti-beskyttelse-med-flydende-glas\\\/\",\"url\":\"https:\\\/\\\/www.versiegelung24.com\\\/da\\\/raad-om-produkter-fra-versiegelung24\\\/vide-hvordan\\\/graffiti-beskyttelse-med-flydende-glas\\\/\",\"name\":\"Flydende gals versiegelung24.com - Graffitibeskyttelse til facaden -\",\"isPartOf\":{\"@id\":\"https:\\\/\\\/www.versiegelung24.com\\\/da\\\/#website\"},\"primaryImageOfPage\":{\"@id\":\"https:\\\/\\\/www.versiegelung24.com\\\/da\\\/raad-om-produkter-fra-versiegelung24\\\/vide-hvordan\\\/graffiti-beskyttelse-med-flydende-glas\\\/#primaryimage\"},\"image\":{\"@id\":\"https:\\\/\\\/www.versiegelung24.com\\\/da\\\/raad-om-produkter-fra-versiegelung24\\\/vide-hvordan\\\/graffiti-beskyttelse-med-flydende-glas\\\/#primaryimage\"},\"thumbnailUrl\":\"https:\\\/\\\/www.versiegelung24.com\\\/wp-content\\\/uploads\\\/2021\\\/12\\\/graf-1.jpg\",\"datePublished\":\"2021-12-14T13:15:38+00:00\",\"dateModified\":\"2024-09-01T16:17:16+00:00\",\"description\":\"Flydende gals sealer som beskyttelse mod graffiti. Find ud af hos os, hvordan du kan beskytte dine ejendele.\",\"breadcrumb\":{\"@id\":\"https:\\\/\\\/www.versiegelung24.com\\\/da\\\/raad-om-produkter-fra-versiegelung24\\\/vide-hvordan\\\/graffiti-beskyttelse-med-flydende-glas\\\/#breadcrumb\"},\"inLanguage\":\"da-DK\",\"potentialAction\":[{\"@type\":\"ReadAction\",\"target\":[\"https:\\\/\\\/www.versiegelung24.com\\\/da\\\/raad-om-produkter-fra-versiegelung24\\\/vide-hvordan\\\/graffiti-beskyttelse-med-flydende-glas\\\/\"]}]},{\"@type\":\"ImageObject\",\"inLanguage\":\"da-DK\",\"@id\":\"https:\\\/\\\/www.versiegelung24.com\\\/da\\\/raad-om-produkter-fra-versiegelung24\\\/vide-hvordan\\\/graffiti-beskyttelse-med-flydende-glas\\\/#primaryimage\",\"url\":\"https:\\\/\\\/www.versiegelung24.com\\\/wp-content\\\/uploads\\\/2021\\\/12\\\/graf-1.jpg\",\"contentUrl\":\"https:\\\/\\\/www.versiegelung24.com\\\/wp-content\\\/uploads\\\/2021\\\/12\\\/graf-1.jpg\",\"width\":1000,\"height\":1000},{\"@type\":\"BreadcrumbList\",\"@id\":\"https:\\\/\\\/www.versiegelung24.com\\\/da\\\/raad-om-produkter-fra-versiegelung24\\\/vide-hvordan\\\/graffiti-beskyttelse-med-flydende-glas\\\/#breadcrumb\",\"itemListElement\":[{\"@type\":\"ListItem\",\"position\":1,\"name\":\"Hjemmeside\",\"item\":\"https:\\\/\\\/www.versiegelung24.com\\\/da\\\/foran\\\/\"},{\"@type\":\"ListItem\",\"position\":2,\"name\":\"R\u00e5dgiver\",\"item\":\"https:\\\/\\\/www.versiegelung24.com\\\/da\\\/ratgeber\\\/\"},{\"@type\":\"ListItem\",\"position\":3,\"name\":\"magasin\",\"item\":\"https:\\\/\\\/www.versiegelung24.com\\\/da\\\/ratgeber\\\/magazin\\\/\"},{\"@type\":\"ListItem\",\"position\":4,\"name\":\"Graffitibeskyttelse til facaden\"}]},{\"@type\":\"WebSite\",\"@id\":\"https:\\\/\\\/www.versiegelung24.com\\\/da\\\/#website\",\"url\":\"https:\\\/\\\/www.versiegelung24.com\\\/da\\\/\",\"name\":\"versiegelung24.com\",\"description\":\"Fl\u00fcssigglas-Versiegelung - Made in Germany\",\"publisher\":{\"@id\":\"https:\\\/\\\/www.versiegelung24.com\\\/da\\\/#organization\"},\"potentialAction\":[{\"@type\":\"SearchAction\",\"target\":{\"@type\":\"EntryPoint\",\"urlTemplate\":\"https:\\\/\\\/www.versiegelung24.com\\\/da\\\/?s={search_term_string}\"},\"query-input\":{\"@type\":\"PropertyValueSpecification\",\"valueRequired\":true,\"valueName\":\"search_term_string\"}}],\"inLanguage\":\"da-DK\"},{\"@type\":\"Organization\",\"@id\":\"https:\\\/\\\/www.versiegelung24.com\\\/da\\\/#organization\",\"name\":\"versiegelung24\",\"url\":\"https:\\\/\\\/www.versiegelung24.com\\\/da\\\/\",\"logo\":{\"@type\":\"ImageObject\",\"inLanguage\":\"da-DK\",\"@id\":\"https:\\\/\\\/www.versiegelung24.com\\\/da\\\/#\\\/schema\\\/logo\\\/image\\\/\",\"url\":\"https:\\\/\\\/www.versiegelung24.com\\\/wp-content\\\/uploads\\\/2020\\\/04\\\/versiegelung24.png\",\"contentUrl\":\"https:\\\/\\\/www.versiegelung24.com\\\/wp-content\\\/uploads\\\/2020\\\/04\\\/versiegelung24.png\",\"width\":470,\"height\":102,\"caption\":\"versiegelung24\"},\"image\":{\"@id\":\"https:\\\/\\\/www.versiegelung24.com\\\/da\\\/#\\\/schema\\\/logo\\\/image\\\/\"}}]}<\/script>\n<!-- \/ Yoast SEO Premium plugin. -->","yoast_head_json":{"title":"Flydende gals versiegelung24.com - Graffitibeskyttelse til facaden -","description":"Flydende gals sealer som beskyttelse mod graffiti. Find ud af hos os, hvordan du kan beskytte dine ejendele.","robots":{"index":"index","follow":"follow","max-snippet":"max-snippet:-1","max-image-preview":"max-image-preview:large","max-video-preview":"max-video-preview:-1"},"canonical":"https:\/\/www.versiegelung24.com\/da\/raad-om-produkter-fra-versiegelung24\/vide-hvordan\/graffiti-beskyttelse-med-flydende-glas\/","og_locale":"da_DK","og_type":"article","og_title":"Graffitibeskyttelse til facaden","og_description":"Flydende gals sealer som beskyttelse mod graffiti. Find ud af hos os, hvordan du kan beskytte dine ejendele.","og_url":"https:\/\/www.versiegelung24.com\/da\/raad-om-produkter-fra-versiegelung24\/vide-hvordan\/graffiti-beskyttelse-med-flydende-glas\/","og_site_name":"versiegelung24.com","article_modified_time":"2024-09-01T16:17:16+00:00","og_image":[{"width":1000,"height":1000,"url":"https:\/\/www.versiegelung24.com\/wp-content\/uploads\/2021\/12\/graf-1.jpg","type":"image\/jpeg"}],"twitter_card":"summary_large_image","twitter_misc":{"Estimeret l\u00e6setid":"1 minut"},"schema":{"@context":"https:\/\/schema.org","@graph":[{"@type":"WebPage","@id":"https:\/\/www.versiegelung24.com\/da\/raad-om-produkter-fra-versiegelung24\/vide-hvordan\/graffiti-beskyttelse-med-flydende-glas\/","url":"https:\/\/www.versiegelung24.com\/da\/raad-om-produkter-fra-versiegelung24\/vide-hvordan\/graffiti-beskyttelse-med-flydende-glas\/","name":"Flydende gals versiegelung24.com - Graffitibeskyttelse til facaden -","isPartOf":{"@id":"https:\/\/www.versiegelung24.com\/da\/#website"},"primaryImageOfPage":{"@id":"https:\/\/www.versiegelung24.com\/da\/raad-om-produkter-fra-versiegelung24\/vide-hvordan\/graffiti-beskyttelse-med-flydende-glas\/#primaryimage"},"image":{"@id":"https:\/\/www.versiegelung24.com\/da\/raad-om-produkter-fra-versiegelung24\/vide-hvordan\/graffiti-beskyttelse-med-flydende-glas\/#primaryimage"},"thumbnailUrl":"https:\/\/www.versiegelung24.com\/wp-content\/uploads\/2021\/12\/graf-1.jpg","datePublished":"2021-12-14T13:15:38+00:00","dateModified":"2024-09-01T16:17:16+00:00","description":"Flydende gals sealer som beskyttelse mod graffiti. Find ud af hos os, hvordan du kan beskytte dine ejendele.","breadcrumb":{"@id":"https:\/\/www.versiegelung24.com\/da\/raad-om-produkter-fra-versiegelung24\/vide-hvordan\/graffiti-beskyttelse-med-flydende-glas\/#breadcrumb"},"inLanguage":"da-DK","potentialAction":[{"@type":"ReadAction","target":["https:\/\/www.versiegelung24.com\/da\/raad-om-produkter-fra-versiegelung24\/vide-hvordan\/graffiti-beskyttelse-med-flydende-glas\/"]}]},{"@type":"ImageObject","inLanguage":"da-DK","@id":"https:\/\/www.versiegelung24.com\/da\/raad-om-produkter-fra-versiegelung24\/vide-hvordan\/graffiti-beskyttelse-med-flydende-glas\/#primaryimage","url":"https:\/\/www.versiegelung24.com\/wp-content\/uploads\/2021\/12\/graf-1.jpg","contentUrl":"https:\/\/www.versiegelung24.com\/wp-content\/uploads\/2021\/12\/graf-1.jpg","width":1000,"height":1000},{"@type":"BreadcrumbList","@id":"https:\/\/www.versiegelung24.com\/da\/raad-om-produkter-fra-versiegelung24\/vide-hvordan\/graffiti-beskyttelse-med-flydende-glas\/#breadcrumb","itemListElement":[{"@type":"ListItem","position":1,"name":"Hjemmeside","item":"https:\/\/www.versiegelung24.com\/da\/foran\/"},{"@type":"ListItem","position":2,"name":"R\u00e5dgiver","item":"https:\/\/www.versiegelung24.com\/da\/ratgeber\/"},{"@type":"ListItem","position":3,"name":"magasin","item":"https:\/\/www.versiegelung24.com\/da\/ratgeber\/magazin\/"},{"@type":"ListItem","position":4,"name":"Graffitibeskyttelse til facaden"}]},{"@type":"WebSite","@id":"https:\/\/www.versiegelung24.com\/da\/#website","url":"https:\/\/www.versiegelung24.com\/da\/","name":"versiegelung24.com","description":"Fl\u00fcssigglas-Versiegelung - Made in Germany","publisher":{"@id":"https:\/\/www.versiegelung24.com\/da\/#organization"},"potentialAction":[{"@type":"SearchAction","target":{"@type":"EntryPoint","urlTemplate":"https:\/\/www.versiegelung24.com\/da\/?s={search_term_string}"},"query-input":{"@type":"PropertyValueSpecification","valueRequired":true,"valueName":"search_term_string"}}],"inLanguage":"da-DK"},{"@type":"Organization","@id":"https:\/\/www.versiegelung24.com\/da\/#organization","name":"versiegelung24","url":"https:\/\/www.versiegelung24.com\/da\/","logo":{"@type":"ImageObject","inLanguage":"da-DK","@id":"https:\/\/www.versiegelung24.com\/da\/#\/schema\/logo\/image\/","url":"https:\/\/www.versiegelung24.com\/wp-content\/uploads\/2020\/04\/versiegelung24.png","contentUrl":"https:\/\/www.versiegelung24.com\/wp-content\/uploads\/2020\/04\/versiegelung24.png","width":470,"height":102,"caption":"versiegelung24"},"image":{"@id":"https:\/\/www.versiegelung24.com\/da\/#\/schema\/logo\/image\/"}}]}},"_links":{"self":[{"href":"https:\/\/www.versiegelung24.com\/da\/wp-json\/wp\/v2\/pages\/41066","targetHints":{"allow":["GET"]}}],"collection":[{"href":"https:\/\/www.versiegelung24.com\/da\/wp-json\/wp\/v2\/pages"}],"about":[{"href":"https:\/\/www.versiegelung24.com\/da\/wp-json\/wp\/v2\/types\/page"}],"author":[{"embeddable":true,"href":"https:\/\/www.versiegelung24.com\/da\/wp-json\/wp\/v2\/users\/932"}],"replies":[{"embeddable":true,"href":"https:\/\/www.versiegelung24.com\/da\/wp-json\/wp\/v2\/comments?post=41066"}],"version-history":[{"count":17,"href":"https:\/\/www.versiegelung24.com\/da\/wp-json\/wp\/v2\/pages\/41066\/revisions"}],"predecessor-version":[{"id":172660,"href":"https:\/\/www.versiegelung24.com\/da\/wp-json\/wp\/v2\/pages\/41066\/revisions\/172660"}],"up":[{"embeddable":true,"href":"https:\/\/www.versiegelung24.com\/da\/wp-json\/wp\/v2\/pages\/34616"}],"wp:featuredmedia":[{"embeddable":true,"href":"https:\/\/www.versiegelung24.com\/da\/wp-json\/wp\/v2\/media\/40874"}],"wp:attachment":[{"href":"https:\/\/www.versiegelung24.com\/da\/wp-json\/wp\/v2\/media?parent=41066"}],"wp:term":[{"taxonomy":"category","embeddable":true,"href":"https:\/\/www.versiegelung24.com\/da\/wp-json\/wp\/v2\/categories?post=41066"},{"taxonomy":"seiten_kategorie","embeddable":true,"href":"https:\/\/www.versiegelung24.com\/da\/wp-json\/wp\/v2\/seiten_kategorie?post=41066"}],"curies":[{"name":"wp","href":"https:\/\/api.w.org\/{rel}","templated":true}]}}