{"id":41083,"date":"2021-12-14T14:15:43","date_gmt":"2021-12-14T13:15:43","guid":{"rendered":"https:\/\/www.versiegelung24.com\/raad-om-produkter-fra-versiegelung24\/vide-hvordan\/smartphone"},"modified":"2024-09-01T22:43:17","modified_gmt":"2024-09-01T20:43:17","slug":"flydende-glas-forsegling-af-smartphones","status":"publish","type":"page","link":"https:\/\/www.versiegelung24.com\/da\/raad-om-produkter-fra-versiegelung24\/vide-hvordan\/smartphone\/","title":{"rendered":"Flydende glasforsegling til smartphones og tablets &#8211; beskytter sk\u00e6rme og \u00f8ger levetiden"},"content":{"rendered":"\n<h1 class=\"wp-block-heading\" id=\"h-smartphone-flussigglas-versiegelung\">Smartphone flydende glasforsegling<\/h1>\n\n<p>Stort set alle ejer en smartphone i disse dage. Desv\u00e6rre er disse sm\u00e5 vidundermaskiner meget sarte. Ved daglig brug opst\u00e5r der tegn p\u00e5 slid, s\u00e5som ridser eller fingeraftryk, der st\u00e6digt forbliver p\u00e5 displayet. Den f\u00f8lgende video behandler dette problem og viser, hvordan du kan forhindre disse tegn p\u00e5 brug. <\/p>\n\n<figure class=\"wp-block-embed aligncenter is-type-video is-provider-youtube wp-block-embed-youtube wp-embed-aspect-16-9 wp-has-aspect-ratio\"><div class=\"wp-block-embed__wrapper\"> \n<div class=\"nv-iframe-embed\"><iframe title=\"901 LiquiGlas Mobile Phone Coating   Preparation + application process\" width=\"1200\" height=\"675\" src=\"https:\/\/www.youtube.com\/embed\/8JLSZ1KA-yU?feature=oembed\" frameborder=\"0\" allow=\"accelerometer; autoplay; clipboard-write; encrypted-media; gyroscope; picture-in-picture\" allowfullscreen><\/iframe><\/div>\n <\/div><\/figure>\n\n<br\/>\n<br\/>\n\n<div class=\"wp-block-columns is-layout-flex wp-container-core-columns-is-layout-9d6595d7 wp-block-columns-is-layout-flex\">\n<div class=\"wp-block-column is-layout-flow wp-block-column-is-layout-flow\" style=\"flex-basis:33.33%\">\n<h2 class=\"wp-block-heading\" id=\"h-anleitung-smartphone-display-einfach-versiegeln\">Instruktioner &#8211; Forsegl blot smartphone-displayet<\/h2>\n\n\n\n<ul class=\"wp-block-list\">\n<li>Lige i starten af videoen kan du se, at alt hvad du skal bruge for at forsegle din <a href=\"https:\/\/www.versiegelung24.com\/da\/liquid-glass-cell-phone-sealing-flydende-skaermbeskytter.html\" target=\"_blank\" rel=\"noreferrer noopener\">mobiltelefon,<\/a> er samlet i et praktisk s\u00e6t. Dette omfatter:<\/li>\n\n\n\n<li><strong>Handske<\/strong> for at undg\u00e5 fingeraftryk<\/li>\n\n\n\n<li>En <strong><a href=\"https:\/\/www.versiegelung24.com\/reinigung\/bioethanol\/\">ethanolv\u00e6det<\/a> reng\u00f8ringsklud<\/strong><\/li>\n\n\n\n<li><strong>Poleringsklud<\/strong><\/li>\n\n\n\n<li>A <strong><a href=\"https:\/\/www.versiegelung24.com\/da\/mikrofiberklud-10x10cm-til-professionel-flydende-glas-applikation.html\" target=\"_blank\" rel=\"noreferrer noopener\">flydende glasklud<\/a><\/strong> til forsegling<\/li>\n<\/ul>\n\n\n\n<p><\/p>\n\n\n\n<p>Under brug holdes smartphonen kun i den h\u00e5nd, hvor handsken er placeret, for at undg\u00e5 nye fingeraftryk &#8211; disse er tykkere end den flydende glasbel\u00e6gning og forhindrer den korrekte forsegling.<\/p>\n<\/div>\n\n\n\n<div class=\"wp-block-column is-layout-flow wp-block-column-is-layout-flow\" style=\"flex-basis:66.66%\">\n<figure class=\"wp-block-image size-large\"><img fetchpriority=\"high\" decoding=\"async\" width=\"1300\" height=\"867\" src=\"https:\/\/www.versiegelung24.com\/wp-content\/uploads\/2021\/12\/smart_liq-1300x867.jpg\" alt=\"\" class=\"wp-image-40898\" srcset=\"https:\/\/www.versiegelung24.com\/wp-content\/uploads\/2021\/12\/smart_liq-1300x867.jpg 1300w, https:\/\/www.versiegelung24.com\/wp-content\/uploads\/2021\/12\/smart_liq-scaled-600x400.jpg 600w, https:\/\/www.versiegelung24.com\/wp-content\/uploads\/2021\/12\/smart_liq-300x200.jpg 300w, https:\/\/www.versiegelung24.com\/wp-content\/uploads\/2021\/12\/smart_liq-768x512.jpg 768w, https:\/\/www.versiegelung24.com\/wp-content\/uploads\/2021\/12\/smart_liq-1536x1024.jpg 1536w, https:\/\/www.versiegelung24.com\/wp-content\/uploads\/2021\/12\/smart_liq-2048x1366.jpg 2048w, https:\/\/www.versiegelung24.com\/wp-content\/uploads\/2021\/12\/smart_liq-930x620.jpg 930w\" sizes=\"(max-width: 1300px) 100vw, 1300px\" \/><\/figure>\n<\/div>\n<\/div>\n\n<p>Efter forrensningen gnides displayet t\u00f8rt, og p\u00e5 denne m\u00e5de fjernes rester af udskrifter eller fedt. <strong>Her skal kun den ene side af mikrofiberkluden bruges<\/strong> &#8211; <strong>den anden side skal senere bruges<\/strong> til at polere fugemassen. I n\u00e6ste trin pakkes kluden gennemv\u00e6det i flydende glas ud og \u2013 som ved forreng\u00f8ring \u2013 gnides hele smartphonen med. Det kan forsegles rundt med flydende glas. Bagsiden af mobiltelefoner er ofte lavet af glas i dag.<\/p>\n\n<p>Efter mindst Smartphoneens overflade er poleret i 30 minutter &#8211; forseglingen er udf\u00f8rt. I videoen kan du se r\u00e5det om, at det er en fordel at lade det flydende glas h\u00e6rde natten over &#8211; f\u00f8lg denne anbefaling, for jo mere modstandsdygtigt er beskyttelseslaget bagefter. Det anbefales at p\u00e5f\u00f8re fugemassen igen med j\u00e6vne mellemrum for at opretholde beskyttelsen.<\/p>\n\n","protected":false},"excerpt":{"rendered":"<p>Maksimal beskyttelse af din smartphone med innovativ forsegling af flydende glas.<\/p>\n","protected":false},"author":932,"featured_media":41487,"parent":34616,"menu_order":0,"comment_status":"closed","ping_status":"closed","template":"","meta":{"_acf_changed":false,"neve_meta_sidebar":"full-width","neve_meta_container":"","neve_meta_enable_content_width":"on","neve_meta_content_width":100,"neve_meta_title_alignment":"","neve_meta_author_avatar":"","neve_post_elements_order":"","neve_meta_disable_header":"","neve_meta_disable_footer":"","neve_meta_disable_title":"","neve_meta_reading_time":"","footnotes":""},"categories":[3579,3498],"seiten_kategorie":[3832],"class_list":["post-41083","page","type-page","status-publish","has-post-thumbnail","hentry","category-livsstil","category-rad-artikel-magasin"],"acf":[],"yoast_head":"<!-- This site is optimized with the Yoast SEO Premium plugin v22.8 (Yoast SEO v27.5) - https:\/\/yoast.com\/product\/yoast-seo-premium-wordpress\/ -->\n<title>Beskyt din smartphone og tablet med flydende glasforsegling!<\/title>\n<meta name=\"description\" content=\"Beskyt din smartphone og tablet med vores fugemasse! Flydende glasforsegling til optimal beskyttelse af smartphone-sk\u00e6rmen!\" \/>\n<meta name=\"robots\" content=\"index, follow, max-snippet:-1, max-image-preview:large, max-video-preview:-1\" \/>\n<link rel=\"canonical\" href=\"https:\/\/www.versiegelung24.com\/da\/raad-om-produkter-fra-versiegelung24\/vide-hvordan\/smartphone\/\" \/>\n<meta property=\"og:locale\" content=\"da_DK\" \/>\n<meta property=\"og:type\" content=\"article\" \/>\n<meta property=\"og:title\" content=\"Flydende glasforsegling til smartphones og tablets - beskytter sk\u00e6rme og \u00f8ger levetiden\" \/>\n<meta property=\"og:description\" content=\"Beskyt din smartphone og tablet med vores fugemasse! Flydende glasforsegling til optimal beskyttelse af smartphone-sk\u00e6rmen!\" \/>\n<meta property=\"og:url\" content=\"https:\/\/www.versiegelung24.com\/da\/raad-om-produkter-fra-versiegelung24\/vide-hvordan\/smartphone\/\" \/>\n<meta property=\"og:site_name\" content=\"versiegelung24.com\" \/>\n<meta property=\"article:modified_time\" content=\"2024-09-01T20:43:17+00:00\" \/>\n<meta property=\"og:image\" content=\"https:\/\/www.versiegelung24.com\/wp-content\/uploads\/2021\/12\/smart_liq-1-scaled.jpg\" \/>\n\t<meta property=\"og:image:width\" content=\"2560\" \/>\n\t<meta property=\"og:image:height\" content=\"2560\" \/>\n\t<meta property=\"og:image:type\" content=\"image\/jpeg\" \/>\n<meta name=\"twitter:card\" content=\"summary_large_image\" \/>\n<meta name=\"twitter:label1\" content=\"Estimeret l\u00e6setid\" \/>\n\t<meta name=\"twitter:data1\" content=\"1 minut\" \/>\n<script type=\"application\/ld+json\" class=\"yoast-schema-graph\">{\"@context\":\"https:\\\/\\\/schema.org\",\"@graph\":[{\"@type\":\"WebPage\",\"@id\":\"https:\\\/\\\/www.versiegelung24.com\\\/da\\\/raad-om-produkter-fra-versiegelung24\\\/vide-hvordan\\\/smartphone\\\/\",\"url\":\"https:\\\/\\\/www.versiegelung24.com\\\/da\\\/raad-om-produkter-fra-versiegelung24\\\/vide-hvordan\\\/smartphone\\\/\",\"name\":\"Beskyt din smartphone og tablet med flydende glasforsegling!\",\"isPartOf\":{\"@id\":\"https:\\\/\\\/www.versiegelung24.com\\\/da\\\/#website\"},\"primaryImageOfPage\":{\"@id\":\"https:\\\/\\\/www.versiegelung24.com\\\/da\\\/raad-om-produkter-fra-versiegelung24\\\/vide-hvordan\\\/smartphone\\\/#primaryimage\"},\"image\":{\"@id\":\"https:\\\/\\\/www.versiegelung24.com\\\/da\\\/raad-om-produkter-fra-versiegelung24\\\/vide-hvordan\\\/smartphone\\\/#primaryimage\"},\"thumbnailUrl\":\"https:\\\/\\\/www.versiegelung24.com\\\/wp-content\\\/uploads\\\/2021\\\/12\\\/smart_liq-1-scaled.jpg\",\"datePublished\":\"2021-12-14T13:15:43+00:00\",\"dateModified\":\"2024-09-01T20:43:17+00:00\",\"description\":\"Beskyt din smartphone og tablet med vores fugemasse! Flydende glasforsegling til optimal beskyttelse af smartphone-sk\u00e6rmen!\",\"breadcrumb\":{\"@id\":\"https:\\\/\\\/www.versiegelung24.com\\\/da\\\/raad-om-produkter-fra-versiegelung24\\\/vide-hvordan\\\/smartphone\\\/#breadcrumb\"},\"inLanguage\":\"da-DK\",\"potentialAction\":[{\"@type\":\"ReadAction\",\"target\":[\"https:\\\/\\\/www.versiegelung24.com\\\/da\\\/raad-om-produkter-fra-versiegelung24\\\/vide-hvordan\\\/smartphone\\\/\"]}]},{\"@type\":\"ImageObject\",\"inLanguage\":\"da-DK\",\"@id\":\"https:\\\/\\\/www.versiegelung24.com\\\/da\\\/raad-om-produkter-fra-versiegelung24\\\/vide-hvordan\\\/smartphone\\\/#primaryimage\",\"url\":\"https:\\\/\\\/www.versiegelung24.com\\\/wp-content\\\/uploads\\\/2021\\\/12\\\/smart_liq-1-scaled.jpg\",\"contentUrl\":\"https:\\\/\\\/www.versiegelung24.com\\\/wp-content\\\/uploads\\\/2021\\\/12\\\/smart_liq-1-scaled.jpg\",\"width\":2560,\"height\":2560},{\"@type\":\"BreadcrumbList\",\"@id\":\"https:\\\/\\\/www.versiegelung24.com\\\/da\\\/raad-om-produkter-fra-versiegelung24\\\/vide-hvordan\\\/smartphone\\\/#breadcrumb\",\"itemListElement\":[{\"@type\":\"ListItem\",\"position\":1,\"name\":\"Hjemmeside\",\"item\":\"https:\\\/\\\/www.versiegelung24.com\\\/da\\\/foran\\\/\"},{\"@type\":\"ListItem\",\"position\":2,\"name\":\"R\u00e5dgiver\",\"item\":\"https:\\\/\\\/www.versiegelung24.com\\\/da\\\/ratgeber\\\/\"},{\"@type\":\"ListItem\",\"position\":3,\"name\":\"magasin\",\"item\":\"https:\\\/\\\/www.versiegelung24.com\\\/da\\\/ratgeber\\\/magazin\\\/\"},{\"@type\":\"ListItem\",\"position\":4,\"name\":\"Flydende glasforsegling til smartphones og tablets &#8211; beskytter sk\u00e6rme og \u00f8ger levetiden\"}]},{\"@type\":\"WebSite\",\"@id\":\"https:\\\/\\\/www.versiegelung24.com\\\/da\\\/#website\",\"url\":\"https:\\\/\\\/www.versiegelung24.com\\\/da\\\/\",\"name\":\"versiegelung24.com\",\"description\":\"Fl\u00fcssigglas-Versiegelung - Made in Germany\",\"publisher\":{\"@id\":\"https:\\\/\\\/www.versiegelung24.com\\\/da\\\/#organization\"},\"potentialAction\":[{\"@type\":\"SearchAction\",\"target\":{\"@type\":\"EntryPoint\",\"urlTemplate\":\"https:\\\/\\\/www.versiegelung24.com\\\/da\\\/?s={search_term_string}\"},\"query-input\":{\"@type\":\"PropertyValueSpecification\",\"valueRequired\":true,\"valueName\":\"search_term_string\"}}],\"inLanguage\":\"da-DK\"},{\"@type\":\"Organization\",\"@id\":\"https:\\\/\\\/www.versiegelung24.com\\\/da\\\/#organization\",\"name\":\"versiegelung24\",\"url\":\"https:\\\/\\\/www.versiegelung24.com\\\/da\\\/\",\"logo\":{\"@type\":\"ImageObject\",\"inLanguage\":\"da-DK\",\"@id\":\"https:\\\/\\\/www.versiegelung24.com\\\/da\\\/#\\\/schema\\\/logo\\\/image\\\/\",\"url\":\"https:\\\/\\\/www.versiegelung24.com\\\/wp-content\\\/uploads\\\/2020\\\/04\\\/versiegelung24.png\",\"contentUrl\":\"https:\\\/\\\/www.versiegelung24.com\\\/wp-content\\\/uploads\\\/2020\\\/04\\\/versiegelung24.png\",\"width\":470,\"height\":102,\"caption\":\"versiegelung24\"},\"image\":{\"@id\":\"https:\\\/\\\/www.versiegelung24.com\\\/da\\\/#\\\/schema\\\/logo\\\/image\\\/\"}}]}<\/script>\n<!-- \/ Yoast SEO Premium plugin. -->","yoast_head_json":{"title":"Beskyt din smartphone og tablet med flydende glasforsegling!","description":"Beskyt din smartphone og tablet med vores fugemasse! Flydende glasforsegling til optimal beskyttelse af smartphone-sk\u00e6rmen!","robots":{"index":"index","follow":"follow","max-snippet":"max-snippet:-1","max-image-preview":"max-image-preview:large","max-video-preview":"max-video-preview:-1"},"canonical":"https:\/\/www.versiegelung24.com\/da\/raad-om-produkter-fra-versiegelung24\/vide-hvordan\/smartphone\/","og_locale":"da_DK","og_type":"article","og_title":"Flydende glasforsegling til smartphones og tablets - beskytter sk\u00e6rme og \u00f8ger levetiden","og_description":"Beskyt din smartphone og tablet med vores fugemasse! Flydende glasforsegling til optimal beskyttelse af smartphone-sk\u00e6rmen!","og_url":"https:\/\/www.versiegelung24.com\/da\/raad-om-produkter-fra-versiegelung24\/vide-hvordan\/smartphone\/","og_site_name":"versiegelung24.com","article_modified_time":"2024-09-01T20:43:17+00:00","og_image":[{"width":2560,"height":2560,"url":"https:\/\/www.versiegelung24.com\/wp-content\/uploads\/2021\/12\/smart_liq-1-scaled.jpg","type":"image\/jpeg"}],"twitter_card":"summary_large_image","twitter_misc":{"Estimeret l\u00e6setid":"1 minut"},"schema":{"@context":"https:\/\/schema.org","@graph":[{"@type":"WebPage","@id":"https:\/\/www.versiegelung24.com\/da\/raad-om-produkter-fra-versiegelung24\/vide-hvordan\/smartphone\/","url":"https:\/\/www.versiegelung24.com\/da\/raad-om-produkter-fra-versiegelung24\/vide-hvordan\/smartphone\/","name":"Beskyt din smartphone og tablet med flydende glasforsegling!","isPartOf":{"@id":"https:\/\/www.versiegelung24.com\/da\/#website"},"primaryImageOfPage":{"@id":"https:\/\/www.versiegelung24.com\/da\/raad-om-produkter-fra-versiegelung24\/vide-hvordan\/smartphone\/#primaryimage"},"image":{"@id":"https:\/\/www.versiegelung24.com\/da\/raad-om-produkter-fra-versiegelung24\/vide-hvordan\/smartphone\/#primaryimage"},"thumbnailUrl":"https:\/\/www.versiegelung24.com\/wp-content\/uploads\/2021\/12\/smart_liq-1-scaled.jpg","datePublished":"2021-12-14T13:15:43+00:00","dateModified":"2024-09-01T20:43:17+00:00","description":"Beskyt din smartphone og tablet med vores fugemasse! Flydende glasforsegling til optimal beskyttelse af smartphone-sk\u00e6rmen!","breadcrumb":{"@id":"https:\/\/www.versiegelung24.com\/da\/raad-om-produkter-fra-versiegelung24\/vide-hvordan\/smartphone\/#breadcrumb"},"inLanguage":"da-DK","potentialAction":[{"@type":"ReadAction","target":["https:\/\/www.versiegelung24.com\/da\/raad-om-produkter-fra-versiegelung24\/vide-hvordan\/smartphone\/"]}]},{"@type":"ImageObject","inLanguage":"da-DK","@id":"https:\/\/www.versiegelung24.com\/da\/raad-om-produkter-fra-versiegelung24\/vide-hvordan\/smartphone\/#primaryimage","url":"https:\/\/www.versiegelung24.com\/wp-content\/uploads\/2021\/12\/smart_liq-1-scaled.jpg","contentUrl":"https:\/\/www.versiegelung24.com\/wp-content\/uploads\/2021\/12\/smart_liq-1-scaled.jpg","width":2560,"height":2560},{"@type":"BreadcrumbList","@id":"https:\/\/www.versiegelung24.com\/da\/raad-om-produkter-fra-versiegelung24\/vide-hvordan\/smartphone\/#breadcrumb","itemListElement":[{"@type":"ListItem","position":1,"name":"Hjemmeside","item":"https:\/\/www.versiegelung24.com\/da\/foran\/"},{"@type":"ListItem","position":2,"name":"R\u00e5dgiver","item":"https:\/\/www.versiegelung24.com\/da\/ratgeber\/"},{"@type":"ListItem","position":3,"name":"magasin","item":"https:\/\/www.versiegelung24.com\/da\/ratgeber\/magazin\/"},{"@type":"ListItem","position":4,"name":"Flydende glasforsegling til smartphones og tablets &#8211; beskytter sk\u00e6rme og \u00f8ger levetiden"}]},{"@type":"WebSite","@id":"https:\/\/www.versiegelung24.com\/da\/#website","url":"https:\/\/www.versiegelung24.com\/da\/","name":"versiegelung24.com","description":"Fl\u00fcssigglas-Versiegelung - Made in Germany","publisher":{"@id":"https:\/\/www.versiegelung24.com\/da\/#organization"},"potentialAction":[{"@type":"SearchAction","target":{"@type":"EntryPoint","urlTemplate":"https:\/\/www.versiegelung24.com\/da\/?s={search_term_string}"},"query-input":{"@type":"PropertyValueSpecification","valueRequired":true,"valueName":"search_term_string"}}],"inLanguage":"da-DK"},{"@type":"Organization","@id":"https:\/\/www.versiegelung24.com\/da\/#organization","name":"versiegelung24","url":"https:\/\/www.versiegelung24.com\/da\/","logo":{"@type":"ImageObject","inLanguage":"da-DK","@id":"https:\/\/www.versiegelung24.com\/da\/#\/schema\/logo\/image\/","url":"https:\/\/www.versiegelung24.com\/wp-content\/uploads\/2020\/04\/versiegelung24.png","contentUrl":"https:\/\/www.versiegelung24.com\/wp-content\/uploads\/2020\/04\/versiegelung24.png","width":470,"height":102,"caption":"versiegelung24"},"image":{"@id":"https:\/\/www.versiegelung24.com\/da\/#\/schema\/logo\/image\/"}}]}},"_links":{"self":[{"href":"https:\/\/www.versiegelung24.com\/da\/wp-json\/wp\/v2\/pages\/41083","targetHints":{"allow":["GET"]}}],"collection":[{"href":"https:\/\/www.versiegelung24.com\/da\/wp-json\/wp\/v2\/pages"}],"about":[{"href":"https:\/\/www.versiegelung24.com\/da\/wp-json\/wp\/v2\/types\/page"}],"author":[{"embeddable":true,"href":"https:\/\/www.versiegelung24.com\/da\/wp-json\/wp\/v2\/users\/932"}],"replies":[{"embeddable":true,"href":"https:\/\/www.versiegelung24.com\/da\/wp-json\/wp\/v2\/comments?post=41083"}],"version-history":[{"count":15,"href":"https:\/\/www.versiegelung24.com\/da\/wp-json\/wp\/v2\/pages\/41083\/revisions"}],"predecessor-version":[{"id":173417,"href":"https:\/\/www.versiegelung24.com\/da\/wp-json\/wp\/v2\/pages\/41083\/revisions\/173417"}],"up":[{"embeddable":true,"href":"https:\/\/www.versiegelung24.com\/da\/wp-json\/wp\/v2\/pages\/34616"}],"wp:featuredmedia":[{"embeddable":true,"href":"https:\/\/www.versiegelung24.com\/da\/wp-json\/wp\/v2\/media\/41487"}],"wp:attachment":[{"href":"https:\/\/www.versiegelung24.com\/da\/wp-json\/wp\/v2\/media?parent=41083"}],"wp:term":[{"taxonomy":"category","embeddable":true,"href":"https:\/\/www.versiegelung24.com\/da\/wp-json\/wp\/v2\/categories?post=41083"},{"taxonomy":"seiten_kategorie","embeddable":true,"href":"https:\/\/www.versiegelung24.com\/da\/wp-json\/wp\/v2\/seiten_kategorie?post=41083"}],"curies":[{"name":"wp","href":"https:\/\/api.w.org\/{rel}","templated":true}]}}