{"id":126059,"date":"2023-09-01T15:04:03","date_gmt":"2023-09-01T13:04:30","guid":{"rendered":"https:\/\/www.versiegelung24.com\/product\/forrudeforsegling-406\/"},"modified":"2025-01-05T17:37:43","modified_gmt":"2025-01-05T16:37:43","slug":"forrude-forsegler-406","status":"publish","type":"product","link":"https:\/\/www.versiegelung24.com\/da\/forrude-forsegler-406.html","title":{"rendered":"Forsegling af forruden"},"content":{"rendered":"\n<p><strong>Tr\u00e6d ind i en ny \u00e6ra af k\u00f8resikkerhed og komfort med vores T\u00dcV-godkendte forrudeforsegling<\/strong>. Vores avancerede formel er ikke kun utrolig holdbar, men ogs\u00e5 alsidig &#8211; fra biler til lastbiler til b\u00e5de og campingvogne. Oplev forskellen p\u00e5 op til 20.000 km ubekymret k\u00f8rsel med kun \u00e9n p\u00e5f\u00f8ring. Du skal blot genanvende hver sjette m\u00e5ned, og s\u00e5 har du et helt \u00e5r med uovertruffen syn.<\/p>\n\n<p>Men det er ikke alt. Vores fugemasse s\u00f8rger for, at vandet bare triller af ved hastigheder over 60 km\/t, s\u00e5 vinduesviskerne sk\u00e5nes, og du bevarer et klart udsyn selv i d\u00e5rligt vejr. K\u00f8rer du ofte om natten? Vores fugemasse reducerer bl\u00e6nding og lysforvr\u00e6ngning, s\u00e5 du kan v\u00e6re sikker og tryg p\u00e5 vejen.<\/p>\n\n<h2 class=\"wp-block-heading\" id=\"video\">Video<\/h2>\n\n<figure class=\"wp-block-embed is-type-video is-provider-youtube wp-block-embed-youtube wp-embed-aspect-16-9 wp-has-aspect-ratio\"><div class=\"wp-block-embed__wrapper\">\n<div class=\"nv-iframe-embed\"><iframe title=\"Windschutzscheiben Versiegelung - Versiegelung24.com\" width=\"1200\" height=\"675\" src=\"https:\/\/www.youtube.com\/embed\/5cu8smLIMD0?feature=oembed\" frameborder=\"0\" allow=\"accelerometer; autoplay; clipboard-write; encrypted-media; gyroscope; picture-in-picture; web-share\" allowfullscreen><\/iframe><\/div>\n<\/div><\/figure>\n\n<hr class=\"wp-block-separator has-alpha-channel-opacity\"\/>\n\n<h2 class=\"wp-block-heading\" id=\"properties\">ejendomme<\/h2>\n\n<p><\/p>\n\n<p>Indhold: 2 forreng\u00f8ringsklude, 2 forseglingsklude (hver til 2 m\u00b2), 1 mikrofiberklud, 2 engangshandsker<\/p>\n\n<ul class=\"wp-block-list\">\n<li>Lang holdbarhed &#8211; op til 20.000 km<\/li>\n\n\n\n<li>Reducerer bl\u00e6nding og lysforvr\u00e6ngning om natten<\/li>\n\n\n\n<li>Vandet perler af (60+ km\/t), dvs. klart udsyn selv uden vinduesviskere<\/li>\n\n\n\n<li>Beskytter vinduesviskerne<\/li>\n\n\n\n<li>Enkel applikation<\/li>\n\n\n\n<li>St\u00e6rke anti-kl\u00e6beegenskaber og mindre insektkl\u00e6bning<\/li>\n\n\n\n<li>Reducerer mikroridser<\/li>\n\n\n\n<li>Vinduet er lettere at reng\u00f8re, og isen er lettere at fjerne<\/li>\n\n\n\n<li>Usynligt beskyttende lag &#8211; 500 x tyndere end et menneskeh\u00e5r<\/li>\n\n\n\n<li>UV-stabil med h\u00f8j slidstyrke<\/li>\n\n\n\n<li>Modstandsdygtig over for temperatursvingninger<\/li>\n\n\n\n<li>Kemisk resistent (ph 2 til 13)<\/li>\n\n\n\n<li>Modstandsdygtig over for vaskemaskine og h\u00f8jtryksrenser<\/li>\n\n\n\n<li>Til for- og sideruder p\u00e5 biler, varevogne, lastbiler, b\u00e5de og campingvogne<\/li>\n\n\n\n<li>P\u00e5f\u00f8r p\u00e5 forruden og gentag efter 6 m\u00e5neder = holder op til 1 \u00e5r<\/li>\n\n\n\n<li>T\u00dcV-testet<\/li>\n<\/ul>\n","protected":false},"excerpt":{"rendered":"<p>\u2713 Lang holdbarhed &#8211; op til 20.000 km<\/p>\n<p>\u2713 Vandperler af (60+ km\/t), dvs. klart udsyn selv uden vinduesviskere<\/p>\n<p>\u2713 St\u00e6rke anti-kl\u00e6beegenskaber og mindre insektkl\u00e6bning<\/p>\n","protected":false},"featured_media":132064,"template":"","meta":{"_acf_changed":false,"neve_meta_sidebar":"","neve_meta_container":"","neve_meta_enable_content_width":"","neve_meta_content_width":0,"neve_meta_title_alignment":"","neve_meta_author_avatar":"","neve_post_elements_order":"","neve_meta_disable_header":"","neve_meta_disable_footer":"","neve_meta_disable_title":"","neve_meta_reading_time":"","_surfaces":[],"_ver_product_tabs":[],"footnotes":""},"product_brand":[],"product_cat":[2343,2980,2164],"product_tag":[],"class_list":{"0":"post-126059","1":"product","2":"type-product","3":"status-publish","4":"has-post-thumbnail","6":"product_cat-taetning-til-glas-og-keramik","7":"product_cat-flydende-glasforsegling","8":"product_cat-bilforsegling","10":"first","11":"instock","12":"taxable","13":"shipping-taxable","14":"purchasable","15":"product-type-simple"},"acf":[],"yoast_head":"<!-- This site is optimized with the Yoast SEO Premium plugin v22.8 (Yoast SEO v27.5) - https:\/\/yoast.com\/product\/yoast-seo-premium-wordpress\/ -->\n<title>Forsegling af forruden - versiegelung24.com<\/title>\n<meta name=\"robots\" content=\"index, follow, max-snippet:-1, max-image-preview:large, max-video-preview:-1\" \/>\n<link rel=\"canonical\" href=\"https:\/\/www.versiegelung24.com\/da\/forrude-forsegler-406.html\" \/>\n<meta property=\"og:locale\" content=\"da_DK\" \/>\n<meta property=\"og:type\" content=\"article\" \/>\n<meta property=\"og:title\" content=\"Forsegling af forruden\" \/>\n<meta property=\"og:description\" content=\"\u2713 Lang holdbarhed - op til 20.000 km \u2713 Vandperler af (60+ km\/t), dvs. klart udsyn selv uden vinduesviskere \u2713 St\u00e6rke anti-kl\u00e6beegenskaber og mindre insektkl\u00e6bning\" \/>\n<meta property=\"og:url\" content=\"https:\/\/www.versiegelung24.com\/da\/forrude-forsegler-406.html\" \/>\n<meta property=\"og:site_name\" content=\"versiegelung24.com\" \/>\n<meta property=\"article:modified_time\" content=\"2025-01-05T16:37:43+00:00\" \/>\n<meta property=\"og:image\" content=\"https:\/\/www.versiegelung24.com\/wp-content\/uploads\/2023\/09\/windschutz-1-1.webp\" \/>\n\t<meta property=\"og:image:width\" content=\"2560\" \/>\n\t<meta property=\"og:image:height\" content=\"2560\" \/>\n\t<meta property=\"og:image:type\" content=\"image\/webp\" \/>\n<meta name=\"twitter:card\" content=\"summary_large_image\" \/>\n<meta name=\"twitter:label1\" content=\"Pris\" \/>\n\t<meta name=\"twitter:data1\" content=\"17,99&euro;\" \/>\n\t<meta name=\"twitter:label2\" content=\"Tilg\u00e6ngelighed\" \/>\n\t<meta name=\"twitter:data2\" content=\"P\u00e5 lager\" \/>\n<script type=\"application\/ld+json\" class=\"yoast-schema-graph\">{\"@context\":\"https:\\\/\\\/schema.org\",\"@graph\":[{\"@type\":\"WebPage\",\"@id\":\"https:\\\/\\\/www.versiegelung24.com\\\/da\\\/forrude-forsegler-406.html\",\"url\":\"https:\\\/\\\/www.versiegelung24.com\\\/da\\\/forrude-forsegler-406.html\",\"name\":\"Forsegling af forruden - versiegelung24.com\",\"isPartOf\":{\"@id\":\"https:\\\/\\\/www.versiegelung24.com\\\/da\\\/#website\"},\"primaryImageOfPage\":{\"@id\":\"https:\\\/\\\/www.versiegelung24.com\\\/da\\\/forrude-forsegler-406.html#primaryimage\"},\"image\":{\"@id\":\"https:\\\/\\\/www.versiegelung24.com\\\/da\\\/forrude-forsegler-406.html#primaryimage\"},\"thumbnailUrl\":\"https:\\\/\\\/www.versiegelung24.com\\\/wp-content\\\/uploads\\\/2023\\\/09\\\/windschutz-1-1.webp\",\"datePublished\":\"2023-09-01T13:04:30+00:00\",\"dateModified\":\"2025-01-05T16:37:43+00:00\",\"breadcrumb\":{\"@id\":\"https:\\\/\\\/www.versiegelung24.com\\\/da\\\/forrude-forsegler-406.html#breadcrumb\"},\"inLanguage\":\"da-DK\",\"potentialAction\":[{\"@type\":\"ReadAction\",\"target\":[\"https:\\\/\\\/www.versiegelung24.com\\\/da\\\/forrude-forsegler-406.html\"]}]},{\"@type\":\"ImageObject\",\"inLanguage\":\"da-DK\",\"@id\":\"https:\\\/\\\/www.versiegelung24.com\\\/da\\\/forrude-forsegler-406.html#primaryimage\",\"url\":\"https:\\\/\\\/www.versiegelung24.com\\\/wp-content\\\/uploads\\\/2023\\\/09\\\/windschutz-1-1.webp\",\"contentUrl\":\"https:\\\/\\\/www.versiegelung24.com\\\/wp-content\\\/uploads\\\/2023\\\/09\\\/windschutz-1-1.webp\",\"width\":2560,\"height\":2560},{\"@type\":\"BreadcrumbList\",\"@id\":\"https:\\\/\\\/www.versiegelung24.com\\\/da\\\/forrude-forsegler-406.html#breadcrumb\",\"itemListElement\":[{\"@type\":\"ListItem\",\"position\":1,\"name\":\"Hjemmeside\",\"item\":\"https:\\\/\\\/www.versiegelung24.com\\\/da\\\/foran\\\/\"},{\"@type\":\"ListItem\",\"position\":2,\"name\":\"Butik\",\"item\":\"https:\\\/\\\/www.versiegelung24.com\\\/da\\\/butik\\\/\"},{\"@type\":\"ListItem\",\"position\":3,\"name\":\"Forsegling af forruden\"}]},{\"@type\":\"WebSite\",\"@id\":\"https:\\\/\\\/www.versiegelung24.com\\\/da\\\/#website\",\"url\":\"https:\\\/\\\/www.versiegelung24.com\\\/da\\\/\",\"name\":\"versiegelung24.com\",\"description\":\"Fl\u00fcssigglas-Versiegelung - Made in Germany\",\"publisher\":{\"@id\":\"https:\\\/\\\/www.versiegelung24.com\\\/da\\\/#organization\"},\"potentialAction\":[{\"@type\":\"SearchAction\",\"target\":{\"@type\":\"EntryPoint\",\"urlTemplate\":\"https:\\\/\\\/www.versiegelung24.com\\\/da\\\/?s={search_term_string}\"},\"query-input\":{\"@type\":\"PropertyValueSpecification\",\"valueRequired\":true,\"valueName\":\"search_term_string\"}}],\"inLanguage\":\"da-DK\"},{\"@type\":\"Organization\",\"@id\":\"https:\\\/\\\/www.versiegelung24.com\\\/da\\\/#organization\",\"name\":\"versiegelung24\",\"url\":\"https:\\\/\\\/www.versiegelung24.com\\\/da\\\/\",\"logo\":{\"@type\":\"ImageObject\",\"inLanguage\":\"da-DK\",\"@id\":\"https:\\\/\\\/www.versiegelung24.com\\\/da\\\/#\\\/schema\\\/logo\\\/image\\\/\",\"url\":\"https:\\\/\\\/www.versiegelung24.com\\\/wp-content\\\/uploads\\\/2020\\\/04\\\/versiegelung24.png\",\"contentUrl\":\"https:\\\/\\\/www.versiegelung24.com\\\/wp-content\\\/uploads\\\/2020\\\/04\\\/versiegelung24.png\",\"width\":470,\"height\":102,\"caption\":\"versiegelung24\"},\"image\":{\"@id\":\"https:\\\/\\\/www.versiegelung24.com\\\/da\\\/#\\\/schema\\\/logo\\\/image\\\/\"}}]}<\/script>\n<meta property=\"product:price:amount\" content=\"17.99\" \/>\n<meta property=\"product:price:currency\" content=\"EUR\" \/>\n<meta property=\"og:availability\" content=\"instock\" \/>\n<meta property=\"product:availability\" content=\"instock\" \/>\n<meta property=\"product:retailer_item_id\" content=\"4040-406\" \/>\n<meta property=\"product:condition\" content=\"new\" \/>\n<!-- \/ Yoast SEO Premium plugin. -->","yoast_head_json":{"title":"Forsegling af forruden - versiegelung24.com","robots":{"index":"index","follow":"follow","max-snippet":"max-snippet:-1","max-image-preview":"max-image-preview:large","max-video-preview":"max-video-preview:-1"},"canonical":"https:\/\/www.versiegelung24.com\/da\/forrude-forsegler-406.html","og_locale":"da_DK","og_type":"article","og_title":"Forsegling af forruden","og_description":"\u2713 Lang holdbarhed - op til 20.000 km \u2713 Vandperler af (60+ km\/t), dvs. klart udsyn selv uden vinduesviskere \u2713 St\u00e6rke anti-kl\u00e6beegenskaber og mindre insektkl\u00e6bning","og_url":"https:\/\/www.versiegelung24.com\/da\/forrude-forsegler-406.html","og_site_name":"versiegelung24.com","article_modified_time":"2025-01-05T16:37:43+00:00","og_image":[{"width":2560,"height":2560,"url":"https:\/\/www.versiegelung24.com\/wp-content\/uploads\/2023\/09\/windschutz-1-1.webp","type":"image\/webp"}],"twitter_card":"summary_large_image","twitter_misc":{"Pris":"17,99&euro;","Tilg\u00e6ngelighed":"P\u00e5 lager"},"schema":{"@context":"https:\/\/schema.org","@graph":[{"@type":"WebPage","@id":"https:\/\/www.versiegelung24.com\/da\/forrude-forsegler-406.html","url":"https:\/\/www.versiegelung24.com\/da\/forrude-forsegler-406.html","name":"Forsegling af forruden - versiegelung24.com","isPartOf":{"@id":"https:\/\/www.versiegelung24.com\/da\/#website"},"primaryImageOfPage":{"@id":"https:\/\/www.versiegelung24.com\/da\/forrude-forsegler-406.html#primaryimage"},"image":{"@id":"https:\/\/www.versiegelung24.com\/da\/forrude-forsegler-406.html#primaryimage"},"thumbnailUrl":"https:\/\/www.versiegelung24.com\/wp-content\/uploads\/2023\/09\/windschutz-1-1.webp","datePublished":"2023-09-01T13:04:30+00:00","dateModified":"2025-01-05T16:37:43+00:00","breadcrumb":{"@id":"https:\/\/www.versiegelung24.com\/da\/forrude-forsegler-406.html#breadcrumb"},"inLanguage":"da-DK","potentialAction":[{"@type":"ReadAction","target":["https:\/\/www.versiegelung24.com\/da\/forrude-forsegler-406.html"]}]},{"@type":"ImageObject","inLanguage":"da-DK","@id":"https:\/\/www.versiegelung24.com\/da\/forrude-forsegler-406.html#primaryimage","url":"https:\/\/www.versiegelung24.com\/wp-content\/uploads\/2023\/09\/windschutz-1-1.webp","contentUrl":"https:\/\/www.versiegelung24.com\/wp-content\/uploads\/2023\/09\/windschutz-1-1.webp","width":2560,"height":2560},{"@type":"BreadcrumbList","@id":"https:\/\/www.versiegelung24.com\/da\/forrude-forsegler-406.html#breadcrumb","itemListElement":[{"@type":"ListItem","position":1,"name":"Hjemmeside","item":"https:\/\/www.versiegelung24.com\/da\/foran\/"},{"@type":"ListItem","position":2,"name":"Butik","item":"https:\/\/www.versiegelung24.com\/da\/butik\/"},{"@type":"ListItem","position":3,"name":"Forsegling af forruden"}]},{"@type":"WebSite","@id":"https:\/\/www.versiegelung24.com\/da\/#website","url":"https:\/\/www.versiegelung24.com\/da\/","name":"versiegelung24.com","description":"Fl\u00fcssigglas-Versiegelung - Made in Germany","publisher":{"@id":"https:\/\/www.versiegelung24.com\/da\/#organization"},"potentialAction":[{"@type":"SearchAction","target":{"@type":"EntryPoint","urlTemplate":"https:\/\/www.versiegelung24.com\/da\/?s={search_term_string}"},"query-input":{"@type":"PropertyValueSpecification","valueRequired":true,"valueName":"search_term_string"}}],"inLanguage":"da-DK"},{"@type":"Organization","@id":"https:\/\/www.versiegelung24.com\/da\/#organization","name":"versiegelung24","url":"https:\/\/www.versiegelung24.com\/da\/","logo":{"@type":"ImageObject","inLanguage":"da-DK","@id":"https:\/\/www.versiegelung24.com\/da\/#\/schema\/logo\/image\/","url":"https:\/\/www.versiegelung24.com\/wp-content\/uploads\/2020\/04\/versiegelung24.png","contentUrl":"https:\/\/www.versiegelung24.com\/wp-content\/uploads\/2020\/04\/versiegelung24.png","width":470,"height":102,"caption":"versiegelung24"},"image":{"@id":"https:\/\/www.versiegelung24.com\/da\/#\/schema\/logo\/image\/"}}]},"product_price_amount":"17.99","product_price_currency":"EUR","og_availability":"instock","product_availability":"instock","product_retailer_item_id":"4040-406","product_condition":"new"},"_links":{"self":[{"href":"https:\/\/www.versiegelung24.com\/da\/wp-json\/wp\/v2\/product\/126059","targetHints":{"allow":["GET"]}}],"collection":[{"href":"https:\/\/www.versiegelung24.com\/da\/wp-json\/wp\/v2\/product"}],"about":[{"href":"https:\/\/www.versiegelung24.com\/da\/wp-json\/wp\/v2\/types\/product"}],"version-history":[{"count":8,"href":"https:\/\/www.versiegelung24.com\/da\/wp-json\/wp\/v2\/product\/126059\/revisions"}],"predecessor-version":[{"id":178349,"href":"https:\/\/www.versiegelung24.com\/da\/wp-json\/wp\/v2\/product\/126059\/revisions\/178349"}],"wp:featuredmedia":[{"embeddable":true,"href":"https:\/\/www.versiegelung24.com\/da\/wp-json\/wp\/v2\/media\/132064"}],"wp:attachment":[{"href":"https:\/\/www.versiegelung24.com\/da\/wp-json\/wp\/v2\/media?parent=126059"}],"wp:term":[{"taxonomy":"product_brand","embeddable":true,"href":"https:\/\/www.versiegelung24.com\/da\/wp-json\/wp\/v2\/product_brand?post=126059"},{"taxonomy":"product_cat","embeddable":true,"href":"https:\/\/www.versiegelung24.com\/da\/wp-json\/wp\/v2\/product_cat?post=126059"},{"taxonomy":"product_tag","embeddable":true,"href":"https:\/\/www.versiegelung24.com\/da\/wp-json\/wp\/v2\/product_tag?post=126059"}],"curies":[{"name":"wp","href":"https:\/\/api.w.org\/{rel}","templated":true}]}}