{"id":145260,"date":"2024-01-07T15:15:48","date_gmt":"2024-01-13T10:21:20","guid":{"rendered":"https:\/\/www.versiegelung24.com\/product\/v24-snavs-viskelaeder-100x70x30mm\/"},"modified":"2025-01-05T15:46:35","modified_gmt":"2025-01-05T14:46:35","slug":"v24-schmutzradierer-100x70x30mm","status":"publish","type":"product","link":"https:\/\/www.versiegelung24.com\/da\/v24-schmutzradierer-100x70x30mm.html","title":{"rendered":"V24 Snavs-viskel\u00e6der 100x70x30mm"},"content":{"rendered":"\n<h1 class=\"wp-block-heading\" id=\"h-v24-schmutzradierer-gegen-hartnackige-flecken-online-kaufen\">K\u00f8b V24 pletvisker mod genstridige pletter online<\/h1>\n\n<h2 class=\"wp-block-heading\" id=\"h-muhelos-hartnackige-flecken-beseitigen-mit-dem-versiegelung24-com-schmutzradierer\">Fjern ubesv\u00e6ret genstridige pletter med Versiegelung24.com pletviskeren<\/h2>\n\n<p>Kun rene overflader kan forsegles med vores <a href=\"https:\/\/www.versiegelung24.com\/fluessigglas-versiegelung\/\">fugemasser<\/a>, og derfor er det vigtigt at fjerne lette og genstridige pletter. Vores snavsvisker er en h\u00f8jteknologisk melaminsvamp, der er perfekt til reng\u00f8ring af overflader. Til s\u00e6rligt genstridige pletter anbefaler vi yderligere brug af vores 100% biologisk nedbrydelige organiske reng\u00f8ringsmiddel <a href=\"https:\/\/www.versiegelung24.com\/da\/biosativa-biologisk-forrens.html\">BIOSATIVA\u00ae<\/a>, men ingen kemiske reng\u00f8ringsmidler er n\u00f8dvendige.<\/p>\n\n<div class=\"wp-block-columns is-layout-flex wp-container-core-columns-is-layout-9d6595d7 wp-block-columns-is-layout-flex\">\n<div class=\"wp-block-column is-layout-flow wp-block-column-is-layout-flow\">\n<h2 class=\"wp-block-heading\" id=\"properties\">Produktets egenskaber<\/h2>\n\n\n\n<ul class=\"wp-block-list\">\n<li>H\u00f8jteknologisk melaminsvamp<\/li>\n\n\n\n<li>Dimensioner: 100x70x30mm<\/li>\n\n\n\n<li>uden kemiske ingredienser<\/li>\n\n\n\n<li>Ikke-giftig<\/li>\n<\/ul>\n\n\n\n<h2 class=\"wp-block-heading\" id=\"application\">S\u00e5dan fjerner du p\u00e5lideligt snavs med vores viskel\u00e6der-svamp<\/h2>\n\n\n\n<ol class=\"wp-block-list\">\n<li>Fugt og pres svampen ud<\/li>\n\n\n\n<li>Gnid over snavset med et let tryk<\/li>\n\n\n\n<li>Skyl derefter svampen, og brug den igen.<\/li>\n<\/ol>\n<\/div>\n\n\n\n<div class=\"wp-block-column is-layout-flow wp-block-column-is-layout-flow\">\n<figure class=\"wp-block-image size-full\"><img fetchpriority=\"high\" decoding=\"async\" width=\"1105\" height=\"1105\" src=\"https:\/\/www.versiegelung24.com\/wp-content\/uploads\/2024\/01\/v24-9020-content-1.webp\" alt=\"\" class=\"wp-image-138069\" srcset=\"https:\/\/www.versiegelung24.com\/wp-content\/uploads\/2024\/01\/v24-9020-content-1.webp 1105w, https:\/\/www.versiegelung24.com\/wp-content\/uploads\/2024\/01\/v24-9020-content-1-300x300.webp 300w, https:\/\/www.versiegelung24.com\/wp-content\/uploads\/2024\/01\/v24-9020-content-1-80x80.webp 80w, https:\/\/www.versiegelung24.com\/wp-content\/uploads\/2024\/01\/v24-9020-content-1-768x768.webp 768w, https:\/\/www.versiegelung24.com\/wp-content\/uploads\/2024\/01\/v24-9020-content-1-70x70.webp 70w, https:\/\/www.versiegelung24.com\/wp-content\/uploads\/2024\/01\/v24-9020-content-1-400x400.webp 400w, https:\/\/www.versiegelung24.com\/wp-content\/uploads\/2024\/01\/v24-9020-content-1-600x600.webp 600w, https:\/\/www.versiegelung24.com\/wp-content\/uploads\/2024\/01\/v24-9020-content-1-100x100.webp 100w\" sizes=\"(max-width: 1105px) 100vw, 1105px\" \/><\/figure>\n<\/div>\n<\/div>\n\n<h2 class=\"wp-block-heading\" id=\"h-vielfaltige-einsatzmoglichkeiten-des-schmutzradierers\"><strong>Bred vifte af anvendelsesmuligheder for viskel\u00e6deret<\/strong><\/h2>\n\n<p>Smudsviskeren fra Versiegelung24.com er en sand allrounder, n\u00e5r det g\u00e6lder om at fjerne genstridige pletter og snavs. Dens mange anvendelsesmuligheder g\u00f8r den til en uundv\u00e6rlig hj\u00e6lper i husholdningen. Her er nogle eksempler p\u00e5, hvad du kan bruge vores viskel\u00e6der til:<\/p>\n\n<ol class=\"wp-block-list\">\n<li><strong>Fjern pletter p\u00e5 v\u00e6ggen:<\/strong> Ideel til at fjerne m\u00e6rker og pletter fra v\u00e6gge, f.eks. fingeraftryk eller snavsede striber.<\/li>\n\n\n\n<li><strong>Reng\u00f8ring af k\u00f8kkenmaskiner:<\/strong> Fjerner effektivt fedt og madrester fra k\u00f8kkenoverflader, komfurer og ovne.<\/li>\n\n\n\n<li><strong>Reng\u00f8ring af badev\u00e6relse:<\/strong> Fjerner kalk og vandpletter p\u00e5 armaturer, fliser og brusekabiner.<\/li>\n\n\n\n<li><strong>Skorens:<\/strong> Fjerner genstridige pletter og slid p\u00e5 kondisko og andre skomaterialer.<\/li>\n\n\n\n<li><strong>M\u00f8belpleje:<\/strong> Ideel til reng\u00f8ring af m\u00f8beloverflader af plast eller tr\u00e6, fjerner fingeraftryk og pletter.<\/li>\n\n\n\n<li><strong>Pletter p\u00e5 tekstiler:<\/strong> Fjerner sikkert pletter fra sofaer, stole eller andre stofoverflader.<\/li>\n\n\n\n<li><strong>Reng\u00f8ring af bilens interi\u00f8r:<\/strong> Perfekt til reng\u00f8ring af instrumentbr\u00e6t, d\u00f8rpaneler og andre plastdele i bilen.<\/li>\n\n\n\n<li><strong>Computere og elektronik:<\/strong> Sikker til reng\u00f8ring af tastaturer og andre f\u00f8lsomme elektroniske enheder.<\/li>\n\n\n\n<li><strong>Reng\u00f8ringsmiddel til leget\u00f8j:<\/strong> Fjerner snavs og pletter fra plastleget\u00f8j uden skadelige kemikalier.<\/li>\n\n\n\n<li><strong>D\u00f8re og h\u00e5ndtag:<\/strong> Effektiv til at fjerne fingeraftryk og snavs fra d\u00f8rh\u00e5ndtag og -karme.<\/li>\n<\/ol>\n\n<h2 class=\"wp-block-heading\" id=\"h-was-sie-vor-dem-kauf-des-radierschwamms-beachten-sollten\">Hvad du b\u00f8r overveje, f\u00f8r du k\u00f8ber en viskel\u00e6der-svamp<\/h2>\n\n<h3 class=\"wp-block-heading\" id=\"h-geeignete-oberflachen-fur-den-wunderschwamm\">Egnede overflader til mirakelsvampen<\/h3>\n\n<p>Mirakelsvampen er et alsidigt reng\u00f8ringsredskab, der kan bruges p\u00e5 mange forskellige overflader. Mirakelsvampen egner sig til overflader som <strong>plast, rustfrit st\u00e5l, glas, keramik, tapet, fliser og meget mere<\/strong>. Svampen kan bruges effektivt p\u00e5 disse materialer til at fjerne snavs, fedt og rester. Mirakelsvampen er ogs\u00e5 velegnet til f\u00f8lsomme overflader som tr\u00e6, da den er ridsefri og ikke efterlader grimme m\u00e6rker. Den kan bruges til forsigtig reng\u00f8ring af overflader uden at beskadige dem.  <\/p>\n\n<p><\/p><h3>Hvad du skal holde \u00f8je med<\/h3>Svampen kan sk\u00e6res til, s\u00e5 den kan n\u00e5 s\u00e6rligt vanskelige omr\u00e5der.  <strong>Forsigtighed tilr\u00e5des ved s\u00e6rligt f\u00f8lsomme<\/strong>, <strong>blanke<\/strong>, <strong>malede<\/strong> og <strong>polerede<\/strong> <strong>overflader<\/strong>! Det er tilr\u00e5deligt at udf\u00f8re en test p\u00e5 et ubem\u00e6rket omr\u00e5de p\u00e5 forh\u00e5nd og bem\u00e6rke, at produktet slides af, is\u00e6r p\u00e5 ru overflader. Efter p\u00e5f\u00f8ring skal overfladerne reng\u00f8res med rent vand for at fjerne eventuelle rester.\n","protected":false},"excerpt":{"rendered":"<p class=\"MsoNormal\"><strong>Melaminsvamp til forreng\u00f8ring af overflader<\/strong><\/p>\n<p>\u2713 Genanvendelig<\/p>\n<p>\u2713 Milj\u00f8venlig<\/p>\n<p>\u2713 Praktisk<\/p>\n<p>\u2713 Universelt anvendelig<\/p>\n<p>\u2713 100x70x30mm<\/p>\n<p>&nbsp;<\/p>\n","protected":false},"featured_media":138040,"template":"","meta":{"_acf_changed":false,"neve_meta_sidebar":"","neve_meta_container":"","neve_meta_enable_content_width":"","neve_meta_content_width":0,"neve_meta_title_alignment":"","neve_meta_author_avatar":"","neve_post_elements_order":"","neve_meta_disable_header":"","neve_meta_disable_footer":"","neve_meta_disable_title":"","neve_meta_reading_time":"","_surfaces":[],"_ver_product_tabs":[],"footnotes":""},"product_brand":[],"product_cat":[2449,2456,2487,3069,2164,2343],"product_tag":[],"class_list":{"0":"post-145260","1":"product","2":"type-product","3":"status-publish","4":"has-post-thumbnail","6":"product_cat-metal-plast-forsegling","7":"product_cat-rengorings-midler","8":"product_cat-universal-taetning","9":"product_cat-udstyr","10":"product_cat-bilforsegling","11":"product_cat-taetning-til-glas-og-keramik","13":"first","14":"instock","15":"taxable","16":"shipping-taxable","17":"purchasable","18":"product-type-simple"},"acf":[],"yoast_head":"<!-- This site is optimized with the Yoast SEO Premium plugin v22.8 (Yoast SEO v27.5) - https:\/\/yoast.com\/product\/yoast-seo-premium-wordpress\/ -->\n<title>K\u00f8b snavsede viskel\u00e6dere billigt online - Versiegelung24.com<\/title>\n<meta name=\"description\" content=\"K\u00f8b snavsviskeren billigt online hos Versiegelung24.com, og fjern ubesv\u00e6ret genstridigt snavs fra forskellige overflader.\" \/>\n<meta name=\"robots\" content=\"index, follow, max-snippet:-1, max-image-preview:large, max-video-preview:-1\" \/>\n<link rel=\"canonical\" href=\"https:\/\/www.versiegelung24.com\/da\/v24-schmutzradierer-100x70x30mm.html\" \/>\n<meta property=\"og:locale\" content=\"da_DK\" \/>\n<meta property=\"og:type\" content=\"article\" \/>\n<meta property=\"og:title\" content=\"V24 Snavs-viskel\u00e6der 100x70x30mm\" \/>\n<meta property=\"og:description\" content=\"K\u00f8b snavsviskeren billigt online hos Versiegelung24.com, og fjern ubesv\u00e6ret genstridigt snavs fra forskellige overflader.\" \/>\n<meta property=\"og:url\" content=\"https:\/\/www.versiegelung24.com\/da\/v24-schmutzradierer-100x70x30mm.html\" \/>\n<meta property=\"og:site_name\" content=\"versiegelung24.com\" \/>\n<meta property=\"article:modified_time\" content=\"2025-01-05T14:46:35+00:00\" \/>\n<meta property=\"og:image\" content=\"https:\/\/www.versiegelung24.com\/wp-content\/uploads\/2024\/01\/V24-9020-3.webp\" \/>\n\t<meta property=\"og:image:width\" content=\"600\" \/>\n\t<meta property=\"og:image:height\" content=\"600\" \/>\n\t<meta property=\"og:image:type\" content=\"image\/webp\" \/>\n<meta name=\"twitter:card\" content=\"summary_large_image\" \/>\n<meta name=\"twitter:label1\" content=\"Pris\" \/>\n\t<meta name=\"twitter:data1\" content=\"0,99&euro;\" \/>\n\t<meta name=\"twitter:label2\" content=\"Tilg\u00e6ngelighed\" \/>\n\t<meta name=\"twitter:data2\" content=\"P\u00e5 lager\" \/>\n<script type=\"application\/ld+json\" class=\"yoast-schema-graph\">{\"@context\":\"https:\\\/\\\/schema.org\",\"@graph\":[{\"@type\":\"WebPage\",\"@id\":\"https:\\\/\\\/www.versiegelung24.com\\\/da\\\/v24-schmutzradierer-100x70x30mm.html\",\"url\":\"https:\\\/\\\/www.versiegelung24.com\\\/da\\\/v24-schmutzradierer-100x70x30mm.html\",\"name\":\"K\u00f8b snavsede viskel\u00e6dere billigt online - Versiegelung24.com\",\"isPartOf\":{\"@id\":\"https:\\\/\\\/www.versiegelung24.com\\\/da\\\/#website\"},\"primaryImageOfPage\":{\"@id\":\"https:\\\/\\\/www.versiegelung24.com\\\/da\\\/v24-schmutzradierer-100x70x30mm.html#primaryimage\"},\"image\":{\"@id\":\"https:\\\/\\\/www.versiegelung24.com\\\/da\\\/v24-schmutzradierer-100x70x30mm.html#primaryimage\"},\"thumbnailUrl\":\"https:\\\/\\\/www.versiegelung24.com\\\/wp-content\\\/uploads\\\/2024\\\/01\\\/V24-9020-3.webp\",\"datePublished\":\"2024-01-13T10:21:20+00:00\",\"dateModified\":\"2025-01-05T14:46:35+00:00\",\"description\":\"K\u00f8b snavsviskeren billigt online hos Versiegelung24.com, og fjern ubesv\u00e6ret genstridigt snavs fra forskellige overflader.\",\"breadcrumb\":{\"@id\":\"https:\\\/\\\/www.versiegelung24.com\\\/da\\\/v24-schmutzradierer-100x70x30mm.html#breadcrumb\"},\"inLanguage\":\"da-DK\",\"potentialAction\":[{\"@type\":\"ReadAction\",\"target\":[\"https:\\\/\\\/www.versiegelung24.com\\\/da\\\/v24-schmutzradierer-100x70x30mm.html\"]}]},{\"@type\":\"ImageObject\",\"inLanguage\":\"da-DK\",\"@id\":\"https:\\\/\\\/www.versiegelung24.com\\\/da\\\/v24-schmutzradierer-100x70x30mm.html#primaryimage\",\"url\":\"https:\\\/\\\/www.versiegelung24.com\\\/wp-content\\\/uploads\\\/2024\\\/01\\\/V24-9020-3.webp\",\"contentUrl\":\"https:\\\/\\\/www.versiegelung24.com\\\/wp-content\\\/uploads\\\/2024\\\/01\\\/V24-9020-3.webp\",\"width\":600,\"height\":600},{\"@type\":\"BreadcrumbList\",\"@id\":\"https:\\\/\\\/www.versiegelung24.com\\\/da\\\/v24-schmutzradierer-100x70x30mm.html#breadcrumb\",\"itemListElement\":[{\"@type\":\"ListItem\",\"position\":1,\"name\":\"Hjemmeside\",\"item\":\"https:\\\/\\\/www.versiegelung24.com\\\/da\\\/foran\\\/\"},{\"@type\":\"ListItem\",\"position\":2,\"name\":\"Butik\",\"item\":\"https:\\\/\\\/www.versiegelung24.com\\\/da\\\/butik\\\/\"},{\"@type\":\"ListItem\",\"position\":3,\"name\":\"V24 Snavs-viskel\u00e6der 100x70x30mm\"}]},{\"@type\":\"WebSite\",\"@id\":\"https:\\\/\\\/www.versiegelung24.com\\\/da\\\/#website\",\"url\":\"https:\\\/\\\/www.versiegelung24.com\\\/da\\\/\",\"name\":\"versiegelung24.com\",\"description\":\"Fl\u00fcssigglas-Versiegelung - Made in Germany\",\"publisher\":{\"@id\":\"https:\\\/\\\/www.versiegelung24.com\\\/da\\\/#organization\"},\"potentialAction\":[{\"@type\":\"SearchAction\",\"target\":{\"@type\":\"EntryPoint\",\"urlTemplate\":\"https:\\\/\\\/www.versiegelung24.com\\\/da\\\/?s={search_term_string}\"},\"query-input\":{\"@type\":\"PropertyValueSpecification\",\"valueRequired\":true,\"valueName\":\"search_term_string\"}}],\"inLanguage\":\"da-DK\"},{\"@type\":\"Organization\",\"@id\":\"https:\\\/\\\/www.versiegelung24.com\\\/da\\\/#organization\",\"name\":\"versiegelung24\",\"url\":\"https:\\\/\\\/www.versiegelung24.com\\\/da\\\/\",\"logo\":{\"@type\":\"ImageObject\",\"inLanguage\":\"da-DK\",\"@id\":\"https:\\\/\\\/www.versiegelung24.com\\\/da\\\/#\\\/schema\\\/logo\\\/image\\\/\",\"url\":\"https:\\\/\\\/www.versiegelung24.com\\\/wp-content\\\/uploads\\\/2020\\\/04\\\/versiegelung24.png\",\"contentUrl\":\"https:\\\/\\\/www.versiegelung24.com\\\/wp-content\\\/uploads\\\/2020\\\/04\\\/versiegelung24.png\",\"width\":470,\"height\":102,\"caption\":\"versiegelung24\"},\"image\":{\"@id\":\"https:\\\/\\\/www.versiegelung24.com\\\/da\\\/#\\\/schema\\\/logo\\\/image\\\/\"}}]}<\/script>\n<meta property=\"product:price:amount\" content=\"0.99\" \/>\n<meta property=\"product:price:currency\" content=\"EUR\" \/>\n<meta property=\"og:availability\" content=\"instock\" \/>\n<meta property=\"product:availability\" content=\"instock\" \/>\n<meta property=\"product:retailer_item_id\" content=\"V24-9020-1\" \/>\n<meta property=\"product:condition\" content=\"new\" \/>\n<!-- \/ Yoast SEO Premium plugin. -->","yoast_head_json":{"title":"K\u00f8b snavsede viskel\u00e6dere billigt online - Versiegelung24.com","description":"K\u00f8b snavsviskeren billigt online hos Versiegelung24.com, og fjern ubesv\u00e6ret genstridigt snavs fra forskellige overflader.","robots":{"index":"index","follow":"follow","max-snippet":"max-snippet:-1","max-image-preview":"max-image-preview:large","max-video-preview":"max-video-preview:-1"},"canonical":"https:\/\/www.versiegelung24.com\/da\/v24-schmutzradierer-100x70x30mm.html","og_locale":"da_DK","og_type":"article","og_title":"V24 Snavs-viskel\u00e6der 100x70x30mm","og_description":"K\u00f8b snavsviskeren billigt online hos Versiegelung24.com, og fjern ubesv\u00e6ret genstridigt snavs fra forskellige overflader.","og_url":"https:\/\/www.versiegelung24.com\/da\/v24-schmutzradierer-100x70x30mm.html","og_site_name":"versiegelung24.com","article_modified_time":"2025-01-05T14:46:35+00:00","og_image":[{"width":600,"height":600,"url":"https:\/\/www.versiegelung24.com\/wp-content\/uploads\/2024\/01\/V24-9020-3.webp","type":"image\/webp"}],"twitter_card":"summary_large_image","twitter_misc":{"Pris":"0,99&euro;","Tilg\u00e6ngelighed":"P\u00e5 lager"},"schema":{"@context":"https:\/\/schema.org","@graph":[{"@type":"WebPage","@id":"https:\/\/www.versiegelung24.com\/da\/v24-schmutzradierer-100x70x30mm.html","url":"https:\/\/www.versiegelung24.com\/da\/v24-schmutzradierer-100x70x30mm.html","name":"K\u00f8b snavsede viskel\u00e6dere billigt online - Versiegelung24.com","isPartOf":{"@id":"https:\/\/www.versiegelung24.com\/da\/#website"},"primaryImageOfPage":{"@id":"https:\/\/www.versiegelung24.com\/da\/v24-schmutzradierer-100x70x30mm.html#primaryimage"},"image":{"@id":"https:\/\/www.versiegelung24.com\/da\/v24-schmutzradierer-100x70x30mm.html#primaryimage"},"thumbnailUrl":"https:\/\/www.versiegelung24.com\/wp-content\/uploads\/2024\/01\/V24-9020-3.webp","datePublished":"2024-01-13T10:21:20+00:00","dateModified":"2025-01-05T14:46:35+00:00","description":"K\u00f8b snavsviskeren billigt online hos Versiegelung24.com, og fjern ubesv\u00e6ret genstridigt snavs fra forskellige overflader.","breadcrumb":{"@id":"https:\/\/www.versiegelung24.com\/da\/v24-schmutzradierer-100x70x30mm.html#breadcrumb"},"inLanguage":"da-DK","potentialAction":[{"@type":"ReadAction","target":["https:\/\/www.versiegelung24.com\/da\/v24-schmutzradierer-100x70x30mm.html"]}]},{"@type":"ImageObject","inLanguage":"da-DK","@id":"https:\/\/www.versiegelung24.com\/da\/v24-schmutzradierer-100x70x30mm.html#primaryimage","url":"https:\/\/www.versiegelung24.com\/wp-content\/uploads\/2024\/01\/V24-9020-3.webp","contentUrl":"https:\/\/www.versiegelung24.com\/wp-content\/uploads\/2024\/01\/V24-9020-3.webp","width":600,"height":600},{"@type":"BreadcrumbList","@id":"https:\/\/www.versiegelung24.com\/da\/v24-schmutzradierer-100x70x30mm.html#breadcrumb","itemListElement":[{"@type":"ListItem","position":1,"name":"Hjemmeside","item":"https:\/\/www.versiegelung24.com\/da\/foran\/"},{"@type":"ListItem","position":2,"name":"Butik","item":"https:\/\/www.versiegelung24.com\/da\/butik\/"},{"@type":"ListItem","position":3,"name":"V24 Snavs-viskel\u00e6der 100x70x30mm"}]},{"@type":"WebSite","@id":"https:\/\/www.versiegelung24.com\/da\/#website","url":"https:\/\/www.versiegelung24.com\/da\/","name":"versiegelung24.com","description":"Fl\u00fcssigglas-Versiegelung - Made in Germany","publisher":{"@id":"https:\/\/www.versiegelung24.com\/da\/#organization"},"potentialAction":[{"@type":"SearchAction","target":{"@type":"EntryPoint","urlTemplate":"https:\/\/www.versiegelung24.com\/da\/?s={search_term_string}"},"query-input":{"@type":"PropertyValueSpecification","valueRequired":true,"valueName":"search_term_string"}}],"inLanguage":"da-DK"},{"@type":"Organization","@id":"https:\/\/www.versiegelung24.com\/da\/#organization","name":"versiegelung24","url":"https:\/\/www.versiegelung24.com\/da\/","logo":{"@type":"ImageObject","inLanguage":"da-DK","@id":"https:\/\/www.versiegelung24.com\/da\/#\/schema\/logo\/image\/","url":"https:\/\/www.versiegelung24.com\/wp-content\/uploads\/2020\/04\/versiegelung24.png","contentUrl":"https:\/\/www.versiegelung24.com\/wp-content\/uploads\/2020\/04\/versiegelung24.png","width":470,"height":102,"caption":"versiegelung24"},"image":{"@id":"https:\/\/www.versiegelung24.com\/da\/#\/schema\/logo\/image\/"}}]},"product_price_amount":"0.99","product_price_currency":"EUR","og_availability":"instock","product_availability":"instock","product_retailer_item_id":"V24-9020-1","product_condition":"new"},"_links":{"self":[{"href":"https:\/\/www.versiegelung24.com\/da\/wp-json\/wp\/v2\/product\/145260","targetHints":{"allow":["GET"]}}],"collection":[{"href":"https:\/\/www.versiegelung24.com\/da\/wp-json\/wp\/v2\/product"}],"about":[{"href":"https:\/\/www.versiegelung24.com\/da\/wp-json\/wp\/v2\/types\/product"}],"version-history":[{"count":1,"href":"https:\/\/www.versiegelung24.com\/da\/wp-json\/wp\/v2\/product\/145260\/revisions"}],"predecessor-version":[{"id":145264,"href":"https:\/\/www.versiegelung24.com\/da\/wp-json\/wp\/v2\/product\/145260\/revisions\/145264"}],"wp:featuredmedia":[{"embeddable":true,"href":"https:\/\/www.versiegelung24.com\/da\/wp-json\/wp\/v2\/media\/138040"}],"wp:attachment":[{"href":"https:\/\/www.versiegelung24.com\/da\/wp-json\/wp\/v2\/media?parent=145260"}],"wp:term":[{"taxonomy":"product_brand","embeddable":true,"href":"https:\/\/www.versiegelung24.com\/da\/wp-json\/wp\/v2\/product_brand?post=145260"},{"taxonomy":"product_cat","embeddable":true,"href":"https:\/\/www.versiegelung24.com\/da\/wp-json\/wp\/v2\/product_cat?post=145260"},{"taxonomy":"product_tag","embeddable":true,"href":"https:\/\/www.versiegelung24.com\/da\/wp-json\/wp\/v2\/product_tag?post=145260"}],"curies":[{"name":"wp","href":"https:\/\/api.w.org\/{rel}","templated":true}]}}