{"id":149433,"date":"2022-02-11T08:49:15","date_gmt":"2024-01-29T19:40:42","guid":{"rendered":"https:\/\/www.versiegelung24.com\/product\/mikrofiberklud-40x40-cm-til-forrengoering-eller-polering-gul\/"},"modified":"2025-03-28T07:42:05","modified_gmt":"2025-03-28T06:42:05","slug":"mikrofiberklud-40x40cm-til-for-rengoering-eller-polering-gul","status":"publish","type":"product","link":"https:\/\/www.versiegelung24.com\/da\/product\/mikrofiberklud-40x40cm-til-for-rengoering-eller-polering-gul\/","title":{"rendered":"Mikrofiberklud 40&#215;40 cm til forreng\u00f8ring eller polering gul"},"content":{"rendered":"\n<p>Mikrofiberklud til forreng\u00f8ring eller afsluttende polering.<\/p>\n\n<p>P\u00e5 grund af den h\u00f8je absorberingsevne anbefaler vi ogs\u00e5 <a href=\"https:\/\/www.versiegelung24.com\/applikationstuch-20x20cm.html\">mikrofiberkluden til p\u00e5f\u00f8ring af vores flydende glasforsegling<\/a>.<\/p>\n\n<p>Vi anbefaler, at du bruger en separat mikrofiberklud til hvert trin i p\u00e5f\u00f8ringen af vores overfladeforseglinger og impr\u00e6gneringer.<\/p>\n\n<p>Hvis der stadig er snavs p\u00e5 kluden efter reng\u00f8ringen, er overfladen endnu ikke blevet helt og optimalt rengjort. En god forseglingseffekt kan kun opn\u00e5s, hvis der ikke er mere snavs p\u00e5 overfladen.<\/p>\n\n<hr\/>\n\n<h4 class=\"wp-block-heading\" id=\"properties\">Produktets egenskaber<\/h4>\n\n<div class=\"wp-block-columns is-layout-flex wp-container-core-columns-is-layout-9d6595d7 wp-block-columns-is-layout-flex\">\n<div class=\"wp-block-column is-layout-flow wp-block-column-is-layout-flow\">\n<p><br\/>Sammens\u00e6tning: 80% polyester, 20% polyamid St\u00f8rrelse: 40x40cm<\/p>\n<\/div>\n\n\n\n<div class=\"wp-block-column is-layout-flow wp-block-column-is-layout-flow\">\n<p>H\u00f8j kvalitet med en t\u00f8rv\u00e6gt p\u00e5 280 g\/kvm.<\/p>\n<\/div>\n<\/div>\n\n<hr\/>\n\n<h4 class=\"wp-block-heading\" id=\"application\">Anvendelse<\/h4>\n\n<p>Kan bruges universelt b\u00e5de indend\u00f8rs og udend\u00f8rs. Ideel st\u00f8rrelse til reng\u00f8ring af glas, keramik, b\u00e5de, biler og autocampere.<\/p>\n\n<p>Ikke-fnuggende, ridsefri og hurtigt\u00f8rrende reng\u00f8ring. Snavs og st\u00f8vpartikler absorberes stort set uden rester.<\/p>\n\n<p>Materialet er genanvendeligt og derfor meget milj\u00f8venligt. Let at vaske i vaskemaskinen uden vaskemiddel.<\/p>\n","protected":false},"excerpt":{"rendered":"<p><strong>Mikrofiberklud til forreng\u00f8ring eller afsluttende polering:<\/strong><\/p>\n<p>\u2713 Genanvendelig<\/p>\n<p>\u2713 Milj\u00f8venlig<\/p>\n<p>\u2713 Ekstremt absorberende<\/p>\n<p>\u2713 Hurtigt\u00f8rrende<\/p>\n<p>\u2713 Fnugfri<\/p>\n<p>\u2713 Fri for ridser<\/p>\n<p>80% polyester \/ 20% polyamid<\/p>\n<p>T\u00f8rv\u00e6gt 280g\/kvm<\/p>\n","protected":false},"featured_media":64791,"template":"","meta":{"_acf_changed":false,"neve_meta_sidebar":"","neve_meta_container":"","neve_meta_enable_content_width":"","neve_meta_content_width":0,"neve_meta_title_alignment":"","neve_meta_author_avatar":"","neve_post_elements_order":"","neve_meta_disable_header":"","neve_meta_disable_footer":"","neve_meta_disable_title":"","neve_meta_reading_time":"","_surfaces":[],"_ver_product_tabs":[],"footnotes":""},"product_brand":[],"product_cat":[2762,2164,3069,2343,2357,2358,2360,2449,2456,2487],"product_tag":[],"class_list":{"0":"post-149433","1":"product","2":"type-product","3":"status-publish","4":"has-post-thumbnail","6":"product_cat-handdesinfektion","7":"product_cat-bilforsegling","8":"product_cat-udstyr","9":"product_cat-taetning-til-glas-og-keramik","10":"product_cat-desinfektionsmidler","11":"product_cat-overflade-desinfektionsmidler","12":"product_cat-desinfektionsmiddel-koncentrater","13":"product_cat-metal-plast-forsegling","14":"product_cat-rengorings-midler","15":"product_cat-universal-taetning","16":"pa_farbe-hvid","17":"pa_farbe-bla-da","19":"first","20":"instock","21":"taxable","22":"shipping-taxable","23":"purchasable","24":"product-type-simple"},"acf":[],"yoast_head":"<!-- This site is optimized with the Yoast SEO Premium plugin v22.8 (Yoast SEO v27.5) - https:\/\/yoast.com\/product\/yoast-seo-premium-wordpress\/ -->\n<title>Mikrofiberklud 40x40 cm til forreng\u00f8ring eller polering gul - versiegelung24.com<\/title>\n<meta name=\"description\" content=\"Mikrofiberklud &quot; Ekstremt absorberende &quot; Hurtigt\u00f8rrende &quot; Fnugfri &quot; Ridsefri &quot; 80% polyester \/ 20% polyamid &quot; T\u00f8rv\u00e6gt 280 g\/kvm\" \/>\n<meta name=\"robots\" content=\"index, follow, max-snippet:-1, max-image-preview:large, max-video-preview:-1\" \/>\n<link rel=\"canonical\" href=\"https:\/\/www.versiegelung24.com\/da\/product\/mikrofiberklud-40x40cm-til-for-rengoering-eller-polering-gul\/\" \/>\n<meta property=\"og:locale\" content=\"da_DK\" \/>\n<meta property=\"og:type\" content=\"article\" \/>\n<meta property=\"og:title\" content=\"Mikrofiberklud 40x40 cm til forreng\u00f8ring eller polering gul\" \/>\n<meta property=\"og:description\" content=\"Mikrofiberklud &quot; Ekstremt absorberende &quot; Hurtigt\u00f8rrende &quot; Fnugfri &quot; Ridsefri &quot; 80% polyester \/ 20% polyamid &quot; T\u00f8rv\u00e6gt 280 g\/kvm\" \/>\n<meta property=\"og:url\" content=\"https:\/\/www.versiegelung24.com\/da\/product\/mikrofiberklud-40x40cm-til-for-rengoering-eller-polering-gul\/\" \/>\n<meta property=\"og:site_name\" content=\"versiegelung24.com\" \/>\n<meta property=\"article:modified_time\" content=\"2025-03-28T06:42:05+00:00\" \/>\n<meta property=\"og:image\" content=\"https:\/\/www.versiegelung24.com\/wp-content\/uploads\/2022\/02\/V24-9004-1-Mikrofaser-gelb-40x40cm-Custom.jpg\" \/>\n\t<meta property=\"og:image:width\" content=\"1024\" \/>\n\t<meta property=\"og:image:height\" content=\"1024\" \/>\n\t<meta property=\"og:image:type\" content=\"image\/jpeg\" \/>\n<meta name=\"twitter:card\" content=\"summary_large_image\" \/>\n<meta name=\"twitter:label1\" content=\"Pris\" \/>\n\t<meta name=\"twitter:data1\" content=\"1,25&euro;\" \/>\n\t<meta name=\"twitter:label2\" content=\"Tilg\u00e6ngelighed\" \/>\n\t<meta name=\"twitter:data2\" content=\"P\u00e5 lager\" \/>\n<script type=\"application\/ld+json\" class=\"yoast-schema-graph\">{\"@context\":\"https:\\\/\\\/schema.org\",\"@graph\":[{\"@type\":\"WebPage\",\"@id\":\"https:\\\/\\\/www.versiegelung24.com\\\/da\\\/product\\\/mikrofiberklud-40x40cm-til-for-rengoering-eller-polering-gul\\\/\",\"url\":\"https:\\\/\\\/www.versiegelung24.com\\\/da\\\/product\\\/mikrofiberklud-40x40cm-til-for-rengoering-eller-polering-gul\\\/\",\"name\":\"Mikrofiberklud 40x40 cm til forreng\u00f8ring eller polering gul - versiegelung24.com\",\"isPartOf\":{\"@id\":\"https:\\\/\\\/www.versiegelung24.com\\\/da\\\/#website\"},\"primaryImageOfPage\":{\"@id\":\"https:\\\/\\\/www.versiegelung24.com\\\/da\\\/product\\\/mikrofiberklud-40x40cm-til-for-rengoering-eller-polering-gul\\\/#primaryimage\"},\"image\":{\"@id\":\"https:\\\/\\\/www.versiegelung24.com\\\/da\\\/product\\\/mikrofiberklud-40x40cm-til-for-rengoering-eller-polering-gul\\\/#primaryimage\"},\"thumbnailUrl\":\"https:\\\/\\\/www.versiegelung24.com\\\/wp-content\\\/uploads\\\/2022\\\/02\\\/V24-9004-1-Mikrofaser-gelb-40x40cm-Custom.jpg\",\"datePublished\":\"2024-01-29T19:40:42+00:00\",\"dateModified\":\"2025-03-28T06:42:05+00:00\",\"description\":\"Mikrofiberklud \\\" Ekstremt absorberende \\\" Hurtigt\u00f8rrende \\\" Fnugfri \\\" Ridsefri \\\" 80% polyester \\\/ 20% polyamid \\\" T\u00f8rv\u00e6gt 280 g\\\/kvm\",\"breadcrumb\":{\"@id\":\"https:\\\/\\\/www.versiegelung24.com\\\/da\\\/product\\\/mikrofiberklud-40x40cm-til-for-rengoering-eller-polering-gul\\\/#breadcrumb\"},\"inLanguage\":\"da-DK\",\"potentialAction\":[{\"@type\":\"ReadAction\",\"target\":[\"https:\\\/\\\/www.versiegelung24.com\\\/da\\\/product\\\/mikrofiberklud-40x40cm-til-for-rengoering-eller-polering-gul\\\/\"]}]},{\"@type\":\"ImageObject\",\"inLanguage\":\"da-DK\",\"@id\":\"https:\\\/\\\/www.versiegelung24.com\\\/da\\\/product\\\/mikrofiberklud-40x40cm-til-for-rengoering-eller-polering-gul\\\/#primaryimage\",\"url\":\"https:\\\/\\\/www.versiegelung24.com\\\/wp-content\\\/uploads\\\/2022\\\/02\\\/V24-9004-1-Mikrofaser-gelb-40x40cm-Custom.jpg\",\"contentUrl\":\"https:\\\/\\\/www.versiegelung24.com\\\/wp-content\\\/uploads\\\/2022\\\/02\\\/V24-9004-1-Mikrofaser-gelb-40x40cm-Custom.jpg\",\"width\":1024,\"height\":1024},{\"@type\":\"BreadcrumbList\",\"@id\":\"https:\\\/\\\/www.versiegelung24.com\\\/da\\\/product\\\/mikrofiberklud-40x40cm-til-for-rengoering-eller-polering-gul\\\/#breadcrumb\",\"itemListElement\":[{\"@type\":\"ListItem\",\"position\":1,\"name\":\"Hjemmeside\",\"item\":\"https:\\\/\\\/www.versiegelung24.com\\\/da\\\/foran\\\/\"},{\"@type\":\"ListItem\",\"position\":2,\"name\":\"Butik\",\"item\":\"https:\\\/\\\/www.versiegelung24.com\\\/da\\\/butik\\\/\"},{\"@type\":\"ListItem\",\"position\":3,\"name\":\"Mikrofiberklud 40&#215;40 cm til forreng\u00f8ring eller polering gul\"}]},{\"@type\":\"WebSite\",\"@id\":\"https:\\\/\\\/www.versiegelung24.com\\\/da\\\/#website\",\"url\":\"https:\\\/\\\/www.versiegelung24.com\\\/da\\\/\",\"name\":\"versiegelung24.com\",\"description\":\"Fl\u00fcssigglas-Versiegelung - Made in Germany\",\"publisher\":{\"@id\":\"https:\\\/\\\/www.versiegelung24.com\\\/da\\\/#organization\"},\"potentialAction\":[{\"@type\":\"SearchAction\",\"target\":{\"@type\":\"EntryPoint\",\"urlTemplate\":\"https:\\\/\\\/www.versiegelung24.com\\\/da\\\/?s={search_term_string}\"},\"query-input\":{\"@type\":\"PropertyValueSpecification\",\"valueRequired\":true,\"valueName\":\"search_term_string\"}}],\"inLanguage\":\"da-DK\"},{\"@type\":\"Organization\",\"@id\":\"https:\\\/\\\/www.versiegelung24.com\\\/da\\\/#organization\",\"name\":\"versiegelung24\",\"url\":\"https:\\\/\\\/www.versiegelung24.com\\\/da\\\/\",\"logo\":{\"@type\":\"ImageObject\",\"inLanguage\":\"da-DK\",\"@id\":\"https:\\\/\\\/www.versiegelung24.com\\\/da\\\/#\\\/schema\\\/logo\\\/image\\\/\",\"url\":\"https:\\\/\\\/www.versiegelung24.com\\\/wp-content\\\/uploads\\\/2020\\\/04\\\/versiegelung24.png\",\"contentUrl\":\"https:\\\/\\\/www.versiegelung24.com\\\/wp-content\\\/uploads\\\/2020\\\/04\\\/versiegelung24.png\",\"width\":470,\"height\":102,\"caption\":\"versiegelung24\"},\"image\":{\"@id\":\"https:\\\/\\\/www.versiegelung24.com\\\/da\\\/#\\\/schema\\\/logo\\\/image\\\/\"}}]}<\/script>\n<meta property=\"product:price:amount\" content=\"1.25\" \/>\n<meta property=\"product:price:currency\" content=\"EUR\" \/>\n<meta property=\"og:availability\" content=\"instock\" \/>\n<meta property=\"product:availability\" content=\"instock\" \/>\n<meta property=\"product:retailer_item_id\" content=\"V24-9004\" \/>\n<meta property=\"product:condition\" content=\"new\" \/>\n<!-- \/ Yoast SEO Premium plugin. -->","yoast_head_json":{"title":"Mikrofiberklud 40x40 cm til forreng\u00f8ring eller polering gul - versiegelung24.com","description":"Mikrofiberklud \" Ekstremt absorberende \" Hurtigt\u00f8rrende \" Fnugfri \" Ridsefri \" 80% polyester \/ 20% polyamid \" T\u00f8rv\u00e6gt 280 g\/kvm","robots":{"index":"index","follow":"follow","max-snippet":"max-snippet:-1","max-image-preview":"max-image-preview:large","max-video-preview":"max-video-preview:-1"},"canonical":"https:\/\/www.versiegelung24.com\/da\/product\/mikrofiberklud-40x40cm-til-for-rengoering-eller-polering-gul\/","og_locale":"da_DK","og_type":"article","og_title":"Mikrofiberklud 40x40 cm til forreng\u00f8ring eller polering gul","og_description":"Mikrofiberklud \" Ekstremt absorberende \" Hurtigt\u00f8rrende \" Fnugfri \" Ridsefri \" 80% polyester \/ 20% polyamid \" T\u00f8rv\u00e6gt 280 g\/kvm","og_url":"https:\/\/www.versiegelung24.com\/da\/product\/mikrofiberklud-40x40cm-til-for-rengoering-eller-polering-gul\/","og_site_name":"versiegelung24.com","article_modified_time":"2025-03-28T06:42:05+00:00","og_image":[{"width":1024,"height":1024,"url":"https:\/\/www.versiegelung24.com\/wp-content\/uploads\/2022\/02\/V24-9004-1-Mikrofaser-gelb-40x40cm-Custom.jpg","type":"image\/jpeg"}],"twitter_card":"summary_large_image","twitter_misc":{"Pris":"1,25&euro;","Tilg\u00e6ngelighed":"P\u00e5 lager"},"schema":{"@context":"https:\/\/schema.org","@graph":[{"@type":"WebPage","@id":"https:\/\/www.versiegelung24.com\/da\/product\/mikrofiberklud-40x40cm-til-for-rengoering-eller-polering-gul\/","url":"https:\/\/www.versiegelung24.com\/da\/product\/mikrofiberklud-40x40cm-til-for-rengoering-eller-polering-gul\/","name":"Mikrofiberklud 40x40 cm til forreng\u00f8ring eller polering gul - versiegelung24.com","isPartOf":{"@id":"https:\/\/www.versiegelung24.com\/da\/#website"},"primaryImageOfPage":{"@id":"https:\/\/www.versiegelung24.com\/da\/product\/mikrofiberklud-40x40cm-til-for-rengoering-eller-polering-gul\/#primaryimage"},"image":{"@id":"https:\/\/www.versiegelung24.com\/da\/product\/mikrofiberklud-40x40cm-til-for-rengoering-eller-polering-gul\/#primaryimage"},"thumbnailUrl":"https:\/\/www.versiegelung24.com\/wp-content\/uploads\/2022\/02\/V24-9004-1-Mikrofaser-gelb-40x40cm-Custom.jpg","datePublished":"2024-01-29T19:40:42+00:00","dateModified":"2025-03-28T06:42:05+00:00","description":"Mikrofiberklud \" Ekstremt absorberende \" Hurtigt\u00f8rrende \" Fnugfri \" Ridsefri \" 80% polyester \/ 20% polyamid \" T\u00f8rv\u00e6gt 280 g\/kvm","breadcrumb":{"@id":"https:\/\/www.versiegelung24.com\/da\/product\/mikrofiberklud-40x40cm-til-for-rengoering-eller-polering-gul\/#breadcrumb"},"inLanguage":"da-DK","potentialAction":[{"@type":"ReadAction","target":["https:\/\/www.versiegelung24.com\/da\/product\/mikrofiberklud-40x40cm-til-for-rengoering-eller-polering-gul\/"]}]},{"@type":"ImageObject","inLanguage":"da-DK","@id":"https:\/\/www.versiegelung24.com\/da\/product\/mikrofiberklud-40x40cm-til-for-rengoering-eller-polering-gul\/#primaryimage","url":"https:\/\/www.versiegelung24.com\/wp-content\/uploads\/2022\/02\/V24-9004-1-Mikrofaser-gelb-40x40cm-Custom.jpg","contentUrl":"https:\/\/www.versiegelung24.com\/wp-content\/uploads\/2022\/02\/V24-9004-1-Mikrofaser-gelb-40x40cm-Custom.jpg","width":1024,"height":1024},{"@type":"BreadcrumbList","@id":"https:\/\/www.versiegelung24.com\/da\/product\/mikrofiberklud-40x40cm-til-for-rengoering-eller-polering-gul\/#breadcrumb","itemListElement":[{"@type":"ListItem","position":1,"name":"Hjemmeside","item":"https:\/\/www.versiegelung24.com\/da\/foran\/"},{"@type":"ListItem","position":2,"name":"Butik","item":"https:\/\/www.versiegelung24.com\/da\/butik\/"},{"@type":"ListItem","position":3,"name":"Mikrofiberklud 40&#215;40 cm til forreng\u00f8ring eller polering gul"}]},{"@type":"WebSite","@id":"https:\/\/www.versiegelung24.com\/da\/#website","url":"https:\/\/www.versiegelung24.com\/da\/","name":"versiegelung24.com","description":"Fl\u00fcssigglas-Versiegelung - Made in Germany","publisher":{"@id":"https:\/\/www.versiegelung24.com\/da\/#organization"},"potentialAction":[{"@type":"SearchAction","target":{"@type":"EntryPoint","urlTemplate":"https:\/\/www.versiegelung24.com\/da\/?s={search_term_string}"},"query-input":{"@type":"PropertyValueSpecification","valueRequired":true,"valueName":"search_term_string"}}],"inLanguage":"da-DK"},{"@type":"Organization","@id":"https:\/\/www.versiegelung24.com\/da\/#organization","name":"versiegelung24","url":"https:\/\/www.versiegelung24.com\/da\/","logo":{"@type":"ImageObject","inLanguage":"da-DK","@id":"https:\/\/www.versiegelung24.com\/da\/#\/schema\/logo\/image\/","url":"https:\/\/www.versiegelung24.com\/wp-content\/uploads\/2020\/04\/versiegelung24.png","contentUrl":"https:\/\/www.versiegelung24.com\/wp-content\/uploads\/2020\/04\/versiegelung24.png","width":470,"height":102,"caption":"versiegelung24"},"image":{"@id":"https:\/\/www.versiegelung24.com\/da\/#\/schema\/logo\/image\/"}}]},"product_price_amount":"1.25","product_price_currency":"EUR","og_availability":"instock","product_availability":"instock","product_retailer_item_id":"V24-9004","product_condition":"new"},"_links":{"self":[{"href":"https:\/\/www.versiegelung24.com\/da\/wp-json\/wp\/v2\/product\/149433","targetHints":{"allow":["GET"]}}],"collection":[{"href":"https:\/\/www.versiegelung24.com\/da\/wp-json\/wp\/v2\/product"}],"about":[{"href":"https:\/\/www.versiegelung24.com\/da\/wp-json\/wp\/v2\/types\/product"}],"version-history":[{"count":2,"href":"https:\/\/www.versiegelung24.com\/da\/wp-json\/wp\/v2\/product\/149433\/revisions"}],"predecessor-version":[{"id":178235,"href":"https:\/\/www.versiegelung24.com\/da\/wp-json\/wp\/v2\/product\/149433\/revisions\/178235"}],"wp:featuredmedia":[{"embeddable":true,"href":"https:\/\/www.versiegelung24.com\/da\/wp-json\/wp\/v2\/media\/64791"}],"wp:attachment":[{"href":"https:\/\/www.versiegelung24.com\/da\/wp-json\/wp\/v2\/media?parent=149433"}],"wp:term":[{"taxonomy":"product_brand","embeddable":true,"href":"https:\/\/www.versiegelung24.com\/da\/wp-json\/wp\/v2\/product_brand?post=149433"},{"taxonomy":"product_cat","embeddable":true,"href":"https:\/\/www.versiegelung24.com\/da\/wp-json\/wp\/v2\/product_cat?post=149433"},{"taxonomy":"product_tag","embeddable":true,"href":"https:\/\/www.versiegelung24.com\/da\/wp-json\/wp\/v2\/product_tag?post=149433"}],"curies":[{"name":"wp","href":"https:\/\/api.w.org\/{rel}","templated":true}]}}