{"id":157657,"date":"2024-04-04T12:30:43","date_gmt":"2024-04-04T10:30:43","guid":{"rendered":"https:\/\/www.versiegelung24.com\/?post_type=product&#038;p=157657"},"modified":"2025-01-05T18:04:02","modified_gmt":"2025-01-05T17:04:02","slug":"isopropanol","status":"publish","type":"product","link":"https:\/\/www.versiegelung24.com\/da\/100-hojrent-bioethanol-til-professionel-forrengoring-kopie.html","title":{"rendered":"Isopropanol 99,9% h\u00f8j renhed til forrensning"},"content":{"rendered":"\n<h4 class=\"wp-block-heading\" id=\"h-beschreibung\">Beskrivelse af  <\/h4>\n\n<p>Isopropanol, ogs\u00e5 kendt som IPA, 2-propanol eller isopropylalkohol, er en farvel\u00f8s, klar v\u00e6ske med en karakteristisk lugt, som er kendetegnet ved sin brede vifte af anvendelsesmuligheder i husholdningen, i hobbysektoren og i industrien. Den h\u00f8je renhed p\u00e5 99,9% g\u00f8r vores isopropanol til det ideelle forrensningsmiddel til forskellige overflader og til forberedelse af yderligere forarbejdningstrin.<\/p>\n\n<p>Kan med fordel bruges i kombination med vores biologiske restfri forrensningsmiddel <strong><a href=\"https:\/\/www.versiegelung24.com\/da\/biosativa-biologisk-forrens.html\">BIOSATIVA\u00ae<\/a><\/strong><br\/>til forberedelse af f.eks.<a href=\"https:\/\/www.versiegelung24.com\/versiegelung-glas-keramik\/\">glas<\/a>, <a href=\"https:\/\/www.versiegelung24.com\/versiegelung-glas-keramik\/\">keramik<\/a> og malede <a href=\"https:\/\/www.versiegelung24.com\/oberflaechen\/\">overflader<\/a> til p\u00e5f\u00f8ring af vores overfladeforseglinger.<\/p>\n\n<hr\/>\n\n<h4 class=\"wp-block-heading\" id=\"properties\">Produktets egenskaber<\/h4>\n\n<p>\u2713 <strong>Affedtende egenskaber<\/strong>: Effektiv til at fjerne fedt, olie og visse kl\u00e6bemidler.<\/p>\n\n<p>\u2713 <strong>Desinfektionspotentiale<\/strong>: Kan hj\u00e6lpe med at reducere bakterier og fjerne lugt p\u00e5 grund af alkoholbasen.<\/p>\n\n<p>\u2713 <strong>Hurtig fordampning<\/strong>: Fordamper hurtigt uden at efterlade rester, ideelt til reng\u00f8ringsprocesser.<\/p>\n\n<p>\u2713 <strong>Opl\u00f8selighed<\/strong>: Fremragende opl\u00f8selighed i vand, hvilket g\u00f8r det velegnet til forskellige fortyndinger og anvendelser.<\/p>\n\n<p>\u2713 <strong>Renhed<\/strong>: 99,9% isopropanolindhold for de h\u00f8jeste standarder for renhed og effektivitet \u2713 Regional produktion med ingredienser fra Europa<\/p>\n\n<p>\u2713 <strong>Fysisk tilstand<\/strong>: Klar, farvel\u00f8s v\u00e6ske med en karakteristisk, skarp lugt.<\/p>\n\n<p><strong>Meget brandfarlig<\/strong>: Skal h\u00e5ndteres og opbevares med forsigtighed, v\u00e6k fra ant\u00e6ndelseskilder.<\/p>\n\n<p>\u2713 <strong>Ikke-\u00e6tsende<\/strong>: Sikker at bruge p\u00e5 de fleste metaller og plastmaterialer, n\u00e5r den er fortyndet korrekt.<\/p>\n\n<p>\u2713 <strong>Alsidig anvendelighed<\/strong>: Velegnet til tekniske, kosmetiske og laboratoriem\u00e6ssige anvendelser p\u00e5 grund af den h\u00f8je renhed.<\/p>\n\n<p>\u2713 <strong>Sikkerhedsprofil<\/strong>: Kr\u00e6ver beskyttelsesforanstaltninger under brug for at undg\u00e5 ind\u00e5nding eller hudkontakt.<\/p>\n\n<hr\/>\n\n<h4 class=\"wp-block-heading\" id=\"application\">Anvendelse<\/h4>\n\n<ul class=\"wp-block-list\">\n<li><strong>Reng\u00f8ring af glas<\/strong>: Ideel til stribefri reng\u00f8ring af glasoverflader. For optimale resultater anbefaler vi fortynding med 30% destilleret vand.<\/li>\n\n\n\n<li><strong>Affedtning<\/strong>: Effektiv fjernelse af fedt, maling, bl\u00e6k og kl\u00e6berester fra forskellige overflader.<\/li>\n\n\n\n<li><strong>Bilindustrien<\/strong>: Uundv\u00e6rlig til at fjerne snavs og kl\u00e6berester f\u00f8r lakpolering.<\/li>\n\n\n\n<li><strong>3D-print<\/strong>: Perfekt til restfri reng\u00f8ring af printbede og andre komponenter i 3D-printere.<\/li>\n\n\n\n<li><strong>Reng\u00f8ring af fordamper<\/strong>: Fremragende til reng\u00f8ring af e-cigaretter og r\u00f8r for at forhindre opbygning af bakterier.<\/li>\n\n\n\n<li><strong>Pladepleje<\/strong>: Musikelskere s\u00e6tter pris p\u00e5 den sk\u00e5nsomme reng\u00f8ring af deres vinylskatte.<\/li>\n\n\n\n<li><strong>Fjernelse<\/strong> af lugt: Fjerner ubehagelige lugte i sko eller andre tekstiler.<\/li>\n\n\n\n<li><strong>Skadedyrsbek\u00e6mpelse<\/strong>: Nyttig i kampen mod v\u00e6ggelus og b\u00e6nkebidere.<\/li>\n<\/ul>\n\n<p>Ud over de vigtigste anvendelsesomr\u00e5der er isopropanol ogs\u00e5 ideel som afisningsmiddel til d\u00f8rl\u00e5se, kabelrens og til mange andre anvendelser, der kr\u00e6ver grundig forrensning.<\/p>\n\n<hr\/>\n\n<h4 class=\"wp-block-heading\" id=\"faq\">OFTE STILLEDE SP\u00d8RGSM\u00c5L<\/h4>\n\n<div class=\"schema-faq wp-block-yoast-faq-block\"><div class=\"schema-faq-section\" id=\"faq-question-1645793617330\"><strong class=\"schema-faq-question\"><strong>Kan isopropanol 99,9% bruges til medicinske eller desinficerende form\u00e5l<\/strong>?<\/strong> <p class=\"schema-faq-answer\">Isopropanol 99,9% kan bruges til at desinficere overflader, da det har bakteriedr\u00e6bende egenskaber p\u00e5 grund af den h\u00f8je alkoholkoncentration. Til direkte p\u00e5f\u00f8ring p\u00e5 huden eller til medicinske form\u00e5l skal det dog fortyndes tilsvarende.  <strong>Vi anbefaler ikke brug til medicinske eller desinficerende form\u00e5l!<\/strong><\/p> <\/div> <div class=\"schema-faq-section\" id=\"faq-question-1645793819353\"><strong class=\"schema-faq-question\"><strong>Er isopropanol 99,9% sikkert til reng\u00f8ring af elektronisk udstyr?<\/strong><\/strong> <p class=\"schema-faq-answer\">Ja, isopropanol 99,9% er ideelt til reng\u00f8ring af elektroniske enheder, da det fordamper hurtigt og ikke efterlader rester. Det er vigtigt at slukke og frakoble elektroniske enheder f\u00f8r brug og ikke spr\u00f8jte alkoholen direkte p\u00e5 enhederne, men bruge en klud v\u00e6det i isopropanol.<br><\/p> <\/div> <div class=\"schema-faq-section\" id=\"faq-question-1645794918526\"><strong class=\"schema-faq-question\"><strong>Hvordan skal isopropanol 99,9% opbevares?<\/strong><\/strong> <p class=\"schema-faq-answer\">Isopropanol 99,9% skal opbevares i en t\u00e6t lukket beholder p\u00e5 et k\u00f8ligt, godt ventileret sted. Det er meget brandfarligt, s\u00e5 det skal opbevares v\u00e6k fra varmekilder, gnister, \u00e5ben ild og andre ant\u00e6ndelseskilder. Desuden skal opbevaringsomr\u00e5det v\u00e6lges, s\u00e5 det er utilg\u00e6ngeligt for b\u00f8rn og k\u00e6ledyr for at undg\u00e5 utilsigtet eksponering.<\/p> <\/div> <\/div>\n","protected":false},"excerpt":{"rendered":"<p>\u2713 <strong>H\u00f8j reng\u00f8ringseffekt<\/strong>: fjernelse af kl\u00e6berester<\/p>\n<p>\u2713 <strong>Affedtning<\/strong>: stribefri fjernelse af fedt og olie<\/p>\n<p>\u2713 <strong>Opl\u00f8selighed<\/strong>: Fremragende opl\u00f8selighed i vand<\/p>\n<p>\u2713 <strong>Hurtig fordampning<\/strong>: Fordamper hurtigt uden at efterlade rester<\/p>\n","protected":false},"featured_media":157712,"template":"","meta":{"_acf_changed":false,"neve_meta_sidebar":"","neve_meta_container":"","neve_meta_enable_content_width":"","neve_meta_content_width":0,"neve_meta_title_alignment":"","neve_meta_author_avatar":"","neve_post_elements_order":"","neve_meta_disable_header":"","neve_meta_disable_footer":"","neve_meta_disable_title":"","neve_meta_reading_time":"","_surfaces":[],"_ver_product_tabs":[],"footnotes":""},"product_brand":[],"product_cat":[2603,2164,2343,2449,2456],"product_tag":[],"class_list":{"0":"post-157657","1":"product","2":"type-product","3":"status-publish","4":"has-post-thumbnail","6":"product_cat-bioethanol-da","7":"product_cat-bilforsegling","8":"product_cat-taetning-til-glas-og-keramik","9":"product_cat-metal-plast-forsegling","10":"product_cat-rengorings-midler","12":"first","13":"instock","14":"taxable","15":"shipping-taxable","16":"purchasable","17":"product-type-simple"},"acf":[],"yoast_head":"<!-- This site is optimized with the Yoast SEO Premium plugin v22.8 (Yoast SEO v27.5) - https:\/\/yoast.com\/product\/yoast-seo-premium-wordpress\/ -->\n<title>Isopropanol 99,9% h\u00f8j renhed til forrensning - versiegelung24.com<\/title>\n<meta name=\"robots\" content=\"index, follow, max-snippet:-1, max-image-preview:large, max-video-preview:-1\" \/>\n<link rel=\"canonical\" href=\"https:\/\/www.versiegelung24.com\/da\/100-hojrent-bioethanol-til-professionel-forrengoring-kopie.html\" \/>\n<meta property=\"og:locale\" content=\"da_DK\" \/>\n<meta property=\"og:type\" content=\"article\" \/>\n<meta property=\"og:title\" content=\"Isopropanol 99,9% h\u00f8j renhed til forrensning\" \/>\n<meta property=\"og:description\" content=\"\u2713 H\u00f8j reng\u00f8ringseffekt: fjernelse af kl\u00e6berester \u2713 Affedtning: stribefri fjernelse af fedt og olie \u2713 Opl\u00f8selighed: Fremragende opl\u00f8selighed i vand \u2713 Hurtig fordampning: Fordamper hurtigt uden at efterlade rester\" \/>\n<meta property=\"og:url\" content=\"https:\/\/www.versiegelung24.com\/da\/100-hojrent-bioethanol-til-professionel-forrengoring-kopie.html\" \/>\n<meta property=\"og:site_name\" content=\"versiegelung24.com\" \/>\n<meta property=\"article:modified_time\" content=\"2025-01-05T17:04:02+00:00\" \/>\n<meta property=\"og:image\" content=\"https:\/\/www.versiegelung24.com\/wp-content\/uploads\/2024\/04\/isopropanol-999.webp\" \/>\n\t<meta property=\"og:image:width\" content=\"2560\" \/>\n\t<meta property=\"og:image:height\" content=\"2560\" \/>\n\t<meta property=\"og:image:type\" content=\"image\/webp\" \/>\n<meta name=\"twitter:card\" content=\"summary_large_image\" \/>\n<meta name=\"twitter:label1\" content=\"Pris\" \/>\n\t<meta name=\"twitter:data1\" content=\"11,99&euro;\" \/>\n\t<meta name=\"twitter:label2\" content=\"Tilg\u00e6ngelighed\" \/>\n\t<meta name=\"twitter:data2\" content=\"P\u00e5 lager\" \/>\n<script type=\"application\/ld+json\" class=\"yoast-schema-graph\">{\"@context\":\"https:\\\/\\\/schema.org\",\"@graph\":[{\"@type\":[\"WebPage\",\"FAQPage\"],\"@id\":\"https:\\\/\\\/www.versiegelung24.com\\\/da\\\/100-hojrent-bioethanol-til-professionel-forrengoring-kopie.html\",\"url\":\"https:\\\/\\\/www.versiegelung24.com\\\/da\\\/100-hojrent-bioethanol-til-professionel-forrengoring-kopie.html\",\"name\":\"Isopropanol 99,9% h\u00f8j renhed til forrensning - versiegelung24.com\",\"isPartOf\":{\"@id\":\"https:\\\/\\\/www.versiegelung24.com\\\/da\\\/#website\"},\"primaryImageOfPage\":{\"@id\":\"https:\\\/\\\/www.versiegelung24.com\\\/da\\\/100-hojrent-bioethanol-til-professionel-forrengoring-kopie.html#primaryimage\"},\"image\":{\"@id\":\"https:\\\/\\\/www.versiegelung24.com\\\/da\\\/100-hojrent-bioethanol-til-professionel-forrengoring-kopie.html#primaryimage\"},\"thumbnailUrl\":\"https:\\\/\\\/www.versiegelung24.com\\\/wp-content\\\/uploads\\\/2024\\\/04\\\/isopropanol-999.webp\",\"datePublished\":\"2024-04-04T10:30:43+00:00\",\"dateModified\":\"2025-01-05T17:04:02+00:00\",\"breadcrumb\":{\"@id\":\"https:\\\/\\\/www.versiegelung24.com\\\/da\\\/100-hojrent-bioethanol-til-professionel-forrengoring-kopie.html#breadcrumb\"},\"mainEntity\":[{\"@id\":\"https:\\\/\\\/www.versiegelung24.com\\\/da\\\/100-hojrent-bioethanol-til-professionel-forrengoring-kopie.html#faq-question-1645793617330\"},{\"@id\":\"https:\\\/\\\/www.versiegelung24.com\\\/da\\\/100-hojrent-bioethanol-til-professionel-forrengoring-kopie.html#faq-question-1645793819353\"},{\"@id\":\"https:\\\/\\\/www.versiegelung24.com\\\/da\\\/100-hojrent-bioethanol-til-professionel-forrengoring-kopie.html#faq-question-1645794918526\"}],\"inLanguage\":\"da-DK\",\"potentialAction\":[{\"@type\":\"ReadAction\",\"target\":[\"https:\\\/\\\/www.versiegelung24.com\\\/da\\\/100-hojrent-bioethanol-til-professionel-forrengoring-kopie.html\"]}]},{\"@type\":\"ImageObject\",\"inLanguage\":\"da-DK\",\"@id\":\"https:\\\/\\\/www.versiegelung24.com\\\/da\\\/100-hojrent-bioethanol-til-professionel-forrengoring-kopie.html#primaryimage\",\"url\":\"https:\\\/\\\/www.versiegelung24.com\\\/wp-content\\\/uploads\\\/2024\\\/04\\\/isopropanol-999.webp\",\"contentUrl\":\"https:\\\/\\\/www.versiegelung24.com\\\/wp-content\\\/uploads\\\/2024\\\/04\\\/isopropanol-999.webp\",\"width\":2560,\"height\":2560},{\"@type\":\"BreadcrumbList\",\"@id\":\"https:\\\/\\\/www.versiegelung24.com\\\/da\\\/100-hojrent-bioethanol-til-professionel-forrengoring-kopie.html#breadcrumb\",\"itemListElement\":[{\"@type\":\"ListItem\",\"position\":1,\"name\":\"Hjemmeside\",\"item\":\"https:\\\/\\\/www.versiegelung24.com\\\/da\\\/foran\\\/\"},{\"@type\":\"ListItem\",\"position\":2,\"name\":\"Butik\",\"item\":\"https:\\\/\\\/www.versiegelung24.com\\\/da\\\/butik\\\/\"},{\"@type\":\"ListItem\",\"position\":3,\"name\":\"Isopropanol 99,9% h\u00f8j renhed til forrensning\"}]},{\"@type\":\"WebSite\",\"@id\":\"https:\\\/\\\/www.versiegelung24.com\\\/da\\\/#website\",\"url\":\"https:\\\/\\\/www.versiegelung24.com\\\/da\\\/\",\"name\":\"versiegelung24.com\",\"description\":\"Fl\u00fcssigglas-Versiegelung - Made in Germany\",\"publisher\":{\"@id\":\"https:\\\/\\\/www.versiegelung24.com\\\/da\\\/#organization\"},\"potentialAction\":[{\"@type\":\"SearchAction\",\"target\":{\"@type\":\"EntryPoint\",\"urlTemplate\":\"https:\\\/\\\/www.versiegelung24.com\\\/da\\\/?s={search_term_string}\"},\"query-input\":{\"@type\":\"PropertyValueSpecification\",\"valueRequired\":true,\"valueName\":\"search_term_string\"}}],\"inLanguage\":\"da-DK\"},{\"@type\":\"Organization\",\"@id\":\"https:\\\/\\\/www.versiegelung24.com\\\/da\\\/#organization\",\"name\":\"versiegelung24\",\"url\":\"https:\\\/\\\/www.versiegelung24.com\\\/da\\\/\",\"logo\":{\"@type\":\"ImageObject\",\"inLanguage\":\"da-DK\",\"@id\":\"https:\\\/\\\/www.versiegelung24.com\\\/da\\\/#\\\/schema\\\/logo\\\/image\\\/\",\"url\":\"https:\\\/\\\/www.versiegelung24.com\\\/wp-content\\\/uploads\\\/2020\\\/04\\\/versiegelung24.png\",\"contentUrl\":\"https:\\\/\\\/www.versiegelung24.com\\\/wp-content\\\/uploads\\\/2020\\\/04\\\/versiegelung24.png\",\"width\":470,\"height\":102,\"caption\":\"versiegelung24\"},\"image\":{\"@id\":\"https:\\\/\\\/www.versiegelung24.com\\\/da\\\/#\\\/schema\\\/logo\\\/image\\\/\"}},{\"@type\":\"Question\",\"@id\":\"https:\\\/\\\/www.versiegelung24.com\\\/da\\\/100-hojrent-bioethanol-til-professionel-forrengoring-kopie.html#faq-question-1645793617330\",\"position\":1,\"url\":\"https:\\\/\\\/www.versiegelung24.com\\\/da\\\/100-hojrent-bioethanol-til-professionel-forrengoring-kopie.html#faq-question-1645793617330\",\"name\":\"Kann Isopropanol 99,9% f\u00fcr medizinische oder desinfizierende Zwecke verwendet werden?\",\"answerCount\":1,\"acceptedAnswer\":{\"@type\":\"Answer\",\"text\":\"Isopropanol 99,9% kann f\u00fcr die Desinfektion von Oberfl\u00e4chen verwendet werden, da es aufgrund seiner hohen Alkoholkonzentration bakterizide Eigenschaften besitzt. F\u00fcr die direkte Anwendung auf der Haut oder f\u00fcr medizinische Zwecke sollte es jedoch entsprechend verd\u00fcnnt werden. <strong>Wir empfehlen die Verwendung f\u00fcr medizinische oder desinfizierende Zwecke nicht!<\\\/strong>\",\"inLanguage\":\"da-DK\"},\"inLanguage\":\"da-DK\"},{\"@type\":\"Question\",\"@id\":\"https:\\\/\\\/www.versiegelung24.com\\\/da\\\/100-hojrent-bioethanol-til-professionel-forrengoring-kopie.html#faq-question-1645793819353\",\"position\":2,\"url\":\"https:\\\/\\\/www.versiegelung24.com\\\/da\\\/100-hojrent-bioethanol-til-professionel-forrengoring-kopie.html#faq-question-1645793819353\",\"name\":\"Ist Isopropanol 99,9% sicher f\u00fcr die Reinigung von elektronischen Ger\u00e4ten?\",\"answerCount\":1,\"acceptedAnswer\":{\"@type\":\"Answer\",\"text\":\"Ja, Isopropanol 99,9% eignet sich hervorragend f\u00fcr die Reinigung von elektronischen Ger\u00e4ten, da es schnell verdunstet und keine R\u00fcckst\u00e4nde hinterl\u00e4sst. Es ist wichtig, elektronische Ger\u00e4te vor der Anwendung auszuschalten und zu entkoppeln und den Alkohol nicht direkt auf die Ger\u00e4te zu spr\u00fchen, sondern ein mit Isopropanol getr\u00e4nktes Tuch zu verwenden.<br\\\/>\",\"inLanguage\":\"da-DK\"},\"inLanguage\":\"da-DK\"},{\"@type\":\"Question\",\"@id\":\"https:\\\/\\\/www.versiegelung24.com\\\/da\\\/100-hojrent-bioethanol-til-professionel-forrengoring-kopie.html#faq-question-1645794918526\",\"position\":3,\"url\":\"https:\\\/\\\/www.versiegelung24.com\\\/da\\\/100-hojrent-bioethanol-til-professionel-forrengoring-kopie.html#faq-question-1645794918526\",\"name\":\"Wie sollte Isopropanol 99,9% gelagert werden?\",\"answerCount\":1,\"acceptedAnswer\":{\"@type\":\"Answer\",\"text\":\"Isopropanol 99,9% sollte in einem gut verschlossenen Beh\u00e4lter an einem k\u00fchlen, gut bel\u00fcfteten Ort gelagert werden. Es ist leicht entz\u00fcndlich, daher sollte es fern von Hitzequellen, Funken, offenen Flammen und anderen Z\u00fcndquellen aufbewahrt werden. Zudem sollte der Lagerbereich so gew\u00e4hlt werden, dass er f\u00fcr Kinder und Haustiere unzug\u00e4nglich ist, um unbeabsichtigte Exposition zu vermeiden.\",\"inLanguage\":\"da-DK\"},\"inLanguage\":\"da-DK\"}]}<\/script>\n<meta property=\"product:price:amount\" content=\"11.99\" \/>\n<meta property=\"product:price:currency\" content=\"EUR\" \/>\n<meta property=\"og:availability\" content=\"instock\" \/>\n<meta property=\"product:availability\" content=\"instock\" \/>\n<meta property=\"product:retailer_item_id\" content=\"9110-ISO99\" \/>\n<meta property=\"product:condition\" content=\"new\" \/>\n<!-- \/ Yoast SEO Premium plugin. -->","yoast_head_json":{"title":"Isopropanol 99,9% h\u00f8j renhed til forrensning - versiegelung24.com","robots":{"index":"index","follow":"follow","max-snippet":"max-snippet:-1","max-image-preview":"max-image-preview:large","max-video-preview":"max-video-preview:-1"},"canonical":"https:\/\/www.versiegelung24.com\/da\/100-hojrent-bioethanol-til-professionel-forrengoring-kopie.html","og_locale":"da_DK","og_type":"article","og_title":"Isopropanol 99,9% h\u00f8j renhed til forrensning","og_description":"\u2713 H\u00f8j reng\u00f8ringseffekt: fjernelse af kl\u00e6berester \u2713 Affedtning: stribefri fjernelse af fedt og olie \u2713 Opl\u00f8selighed: Fremragende opl\u00f8selighed i vand \u2713 Hurtig fordampning: Fordamper hurtigt uden at efterlade rester","og_url":"https:\/\/www.versiegelung24.com\/da\/100-hojrent-bioethanol-til-professionel-forrengoring-kopie.html","og_site_name":"versiegelung24.com","article_modified_time":"2025-01-05T17:04:02+00:00","og_image":[{"width":2560,"height":2560,"url":"https:\/\/www.versiegelung24.com\/wp-content\/uploads\/2024\/04\/isopropanol-999.webp","type":"image\/webp"}],"twitter_card":"summary_large_image","twitter_misc":{"Pris":"11,99&euro;","Tilg\u00e6ngelighed":"P\u00e5 lager"},"schema":{"@context":"https:\/\/schema.org","@graph":[{"@type":["WebPage","FAQPage"],"@id":"https:\/\/www.versiegelung24.com\/da\/100-hojrent-bioethanol-til-professionel-forrengoring-kopie.html","url":"https:\/\/www.versiegelung24.com\/da\/100-hojrent-bioethanol-til-professionel-forrengoring-kopie.html","name":"Isopropanol 99,9% h\u00f8j renhed til forrensning - versiegelung24.com","isPartOf":{"@id":"https:\/\/www.versiegelung24.com\/da\/#website"},"primaryImageOfPage":{"@id":"https:\/\/www.versiegelung24.com\/da\/100-hojrent-bioethanol-til-professionel-forrengoring-kopie.html#primaryimage"},"image":{"@id":"https:\/\/www.versiegelung24.com\/da\/100-hojrent-bioethanol-til-professionel-forrengoring-kopie.html#primaryimage"},"thumbnailUrl":"https:\/\/www.versiegelung24.com\/wp-content\/uploads\/2024\/04\/isopropanol-999.webp","datePublished":"2024-04-04T10:30:43+00:00","dateModified":"2025-01-05T17:04:02+00:00","breadcrumb":{"@id":"https:\/\/www.versiegelung24.com\/da\/100-hojrent-bioethanol-til-professionel-forrengoring-kopie.html#breadcrumb"},"mainEntity":[{"@id":"https:\/\/www.versiegelung24.com\/da\/100-hojrent-bioethanol-til-professionel-forrengoring-kopie.html#faq-question-1645793617330"},{"@id":"https:\/\/www.versiegelung24.com\/da\/100-hojrent-bioethanol-til-professionel-forrengoring-kopie.html#faq-question-1645793819353"},{"@id":"https:\/\/www.versiegelung24.com\/da\/100-hojrent-bioethanol-til-professionel-forrengoring-kopie.html#faq-question-1645794918526"}],"inLanguage":"da-DK","potentialAction":[{"@type":"ReadAction","target":["https:\/\/www.versiegelung24.com\/da\/100-hojrent-bioethanol-til-professionel-forrengoring-kopie.html"]}]},{"@type":"ImageObject","inLanguage":"da-DK","@id":"https:\/\/www.versiegelung24.com\/da\/100-hojrent-bioethanol-til-professionel-forrengoring-kopie.html#primaryimage","url":"https:\/\/www.versiegelung24.com\/wp-content\/uploads\/2024\/04\/isopropanol-999.webp","contentUrl":"https:\/\/www.versiegelung24.com\/wp-content\/uploads\/2024\/04\/isopropanol-999.webp","width":2560,"height":2560},{"@type":"BreadcrumbList","@id":"https:\/\/www.versiegelung24.com\/da\/100-hojrent-bioethanol-til-professionel-forrengoring-kopie.html#breadcrumb","itemListElement":[{"@type":"ListItem","position":1,"name":"Hjemmeside","item":"https:\/\/www.versiegelung24.com\/da\/foran\/"},{"@type":"ListItem","position":2,"name":"Butik","item":"https:\/\/www.versiegelung24.com\/da\/butik\/"},{"@type":"ListItem","position":3,"name":"Isopropanol 99,9% h\u00f8j renhed til forrensning"}]},{"@type":"WebSite","@id":"https:\/\/www.versiegelung24.com\/da\/#website","url":"https:\/\/www.versiegelung24.com\/da\/","name":"versiegelung24.com","description":"Fl\u00fcssigglas-Versiegelung - Made in Germany","publisher":{"@id":"https:\/\/www.versiegelung24.com\/da\/#organization"},"potentialAction":[{"@type":"SearchAction","target":{"@type":"EntryPoint","urlTemplate":"https:\/\/www.versiegelung24.com\/da\/?s={search_term_string}"},"query-input":{"@type":"PropertyValueSpecification","valueRequired":true,"valueName":"search_term_string"}}],"inLanguage":"da-DK"},{"@type":"Organization","@id":"https:\/\/www.versiegelung24.com\/da\/#organization","name":"versiegelung24","url":"https:\/\/www.versiegelung24.com\/da\/","logo":{"@type":"ImageObject","inLanguage":"da-DK","@id":"https:\/\/www.versiegelung24.com\/da\/#\/schema\/logo\/image\/","url":"https:\/\/www.versiegelung24.com\/wp-content\/uploads\/2020\/04\/versiegelung24.png","contentUrl":"https:\/\/www.versiegelung24.com\/wp-content\/uploads\/2020\/04\/versiegelung24.png","width":470,"height":102,"caption":"versiegelung24"},"image":{"@id":"https:\/\/www.versiegelung24.com\/da\/#\/schema\/logo\/image\/"}},{"@type":"Question","@id":"https:\/\/www.versiegelung24.com\/da\/100-hojrent-bioethanol-til-professionel-forrengoring-kopie.html#faq-question-1645793617330","position":1,"url":"https:\/\/www.versiegelung24.com\/da\/100-hojrent-bioethanol-til-professionel-forrengoring-kopie.html#faq-question-1645793617330","name":"Kann Isopropanol 99,9% f\u00fcr medizinische oder desinfizierende Zwecke verwendet werden?","answerCount":1,"acceptedAnswer":{"@type":"Answer","text":"Isopropanol 99,9% kann f\u00fcr die Desinfektion von Oberfl\u00e4chen verwendet werden, da es aufgrund seiner hohen Alkoholkonzentration bakterizide Eigenschaften besitzt. F\u00fcr die direkte Anwendung auf der Haut oder f\u00fcr medizinische Zwecke sollte es jedoch entsprechend verd\u00fcnnt werden. <strong>Wir empfehlen die Verwendung f\u00fcr medizinische oder desinfizierende Zwecke nicht!<\/strong>","inLanguage":"da-DK"},"inLanguage":"da-DK"},{"@type":"Question","@id":"https:\/\/www.versiegelung24.com\/da\/100-hojrent-bioethanol-til-professionel-forrengoring-kopie.html#faq-question-1645793819353","position":2,"url":"https:\/\/www.versiegelung24.com\/da\/100-hojrent-bioethanol-til-professionel-forrengoring-kopie.html#faq-question-1645793819353","name":"Ist Isopropanol 99,9% sicher f\u00fcr die Reinigung von elektronischen Ger\u00e4ten?","answerCount":1,"acceptedAnswer":{"@type":"Answer","text":"Ja, Isopropanol 99,9% eignet sich hervorragend f\u00fcr die Reinigung von elektronischen Ger\u00e4ten, da es schnell verdunstet und keine R\u00fcckst\u00e4nde hinterl\u00e4sst. Es ist wichtig, elektronische Ger\u00e4te vor der Anwendung auszuschalten und zu entkoppeln und den Alkohol nicht direkt auf die Ger\u00e4te zu spr\u00fchen, sondern ein mit Isopropanol getr\u00e4nktes Tuch zu verwenden.<br\/>","inLanguage":"da-DK"},"inLanguage":"da-DK"},{"@type":"Question","@id":"https:\/\/www.versiegelung24.com\/da\/100-hojrent-bioethanol-til-professionel-forrengoring-kopie.html#faq-question-1645794918526","position":3,"url":"https:\/\/www.versiegelung24.com\/da\/100-hojrent-bioethanol-til-professionel-forrengoring-kopie.html#faq-question-1645794918526","name":"Wie sollte Isopropanol 99,9% gelagert werden?","answerCount":1,"acceptedAnswer":{"@type":"Answer","text":"Isopropanol 99,9% sollte in einem gut verschlossenen Beh\u00e4lter an einem k\u00fchlen, gut bel\u00fcfteten Ort gelagert werden. Es ist leicht entz\u00fcndlich, daher sollte es fern von Hitzequellen, Funken, offenen Flammen und anderen Z\u00fcndquellen aufbewahrt werden. Zudem sollte der Lagerbereich so gew\u00e4hlt werden, dass er f\u00fcr Kinder und Haustiere unzug\u00e4nglich ist, um unbeabsichtigte Exposition zu vermeiden.","inLanguage":"da-DK"},"inLanguage":"da-DK"}]},"product_price_amount":"11.99","product_price_currency":"EUR","og_availability":"instock","product_availability":"instock","product_retailer_item_id":"9110-ISO99","product_condition":"new"},"_links":{"self":[{"href":"https:\/\/www.versiegelung24.com\/da\/wp-json\/wp\/v2\/product\/157657","targetHints":{"allow":["GET"]}}],"collection":[{"href":"https:\/\/www.versiegelung24.com\/da\/wp-json\/wp\/v2\/product"}],"about":[{"href":"https:\/\/www.versiegelung24.com\/da\/wp-json\/wp\/v2\/types\/product"}],"version-history":[{"count":8,"href":"https:\/\/www.versiegelung24.com\/da\/wp-json\/wp\/v2\/product\/157657\/revisions"}],"predecessor-version":[{"id":178486,"href":"https:\/\/www.versiegelung24.com\/da\/wp-json\/wp\/v2\/product\/157657\/revisions\/178486"}],"wp:featuredmedia":[{"embeddable":true,"href":"https:\/\/www.versiegelung24.com\/da\/wp-json\/wp\/v2\/media\/157712"}],"wp:attachment":[{"href":"https:\/\/www.versiegelung24.com\/da\/wp-json\/wp\/v2\/media?parent=157657"}],"wp:term":[{"taxonomy":"product_brand","embeddable":true,"href":"https:\/\/www.versiegelung24.com\/da\/wp-json\/wp\/v2\/product_brand?post=157657"},{"taxonomy":"product_cat","embeddable":true,"href":"https:\/\/www.versiegelung24.com\/da\/wp-json\/wp\/v2\/product_cat?post=157657"},{"taxonomy":"product_tag","embeddable":true,"href":"https:\/\/www.versiegelung24.com\/da\/wp-json\/wp\/v2\/product_tag?post=157657"}],"curies":[{"name":"wp","href":"https:\/\/api.w.org\/{rel}","templated":true}]}}