{"id":160913,"date":"2024-05-06T17:28:31","date_gmt":"2024-05-06T15:28:31","guid":{"rendered":"https:\/\/www.versiegelung24.com\/?post_type=product&#038;p=160913"},"modified":"2025-01-13T17:08:26","modified_gmt":"2025-01-13T16:08:26","slug":"arbeitshandschuhe-nylon-schwarz-groesse-9","status":"publish","type":"product","link":"https:\/\/www.versiegelung24.com\/da\/product\/arbeitshandschuhe-nylon-schwarz-groesse-9\/","title":{"rendered":"Arbejdshandsker nylon sort str. 9"},"content":{"rendered":"\n<h4 class=\"wp-block-heading\" id=\"h-beschreibung\">Beskrivelse af<\/h4>\n\n<p>Nylonhandsker til universel brug med s\u00e6rlig skrid- og slidstyrke. Nylonhandskerne er s\u00f8ml\u00f8st strikket uden irriterende s\u00f8mme og forhindrer dermed hudirritation. Takket v\u00e6re deres perfekte pasform giver de en s\u00e6rlig h\u00f8j grad af komfort. Handskerne kan vaskes og genbruges og er s\u00e6rligt velegnede til f.eks. bilindustrien, havearbejde, g\u00f8r-det-selv-arbejde osv.<\/p>\n\n<hr \/>\n\n<h4 class=\"wp-block-heading\" id=\"properties\">Produktets egenskaber<\/h4>\n\n<div class=\"wp-block-columns is-layout-flex wp-container-core-columns-is-layout-9d6595d7 wp-block-columns-is-layout-flex\">\n<div class=\"wp-block-column is-layout-flow wp-block-column-is-layout-flow\">\n<p>\u2713 F\u00f8rsteklasses, tynd polyuretanbel\u00e6gning p\u00e5 h\u00e5ndfladen og fingrene<\/p>\n\n\n\n<p>\u2713 S\u00f8ml\u00f8st strikket uden irriterende s\u00f8mme for at forhindre hudirritation<\/p>\n\n\n\n<p>\u2713 Ekstremt behagelig takket v\u00e6re den perfekte pasform<\/p>\n\n\n\n<p>\u2713 Fremstillet i henhold til EN 388<\/p>\n\n\n\n<p>\u2713 Ideel til n\u00e6sten alt monteringsarbejde inden for finmekanik og overalt, hvor der kr\u00e6ves pr\u00e6cision<\/p>\n\n\n\n<p>\u2713 Ingen tr\u00e6thed i h\u00e6nderne p\u00e5 grund af handsker<\/p>\n\n\n\n<p>\u2713 H\u00e5ndryggen er ubelagt og meget \u00e5ndbar<\/p>\n\n\n\n<p>\u2713 Vaskbar<\/p>\n\n\n\n<p>\u2713 St\u00f8rrelse: 9<\/p>\n<\/div>\n<\/div>\n","protected":false},"excerpt":{"rendered":"<div class=\"product_text_extra\">\n<p>\u2713 S\u00e6rligt skridsikker og slidst\u00e6rk<\/p>\n<p>\u2713 H\u00e5ndryggen er ubelagt og meget \u00e5ndbar<\/p>\n<p>\u2713 Ekstremt behagelig takket v\u00e6re den perfekte pasform<\/p>\n<p>\u2713 Vaskbar og genanvendelig<\/p>\n<p>\u2713 Fremstillet i henhold til EN388<\/p>\n<\/div>\n","protected":false},"featured_media":161005,"template":"","meta":{"_acf_changed":false,"neve_meta_sidebar":"","neve_meta_container":"","neve_meta_enable_content_width":"","neve_meta_content_width":0,"neve_meta_title_alignment":"","neve_meta_author_avatar":"","neve_post_elements_order":"","neve_meta_disable_header":"","neve_meta_disable_footer":"","neve_meta_disable_title":"","neve_meta_reading_time":"","_surfaces":[],"_ver_product_tabs":[],"footnotes":""},"product_brand":[],"product_cat":[3069],"product_tag":[],"class_list":{"0":"post-160913","1":"product","2":"type-product","3":"status-publish","4":"has-post-thumbnail","6":"product_cat-udstyr","8":"first","9":"instock","10":"taxable","11":"shipping-taxable","12":"purchasable","13":"product-type-simple"},"acf":[],"yoast_head":"<!-- This site is optimized with the Yoast SEO Premium plugin v22.8 (Yoast SEO v27.5) - https:\/\/yoast.com\/product\/yoast-seo-premium-wordpress\/ -->\n<title>Arbejdshandsker nylon sort str. 9 - versiegelung24.com<\/title>\n<meta name=\"robots\" content=\"index, follow, max-snippet:-1, max-image-preview:large, max-video-preview:-1\" \/>\n<link rel=\"canonical\" href=\"https:\/\/www.versiegelung24.com\/da\/product\/arbeitshandschuhe-nylon-schwarz-groesse-9\/\" \/>\n<meta property=\"og:locale\" content=\"da_DK\" \/>\n<meta property=\"og:type\" content=\"article\" \/>\n<meta property=\"og:title\" content=\"Arbejdshandsker nylon sort str. 9\" \/>\n<meta property=\"og:description\" content=\"\u2713 S\u00e6rligt skridsikker og slidst\u00e6rk \u2713 H\u00e5ndryggen er ubelagt og meget \u00e5ndbar \u2713 Ekstremt behagelig takket v\u00e6re den perfekte pasform \u2713 Vaskbar og genanvendelig \u2713 Fremstillet i henhold til EN388\" \/>\n<meta property=\"og:url\" content=\"https:\/\/www.versiegelung24.com\/da\/product\/arbeitshandschuhe-nylon-schwarz-groesse-9\/\" \/>\n<meta property=\"og:site_name\" content=\"versiegelung24.com\" \/>\n<meta property=\"article:modified_time\" content=\"2025-01-13T16:08:26+00:00\" \/>\n<meta name=\"twitter:card\" content=\"summary_large_image\" \/>\n<meta name=\"twitter:label1\" content=\"Pris\" \/>\n\t<meta name=\"twitter:data1\" content=\"2,49&euro;\" \/>\n\t<meta name=\"twitter:label2\" content=\"Tilg\u00e6ngelighed\" \/>\n\t<meta name=\"twitter:data2\" content=\"P\u00e5 lager\" \/>\n<script type=\"application\/ld+json\" class=\"yoast-schema-graph\">{\"@context\":\"https:\\\/\\\/schema.org\",\"@graph\":[{\"@type\":\"WebPage\",\"@id\":\"https:\\\/\\\/www.versiegelung24.com\\\/da\\\/product\\\/arbeitshandschuhe-nylon-schwarz-groesse-9\\\/\",\"url\":\"https:\\\/\\\/www.versiegelung24.com\\\/da\\\/product\\\/arbeitshandschuhe-nylon-schwarz-groesse-9\\\/\",\"name\":\"Arbejdshandsker nylon sort str. 9 - versiegelung24.com\",\"isPartOf\":{\"@id\":\"https:\\\/\\\/www.versiegelung24.com\\\/da\\\/#website\"},\"primaryImageOfPage\":{\"@id\":\"https:\\\/\\\/www.versiegelung24.com\\\/da\\\/product\\\/arbeitshandschuhe-nylon-schwarz-groesse-9\\\/#primaryimage\"},\"image\":{\"@id\":\"https:\\\/\\\/www.versiegelung24.com\\\/da\\\/product\\\/arbeitshandschuhe-nylon-schwarz-groesse-9\\\/#primaryimage\"},\"thumbnailUrl\":\"https:\\\/\\\/www.versiegelung24.com\\\/wp-content\\\/uploads\\\/2024\\\/05\\\/nitril-oben.webp\",\"datePublished\":\"2024-05-06T15:28:31+00:00\",\"dateModified\":\"2025-01-13T16:08:26+00:00\",\"breadcrumb\":{\"@id\":\"https:\\\/\\\/www.versiegelung24.com\\\/da\\\/product\\\/arbeitshandschuhe-nylon-schwarz-groesse-9\\\/#breadcrumb\"},\"inLanguage\":\"da-DK\",\"potentialAction\":[{\"@type\":\"ReadAction\",\"target\":[\"https:\\\/\\\/www.versiegelung24.com\\\/da\\\/product\\\/arbeitshandschuhe-nylon-schwarz-groesse-9\\\/\"]}]},{\"@type\":\"ImageObject\",\"inLanguage\":\"da-DK\",\"@id\":\"https:\\\/\\\/www.versiegelung24.com\\\/da\\\/product\\\/arbeitshandschuhe-nylon-schwarz-groesse-9\\\/#primaryimage\",\"url\":\"https:\\\/\\\/www.versiegelung24.com\\\/wp-content\\\/uploads\\\/2024\\\/05\\\/nitril-oben.webp\",\"contentUrl\":\"https:\\\/\\\/www.versiegelung24.com\\\/wp-content\\\/uploads\\\/2024\\\/05\\\/nitril-oben.webp\",\"width\":2000,\"height\":2000},{\"@type\":\"BreadcrumbList\",\"@id\":\"https:\\\/\\\/www.versiegelung24.com\\\/da\\\/product\\\/arbeitshandschuhe-nylon-schwarz-groesse-9\\\/#breadcrumb\",\"itemListElement\":[{\"@type\":\"ListItem\",\"position\":1,\"name\":\"Hjemmeside\",\"item\":\"https:\\\/\\\/www.versiegelung24.com\\\/da\\\/foran\\\/\"},{\"@type\":\"ListItem\",\"position\":2,\"name\":\"Butik\",\"item\":\"https:\\\/\\\/www.versiegelung24.com\\\/da\\\/butik\\\/\"},{\"@type\":\"ListItem\",\"position\":3,\"name\":\"Arbejdshandsker nylon sort str. 9\"}]},{\"@type\":\"WebSite\",\"@id\":\"https:\\\/\\\/www.versiegelung24.com\\\/da\\\/#website\",\"url\":\"https:\\\/\\\/www.versiegelung24.com\\\/da\\\/\",\"name\":\"versiegelung24.com\",\"description\":\"Fl\u00fcssigglas-Versiegelung - Made in Germany\",\"publisher\":{\"@id\":\"https:\\\/\\\/www.versiegelung24.com\\\/da\\\/#organization\"},\"potentialAction\":[{\"@type\":\"SearchAction\",\"target\":{\"@type\":\"EntryPoint\",\"urlTemplate\":\"https:\\\/\\\/www.versiegelung24.com\\\/da\\\/?s={search_term_string}\"},\"query-input\":{\"@type\":\"PropertyValueSpecification\",\"valueRequired\":true,\"valueName\":\"search_term_string\"}}],\"inLanguage\":\"da-DK\"},{\"@type\":\"Organization\",\"@id\":\"https:\\\/\\\/www.versiegelung24.com\\\/da\\\/#organization\",\"name\":\"versiegelung24\",\"url\":\"https:\\\/\\\/www.versiegelung24.com\\\/da\\\/\",\"logo\":{\"@type\":\"ImageObject\",\"inLanguage\":\"da-DK\",\"@id\":\"https:\\\/\\\/www.versiegelung24.com\\\/da\\\/#\\\/schema\\\/logo\\\/image\\\/\",\"url\":\"https:\\\/\\\/www.versiegelung24.com\\\/wp-content\\\/uploads\\\/2020\\\/04\\\/versiegelung24.png\",\"contentUrl\":\"https:\\\/\\\/www.versiegelung24.com\\\/wp-content\\\/uploads\\\/2020\\\/04\\\/versiegelung24.png\",\"width\":470,\"height\":102,\"caption\":\"versiegelung24\"},\"image\":{\"@id\":\"https:\\\/\\\/www.versiegelung24.com\\\/da\\\/#\\\/schema\\\/logo\\\/image\\\/\"}}]}<\/script>\n<meta property=\"product:price:amount\" content=\"2.49\" \/>\n<meta property=\"product:price:currency\" content=\"EUR\" \/>\n<meta property=\"og:availability\" content=\"instock\" \/>\n<meta property=\"product:availability\" content=\"instock\" \/>\n<meta property=\"product:retailer_item_id\" content=\"V24-SB340-9\" \/>\n<meta property=\"product:condition\" content=\"new\" \/>\n<!-- \/ Yoast SEO Premium plugin. -->","yoast_head_json":{"title":"Arbejdshandsker nylon sort str. 9 - versiegelung24.com","robots":{"index":"index","follow":"follow","max-snippet":"max-snippet:-1","max-image-preview":"max-image-preview:large","max-video-preview":"max-video-preview:-1"},"canonical":"https:\/\/www.versiegelung24.com\/da\/product\/arbeitshandschuhe-nylon-schwarz-groesse-9\/","og_locale":"da_DK","og_type":"article","og_title":"Arbejdshandsker nylon sort str. 9","og_description":"\u2713 S\u00e6rligt skridsikker og slidst\u00e6rk \u2713 H\u00e5ndryggen er ubelagt og meget \u00e5ndbar \u2713 Ekstremt behagelig takket v\u00e6re den perfekte pasform \u2713 Vaskbar og genanvendelig \u2713 Fremstillet i henhold til EN388","og_url":"https:\/\/www.versiegelung24.com\/da\/product\/arbeitshandschuhe-nylon-schwarz-groesse-9\/","og_site_name":"versiegelung24.com","article_modified_time":"2025-01-13T16:08:26+00:00","twitter_card":"summary_large_image","twitter_misc":{"Pris":"2,49&euro;","Tilg\u00e6ngelighed":"P\u00e5 lager"},"schema":{"@context":"https:\/\/schema.org","@graph":[{"@type":"WebPage","@id":"https:\/\/www.versiegelung24.com\/da\/product\/arbeitshandschuhe-nylon-schwarz-groesse-9\/","url":"https:\/\/www.versiegelung24.com\/da\/product\/arbeitshandschuhe-nylon-schwarz-groesse-9\/","name":"Arbejdshandsker nylon sort str. 9 - versiegelung24.com","isPartOf":{"@id":"https:\/\/www.versiegelung24.com\/da\/#website"},"primaryImageOfPage":{"@id":"https:\/\/www.versiegelung24.com\/da\/product\/arbeitshandschuhe-nylon-schwarz-groesse-9\/#primaryimage"},"image":{"@id":"https:\/\/www.versiegelung24.com\/da\/product\/arbeitshandschuhe-nylon-schwarz-groesse-9\/#primaryimage"},"thumbnailUrl":"https:\/\/www.versiegelung24.com\/wp-content\/uploads\/2024\/05\/nitril-oben.webp","datePublished":"2024-05-06T15:28:31+00:00","dateModified":"2025-01-13T16:08:26+00:00","breadcrumb":{"@id":"https:\/\/www.versiegelung24.com\/da\/product\/arbeitshandschuhe-nylon-schwarz-groesse-9\/#breadcrumb"},"inLanguage":"da-DK","potentialAction":[{"@type":"ReadAction","target":["https:\/\/www.versiegelung24.com\/da\/product\/arbeitshandschuhe-nylon-schwarz-groesse-9\/"]}]},{"@type":"ImageObject","inLanguage":"da-DK","@id":"https:\/\/www.versiegelung24.com\/da\/product\/arbeitshandschuhe-nylon-schwarz-groesse-9\/#primaryimage","url":"https:\/\/www.versiegelung24.com\/wp-content\/uploads\/2024\/05\/nitril-oben.webp","contentUrl":"https:\/\/www.versiegelung24.com\/wp-content\/uploads\/2024\/05\/nitril-oben.webp","width":2000,"height":2000},{"@type":"BreadcrumbList","@id":"https:\/\/www.versiegelung24.com\/da\/product\/arbeitshandschuhe-nylon-schwarz-groesse-9\/#breadcrumb","itemListElement":[{"@type":"ListItem","position":1,"name":"Hjemmeside","item":"https:\/\/www.versiegelung24.com\/da\/foran\/"},{"@type":"ListItem","position":2,"name":"Butik","item":"https:\/\/www.versiegelung24.com\/da\/butik\/"},{"@type":"ListItem","position":3,"name":"Arbejdshandsker nylon sort str. 9"}]},{"@type":"WebSite","@id":"https:\/\/www.versiegelung24.com\/da\/#website","url":"https:\/\/www.versiegelung24.com\/da\/","name":"versiegelung24.com","description":"Fl\u00fcssigglas-Versiegelung - Made in Germany","publisher":{"@id":"https:\/\/www.versiegelung24.com\/da\/#organization"},"potentialAction":[{"@type":"SearchAction","target":{"@type":"EntryPoint","urlTemplate":"https:\/\/www.versiegelung24.com\/da\/?s={search_term_string}"},"query-input":{"@type":"PropertyValueSpecification","valueRequired":true,"valueName":"search_term_string"}}],"inLanguage":"da-DK"},{"@type":"Organization","@id":"https:\/\/www.versiegelung24.com\/da\/#organization","name":"versiegelung24","url":"https:\/\/www.versiegelung24.com\/da\/","logo":{"@type":"ImageObject","inLanguage":"da-DK","@id":"https:\/\/www.versiegelung24.com\/da\/#\/schema\/logo\/image\/","url":"https:\/\/www.versiegelung24.com\/wp-content\/uploads\/2020\/04\/versiegelung24.png","contentUrl":"https:\/\/www.versiegelung24.com\/wp-content\/uploads\/2020\/04\/versiegelung24.png","width":470,"height":102,"caption":"versiegelung24"},"image":{"@id":"https:\/\/www.versiegelung24.com\/da\/#\/schema\/logo\/image\/"}}]},"product_price_amount":"2.49","product_price_currency":"EUR","og_availability":"instock","product_availability":"instock","product_retailer_item_id":"V24-SB340-9","product_condition":"new"},"_links":{"self":[{"href":"https:\/\/www.versiegelung24.com\/da\/wp-json\/wp\/v2\/product\/160913","targetHints":{"allow":["GET"]}}],"collection":[{"href":"https:\/\/www.versiegelung24.com\/da\/wp-json\/wp\/v2\/product"}],"about":[{"href":"https:\/\/www.versiegelung24.com\/da\/wp-json\/wp\/v2\/types\/product"}],"version-history":[{"count":4,"href":"https:\/\/www.versiegelung24.com\/da\/wp-json\/wp\/v2\/product\/160913\/revisions"}],"predecessor-version":[{"id":180717,"href":"https:\/\/www.versiegelung24.com\/da\/wp-json\/wp\/v2\/product\/160913\/revisions\/180717"}],"wp:featuredmedia":[{"embeddable":true,"href":"https:\/\/www.versiegelung24.com\/da\/wp-json\/wp\/v2\/media\/161005"}],"wp:attachment":[{"href":"https:\/\/www.versiegelung24.com\/da\/wp-json\/wp\/v2\/media?parent=160913"}],"wp:term":[{"taxonomy":"product_brand","embeddable":true,"href":"https:\/\/www.versiegelung24.com\/da\/wp-json\/wp\/v2\/product_brand?post=160913"},{"taxonomy":"product_cat","embeddable":true,"href":"https:\/\/www.versiegelung24.com\/da\/wp-json\/wp\/v2\/product_cat?post=160913"},{"taxonomy":"product_tag","embeddable":true,"href":"https:\/\/www.versiegelung24.com\/da\/wp-json\/wp\/v2\/product_tag?post=160913"}],"curies":[{"name":"wp","href":"https:\/\/api.w.org\/{rel}","templated":true}]}}