{"id":181814,"date":"2025-07-31T12:51:03","date_gmt":"2025-07-31T10:51:06","guid":{"rendered":"https:\/\/www.versiegelung24.com\/?post_type=product&#038;p=181814"},"modified":"2025-09-05T13:26:47","modified_gmt":"2025-09-05T11:26:47","slug":"holzimpragnierung-silanbasis","status":"publish","type":"product","link":"https:\/\/www.versiegelung24.com\/da\/holzimpragnierung-silanbasis.html","title":{"rendered":"Tr\u00e6impr\u00e6gnering &#8211; naturlig tr\u00e6beskyttelse baseret p\u00e5 silan"},"content":{"rendered":"\n<h2 class=\"wp-block-heading\" id=\"h-holzschutz-naturimpragnierung-auf-silanbasis-wasserbasierend\"><strong>Tr\u00e6beskyttelse: Silanbaseret naturlig impr\u00e6gnering (vandbaseret)<\/strong><\/h2>\n\n<p>H\u00f8j kvalitet lavet i Tyskland.<\/p>\n\n<hr\/>\n\n<div class=\"wp-block-columns is-layout-flex wp-container-core-columns-is-layout-9d6595d7 wp-block-columns-is-layout-flex\">\n<div class=\"wp-block-column is-layout-flow wp-block-column-is-layout-flow\">\n<p>Vores tr\u00e6impr\u00e6gnering er et silanbaseret impr\u00e6gneringssystem, der er klar til brug. Det stabiliserer ligninen og beskytter dermed tr\u00e6et betydeligt mod gr\u00e5ning. Dets hydrofobe egenskaber forhindrer u\u00f8nsket fugt og snavs i at tr\u00e6nge ind i tr\u00e6et.  <\/p>\n\n\n\n<p><strong>Velegnet til:<\/strong> Tr\u00e6, gangbroer, carporte, vindueskarme, haveskure, havem\u00f8bler, konstruktionstr\u00e6, facader, plantekasser, terrasser, hegn og meget mere.<\/p>\n<\/div>\n\n\n\n<div class=\"wp-block-column is-layout-flow wp-block-column-is-layout-flow\">\n<figure class=\"wp-block-image size-large\"><img fetchpriority=\"high\" decoding=\"async\" width=\"1300\" height=\"851\" src=\"https:\/\/www.versiegelung24.com\/wp-content\/uploads\/2025\/07\/image-1300x851.png\" alt=\"\" class=\"wp-image-181965\" srcset=\"https:\/\/www.versiegelung24.com\/wp-content\/uploads\/2025\/07\/image-1300x851.png 1300w, https:\/\/www.versiegelung24.com\/wp-content\/uploads\/2025\/07\/image-300x196.png 300w, https:\/\/www.versiegelung24.com\/wp-content\/uploads\/2025\/07\/image-768x503.png 768w, https:\/\/www.versiegelung24.com\/wp-content\/uploads\/2025\/07\/image-1536x1006.png 1536w, https:\/\/www.versiegelung24.com\/wp-content\/uploads\/2025\/07\/image-600x393.png 600w, https:\/\/www.versiegelung24.com\/wp-content\/uploads\/2025\/07\/image.png 1784w\" sizes=\"(max-width: 1300px) 100vw, 1300px\" \/><\/figure>\n<\/div>\n<\/div>\n\n<h4 class=\"wp-block-heading\" id=\"properties\">Produktets egenskaber<\/h4>\n\n<div class=\"wp-block-columns is-layout-flex wp-container-core-columns-is-layout-9d6595d7 wp-block-columns-is-layout-flex\">\n<div class=\"wp-block-column is-layout-flow wp-block-column-is-layout-flow\">\n<ul class=\"wp-block-list\">\n<li><strong>Farve\u00e6gte<\/strong> &#8211; Transparent beskyttelse, der bevarer tr\u00e6ets farve  <\/li>\n\n\n\n<li><strong>Fri for olieprodukter<\/strong> &#8211; Milj\u00f8venlig formulering  <\/li>\n\n\n\n<li><strong>Primer og beskyttelsesfunktion i \u00e9t trin<\/strong> &#8211; Nem p\u00e5f\u00f8ring  <\/li>\n\n\n\n<li><strong>Meget hurtig t\u00f8rring<\/strong> &#8211; tidsbesparende behandling  <\/li>\n\n\n\n<li><strong>Holdbarhed<\/strong> &#8211; 2-5 \u00e5r (betydeligt l\u00e6ngere, hvis den bruges indend\u00f8rs)<\/li>\n\n\n\n<li><strong>Ligninbeskyttelsen<\/strong> <strong>forsinker<\/strong> <strong>gr\u00e5ningsprocessen<\/strong> betydeligt med <strong>flere m\u00e5neder<\/strong>.<\/li>\n<\/ul>\n<\/div>\n\n\n\n<div class=\"wp-block-column is-layout-flow wp-block-column-is-layout-flow\">\n<ul class=\"wp-block-list\">\n<li><strong>Fri for PFAS, PFOA og PFOS<\/strong><\/li>\n\n\n\n<li><strong>Beskytter mod gr\u00e5farvning p\u00e5 grund af sollys<\/strong> &#8211; UV-beskyttelse  <\/li>\n\n\n\n<li><strong>Vand- og smudsafvisende<\/strong> &#8211; Hydrofobe egenskaber  <\/li>\n\n\n\n<li><strong>Forhindrer v\u00e6kst af alger, mos og lav<\/strong> &#8211; Langvarig beskyttelse  <\/li>\n\n\n\n<li><strong>Forbrug: 1 liter r\u00e6kker til ca. 30 &#8211; 40 m\u00b2<\/strong> (afh\u00e6ngigt af underlaget)<\/li>\n\n\n\n<li>Anvendelsen <strong>foretr\u00e6kkes til lodrette<\/strong> tr\u00e6overflader over (tr\u00e6hegn, &#8230; ) og under gr\u00e6sset (tr\u00e6stolper).<\/li>\n<\/ul>\n<\/div>\n<\/div>\n\n<p>Leveringsomfang: 1 x literflaske, 1 x pumpespr\u00f8jtehoved<br\/><\/p>\n\n<hr\/>\n\n<h4 class=\"wp-block-heading\" id=\"application\">Anvendelse<\/h4>\n\n<div class=\"wp-block-columns is-layout-flex wp-container-core-columns-is-layout-9d6595d7 wp-block-columns-is-layout-flex\">\n<div class=\"wp-block-column is-layout-flow wp-block-column-is-layout-flow\">\n<p><strong>Forberedelse:<\/strong><\/p>\n\n\n\n<ul class=\"wp-block-list\">\n<li>Ryst kraftigt i 1 minut f\u00f8r brug.<\/li>\n\n\n\n<li>De overflader, der skal behandles, skal v\u00e6re rene, helt t\u00f8rre og st\u00f8vfri og m\u00e5 ikke v\u00e6re forbehandlet med andre bel\u00e6gninger.<\/li>\n\n\n\n<li>Forurening for\u00e5rsaget af maling, fedt, olie eller organisk v\u00e6kst (alger, lav, mos) skal fjernes p\u00e5 forh\u00e5nd.<\/li>\n<\/ul>\n\n\n\n<p><strong>Anvendelse:<\/strong><\/p>\n\n\n\n<ul class=\"wp-block-list\">\n<li><strong>Anbefalet metode:<\/strong> Produktet skal helst spr\u00f8jtes p\u00e5 med en spr\u00f8jte\/lavtrykspumpespr\u00f8jte.<\/li>\n\n\n\n<li>Tilpas afstanden til overfladen til styrken p\u00e5 din spr\u00f8jte.<\/li>\n\n\n\n<li>Overfladen skal give et j\u00e6vnt, fugtigt indtryk.<\/li>\n\n\n\n<li><strong>Alternativ:<\/strong> P\u00e5f\u00f8ring med pensel\/rulle er mulig, men b\u00f8r afpr\u00f8ves p\u00e5 et lille omr\u00e5de f\u00f8rst. Undg\u00e5 dannelse af vandpytter! <\/li>\n<\/ul>\n\n\n\n<p><strong>Behandling:<\/strong><\/p>\n\n\n\n<ul class=\"wp-block-list\">\n<li>Spr\u00f8jt mindst to gange p\u00e5 den overflade, der skal behandles, for at opn\u00e5 optimal d\u00e6kning.<\/li>\n\n\n\n<li>Afh\u00e6ngigt af underlagets sugeevne og kravene kan denne proces gentages, n\u00e5r det f\u00f8rste lag er t\u00f8rret.<\/li>\n\n\n\n<li>Hvis der er p\u00e5f\u00f8rt for meget produkt p\u00e5 en overflade, kan det fjernes med en fugtig klud, mens det stadig er v\u00e5dt.<\/li>\n\n\n\n<li>Det anvendte v\u00e6rkt\u00f8j skal reng\u00f8res med rigeligt vand efter brug.<\/li>\n<\/ul>\n\n\n\n<p><strong>T\u00f8rretid:<\/strong><\/p>\n\n\n\n<ul class=\"wp-block-list\">\n<li>Lad produktet virke i mindst 30 minutter.<\/li>\n\n\n\n<li>Den samlede h\u00e6rdningstid er ca. 6 &#8211; 12 timer.<\/li>\n\n\n\n<li>I denne periode skal overfladen forblive t\u00f8r og m\u00e5 ikke uds\u00e6ttes for stress.<\/li>\n<\/ul>\n\n\n\n<p><strong>Pleje og reng\u00f8ring af den impr\u00e6gnerede overflade:<\/strong><\/p>\n\n\n\n<ul class=\"wp-block-list\">\n<li>Reng\u00f8r kun overflader med vand eller et let \u00f8kologisk reng\u00f8ringsmiddel, f.eks. vores <a href=\"https:\/\/www.versiegelung24.com\/da\/biosativa-biologisk-forrens.html\">BIOSATIVA\u00ae \u00f8kologiske reng\u00f8ringsmiddel &#8211; 100 % naturligt &#8211; 100 % \u00f8kologisk.<\/a> <\/li>\n\n\n\n<li>Aggressive reng\u00f8ringsmidler (kemiske reng\u00f8ringsmidler, skuresvampe osv.) er ikke n\u00f8dvendige og vil forringe beskyttelsesfunktionen.<\/li>\n\n\n\n<li>Regelm\u00e6ssig sk\u00e5nsom reng\u00f8ring og pleje giver l\u00e6ngere holdbarhed og et langvarigt smukt udseende.<\/li>\n<\/ul>\n\n\n\n<p><strong>Opbevaring:<\/strong><\/p>\n\n\n\n<ul class=\"wp-block-list\">\n<li>Opbevares t\u00f8rt og frostfrit ved 5-25 \u00b0C.<\/li>\n\n\n\n<li>Holdbar i mindst 24 m\u00e5neder i den u\u00e5bnede originalbeholder, hvis den opbevares korrekt.<\/li>\n<\/ul>\n<\/div>\n<\/div>\n\n<h2 class=\"wp-block-heading\" id=\"h-galerie\">Galleri<\/h2>\n\n<div class=\"wp-block-getwid-images-slider gallery-wood has-arrows-inside has-dots-inside has-images-center has-fitted-images has-fixed-height\"><div class=\"wp-block-getwid-images-slider__wrapper\" data-effect=\"slide\" data-slides-show=\"1\" data-slides-show-laptop=\"1\" data-slides-show-tablet=\"1\" data-slides-show-mobile=\"1\" data-slides-scroll=\"1\" data-autoplay=\"true\" data-pause-hover=\"true\" data-autoplay-speed=\"3000\" data-infinite=\"true\" data-animation-speed=\"800\" data-center-mode=\"false\" data-variable-width=\"false\" data-arrows=\"inside\" data-dots=\"inside\" data-spacing=\"none\"><div class=\"wp-block-getwid-images-slider__item\" style=\"height:500px\"><figure><img decoding=\"async\" width=\"1634\" height=\"1620\" src=\"https:\/\/www.versiegelung24.com\/wp-content\/uploads\/2025\/07\/Holzimpraegnierung-pfloecke.png\" data-id=\"181994\" data-link=\"https:\/\/www.versiegelung24.com\/holzversiegelung-in-profi-qualitaet-kopie.html\/attachment\/holzimpraegnierung-pfloecke\/\" data-original-link=\"https:\/\/www.versiegelung24.com\/wp-content\/uploads\/2025\/07\/Holzimpraegnierung-pfloecke.png\" class=\"wp-block-getwid-images-slider__image wp-image-181994\" srcset=\"https:\/\/www.versiegelung24.com\/wp-content\/uploads\/2025\/07\/Holzimpraegnierung-pfloecke.png 1634w, https:\/\/www.versiegelung24.com\/wp-content\/uploads\/2025\/07\/Holzimpraegnierung-pfloecke-300x297.png 300w, https:\/\/www.versiegelung24.com\/wp-content\/uploads\/2025\/07\/Holzimpraegnierung-pfloecke-1300x1289.png 1300w, https:\/\/www.versiegelung24.com\/wp-content\/uploads\/2025\/07\/Holzimpraegnierung-pfloecke-80x80.png 80w, https:\/\/www.versiegelung24.com\/wp-content\/uploads\/2025\/07\/Holzimpraegnierung-pfloecke-768x761.png 768w, https:\/\/www.versiegelung24.com\/wp-content\/uploads\/2025\/07\/Holzimpraegnierung-pfloecke-1536x1523.png 1536w, https:\/\/www.versiegelung24.com\/wp-content\/uploads\/2025\/07\/Holzimpraegnierung-pfloecke-70x70.png 70w, https:\/\/www.versiegelung24.com\/wp-content\/uploads\/2025\/07\/Holzimpraegnierung-pfloecke-600x595.png 600w, https:\/\/www.versiegelung24.com\/wp-content\/uploads\/2025\/07\/Holzimpraegnierung-pfloecke-100x100.png 100w\" sizes=\"(max-width: 1634px) 100vw, 1634px\" \/><\/figure><\/div><div class=\"wp-block-getwid-images-slider__item\" style=\"height:500px\"><figure><img decoding=\"async\" width=\"1726\" height=\"1252\" src=\"https:\/\/www.versiegelung24.com\/wp-content\/uploads\/2025\/07\/Holzimpraegnierung-bank.png\" data-id=\"182022\" data-link=\"https:\/\/www.versiegelung24.com\/holzversiegelung-in-profi-qualitaet-kopie.html\/attachment\/holzimpraegnierung-bank\/\" data-original-link=\"https:\/\/www.versiegelung24.com\/wp-content\/uploads\/2025\/07\/Holzimpraegnierung-bank.png\" class=\"wp-block-getwid-images-slider__image wp-image-182022\" srcset=\"https:\/\/www.versiegelung24.com\/wp-content\/uploads\/2025\/07\/Holzimpraegnierung-bank.png 1726w, https:\/\/www.versiegelung24.com\/wp-content\/uploads\/2025\/07\/Holzimpraegnierung-bank-300x218.png 300w, https:\/\/www.versiegelung24.com\/wp-content\/uploads\/2025\/07\/Holzimpraegnierung-bank-1300x943.png 1300w, https:\/\/www.versiegelung24.com\/wp-content\/uploads\/2025\/07\/Holzimpraegnierung-bank-768x557.png 768w, https:\/\/www.versiegelung24.com\/wp-content\/uploads\/2025\/07\/Holzimpraegnierung-bank-1536x1114.png 1536w, https:\/\/www.versiegelung24.com\/wp-content\/uploads\/2025\/07\/Holzimpraegnierung-bank-600x435.png 600w\" sizes=\"(max-width: 1726px) 100vw, 1726px\" \/><\/figure><\/div><div class=\"wp-block-getwid-images-slider__item\" style=\"height:500px\"><figure><img loading=\"lazy\" decoding=\"async\" width=\"1982\" height=\"1274\" src=\"https:\/\/www.versiegelung24.com\/wp-content\/uploads\/2025\/07\/Holzimpraegnierung-eigenschaften.png\" data-id=\"182050\" data-link=\"https:\/\/www.versiegelung24.com\/holzversiegelung-in-profi-qualitaet-kopie.html\/attachment\/holzimpraegnierung-eigenschaften\/\" data-original-link=\"https:\/\/www.versiegelung24.com\/wp-content\/uploads\/2025\/07\/Holzimpraegnierung-eigenschaften.png\" class=\"wp-block-getwid-images-slider__image wp-image-182050\" srcset=\"https:\/\/www.versiegelung24.com\/wp-content\/uploads\/2025\/07\/Holzimpraegnierung-eigenschaften.png 1982w, https:\/\/www.versiegelung24.com\/wp-content\/uploads\/2025\/07\/Holzimpraegnierung-eigenschaften-300x193.png 300w, https:\/\/www.versiegelung24.com\/wp-content\/uploads\/2025\/07\/Holzimpraegnierung-eigenschaften-1300x836.png 1300w, https:\/\/www.versiegelung24.com\/wp-content\/uploads\/2025\/07\/Holzimpraegnierung-eigenschaften-768x494.png 768w, https:\/\/www.versiegelung24.com\/wp-content\/uploads\/2025\/07\/Holzimpraegnierung-eigenschaften-1536x987.png 1536w, https:\/\/www.versiegelung24.com\/wp-content\/uploads\/2025\/07\/Holzimpraegnierung-eigenschaften-600x386.png 600w\" sizes=\"(max-width: 1982px) 100vw, 1982px\" \/><\/figure><\/div><\/div><\/div>\n\n<p><\/p>\n","protected":false},"excerpt":{"rendered":"<p><strong>Meget effektiv fugemasse til indvendige og udvendige tr\u00e6overflader<\/strong><\/p>\n<p>\u2713 Farve\u00e6gte og beskyttelse mod gr\u00e5ning<\/p>\n<p>\u2713 Vand- og smudsafvisende<\/p>\n<p>\u2713 Grunding og beskyttelse i \u00e9t trin<\/p>\n<p>\u2713 Fri for PFAS, PFOA og PFOS<\/p>\n<p>&nbsp;<\/p>\n","protected":false},"featured_media":183260,"template":"","meta":{"_acf_changed":false,"neve_meta_sidebar":"","neve_meta_container":"","neve_meta_enable_content_width":"","neve_meta_content_width":0,"neve_meta_title_alignment":"","neve_meta_author_avatar":"","neve_post_elements_order":"","neve_meta_disable_header":"","neve_meta_disable_footer":"","neve_meta_disable_title":"","neve_meta_reading_time":"","_surfaces":[],"_ver_product_tabs":null,"footnotes":""},"product_brand":[],"product_cat":[2452],"product_tag":[],"class_list":{"0":"post-181814","1":"product","2":"type-product","3":"status-publish","4":"has-post-thumbnail","6":"product_cat-traeforsegling","7":"pa_gebinde-5-ml-flaske","8":"pa_gebinde-125-ml-pumpesprayflaske","9":"pa_gebinde-1000-ml-pafyldningsflaske","10":"pa_gebinde-20l-dunk","11":"pa_gebinde-10l-beholder","12":"pa_gebinde-action-saet-med-100-ml-flaske","13":"pa_gebinde-50-ml-flaske","14":"pa_gebinde-action-saet-med-50-ml-flaske","15":"pa_gebinde-100-ml-flaske","16":"pa_gebinde-150-ml-flaske","17":"pa_gebinde-500-ml-flaske","18":"pa_gebinde-200-ml-flaske","19":"pa_gebinde-1000-ml-flaske","20":"pa_gebinde-5-liters-beholder","21":"pa_gebinde-10-ml-flaske","23":"first","24":"instock","25":"taxable","26":"shipping-taxable","27":"purchasable","28":"product-type-variable","29":"has-default-attributes"},"acf":[],"yoast_head":"<!-- This site is optimized with the Yoast SEO Premium plugin v22.8 (Yoast SEO v27.5) - https:\/\/yoast.com\/product\/yoast-seo-premium-wordpress\/ -->\n<title>Tr\u00e6impr\u00e6gnering - naturlig tr\u00e6beskyttelse baseret p\u00e5 silan - versiegelung24.com<\/title>\n<meta name=\"robots\" content=\"index, follow, max-snippet:-1, max-image-preview:large, max-video-preview:-1\" \/>\n<link rel=\"canonical\" href=\"https:\/\/www.versiegelung24.com\/da\/holzimpragnierung-silanbasis.html\" \/>\n<meta property=\"og:locale\" content=\"da_DK\" \/>\n<meta property=\"og:type\" content=\"article\" \/>\n<meta property=\"og:title\" content=\"Tr\u00e6impr\u00e6gnering - naturlig tr\u00e6beskyttelse baseret p\u00e5 silan\" \/>\n<meta property=\"og:description\" content=\"Meget effektiv fugemasse til indvendige og udvendige tr\u00e6overflader \u2713 Farve\u00e6gte og beskyttelse mod gr\u00e5ning \u2713 Vand- og smudsafvisende \u2713 Grunding og beskyttelse i \u00e9t trin \u2713 Fri for PFAS, PFOA og PFOS &nbsp;\" \/>\n<meta property=\"og:url\" content=\"https:\/\/www.versiegelung24.com\/da\/holzimpragnierung-silanbasis.html\" \/>\n<meta property=\"og:site_name\" content=\"versiegelung24.com\" \/>\n<meta property=\"article:modified_time\" content=\"2025-09-05T11:26:47+00:00\" \/>\n<meta property=\"og:image\" content=\"https:\/\/www.versiegelung24.com\/wp-content\/uploads\/2025\/07\/V24-Holzimpraegnierung-4008-693.jpg\" \/>\n\t<meta property=\"og:image:width\" content=\"2560\" \/>\n\t<meta property=\"og:image:height\" content=\"2560\" \/>\n\t<meta property=\"og:image:type\" content=\"image\/jpeg\" \/>\n<meta name=\"twitter:card\" content=\"summary_large_image\" \/>\n<meta name=\"twitter:label1\" content=\"Tilg\u00e6ngelighed\" \/>\n\t<meta name=\"twitter:data1\" content=\"P\u00e5 lager\" \/>\n<script type=\"application\/ld+json\" class=\"yoast-schema-graph\">{\"@context\":\"https:\\\/\\\/schema.org\",\"@graph\":[{\"@type\":\"WebPage\",\"@id\":\"https:\\\/\\\/www.versiegelung24.com\\\/da\\\/holzimpragnierung-silanbasis.html\",\"url\":\"https:\\\/\\\/www.versiegelung24.com\\\/da\\\/holzimpragnierung-silanbasis.html\",\"name\":\"Tr\u00e6impr\u00e6gnering - naturlig tr\u00e6beskyttelse baseret p\u00e5 silan - versiegelung24.com\",\"isPartOf\":{\"@id\":\"https:\\\/\\\/www.versiegelung24.com\\\/da\\\/#website\"},\"primaryImageOfPage\":{\"@id\":\"https:\\\/\\\/www.versiegelung24.com\\\/da\\\/holzimpragnierung-silanbasis.html#primaryimage\"},\"image\":{\"@id\":\"https:\\\/\\\/www.versiegelung24.com\\\/da\\\/holzimpragnierung-silanbasis.html#primaryimage\"},\"thumbnailUrl\":\"https:\\\/\\\/www.versiegelung24.com\\\/wp-content\\\/uploads\\\/2025\\\/07\\\/V24-Holzimpraegnierung-4008-693.jpg\",\"datePublished\":\"2025-07-31T10:51:06+00:00\",\"dateModified\":\"2025-09-05T11:26:47+00:00\",\"breadcrumb\":{\"@id\":\"https:\\\/\\\/www.versiegelung24.com\\\/da\\\/holzimpragnierung-silanbasis.html#breadcrumb\"},\"inLanguage\":\"da-DK\",\"potentialAction\":[{\"@type\":\"ReadAction\",\"target\":[\"https:\\\/\\\/www.versiegelung24.com\\\/da\\\/holzimpragnierung-silanbasis.html\"]}]},{\"@type\":\"ImageObject\",\"inLanguage\":\"da-DK\",\"@id\":\"https:\\\/\\\/www.versiegelung24.com\\\/da\\\/holzimpragnierung-silanbasis.html#primaryimage\",\"url\":\"https:\\\/\\\/www.versiegelung24.com\\\/wp-content\\\/uploads\\\/2025\\\/07\\\/V24-Holzimpraegnierung-4008-693.jpg\",\"contentUrl\":\"https:\\\/\\\/www.versiegelung24.com\\\/wp-content\\\/uploads\\\/2025\\\/07\\\/V24-Holzimpraegnierung-4008-693.jpg\",\"width\":2560,\"height\":2560},{\"@type\":\"BreadcrumbList\",\"@id\":\"https:\\\/\\\/www.versiegelung24.com\\\/da\\\/holzimpragnierung-silanbasis.html#breadcrumb\",\"itemListElement\":[{\"@type\":\"ListItem\",\"position\":1,\"name\":\"Hjemmeside\",\"item\":\"https:\\\/\\\/www.versiegelung24.com\\\/da\\\/foran\\\/\"},{\"@type\":\"ListItem\",\"position\":2,\"name\":\"Butik\",\"item\":\"https:\\\/\\\/www.versiegelung24.com\\\/da\\\/butik\\\/\"},{\"@type\":\"ListItem\",\"position\":3,\"name\":\"Tr\u00e6impr\u00e6gnering &#8211; naturlig tr\u00e6beskyttelse baseret p\u00e5 silan\"}]},{\"@type\":\"WebSite\",\"@id\":\"https:\\\/\\\/www.versiegelung24.com\\\/da\\\/#website\",\"url\":\"https:\\\/\\\/www.versiegelung24.com\\\/da\\\/\",\"name\":\"versiegelung24.com\",\"description\":\"Fl\u00fcssigglas-Versiegelung - Made in Germany\",\"publisher\":{\"@id\":\"https:\\\/\\\/www.versiegelung24.com\\\/da\\\/#organization\"},\"potentialAction\":[{\"@type\":\"SearchAction\",\"target\":{\"@type\":\"EntryPoint\",\"urlTemplate\":\"https:\\\/\\\/www.versiegelung24.com\\\/da\\\/?s={search_term_string}\"},\"query-input\":{\"@type\":\"PropertyValueSpecification\",\"valueRequired\":true,\"valueName\":\"search_term_string\"}}],\"inLanguage\":\"da-DK\"},{\"@type\":\"Organization\",\"@id\":\"https:\\\/\\\/www.versiegelung24.com\\\/da\\\/#organization\",\"name\":\"versiegelung24\",\"url\":\"https:\\\/\\\/www.versiegelung24.com\\\/da\\\/\",\"logo\":{\"@type\":\"ImageObject\",\"inLanguage\":\"da-DK\",\"@id\":\"https:\\\/\\\/www.versiegelung24.com\\\/da\\\/#\\\/schema\\\/logo\\\/image\\\/\",\"url\":\"https:\\\/\\\/www.versiegelung24.com\\\/wp-content\\\/uploads\\\/2020\\\/04\\\/versiegelung24.png\",\"contentUrl\":\"https:\\\/\\\/www.versiegelung24.com\\\/wp-content\\\/uploads\\\/2020\\\/04\\\/versiegelung24.png\",\"width\":470,\"height\":102,\"caption\":\"versiegelung24\"},\"image\":{\"@id\":\"https:\\\/\\\/www.versiegelung24.com\\\/da\\\/#\\\/schema\\\/logo\\\/image\\\/\"}}]}<\/script>\n<meta property=\"og:availability\" content=\"instock\" \/>\n<meta property=\"product:availability\" content=\"instock\" \/>\n<meta property=\"product:retailer_item_id\" content=\"4008-693\" \/>\n<meta property=\"product:condition\" content=\"new\" \/>\n<!-- \/ Yoast SEO Premium plugin. -->","yoast_head_json":{"title":"Tr\u00e6impr\u00e6gnering - naturlig tr\u00e6beskyttelse baseret p\u00e5 silan - versiegelung24.com","robots":{"index":"index","follow":"follow","max-snippet":"max-snippet:-1","max-image-preview":"max-image-preview:large","max-video-preview":"max-video-preview:-1"},"canonical":"https:\/\/www.versiegelung24.com\/da\/holzimpragnierung-silanbasis.html","og_locale":"da_DK","og_type":"article","og_title":"Tr\u00e6impr\u00e6gnering - naturlig tr\u00e6beskyttelse baseret p\u00e5 silan","og_description":"Meget effektiv fugemasse til indvendige og udvendige tr\u00e6overflader \u2713 Farve\u00e6gte og beskyttelse mod gr\u00e5ning \u2713 Vand- og smudsafvisende \u2713 Grunding og beskyttelse i \u00e9t trin \u2713 Fri for PFAS, PFOA og PFOS &nbsp;","og_url":"https:\/\/www.versiegelung24.com\/da\/holzimpragnierung-silanbasis.html","og_site_name":"versiegelung24.com","article_modified_time":"2025-09-05T11:26:47+00:00","og_image":[{"width":2560,"height":2560,"url":"https:\/\/www.versiegelung24.com\/wp-content\/uploads\/2025\/07\/V24-Holzimpraegnierung-4008-693.jpg","type":"image\/jpeg"}],"twitter_card":"summary_large_image","twitter_misc":{"Tilg\u00e6ngelighed":"P\u00e5 lager"},"schema":{"@context":"https:\/\/schema.org","@graph":[{"@type":"WebPage","@id":"https:\/\/www.versiegelung24.com\/da\/holzimpragnierung-silanbasis.html","url":"https:\/\/www.versiegelung24.com\/da\/holzimpragnierung-silanbasis.html","name":"Tr\u00e6impr\u00e6gnering - naturlig tr\u00e6beskyttelse baseret p\u00e5 silan - versiegelung24.com","isPartOf":{"@id":"https:\/\/www.versiegelung24.com\/da\/#website"},"primaryImageOfPage":{"@id":"https:\/\/www.versiegelung24.com\/da\/holzimpragnierung-silanbasis.html#primaryimage"},"image":{"@id":"https:\/\/www.versiegelung24.com\/da\/holzimpragnierung-silanbasis.html#primaryimage"},"thumbnailUrl":"https:\/\/www.versiegelung24.com\/wp-content\/uploads\/2025\/07\/V24-Holzimpraegnierung-4008-693.jpg","datePublished":"2025-07-31T10:51:06+00:00","dateModified":"2025-09-05T11:26:47+00:00","breadcrumb":{"@id":"https:\/\/www.versiegelung24.com\/da\/holzimpragnierung-silanbasis.html#breadcrumb"},"inLanguage":"da-DK","potentialAction":[{"@type":"ReadAction","target":["https:\/\/www.versiegelung24.com\/da\/holzimpragnierung-silanbasis.html"]}]},{"@type":"ImageObject","inLanguage":"da-DK","@id":"https:\/\/www.versiegelung24.com\/da\/holzimpragnierung-silanbasis.html#primaryimage","url":"https:\/\/www.versiegelung24.com\/wp-content\/uploads\/2025\/07\/V24-Holzimpraegnierung-4008-693.jpg","contentUrl":"https:\/\/www.versiegelung24.com\/wp-content\/uploads\/2025\/07\/V24-Holzimpraegnierung-4008-693.jpg","width":2560,"height":2560},{"@type":"BreadcrumbList","@id":"https:\/\/www.versiegelung24.com\/da\/holzimpragnierung-silanbasis.html#breadcrumb","itemListElement":[{"@type":"ListItem","position":1,"name":"Hjemmeside","item":"https:\/\/www.versiegelung24.com\/da\/foran\/"},{"@type":"ListItem","position":2,"name":"Butik","item":"https:\/\/www.versiegelung24.com\/da\/butik\/"},{"@type":"ListItem","position":3,"name":"Tr\u00e6impr\u00e6gnering &#8211; naturlig tr\u00e6beskyttelse baseret p\u00e5 silan"}]},{"@type":"WebSite","@id":"https:\/\/www.versiegelung24.com\/da\/#website","url":"https:\/\/www.versiegelung24.com\/da\/","name":"versiegelung24.com","description":"Fl\u00fcssigglas-Versiegelung - Made in Germany","publisher":{"@id":"https:\/\/www.versiegelung24.com\/da\/#organization"},"potentialAction":[{"@type":"SearchAction","target":{"@type":"EntryPoint","urlTemplate":"https:\/\/www.versiegelung24.com\/da\/?s={search_term_string}"},"query-input":{"@type":"PropertyValueSpecification","valueRequired":true,"valueName":"search_term_string"}}],"inLanguage":"da-DK"},{"@type":"Organization","@id":"https:\/\/www.versiegelung24.com\/da\/#organization","name":"versiegelung24","url":"https:\/\/www.versiegelung24.com\/da\/","logo":{"@type":"ImageObject","inLanguage":"da-DK","@id":"https:\/\/www.versiegelung24.com\/da\/#\/schema\/logo\/image\/","url":"https:\/\/www.versiegelung24.com\/wp-content\/uploads\/2020\/04\/versiegelung24.png","contentUrl":"https:\/\/www.versiegelung24.com\/wp-content\/uploads\/2020\/04\/versiegelung24.png","width":470,"height":102,"caption":"versiegelung24"},"image":{"@id":"https:\/\/www.versiegelung24.com\/da\/#\/schema\/logo\/image\/"}}]},"og_availability":"instock","product_availability":"instock","product_retailer_item_id":"4008-693","product_condition":"new"},"_links":{"self":[{"href":"https:\/\/www.versiegelung24.com\/da\/wp-json\/wp\/v2\/product\/181814","targetHints":{"allow":["GET"]}}],"collection":[{"href":"https:\/\/www.versiegelung24.com\/da\/wp-json\/wp\/v2\/product"}],"about":[{"href":"https:\/\/www.versiegelung24.com\/da\/wp-json\/wp\/v2\/types\/product"}],"version-history":[{"count":4,"href":"https:\/\/www.versiegelung24.com\/da\/wp-json\/wp\/v2\/product\/181814\/revisions"}],"predecessor-version":[{"id":182827,"href":"https:\/\/www.versiegelung24.com\/da\/wp-json\/wp\/v2\/product\/181814\/revisions\/182827"}],"wp:featuredmedia":[{"embeddable":true,"href":"https:\/\/www.versiegelung24.com\/da\/wp-json\/wp\/v2\/media\/183260"}],"wp:attachment":[{"href":"https:\/\/www.versiegelung24.com\/da\/wp-json\/wp\/v2\/media?parent=181814"}],"wp:term":[{"taxonomy":"product_brand","embeddable":true,"href":"https:\/\/www.versiegelung24.com\/da\/wp-json\/wp\/v2\/product_brand?post=181814"},{"taxonomy":"product_cat","embeddable":true,"href":"https:\/\/www.versiegelung24.com\/da\/wp-json\/wp\/v2\/product_cat?post=181814"},{"taxonomy":"product_tag","embeddable":true,"href":"https:\/\/www.versiegelung24.com\/da\/wp-json\/wp\/v2\/product_tag?post=181814"}],"curies":[{"name":"wp","href":"https:\/\/api.w.org\/{rel}","templated":true}]}}