{"id":182928,"date":"2025-08-28T14:07:51","date_gmt":"2025-08-28T12:07:51","guid":{"rendered":"https:\/\/www.versiegelung24.com\/?post_type=product&#038;p=182928"},"modified":"2025-09-08T16:04:03","modified_gmt":"2025-09-08T14:04:03","slug":"permanent-protector-646","status":"publish","type":"product","link":"https:\/\/www.versiegelung24.com\/da\/permanent-protector-646.html","title":{"rendered":"Permanent beskyttelse 646 5M"},"content":{"rendered":"\n<p>Permanent Protect 646 Ultra Thin er en keramisk fugemasse af h\u00f8j kvalitet til permanent bel\u00e6gning af glatte overflader som metal, glas, plast eller malede materialer. Det ultratynde, transparente beskyttelseslag giver enest\u00e5ende modstandsdygtighed over for snavs, kemikalier, UV-str\u00e5ling og mekaniske p\u00e5virkninger. Takket v\u00e6re de hydrofobe og oleofobe egenskaber giver fugemassen en langvarig effekt, der er nem at reng\u00f8re.  <\/p>\n\n<p>Permanent Protect 646 Ultra Thin er ideel til bil- og marinebrug, som antigraffitimaling eller til efterbehandling af malede overflader af h\u00f8j kvalitet og s\u00e6tter nye standarder for overfladebeskyttelse og holdbarhed.<\/p>\n\n<hr class=\"wp-block-separator has-text-color has-css-opacity has-background is-style-wide\" style=\"background-color:#e1e1e1;color:#e1e1e1\"\/>\n\n<h2 class=\"wp-block-heading\" id=\"properties\">Produktets egenskaber<\/h2>\n\n<div class=\"wp-block-columns is-layout-flex wp-container-core-columns-is-layout-9d6595d7 wp-block-columns-is-layout-flex\">\n<div class=\"wp-block-column is-layout-flow wp-block-column-is-layout-flow\">\n<ul id=\"block-5ec6b591-a82a-45bd-aa1b-599082db3ae8\" class=\"wp-block-list\">\n<li><strong>Udpr\u00e6get hydrofob og oleofob effekt<\/strong> &#8211; vand- og olieafvisende<\/li>\n\n\n\n<li><strong>Reng\u00f8ringsvenlig effekt<\/strong> &#8211; snavs kan nemt fjernes<\/li>\n\n\n\n<li><strong>H\u00f8j slidstyrke<\/strong> &#8211; permanent kemisk binding til underlaget<\/li>\n\n\n\n<li><strong>Temperatur- og UV-bestandig<\/strong> &#8211; velegnet til udend\u00f8rs brug<\/li>\n\n\n\n<li><strong>\u00c5ndbar<\/strong> &#8211; \u00e5ben for diffusion<\/li>\n\n\n\n<li><strong>Holdbarhed <\/strong>&#8211; 2-5 \u00e5r til udend\u00f8rs brug, betydeligt l\u00e6ngere til indend\u00f8rs brug  <\/li>\n\n\n\n<li><strong>Forbrug <\/strong>&#8211; 5-10 ml\/m\u00b2 (=&gt; op til 200 m\u00b2 pr. liter)<\/li>\n\n\n\n<li><strong>Modstandsdygtig over for mange almindelige reng\u00f8ringsmidler<\/strong> (undtagen koncentrerede alkaliske opl\u00f8sninger)<\/li>\n\n\n\n<li><strong>Opl\u00f8sningsmiddelbaseret<\/strong> (ca. 60 % indhold af aktiv ingrediens)<\/li>\n<\/ul>\n<\/div>\n\n\n\n<div class=\"wp-block-column is-layout-flow wp-block-column-is-layout-flow\">\n<ul id=\"block-6091e271-3752-4132-9f5b-206019bd2d6b\" class=\"wp-block-list\">\n<li><strong>Meget gode antigraffiti-egenskaber<\/strong> p\u00e5 ikke-por\u00f8se overflader<\/li>\n\n\n\n<li><strong>Keramisk lagstruktur<\/strong> &#8211; varmebestandig op til 600 \u00b0C (filmens integritet), 300 \u00b0C uden misfarvning<\/li>\n\n\n\n<li><strong>Tynd lagtykkelse<\/strong>: ca. 0,5-2 \u03bcm<\/li>\n\n\n\n<li><strong>Indeholder VOC<\/strong> (butylpropionat)<\/li>\n\n\n\n<li><strong>Biostatisk effekt<\/strong> &#8211; h\u00e6mmer v\u00e6ksten af mikroorganismer ekstremt meget  <\/li>\n\n\n\n<li><strong>Farve<\/strong> &#8211; Farvel\u00f8s til let gullig<\/li>\n\n\n\n<li><strong>PFAS-note <\/strong>&#8211; PFOA- og PFOS-fri. Fluorindholdet ligger under de lovlige gr\u00e6nsev\u00e6rdier i henhold til EU-forordning 2024\/2462. De anvendte fluortils\u00e6tningsstoffer tjener udelukkende til at optimere smudsafvisningen.  <\/li>\n<\/ul>\n<\/div>\n<\/div>\n\n<hr class=\"wp-block-separator has-text-color has-background is-style-wide\" style=\"background-color:#e1e1e1;color:#e1e1e1\"\/>\n\n<h2 class=\"wp-block-heading\" id=\"application\">Anvendelsesomr\u00e5der<\/h2>\n\n<div class=\"wp-block-columns is-layout-flex wp-container-core-columns-is-layout-9d6595d7 wp-block-columns-is-layout-flex\">\n<div class=\"wp-block-column is-layout-flow wp-block-column-is-layout-flow\">\n<ul id=\"block-6091e271-3752-4132-9f5b-206019bd2d6b\" class=\"wp-block-list\">\n<li>Overfladebehandling af k\u00f8ret\u00f8jer (f.eks. karosserier, f\u00e6lge)<\/li>\n\n\n\n<li>Reng\u00f8ringsvenlige bel\u00e6gninger til indend\u00f8rs og udend\u00f8rs omr\u00e5der<\/li>\n\n\n\n<li>Holdbare beskyttende bel\u00e6gninger i marinesektoren<\/li>\n<\/ul>\n<\/div>\n\n\n\n<div class=\"wp-block-column is-layout-flow wp-block-column-is-layout-flow\">\n<ul class=\"wp-block-list\">\n<li>Forbedring af yacht- og b\u00e5dmaling<\/li>\n\n\n\n<li>Efterbehandling til biler (keramisk forsegling)n<\/li>\n\n\n\n<li>Anti-graffiti-bel\u00e6gninger p\u00e5 ikke-por\u00f8se overflader<\/li>\n<\/ul>\n<\/div>\n<\/div>\n\n<h2 class=\"wp-block-heading\" id=\"h-anwendung\">Anvendelse<\/h2>\n\n<p><strong>Generelt  <\/strong><\/p>\n\n<ol class=\"wp-block-list\">\n<li><a href=\"https:\/\/www.versiegelung24.com\/da\/biosativa-biologisk-forrens.html\">Reng\u00f8r<\/a> og affedt overfladen grundigt (f.eks. med <a href=\"https:\/\/www.versiegelung24.com\/da\/100-hojrent-bioethanol-til-professionel-forrengoring-kopie.html\">isopropanol<\/a>, ethylacetat eller mineralsk terpentin). <\/li>\n\n\n\n<li>Overfladen skal v\u00e6re helt t\u00f8r og fri for fedt.<\/li>\n\n\n\n<li>Forarbejdningstemperatur: 15-30 \u00b0C, relativ luftfugtighed: 50-80 %. <\/li>\n\n\n\n<li>Undg\u00e5 direkte sollys.<\/li>\n<\/ol>\n\n<p><strong>Anvendelse ved at swipe  <\/strong><\/p>\n\n<ol class=\"wp-block-list\">\n<li>P\u00e5f\u00f8r et par dr\u00e5ber (5-10\/ml m\u00b2) p\u00e5 en mikrofiberklud.<\/li>\n\n\n\n<li>P\u00e5f\u00f8r j\u00e6vnt med let tryk i line\u00e6re bev\u00e6gelser.<\/li>\n\n\n\n<li>Pol\u00e9r med en bl\u00f8d klud efter maks. 30 minutter. <\/li>\n\n\n\n<li>Gentag processen, hvis det er n\u00f8dvendigt.<\/li>\n<\/ol>\n\n<p><strong>P\u00e5f\u00f8ring ved spr\u00f8jtning  <\/strong><\/p>\n\n<ol class=\"wp-block-list\">\n<li>Dysest\u00f8rrelse: 0,8-1,0 mm \/ tryk: 0,6-1,0 bar \/ afstand: ca. 20 cm<\/li>\n\n\n\n<li>Lagtykkelse (t\u00f8r): 2,5-25 \u03bcm (afh\u00e6ngigt af passager)<\/li>\n\n\n\n<li>Alternativ: Roterende klokkeglas (30.000 o\/min, 2 bar, 0,2-0,4 m\/s, 50-150 ml\/min)  <\/li>\n<\/ol>\n\n<h2 class=\"wp-block-heading\" id=\"h-reinigung-amp-pflege\">Reng\u00f8ring og pleje<\/h2>\n\n<p>Brug af et mildt reng\u00f8ringsmiddel, som f.eks. vores <a href=\"https:\/\/www.versiegelung24.com\/da\/biosativa-biologisk-forrens.html\">V24 Biosativa\u00ae-reng\u00f8ringsmiddel<\/a>, er tilstr\u00e6kkeligt til at reng\u00f8re overfladen. Aggressive reng\u00f8ringsmidler er ikke n\u00f8dvendige eller anbefales. <\/p>\n\n<hr class=\"wp-block-separator has-text-color has-css-opacity has-background is-style-wide\" style=\"background-color:#e1e1e1;color:#e1e1e1\"\/>\n\n<h2 class=\"wp-block-heading\" id=\"h-produktsicherheit-amp-lagerung\">Produktsikkerhed og opbevaring<\/h2>\n\n<p>Oplysninger om klassificering af produktet inden for rammerne af forordningen om farlige stoffer, sikkerhedsdata og data om toksikologi og opbevaring kan findes i vores sikkerhedsdatablad <a href=\"https:\/\/www.versiegelung24.com\/da\/kontakt\/\">p\u00e5 anmodning.<\/a><\/p>\n\n<ul class=\"wp-block-list\">\n<li>Permanent Protect 646 m\u00e5 ikke komme i kontakt med fugt.<\/li>\n\n\n\n<li>Materialets opbevaringstemperatur: +5\u00b0C til +20\u00b0C.<\/li>\n\n\n\n<li>Personlige v\u00e6rnemidler: Handsker, sikkerhedsbriller, egnet beskyttelsest\u00f8j<\/li>\n\n\n\n<li>F\u00f8rstehj\u00e6lp: Ved kontakt med \u00f8jne eller hud, skyl straks med vand og s\u00f8g l\u00e6ge.<\/li>\n\n\n\n<li>Opbevaring: K\u00f8ligt, t\u00f8rt og godt ventileret. \u00c5bn beholderen en gang om m\u00e5neden med ventilation for at lette trykket. <\/li>\n\n\n\n<li>Nitrogenforrensning anbefales ved genopfyldning.<\/li>\n<\/ul>\n\n<p><strong>Permanent Protect 646 <\/strong>har en holdbarhed p\u00e5 12 m\u00e5neder, hvis den opbevares u\u00e5bnet i den originale forseglede emballage.<\/p>\n\n<hr class=\"wp-block-separator has-text-color has-css-opacity has-background is-style-wide\" style=\"background-color:#e1e1e1;color:#e1e1e1\"\/>\n\n<h2 class=\"wp-block-heading\">Test af vejrlig<\/h2>\n\n<figure class=\"wp-block-table aligncenter\"><table class=\"has-fixed-layout\"><thead><tr><th class=\"has-text-align-left\" data-align=\"left\">\u00a0<\/th><th class=\"has-text-align-left\" data-align=\"left\">Salt spray test NSS<\/th><th>Kondensatatmosf\u00e6re,<br\/>konstant luftfugtighed<\/th><th>Kunstig forvitring<br\/>med xenonbue<\/th><\/tr><\/thead><tbody><tr><td class=\"has-text-align-left\" data-align=\"left\">DIN<\/td><td class=\"has-text-align-left\" data-align=\"left\">EN ISO 9227<\/td><td>EN ISO 6270-2<\/td><td>EN ISO 16474-2<\/td><\/tr><tr><td class=\"has-text-align-left\" data-align=\"left\">\u00a0<\/td><td class=\"has-text-align-left\" data-align=\"left\" colspan=\"3\"><strong>Saltt\u00e5getest rustfrit st\u00e5l 2,5 \u03bcm, belagt<\/strong><\/td><\/tr><tr><td class=\"has-text-align-left\" data-align=\"left\">Varighed<\/td><td class=\"has-text-align-left\" data-align=\"left\">1.500 h<\/td><td>1.400 h<\/td><td>1.400 h<\/td><\/tr><tr><td class=\"has-text-align-left\" data-align=\"left\">Resultat<\/td><td class=\"has-text-align-left\" data-align=\"left\">Bl\u00e6rer: nej<br\/>Rust: nej<br\/>Korrosion i indridsning &lt; 0,5 mm<\/td><td>Bl\u00e6rer: nej<br\/>Rust: nej<\/td><td>Glanstab: 5 %<br\/>Revnedannelse: ingen<br\/>Farveforskel \u0394E* = 0,40<\/td><\/tr><tr><td class=\"has-text-align-left\" data-align=\"left\">\u00a0<\/td><td class=\"has-text-align-left\" data-align=\"left\" colspan=\"3\"><strong>Saltt\u00e5getest aluminium 2,5 \u03bcm, belagt<\/strong><\/td><\/tr><tr><td class=\"has-text-align-left\" data-align=\"left\">Varighed<\/td><td class=\"has-text-align-left\" data-align=\"left\">1.500 h<\/td><td>1.400 h<\/td><td>1.400 h<\/td><\/tr><tr><td class=\"has-text-align-left\" data-align=\"left\">Resultat<\/td><td class=\"has-text-align-left\" data-align=\"left\">Bl\u00e6rer: nej<br\/>Rust: nej<br\/>Korrosion i indridsning &lt; 0,5 mm<\/td><td>Bl\u00e6rer: nej<br\/>Rust: nej<\/td><td>Glanstab: 5 %<br\/>Revnedannelse: ingen<br\/>Farveforskel \u0394E* = 0,17<\/td><\/tr><tr><td class=\"has-text-align-left\" data-align=\"left\">\u00a0<\/td><td class=\"has-text-align-left\" data-align=\"left\" colspan=\"3\"><strong>Sandbl\u00e6st st\u00e5l 2,5 \u03bcm, belagt<\/strong><\/td><\/tr><tr><td class=\"has-text-align-left\" data-align=\"left\">Varighed<\/td><td class=\"has-text-align-left\" data-align=\"left\">1.000 h<\/td><td>1.000 h<\/td><td>1.400 h<\/td><\/tr><tr><td class=\"has-text-align-left\" data-align=\"left\">Resultat<\/td><td class=\"has-text-align-left\" data-align=\"left\">Bl\u00e6rer: nej<br\/>Rust: nej<br\/>Korrosion i indridsning &lt; 0,5 mm<\/td><td>Bl\u00e6rer: nej<br\/>Rust: nej<\/td><td>Glanstab: 12 %<br\/>Revnedannelse: ingen<br\/>Farveforskel \u0394E* = 0,51<\/td><\/tr><\/tbody><\/table><\/figure>\n\n<hr class=\"wp-block-separator has-text-color has-css-opacity has-background is-style-wide\" style=\"background-color:#e1e1e1;color:#e1e1e1\"\/>\n","protected":false},"excerpt":{"rendered":"<p><strong>Holdbar keramisk bel\u00e6gning af h\u00f8j kvalitet til glatte overflader<\/strong><\/p>\n<p>\u2713 Ultratynd lagtykkelse<\/p>\n<p>\u2713 Holdbarhed 2-5 \u00e5r<\/p>\n<p>\u2713 H\u00f8j slidstyrke<\/p>\n<p>\u2713 Biostatisk effekt<\/p>\n","protected":false},"featured_media":183054,"template":"","meta":{"_acf_changed":false,"neve_meta_sidebar":"","neve_meta_container":"","neve_meta_enable_content_width":"","neve_meta_content_width":0,"neve_meta_title_alignment":"","neve_meta_author_avatar":"","neve_post_elements_order":"","neve_meta_disable_header":"","neve_meta_disable_footer":"","neve_meta_disable_title":"","neve_meta_reading_time":"","_surfaces":[],"_ver_product_tabs":[],"footnotes":""},"product_brand":[],"product_cat":[2980,2164,2449,2487],"product_tag":[],"class_list":{"0":"post-182928","1":"product","2":"type-product","3":"status-publish","4":"has-post-thumbnail","6":"product_cat-flydende-glasforsegling","7":"product_cat-bilforsegling","8":"product_cat-metal-plast-forsegling","9":"product_cat-universal-taetning","10":"pa_gebinde-100-ml-flaske","11":"pa_gebinde-1000-ml-flaske","13":"first","14":"instock","15":"taxable","16":"shipping-taxable","17":"purchasable","18":"product-type-variable","19":"has-default-attributes"},"acf":[],"yoast_head":"<!-- This site is optimized with the Yoast SEO Premium plugin v22.8 (Yoast SEO v27.5) - https:\/\/yoast.com\/product\/yoast-seo-premium-wordpress\/ -->\n<title>Permanent Protector 646 Ultra Thin - 9H keramisk fugemasse<\/title>\n<meta name=\"description\" content=\"Enkel at bruge, st\u00e6rk i beskyttelsen. Den nye Permanent Protector 646 Ultra Thin - 9H keramisk fugemasse giver p\u00e5lidelig beskyttelse mod ydre p\u00e5virkninger.\" \/>\n<meta name=\"robots\" content=\"index, follow, max-snippet:-1, max-image-preview:large, max-video-preview:-1\" \/>\n<link rel=\"canonical\" href=\"https:\/\/www.versiegelung24.com\/da\/permanent-protector-646.html\" \/>\n<meta property=\"og:locale\" content=\"da_DK\" \/>\n<meta property=\"og:type\" content=\"article\" \/>\n<meta property=\"og:title\" content=\"Permanent beskyttelse 646 5M\" \/>\n<meta property=\"og:description\" content=\"Enkel at bruge, st\u00e6rk i beskyttelsen. Den nye Permanent Protector 646 Ultra Thin - 9H keramisk fugemasse giver p\u00e5lidelig beskyttelse mod ydre p\u00e5virkninger.\" \/>\n<meta property=\"og:url\" content=\"https:\/\/www.versiegelung24.com\/da\/permanent-protector-646.html\" \/>\n<meta property=\"og:site_name\" content=\"versiegelung24.com\" \/>\n<meta property=\"article:modified_time\" content=\"2025-09-08T14:04:03+00:00\" \/>\n<meta property=\"og:image\" content=\"https:\/\/www.versiegelung24.com\/wp-content\/uploads\/2025\/08\/V24-Permanent-Protector-646-Keramikversiegelung-scaled-1.jpg\" \/>\n\t<meta property=\"og:image:width\" content=\"2560\" \/>\n\t<meta property=\"og:image:height\" content=\"2560\" \/>\n\t<meta property=\"og:image:type\" content=\"image\/jpeg\" \/>\n<meta name=\"twitter:card\" content=\"summary_large_image\" \/>\n<meta name=\"twitter:label1\" content=\"Tilg\u00e6ngelighed\" \/>\n\t<meta name=\"twitter:data1\" content=\"P\u00e5 lager\" \/>\n<script type=\"application\/ld+json\" class=\"yoast-schema-graph\">{\"@context\":\"https:\\\/\\\/schema.org\",\"@graph\":[{\"@type\":\"WebPage\",\"@id\":\"https:\\\/\\\/www.versiegelung24.com\\\/da\\\/permanent-protector-646.html\",\"url\":\"https:\\\/\\\/www.versiegelung24.com\\\/da\\\/permanent-protector-646.html\",\"name\":\"Permanent Protector 646 Ultra Thin - 9H keramisk fugemasse\",\"isPartOf\":{\"@id\":\"https:\\\/\\\/www.versiegelung24.com\\\/da\\\/#website\"},\"primaryImageOfPage\":{\"@id\":\"https:\\\/\\\/www.versiegelung24.com\\\/da\\\/permanent-protector-646.html#primaryimage\"},\"image\":{\"@id\":\"https:\\\/\\\/www.versiegelung24.com\\\/da\\\/permanent-protector-646.html#primaryimage\"},\"thumbnailUrl\":\"https:\\\/\\\/www.versiegelung24.com\\\/wp-content\\\/uploads\\\/2025\\\/08\\\/V24-Permanent-Protector-646-Keramikversiegelung-scaled-1.jpg\",\"datePublished\":\"2025-08-28T12:07:51+00:00\",\"dateModified\":\"2025-09-08T14:04:03+00:00\",\"description\":\"Enkel at bruge, st\u00e6rk i beskyttelsen. Den nye Permanent Protector 646 Ultra Thin - 9H keramisk fugemasse giver p\u00e5lidelig beskyttelse mod ydre p\u00e5virkninger.\",\"breadcrumb\":{\"@id\":\"https:\\\/\\\/www.versiegelung24.com\\\/da\\\/permanent-protector-646.html#breadcrumb\"},\"inLanguage\":\"da-DK\",\"potentialAction\":[{\"@type\":\"ReadAction\",\"target\":[\"https:\\\/\\\/www.versiegelung24.com\\\/da\\\/permanent-protector-646.html\"]}]},{\"@type\":\"ImageObject\",\"inLanguage\":\"da-DK\",\"@id\":\"https:\\\/\\\/www.versiegelung24.com\\\/da\\\/permanent-protector-646.html#primaryimage\",\"url\":\"https:\\\/\\\/www.versiegelung24.com\\\/wp-content\\\/uploads\\\/2025\\\/08\\\/V24-Permanent-Protector-646-Keramikversiegelung-scaled-1.jpg\",\"contentUrl\":\"https:\\\/\\\/www.versiegelung24.com\\\/wp-content\\\/uploads\\\/2025\\\/08\\\/V24-Permanent-Protector-646-Keramikversiegelung-scaled-1.jpg\",\"width\":2560,\"height\":2560},{\"@type\":\"BreadcrumbList\",\"@id\":\"https:\\\/\\\/www.versiegelung24.com\\\/da\\\/permanent-protector-646.html#breadcrumb\",\"itemListElement\":[{\"@type\":\"ListItem\",\"position\":1,\"name\":\"Hjemmeside\",\"item\":\"https:\\\/\\\/www.versiegelung24.com\\\/da\\\/foran\\\/\"},{\"@type\":\"ListItem\",\"position\":2,\"name\":\"Butik\",\"item\":\"https:\\\/\\\/www.versiegelung24.com\\\/da\\\/butik\\\/\"},{\"@type\":\"ListItem\",\"position\":3,\"name\":\"Permanent beskyttelse 646 5M\"}]},{\"@type\":\"WebSite\",\"@id\":\"https:\\\/\\\/www.versiegelung24.com\\\/da\\\/#website\",\"url\":\"https:\\\/\\\/www.versiegelung24.com\\\/da\\\/\",\"name\":\"versiegelung24.com\",\"description\":\"Fl\u00fcssigglas-Versiegelung - Made in Germany\",\"publisher\":{\"@id\":\"https:\\\/\\\/www.versiegelung24.com\\\/da\\\/#organization\"},\"potentialAction\":[{\"@type\":\"SearchAction\",\"target\":{\"@type\":\"EntryPoint\",\"urlTemplate\":\"https:\\\/\\\/www.versiegelung24.com\\\/da\\\/?s={search_term_string}\"},\"query-input\":{\"@type\":\"PropertyValueSpecification\",\"valueRequired\":true,\"valueName\":\"search_term_string\"}}],\"inLanguage\":\"da-DK\"},{\"@type\":\"Organization\",\"@id\":\"https:\\\/\\\/www.versiegelung24.com\\\/da\\\/#organization\",\"name\":\"versiegelung24\",\"url\":\"https:\\\/\\\/www.versiegelung24.com\\\/da\\\/\",\"logo\":{\"@type\":\"ImageObject\",\"inLanguage\":\"da-DK\",\"@id\":\"https:\\\/\\\/www.versiegelung24.com\\\/da\\\/#\\\/schema\\\/logo\\\/image\\\/\",\"url\":\"https:\\\/\\\/www.versiegelung24.com\\\/wp-content\\\/uploads\\\/2020\\\/04\\\/versiegelung24.png\",\"contentUrl\":\"https:\\\/\\\/www.versiegelung24.com\\\/wp-content\\\/uploads\\\/2020\\\/04\\\/versiegelung24.png\",\"width\":470,\"height\":102,\"caption\":\"versiegelung24\"},\"image\":{\"@id\":\"https:\\\/\\\/www.versiegelung24.com\\\/da\\\/#\\\/schema\\\/logo\\\/image\\\/\"}}]}<\/script>\n<meta property=\"og:availability\" content=\"instock\" \/>\n<meta property=\"product:availability\" content=\"instock\" \/>\n<meta property=\"product:retailer_item_id\" content=\"8056-646\" \/>\n<meta property=\"product:condition\" content=\"new\" \/>\n<!-- \/ Yoast SEO Premium plugin. -->","yoast_head_json":{"title":"Permanent Protector 646 Ultra Thin - 9H keramisk fugemasse","description":"Enkel at bruge, st\u00e6rk i beskyttelsen. Den nye Permanent Protector 646 Ultra Thin - 9H keramisk fugemasse giver p\u00e5lidelig beskyttelse mod ydre p\u00e5virkninger.","robots":{"index":"index","follow":"follow","max-snippet":"max-snippet:-1","max-image-preview":"max-image-preview:large","max-video-preview":"max-video-preview:-1"},"canonical":"https:\/\/www.versiegelung24.com\/da\/permanent-protector-646.html","og_locale":"da_DK","og_type":"article","og_title":"Permanent beskyttelse 646 5M","og_description":"Enkel at bruge, st\u00e6rk i beskyttelsen. Den nye Permanent Protector 646 Ultra Thin - 9H keramisk fugemasse giver p\u00e5lidelig beskyttelse mod ydre p\u00e5virkninger.","og_url":"https:\/\/www.versiegelung24.com\/da\/permanent-protector-646.html","og_site_name":"versiegelung24.com","article_modified_time":"2025-09-08T14:04:03+00:00","og_image":[{"width":2560,"height":2560,"url":"https:\/\/www.versiegelung24.com\/wp-content\/uploads\/2025\/08\/V24-Permanent-Protector-646-Keramikversiegelung-scaled-1.jpg","type":"image\/jpeg"}],"twitter_card":"summary_large_image","twitter_misc":{"Tilg\u00e6ngelighed":"P\u00e5 lager"},"schema":{"@context":"https:\/\/schema.org","@graph":[{"@type":"WebPage","@id":"https:\/\/www.versiegelung24.com\/da\/permanent-protector-646.html","url":"https:\/\/www.versiegelung24.com\/da\/permanent-protector-646.html","name":"Permanent Protector 646 Ultra Thin - 9H keramisk fugemasse","isPartOf":{"@id":"https:\/\/www.versiegelung24.com\/da\/#website"},"primaryImageOfPage":{"@id":"https:\/\/www.versiegelung24.com\/da\/permanent-protector-646.html#primaryimage"},"image":{"@id":"https:\/\/www.versiegelung24.com\/da\/permanent-protector-646.html#primaryimage"},"thumbnailUrl":"https:\/\/www.versiegelung24.com\/wp-content\/uploads\/2025\/08\/V24-Permanent-Protector-646-Keramikversiegelung-scaled-1.jpg","datePublished":"2025-08-28T12:07:51+00:00","dateModified":"2025-09-08T14:04:03+00:00","description":"Enkel at bruge, st\u00e6rk i beskyttelsen. Den nye Permanent Protector 646 Ultra Thin - 9H keramisk fugemasse giver p\u00e5lidelig beskyttelse mod ydre p\u00e5virkninger.","breadcrumb":{"@id":"https:\/\/www.versiegelung24.com\/da\/permanent-protector-646.html#breadcrumb"},"inLanguage":"da-DK","potentialAction":[{"@type":"ReadAction","target":["https:\/\/www.versiegelung24.com\/da\/permanent-protector-646.html"]}]},{"@type":"ImageObject","inLanguage":"da-DK","@id":"https:\/\/www.versiegelung24.com\/da\/permanent-protector-646.html#primaryimage","url":"https:\/\/www.versiegelung24.com\/wp-content\/uploads\/2025\/08\/V24-Permanent-Protector-646-Keramikversiegelung-scaled-1.jpg","contentUrl":"https:\/\/www.versiegelung24.com\/wp-content\/uploads\/2025\/08\/V24-Permanent-Protector-646-Keramikversiegelung-scaled-1.jpg","width":2560,"height":2560},{"@type":"BreadcrumbList","@id":"https:\/\/www.versiegelung24.com\/da\/permanent-protector-646.html#breadcrumb","itemListElement":[{"@type":"ListItem","position":1,"name":"Hjemmeside","item":"https:\/\/www.versiegelung24.com\/da\/foran\/"},{"@type":"ListItem","position":2,"name":"Butik","item":"https:\/\/www.versiegelung24.com\/da\/butik\/"},{"@type":"ListItem","position":3,"name":"Permanent beskyttelse 646 5M"}]},{"@type":"WebSite","@id":"https:\/\/www.versiegelung24.com\/da\/#website","url":"https:\/\/www.versiegelung24.com\/da\/","name":"versiegelung24.com","description":"Fl\u00fcssigglas-Versiegelung - Made in Germany","publisher":{"@id":"https:\/\/www.versiegelung24.com\/da\/#organization"},"potentialAction":[{"@type":"SearchAction","target":{"@type":"EntryPoint","urlTemplate":"https:\/\/www.versiegelung24.com\/da\/?s={search_term_string}"},"query-input":{"@type":"PropertyValueSpecification","valueRequired":true,"valueName":"search_term_string"}}],"inLanguage":"da-DK"},{"@type":"Organization","@id":"https:\/\/www.versiegelung24.com\/da\/#organization","name":"versiegelung24","url":"https:\/\/www.versiegelung24.com\/da\/","logo":{"@type":"ImageObject","inLanguage":"da-DK","@id":"https:\/\/www.versiegelung24.com\/da\/#\/schema\/logo\/image\/","url":"https:\/\/www.versiegelung24.com\/wp-content\/uploads\/2020\/04\/versiegelung24.png","contentUrl":"https:\/\/www.versiegelung24.com\/wp-content\/uploads\/2020\/04\/versiegelung24.png","width":470,"height":102,"caption":"versiegelung24"},"image":{"@id":"https:\/\/www.versiegelung24.com\/da\/#\/schema\/logo\/image\/"}}]},"og_availability":"instock","product_availability":"instock","product_retailer_item_id":"8056-646","product_condition":"new"},"_links":{"self":[{"href":"https:\/\/www.versiegelung24.com\/da\/wp-json\/wp\/v2\/product\/182928","targetHints":{"allow":["GET"]}}],"collection":[{"href":"https:\/\/www.versiegelung24.com\/da\/wp-json\/wp\/v2\/product"}],"about":[{"href":"https:\/\/www.versiegelung24.com\/da\/wp-json\/wp\/v2\/types\/product"}],"version-history":[{"count":3,"href":"https:\/\/www.versiegelung24.com\/da\/wp-json\/wp\/v2\/product\/182928\/revisions"}],"predecessor-version":[{"id":183587,"href":"https:\/\/www.versiegelung24.com\/da\/wp-json\/wp\/v2\/product\/182928\/revisions\/183587"}],"wp:featuredmedia":[{"embeddable":true,"href":"https:\/\/www.versiegelung24.com\/da\/wp-json\/wp\/v2\/media\/183054"}],"wp:attachment":[{"href":"https:\/\/www.versiegelung24.com\/da\/wp-json\/wp\/v2\/media?parent=182928"}],"wp:term":[{"taxonomy":"product_brand","embeddable":true,"href":"https:\/\/www.versiegelung24.com\/da\/wp-json\/wp\/v2\/product_brand?post=182928"},{"taxonomy":"product_cat","embeddable":true,"href":"https:\/\/www.versiegelung24.com\/da\/wp-json\/wp\/v2\/product_cat?post=182928"},{"taxonomy":"product_tag","embeddable":true,"href":"https:\/\/www.versiegelung24.com\/da\/wp-json\/wp\/v2\/product_tag?post=182928"}],"curies":[{"name":"wp","href":"https:\/\/api.w.org\/{rel}","templated":true}]}}