{"id":22835,"date":"2020-04-04T18:53:13","date_gmt":"2020-04-04T16:53:13","guid":{"rendered":"https:\/\/www.versiegelung24.com\/produkt\/bilglasforsegling-i-professionel-kvalitet"},"modified":"2025-01-03T23:40:54","modified_gmt":"2025-01-03T22:40:54","slug":"bilglas-forsegling-i-professionel-kvalitet","status":"publish","type":"product","link":"https:\/\/www.versiegelung24.com\/da\/bilglas-forsegling-i-professionel-kvalitet.html","title":{"rendered":"Bilglasforsegling i professionel kvalitet"},"content":{"rendered":"\n<p><strong>Meget effektiv forsegling til bilglas og campingvogne, professionel kvalitet, NY, at komme igennem vinteren n\u00e6sten ridsefri, markant forbedret synlighed i d\u00e5rligt vejr<\/strong><\/p>\n\n<p>H\u00f8j kvalitet lavet i Tyskland.<\/p>\n\n<hr\/>\n\n<h4 class=\"wp-block-heading\" id=\"properties\">Produktets egenskaber<\/h4>\n\n<div class=\"wp-block-columns is-layout-flex wp-container-core-columns-is-layout-9d6595d7 wp-block-columns-is-layout-flex\">\n<div class=\"wp-block-column is-layout-flow wp-block-column-is-layout-flow\">\n<ul class=\"wp-block-list\">\n<li>Klar, farvel\u00f8s v\u00e6ske, usynlig og um\u00e6rkelig<\/li>\n\n\n\n<li>Enest\u00e5ende reng\u00f8ringsvenlig effekt for snavsvedh\u00e6ftning<\/li>\n\n\n\n<li>Vand, olie og snavsafvisning, regn og sne ruller ud af ruden, snavs, fuglesand, insekter og is kan ikke l\u00e6ngere kl\u00e6be fast<\/li>\n\n\n\n<li>G\u00f8r isskrab meget lettere om vinteren<\/li>\n\n\n\n<li>Fra ca. 70 km \/ t ruller regn af under k\u00f8rsel, selv uden vinduesvisker, og sikrer et frit udsyn<\/li>\n\n\n\n<li>Holdbar ca. 25.000 km eller op til et \u00e5r<\/li>\n\n\n\n<li>Reducerer v\u00e6ksten af mikroorganismer og bakterier, forbedrer hygiejnen<\/li>\n\n\n\n<li>Modstandsdygtig over for frost, ekstrem varme, UV -str\u00e5ling, saltvand og salt luft, mineraler fra h\u00e5rdt vand og alkalier, vejsaltresistent<\/li>\n\n\n\n<li>Fysiologisk ufarlig<\/li>\n<\/ul>\n<\/div>\n\n\n\n<div class=\"wp-block-column is-layout-flow wp-block-column-is-layout-flow\">\n<ul class=\"wp-block-list\" id=\"block-4d08488f-e4e2-46e9-af9b-8ca16197df33\">\n<li>Overflader forbliver rene meget l\u00e6ngere, hvilket forl\u00e6nger reng\u00f8ringscyklusser og reducerer omkostninger, tid og energi betydeligt til reng\u00f8ring og vedligeholdelse<\/li>\n\n\n\n<li>Kemiske reng\u00f8ringsmidler er ikke l\u00e6ngere n\u00f8dvendige (forsegling, men ogs\u00e5 kemikalieresistent over for reng\u00f8ringsmidler, op til pH-v\u00e6rdi 12)<\/li>\n\n\n\n<li>UV-stabil \/ frostbestandig \/ saltvandsbestandig \/ usynlig (lagtykkelse: 100-150nm)<\/li>\n\n\n\n<li>Kan let genanvendes, n\u00e5r effekten falmer<\/li>\n<\/ul>\n\n\n\n<p><br\/><br\/>Leveringsomfang: 1 x literflaske 1 x pumpespr\u00f8jtehoved<br\/><\/p>\n<\/div>\n<\/div>\n\n<hr\/>\n\n<h4 class=\"wp-block-heading\" id=\"application\">Anvendelse<\/h4>\n\n<ul class=\"wp-block-list\">\n<li>Alle vinduer og spejle p\u00e5 biler, campingvogne, motorcykler m.m.<\/li>\n<\/ul>\n\n<p>Forbruget afh\u00e6nger af overfladens struktur ca 100-200m\u00b2 \/ liter.<\/p>\n\n<p>Holdbarhed: Cirka 12 m\u00e5neder<\/p>\n","protected":false},"excerpt":{"rendered":"<p><strong>Meget effektiv t\u00e6tning til bilglas og campingvogne:<\/strong><\/p>\n<p>\u2713 Professionel kvalitet <\/p>\n<p>\u2713 Kom igennem vinteren n\u00e6sten uden ridser<\/p>\n<p>\u2713 Markant forbedret sigtbarhed i d\u00e5rligt vejr<\/p>\n<p>\u2713 Fra cirka 70 km\/t ruller regnen af under k\u00f8rsel selv uden vinduesviskere og sikrer frit udsyn<\/p>\n","protected":false},"featured_media":17597,"template":"","meta":{"_acf_changed":false,"neve_meta_sidebar":"","neve_meta_container":"","neve_meta_enable_content_width":"","neve_meta_content_width":0,"neve_meta_title_alignment":"","neve_meta_author_avatar":"","neve_post_elements_order":"","neve_meta_disable_header":"","neve_meta_disable_footer":"","neve_meta_disable_title":"","neve_meta_reading_time":"","_surfaces":[],"_ver_product_tabs":[],"footnotes":""},"product_brand":[],"product_cat":[2164],"product_tag":[],"class_list":{"0":"post-22835","1":"product","2":"type-product","3":"status-publish","4":"has-post-thumbnail","6":"product_cat-bilforsegling","7":"pa_gebinde-1000-ml-flaske","8":"pa_gebinde-20l-dunk","10":"first","11":"instock","12":"taxable","13":"shipping-taxable","14":"purchasable","15":"product-type-variable","16":"has-default-attributes"},"acf":[],"yoast_head":"<!-- This site is optimized with the Yoast SEO Premium plugin v22.8 (Yoast SEO v27.4) - https:\/\/yoast.com\/product\/yoast-seo-premium-wordpress\/ -->\n<title>Bilglasforsegling i professionel kvalitet - versiegelung24.com<\/title>\n<meta name=\"robots\" content=\"index, follow, max-snippet:-1, max-image-preview:large, max-video-preview:-1\" \/>\n<link rel=\"canonical\" href=\"https:\/\/www.versiegelung24.com\/da\/bilglas-forsegling-i-professionel-kvalitet.html\" \/>\n<meta property=\"og:locale\" content=\"da_DK\" \/>\n<meta property=\"og:type\" content=\"article\" \/>\n<meta property=\"og:title\" content=\"Bilglasforsegling i professionel kvalitet\" \/>\n<meta property=\"og:description\" content=\"Meget effektiv t\u00e6tning til bilglas og campingvogne: \u2713 Professionel kvalitet \u2713 Kom igennem vinteren n\u00e6sten uden ridser \u2713 Markant forbedret sigtbarhed i d\u00e5rligt vejr \u2713 Fra cirka 70 km\/t ruller regnen af under k\u00f8rsel selv uden vinduesviskere og sikrer frit udsyn\" \/>\n<meta property=\"og:url\" content=\"https:\/\/www.versiegelung24.com\/da\/bilglas-forsegling-i-professionel-kvalitet.html\" \/>\n<meta property=\"og:site_name\" content=\"versiegelung24.com\" \/>\n<meta property=\"article:modified_time\" content=\"2025-01-03T22:40:54+00:00\" \/>\n<meta property=\"og:image\" content=\"https:\/\/www.versiegelung24.com\/wp-content\/uploads\/2020\/06\/produkt-1002-7601-1000-Autoglasversiegelung-scaled.jpg\" \/>\n\t<meta property=\"og:image:width\" content=\"2560\" \/>\n\t<meta property=\"og:image:height\" content=\"2560\" \/>\n\t<meta property=\"og:image:type\" content=\"image\/jpeg\" \/>\n<meta name=\"twitter:card\" content=\"summary_large_image\" \/>\n<meta name=\"twitter:label1\" content=\"Tilg\u00e6ngelighed\" \/>\n\t<meta name=\"twitter:data1\" content=\"P\u00e5 lager\" \/>\n<script type=\"application\/ld+json\" class=\"yoast-schema-graph\">{\"@context\":\"https:\\\/\\\/schema.org\",\"@graph\":[{\"@type\":\"WebPage\",\"@id\":\"https:\\\/\\\/www.versiegelung24.com\\\/da\\\/bilglas-forsegling-i-professionel-kvalitet.html\",\"url\":\"https:\\\/\\\/www.versiegelung24.com\\\/da\\\/bilglas-forsegling-i-professionel-kvalitet.html\",\"name\":\"Bilglasforsegling i professionel kvalitet - versiegelung24.com\",\"isPartOf\":{\"@id\":\"https:\\\/\\\/www.versiegelung24.com\\\/da\\\/#website\"},\"primaryImageOfPage\":{\"@id\":\"https:\\\/\\\/www.versiegelung24.com\\\/da\\\/bilglas-forsegling-i-professionel-kvalitet.html#primaryimage\"},\"image\":{\"@id\":\"https:\\\/\\\/www.versiegelung24.com\\\/da\\\/bilglas-forsegling-i-professionel-kvalitet.html#primaryimage\"},\"thumbnailUrl\":\"https:\\\/\\\/www.versiegelung24.com\\\/wp-content\\\/uploads\\\/2020\\\/06\\\/produkt-1002-7601-1000-Autoglasversiegelung-scaled.jpg\",\"datePublished\":\"2020-04-04T16:53:13+00:00\",\"dateModified\":\"2025-01-03T22:40:54+00:00\",\"breadcrumb\":{\"@id\":\"https:\\\/\\\/www.versiegelung24.com\\\/da\\\/bilglas-forsegling-i-professionel-kvalitet.html#breadcrumb\"},\"inLanguage\":\"da-DK\",\"potentialAction\":[{\"@type\":\"ReadAction\",\"target\":[\"https:\\\/\\\/www.versiegelung24.com\\\/da\\\/bilglas-forsegling-i-professionel-kvalitet.html\"]}]},{\"@type\":\"ImageObject\",\"inLanguage\":\"da-DK\",\"@id\":\"https:\\\/\\\/www.versiegelung24.com\\\/da\\\/bilglas-forsegling-i-professionel-kvalitet.html#primaryimage\",\"url\":\"https:\\\/\\\/www.versiegelung24.com\\\/wp-content\\\/uploads\\\/2020\\\/06\\\/produkt-1002-7601-1000-Autoglasversiegelung-scaled.jpg\",\"contentUrl\":\"https:\\\/\\\/www.versiegelung24.com\\\/wp-content\\\/uploads\\\/2020\\\/06\\\/produkt-1002-7601-1000-Autoglasversiegelung-scaled.jpg\",\"width\":2560,\"height\":2560},{\"@type\":\"BreadcrumbList\",\"@id\":\"https:\\\/\\\/www.versiegelung24.com\\\/da\\\/bilglas-forsegling-i-professionel-kvalitet.html#breadcrumb\",\"itemListElement\":[{\"@type\":\"ListItem\",\"position\":1,\"name\":\"Hjemmeside\",\"item\":\"https:\\\/\\\/www.versiegelung24.com\\\/da\\\/foran\\\/\"},{\"@type\":\"ListItem\",\"position\":2,\"name\":\"Butik\",\"item\":\"https:\\\/\\\/www.versiegelung24.com\\\/da\\\/butik\\\/\"},{\"@type\":\"ListItem\",\"position\":3,\"name\":\"Bilglasforsegling i professionel kvalitet\"}]},{\"@type\":\"WebSite\",\"@id\":\"https:\\\/\\\/www.versiegelung24.com\\\/da\\\/#website\",\"url\":\"https:\\\/\\\/www.versiegelung24.com\\\/da\\\/\",\"name\":\"versiegelung24.com\",\"description\":\"Fl\u00fcssigglas-Versiegelung - Made in Germany\",\"publisher\":{\"@id\":\"https:\\\/\\\/www.versiegelung24.com\\\/da\\\/#organization\"},\"potentialAction\":[{\"@type\":\"SearchAction\",\"target\":{\"@type\":\"EntryPoint\",\"urlTemplate\":\"https:\\\/\\\/www.versiegelung24.com\\\/da\\\/?s={search_term_string}\"},\"query-input\":{\"@type\":\"PropertyValueSpecification\",\"valueRequired\":true,\"valueName\":\"search_term_string\"}}],\"inLanguage\":\"da-DK\"},{\"@type\":\"Organization\",\"@id\":\"https:\\\/\\\/www.versiegelung24.com\\\/da\\\/#organization\",\"name\":\"versiegelung24\",\"url\":\"https:\\\/\\\/www.versiegelung24.com\\\/da\\\/\",\"logo\":{\"@type\":\"ImageObject\",\"inLanguage\":\"da-DK\",\"@id\":\"https:\\\/\\\/www.versiegelung24.com\\\/da\\\/#\\\/schema\\\/logo\\\/image\\\/\",\"url\":\"https:\\\/\\\/www.versiegelung24.com\\\/wp-content\\\/uploads\\\/2020\\\/04\\\/versiegelung24.png\",\"contentUrl\":\"https:\\\/\\\/www.versiegelung24.com\\\/wp-content\\\/uploads\\\/2020\\\/04\\\/versiegelung24.png\",\"width\":470,\"height\":102,\"caption\":\"versiegelung24\"},\"image\":{\"@id\":\"https:\\\/\\\/www.versiegelung24.com\\\/da\\\/#\\\/schema\\\/logo\\\/image\\\/\"}}]}<\/script>\n<meta property=\"og:availability\" content=\"instock\" \/>\n<meta property=\"product:availability\" content=\"instock\" \/>\n<meta property=\"product:retailer_item_id\" content=\"1002-7601\" \/>\n<meta property=\"product:condition\" content=\"new\" \/>\n<!-- \/ Yoast SEO Premium plugin. -->","yoast_head_json":{"title":"Bilglasforsegling i professionel kvalitet - versiegelung24.com","robots":{"index":"index","follow":"follow","max-snippet":"max-snippet:-1","max-image-preview":"max-image-preview:large","max-video-preview":"max-video-preview:-1"},"canonical":"https:\/\/www.versiegelung24.com\/da\/bilglas-forsegling-i-professionel-kvalitet.html","og_locale":"da_DK","og_type":"article","og_title":"Bilglasforsegling i professionel kvalitet","og_description":"Meget effektiv t\u00e6tning til bilglas og campingvogne: \u2713 Professionel kvalitet \u2713 Kom igennem vinteren n\u00e6sten uden ridser \u2713 Markant forbedret sigtbarhed i d\u00e5rligt vejr \u2713 Fra cirka 70 km\/t ruller regnen af under k\u00f8rsel selv uden vinduesviskere og sikrer frit udsyn","og_url":"https:\/\/www.versiegelung24.com\/da\/bilglas-forsegling-i-professionel-kvalitet.html","og_site_name":"versiegelung24.com","article_modified_time":"2025-01-03T22:40:54+00:00","og_image":[{"width":2560,"height":2560,"url":"https:\/\/www.versiegelung24.com\/wp-content\/uploads\/2020\/06\/produkt-1002-7601-1000-Autoglasversiegelung-scaled.jpg","type":"image\/jpeg"}],"twitter_card":"summary_large_image","twitter_misc":{"Tilg\u00e6ngelighed":"P\u00e5 lager"},"schema":{"@context":"https:\/\/schema.org","@graph":[{"@type":"WebPage","@id":"https:\/\/www.versiegelung24.com\/da\/bilglas-forsegling-i-professionel-kvalitet.html","url":"https:\/\/www.versiegelung24.com\/da\/bilglas-forsegling-i-professionel-kvalitet.html","name":"Bilglasforsegling i professionel kvalitet - versiegelung24.com","isPartOf":{"@id":"https:\/\/www.versiegelung24.com\/da\/#website"},"primaryImageOfPage":{"@id":"https:\/\/www.versiegelung24.com\/da\/bilglas-forsegling-i-professionel-kvalitet.html#primaryimage"},"image":{"@id":"https:\/\/www.versiegelung24.com\/da\/bilglas-forsegling-i-professionel-kvalitet.html#primaryimage"},"thumbnailUrl":"https:\/\/www.versiegelung24.com\/wp-content\/uploads\/2020\/06\/produkt-1002-7601-1000-Autoglasversiegelung-scaled.jpg","datePublished":"2020-04-04T16:53:13+00:00","dateModified":"2025-01-03T22:40:54+00:00","breadcrumb":{"@id":"https:\/\/www.versiegelung24.com\/da\/bilglas-forsegling-i-professionel-kvalitet.html#breadcrumb"},"inLanguage":"da-DK","potentialAction":[{"@type":"ReadAction","target":["https:\/\/www.versiegelung24.com\/da\/bilglas-forsegling-i-professionel-kvalitet.html"]}]},{"@type":"ImageObject","inLanguage":"da-DK","@id":"https:\/\/www.versiegelung24.com\/da\/bilglas-forsegling-i-professionel-kvalitet.html#primaryimage","url":"https:\/\/www.versiegelung24.com\/wp-content\/uploads\/2020\/06\/produkt-1002-7601-1000-Autoglasversiegelung-scaled.jpg","contentUrl":"https:\/\/www.versiegelung24.com\/wp-content\/uploads\/2020\/06\/produkt-1002-7601-1000-Autoglasversiegelung-scaled.jpg","width":2560,"height":2560},{"@type":"BreadcrumbList","@id":"https:\/\/www.versiegelung24.com\/da\/bilglas-forsegling-i-professionel-kvalitet.html#breadcrumb","itemListElement":[{"@type":"ListItem","position":1,"name":"Hjemmeside","item":"https:\/\/www.versiegelung24.com\/da\/foran\/"},{"@type":"ListItem","position":2,"name":"Butik","item":"https:\/\/www.versiegelung24.com\/da\/butik\/"},{"@type":"ListItem","position":3,"name":"Bilglasforsegling i professionel kvalitet"}]},{"@type":"WebSite","@id":"https:\/\/www.versiegelung24.com\/da\/#website","url":"https:\/\/www.versiegelung24.com\/da\/","name":"versiegelung24.com","description":"Fl\u00fcssigglas-Versiegelung - Made in Germany","publisher":{"@id":"https:\/\/www.versiegelung24.com\/da\/#organization"},"potentialAction":[{"@type":"SearchAction","target":{"@type":"EntryPoint","urlTemplate":"https:\/\/www.versiegelung24.com\/da\/?s={search_term_string}"},"query-input":{"@type":"PropertyValueSpecification","valueRequired":true,"valueName":"search_term_string"}}],"inLanguage":"da-DK"},{"@type":"Organization","@id":"https:\/\/www.versiegelung24.com\/da\/#organization","name":"versiegelung24","url":"https:\/\/www.versiegelung24.com\/da\/","logo":{"@type":"ImageObject","inLanguage":"da-DK","@id":"https:\/\/www.versiegelung24.com\/da\/#\/schema\/logo\/image\/","url":"https:\/\/www.versiegelung24.com\/wp-content\/uploads\/2020\/04\/versiegelung24.png","contentUrl":"https:\/\/www.versiegelung24.com\/wp-content\/uploads\/2020\/04\/versiegelung24.png","width":470,"height":102,"caption":"versiegelung24"},"image":{"@id":"https:\/\/www.versiegelung24.com\/da\/#\/schema\/logo\/image\/"}}]},"og_availability":"instock","product_availability":"instock","product_retailer_item_id":"1002-7601","product_condition":"new"},"_links":{"self":[{"href":"https:\/\/www.versiegelung24.com\/da\/wp-json\/wp\/v2\/product\/22835","targetHints":{"allow":["GET"]}}],"collection":[{"href":"https:\/\/www.versiegelung24.com\/da\/wp-json\/wp\/v2\/product"}],"about":[{"href":"https:\/\/www.versiegelung24.com\/da\/wp-json\/wp\/v2\/types\/product"}],"version-history":[{"count":14,"href":"https:\/\/www.versiegelung24.com\/da\/wp-json\/wp\/v2\/product\/22835\/revisions"}],"predecessor-version":[{"id":177554,"href":"https:\/\/www.versiegelung24.com\/da\/wp-json\/wp\/v2\/product\/22835\/revisions\/177554"}],"wp:featuredmedia":[{"embeddable":true,"href":"https:\/\/www.versiegelung24.com\/da\/wp-json\/wp\/v2\/media\/17597"}],"wp:attachment":[{"href":"https:\/\/www.versiegelung24.com\/da\/wp-json\/wp\/v2\/media?parent=22835"}],"wp:term":[{"taxonomy":"product_brand","embeddable":true,"href":"https:\/\/www.versiegelung24.com\/da\/wp-json\/wp\/v2\/product_brand?post=22835"},{"taxonomy":"product_cat","embeddable":true,"href":"https:\/\/www.versiegelung24.com\/da\/wp-json\/wp\/v2\/product_cat?post=22835"},{"taxonomy":"product_tag","embeddable":true,"href":"https:\/\/www.versiegelung24.com\/da\/wp-json\/wp\/v2\/product_tag?post=22835"}],"curies":[{"name":"wp","href":"https:\/\/api.w.org\/{rel}","templated":true}]}}